{"id":3,"date":"2025-01-07T14:39:09","date_gmt":"2025-01-07T13:39:09","guid":{"rendered":"https:\/\/hydroleduc.com\/de\/?page_id=3"},"modified":"2025-05-26T13:41:02","modified_gmt":"2025-05-26T11:41:02","slug":"datenschutzerklarung","status":"publish","type":"page","link":"https:\/\/hydroleduc.com\/de\/datenschutzerklarung\/","title":{"rendered":"Datenschutzerkl\u00e4rung"},"content":{"rendered":"\t\t<div data-elementor-type=\"wp-page\" data-elementor-id=\"3\" class=\"elementor elementor-3\" data-elementor-post-type=\"page\">\n\t\t\t\t<div class=\"elementor-element elementor-element-73bd10f6 header-page e-flex e-con-boxed e-con e-parent\" data-id=\"73bd10f6\" data-element_type=\"container\" data-e-type=\"container\" data-settings=\"{&quot;background_background&quot;:&quot;classic&quot;}\">\n\t\t\t\t\t<div class=\"e-con-inner\">\n\t\t\t\t<div class=\"elementor-element elementor-element-1546df31 elementor-widget elementor-widget-breadcrumbs\" data-id=\"1546df31\" data-element_type=\"widget\" data-e-type=\"widget\" data-widget_type=\"breadcrumbs.default\">\n\t\t\t\t<div class=\"elementor-widget-container\">\n\t\t\t\t\t<p id=\"breadcrumbs\"><span><span><a href=\"https:\/\/hydroleduc.com\/de\/\">Startseite<\/a><\/span><\/span><\/p>\t\t\t\t<\/div>\n\t\t\t\t<\/div>\n\t\t\t\t<div class=\"elementor-element elementor-element-2df9d186 elementor-widget elementor-widget-heading\" data-id=\"2df9d186\" data-element_type=\"widget\" data-e-type=\"widget\" data-widget_type=\"heading.default\">\n\t\t\t\t<div class=\"elementor-widget-container\">\n\t\t\t\t\t<h1 class=\"elementor-heading-title elementor-size-default\">Datenschutzerkl\u00e4rung<\/h1>\t\t\t\t<\/div>\n\t\t\t\t<\/div>\n\t\t\t\t\t<\/div>\n\t\t\t\t<\/div>\n\t\t<div class=\"elementor-element elementor-element-58901571 e-flex e-con-boxed e-con e-parent\" data-id=\"58901571\" data-element_type=\"container\" data-e-type=\"container\" data-settings=\"{&quot;background_background&quot;:&quot;classic&quot;}\">\n\t\t\t\t\t<div class=\"e-con-inner\">\n\t\t\t\t<div class=\"elementor-element elementor-element-64717b5 elementor-widget elementor-widget-heading\" data-id=\"64717b5\" data-element_type=\"widget\" data-e-type=\"widget\" data-widget_type=\"heading.default\">\n\t\t\t\t<div class=\"elementor-widget-container\">\n\t\t\t\t\t<h2 class=\"elementor-heading-title elementor-size-default\">SCHUTZ PERS\u00d6NLICHER DATEN<\/h2>\t\t\t\t<\/div>\n\t\t\t\t<\/div>\n\t\t\t\t<div class=\"elementor-element elementor-element-3ee5400d elementor-widget-divider--view-line elementor-widget elementor-widget-divider\" data-id=\"3ee5400d\" data-element_type=\"widget\" data-e-type=\"widget\" data-widget_type=\"divider.default\">\n\t\t\t\t<div class=\"elementor-widget-container\">\n\t\t\t\t\t\t\t<div class=\"elementor-divider\">\n\t\t\t<span class=\"elementor-divider-separator\">\n\t\t\t\t\t\t<\/span>\n\t\t<\/div>\n\t\t\t\t\t\t<\/div>\n\t\t\t\t<\/div>\n\t\t\t\t\t<\/div>\n\t\t\t\t<\/div>\n\t\t<div class=\"elementor-element elementor-element-ca24885 e-flex e-con-boxed e-con e-parent\" data-id=\"ca24885\" data-element_type=\"container\" data-e-type=\"container\">\n\t\t\t\t\t<div class=\"e-con-inner\">\n\t\t\t\t<div class=\"elementor-element elementor-element-3a480e3 elementor-widget elementor-widget-text-editor\" data-id=\"3a480e3\" data-element_type=\"widget\" data-e-type=\"widget\" data-widget_type=\"text-editor.default\">\n\t\t\t\t<div class=\"elementor-widget-container\">\n\t\t\t\t\t\t\t\t\t<p>Die auf dieser Website gesammelten Informationen werden in einer computergest\u00fctzten Datenbank gespeichert, die von HYDRO LEDUC verwaltet wird und die den exklusiven Zugang zu dieser Datenbank hat.<\/p><p>Die in den Kontaktformularen (Firma, Kontaktperson, Postanschrift, E-Mail) oder Bewerbungen (Kontakt, Motivationsschreiben, Lebenslauf) erhobenen Daten werden nur von den technischen, kaufm\u00e4nnischen und personellen Teams von HYDRO LEDUC f\u00fcr die folgenden Zwecke verwendet :<\/p><p>Antworten auf Anfragen nach technischen oder kommerziellen Informationen und<br \/>Antworten auf Initial-Bewerbungen.<br \/>Die Daten werden f\u00fcr einen unbegrenzten Zeitraum aufbewahrt.<\/p><p>Sie k\u00f6nnen auf Ihre Daten zugreifen, sie berichtigen, ihre L\u00f6schung beantragen oder von Ihrem Recht Gebrauch machen, die Verarbeitung Ihrer Daten einzuschr\u00e4nken.<\/p><p>Auf der Website cnil.fr finden Sie weitere Informationen \u00fcber Ihre Rechte.<\/p><p>Zur Aus\u00fcbung dieser Rechte, oder wenn Sie Fragen zur Verarbeitung Ihrer Daten in dieser Einrichtung haben, k\u00f6nnen Sie sich an unseren Datenschutzbeauftragten wenden: dpo@hydroleduc.com.<\/p><p>Wenn Sie, nachdem Sie uns kontaktiert haben, der Meinung sind, dass Ihre Rechte im Bereich \u201cInformationstechnologie und Freiheit\u201d nicht respektiert werden, k\u00f6nnen Sie bei der CNIL eine Beschwerde einreichen.<\/p>\t\t\t\t\t\t\t\t<\/div>\n\t\t\t\t<\/div>\n\t\t\t\t\t<\/div>\n\t\t\t\t<\/div>\n\t\t\t\t<\/div>\n\t\t","protected":false},"excerpt":{"rendered":"<p>Datenschutzerkl\u00e4rung SCHUTZ PERS\u00d6NLICHER DATEN Die auf dieser Website gesammelten Informationen werden in einer computergest\u00fctzten Datenbank gespeichert, die von HYDRO LEDUC verwaltet wird und die den exklusiven Zugang zu dieser Datenbank hat. Die in den Kontaktformularen (Firma, Kontaktperson, Postanschrift, E-Mail) oder Bewerbungen (Kontakt, Motivationsschreiben, Lebenslauf) erhobenen Daten werden nur von den technischen, kaufm\u00e4nnischen und personellen Teams [&hellip;]<\/p>\n","protected":false},"author":1,"featured_media":0,"parent":0,"menu_order":0,"comment_status":"closed","ping_status":"closed","template":"","meta":{"footnotes":""},"class_list":["post-3","page","type-page","status-publish","hentry"],"yoast_head":"<!-- This site is optimized with the Yoast SEO plugin v27.2 - https:\/\/yoast.com\/product\/yoast-seo-wordpress\/ -->\n<title>Datenschutzerkl\u00e4rung Hydro Leduc<\/title>\n<meta name=\"description\" content=\"Datenschutzerkl\u00e4rung Hydro Leduc\" \/>\n<meta name=\"robots\" content=\"index, follow, max-snippet:-1, max-image-preview:large, max-video-preview:-1\" \/>\n<link rel=\"canonical\" href=\"https:\/\/hydroleduc.com\/de\/datenschutzerklarung\/\" \/>\n<meta property=\"og:locale\" content=\"de_DE\" \/>\n<meta property=\"og:type\" content=\"article\" \/>\n<meta property=\"og:title\" content=\"Datenschutzerkl\u00e4rung Hydro Leduc\" \/>\n<meta property=\"og:description\" content=\"Datenschutzerkl\u00e4rung Hydro Leduc\" \/>\n<meta property=\"og:url\" content=\"https:\/\/hydroleduc.com\/de\/datenschutzerklarung\/\" \/>\n<meta property=\"og:site_name\" content=\"HYDRO LEDUC\" \/>\n<meta property=\"article:modified_time\" content=\"2025-05-26T11:41:02+00:00\" \/>\n<meta name=\"twitter:card\" content=\"summary_large_image\" \/>\n<meta name=\"twitter:label1\" content=\"Gesch\u00e4tzte Lesezeit\" \/>\n\t<meta name=\"twitter:data1\" content=\"1\u00a0Minute\" \/>\n<script type=\"application\/ld+json\" class=\"yoast-schema-graph\">{\"@context\":\"https:\/\/schema.org\",\"@graph\":[{\"@type\":\"WebPage\",\"@id\":\"https:\/\/hydroleduc.com\/de\/datenschutzerklarung\/\",\"url\":\"https:\/\/hydroleduc.com\/de\/datenschutzerklarung\/\",\"name\":\"Datenschutzerkl\u00e4rung Hydro Leduc\",\"isPartOf\":{\"@id\":\"https:\/\/hydroleduc.com\/de\/#website\"},\"datePublished\":\"2025-01-07T13:39:09+00:00\",\"dateModified\":\"2025-05-26T11:41:02+00:00\",\"description\":\"Datenschutzerkl\u00e4rung Hydro Leduc\",\"breadcrumb\":{\"@id\":\"https:\/\/hydroleduc.com\/de\/datenschutzerklarung\/#breadcrumb\"},\"inLanguage\":\"de\",\"potentialAction\":[{\"@type\":\"ReadAction\",\"target\":[\"https:\/\/hydroleduc.com\/de\/datenschutzerklarung\/\"]}]},{\"@type\":\"BreadcrumbList\",\"@id\":\"https:\/\/hydroleduc.com\/de\/datenschutzerklarung\/#breadcrumb\",\"itemListElement\":[{\"@type\":\"ListItem\",\"position\":1,\"name\":\"Startseite\",\"item\":\"https:\/\/hydroleduc.com\/de\/\"},{\"@type\":\"ListItem\",\"position\":2,\"name\":\"Datenschutzerkl\u00e4rung\"}]},{\"@type\":\"WebSite\",\"@id\":\"https:\/\/hydroleduc.com\/de\/#website\",\"url\":\"https:\/\/hydroleduc.com\/de\/\",\"name\":\"HYDRO LEDUC\",\"description\":\"Hersteller von Hydraulikkomponenten\",\"publisher\":{\"@id\":\"https:\/\/hydroleduc.com\/de\/#organization\"},\"potentialAction\":[{\"@type\":\"SearchAction\",\"target\":{\"@type\":\"EntryPoint\",\"urlTemplate\":\"https:\/\/hydroleduc.com\/de\/?s={search_term_string}\"},\"query-input\":{\"@type\":\"PropertyValueSpecification\",\"valueRequired\":true,\"valueName\":\"search_term_string\"}}],\"inLanguage\":\"de\"},{\"@type\":\"Organization\",\"@id\":\"https:\/\/hydroleduc.com\/de\/#organization\",\"name\":\"HYDRO LEDUC\",\"url\":\"https:\/\/hydroleduc.com\/de\/\",\"logo\":{\"@type\":\"ImageObject\",\"inLanguage\":\"de\",\"@id\":\"https:\/\/hydroleduc.com\/de\/#\/schema\/logo\/image\/\",\"url\":\"https:\/\/hydroleduc.com\/de\/wp-content\/uploads\/2025\/01\/logo-hydroleduc.png\",\"contentUrl\":\"https:\/\/hydroleduc.com\/de\/wp-content\/uploads\/2025\/01\/logo-hydroleduc.png\",\"width\":366,\"height\":148,\"caption\":\"HYDRO LEDUC\"},\"image\":{\"@id\":\"https:\/\/hydroleduc.com\/de\/#\/schema\/logo\/image\/\"}}]}<\/script>\n<!-- \/ Yoast SEO plugin. -->","yoast_head_json":{"title":"Datenschutzerkl\u00e4rung Hydro Leduc","description":"Datenschutzerkl\u00e4rung Hydro Leduc","robots":{"index":"index","follow":"follow","max-snippet":"max-snippet:-1","max-image-preview":"max-image-preview:large","max-video-preview":"max-video-preview:-1"},"canonical":"https:\/\/hydroleduc.com\/de\/datenschutzerklarung\/","og_locale":"de_DE","og_type":"article","og_title":"Datenschutzerkl\u00e4rung Hydro Leduc","og_description":"Datenschutzerkl\u00e4rung Hydro Leduc","og_url":"https:\/\/hydroleduc.com\/de\/datenschutzerklarung\/","og_site_name":"HYDRO LEDUC","article_modified_time":"2025-05-26T11:41:02+00:00","twitter_card":"summary_large_image","twitter_misc":{"Gesch\u00e4tzte Lesezeit":"1\u00a0Minute"},"schema":{"@context":"https:\/\/schema.org","@graph":[{"@type":"WebPage","@id":"https:\/\/hydroleduc.com\/de\/datenschutzerklarung\/","url":"https:\/\/hydroleduc.com\/de\/datenschutzerklarung\/","name":"Datenschutzerkl\u00e4rung Hydro Leduc","isPartOf":{"@id":"https:\/\/hydroleduc.com\/de\/#website"},"datePublished":"2025-01-07T13:39:09+00:00","dateModified":"2025-05-26T11:41:02+00:00","description":"Datenschutzerkl\u00e4rung Hydro Leduc","breadcrumb":{"@id":"https:\/\/hydroleduc.com\/de\/datenschutzerklarung\/#breadcrumb"},"inLanguage":"de","potentialAction":[{"@type":"ReadAction","target":["https:\/\/hydroleduc.com\/de\/datenschutzerklarung\/"]}]},{"@type":"BreadcrumbList","@id":"https:\/\/hydroleduc.com\/de\/datenschutzerklarung\/#breadcrumb","itemListElement":[{"@type":"ListItem","position":1,"name":"Startseite","item":"https:\/\/hydroleduc.com\/de\/"},{"@type":"ListItem","position":2,"name":"Datenschutzerkl\u00e4rung"}]},{"@type":"WebSite","@id":"https:\/\/hydroleduc.com\/de\/#website","url":"https:\/\/hydroleduc.com\/de\/","name":"HYDRO LEDUC","description":"Hersteller von Hydraulikkomponenten","publisher":{"@id":"https:\/\/hydroleduc.com\/de\/#organization"},"potentialAction":[{"@type":"SearchAction","target":{"@type":"EntryPoint","urlTemplate":"https:\/\/hydroleduc.com\/de\/?s={search_term_string}"},"query-input":{"@type":"PropertyValueSpecification","valueRequired":true,"valueName":"search_term_string"}}],"inLanguage":"de"},{"@type":"Organization","@id":"https:\/\/hydroleduc.com\/de\/#organization","name":"HYDRO LEDUC","url":"https:\/\/hydroleduc.com\/de\/","logo":{"@type":"ImageObject","inLanguage":"de","@id":"https:\/\/hydroleduc.com\/de\/#\/schema\/logo\/image\/","url":"https:\/\/hydroleduc.com\/de\/wp-content\/uploads\/2025\/01\/logo-hydroleduc.png","contentUrl":"https:\/\/hydroleduc.com\/de\/wp-content\/uploads\/2025\/01\/logo-hydroleduc.png","width":366,"height":148,"caption":"HYDRO LEDUC"},"image":{"@id":"https:\/\/hydroleduc.com\/de\/#\/schema\/logo\/image\/"}}]}},"_links":{"self":[{"href":"https:\/\/hydroleduc.com\/de\/wp-json\/wp\/v2\/pages\/3","targetHints":{"allow":["GET"]}}],"collection":[{"href":"https:\/\/hydroleduc.com\/de\/wp-json\/wp\/v2\/pages"}],"about":[{"href":"https:\/\/hydroleduc.com\/de\/wp-json\/wp\/v2\/types\/page"}],"author":[{"embeddable":true,"href":"https:\/\/hydroleduc.com\/de\/wp-json\/wp\/v2\/users\/1"}],"replies":[{"embeddable":true,"href":"https:\/\/hydroleduc.com\/de\/wp-json\/wp\/v2\/comments?post=3"}],"version-history":[{"count":26,"href":"https:\/\/hydroleduc.com\/de\/wp-json\/wp\/v2\/pages\/3\/revisions"}],"predecessor-version":[{"id":45820,"href":"https:\/\/hydroleduc.com\/de\/wp-json\/wp\/v2\/pages\/3\/revisions\/45820"}],"wp:attachment":[{"href":"https:\/\/hydroleduc.com\/de\/wp-json\/wp\/v2\/media?parent=3"}],"curies":[{"name":"wp","href":"https:\/\/api.w.org\/{rel}","templated":true}]}}