{"id":36,"date":"2025-01-09T16:04:58","date_gmt":"2025-01-09T15:04:58","guid":{"rendered":"https:\/\/hydroleduc.com\/de\/?page_id=36"},"modified":"2025-09-30T14:55:58","modified_gmt":"2025-09-30T12:55:58","slug":"auf-mass","status":"publish","type":"page","link":"https:\/\/hydroleduc.com\/de\/auf-mass\/","title":{"rendered":"Auf mass"},"content":{"rendered":"\t\t<div data-elementor-type=\"wp-page\" data-elementor-id=\"36\" class=\"elementor elementor-36\" data-elementor-post-type=\"page\">\n\t\t\t\t<div class=\"elementor-element elementor-element-1160f25 header-page e-flex e-con-boxed e-con e-parent\" data-id=\"1160f25\" data-element_type=\"container\" data-e-type=\"container\" data-settings=\"{&quot;background_background&quot;:&quot;classic&quot;}\">\n\t\t\t\t\t<div class=\"e-con-inner\">\n\t\t\t\t<div class=\"elementor-element elementor-element-37a29735 elementor-widget elementor-widget-breadcrumbs\" data-id=\"37a29735\" data-element_type=\"widget\" data-e-type=\"widget\" data-widget_type=\"breadcrumbs.default\">\n\t\t\t\t<div class=\"elementor-widget-container\">\n\t\t\t\t\t<p id=\"breadcrumbs\"><span><span><a href=\"https:\/\/hydroleduc.com\/de\/\">Startseite<\/a><\/span><\/span><\/p>\t\t\t\t<\/div>\n\t\t\t\t<\/div>\n\t\t\t\t<div class=\"elementor-element elementor-element-354c9acb elementor-widget elementor-widget-heading\" data-id=\"354c9acb\" data-element_type=\"widget\" data-e-type=\"widget\" data-widget_type=\"heading.default\">\n\t\t\t\t<div class=\"elementor-widget-container\">\n\t\t\t\t\t<h1 class=\"elementor-heading-title elementor-size-default\">auf mass<\/h1>\t\t\t\t<\/div>\n\t\t\t\t<\/div>\n\t\t\t\t\t<\/div>\n\t\t\t\t<\/div>\n\t\t<div class=\"elementor-element elementor-element-35c35858 e-flex e-con-boxed e-con e-parent\" data-id=\"35c35858\" data-element_type=\"container\" data-e-type=\"container\" data-settings=\"{&quot;background_background&quot;:&quot;classic&quot;}\">\n\t\t\t\t\t<div class=\"e-con-inner\">\n\t\t\t\t<div class=\"elementor-element elementor-element-a69a739 elementor-widget elementor-widget-heading\" data-id=\"a69a739\" data-element_type=\"widget\" data-e-type=\"widget\" data-widget_type=\"heading.default\">\n\t\t\t\t<div class=\"elementor-widget-container\">\n\t\t\t\t\t<h2 class=\"elementor-heading-title elementor-size-default\">Spezifische Entwicklungen<\/h2>\t\t\t\t<\/div>\n\t\t\t\t<\/div>\n\t\t\t\t<div class=\"elementor-element elementor-element-1ec9cf79 elementor-widget-divider--view-line elementor-widget elementor-widget-divider\" data-id=\"1ec9cf79\" data-element_type=\"widget\" data-e-type=\"widget\" data-widget_type=\"divider.default\">\n\t\t\t\t<div class=\"elementor-widget-container\">\n\t\t\t\t\t\t\t<div class=\"elementor-divider\">\n\t\t\t<span class=\"elementor-divider-separator\">\n\t\t\t\t\t\t<\/span>\n\t\t<\/div>\n\t\t\t\t\t\t<\/div>\n\t\t\t\t<\/div>\n\t\t\t\t\t<\/div>\n\t\t\t\t<\/div>\n\t\t<div class=\"elementor-element elementor-element-0492ef2 e-flex e-con-boxed e-con e-parent\" data-id=\"0492ef2\" data-element_type=\"container\" data-e-type=\"container\">\n\t\t\t\t\t<div class=\"e-con-inner\">\n\t\t<div class=\"elementor-element elementor-element-bcaabf1 e-con-full e-flex e-con e-child\" data-id=\"bcaabf1\" data-element_type=\"container\" data-e-type=\"container\">\n\t\t\t\t<div class=\"elementor-element elementor-element-a3a826c elementor-pagination-position-inside elementor-arrows-position-inside elementor-widget elementor-widget-image-carousel\" data-id=\"a3a826c\" data-element_type=\"widget\" data-e-type=\"widget\" data-settings=\"{&quot;slides_to_show&quot;:&quot;1&quot;,&quot;navigation&quot;:&quot;both&quot;,&quot;autoplay&quot;:&quot;yes&quot;,&quot;pause_on_hover&quot;:&quot;yes&quot;,&quot;pause_on_interaction&quot;:&quot;yes&quot;,&quot;autoplay_speed&quot;:5000,&quot;infinite&quot;:&quot;yes&quot;,&quot;effect&quot;:&quot;slide&quot;,&quot;speed&quot;:500}\" data-widget_type=\"image-carousel.default\">\n\t\t\t\t<div class=\"elementor-widget-container\">\n\t\t\t\t\t\t\t<div class=\"elementor-image-carousel-wrapper swiper\" role=\"region\" aria-roledescription=\"carousel\" aria-label=\"Carrousel d\u2019images\" dir=\"ltr\">\n\t\t\t<div class=\"elementor-image-carousel swiper-wrapper\" aria-live=\"off\">\n\t\t\t\t\t\t\t\t<div class=\"swiper-slide\" role=\"group\" aria-roledescription=\"slide\" aria-label=\"1 von 6\"><figure class=\"swiper-slide-inner\"><img decoding=\"async\" class=\"swiper-slide-image\" src=\"https:\/\/hydroleduc.com\/de\/wp-content\/uploads\/2020\/12\/hydroleduc_centrale_hydraulique-2-300x150.png\" alt=\"hydroleduc centrale hydraulique 2\" \/><\/figure><\/div><div class=\"swiper-slide\" role=\"group\" aria-roledescription=\"slide\" aria-label=\"2 von 6\"><figure class=\"swiper-slide-inner\"><img decoding=\"async\" class=\"swiper-slide-image\" src=\"https:\/\/hydroleduc.com\/de\/wp-content\/uploads\/2020\/12\/hydroleduc_groupe_motopompe-6-300x150.png\" alt=\"hydroleduc groupe motopompe 6\" \/><\/figure><\/div><div class=\"swiper-slide\" role=\"group\" aria-roledescription=\"slide\" aria-label=\"3 von 6\"><figure class=\"swiper-slide-inner\"><img decoding=\"async\" class=\"swiper-slide-image\" src=\"https:\/\/hydroleduc.com\/de\/wp-content\/uploads\/2022\/02\/hydroleduc_groupe_electropompe_gep7.3_categorie-1-e1742982425121-300x184.png\" alt=\"hydroleduc groupe electropompe gep7.3 categorie 1 e1742982425121\" \/><\/figure><\/div><div class=\"swiper-slide\" role=\"group\" aria-roledescription=\"slide\" aria-label=\"4 von 6\"><figure class=\"swiper-slide-inner\"><img decoding=\"async\" class=\"swiper-slide-image\" src=\"https:\/\/hydroleduc.com\/de\/wp-content\/uploads\/2020\/12\/hydroleduc_verin_securite-2-300x150.png\" alt=\"hydroleduc verin securite 2\" \/><\/figure><\/div><div class=\"swiper-slide\" role=\"group\" aria-roledescription=\"slide\" aria-label=\"5 von 6\"><figure class=\"swiper-slide-inner\"><img decoding=\"async\" class=\"swiper-slide-image\" src=\"https:\/\/hydroleduc.com\/de\/wp-content\/uploads\/2021\/02\/hydroleduc_moteur_hydraulique_MXR41-300x150.png\" alt=\"hydroleduc moteur hydraulique MXR41\" \/><\/figure><\/div><div class=\"swiper-slide\" role=\"group\" aria-roledescription=\"slide\" aria-label=\"6 von 6\"><figure class=\"swiper-slide-inner\"><img decoding=\"async\" class=\"swiper-slide-image\" src=\"https:\/\/hydroleduc.com\/de\/wp-content\/uploads\/2020\/12\/verin-de-train-2x-300x150.png\" alt=\"verin de train 2x\" \/><\/figure><\/div>\t\t\t<\/div>\n\t\t\t\t\t\t\t\t\t\t\t\t<div class=\"elementor-swiper-button elementor-swiper-button-prev\" role=\"button\" tabindex=\"0\">\n\t\t\t\t\t\t<svg aria-hidden=\"true\" class=\"e-font-icon-svg e-eicon-chevron-left\" viewBox=\"0 0 1000 1000\" xmlns=\"http:\/\/www.w3.org\/2000\/svg\"><path d=\"M646 125C629 125 613 133 604 142L308 442C296 454 292 471 292 487 292 504 296 521 308 533L604 854C617 867 629 875 646 875 663 875 679 871 692 858 704 846 713 829 713 812 713 796 708 779 692 767L438 487 692 225C700 217 708 204 708 187 708 171 704 154 692 142 675 129 663 125 646 125Z\"><\/path><\/svg>\t\t\t\t\t<\/div>\n\t\t\t\t\t<div class=\"elementor-swiper-button elementor-swiper-button-next\" role=\"button\" tabindex=\"0\">\n\t\t\t\t\t\t<svg aria-hidden=\"true\" class=\"e-font-icon-svg e-eicon-chevron-right\" viewBox=\"0 0 1000 1000\" xmlns=\"http:\/\/www.w3.org\/2000\/svg\"><path d=\"M696 533C708 521 713 504 713 487 713 471 708 454 696 446L400 146C388 133 375 125 354 125 338 125 325 129 313 142 300 154 292 171 292 187 292 204 296 221 308 233L563 492 304 771C292 783 288 800 288 817 288 833 296 850 308 863 321 871 338 875 354 875 371 875 388 867 400 854L696 533Z\"><\/path><\/svg>\t\t\t\t\t<\/div>\n\t\t\t\t\n\t\t\t\t\t\t\t\t\t<div class=\"swiper-pagination\"><\/div>\n\t\t\t\t\t\t\t\t\t<\/div>\n\t\t\t\t\t\t<\/div>\n\t\t\t\t<\/div>\n\t\t\t\t<\/div>\n\t\t<div class=\"elementor-element elementor-element-6777c7b e-con-full e-flex e-con e-child\" data-id=\"6777c7b\" data-element_type=\"container\" data-e-type=\"container\">\n\t\t\t\t<div class=\"elementor-element elementor-element-076feb3 elementor-widget elementor-widget-text-editor\" data-id=\"076feb3\" data-element_type=\"widget\" data-e-type=\"widget\" data-widget_type=\"text-editor.default\">\n\t\t\t\t<div class=\"elementor-widget-container\">\n\t\t\t\t\t\t\t\t\t<p>Gest\u00fctzt auf eine langj\u00e4hrige Erfahrung in der Hydromechanik (60 Jahre Erfahrung und 180 aktive Patente) bieten die Spezialisten von HYDRO LEDUC ihr Know-how an, um Ihre spezifischen Anfragen zu bedienen. Eine der St\u00e4rken von HYDRO LEDUC liegt in der technischen Neugier und der F\u00e4higkeit, den Kunden zuzuh\u00f6ren und sie zu verstehen, um dann die Ressourcen des Unternehmens f\u00fcr Sie bereitzustellen.<\/p>\t\t\t\t\t\t\t\t<\/div>\n\t\t\t\t<\/div>\n\t\t\t\t<div class=\"elementor-element elementor-element-6fa6d25 elementor-align-left elementor-mobile-align-center elementor-widget elementor-widget-button\" data-id=\"6fa6d25\" data-element_type=\"widget\" data-e-type=\"widget\" data-widget_type=\"button.default\">\n\t\t\t\t<div class=\"elementor-widget-container\">\n\t\t\t\t\t\t\t\t\t<div class=\"elementor-button-wrapper\">\n\t\t\t\t\t<a class=\"elementor-button elementor-button-link elementor-size-sm\" href=\"https:\/\/hydroleduc.com\/de\/wp-content\/uploads\/2025\/04\/hydroleduc_customized_products_EN.pdf\" target=\"_blank\">\n\t\t\t\t\t\t<span class=\"elementor-button-content-wrapper\">\n\t\t\t\t\t\t\t\t\t<span class=\"elementor-button-text\">Katalog kundenspezifischer produkte<\/span>\n\t\t\t\t\t<\/span>\n\t\t\t\t\t<\/a>\n\t\t\t\t<\/div>\n\t\t\t\t\t\t\t\t<\/div>\n\t\t\t\t<\/div>\n\t\t\t\t<\/div>\n\t\t\t\t\t<\/div>\n\t\t\t\t<\/div>\n\t\t<div class=\"elementor-element elementor-element-3178d2e e-flex e-con-boxed e-con e-parent\" data-id=\"3178d2e\" data-element_type=\"container\" data-e-type=\"container\">\n\t\t\t\t\t<div class=\"e-con-inner\">\n\t\t\t\t<div class=\"elementor-element elementor-element-242d38f elementor-widget elementor-widget-text-editor\" data-id=\"242d38f\" data-element_type=\"widget\" data-e-type=\"widget\" data-widget_type=\"text-editor.default\">\n\t\t\t\t<div class=\"elementor-widget-container\">\n\t\t\t\t\t\t\t\t\t<p>Die hier dargestellten Informationen zeigen einige Beispiele f\u00fcr erfolgreiche kundenspezifische Entwicklungen.<br \/>Wir hoffen, dass diese Informationen Ideen und Fragen generieren, die zu neuen Produkten f\u00fchren. Unsere Neugier, Hartn\u00e4ckigkeit und au\u00dfergew\u00f6hnlichen Ressourcen in den Bereichen Konstruktion, Labor, Prototypenbau, Serienfertigung, Vertrieb und Kundendienst sind Garant f\u00fcr eine enge und lohnende Zusammenarbeit und schnellen Bearbeitung von Kundenanfragen.<\/p><p>Einige Innovationen von HYDRO LEDUC haben zu au\u00dfergew\u00f6hnlichen und leistungsstarken L\u00f6sungen f\u00fcr komplexe Probleme gef\u00fchrt, wie z.B. :<\/p><ul><li>Spezielle Zylinderl\u00f6sungen f\u00fcr hydraulische Federungen<\/li><li>Mikro-Hydraulikaggregate<\/li><li>Sonderwerkzeuge f\u00fcr die \u00d6lforschung<\/li><li>Ozeanographische Forschungsinstrumente<\/li><li>Elektro-hydraulische L\u00f6sungen<\/li><li>Tragbare Hydraulikwerkzeuge.<\/li><\/ul><p>Wir passen auch Katalogprodukte an spezifische Kundenanwendungen und -bed\u00fcrfnisse an.<br \/>Vielen Dank, dass Sie sich die Zeit genommen haben, diese Beispiele anzuschauen. HYDRO LEDUC hofft, dass dies Ihre Neugier und Gedanken anregt, mit dem Ziel, dass wir gemeinsam innovative Produkte entwickeln, die f\u00fcr morgen unverzichtbar sind.<\/p>\t\t\t\t\t\t\t\t<\/div>\n\t\t\t\t<\/div>\n\t\t\t\t\t<\/div>\n\t\t\t\t<\/div>\n\t\t\t\t<\/div>\n\t\t","protected":false},"excerpt":{"rendered":"<p>auf mass Spezifische Entwicklungen Gest\u00fctzt auf eine langj\u00e4hrige Erfahrung in der Hydromechanik (60 Jahre Erfahrung und 180 aktive Patente) bieten die Spezialisten von HYDRO LEDUC ihr Know-how an, um Ihre spezifischen Anfragen zu bedienen. Eine der St\u00e4rken von HYDRO LEDUC liegt in der technischen Neugier und der F\u00e4higkeit, den Kunden zuzuh\u00f6ren und sie zu verstehen, [&hellip;]<\/p>\n","protected":false},"author":2,"featured_media":0,"parent":0,"menu_order":0,"comment_status":"closed","ping_status":"closed","template":"","meta":{"footnotes":""},"class_list":["post-36","page","type-page","status-publish","hentry"],"yoast_head":"<!-- This site is optimized with the Yoast SEO plugin v27.2 - https:\/\/yoast.com\/product\/yoast-seo-wordpress\/ -->\n<title>Entwurf kundenspezifischer hydraulikl\u00f6sungen - Hydro Leduc<\/title>\n<meta name=\"description\" content=\"Entwurf ma\u00dfgeschneiderter hydraulikl\u00f6sungen, angepasst an spezifische technische anforderungen. Von der studie zur produktion. Experten-know-how\" \/>\n<meta name=\"robots\" content=\"index, follow, max-snippet:-1, max-image-preview:large, max-video-preview:-1\" \/>\n<link rel=\"canonical\" href=\"https:\/\/hydroleduc.com\/de\/auf-mass\/\" \/>\n<meta property=\"og:locale\" content=\"de_DE\" \/>\n<meta property=\"og:type\" content=\"article\" \/>\n<meta property=\"og:title\" content=\"Entwurf kundenspezifischer hydraulikl\u00f6sungen - Hydro Leduc\" \/>\n<meta property=\"og:description\" content=\"Entwurf ma\u00dfgeschneiderter hydraulikl\u00f6sungen, angepasst an spezifische technische anforderungen. Von der studie zur produktion. Experten-know-how\" \/>\n<meta property=\"og:url\" content=\"https:\/\/hydroleduc.com\/de\/auf-mass\/\" \/>\n<meta property=\"og:site_name\" content=\"HYDRO LEDUC\" \/>\n<meta property=\"article:modified_time\" content=\"2025-09-30T12:55:58+00:00\" \/>\n<meta property=\"og:image\" content=\"https:\/\/hydroleduc.com\/de\/wp-content\/uploads\/2020\/12\/hydroleduc_centrale_hydraulique-2-300x150.png\" \/>\n<meta name=\"twitter:card\" content=\"summary_large_image\" \/>\n<meta name=\"twitter:label1\" content=\"Gesch\u00e4tzte Lesezeit\" \/>\n\t<meta name=\"twitter:data1\" content=\"3\u00a0Minuten\" \/>\n<script type=\"application\/ld+json\" class=\"yoast-schema-graph\">{\"@context\":\"https:\/\/schema.org\",\"@graph\":[{\"@type\":\"WebPage\",\"@id\":\"https:\/\/hydroleduc.com\/de\/auf-mass\/\",\"url\":\"https:\/\/hydroleduc.com\/de\/auf-mass\/\",\"name\":\"Entwurf kundenspezifischer hydraulikl\u00f6sungen - Hydro Leduc\",\"isPartOf\":{\"@id\":\"https:\/\/hydroleduc.com\/de\/#website\"},\"primaryImageOfPage\":{\"@id\":\"https:\/\/hydroleduc.com\/de\/auf-mass\/#primaryimage\"},\"image\":{\"@id\":\"https:\/\/hydroleduc.com\/de\/auf-mass\/#primaryimage\"},\"thumbnailUrl\":\"https:\/\/hydroleduc.com\/de\/wp-content\/uploads\/2020\/12\/hydroleduc_centrale_hydraulique-2-300x150.png\",\"datePublished\":\"2025-01-09T15:04:58+00:00\",\"dateModified\":\"2025-09-30T12:55:58+00:00\",\"description\":\"Entwurf ma\u00dfgeschneiderter hydraulikl\u00f6sungen, angepasst an spezifische technische anforderungen. Von der studie zur produktion. Experten-know-how\",\"breadcrumb\":{\"@id\":\"https:\/\/hydroleduc.com\/de\/auf-mass\/#breadcrumb\"},\"inLanguage\":\"de\",\"potentialAction\":[{\"@type\":\"ReadAction\",\"target\":[\"https:\/\/hydroleduc.com\/de\/auf-mass\/\"]}]},{\"@type\":\"ImageObject\",\"inLanguage\":\"de\",\"@id\":\"https:\/\/hydroleduc.com\/de\/auf-mass\/#primaryimage\",\"url\":\"https:\/\/hydroleduc.com\/de\/wp-content\/uploads\/2020\/12\/hydroleduc_centrale_hydraulique-2.png\",\"contentUrl\":\"https:\/\/hydroleduc.com\/de\/wp-content\/uploads\/2020\/12\/hydroleduc_centrale_hydraulique-2.png\",\"width\":2361,\"height\":1180,\"caption\":\"hydroleduc centrale hydraulique 2\"},{\"@type\":\"BreadcrumbList\",\"@id\":\"https:\/\/hydroleduc.com\/de\/auf-mass\/#breadcrumb\",\"itemListElement\":[{\"@type\":\"ListItem\",\"position\":1,\"name\":\"Startseite\",\"item\":\"https:\/\/hydroleduc.com\/de\/\"},{\"@type\":\"ListItem\",\"position\":2,\"name\":\"Auf mass\"}]},{\"@type\":\"WebSite\",\"@id\":\"https:\/\/hydroleduc.com\/de\/#website\",\"url\":\"https:\/\/hydroleduc.com\/de\/\",\"name\":\"HYDRO LEDUC\",\"description\":\"Hersteller von Hydraulikkomponenten\",\"publisher\":{\"@id\":\"https:\/\/hydroleduc.com\/de\/#organization\"},\"potentialAction\":[{\"@type\":\"SearchAction\",\"target\":{\"@type\":\"EntryPoint\",\"urlTemplate\":\"https:\/\/hydroleduc.com\/de\/?s={search_term_string}\"},\"query-input\":{\"@type\":\"PropertyValueSpecification\",\"valueRequired\":true,\"valueName\":\"search_term_string\"}}],\"inLanguage\":\"de\"},{\"@type\":\"Organization\",\"@id\":\"https:\/\/hydroleduc.com\/de\/#organization\",\"name\":\"HYDRO LEDUC\",\"url\":\"https:\/\/hydroleduc.com\/de\/\",\"logo\":{\"@type\":\"ImageObject\",\"inLanguage\":\"de\",\"@id\":\"https:\/\/hydroleduc.com\/de\/#\/schema\/logo\/image\/\",\"url\":\"https:\/\/hydroleduc.com\/de\/wp-content\/uploads\/2025\/01\/logo-hydroleduc.png\",\"contentUrl\":\"https:\/\/hydroleduc.com\/de\/wp-content\/uploads\/2025\/01\/logo-hydroleduc.png\",\"width\":366,\"height\":148,\"caption\":\"HYDRO LEDUC\"},\"image\":{\"@id\":\"https:\/\/hydroleduc.com\/de\/#\/schema\/logo\/image\/\"}}]}<\/script>\n<!-- \/ Yoast SEO plugin. -->","yoast_head_json":{"title":"Entwurf kundenspezifischer hydraulikl\u00f6sungen - Hydro Leduc","description":"Entwurf ma\u00dfgeschneiderter hydraulikl\u00f6sungen, angepasst an spezifische technische anforderungen. Von der studie zur produktion. Experten-know-how","robots":{"index":"index","follow":"follow","max-snippet":"max-snippet:-1","max-image-preview":"max-image-preview:large","max-video-preview":"max-video-preview:-1"},"canonical":"https:\/\/hydroleduc.com\/de\/auf-mass\/","og_locale":"de_DE","og_type":"article","og_title":"Entwurf kundenspezifischer hydraulikl\u00f6sungen - Hydro Leduc","og_description":"Entwurf ma\u00dfgeschneiderter hydraulikl\u00f6sungen, angepasst an spezifische technische anforderungen. Von der studie zur produktion. Experten-know-how","og_url":"https:\/\/hydroleduc.com\/de\/auf-mass\/","og_site_name":"HYDRO LEDUC","article_modified_time":"2025-09-30T12:55:58+00:00","og_image":[{"url":"https:\/\/hydroleduc.com\/de\/wp-content\/uploads\/2020\/12\/hydroleduc_centrale_hydraulique-2-300x150.png","type":"","width":"","height":""}],"twitter_card":"summary_large_image","twitter_misc":{"Gesch\u00e4tzte Lesezeit":"3\u00a0Minuten"},"schema":{"@context":"https:\/\/schema.org","@graph":[{"@type":"WebPage","@id":"https:\/\/hydroleduc.com\/de\/auf-mass\/","url":"https:\/\/hydroleduc.com\/de\/auf-mass\/","name":"Entwurf kundenspezifischer hydraulikl\u00f6sungen - Hydro Leduc","isPartOf":{"@id":"https:\/\/hydroleduc.com\/de\/#website"},"primaryImageOfPage":{"@id":"https:\/\/hydroleduc.com\/de\/auf-mass\/#primaryimage"},"image":{"@id":"https:\/\/hydroleduc.com\/de\/auf-mass\/#primaryimage"},"thumbnailUrl":"https:\/\/hydroleduc.com\/de\/wp-content\/uploads\/2020\/12\/hydroleduc_centrale_hydraulique-2-300x150.png","datePublished":"2025-01-09T15:04:58+00:00","dateModified":"2025-09-30T12:55:58+00:00","description":"Entwurf ma\u00dfgeschneiderter hydraulikl\u00f6sungen, angepasst an spezifische technische anforderungen. Von der studie zur produktion. Experten-know-how","breadcrumb":{"@id":"https:\/\/hydroleduc.com\/de\/auf-mass\/#breadcrumb"},"inLanguage":"de","potentialAction":[{"@type":"ReadAction","target":["https:\/\/hydroleduc.com\/de\/auf-mass\/"]}]},{"@type":"ImageObject","inLanguage":"de","@id":"https:\/\/hydroleduc.com\/de\/auf-mass\/#primaryimage","url":"https:\/\/hydroleduc.com\/de\/wp-content\/uploads\/2020\/12\/hydroleduc_centrale_hydraulique-2.png","contentUrl":"https:\/\/hydroleduc.com\/de\/wp-content\/uploads\/2020\/12\/hydroleduc_centrale_hydraulique-2.png","width":2361,"height":1180,"caption":"hydroleduc centrale hydraulique 2"},{"@type":"BreadcrumbList","@id":"https:\/\/hydroleduc.com\/de\/auf-mass\/#breadcrumb","itemListElement":[{"@type":"ListItem","position":1,"name":"Startseite","item":"https:\/\/hydroleduc.com\/de\/"},{"@type":"ListItem","position":2,"name":"Auf mass"}]},{"@type":"WebSite","@id":"https:\/\/hydroleduc.com\/de\/#website","url":"https:\/\/hydroleduc.com\/de\/","name":"HYDRO LEDUC","description":"Hersteller von Hydraulikkomponenten","publisher":{"@id":"https:\/\/hydroleduc.com\/de\/#organization"},"potentialAction":[{"@type":"SearchAction","target":{"@type":"EntryPoint","urlTemplate":"https:\/\/hydroleduc.com\/de\/?s={search_term_string}"},"query-input":{"@type":"PropertyValueSpecification","valueRequired":true,"valueName":"search_term_string"}}],"inLanguage":"de"},{"@type":"Organization","@id":"https:\/\/hydroleduc.com\/de\/#organization","name":"HYDRO LEDUC","url":"https:\/\/hydroleduc.com\/de\/","logo":{"@type":"ImageObject","inLanguage":"de","@id":"https:\/\/hydroleduc.com\/de\/#\/schema\/logo\/image\/","url":"https:\/\/hydroleduc.com\/de\/wp-content\/uploads\/2025\/01\/logo-hydroleduc.png","contentUrl":"https:\/\/hydroleduc.com\/de\/wp-content\/uploads\/2025\/01\/logo-hydroleduc.png","width":366,"height":148,"caption":"HYDRO LEDUC"},"image":{"@id":"https:\/\/hydroleduc.com\/de\/#\/schema\/logo\/image\/"}}]}},"_links":{"self":[{"href":"https:\/\/hydroleduc.com\/de\/wp-json\/wp\/v2\/pages\/36","targetHints":{"allow":["GET"]}}],"collection":[{"href":"https:\/\/hydroleduc.com\/de\/wp-json\/wp\/v2\/pages"}],"about":[{"href":"https:\/\/hydroleduc.com\/de\/wp-json\/wp\/v2\/types\/page"}],"author":[{"embeddable":true,"href":"https:\/\/hydroleduc.com\/de\/wp-json\/wp\/v2\/users\/2"}],"replies":[{"embeddable":true,"href":"https:\/\/hydroleduc.com\/de\/wp-json\/wp\/v2\/comments?post=36"}],"version-history":[{"count":60,"href":"https:\/\/hydroleduc.com\/de\/wp-json\/wp\/v2\/pages\/36\/revisions"}],"predecessor-version":[{"id":45940,"href":"https:\/\/hydroleduc.com\/de\/wp-json\/wp\/v2\/pages\/36\/revisions\/45940"}],"wp:attachment":[{"href":"https:\/\/hydroleduc.com\/de\/wp-json\/wp\/v2\/media?parent=36"}],"curies":[{"name":"wp","href":"https:\/\/api.w.org\/{rel}","templated":true}]}}