{"id":423,"date":"2025-01-17T11:24:01","date_gmt":"2025-01-17T10:24:01","guid":{"rendered":"https:\/\/hydroleduc.com\/de\/?page_id=423"},"modified":"2026-04-09T10:37:34","modified_gmt":"2026-04-09T08:37:34","slug":"qualitat","status":"publish","type":"page","link":"https:\/\/hydroleduc.com\/de\/uber-uns\/qualitat\/","title":{"rendered":"Qualit\u00e4t"},"content":{"rendered":"\t\t<div data-elementor-type=\"wp-page\" data-elementor-id=\"423\" class=\"elementor elementor-423\" data-elementor-post-type=\"page\">\n\t\t\t\t<div class=\"elementor-element elementor-element-6ec67867 header-page e-flex e-con-boxed e-con e-parent\" data-id=\"6ec67867\" data-element_type=\"container\" data-e-type=\"container\" data-settings=\"{&quot;background_background&quot;:&quot;classic&quot;}\">\n\t\t\t\t\t<div class=\"e-con-inner\">\n\t\t\t\t<div class=\"elementor-element elementor-element-481990d7 elementor-widget elementor-widget-breadcrumbs\" data-id=\"481990d7\" data-element_type=\"widget\" data-e-type=\"widget\" data-widget_type=\"breadcrumbs.default\">\n\t\t\t\t<div class=\"elementor-widget-container\">\n\t\t\t\t\t<p id=\"breadcrumbs\"><span><span><a href=\"https:\/\/hydroleduc.com\/de\/\">Startseite<\/a><\/span><\/span><\/p>\t\t\t\t<\/div>\n\t\t\t\t<\/div>\n\t\t\t\t<div class=\"elementor-element elementor-element-12cf6b8b elementor-widget elementor-widget-heading\" data-id=\"12cf6b8b\" data-element_type=\"widget\" data-e-type=\"widget\" data-widget_type=\"heading.default\">\n\t\t\t\t<div class=\"elementor-widget-container\">\n\t\t\t\t\t<h1 class=\"elementor-heading-title elementor-size-default\">Qualit\u00e4t<\/h1>\t\t\t\t<\/div>\n\t\t\t\t<\/div>\n\t\t\t\t\t<\/div>\n\t\t\t\t<\/div>\n\t\t<div class=\"elementor-element elementor-element-1261dd e-flex e-con-boxed e-con e-parent\" data-id=\"1261dd\" data-element_type=\"container\" data-e-type=\"container\" data-settings=\"{&quot;background_background&quot;:&quot;classic&quot;}\">\n\t\t\t\t\t<div class=\"e-con-inner\">\n\t\t\t\t<div class=\"elementor-element elementor-element-63c3268b elementor-nav-menu--dropdown-mobile elementor-nav-menu__text-align-aside elementor-nav-menu--toggle elementor-nav-menu--burger elementor-widget elementor-widget-nav-menu\" data-id=\"63c3268b\" data-element_type=\"widget\" data-e-type=\"widget\" data-settings=\"{&quot;layout&quot;:&quot;horizontal&quot;,&quot;submenu_icon&quot;:{&quot;value&quot;:&quot;&lt;svg aria-hidden=\\&quot;true\\&quot; class=\\&quot;e-font-icon-svg e-fas-caret-down\\&quot; viewBox=\\&quot;0 0 320 512\\&quot; xmlns=\\&quot;http:\\\/\\\/www.w3.org\\\/2000\\\/svg\\&quot;&gt;&lt;path d=\\&quot;M31.3 192h257.3c17.8 0 26.7 21.5 14.1 34.1L174.1 354.8c-7.8 7.8-20.5 7.8-28.3 0L17.2 226.1C4.6 213.5 13.5 192 31.3 192z\\&quot;&gt;&lt;\\\/path&gt;&lt;\\\/svg&gt;&quot;,&quot;library&quot;:&quot;fa-solid&quot;},&quot;toggle&quot;:&quot;burger&quot;}\" data-widget_type=\"nav-menu.default\">\n\t\t\t\t<div class=\"elementor-widget-container\">\n\t\t\t\t\t\t\t\t<nav aria-label=\"Menu\" class=\"elementor-nav-menu--main elementor-nav-menu__container elementor-nav-menu--layout-horizontal e--pointer-none\">\n\t\t\t\t<ul id=\"menu-1-63c3268b\" class=\"elementor-nav-menu\"><li class=\"menu-item menu-item-type-post_type menu-item-object-page menu-item-523\"><a href=\"https:\/\/hydroleduc.com\/de\/uber-uns\/unsere-geschichte\/\" class=\"elementor-item\">Unsere geschichte<\/a><\/li>\n<li class=\"menu-item menu-item-type-post_type menu-item-object-page menu-item-526\"><a href=\"https:\/\/hydroleduc.com\/de\/uber-uns\/forschung-und-entwicklung\/\" class=\"elementor-item\">Forschung und Entwicklung<\/a><\/li>\n<li class=\"menu-item menu-item-type-post_type menu-item-object-page menu-item-524\"><a href=\"https:\/\/hydroleduc.com\/de\/uber-uns\/production\/\" class=\"elementor-item\">Production<\/a><\/li>\n<li class=\"menu-item menu-item-type-post_type menu-item-object-page menu-item-525\"><a href=\"https:\/\/hydroleduc.com\/de\/uber-uns\/qualitat\/\" class=\"elementor-item\">Qualit\u00e4t<\/a><\/li>\n<\/ul>\t\t\t<\/nav>\n\t\t\t\t\t<div class=\"elementor-menu-toggle\" role=\"button\" tabindex=\"0\" aria-label=\"Men\u00fc Umschalter\" aria-expanded=\"false\">\n\t\t\t<svg aria-hidden=\"true\" role=\"presentation\" class=\"elementor-menu-toggle__icon--open e-font-icon-svg e-fas-chevron-circle-down\" viewBox=\"0 0 512 512\" xmlns=\"http:\/\/www.w3.org\/2000\/svg\"><path d=\"M504 256c0 137-111 248-248 248S8 393 8 256 119 8 256 8s248 111 248 248zM273 369.9l135.5-135.5c9.4-9.4 9.4-24.6 0-33.9l-17-17c-9.4-9.4-24.6-9.4-33.9 0L256 285.1 154.4 183.5c-9.4-9.4-24.6-9.4-33.9 0l-17 17c-9.4 9.4-9.4 24.6 0 33.9L239 369.9c9.4 9.4 24.6 9.4 34 0z\"><\/path><\/svg><svg aria-hidden=\"true\" role=\"presentation\" class=\"elementor-menu-toggle__icon--close e-font-icon-svg e-eicon-close\" viewBox=\"0 0 1000 1000\" xmlns=\"http:\/\/www.w3.org\/2000\/svg\"><path d=\"M742 167L500 408 258 167C246 154 233 150 217 150 196 150 179 158 167 167 154 179 150 196 150 212 150 229 154 242 171 254L408 500 167 742C138 771 138 800 167 829 196 858 225 858 254 829L496 587 738 829C750 842 767 846 783 846 800 846 817 842 829 829 842 817 846 804 846 783 846 767 842 750 829 737L588 500 833 258C863 229 863 200 833 171 804 137 775 137 742 167Z\"><\/path><\/svg>\t\t<\/div>\n\t\t\t\t\t<nav class=\"elementor-nav-menu--dropdown elementor-nav-menu__container\" aria-hidden=\"true\">\n\t\t\t\t<ul id=\"menu-2-63c3268b\" class=\"elementor-nav-menu\"><li class=\"menu-item menu-item-type-post_type menu-item-object-page menu-item-523\"><a href=\"https:\/\/hydroleduc.com\/de\/uber-uns\/unsere-geschichte\/\" class=\"elementor-item\" tabindex=\"-1\">Unsere geschichte<\/a><\/li>\n<li class=\"menu-item menu-item-type-post_type menu-item-object-page menu-item-526\"><a href=\"https:\/\/hydroleduc.com\/de\/uber-uns\/forschung-und-entwicklung\/\" class=\"elementor-item\" tabindex=\"-1\">Forschung und Entwicklung<\/a><\/li>\n<li class=\"menu-item menu-item-type-post_type menu-item-object-page menu-item-524\"><a href=\"https:\/\/hydroleduc.com\/de\/uber-uns\/production\/\" class=\"elementor-item\" tabindex=\"-1\">Production<\/a><\/li>\n<li class=\"menu-item menu-item-type-post_type menu-item-object-page menu-item-525\"><a href=\"https:\/\/hydroleduc.com\/de\/uber-uns\/qualitat\/\" class=\"elementor-item\" tabindex=\"-1\">Qualit\u00e4t<\/a><\/li>\n<\/ul>\t\t\t<\/nav>\n\t\t\t\t\t\t<\/div>\n\t\t\t\t<\/div>\n\t\t\t\t\t<\/div>\n\t\t\t\t<\/div>\n\t\t<div class=\"elementor-element elementor-element-2d90a9e1 e-flex e-con-boxed e-con e-parent\" data-id=\"2d90a9e1\" data-element_type=\"container\" data-e-type=\"container\" data-settings=\"{&quot;background_background&quot;:&quot;classic&quot;}\">\n\t\t\t\t\t<div class=\"e-con-inner\">\n\t\t\t\t<div class=\"elementor-element elementor-element-fefda5c elementor-widget elementor-widget-heading\" data-id=\"fefda5c\" data-element_type=\"widget\" data-e-type=\"widget\" data-widget_type=\"heading.default\">\n\t\t\t\t<div class=\"elementor-widget-container\">\n\t\t\t\t\t<h2 class=\"elementor-heading-title elementor-size-default\">HYDRO LEDUC testet 100%<br>\nseiner Produkte.<\/h2>\t\t\t\t<\/div>\n\t\t\t\t<\/div>\n\t\t\t\t<div class=\"elementor-element elementor-element-4505877f elementor-widget-divider--view-line elementor-widget elementor-widget-divider\" data-id=\"4505877f\" data-element_type=\"widget\" data-e-type=\"widget\" data-widget_type=\"divider.default\">\n\t\t\t\t<div class=\"elementor-widget-container\">\n\t\t\t\t\t\t\t<div class=\"elementor-divider\">\n\t\t\t<span class=\"elementor-divider-separator\">\n\t\t\t\t\t\t<\/span>\n\t\t<\/div>\n\t\t\t\t\t\t<\/div>\n\t\t\t\t<\/div>\n\t\t\t\t\t<\/div>\n\t\t\t\t<\/div>\n\t\t<div class=\"elementor-element elementor-element-dbad143 e-con-full e-flex e-con e-parent\" data-id=\"dbad143\" data-element_type=\"container\" data-e-type=\"container\">\n\t\t\t\t<div class=\"elementor-element elementor-element-d37a6f7 elementor-widget elementor-widget-image\" data-id=\"d37a6f7\" data-element_type=\"widget\" data-e-type=\"widget\" data-widget_type=\"image.default\">\n\t\t\t\t<div class=\"elementor-widget-container\">\n\t\t\t\t\t\t\t\t\t\t\t\t\t\t\t<img fetchpriority=\"high\" decoding=\"async\" width=\"1220\" height=\"606\" src=\"https:\/\/hydroleduc.com\/de\/wp-content\/uploads\/2025\/01\/hydroleduc-banc-essai-moteur.png\" class=\"attachment-full size-full wp-image-59\" alt=\"hydroleduc banc essai moteur\" srcset=\"https:\/\/hydroleduc.com\/de\/wp-content\/uploads\/2025\/01\/hydroleduc-banc-essai-moteur.png 1220w, https:\/\/hydroleduc.com\/de\/wp-content\/uploads\/2025\/01\/hydroleduc-banc-essai-moteur-600x298.png 600w, https:\/\/hydroleduc.com\/de\/wp-content\/uploads\/2025\/01\/hydroleduc-banc-essai-moteur-300x149.png 300w, https:\/\/hydroleduc.com\/de\/wp-content\/uploads\/2025\/01\/hydroleduc-banc-essai-moteur-1024x509.png 1024w, https:\/\/hydroleduc.com\/de\/wp-content\/uploads\/2025\/01\/hydroleduc-banc-essai-moteur-768x381.png 768w\" sizes=\"(max-width: 1220px) 100vw, 1220px\" \/>\t\t\t\t\t\t\t\t\t\t\t\t\t\t\t<\/div>\n\t\t\t\t<\/div>\n\t\t\t\t<\/div>\n\t\t<div class=\"elementor-element elementor-element-898e7bd e-flex e-con-boxed e-con e-parent\" data-id=\"898e7bd\" data-element_type=\"container\" data-e-type=\"container\">\n\t\t\t\t\t<div class=\"e-con-inner\">\n\t\t<div class=\"elementor-element elementor-element-99475f6 e-con-full e-flex e-con e-child\" data-id=\"99475f6\" data-element_type=\"container\" data-e-type=\"container\">\n\t\t\t\t<div class=\"elementor-element elementor-element-e950df9 elementor-widget elementor-widget-text-editor\" data-id=\"e950df9\" data-element_type=\"widget\" data-e-type=\"widget\" data-widget_type=\"text-editor.default\">\n\t\t\t\t<div class=\"elementor-widget-container\">\n\t\t\t\t\t\t\t\t\t<p>Bei Design, Materialien, Prozessen und Service ist es unser Ziel, die Qualit\u00e4tserwartungen unserer Kunden zu \u00fcbertreffen. Unsere Zertifikate best\u00e4tigen die Zuverl\u00e4ssigkeit und Qualit\u00e4t unserer Leistung.<\/p><p>Die Qualit\u00e4tspolitik von HYDRO LEDUC besteht darin, alles umzusetzen, was die Kundenzufriedenheit sicherstellt.<br \/>Da sich die Kundenerwartungen im Laufe der Zeit \u00e4ndern, ist es wichtig :<\/p><ul><li>St\u00e4ndig aufmerksam zu sein<\/li><li>Das erreichte Zufriedenheitsniveau kontinuierlich zu messen<\/li><li>Produkte, Service und das Qualit\u00e4tssystem entsprechend zu verbessern<\/li><li>Neue L\u00f6sungen zu schaffen.<\/li><\/ul><p>\u00a0<\/p>\t\t\t\t\t\t\t\t<\/div>\n\t\t\t\t<\/div>\n\t\t\t\t<\/div>\n\t\t<div class=\"elementor-element elementor-element-db0c8d9 e-con-full e-flex e-con e-child\" data-id=\"db0c8d9\" data-element_type=\"container\" data-e-type=\"container\">\n\t\t\t\t<div class=\"elementor-element elementor-element-d1927bc elementor-widget elementor-widget-text-editor\" data-id=\"d1927bc\" data-element_type=\"widget\" data-e-type=\"widget\" data-widget_type=\"text-editor.default\">\n\t\t\t\t<div class=\"elementor-widget-container\">\n\t\t\t\t\t\t\t\t\t<p>Umwelt\u00a0:<br \/>Umweltschutzma\u00dfnahmen werden in \u00dcbereinstimmung mit den gesetzlichen Anforderungen und mit dem Ziel durchgef\u00fchrt, die Umweltbelastung durch Abf\u00e4lle und deren Entsorgung zu reduzieren. Das Unternehmen verpflichtet sich zur<\/p><p>kontinuierlichen Verbesserung des Umweltmanagementsystems. Die Personen, die den Erfolg dieser Qualit\u00e4ts- und Umweltpolitik sicherstellen werden, sind alle Mitarbeiter des Unternehmens.<\/p><p>Sie werden dieser Philosophie, im Sinne des Unternehmens, folgen.\u00a0 Dies ist auch der beste Weg um den Erfolg und die zuk\u00fcnftigen Entwicklung des Unternehmens zu sichern.<\/p>\t\t\t\t\t\t\t\t<\/div>\n\t\t\t\t<\/div>\n\t\t\t\t<\/div>\n\t\t\t\t\t<\/div>\n\t\t\t\t<\/div>\n\t\t<div class=\"elementor-element elementor-element-649ddc09 e-flex e-con-boxed e-con e-parent\" data-id=\"649ddc09\" data-element_type=\"container\" data-e-type=\"container\" data-settings=\"{&quot;background_background&quot;:&quot;classic&quot;}\">\n\t\t\t\t\t<div class=\"e-con-inner\">\n\t\t\t\t<div class=\"elementor-element elementor-element-dc974fd elementor-widget elementor-widget-heading\" data-id=\"dc974fd\" data-element_type=\"widget\" data-e-type=\"widget\" data-widget_type=\"heading.default\">\n\t\t\t\t<div class=\"elementor-widget-container\">\n\t\t\t\t\t<h2 class=\"elementor-heading-title elementor-size-default\">CERTIFICATIONS<\/h2>\t\t\t\t<\/div>\n\t\t\t\t<\/div>\n\t\t\t\t<div class=\"elementor-element elementor-element-5ac99457 elementor-widget-divider--view-line elementor-widget elementor-widget-divider\" data-id=\"5ac99457\" data-element_type=\"widget\" data-e-type=\"widget\" data-widget_type=\"divider.default\">\n\t\t\t\t<div class=\"elementor-widget-container\">\n\t\t\t\t\t\t\t<div class=\"elementor-divider\">\n\t\t\t<span class=\"elementor-divider-separator\">\n\t\t\t\t\t\t<\/span>\n\t\t<\/div>\n\t\t\t\t\t\t<\/div>\n\t\t\t\t<\/div>\n\t\t\t\t\t<\/div>\n\t\t\t\t<\/div>\n\t\t<div class=\"elementor-element elementor-element-a67ed53 e-flex e-con-boxed e-con e-parent\" data-id=\"a67ed53\" data-element_type=\"container\" data-e-type=\"container\">\n\t\t\t\t\t<div class=\"e-con-inner\">\n\t\t\t\t<div class=\"elementor-element elementor-element-b257d35 elementor-widget elementor-widget-text-editor\" data-id=\"b257d35\" data-element_type=\"widget\" data-e-type=\"widget\" data-widget_type=\"text-editor.default\">\n\t\t\t\t<div class=\"elementor-widget-container\">\n\t\t\t\t\t\t\t\t\t<p><a href=\"https:\/\/hydroleduc.com\/de\/wp-content\/uploads\/2026\/02\/Certificat-EN9100-2026-2029.pdf\"><span style=\"color: #0095db;\">EN9100\u00a0: 2018<br \/><\/span><\/a><a href=\"https:\/\/hydroleduc.com\/en\/wp-content\/uploads\/2025\/01\/42000ms_fr01_HLF_2024-26.pdf\"><span style=\"color: #0095db;\">ISO9001\u00a0: 2015<br \/><\/span><\/a><a href=\"https:\/\/hydroleduc.com\/en\/wp-content\/uploads\/2025\/01\/CERTIFICATION-ISO-14001.pdf\"><span style=\"color: #0095db;\">ISO14001 : 2015<br \/><\/span><\/a><a style=\"background-color: #ffffff; color: #0095d2;\" href=\"https:\/\/hydroleduc.com\/de\/wp-content\/uploads\/2026\/02\/Moduld-D_Deutsch.pdf\" target=\"_blank\" rel=\"noopener\">DESP 2014\/68\/UE (D Module) seit 09\/2005<br \/><\/a>Montagewerk in Katy, Texas (USA) : <a href=\"https:\/\/hydroleduc.com\/en\/wp-content\/uploads\/2025\/01\/42000ms_fr02_HLNA_2024-26.pdf\"><span style=\"color: #0095db;\">ISO 9001 : 2015<\/span><\/a><\/p>\t\t\t\t\t\t\t\t<\/div>\n\t\t\t\t<\/div>\n\t\t\t\t\t<\/div>\n\t\t\t\t<\/div>\n\t\t\t\t<\/div>\n\t\t","protected":false},"excerpt":{"rendered":"<p>Qualit\u00e4t HYDRO LEDUC testet 100% seiner Produkte. Bei Design, Materialien, Prozessen und Service ist es unser Ziel, die Qualit\u00e4tserwartungen unserer Kunden zu \u00fcbertreffen. Unsere Zertifikate best\u00e4tigen die Zuverl\u00e4ssigkeit und Qualit\u00e4t unserer Leistung. Die Qualit\u00e4tspolitik von HYDRO LEDUC besteht darin, alles umzusetzen, was die Kundenzufriedenheit sicherstellt.Da sich die Kundenerwartungen im Laufe der Zeit \u00e4ndern, ist es [&hellip;]<\/p>\n","protected":false},"author":2,"featured_media":0,"parent":30,"menu_order":0,"comment_status":"closed","ping_status":"closed","template":"","meta":{"footnotes":""},"class_list":["post-423","page","type-page","status-publish","hentry"],"yoast_head":"<!-- This site is optimized with the Yoast SEO plugin v27.4 - https:\/\/yoast.com\/product\/yoast-seo-wordpress\/ -->\n<title>Hochwertige hydraulik komponenten \u2013 Hydro Leduc<\/title>\n<meta name=\"description\" content=\"Hydro Leduc, qualit\u00e4t im mittelpunkt jeder hydraulikkomponente: innovation, genauigkeit und kontrolle in jeder produktionsphase.\" \/>\n<meta name=\"robots\" content=\"index, follow, max-snippet:-1, max-image-preview:large, max-video-preview:-1\" \/>\n<link rel=\"canonical\" href=\"https:\/\/hydroleduc.com\/de\/uber-uns\/qualitat\/\" \/>\n<meta property=\"og:locale\" content=\"de_DE\" \/>\n<meta property=\"og:type\" content=\"article\" \/>\n<meta property=\"og:title\" content=\"Hochwertige hydraulik komponenten \u2013 Hydro Leduc\" \/>\n<meta property=\"og:description\" content=\"Hydro Leduc, qualit\u00e4t im mittelpunkt jeder hydraulikkomponente: innovation, genauigkeit und kontrolle in jeder produktionsphase.\" \/>\n<meta property=\"og:url\" content=\"https:\/\/hydroleduc.com\/de\/uber-uns\/qualitat\/\" \/>\n<meta property=\"og:site_name\" content=\"HYDRO LEDUC\" \/>\n<meta property=\"article:modified_time\" content=\"2026-04-09T08:37:34+00:00\" \/>\n<meta property=\"og:image\" content=\"https:\/\/hydroleduc.com\/de\/wp-content\/uploads\/2025\/01\/hydroleduc-banc-essai-moteur.png\" \/>\n\t<meta property=\"og:image:width\" content=\"1220\" \/>\n\t<meta property=\"og:image:height\" content=\"606\" \/>\n\t<meta property=\"og:image:type\" content=\"image\/png\" \/>\n<meta name=\"twitter:card\" content=\"summary_large_image\" \/>\n<meta name=\"twitter:label1\" content=\"Gesch\u00e4tzte Lesezeit\" \/>\n\t<meta name=\"twitter:data1\" content=\"2\u00a0Minuten\" \/>\n<script type=\"application\/ld+json\" class=\"yoast-schema-graph\">{\"@context\":\"https:\\\/\\\/schema.org\",\"@graph\":[{\"@type\":\"WebPage\",\"@id\":\"https:\\\/\\\/hydroleduc.com\\\/de\\\/uber-uns\\\/qualitat\\\/\",\"url\":\"https:\\\/\\\/hydroleduc.com\\\/de\\\/uber-uns\\\/qualitat\\\/\",\"name\":\"Hochwertige hydraulik komponenten \u2013 Hydro Leduc\",\"isPartOf\":{\"@id\":\"https:\\\/\\\/hydroleduc.com\\\/de\\\/#website\"},\"primaryImageOfPage\":{\"@id\":\"https:\\\/\\\/hydroleduc.com\\\/de\\\/uber-uns\\\/qualitat\\\/#primaryimage\"},\"image\":{\"@id\":\"https:\\\/\\\/hydroleduc.com\\\/de\\\/uber-uns\\\/qualitat\\\/#primaryimage\"},\"thumbnailUrl\":\"https:\\\/\\\/hydroleduc.com\\\/de\\\/wp-content\\\/uploads\\\/2025\\\/01\\\/hydroleduc-banc-essai-moteur.png\",\"datePublished\":\"2025-01-17T10:24:01+00:00\",\"dateModified\":\"2026-04-09T08:37:34+00:00\",\"description\":\"Hydro Leduc, qualit\u00e4t im mittelpunkt jeder hydraulikkomponente: innovation, genauigkeit und kontrolle in jeder produktionsphase.\",\"breadcrumb\":{\"@id\":\"https:\\\/\\\/hydroleduc.com\\\/de\\\/uber-uns\\\/qualitat\\\/#breadcrumb\"},\"inLanguage\":\"de\",\"potentialAction\":[{\"@type\":\"ReadAction\",\"target\":[\"https:\\\/\\\/hydroleduc.com\\\/de\\\/uber-uns\\\/qualitat\\\/\"]}]},{\"@type\":\"ImageObject\",\"inLanguage\":\"de\",\"@id\":\"https:\\\/\\\/hydroleduc.com\\\/de\\\/uber-uns\\\/qualitat\\\/#primaryimage\",\"url\":\"https:\\\/\\\/hydroleduc.com\\\/de\\\/wp-content\\\/uploads\\\/2025\\\/01\\\/hydroleduc-banc-essai-moteur.png\",\"contentUrl\":\"https:\\\/\\\/hydroleduc.com\\\/de\\\/wp-content\\\/uploads\\\/2025\\\/01\\\/hydroleduc-banc-essai-moteur.png\",\"width\":1220,\"height\":606,\"caption\":\"hydroleduc banc essai moteur\"},{\"@type\":\"BreadcrumbList\",\"@id\":\"https:\\\/\\\/hydroleduc.com\\\/de\\\/uber-uns\\\/qualitat\\\/#breadcrumb\",\"itemListElement\":[{\"@type\":\"ListItem\",\"position\":1,\"name\":\"Startseite\",\"item\":\"https:\\\/\\\/hydroleduc.com\\\/de\\\/\"},{\"@type\":\"ListItem\",\"position\":2,\"name\":\"\u00dcber uns\",\"item\":\"https:\\\/\\\/hydroleduc.com\\\/de\\\/uber-uns\\\/\"},{\"@type\":\"ListItem\",\"position\":3,\"name\":\"Qualit\u00e4t\"}]},{\"@type\":\"WebSite\",\"@id\":\"https:\\\/\\\/hydroleduc.com\\\/de\\\/#website\",\"url\":\"https:\\\/\\\/hydroleduc.com\\\/de\\\/\",\"name\":\"HYDRO LEDUC\",\"description\":\"Hersteller von Hydraulikkomponenten\",\"publisher\":{\"@id\":\"https:\\\/\\\/hydroleduc.com\\\/de\\\/#organization\"},\"potentialAction\":[{\"@type\":\"SearchAction\",\"target\":{\"@type\":\"EntryPoint\",\"urlTemplate\":\"https:\\\/\\\/hydroleduc.com\\\/de\\\/?s={search_term_string}\"},\"query-input\":{\"@type\":\"PropertyValueSpecification\",\"valueRequired\":true,\"valueName\":\"search_term_string\"}}],\"inLanguage\":\"de\"},{\"@type\":\"Organization\",\"@id\":\"https:\\\/\\\/hydroleduc.com\\\/de\\\/#organization\",\"name\":\"HYDRO LEDUC\",\"url\":\"https:\\\/\\\/hydroleduc.com\\\/de\\\/\",\"logo\":{\"@type\":\"ImageObject\",\"inLanguage\":\"de\",\"@id\":\"https:\\\/\\\/hydroleduc.com\\\/de\\\/#\\\/schema\\\/logo\\\/image\\\/\",\"url\":\"https:\\\/\\\/hydroleduc.com\\\/de\\\/wp-content\\\/uploads\\\/2025\\\/01\\\/logo-hydroleduc.png\",\"contentUrl\":\"https:\\\/\\\/hydroleduc.com\\\/de\\\/wp-content\\\/uploads\\\/2025\\\/01\\\/logo-hydroleduc.png\",\"width\":366,\"height\":148,\"caption\":\"HYDRO LEDUC\"},\"image\":{\"@id\":\"https:\\\/\\\/hydroleduc.com\\\/de\\\/#\\\/schema\\\/logo\\\/image\\\/\"}}]}<\/script>\n<!-- \/ Yoast SEO plugin. -->","yoast_head_json":{"title":"Hochwertige hydraulik komponenten \u2013 Hydro Leduc","description":"Hydro Leduc, qualit\u00e4t im mittelpunkt jeder hydraulikkomponente: innovation, genauigkeit und kontrolle in jeder produktionsphase.","robots":{"index":"index","follow":"follow","max-snippet":"max-snippet:-1","max-image-preview":"max-image-preview:large","max-video-preview":"max-video-preview:-1"},"canonical":"https:\/\/hydroleduc.com\/de\/uber-uns\/qualitat\/","og_locale":"de_DE","og_type":"article","og_title":"Hochwertige hydraulik komponenten \u2013 Hydro Leduc","og_description":"Hydro Leduc, qualit\u00e4t im mittelpunkt jeder hydraulikkomponente: innovation, genauigkeit und kontrolle in jeder produktionsphase.","og_url":"https:\/\/hydroleduc.com\/de\/uber-uns\/qualitat\/","og_site_name":"HYDRO LEDUC","article_modified_time":"2026-04-09T08:37:34+00:00","og_image":[{"width":1220,"height":606,"url":"https:\/\/hydroleduc.com\/de\/wp-content\/uploads\/2025\/01\/hydroleduc-banc-essai-moteur.png","type":"image\/png"}],"twitter_card":"summary_large_image","twitter_misc":{"Gesch\u00e4tzte Lesezeit":"2\u00a0Minuten"},"schema":{"@context":"https:\/\/schema.org","@graph":[{"@type":"WebPage","@id":"https:\/\/hydroleduc.com\/de\/uber-uns\/qualitat\/","url":"https:\/\/hydroleduc.com\/de\/uber-uns\/qualitat\/","name":"Hochwertige hydraulik komponenten \u2013 Hydro Leduc","isPartOf":{"@id":"https:\/\/hydroleduc.com\/de\/#website"},"primaryImageOfPage":{"@id":"https:\/\/hydroleduc.com\/de\/uber-uns\/qualitat\/#primaryimage"},"image":{"@id":"https:\/\/hydroleduc.com\/de\/uber-uns\/qualitat\/#primaryimage"},"thumbnailUrl":"https:\/\/hydroleduc.com\/de\/wp-content\/uploads\/2025\/01\/hydroleduc-banc-essai-moteur.png","datePublished":"2025-01-17T10:24:01+00:00","dateModified":"2026-04-09T08:37:34+00:00","description":"Hydro Leduc, qualit\u00e4t im mittelpunkt jeder hydraulikkomponente: innovation, genauigkeit und kontrolle in jeder produktionsphase.","breadcrumb":{"@id":"https:\/\/hydroleduc.com\/de\/uber-uns\/qualitat\/#breadcrumb"},"inLanguage":"de","potentialAction":[{"@type":"ReadAction","target":["https:\/\/hydroleduc.com\/de\/uber-uns\/qualitat\/"]}]},{"@type":"ImageObject","inLanguage":"de","@id":"https:\/\/hydroleduc.com\/de\/uber-uns\/qualitat\/#primaryimage","url":"https:\/\/hydroleduc.com\/de\/wp-content\/uploads\/2025\/01\/hydroleduc-banc-essai-moteur.png","contentUrl":"https:\/\/hydroleduc.com\/de\/wp-content\/uploads\/2025\/01\/hydroleduc-banc-essai-moteur.png","width":1220,"height":606,"caption":"hydroleduc banc essai moteur"},{"@type":"BreadcrumbList","@id":"https:\/\/hydroleduc.com\/de\/uber-uns\/qualitat\/#breadcrumb","itemListElement":[{"@type":"ListItem","position":1,"name":"Startseite","item":"https:\/\/hydroleduc.com\/de\/"},{"@type":"ListItem","position":2,"name":"\u00dcber uns","item":"https:\/\/hydroleduc.com\/de\/uber-uns\/"},{"@type":"ListItem","position":3,"name":"Qualit\u00e4t"}]},{"@type":"WebSite","@id":"https:\/\/hydroleduc.com\/de\/#website","url":"https:\/\/hydroleduc.com\/de\/","name":"HYDRO LEDUC","description":"Hersteller von Hydraulikkomponenten","publisher":{"@id":"https:\/\/hydroleduc.com\/de\/#organization"},"potentialAction":[{"@type":"SearchAction","target":{"@type":"EntryPoint","urlTemplate":"https:\/\/hydroleduc.com\/de\/?s={search_term_string}"},"query-input":{"@type":"PropertyValueSpecification","valueRequired":true,"valueName":"search_term_string"}}],"inLanguage":"de"},{"@type":"Organization","@id":"https:\/\/hydroleduc.com\/de\/#organization","name":"HYDRO LEDUC","url":"https:\/\/hydroleduc.com\/de\/","logo":{"@type":"ImageObject","inLanguage":"de","@id":"https:\/\/hydroleduc.com\/de\/#\/schema\/logo\/image\/","url":"https:\/\/hydroleduc.com\/de\/wp-content\/uploads\/2025\/01\/logo-hydroleduc.png","contentUrl":"https:\/\/hydroleduc.com\/de\/wp-content\/uploads\/2025\/01\/logo-hydroleduc.png","width":366,"height":148,"caption":"HYDRO LEDUC"},"image":{"@id":"https:\/\/hydroleduc.com\/de\/#\/schema\/logo\/image\/"}}]}},"_links":{"self":[{"href":"https:\/\/hydroleduc.com\/de\/wp-json\/wp\/v2\/pages\/423","targetHints":{"allow":["GET"]}}],"collection":[{"href":"https:\/\/hydroleduc.com\/de\/wp-json\/wp\/v2\/pages"}],"about":[{"href":"https:\/\/hydroleduc.com\/de\/wp-json\/wp\/v2\/types\/page"}],"author":[{"embeddable":true,"href":"https:\/\/hydroleduc.com\/de\/wp-json\/wp\/v2\/users\/2"}],"replies":[{"embeddable":true,"href":"https:\/\/hydroleduc.com\/de\/wp-json\/wp\/v2\/comments?post=423"}],"version-history":[{"count":93,"href":"https:\/\/hydroleduc.com\/de\/wp-json\/wp\/v2\/pages\/423\/revisions"}],"predecessor-version":[{"id":46405,"href":"https:\/\/hydroleduc.com\/de\/wp-json\/wp\/v2\/pages\/423\/revisions\/46405"}],"up":[{"embeddable":true,"href":"https:\/\/hydroleduc.com\/de\/wp-json\/wp\/v2\/pages\/30"}],"wp:attachment":[{"href":"https:\/\/hydroleduc.com\/de\/wp-json\/wp\/v2\/media?parent=423"}],"curies":[{"name":"wp","href":"https:\/\/api.w.org\/{rel}","templated":true}]}}