{"id":425,"date":"2025-01-17T11:24:31","date_gmt":"2025-01-17T10:24:31","guid":{"rendered":"https:\/\/hydroleduc.com\/de\/?page_id=425"},"modified":"2025-09-30T15:13:29","modified_gmt":"2025-09-30T13:13:29","slug":"production","status":"publish","type":"page","link":"https:\/\/hydroleduc.com\/de\/uber-uns\/production\/","title":{"rendered":"Production"},"content":{"rendered":"\t\t<div data-elementor-type=\"wp-page\" data-elementor-id=\"425\" class=\"elementor elementor-425\" data-elementor-post-type=\"page\">\n\t\t\t\t<div class=\"elementor-element elementor-element-739ef309 header-page e-flex e-con-boxed e-con e-parent\" data-id=\"739ef309\" data-element_type=\"container\" data-e-type=\"container\" data-settings=\"{&quot;background_background&quot;:&quot;classic&quot;}\">\n\t\t\t\t\t<div class=\"e-con-inner\">\n\t\t\t\t<div class=\"elementor-element elementor-element-c978a27 elementor-widget elementor-widget-breadcrumbs\" data-id=\"c978a27\" data-element_type=\"widget\" data-e-type=\"widget\" data-widget_type=\"breadcrumbs.default\">\n\t\t\t\t<div class=\"elementor-widget-container\">\n\t\t\t\t\t<p id=\"breadcrumbs\"><span><span><a href=\"https:\/\/hydroleduc.com\/de\/\">Startseite<\/a><\/span><\/span><\/p>\t\t\t\t<\/div>\n\t\t\t\t<\/div>\n\t\t\t\t<div class=\"elementor-element elementor-element-59e77719 elementor-widget elementor-widget-heading\" data-id=\"59e77719\" data-element_type=\"widget\" data-e-type=\"widget\" data-widget_type=\"heading.default\">\n\t\t\t\t<div class=\"elementor-widget-container\">\n\t\t\t\t\t<h1 class=\"elementor-heading-title elementor-size-default\">PRODUCTION<\/h1>\t\t\t\t<\/div>\n\t\t\t\t<\/div>\n\t\t\t\t\t<\/div>\n\t\t\t\t<\/div>\n\t\t<div class=\"elementor-element elementor-element-6ab679c4 e-flex e-con-boxed e-con e-parent\" data-id=\"6ab679c4\" data-element_type=\"container\" data-e-type=\"container\" data-settings=\"{&quot;background_background&quot;:&quot;classic&quot;}\">\n\t\t\t\t\t<div class=\"e-con-inner\">\n\t\t\t\t<div class=\"elementor-element elementor-element-982e0ee elementor-nav-menu--dropdown-mobile elementor-nav-menu__text-align-aside elementor-nav-menu--toggle elementor-nav-menu--burger elementor-widget elementor-widget-nav-menu\" data-id=\"982e0ee\" data-element_type=\"widget\" data-e-type=\"widget\" data-settings=\"{&quot;layout&quot;:&quot;horizontal&quot;,&quot;submenu_icon&quot;:{&quot;value&quot;:&quot;&lt;svg aria-hidden=\\&quot;true\\&quot; class=\\&quot;e-font-icon-svg e-fas-caret-down\\&quot; viewBox=\\&quot;0 0 320 512\\&quot; xmlns=\\&quot;http:\\\/\\\/www.w3.org\\\/2000\\\/svg\\&quot;&gt;&lt;path d=\\&quot;M31.3 192h257.3c17.8 0 26.7 21.5 14.1 34.1L174.1 354.8c-7.8 7.8-20.5 7.8-28.3 0L17.2 226.1C4.6 213.5 13.5 192 31.3 192z\\&quot;&gt;&lt;\\\/path&gt;&lt;\\\/svg&gt;&quot;,&quot;library&quot;:&quot;fa-solid&quot;},&quot;toggle&quot;:&quot;burger&quot;}\" data-widget_type=\"nav-menu.default\">\n\t\t\t\t<div class=\"elementor-widget-container\">\n\t\t\t\t\t\t\t\t<nav aria-label=\"Menu\" class=\"elementor-nav-menu--main elementor-nav-menu__container elementor-nav-menu--layout-horizontal e--pointer-none\">\n\t\t\t\t<ul id=\"menu-1-982e0ee\" class=\"elementor-nav-menu\"><li class=\"menu-item menu-item-type-post_type menu-item-object-page menu-item-523\"><a href=\"https:\/\/hydroleduc.com\/de\/uber-uns\/unsere-geschichte\/\" class=\"elementor-item\">Unsere geschichte<\/a><\/li>\n<li class=\"menu-item menu-item-type-post_type menu-item-object-page menu-item-526\"><a href=\"https:\/\/hydroleduc.com\/de\/uber-uns\/forschung-und-entwicklung\/\" class=\"elementor-item\">Forschung und Entwicklung<\/a><\/li>\n<li class=\"menu-item menu-item-type-post_type menu-item-object-page menu-item-524\"><a href=\"https:\/\/hydroleduc.com\/de\/uber-uns\/production\/\" class=\"elementor-item\">Production<\/a><\/li>\n<li class=\"menu-item menu-item-type-post_type menu-item-object-page menu-item-525\"><a href=\"https:\/\/hydroleduc.com\/de\/uber-uns\/qualitat\/\" class=\"elementor-item\">Qualit\u00e4t<\/a><\/li>\n<\/ul>\t\t\t<\/nav>\n\t\t\t\t\t<div class=\"elementor-menu-toggle\" role=\"button\" tabindex=\"0\" aria-label=\"Men\u00fc Umschalter\" aria-expanded=\"false\">\n\t\t\t<svg aria-hidden=\"true\" role=\"presentation\" class=\"elementor-menu-toggle__icon--open e-font-icon-svg e-fas-chevron-circle-down\" viewBox=\"0 0 512 512\" xmlns=\"http:\/\/www.w3.org\/2000\/svg\"><path d=\"M504 256c0 137-111 248-248 248S8 393 8 256 119 8 256 8s248 111 248 248zM273 369.9l135.5-135.5c9.4-9.4 9.4-24.6 0-33.9l-17-17c-9.4-9.4-24.6-9.4-33.9 0L256 285.1 154.4 183.5c-9.4-9.4-24.6-9.4-33.9 0l-17 17c-9.4 9.4-9.4 24.6 0 33.9L239 369.9c9.4 9.4 24.6 9.4 34 0z\"><\/path><\/svg><svg aria-hidden=\"true\" role=\"presentation\" class=\"elementor-menu-toggle__icon--close e-font-icon-svg e-eicon-close\" viewBox=\"0 0 1000 1000\" xmlns=\"http:\/\/www.w3.org\/2000\/svg\"><path d=\"M742 167L500 408 258 167C246 154 233 150 217 150 196 150 179 158 167 167 154 179 150 196 150 212 150 229 154 242 171 254L408 500 167 742C138 771 138 800 167 829 196 858 225 858 254 829L496 587 738 829C750 842 767 846 783 846 800 846 817 842 829 829 842 817 846 804 846 783 846 767 842 750 829 737L588 500 833 258C863 229 863 200 833 171 804 137 775 137 742 167Z\"><\/path><\/svg>\t\t<\/div>\n\t\t\t\t\t<nav class=\"elementor-nav-menu--dropdown elementor-nav-menu__container\" aria-hidden=\"true\">\n\t\t\t\t<ul id=\"menu-2-982e0ee\" class=\"elementor-nav-menu\"><li class=\"menu-item menu-item-type-post_type menu-item-object-page menu-item-523\"><a href=\"https:\/\/hydroleduc.com\/de\/uber-uns\/unsere-geschichte\/\" class=\"elementor-item\" tabindex=\"-1\">Unsere geschichte<\/a><\/li>\n<li class=\"menu-item menu-item-type-post_type menu-item-object-page menu-item-526\"><a href=\"https:\/\/hydroleduc.com\/de\/uber-uns\/forschung-und-entwicklung\/\" class=\"elementor-item\" tabindex=\"-1\">Forschung und Entwicklung<\/a><\/li>\n<li class=\"menu-item menu-item-type-post_type menu-item-object-page menu-item-524\"><a href=\"https:\/\/hydroleduc.com\/de\/uber-uns\/production\/\" class=\"elementor-item\" tabindex=\"-1\">Production<\/a><\/li>\n<li class=\"menu-item menu-item-type-post_type menu-item-object-page menu-item-525\"><a href=\"https:\/\/hydroleduc.com\/de\/uber-uns\/qualitat\/\" class=\"elementor-item\" tabindex=\"-1\">Qualit\u00e4t<\/a><\/li>\n<\/ul>\t\t\t<\/nav>\n\t\t\t\t\t\t<\/div>\n\t\t\t\t<\/div>\n\t\t\t\t\t<\/div>\n\t\t\t\t<\/div>\n\t\t<div class=\"elementor-element elementor-element-94930e2 e-con-full e-flex e-con e-parent\" data-id=\"94930e2\" data-element_type=\"container\" data-e-type=\"container\">\n\t\t\t\t<div class=\"elementor-element elementor-element-57593d6 elementor-widget elementor-widget-image\" data-id=\"57593d6\" data-element_type=\"widget\" data-e-type=\"widget\" data-widget_type=\"image.default\">\n\t\t\t\t<div class=\"elementor-widget-container\">\n\t\t\t\t\t\t\t\t\t\t\t\t\t\t\t<img fetchpriority=\"high\" decoding=\"async\" width=\"1220\" height=\"481\" src=\"https:\/\/hydroleduc.com\/de\/wp-content\/uploads\/2025\/01\/hydroleduc-france-factory.png\" class=\"attachment-full size-full wp-image-512\" alt=\"hydroleduc france factory\" srcset=\"https:\/\/hydroleduc.com\/de\/wp-content\/uploads\/2025\/01\/hydroleduc-france-factory.png 1220w, https:\/\/hydroleduc.com\/de\/wp-content\/uploads\/2025\/01\/hydroleduc-france-factory-600x237.png 600w, https:\/\/hydroleduc.com\/de\/wp-content\/uploads\/2025\/01\/hydroleduc-france-factory-300x118.png 300w, https:\/\/hydroleduc.com\/de\/wp-content\/uploads\/2025\/01\/hydroleduc-france-factory-1024x404.png 1024w, https:\/\/hydroleduc.com\/de\/wp-content\/uploads\/2025\/01\/hydroleduc-france-factory-768x303.png 768w\" sizes=\"(max-width: 1220px) 100vw, 1220px\" \/>\t\t\t\t\t\t\t\t\t\t\t\t\t\t\t<\/div>\n\t\t\t\t<\/div>\n\t\t\t\t<\/div>\n\t\t<div class=\"elementor-element elementor-element-a2f2198 e-flex e-con-boxed e-con e-parent\" data-id=\"a2f2198\" data-element_type=\"container\" data-e-type=\"container\">\n\t\t\t\t\t<div class=\"e-con-inner\">\n\t\t<div class=\"elementor-element elementor-element-929ce5a e-con-full e-flex e-con e-child\" data-id=\"929ce5a\" data-element_type=\"container\" data-e-type=\"container\">\n\t\t\t\t<div class=\"elementor-element elementor-element-2390e4f elementor-widget elementor-widget-heading\" data-id=\"2390e4f\" data-element_type=\"widget\" data-e-type=\"widget\" data-widget_type=\"heading.default\">\n\t\t\t\t<div class=\"elementor-widget-container\">\n\t\t\t\t\t<h3 class=\"elementor-heading-title elementor-size-default\">1. PROTOTYPENBAU<\/h3>\t\t\t\t<\/div>\n\t\t\t\t<\/div>\n\t\t\t\t<div class=\"elementor-element elementor-element-cff12ae elementor-widget elementor-widget-text-editor\" data-id=\"cff12ae\" data-element_type=\"widget\" data-e-type=\"widget\" data-widget_type=\"text-editor.default\">\n\t\t\t\t<div class=\"elementor-widget-container\">\n\t\t\t\t\t\t\t\t\t<p>Unsere Fertigung verf\u00fcgt \u00fcber eine eigenst\u00e4ndigen und unabh\u00e4ngig vom Tagesgesch\u00e4ft arbeitende Abteilung f\u00fcr die Fertigung und Herstellung von Prototypen. Hier kommen modernste 4 und 5-axige Fr\u00e4s- und Drehmaschinen zum Einsatz.<br \/>Unter anderem wurde diese Abteilung aufgebaut, um den Anforderungen und Bedarfen unser eigenen Entwicklungsabteilung zu entsprechen und auch erforderliche Sonderwerkzeuge schnellstm\u00f6glich herzustellen.<\/p>\t\t\t\t\t\t\t\t<\/div>\n\t\t\t\t<\/div>\n\t\t\t\t<div class=\"elementor-element elementor-element-6fd6e15 elementor-widget elementor-widget-heading\" data-id=\"6fd6e15\" data-element_type=\"widget\" data-e-type=\"widget\" data-widget_type=\"heading.default\">\n\t\t\t\t<div class=\"elementor-widget-container\">\n\t\t\t\t\t<h3 class=\"elementor-heading-title elementor-size-default\">2. HERSTELLUNG \/ PRODUKTIONSMITTEL<\/h3>\t\t\t\t<\/div>\n\t\t\t\t<\/div>\n\t\t\t\t<div class=\"elementor-element elementor-element-a4b5e17 elementor-widget elementor-widget-text-editor\" data-id=\"a4b5e17\" data-element_type=\"widget\" data-e-type=\"widget\" data-widget_type=\"text-editor.default\">\n\t\t\t\t<div class=\"elementor-widget-container\">\n\t\t\t\t\t\t\t\t\t<p>HYDRO LEDUC verf\u00fcgt \u00fcber einen modernen, teilweise vollautomatisierten Maschinenpark, mit produktspezifischen Fertigungszellen :<\/p><ul><li>3, 4 und 5-axigen Drehautomaten<\/li><li>3, 4 und 5-axigen Fertigungszentren<\/li><li>Fertigungszentren mit vollautomatisierter Werkzeugversorgung \u00fcber ein 56-Paletten Bevorratungssystem f\u00fcr Dreh- und Fr\u00e4swerkzeuge.<\/li><li>3D-Pr\u00fcf- und Kontrolleinrichtungen.<\/li><\/ul>\t\t\t\t\t\t\t\t<\/div>\n\t\t\t\t<\/div>\n\t\t\t\t<div class=\"elementor-element elementor-element-0f76b4a elementor-widget elementor-widget-heading\" data-id=\"0f76b4a\" data-element_type=\"widget\" data-e-type=\"widget\" data-widget_type=\"heading.default\">\n\t\t\t\t<div class=\"elementor-widget-container\">\n\t\t\t\t\t<h3 class=\"elementor-heading-title elementor-size-default\">3. W\u00c4RMEBEHANDLUNG<\/h3>\t\t\t\t<\/div>\n\t\t\t\t<\/div>\n\t\t\t\t<div class=\"elementor-element elementor-element-0325207 elementor-widget elementor-widget-text-editor\" data-id=\"0325207\" data-element_type=\"widget\" data-e-type=\"widget\" data-widget_type=\"text-editor.default\">\n\t\t\t\t<div class=\"elementor-widget-container\">\n\t\t\t\t\t\t\t\t\t<p>HYDRO LEDUC sorgt f\u00fcr die W\u00e4rmebehandlung (H\u00e4rtung) aller Kernkomponenten (rotierende Bauteile) in eigener Verantwortung. Hierzu sind eigene Vaccum-Nitrationsh\u00e4rteanlagen im Einsatz.<br \/>Hierdurch ist h\u00f6chste Genauigkeit und Flexibilit\u00e4t bei diesem entscheidenden Produktionsschritt gew\u00e4hrleistet.<\/p>\t\t\t\t\t\t\t\t<\/div>\n\t\t\t\t<\/div>\n\t\t\t\t<\/div>\n\t\t<div class=\"elementor-element elementor-element-347a6a0 e-con-full e-flex e-con e-child\" data-id=\"347a6a0\" data-element_type=\"container\" data-e-type=\"container\">\n\t\t\t\t<div class=\"elementor-element elementor-element-c23e4d5 elementor-widget elementor-widget-heading\" data-id=\"c23e4d5\" data-element_type=\"widget\" data-e-type=\"widget\" data-widget_type=\"heading.default\">\n\t\t\t\t<div class=\"elementor-widget-container\">\n\t\t\t\t\t<h3 class=\"elementor-heading-title elementor-size-default\">4. MONTAGE\n<\/h3>\t\t\t\t<\/div>\n\t\t\t\t<\/div>\n\t\t\t\t<div class=\"elementor-element elementor-element-f9ebbf4 elementor-widget elementor-widget-text-editor\" data-id=\"f9ebbf4\" data-element_type=\"widget\" data-e-type=\"widget\" data-widget_type=\"text-editor.default\">\n\t\t\t\t<div class=\"elementor-widget-container\">\n\t\t\t\t\t\t\t\t\t<p>\u00b0\u00a0Waschmaschinen f\u00fcr mechanisch gefertigte Bauteile<br \/>Der Schritte der Bauteilereinheit ist ein essentiell im der HYDRO LEDUC Fertigungsprozess.<br \/>Bauteilereinheit ist entscheidend f\u00fcr weitere Bearbeitungs- und Montageschtritte und gew\u00e4hrleistet die Qualit\u00e4t und Verl\u00e4sslichkeit von Produktionsmittels und des Endproduktes.<\/p><p>\u00b0\u00a0Laser-Schwei\u00dfanlagen<br \/>Ein entscheidendes Produktionsmittel bei der Fertigung unserer geschwei\u00dften Druckspeichergeh\u00e4use.<\/p><p>\u00b0\u00a0Mikrohydraulik<br \/>HYDRO LEDUC Mikro Hydraulik Komponenten finden Einsatz in der Erd\u00f6lforschung, Ozeanographie, Luftfahrt und im Sonderwerkzeugbau. Diese, mit immer h\u00f6her werdenden Bedarfen ben\u00f6tigten Produkte, werden in einem eigenst\u00e4ndigen, unter Reinraumbedingungen arbeitenden Bereich auf unserem Werksgel\u00e4nde hergestellt.<\/p><p>\u00b0\u00a0Montage<br \/>HYDRO LEDUC Montagelinien sind nach neuesten Richtlinien bez\u00fcglich \u201eLean-Production\u201c ausgelegt. Die \u201eEinzelst\u00fcck-Zufluss-Methode\u201c wurde eingef\u00fchrt um den Monteur die Komponentenmontage (Pumpen und Motore) Schritt um Schritt zu erm\u00f6glichen. Die Qualit\u00e4t des Montageprozesses wird hierbei durch das \u201cPoka Yok\u00e9\u201d Prinzip \u00fcberwacht und sichergestellt. Um auch bei der Montage, jeweils in \u201eEchtzeit\u201c, die \u201ePerformance\u201c der Arbeitsleistung zu erkennen (z. Bsp. noch zu montierende Einheiten) wurde durch HYDRO LEDUC jede Montagelinie mit einem visuellen Managementsystem ausger\u00fcstet (Bildschirmanzeigen).<\/p><p>Die Montagelinien sind unterteilt nach Produktgruppen wie Pumpe und Motor aber ebenfalls auch hydraulische Druckspeicher und Sonderprodukte (z.\u00a0 Bsp. Zylinder).<\/p><p>\u00b0\u00a0Pr\u00fcfst\u00e4nde<br \/>Produktqualit\u00e4t und Produktverl\u00e4sslichkeit sind essentiell f\u00fcr HYDRO LEDUC. Daher erfolgt am Ende einer jeden Montagelinie ein Pr\u00fcfstands-Testlauf f\u00fcr alle Produkte (100%, in jeder Montagelinie).<\/p>\t\t\t\t\t\t\t\t<\/div>\n\t\t\t\t<\/div>\n\t\t\t\t<\/div>\n\t\t<div class=\"elementor-element elementor-element-1bde497 e-con-full e-flex e-con e-child\" data-id=\"1bde497\" data-element_type=\"container\" data-e-type=\"container\">\n\t\t\t\t<div class=\"elementor-element elementor-element-5b6041f elementor-widget elementor-widget-heading\" data-id=\"5b6041f\" data-element_type=\"widget\" data-e-type=\"widget\" data-widget_type=\"heading.default\">\n\t\t\t\t<div class=\"elementor-widget-container\">\n\t\t\t\t\t<h3 class=\"elementor-heading-title elementor-size-default\">5. LACKIERUNG, VERPACKUNG, LAGERUNG, VERSAND<\/h3>\t\t\t\t<\/div>\n\t\t\t\t<\/div>\n\t\t\t\t<div class=\"elementor-element elementor-element-52709ed elementor-widget elementor-widget-text-editor\" data-id=\"52709ed\" data-element_type=\"widget\" data-e-type=\"widget\" data-widget_type=\"text-editor.default\">\n\t\t\t\t<div class=\"elementor-widget-container\">\n\t\t\t\t\t\t\t\t\t<p>HYDRO LEDUC entwickelte ein Standard-Lackierverfahren welches sehr hohe Korrosionsbest\u00e4ndigkeit f\u00fcr unsere Produkte gew\u00e4hrleistet (500 Stunden Resistenz gegen Salz-Spr\u00fchnebel). Das Lackieren erfolgt in einer hochmodernen automatisierten Lackierstra\u00dfe. Nach der Trocknung wird das Produkte unverz\u00fcglich verpackt und steht f\u00fcr den Versand bereit.<\/p>\t\t\t\t\t\t\t\t<\/div>\n\t\t\t\t<\/div>\n\t\t\t\t<\/div>\n\t\t\t\t\t<\/div>\n\t\t\t\t<\/div>\n\t\t\t\t<\/div>\n\t\t","protected":false},"excerpt":{"rendered":"<p>PRODUCTION 1. PROTOTYPENBAU Unsere Fertigung verf\u00fcgt \u00fcber eine eigenst\u00e4ndigen und unabh\u00e4ngig vom Tagesgesch\u00e4ft arbeitende Abteilung f\u00fcr die Fertigung und Herstellung von Prototypen. Hier kommen modernste 4 und 5-axige Fr\u00e4s- und Drehmaschinen zum Einsatz.Unter anderem wurde diese Abteilung aufgebaut, um den Anforderungen und Bedarfen unser eigenen Entwicklungsabteilung zu entsprechen und auch erforderliche Sonderwerkzeuge schnellstm\u00f6glich herzustellen. 2. [&hellip;]<\/p>\n","protected":false},"author":2,"featured_media":0,"parent":30,"menu_order":0,"comment_status":"closed","ping_status":"closed","template":"","meta":{"footnotes":""},"class_list":["post-425","page","type-page","status-publish","hentry"],"yoast_head":"<!-- This site is optimized with the Yoast SEO plugin v27.2 - https:\/\/yoast.com\/product\/yoast-seo-wordpress\/ -->\n<title>Produktion von hydraulik komponenten - Hydro Leduc<\/title>\n<meta name=\"description\" content=\"100 % kontrollierte produktion in Frankreich: Hydro Leduc entwickelt und fertigt seine Hydraulikkomponenten mit hohen standards und pr\u00e4zision\" \/>\n<meta name=\"robots\" content=\"index, follow, max-snippet:-1, max-image-preview:large, max-video-preview:-1\" \/>\n<link rel=\"canonical\" href=\"https:\/\/hydroleduc.com\/de\/uber-uns\/production\/\" \/>\n<meta property=\"og:locale\" content=\"de_DE\" \/>\n<meta property=\"og:type\" content=\"article\" \/>\n<meta property=\"og:title\" content=\"Produktion von hydraulik komponenten - Hydro Leduc\" \/>\n<meta property=\"og:description\" content=\"100 % kontrollierte produktion in Frankreich: Hydro Leduc entwickelt und fertigt seine Hydraulikkomponenten mit hohen standards und pr\u00e4zision\" \/>\n<meta property=\"og:url\" content=\"https:\/\/hydroleduc.com\/de\/uber-uns\/production\/\" \/>\n<meta property=\"og:site_name\" content=\"HYDRO LEDUC\" \/>\n<meta property=\"article:modified_time\" content=\"2025-09-30T13:13:29+00:00\" \/>\n<meta property=\"og:image\" content=\"https:\/\/hydroleduc.com\/de\/wp-content\/uploads\/2025\/01\/hydroleduc-france-factory.png\" \/>\n<meta name=\"twitter:card\" content=\"summary_large_image\" \/>\n<meta name=\"twitter:label1\" content=\"Gesch\u00e4tzte Lesezeit\" \/>\n\t<meta name=\"twitter:data1\" content=\"3\u00a0Minuten\" \/>\n<script type=\"application\/ld+json\" class=\"yoast-schema-graph\">{\"@context\":\"https:\/\/schema.org\",\"@graph\":[{\"@type\":\"WebPage\",\"@id\":\"https:\/\/hydroleduc.com\/de\/uber-uns\/production\/\",\"url\":\"https:\/\/hydroleduc.com\/de\/uber-uns\/production\/\",\"name\":\"Produktion von hydraulik komponenten - Hydro Leduc\",\"isPartOf\":{\"@id\":\"https:\/\/hydroleduc.com\/de\/#website\"},\"primaryImageOfPage\":{\"@id\":\"https:\/\/hydroleduc.com\/de\/uber-uns\/production\/#primaryimage\"},\"image\":{\"@id\":\"https:\/\/hydroleduc.com\/de\/uber-uns\/production\/#primaryimage\"},\"thumbnailUrl\":\"https:\/\/hydroleduc.com\/de\/wp-content\/uploads\/2025\/01\/hydroleduc-france-factory.png\",\"datePublished\":\"2025-01-17T10:24:31+00:00\",\"dateModified\":\"2025-09-30T13:13:29+00:00\",\"description\":\"100 % kontrollierte produktion in Frankreich: Hydro Leduc entwickelt und fertigt seine Hydraulikkomponenten mit hohen standards und pr\u00e4zision\",\"breadcrumb\":{\"@id\":\"https:\/\/hydroleduc.com\/de\/uber-uns\/production\/#breadcrumb\"},\"inLanguage\":\"de\",\"potentialAction\":[{\"@type\":\"ReadAction\",\"target\":[\"https:\/\/hydroleduc.com\/de\/uber-uns\/production\/\"]}]},{\"@type\":\"ImageObject\",\"inLanguage\":\"de\",\"@id\":\"https:\/\/hydroleduc.com\/de\/uber-uns\/production\/#primaryimage\",\"url\":\"https:\/\/hydroleduc.com\/de\/wp-content\/uploads\/2025\/01\/hydroleduc-france-factory.png\",\"contentUrl\":\"https:\/\/hydroleduc.com\/de\/wp-content\/uploads\/2025\/01\/hydroleduc-france-factory.png\",\"width\":1220,\"height\":481,\"caption\":\"hydroleduc france factory\"},{\"@type\":\"BreadcrumbList\",\"@id\":\"https:\/\/hydroleduc.com\/de\/uber-uns\/production\/#breadcrumb\",\"itemListElement\":[{\"@type\":\"ListItem\",\"position\":1,\"name\":\"Startseite\",\"item\":\"https:\/\/hydroleduc.com\/de\/\"},{\"@type\":\"ListItem\",\"position\":2,\"name\":\"\u00dcber uns\",\"item\":\"https:\/\/hydroleduc.com\/de\/uber-uns\/\"},{\"@type\":\"ListItem\",\"position\":3,\"name\":\"Production\"}]},{\"@type\":\"WebSite\",\"@id\":\"https:\/\/hydroleduc.com\/de\/#website\",\"url\":\"https:\/\/hydroleduc.com\/de\/\",\"name\":\"HYDRO LEDUC\",\"description\":\"Hersteller von Hydraulikkomponenten\",\"publisher\":{\"@id\":\"https:\/\/hydroleduc.com\/de\/#organization\"},\"potentialAction\":[{\"@type\":\"SearchAction\",\"target\":{\"@type\":\"EntryPoint\",\"urlTemplate\":\"https:\/\/hydroleduc.com\/de\/?s={search_term_string}\"},\"query-input\":{\"@type\":\"PropertyValueSpecification\",\"valueRequired\":true,\"valueName\":\"search_term_string\"}}],\"inLanguage\":\"de\"},{\"@type\":\"Organization\",\"@id\":\"https:\/\/hydroleduc.com\/de\/#organization\",\"name\":\"HYDRO LEDUC\",\"url\":\"https:\/\/hydroleduc.com\/de\/\",\"logo\":{\"@type\":\"ImageObject\",\"inLanguage\":\"de\",\"@id\":\"https:\/\/hydroleduc.com\/de\/#\/schema\/logo\/image\/\",\"url\":\"https:\/\/hydroleduc.com\/de\/wp-content\/uploads\/2025\/01\/logo-hydroleduc.png\",\"contentUrl\":\"https:\/\/hydroleduc.com\/de\/wp-content\/uploads\/2025\/01\/logo-hydroleduc.png\",\"width\":366,\"height\":148,\"caption\":\"HYDRO LEDUC\"},\"image\":{\"@id\":\"https:\/\/hydroleduc.com\/de\/#\/schema\/logo\/image\/\"}}]}<\/script>\n<!-- \/ Yoast SEO plugin. -->","yoast_head_json":{"title":"Produktion von hydraulik komponenten - Hydro Leduc","description":"100 % kontrollierte produktion in Frankreich: Hydro Leduc entwickelt und fertigt seine Hydraulikkomponenten mit hohen standards und pr\u00e4zision","robots":{"index":"index","follow":"follow","max-snippet":"max-snippet:-1","max-image-preview":"max-image-preview:large","max-video-preview":"max-video-preview:-1"},"canonical":"https:\/\/hydroleduc.com\/de\/uber-uns\/production\/","og_locale":"de_DE","og_type":"article","og_title":"Produktion von hydraulik komponenten - Hydro Leduc","og_description":"100 % kontrollierte produktion in Frankreich: Hydro Leduc entwickelt und fertigt seine Hydraulikkomponenten mit hohen standards und pr\u00e4zision","og_url":"https:\/\/hydroleduc.com\/de\/uber-uns\/production\/","og_site_name":"HYDRO LEDUC","article_modified_time":"2025-09-30T13:13:29+00:00","og_image":[{"url":"https:\/\/hydroleduc.com\/de\/wp-content\/uploads\/2025\/01\/hydroleduc-france-factory.png","type":"","width":"","height":""}],"twitter_card":"summary_large_image","twitter_misc":{"Gesch\u00e4tzte Lesezeit":"3\u00a0Minuten"},"schema":{"@context":"https:\/\/schema.org","@graph":[{"@type":"WebPage","@id":"https:\/\/hydroleduc.com\/de\/uber-uns\/production\/","url":"https:\/\/hydroleduc.com\/de\/uber-uns\/production\/","name":"Produktion von hydraulik komponenten - Hydro Leduc","isPartOf":{"@id":"https:\/\/hydroleduc.com\/de\/#website"},"primaryImageOfPage":{"@id":"https:\/\/hydroleduc.com\/de\/uber-uns\/production\/#primaryimage"},"image":{"@id":"https:\/\/hydroleduc.com\/de\/uber-uns\/production\/#primaryimage"},"thumbnailUrl":"https:\/\/hydroleduc.com\/de\/wp-content\/uploads\/2025\/01\/hydroleduc-france-factory.png","datePublished":"2025-01-17T10:24:31+00:00","dateModified":"2025-09-30T13:13:29+00:00","description":"100 % kontrollierte produktion in Frankreich: Hydro Leduc entwickelt und fertigt seine Hydraulikkomponenten mit hohen standards und pr\u00e4zision","breadcrumb":{"@id":"https:\/\/hydroleduc.com\/de\/uber-uns\/production\/#breadcrumb"},"inLanguage":"de","potentialAction":[{"@type":"ReadAction","target":["https:\/\/hydroleduc.com\/de\/uber-uns\/production\/"]}]},{"@type":"ImageObject","inLanguage":"de","@id":"https:\/\/hydroleduc.com\/de\/uber-uns\/production\/#primaryimage","url":"https:\/\/hydroleduc.com\/de\/wp-content\/uploads\/2025\/01\/hydroleduc-france-factory.png","contentUrl":"https:\/\/hydroleduc.com\/de\/wp-content\/uploads\/2025\/01\/hydroleduc-france-factory.png","width":1220,"height":481,"caption":"hydroleduc france factory"},{"@type":"BreadcrumbList","@id":"https:\/\/hydroleduc.com\/de\/uber-uns\/production\/#breadcrumb","itemListElement":[{"@type":"ListItem","position":1,"name":"Startseite","item":"https:\/\/hydroleduc.com\/de\/"},{"@type":"ListItem","position":2,"name":"\u00dcber uns","item":"https:\/\/hydroleduc.com\/de\/uber-uns\/"},{"@type":"ListItem","position":3,"name":"Production"}]},{"@type":"WebSite","@id":"https:\/\/hydroleduc.com\/de\/#website","url":"https:\/\/hydroleduc.com\/de\/","name":"HYDRO LEDUC","description":"Hersteller von Hydraulikkomponenten","publisher":{"@id":"https:\/\/hydroleduc.com\/de\/#organization"},"potentialAction":[{"@type":"SearchAction","target":{"@type":"EntryPoint","urlTemplate":"https:\/\/hydroleduc.com\/de\/?s={search_term_string}"},"query-input":{"@type":"PropertyValueSpecification","valueRequired":true,"valueName":"search_term_string"}}],"inLanguage":"de"},{"@type":"Organization","@id":"https:\/\/hydroleduc.com\/de\/#organization","name":"HYDRO LEDUC","url":"https:\/\/hydroleduc.com\/de\/","logo":{"@type":"ImageObject","inLanguage":"de","@id":"https:\/\/hydroleduc.com\/de\/#\/schema\/logo\/image\/","url":"https:\/\/hydroleduc.com\/de\/wp-content\/uploads\/2025\/01\/logo-hydroleduc.png","contentUrl":"https:\/\/hydroleduc.com\/de\/wp-content\/uploads\/2025\/01\/logo-hydroleduc.png","width":366,"height":148,"caption":"HYDRO LEDUC"},"image":{"@id":"https:\/\/hydroleduc.com\/de\/#\/schema\/logo\/image\/"}}]}},"_links":{"self":[{"href":"https:\/\/hydroleduc.com\/de\/wp-json\/wp\/v2\/pages\/425","targetHints":{"allow":["GET"]}}],"collection":[{"href":"https:\/\/hydroleduc.com\/de\/wp-json\/wp\/v2\/pages"}],"about":[{"href":"https:\/\/hydroleduc.com\/de\/wp-json\/wp\/v2\/types\/page"}],"author":[{"embeddable":true,"href":"https:\/\/hydroleduc.com\/de\/wp-json\/wp\/v2\/users\/2"}],"replies":[{"embeddable":true,"href":"https:\/\/hydroleduc.com\/de\/wp-json\/wp\/v2\/comments?post=425"}],"version-history":[{"count":82,"href":"https:\/\/hydroleduc.com\/de\/wp-json\/wp\/v2\/pages\/425\/revisions"}],"predecessor-version":[{"id":45778,"href":"https:\/\/hydroleduc.com\/de\/wp-json\/wp\/v2\/pages\/425\/revisions\/45778"}],"up":[{"embeddable":true,"href":"https:\/\/hydroleduc.com\/de\/wp-json\/wp\/v2\/pages\/30"}],"wp:attachment":[{"href":"https:\/\/hydroleduc.com\/de\/wp-json\/wp\/v2\/media?parent=425"}],"curies":[{"name":"wp","href":"https:\/\/api.w.org\/{rel}","templated":true}]}}