{"id":427,"date":"2025-01-17T11:25:10","date_gmt":"2025-01-17T10:25:10","guid":{"rendered":"https:\/\/hydroleduc.com\/de\/?page_id=427"},"modified":"2025-09-30T15:12:27","modified_gmt":"2025-09-30T13:12:27","slug":"forschung-und-entwicklung","status":"publish","type":"page","link":"https:\/\/hydroleduc.com\/de\/uber-uns\/forschung-und-entwicklung\/","title":{"rendered":"Forschung und Entwicklung"},"content":{"rendered":"\t\t<div data-elementor-type=\"wp-page\" data-elementor-id=\"427\" class=\"elementor elementor-427\" data-elementor-post-type=\"page\">\n\t\t\t\t<div class=\"elementor-element elementor-element-20ba4b6b header-page e-flex e-con-boxed e-con e-parent\" data-id=\"20ba4b6b\" data-element_type=\"container\" data-e-type=\"container\" data-settings=\"{&quot;background_background&quot;:&quot;classic&quot;}\">\n\t\t\t\t\t<div class=\"e-con-inner\">\n\t\t\t\t<div class=\"elementor-element elementor-element-40888798 elementor-widget elementor-widget-breadcrumbs\" data-id=\"40888798\" data-element_type=\"widget\" data-e-type=\"widget\" data-widget_type=\"breadcrumbs.default\">\n\t\t\t\t<div class=\"elementor-widget-container\">\n\t\t\t\t\t<p id=\"breadcrumbs\"><span><span><a href=\"https:\/\/hydroleduc.com\/de\/\">Startseite<\/a><\/span><\/span><\/p>\t\t\t\t<\/div>\n\t\t\t\t<\/div>\n\t\t\t\t<div class=\"elementor-element elementor-element-67da2ce2 elementor-widget elementor-widget-heading\" data-id=\"67da2ce2\" data-element_type=\"widget\" data-e-type=\"widget\" data-widget_type=\"heading.default\">\n\t\t\t\t<div class=\"elementor-widget-container\">\n\t\t\t\t\t<h1 class=\"elementor-heading-title elementor-size-default\">Forschung und Entwicklung<\/h1>\t\t\t\t<\/div>\n\t\t\t\t<\/div>\n\t\t\t\t\t<\/div>\n\t\t\t\t<\/div>\n\t\t<div class=\"elementor-element elementor-element-48cf9a89 e-flex e-con-boxed e-con e-parent\" data-id=\"48cf9a89\" data-element_type=\"container\" data-e-type=\"container\" data-settings=\"{&quot;background_background&quot;:&quot;classic&quot;}\">\n\t\t\t\t\t<div class=\"e-con-inner\">\n\t\t\t\t<div class=\"elementor-element elementor-element-3b7b7182 elementor-nav-menu--dropdown-mobile elementor-nav-menu__text-align-aside elementor-nav-menu--toggle elementor-nav-menu--burger elementor-widget elementor-widget-nav-menu\" data-id=\"3b7b7182\" data-element_type=\"widget\" data-e-type=\"widget\" data-settings=\"{&quot;layout&quot;:&quot;horizontal&quot;,&quot;submenu_icon&quot;:{&quot;value&quot;:&quot;&lt;svg aria-hidden=\\&quot;true\\&quot; class=\\&quot;e-font-icon-svg e-fas-caret-down\\&quot; viewBox=\\&quot;0 0 320 512\\&quot; xmlns=\\&quot;http:\\\/\\\/www.w3.org\\\/2000\\\/svg\\&quot;&gt;&lt;path d=\\&quot;M31.3 192h257.3c17.8 0 26.7 21.5 14.1 34.1L174.1 354.8c-7.8 7.8-20.5 7.8-28.3 0L17.2 226.1C4.6 213.5 13.5 192 31.3 192z\\&quot;&gt;&lt;\\\/path&gt;&lt;\\\/svg&gt;&quot;,&quot;library&quot;:&quot;fa-solid&quot;},&quot;toggle&quot;:&quot;burger&quot;}\" data-widget_type=\"nav-menu.default\">\n\t\t\t\t<div class=\"elementor-widget-container\">\n\t\t\t\t\t\t\t\t<nav aria-label=\"Menu\" class=\"elementor-nav-menu--main elementor-nav-menu__container elementor-nav-menu--layout-horizontal e--pointer-none\">\n\t\t\t\t<ul id=\"menu-1-3b7b7182\" class=\"elementor-nav-menu\"><li class=\"menu-item menu-item-type-post_type menu-item-object-page menu-item-523\"><a href=\"https:\/\/hydroleduc.com\/de\/uber-uns\/unsere-geschichte\/\" class=\"elementor-item\">Unsere geschichte<\/a><\/li>\n<li class=\"menu-item menu-item-type-post_type menu-item-object-page menu-item-526\"><a href=\"https:\/\/hydroleduc.com\/de\/uber-uns\/forschung-und-entwicklung\/\" class=\"elementor-item\">Forschung und Entwicklung<\/a><\/li>\n<li class=\"menu-item menu-item-type-post_type menu-item-object-page menu-item-524\"><a href=\"https:\/\/hydroleduc.com\/de\/uber-uns\/production\/\" class=\"elementor-item\">Production<\/a><\/li>\n<li class=\"menu-item menu-item-type-post_type menu-item-object-page menu-item-525\"><a href=\"https:\/\/hydroleduc.com\/de\/uber-uns\/qualitat\/\" class=\"elementor-item\">Qualit\u00e4t<\/a><\/li>\n<\/ul>\t\t\t<\/nav>\n\t\t\t\t\t<div class=\"elementor-menu-toggle\" role=\"button\" tabindex=\"0\" aria-label=\"Men\u00fc Umschalter\" aria-expanded=\"false\">\n\t\t\t<svg aria-hidden=\"true\" role=\"presentation\" class=\"elementor-menu-toggle__icon--open e-font-icon-svg e-fas-chevron-circle-down\" viewBox=\"0 0 512 512\" xmlns=\"http:\/\/www.w3.org\/2000\/svg\"><path d=\"M504 256c0 137-111 248-248 248S8 393 8 256 119 8 256 8s248 111 248 248zM273 369.9l135.5-135.5c9.4-9.4 9.4-24.6 0-33.9l-17-17c-9.4-9.4-24.6-9.4-33.9 0L256 285.1 154.4 183.5c-9.4-9.4-24.6-9.4-33.9 0l-17 17c-9.4 9.4-9.4 24.6 0 33.9L239 369.9c9.4 9.4 24.6 9.4 34 0z\"><\/path><\/svg><svg aria-hidden=\"true\" role=\"presentation\" class=\"elementor-menu-toggle__icon--close e-font-icon-svg e-eicon-close\" viewBox=\"0 0 1000 1000\" xmlns=\"http:\/\/www.w3.org\/2000\/svg\"><path d=\"M742 167L500 408 258 167C246 154 233 150 217 150 196 150 179 158 167 167 154 179 150 196 150 212 150 229 154 242 171 254L408 500 167 742C138 771 138 800 167 829 196 858 225 858 254 829L496 587 738 829C750 842 767 846 783 846 800 846 817 842 829 829 842 817 846 804 846 783 846 767 842 750 829 737L588 500 833 258C863 229 863 200 833 171 804 137 775 137 742 167Z\"><\/path><\/svg>\t\t<\/div>\n\t\t\t\t\t<nav class=\"elementor-nav-menu--dropdown elementor-nav-menu__container\" aria-hidden=\"true\">\n\t\t\t\t<ul id=\"menu-2-3b7b7182\" class=\"elementor-nav-menu\"><li class=\"menu-item menu-item-type-post_type menu-item-object-page menu-item-523\"><a href=\"https:\/\/hydroleduc.com\/de\/uber-uns\/unsere-geschichte\/\" class=\"elementor-item\" tabindex=\"-1\">Unsere geschichte<\/a><\/li>\n<li class=\"menu-item menu-item-type-post_type menu-item-object-page menu-item-526\"><a href=\"https:\/\/hydroleduc.com\/de\/uber-uns\/forschung-und-entwicklung\/\" class=\"elementor-item\" tabindex=\"-1\">Forschung und Entwicklung<\/a><\/li>\n<li class=\"menu-item menu-item-type-post_type menu-item-object-page menu-item-524\"><a href=\"https:\/\/hydroleduc.com\/de\/uber-uns\/production\/\" class=\"elementor-item\" tabindex=\"-1\">Production<\/a><\/li>\n<li class=\"menu-item menu-item-type-post_type menu-item-object-page menu-item-525\"><a href=\"https:\/\/hydroleduc.com\/de\/uber-uns\/qualitat\/\" class=\"elementor-item\" tabindex=\"-1\">Qualit\u00e4t<\/a><\/li>\n<\/ul>\t\t\t<\/nav>\n\t\t\t\t\t\t<\/div>\n\t\t\t\t<\/div>\n\t\t\t\t\t<\/div>\n\t\t\t\t<\/div>\n\t\t<div class=\"elementor-element elementor-element-544f541d e-flex e-con-boxed e-con e-parent\" data-id=\"544f541d\" data-element_type=\"container\" data-e-type=\"container\" data-settings=\"{&quot;background_background&quot;:&quot;classic&quot;}\">\n\t\t\t\t\t<div class=\"e-con-inner\">\n\t\t\t\t<div class=\"elementor-element elementor-element-0259370 elementor-widget elementor-widget-heading\" data-id=\"0259370\" data-element_type=\"widget\" data-e-type=\"widget\" data-widget_type=\"heading.default\">\n\t\t\t\t<div class=\"elementor-widget-container\">\n\t\t\t\t\t<h2 class=\"elementor-heading-title elementor-size-default\">Innovation<br>\nim Herzen des Unternehmens<\/h2>\t\t\t\t<\/div>\n\t\t\t\t<\/div>\n\t\t\t\t<div class=\"elementor-element elementor-element-52fcc71c elementor-widget-divider--view-line elementor-widget elementor-widget-divider\" data-id=\"52fcc71c\" data-element_type=\"widget\" data-e-type=\"widget\" data-widget_type=\"divider.default\">\n\t\t\t\t<div class=\"elementor-widget-container\">\n\t\t\t\t\t\t\t<div class=\"elementor-divider\">\n\t\t\t<span class=\"elementor-divider-separator\">\n\t\t\t\t\t\t<\/span>\n\t\t<\/div>\n\t\t\t\t\t\t<\/div>\n\t\t\t\t<\/div>\n\t\t\t\t\t<\/div>\n\t\t\t\t<\/div>\n\t\t<div class=\"elementor-element elementor-element-2fb377c e-con-full e-flex e-con e-parent\" data-id=\"2fb377c\" data-element_type=\"container\" data-e-type=\"container\">\n\t\t\t\t<div class=\"elementor-element elementor-element-1ed5404 elementor-widget elementor-widget-image\" data-id=\"1ed5404\" data-element_type=\"widget\" data-e-type=\"widget\" data-widget_type=\"image.default\">\n\t\t\t\t<div class=\"elementor-widget-container\">\n\t\t\t\t\t\t\t\t\t\t\t\t\t\t\t<img fetchpriority=\"high\" decoding=\"async\" width=\"2048\" height=\"1017\" src=\"https:\/\/hydroleduc.com\/de\/wp-content\/uploads\/2025\/01\/hydroleduc-bureau-etudes-developpement-2048x1017-1.png\" class=\"attachment-full size-full wp-image-556\" alt=\"hydroleduc bureau etudes developpement 2048x1017 1\" srcset=\"https:\/\/hydroleduc.com\/de\/wp-content\/uploads\/2025\/01\/hydroleduc-bureau-etudes-developpement-2048x1017-1.png 2048w, https:\/\/hydroleduc.com\/de\/wp-content\/uploads\/2025\/01\/hydroleduc-bureau-etudes-developpement-2048x1017-1-600x298.png 600w, https:\/\/hydroleduc.com\/de\/wp-content\/uploads\/2025\/01\/hydroleduc-bureau-etudes-developpement-2048x1017-1-300x149.png 300w, https:\/\/hydroleduc.com\/de\/wp-content\/uploads\/2025\/01\/hydroleduc-bureau-etudes-developpement-2048x1017-1-1024x509.png 1024w, https:\/\/hydroleduc.com\/de\/wp-content\/uploads\/2025\/01\/hydroleduc-bureau-etudes-developpement-2048x1017-1-768x381.png 768w, https:\/\/hydroleduc.com\/de\/wp-content\/uploads\/2025\/01\/hydroleduc-bureau-etudes-developpement-2048x1017-1-1536x763.png 1536w\" sizes=\"(max-width: 2048px) 100vw, 2048px\" \/>\t\t\t\t\t\t\t\t\t\t\t\t\t\t\t<\/div>\n\t\t\t\t<\/div>\n\t\t\t\t<\/div>\n\t\t<div class=\"elementor-element elementor-element-4c616e6 e-con-full e-flex e-con e-parent\" data-id=\"4c616e6\" data-element_type=\"container\" data-e-type=\"container\">\n\t\t<div class=\"elementor-element elementor-element-cc45903 e-con-full e-flex e-con e-child\" data-id=\"cc45903\" data-element_type=\"container\" data-e-type=\"container\">\n\t\t\t\t<div class=\"elementor-element elementor-element-023e3c9 elementor-widget elementor-widget-text-editor\" data-id=\"023e3c9\" data-element_type=\"widget\" data-e-type=\"widget\" data-widget_type=\"text-editor.default\">\n\t\t\t\t<div class=\"elementor-widget-container\">\n\t\t\t\t\t\t\t\t\t<p>Die Forschungs- und Entwicklungsabteilung von HYDRO LEDUC besteht aus einem Team von erfahrenen Ingenieuren und Technikern, die die neueste Konstruktionssoftware, ein Test- und Simulationslabor sowie eine eigenst\u00e4ndige Fertigung f\u00fcr die Herstellung von Prototypenteilen nutzen. Dies erm\u00f6glicht es HYDRO\u00a0LEDUC an der Spitze der hydraulischen Technologie zu stehen.<\/p><p>F&amp;E-Aufgaben sind :<\/p><ul><li>die kontinuierliche Produktverbesserung ;<\/li><li>die Entwicklung von innovativen L\u00f6sungen f\u00fcr die Anwendungen von morgen ;<\/li><li>die Konstruktion, Entwicklung und Produktion von kundenspezifischen L\u00f6sungen in Zusammenarbeit mit unseren Kunden.<\/li><\/ul>\t\t\t\t\t\t\t\t<\/div>\n\t\t\t\t<\/div>\n\t\t\t\t<\/div>\n\t\t<div class=\"elementor-element elementor-element-d7b616a e-con-full e-flex e-con e-child\" data-id=\"d7b616a\" data-element_type=\"container\" data-e-type=\"container\">\n\t\t\t\t<div class=\"elementor-element elementor-element-24d04ed elementor-widget elementor-widget-text-editor\" data-id=\"24d04ed\" data-element_type=\"widget\" data-e-type=\"widget\" data-widget_type=\"text-editor.default\">\n\t\t\t\t<div class=\"elementor-widget-container\">\n\t\t\t\t\t\t\t\t\t<p>Verhandene Ressourcen hierf\u00fcr sind :<\/p><ul><li><strong>im Entwicklungsbereich<\/strong>\u00a0: SOLIDWORKS ; ePDM ; Konstruktionswerkzeuge basierend auf \u201efiniten Elementen\u201c ; numerisches Simulationswerkzeug f\u00fcr die Materialbest\u00e4ndigkeit ;<\/li><li><strong>Unabh\u00e4ngiges Pr\u00fcf- und Testlabor<\/strong>\u00a0;<\/li><li><strong>Ein unabh\u00e4ngiger Fertigungsbereich<\/strong>\u00a0f\u00fcr Prototypenbau ;<\/li><li><strong>Ein Messlabor<\/strong>\u00a0f\u00fcr die geometrische Vermessung, einschlie\u00dflich Ebenheit, Rauheit, Rundheit und vollst\u00e4ndige dreidimensionale Messungen.<\/li><\/ul>\t\t\t\t\t\t\t\t<\/div>\n\t\t\t\t<\/div>\n\t\t\t\t<\/div>\n\t\t\t\t<\/div>\n\t\t\t\t<\/div>\n\t\t","protected":false},"excerpt":{"rendered":"<p>Forschung und Entwicklung Innovation im Herzen des Unternehmens Die Forschungs- und Entwicklungsabteilung von HYDRO LEDUC besteht aus einem Team von erfahrenen Ingenieuren und Technikern, die die neueste Konstruktionssoftware, ein Test- und Simulationslabor sowie eine eigenst\u00e4ndige Fertigung f\u00fcr die Herstellung von Prototypenteilen nutzen. Dies erm\u00f6glicht es HYDRO\u00a0LEDUC an der Spitze der hydraulischen Technologie zu stehen. F&amp;E-Aufgaben [&hellip;]<\/p>\n","protected":false},"author":2,"featured_media":0,"parent":30,"menu_order":0,"comment_status":"closed","ping_status":"closed","template":"","meta":{"footnotes":""},"class_list":["post-427","page","type-page","status-publish","hentry"],"yoast_head":"<!-- This site is optimized with the Yoast SEO plugin v27.2 - https:\/\/yoast.com\/product\/yoast-seo-wordpress\/ -->\n<title>Forschung und Entwicklung - Hydro Leduc<\/title>\n<meta name=\"description\" content=\"Hydro Leduc investiert in forschung und entwicklung, um innovative, patentierte hydraulikl\u00f6sungen zu entwickeln, die an die marktanforderungen angepasst sind\" \/>\n<meta name=\"robots\" content=\"index, follow, max-snippet:-1, max-image-preview:large, max-video-preview:-1\" \/>\n<link rel=\"canonical\" href=\"https:\/\/hydroleduc.com\/de\/uber-uns\/forschung-und-entwicklung\/\" \/>\n<meta property=\"og:locale\" content=\"de_DE\" \/>\n<meta property=\"og:type\" content=\"article\" \/>\n<meta property=\"og:title\" content=\"Forschung und Entwicklung - Hydro Leduc\" \/>\n<meta property=\"og:description\" content=\"Hydro Leduc investiert in forschung und entwicklung, um innovative, patentierte hydraulikl\u00f6sungen zu entwickeln, die an die marktanforderungen angepasst sind\" \/>\n<meta property=\"og:url\" content=\"https:\/\/hydroleduc.com\/de\/uber-uns\/forschung-und-entwicklung\/\" \/>\n<meta property=\"og:site_name\" content=\"HYDRO LEDUC\" \/>\n<meta property=\"article:modified_time\" content=\"2025-09-30T13:12:27+00:00\" \/>\n<meta property=\"og:image\" content=\"https:\/\/hydroleduc.com\/de\/wp-content\/uploads\/2025\/01\/hydroleduc-bureau-etudes-developpement-2048x1017-1.png\" \/>\n<meta name=\"twitter:card\" content=\"summary_large_image\" \/>\n<meta name=\"twitter:label1\" content=\"Gesch\u00e4tzte Lesezeit\" \/>\n\t<meta name=\"twitter:data1\" content=\"1\u00a0Minute\" \/>\n<script type=\"application\/ld+json\" class=\"yoast-schema-graph\">{\"@context\":\"https:\/\/schema.org\",\"@graph\":[{\"@type\":\"WebPage\",\"@id\":\"https:\/\/hydroleduc.com\/de\/uber-uns\/forschung-und-entwicklung\/\",\"url\":\"https:\/\/hydroleduc.com\/de\/uber-uns\/forschung-und-entwicklung\/\",\"name\":\"Forschung und Entwicklung - Hydro Leduc\",\"isPartOf\":{\"@id\":\"https:\/\/hydroleduc.com\/de\/#website\"},\"primaryImageOfPage\":{\"@id\":\"https:\/\/hydroleduc.com\/de\/uber-uns\/forschung-und-entwicklung\/#primaryimage\"},\"image\":{\"@id\":\"https:\/\/hydroleduc.com\/de\/uber-uns\/forschung-und-entwicklung\/#primaryimage\"},\"thumbnailUrl\":\"https:\/\/hydroleduc.com\/de\/wp-content\/uploads\/2025\/01\/hydroleduc-bureau-etudes-developpement-2048x1017-1.png\",\"datePublished\":\"2025-01-17T10:25:10+00:00\",\"dateModified\":\"2025-09-30T13:12:27+00:00\",\"description\":\"Hydro Leduc investiert in forschung und entwicklung, um innovative, patentierte hydraulikl\u00f6sungen zu entwickeln, die an die marktanforderungen angepasst sind\",\"breadcrumb\":{\"@id\":\"https:\/\/hydroleduc.com\/de\/uber-uns\/forschung-und-entwicklung\/#breadcrumb\"},\"inLanguage\":\"de\",\"potentialAction\":[{\"@type\":\"ReadAction\",\"target\":[\"https:\/\/hydroleduc.com\/de\/uber-uns\/forschung-und-entwicklung\/\"]}]},{\"@type\":\"ImageObject\",\"inLanguage\":\"de\",\"@id\":\"https:\/\/hydroleduc.com\/de\/uber-uns\/forschung-und-entwicklung\/#primaryimage\",\"url\":\"https:\/\/hydroleduc.com\/de\/wp-content\/uploads\/2025\/01\/hydroleduc-bureau-etudes-developpement-2048x1017-1.png\",\"contentUrl\":\"https:\/\/hydroleduc.com\/de\/wp-content\/uploads\/2025\/01\/hydroleduc-bureau-etudes-developpement-2048x1017-1.png\",\"width\":2048,\"height\":1017,\"caption\":\"hydroleduc bureau etudes developpement 2048x1017 1\"},{\"@type\":\"BreadcrumbList\",\"@id\":\"https:\/\/hydroleduc.com\/de\/uber-uns\/forschung-und-entwicklung\/#breadcrumb\",\"itemListElement\":[{\"@type\":\"ListItem\",\"position\":1,\"name\":\"Startseite\",\"item\":\"https:\/\/hydroleduc.com\/de\/\"},{\"@type\":\"ListItem\",\"position\":2,\"name\":\"\u00dcber uns\",\"item\":\"https:\/\/hydroleduc.com\/de\/uber-uns\/\"},{\"@type\":\"ListItem\",\"position\":3,\"name\":\"Forschung und Entwicklung\"}]},{\"@type\":\"WebSite\",\"@id\":\"https:\/\/hydroleduc.com\/de\/#website\",\"url\":\"https:\/\/hydroleduc.com\/de\/\",\"name\":\"HYDRO LEDUC\",\"description\":\"Hersteller von Hydraulikkomponenten\",\"publisher\":{\"@id\":\"https:\/\/hydroleduc.com\/de\/#organization\"},\"potentialAction\":[{\"@type\":\"SearchAction\",\"target\":{\"@type\":\"EntryPoint\",\"urlTemplate\":\"https:\/\/hydroleduc.com\/de\/?s={search_term_string}\"},\"query-input\":{\"@type\":\"PropertyValueSpecification\",\"valueRequired\":true,\"valueName\":\"search_term_string\"}}],\"inLanguage\":\"de\"},{\"@type\":\"Organization\",\"@id\":\"https:\/\/hydroleduc.com\/de\/#organization\",\"name\":\"HYDRO LEDUC\",\"url\":\"https:\/\/hydroleduc.com\/de\/\",\"logo\":{\"@type\":\"ImageObject\",\"inLanguage\":\"de\",\"@id\":\"https:\/\/hydroleduc.com\/de\/#\/schema\/logo\/image\/\",\"url\":\"https:\/\/hydroleduc.com\/de\/wp-content\/uploads\/2025\/01\/logo-hydroleduc.png\",\"contentUrl\":\"https:\/\/hydroleduc.com\/de\/wp-content\/uploads\/2025\/01\/logo-hydroleduc.png\",\"width\":366,\"height\":148,\"caption\":\"HYDRO LEDUC\"},\"image\":{\"@id\":\"https:\/\/hydroleduc.com\/de\/#\/schema\/logo\/image\/\"}}]}<\/script>\n<!-- \/ Yoast SEO plugin. -->","yoast_head_json":{"title":"Forschung und Entwicklung - Hydro Leduc","description":"Hydro Leduc investiert in forschung und entwicklung, um innovative, patentierte hydraulikl\u00f6sungen zu entwickeln, die an die marktanforderungen angepasst sind","robots":{"index":"index","follow":"follow","max-snippet":"max-snippet:-1","max-image-preview":"max-image-preview:large","max-video-preview":"max-video-preview:-1"},"canonical":"https:\/\/hydroleduc.com\/de\/uber-uns\/forschung-und-entwicklung\/","og_locale":"de_DE","og_type":"article","og_title":"Forschung und Entwicklung - Hydro Leduc","og_description":"Hydro Leduc investiert in forschung und entwicklung, um innovative, patentierte hydraulikl\u00f6sungen zu entwickeln, die an die marktanforderungen angepasst sind","og_url":"https:\/\/hydroleduc.com\/de\/uber-uns\/forschung-und-entwicklung\/","og_site_name":"HYDRO LEDUC","article_modified_time":"2025-09-30T13:12:27+00:00","og_image":[{"url":"https:\/\/hydroleduc.com\/de\/wp-content\/uploads\/2025\/01\/hydroleduc-bureau-etudes-developpement-2048x1017-1.png","type":"","width":"","height":""}],"twitter_card":"summary_large_image","twitter_misc":{"Gesch\u00e4tzte Lesezeit":"1\u00a0Minute"},"schema":{"@context":"https:\/\/schema.org","@graph":[{"@type":"WebPage","@id":"https:\/\/hydroleduc.com\/de\/uber-uns\/forschung-und-entwicklung\/","url":"https:\/\/hydroleduc.com\/de\/uber-uns\/forschung-und-entwicklung\/","name":"Forschung und Entwicklung - Hydro Leduc","isPartOf":{"@id":"https:\/\/hydroleduc.com\/de\/#website"},"primaryImageOfPage":{"@id":"https:\/\/hydroleduc.com\/de\/uber-uns\/forschung-und-entwicklung\/#primaryimage"},"image":{"@id":"https:\/\/hydroleduc.com\/de\/uber-uns\/forschung-und-entwicklung\/#primaryimage"},"thumbnailUrl":"https:\/\/hydroleduc.com\/de\/wp-content\/uploads\/2025\/01\/hydroleduc-bureau-etudes-developpement-2048x1017-1.png","datePublished":"2025-01-17T10:25:10+00:00","dateModified":"2025-09-30T13:12:27+00:00","description":"Hydro Leduc investiert in forschung und entwicklung, um innovative, patentierte hydraulikl\u00f6sungen zu entwickeln, die an die marktanforderungen angepasst sind","breadcrumb":{"@id":"https:\/\/hydroleduc.com\/de\/uber-uns\/forschung-und-entwicklung\/#breadcrumb"},"inLanguage":"de","potentialAction":[{"@type":"ReadAction","target":["https:\/\/hydroleduc.com\/de\/uber-uns\/forschung-und-entwicklung\/"]}]},{"@type":"ImageObject","inLanguage":"de","@id":"https:\/\/hydroleduc.com\/de\/uber-uns\/forschung-und-entwicklung\/#primaryimage","url":"https:\/\/hydroleduc.com\/de\/wp-content\/uploads\/2025\/01\/hydroleduc-bureau-etudes-developpement-2048x1017-1.png","contentUrl":"https:\/\/hydroleduc.com\/de\/wp-content\/uploads\/2025\/01\/hydroleduc-bureau-etudes-developpement-2048x1017-1.png","width":2048,"height":1017,"caption":"hydroleduc bureau etudes developpement 2048x1017 1"},{"@type":"BreadcrumbList","@id":"https:\/\/hydroleduc.com\/de\/uber-uns\/forschung-und-entwicklung\/#breadcrumb","itemListElement":[{"@type":"ListItem","position":1,"name":"Startseite","item":"https:\/\/hydroleduc.com\/de\/"},{"@type":"ListItem","position":2,"name":"\u00dcber uns","item":"https:\/\/hydroleduc.com\/de\/uber-uns\/"},{"@type":"ListItem","position":3,"name":"Forschung und Entwicklung"}]},{"@type":"WebSite","@id":"https:\/\/hydroleduc.com\/de\/#website","url":"https:\/\/hydroleduc.com\/de\/","name":"HYDRO LEDUC","description":"Hersteller von Hydraulikkomponenten","publisher":{"@id":"https:\/\/hydroleduc.com\/de\/#organization"},"potentialAction":[{"@type":"SearchAction","target":{"@type":"EntryPoint","urlTemplate":"https:\/\/hydroleduc.com\/de\/?s={search_term_string}"},"query-input":{"@type":"PropertyValueSpecification","valueRequired":true,"valueName":"search_term_string"}}],"inLanguage":"de"},{"@type":"Organization","@id":"https:\/\/hydroleduc.com\/de\/#organization","name":"HYDRO LEDUC","url":"https:\/\/hydroleduc.com\/de\/","logo":{"@type":"ImageObject","inLanguage":"de","@id":"https:\/\/hydroleduc.com\/de\/#\/schema\/logo\/image\/","url":"https:\/\/hydroleduc.com\/de\/wp-content\/uploads\/2025\/01\/logo-hydroleduc.png","contentUrl":"https:\/\/hydroleduc.com\/de\/wp-content\/uploads\/2025\/01\/logo-hydroleduc.png","width":366,"height":148,"caption":"HYDRO LEDUC"},"image":{"@id":"https:\/\/hydroleduc.com\/de\/#\/schema\/logo\/image\/"}}]}},"_links":{"self":[{"href":"https:\/\/hydroleduc.com\/de\/wp-json\/wp\/v2\/pages\/427","targetHints":{"allow":["GET"]}}],"collection":[{"href":"https:\/\/hydroleduc.com\/de\/wp-json\/wp\/v2\/pages"}],"about":[{"href":"https:\/\/hydroleduc.com\/de\/wp-json\/wp\/v2\/types\/page"}],"author":[{"embeddable":true,"href":"https:\/\/hydroleduc.com\/de\/wp-json\/wp\/v2\/users\/2"}],"replies":[{"embeddable":true,"href":"https:\/\/hydroleduc.com\/de\/wp-json\/wp\/v2\/comments?post=427"}],"version-history":[{"count":53,"href":"https:\/\/hydroleduc.com\/de\/wp-json\/wp\/v2\/pages\/427\/revisions"}],"predecessor-version":[{"id":46065,"href":"https:\/\/hydroleduc.com\/de\/wp-json\/wp\/v2\/pages\/427\/revisions\/46065"}],"up":[{"embeddable":true,"href":"https:\/\/hydroleduc.com\/de\/wp-json\/wp\/v2\/pages\/30"}],"wp:attachment":[{"href":"https:\/\/hydroleduc.com\/de\/wp-json\/wp\/v2\/media?parent=427"}],"curies":[{"name":"wp","href":"https:\/\/api.w.org\/{rel}","templated":true}]}}