{"id":44,"date":"2025-01-09T16:12:26","date_gmt":"2025-01-09T15:12:26","guid":{"rendered":"https:\/\/hydroleduc.com\/de\/?page_id=44"},"modified":"2025-11-25T11:29:39","modified_gmt":"2025-11-25T10:29:39","slug":"impressum","status":"publish","type":"page","link":"https:\/\/hydroleduc.com\/de\/impressum\/","title":{"rendered":"Impressum"},"content":{"rendered":"\t\t<div data-elementor-type=\"wp-page\" data-elementor-id=\"44\" class=\"elementor elementor-44\" data-elementor-post-type=\"page\">\n\t\t\t\t<div class=\"elementor-element elementor-element-51a3853a header-page e-flex e-con-boxed e-con e-parent\" data-id=\"51a3853a\" data-element_type=\"container\" data-e-type=\"container\" data-settings=\"{&quot;background_background&quot;:&quot;classic&quot;}\">\n\t\t\t\t\t<div class=\"e-con-inner\">\n\t\t\t\t<div class=\"elementor-element elementor-element-3a435b19 elementor-widget elementor-widget-breadcrumbs\" data-id=\"3a435b19\" data-element_type=\"widget\" data-e-type=\"widget\" data-widget_type=\"breadcrumbs.default\">\n\t\t\t\t<div class=\"elementor-widget-container\">\n\t\t\t\t\t<p id=\"breadcrumbs\"><span><span><a href=\"https:\/\/hydroleduc.com\/de\/\">Startseite<\/a><\/span><\/span><\/p>\t\t\t\t<\/div>\n\t\t\t\t<\/div>\n\t\t\t\t<div class=\"elementor-element elementor-element-7eb4af89 elementor-widget elementor-widget-heading\" data-id=\"7eb4af89\" data-element_type=\"widget\" data-e-type=\"widget\" data-widget_type=\"heading.default\">\n\t\t\t\t<div class=\"elementor-widget-container\">\n\t\t\t\t\t<h1 class=\"elementor-heading-title elementor-size-default\">Impressum<\/h1>\t\t\t\t<\/div>\n\t\t\t\t<\/div>\n\t\t\t\t\t<\/div>\n\t\t\t\t<\/div>\n\t\t<div class=\"elementor-element elementor-element-00567aa e-flex e-con-boxed e-con e-parent\" data-id=\"00567aa\" data-element_type=\"container\" data-e-type=\"container\">\n\t\t\t\t\t<div class=\"e-con-inner\">\n\t\t\t\t<div class=\"elementor-element elementor-element-b3cd2e3 elementor-widget elementor-widget-text-editor\" data-id=\"b3cd2e3\" data-element_type=\"widget\" data-e-type=\"widget\" data-widget_type=\"text-editor.default\">\n\t\t\t\t<div class=\"elementor-widget-container\">\n\t\t\t\t\t\t\t\t\t<p><strong>HYDRO LEDUC ist spezialisiert auf die Entwicklung, Herstellung und den Vertrieb von Kolbenpumpen, Hydraulikmotoren, hydropneumatische Druckspeicher und hydromechanischen Komponenten nach kundenspezifischen W\u00fcnschen.<\/strong><\/p><p>Mit der Nutzung dieser Website erkl\u00e4ren Sie sich mit den Nutzungsbedingungen und Haftungsausschl\u00fcssen einverstanden.<br \/>Sie erkl\u00e4ren sich damit einverstanden, diese Website nicht f\u00fcr Zwecke zu verwenden, die rechtswidrig oder ungesetzlich, oder durch die rechtlichen und vertraglichen Hinweise verboten sind.<\/p><p>Standort der Firma HYDRO LEDUC<\/p><p>Website-URL :\u00a0<a href=\"https:\/\/www.hydroleduc.com\/\">www.hydroleduc.com<\/a><\/p><p>HYDRO LEDUC S.A.<br \/>Hauptsitz und Werk | BP 9 \u2013 F-54122 AZERAILLES (FRANCE) | Tel. +33 (0)3 83 76 77 40 | Fax +33 (0)3 83 75 21 58<br \/><a href=\"mailto:email@hydroleduc.com\">contact@hydroleduc.com<\/a><br \/>SAS mit einem Kapital von 5 000 000\u20ac.<br \/>Siret 319.027.421.00019<br \/>R.C. Nancy B 319.027.421<br \/>TVA intracommunautaire FR56319027421<br \/>Hauptgesch\u00e4ftsf\u00fchrer : M. Philippe POREL<\/p><hr \/><p class=\"\" data-start=\"40\" data-end=\"74\"><strong data-start=\"40\" data-end=\"74\">Internationale Niederlassungen<\/strong><\/p><p class=\"\" data-start=\"76\" data-end=\"278\">\ud83c\udde9\ud83c\uddea <strong data-start=\"81\" data-end=\"115\">HYDRO LEDUC GMBH \u2013 DEUTSCHLAND<\/strong><br data-start=\"115\" data-end=\"118\" \/>Am Ziegelplatz 20, D-77746 SCHUTTERWALD<br data-start=\"157\" data-end=\"160\" \/>Tel. +49 781 948 25 90<\/p><p class=\"\" data-start=\"280\" data-end=\"449\">\ud83c\uddf8\ud83c\uddea <strong data-start=\"285\" data-end=\"314\">HYDRO LEDUC AB \u2013 SCHWEDEN<\/strong><br data-start=\"314\" data-end=\"317\" \/>Betongv\u00e4gen 11, 461 38 TROLLH\u00c4TTAN<br data-start=\"351\" data-end=\"354\" \/>Tel. +46 520 108 20<\/p><p class=\"\" data-start=\"451\" data-end=\"622\">\ud83c\uddf3\ud83c\uddf1 <strong data-start=\"456\" data-end=\"484\">HYDRO LEDUC BV \u2013 BENELUX<\/strong><br data-start=\"484\" data-end=\"487\" \/>Ericssonstraat 2, 5121 ML RIJEN \u2013 NIEDERLANDE<br data-start=\"532\" data-end=\"535\" \/>Tel. +31 161 747 816<\/p><p class=\"\" data-start=\"624\" data-end=\"823\">\ud83c\uddfa\ud83c\uddf8 <strong data-start=\"629\" data-end=\"661\">HYDRO LEDUC N.A., INC. \u2013 USA<\/strong><br data-start=\"661\" data-end=\"664\" \/>Grand Parkway Industrial Park, 23549 Clay Road, KATY, TX 77493<br data-start=\"726\" data-end=\"729\" \/>Tel. +1 281 679 96 54<\/p><p class=\"\" data-start=\"825\" data-end=\"921\">\ud83c\udde8\ud83c\uddf3 <strong data-start=\"830\" data-end=\"851\">HYDRO LEDUC CHINA<\/strong><\/p><p class=\"\" data-start=\"923\" data-end=\"1010\">\ud83c\uddee\ud83c\uddf9 <strong data-start=\"928\" data-end=\"951\">HYDRO LEDUC ITALIEN<\/strong><\/p><p class=\"\" data-start=\"1012\" data-end=\"1115\">\ud83c\uddea\ud83c\uddf8 \ud83c\uddf5\ud83c\uddf9 <strong data-start=\"1022\" data-end=\"1056\">HYDRO LEDUC SPANIEN \/ PORTUGAL<\/strong><\/p><hr \/><p>Website entwickelt von <a href=\"https:\/\/www.agencesw.com\/\" target=\"_blank\" rel=\"noopener\">Agence SW<\/a><br \/><br \/><\/p><p>\u00a9 HYDRO LEDUC S.A.<\/p>\t\t\t\t\t\t\t\t<\/div>\n\t\t\t\t<\/div>\n\t\t\t\t\t<\/div>\n\t\t\t\t<\/div>\n\t\t\t\t<\/div>\n\t\t","protected":false},"excerpt":{"rendered":"<p>Impressum HYDRO LEDUC ist spezialisiert auf die Entwicklung, Herstellung und den Vertrieb von Kolbenpumpen, Hydraulikmotoren, hydropneumatische Druckspeicher und hydromechanischen Komponenten nach kundenspezifischen W\u00fcnschen. Mit der Nutzung dieser Website erkl\u00e4ren Sie sich mit den Nutzungsbedingungen und Haftungsausschl\u00fcssen einverstanden.Sie erkl\u00e4ren sich damit einverstanden, diese Website nicht f\u00fcr Zwecke zu verwenden, die rechtswidrig oder ungesetzlich, oder durch die [&hellip;]<\/p>\n","protected":false},"author":2,"featured_media":0,"parent":0,"menu_order":0,"comment_status":"closed","ping_status":"closed","template":"","meta":{"footnotes":""},"class_list":["post-44","page","type-page","status-publish","hentry"],"yoast_head":"<!-- This site is optimized with the Yoast SEO plugin v27.2 - https:\/\/yoast.com\/product\/yoast-seo-wordpress\/ -->\n<title>Impressum - Hydro Leduc<\/title>\n<meta name=\"description\" content=\"Impressum Hydro Leduc\" \/>\n<meta name=\"robots\" content=\"index, follow, max-snippet:-1, max-image-preview:large, max-video-preview:-1\" \/>\n<link rel=\"canonical\" href=\"https:\/\/hydroleduc.com\/de\/impressum\/\" \/>\n<meta property=\"og:locale\" content=\"de_DE\" \/>\n<meta property=\"og:type\" content=\"article\" \/>\n<meta property=\"og:title\" content=\"Impressum - Hydro Leduc\" \/>\n<meta property=\"og:description\" content=\"Impressum Hydro Leduc\" \/>\n<meta property=\"og:url\" content=\"https:\/\/hydroleduc.com\/de\/impressum\/\" \/>\n<meta property=\"og:site_name\" content=\"HYDRO LEDUC\" \/>\n<meta property=\"article:modified_time\" content=\"2025-11-25T10:29:39+00:00\" \/>\n<meta name=\"twitter:card\" content=\"summary_large_image\" \/>\n<meta name=\"twitter:label1\" content=\"Gesch\u00e4tzte Lesezeit\" \/>\n\t<meta name=\"twitter:data1\" content=\"2\u00a0Minuten\" \/>\n<script type=\"application\/ld+json\" class=\"yoast-schema-graph\">{\"@context\":\"https:\/\/schema.org\",\"@graph\":[{\"@type\":\"WebPage\",\"@id\":\"https:\/\/hydroleduc.com\/de\/impressum\/\",\"url\":\"https:\/\/hydroleduc.com\/de\/impressum\/\",\"name\":\"Impressum - Hydro Leduc\",\"isPartOf\":{\"@id\":\"https:\/\/hydroleduc.com\/de\/#website\"},\"datePublished\":\"2025-01-09T15:12:26+00:00\",\"dateModified\":\"2025-11-25T10:29:39+00:00\",\"description\":\"Impressum Hydro Leduc\",\"breadcrumb\":{\"@id\":\"https:\/\/hydroleduc.com\/de\/impressum\/#breadcrumb\"},\"inLanguage\":\"de\",\"potentialAction\":[{\"@type\":\"ReadAction\",\"target\":[\"https:\/\/hydroleduc.com\/de\/impressum\/\"]}]},{\"@type\":\"BreadcrumbList\",\"@id\":\"https:\/\/hydroleduc.com\/de\/impressum\/#breadcrumb\",\"itemListElement\":[{\"@type\":\"ListItem\",\"position\":1,\"name\":\"Startseite\",\"item\":\"https:\/\/hydroleduc.com\/de\/\"},{\"@type\":\"ListItem\",\"position\":2,\"name\":\"Impressum\"}]},{\"@type\":\"WebSite\",\"@id\":\"https:\/\/hydroleduc.com\/de\/#website\",\"url\":\"https:\/\/hydroleduc.com\/de\/\",\"name\":\"HYDRO LEDUC\",\"description\":\"Hersteller von Hydraulikkomponenten\",\"publisher\":{\"@id\":\"https:\/\/hydroleduc.com\/de\/#organization\"},\"potentialAction\":[{\"@type\":\"SearchAction\",\"target\":{\"@type\":\"EntryPoint\",\"urlTemplate\":\"https:\/\/hydroleduc.com\/de\/?s={search_term_string}\"},\"query-input\":{\"@type\":\"PropertyValueSpecification\",\"valueRequired\":true,\"valueName\":\"search_term_string\"}}],\"inLanguage\":\"de\"},{\"@type\":\"Organization\",\"@id\":\"https:\/\/hydroleduc.com\/de\/#organization\",\"name\":\"HYDRO LEDUC\",\"url\":\"https:\/\/hydroleduc.com\/de\/\",\"logo\":{\"@type\":\"ImageObject\",\"inLanguage\":\"de\",\"@id\":\"https:\/\/hydroleduc.com\/de\/#\/schema\/logo\/image\/\",\"url\":\"https:\/\/hydroleduc.com\/de\/wp-content\/uploads\/2025\/01\/logo-hydroleduc.png\",\"contentUrl\":\"https:\/\/hydroleduc.com\/de\/wp-content\/uploads\/2025\/01\/logo-hydroleduc.png\",\"width\":366,\"height\":148,\"caption\":\"HYDRO LEDUC\"},\"image\":{\"@id\":\"https:\/\/hydroleduc.com\/de\/#\/schema\/logo\/image\/\"}}]}<\/script>\n<!-- \/ Yoast SEO plugin. -->","yoast_head_json":{"title":"Impressum - Hydro Leduc","description":"Impressum Hydro Leduc","robots":{"index":"index","follow":"follow","max-snippet":"max-snippet:-1","max-image-preview":"max-image-preview:large","max-video-preview":"max-video-preview:-1"},"canonical":"https:\/\/hydroleduc.com\/de\/impressum\/","og_locale":"de_DE","og_type":"article","og_title":"Impressum - Hydro Leduc","og_description":"Impressum Hydro Leduc","og_url":"https:\/\/hydroleduc.com\/de\/impressum\/","og_site_name":"HYDRO LEDUC","article_modified_time":"2025-11-25T10:29:39+00:00","twitter_card":"summary_large_image","twitter_misc":{"Gesch\u00e4tzte Lesezeit":"2\u00a0Minuten"},"schema":{"@context":"https:\/\/schema.org","@graph":[{"@type":"WebPage","@id":"https:\/\/hydroleduc.com\/de\/impressum\/","url":"https:\/\/hydroleduc.com\/de\/impressum\/","name":"Impressum - Hydro Leduc","isPartOf":{"@id":"https:\/\/hydroleduc.com\/de\/#website"},"datePublished":"2025-01-09T15:12:26+00:00","dateModified":"2025-11-25T10:29:39+00:00","description":"Impressum Hydro Leduc","breadcrumb":{"@id":"https:\/\/hydroleduc.com\/de\/impressum\/#breadcrumb"},"inLanguage":"de","potentialAction":[{"@type":"ReadAction","target":["https:\/\/hydroleduc.com\/de\/impressum\/"]}]},{"@type":"BreadcrumbList","@id":"https:\/\/hydroleduc.com\/de\/impressum\/#breadcrumb","itemListElement":[{"@type":"ListItem","position":1,"name":"Startseite","item":"https:\/\/hydroleduc.com\/de\/"},{"@type":"ListItem","position":2,"name":"Impressum"}]},{"@type":"WebSite","@id":"https:\/\/hydroleduc.com\/de\/#website","url":"https:\/\/hydroleduc.com\/de\/","name":"HYDRO LEDUC","description":"Hersteller von Hydraulikkomponenten","publisher":{"@id":"https:\/\/hydroleduc.com\/de\/#organization"},"potentialAction":[{"@type":"SearchAction","target":{"@type":"EntryPoint","urlTemplate":"https:\/\/hydroleduc.com\/de\/?s={search_term_string}"},"query-input":{"@type":"PropertyValueSpecification","valueRequired":true,"valueName":"search_term_string"}}],"inLanguage":"de"},{"@type":"Organization","@id":"https:\/\/hydroleduc.com\/de\/#organization","name":"HYDRO LEDUC","url":"https:\/\/hydroleduc.com\/de\/","logo":{"@type":"ImageObject","inLanguage":"de","@id":"https:\/\/hydroleduc.com\/de\/#\/schema\/logo\/image\/","url":"https:\/\/hydroleduc.com\/de\/wp-content\/uploads\/2025\/01\/logo-hydroleduc.png","contentUrl":"https:\/\/hydroleduc.com\/de\/wp-content\/uploads\/2025\/01\/logo-hydroleduc.png","width":366,"height":148,"caption":"HYDRO LEDUC"},"image":{"@id":"https:\/\/hydroleduc.com\/de\/#\/schema\/logo\/image\/"}}]}},"_links":{"self":[{"href":"https:\/\/hydroleduc.com\/de\/wp-json\/wp\/v2\/pages\/44","targetHints":{"allow":["GET"]}}],"collection":[{"href":"https:\/\/hydroleduc.com\/de\/wp-json\/wp\/v2\/pages"}],"about":[{"href":"https:\/\/hydroleduc.com\/de\/wp-json\/wp\/v2\/types\/page"}],"author":[{"embeddable":true,"href":"https:\/\/hydroleduc.com\/de\/wp-json\/wp\/v2\/users\/2"}],"replies":[{"embeddable":true,"href":"https:\/\/hydroleduc.com\/de\/wp-json\/wp\/v2\/comments?post=44"}],"version-history":[{"count":38,"href":"https:\/\/hydroleduc.com\/de\/wp-json\/wp\/v2\/pages\/44\/revisions"}],"predecessor-version":[{"id":46334,"href":"https:\/\/hydroleduc.com\/de\/wp-json\/wp\/v2\/pages\/44\/revisions\/46334"}],"wp:attachment":[{"href":"https:\/\/hydroleduc.com\/de\/wp-json\/wp\/v2\/media?parent=44"}],"curies":[{"name":"wp","href":"https:\/\/api.w.org\/{rel}","templated":true}]}}