{"id":46,"date":"2025-01-09T16:13:08","date_gmt":"2025-01-09T15:13:08","guid":{"rendered":"https:\/\/hydroleduc.com\/de\/?page_id=46"},"modified":"2025-09-30T14:56:36","modified_gmt":"2025-09-30T12:56:36","slug":"cookie-verwendung","status":"publish","type":"page","link":"https:\/\/hydroleduc.com\/de\/cookie-verwendung\/","title":{"rendered":"Cookie-Verwendung"},"content":{"rendered":"\t\t<div data-elementor-type=\"wp-page\" data-elementor-id=\"46\" class=\"elementor elementor-46\" data-elementor-post-type=\"page\">\n\t\t\t\t<div class=\"elementor-element elementor-element-31eeaee5 header-page e-flex e-con-boxed e-con e-parent\" data-id=\"31eeaee5\" data-element_type=\"container\" data-e-type=\"container\" data-settings=\"{&quot;background_background&quot;:&quot;classic&quot;}\">\n\t\t\t\t\t<div class=\"e-con-inner\">\n\t\t\t\t<div class=\"elementor-element elementor-element-16380294 elementor-widget elementor-widget-breadcrumbs\" data-id=\"16380294\" data-element_type=\"widget\" data-e-type=\"widget\" data-widget_type=\"breadcrumbs.default\">\n\t\t\t\t<div class=\"elementor-widget-container\">\n\t\t\t\t\t<p id=\"breadcrumbs\"><span><span><a href=\"https:\/\/hydroleduc.com\/de\/\">Startseite<\/a><\/span><\/span><\/p>\t\t\t\t<\/div>\n\t\t\t\t<\/div>\n\t\t\t\t<div class=\"elementor-element elementor-element-1c0b3c5 elementor-widget elementor-widget-heading\" data-id=\"1c0b3c5\" data-element_type=\"widget\" data-e-type=\"widget\" data-widget_type=\"heading.default\">\n\t\t\t\t<div class=\"elementor-widget-container\">\n\t\t\t\t\t<h1 class=\"elementor-heading-title elementor-size-default\">Cookie-Verwendung<\/h1>\t\t\t\t<\/div>\n\t\t\t\t<\/div>\n\t\t\t\t\t<\/div>\n\t\t\t\t<\/div>\n\t\t<div class=\"elementor-element elementor-element-14381ce e-flex e-con-boxed e-con e-parent\" data-id=\"14381ce\" data-element_type=\"container\" data-e-type=\"container\">\n\t\t\t\t\t<div class=\"e-con-inner\">\n\t\t\t\t<div class=\"elementor-element elementor-element-403f1e9 elementor-widget elementor-widget-text-editor\" data-id=\"403f1e9\" data-element_type=\"widget\" data-e-type=\"widget\" data-widget_type=\"text-editor.default\">\n\t\t\t\t<div class=\"elementor-widget-container\">\n\t\t\t\t\t\t\t\t\t<p>Hydro Leduc ist spezialisiert auf die Entwicklung, Herstellung und den Vertrieb von Kolbenpumpen, Hydraulikmotoren, hydropneumatische Druckspeicher und hydromechanischen Komponenten nach kundenspezifischen W\u00fcnschen.<\/p><p>Unsere Website benutz das Prinzip von \u201cCookies\u201d.<\/p><p>Cookies erm\u00f6glichen uns :<\/p><ul><li>Ihre pers\u00f6nlichen Verbesserungsvorschl\u00e4ge zu bearbeiten<\/li><li>Erhebungen \u00fcber die meist besuchten Seiten unserer Website<\/li><li>Erfolgsmessung von Werbema\u00dfnahmen und Suchanzeigen.<\/li><\/ul><p>Weiterhin erm\u00f6glichen uns \u201eCookies\u201c die Interessen unserer Besucher f\u00fcr fortlaufende Verbesserungen unserer Website zu nutzen.<\/p><p>Wenn Sie \u201eCookies\u201c in Ihrem Browser deaktivieren m\u00f6chten :<\/p>\t\t\t\t\t\t\t\t<\/div>\n\t\t\t\t<\/div>\n\t\t\t\t\t<\/div>\n\t\t\t\t<\/div>\n\t\t<div class=\"elementor-element elementor-element-5987374f e-flex e-con-boxed e-con e-parent\" data-id=\"5987374f\" data-element_type=\"container\" data-e-type=\"container\" data-settings=\"{&quot;background_background&quot;:&quot;classic&quot;}\">\n\t\t\t\t\t<div class=\"e-con-inner\">\n\t\t\t\t<div class=\"elementor-element elementor-element-231961a elementor-widget elementor-widget-heading\" data-id=\"231961a\" data-element_type=\"widget\" data-e-type=\"widget\" data-widget_type=\"heading.default\">\n\t\t\t\t<div class=\"elementor-widget-container\">\n\t\t\t\t\t<h2 class=\"elementor-heading-title elementor-size-default\">INTERNET EXPLORER<\/h2>\t\t\t\t<\/div>\n\t\t\t\t<\/div>\n\t\t\t\t<div class=\"elementor-element elementor-element-54adae3f elementor-widget-divider--view-line elementor-widget elementor-widget-divider\" data-id=\"54adae3f\" data-element_type=\"widget\" data-e-type=\"widget\" data-widget_type=\"divider.default\">\n\t\t\t\t<div class=\"elementor-widget-container\">\n\t\t\t\t\t\t\t<div class=\"elementor-divider\">\n\t\t\t<span class=\"elementor-divider-separator\">\n\t\t\t\t\t\t<\/span>\n\t\t<\/div>\n\t\t\t\t\t\t<\/div>\n\t\t\t\t<\/div>\n\t\t\t\t\t<\/div>\n\t\t\t\t<\/div>\n\t\t<div class=\"elementor-element elementor-element-8788320 e-flex e-con-boxed e-con e-parent\" data-id=\"8788320\" data-element_type=\"container\" data-e-type=\"container\">\n\t\t\t\t\t<div class=\"e-con-inner\">\n\t\t\t\t<div class=\"elementor-element elementor-element-67591e2 elementor-widget elementor-widget-text-editor\" data-id=\"67591e2\" data-element_type=\"widget\" data-e-type=\"widget\" data-widget_type=\"text-editor.default\">\n\t\t\t\t<div class=\"elementor-widget-container\">\n\t\t\t\t\t\t\t\t\t<ol><li>W\u00e4hlen Sie den \u201eTools Button\u201c im Internet Explorer und w\u00e4hlen Sie hier Optionen.<\/li><li>In der Auflistung, unter \u201eBrowsing\u201c, w\u00e4hlen Sie \u201eSettings\u201c.<\/li><li>W\u00e4hlen Sie die View Files Option.<\/li><li>W\u00e4hlen Sie \u201eNamen\u201c um alle Eintr\u00e4ge in alphabetischer Auflistung zu sehen. Scrollen Sie runter bis Sie Eintr\u00e4ge mit der Kennung \u201eCookies\u201c erreichen. (Alle Cookies zeigen diese Kennung und tragen weiterhin den Namen der Website von der ein Cookie erzeugt wurde).<\/li><li>W\u00e4hlen Sie den\/die \u201eCookies\u201c die den Begriff \u201eHYDRO LEDUC\u201c beinhalten und l\u00f6schen Sie diese \u201eCookies\u201c.<\/li><li>Schlie\u00dfen Sie das Fenster mit den Eintr\u00e4gen. Durch Dopple-Klick kommen Sie zur\u00fcck zum Internet Explorer.<\/li><\/ol>\t\t\t\t\t\t\t\t<\/div>\n\t\t\t\t<\/div>\n\t\t\t\t\t<\/div>\n\t\t\t\t<\/div>\n\t\t<div class=\"elementor-element elementor-element-483c953 e-flex e-con-boxed e-con e-parent\" data-id=\"483c953\" data-element_type=\"container\" data-e-type=\"container\" data-settings=\"{&quot;background_background&quot;:&quot;classic&quot;}\">\n\t\t\t\t\t<div class=\"e-con-inner\">\n\t\t\t\t<div class=\"elementor-element elementor-element-16a9e1d elementor-widget elementor-widget-heading\" data-id=\"16a9e1d\" data-element_type=\"widget\" data-e-type=\"widget\" data-widget_type=\"heading.default\">\n\t\t\t\t<div class=\"elementor-widget-container\">\n\t\t\t\t\t<h2 class=\"elementor-heading-title elementor-size-default\">FIREFOX<\/h2>\t\t\t\t<\/div>\n\t\t\t\t<\/div>\n\t\t\t\t<div class=\"elementor-element elementor-element-3256a4d elementor-widget-divider--view-line elementor-widget elementor-widget-divider\" data-id=\"3256a4d\" data-element_type=\"widget\" data-e-type=\"widget\" data-widget_type=\"divider.default\">\n\t\t\t\t<div class=\"elementor-widget-container\">\n\t\t\t\t\t\t\t<div class=\"elementor-divider\">\n\t\t\t<span class=\"elementor-divider-separator\">\n\t\t\t\t\t\t<\/span>\n\t\t<\/div>\n\t\t\t\t\t\t<\/div>\n\t\t\t\t<\/div>\n\t\t\t\t\t<\/div>\n\t\t\t\t<\/div>\n\t\t<div class=\"elementor-element elementor-element-c6f77be e-flex e-con-boxed e-con e-parent\" data-id=\"c6f77be\" data-element_type=\"container\" data-e-type=\"container\">\n\t\t\t\t\t<div class=\"e-con-inner\">\n\t\t\t\t<div class=\"elementor-element elementor-element-17dc565 elementor-widget elementor-widget-text-editor\" data-id=\"17dc565\" data-element_type=\"widget\" data-e-type=\"widget\" data-widget_type=\"text-editor.default\">\n\t\t\t\t<div class=\"elementor-widget-container\">\n\t\t\t\t\t\t\t\t\t<ol><li>W\u00e4hlen Sie im Tools Menu Ihres Browsers \u201cOptionen\u201d.<\/li><li>In dem sich \u00f6ffnenden Fenster w\u00e4hlen Sie \u201ePrivacy\u201c und klicken auf \u201eShow Cookies\u201c.<\/li><li>L\u00f6schen Sie hier alle Eintr\u00e4ge die den Namen \u201eHYDRO LEDUC\u201c beinhalten.<\/li><\/ol>\t\t\t\t\t\t\t\t<\/div>\n\t\t\t\t<\/div>\n\t\t\t\t\t<\/div>\n\t\t\t\t<\/div>\n\t\t<div class=\"elementor-element elementor-element-c8d7b68 e-flex e-con-boxed e-con e-parent\" data-id=\"c8d7b68\" data-element_type=\"container\" data-e-type=\"container\" data-settings=\"{&quot;background_background&quot;:&quot;classic&quot;}\">\n\t\t\t\t\t<div class=\"e-con-inner\">\n\t\t\t\t<div class=\"elementor-element elementor-element-275146f elementor-widget elementor-widget-heading\" data-id=\"275146f\" data-element_type=\"widget\" data-e-type=\"widget\" data-widget_type=\"heading.default\">\n\t\t\t\t<div class=\"elementor-widget-container\">\n\t\t\t\t\t<h2 class=\"elementor-heading-title elementor-size-default\">SAFARI<\/h2>\t\t\t\t<\/div>\n\t\t\t\t<\/div>\n\t\t\t\t<div class=\"elementor-element elementor-element-049e55d elementor-widget-divider--view-line elementor-widget elementor-widget-divider\" data-id=\"049e55d\" data-element_type=\"widget\" data-e-type=\"widget\" data-widget_type=\"divider.default\">\n\t\t\t\t<div class=\"elementor-widget-container\">\n\t\t\t\t\t\t\t<div class=\"elementor-divider\">\n\t\t\t<span class=\"elementor-divider-separator\">\n\t\t\t\t\t\t<\/span>\n\t\t<\/div>\n\t\t\t\t\t\t<\/div>\n\t\t\t\t<\/div>\n\t\t\t\t\t<\/div>\n\t\t\t\t<\/div>\n\t\t<div class=\"elementor-element elementor-element-73ecc9c e-flex e-con-boxed e-con e-parent\" data-id=\"73ecc9c\" data-element_type=\"container\" data-e-type=\"container\">\n\t\t\t\t\t<div class=\"e-con-inner\">\n\t\t\t\t<div class=\"elementor-element elementor-element-c416d60 elementor-widget elementor-widget-text-editor\" data-id=\"c416d60\" data-element_type=\"widget\" data-e-type=\"widget\" data-widget_type=\"text-editor.default\">\n\t\t\t\t<div class=\"elementor-widget-container\">\n\t\t\t\t\t\t\t\t\t<ol><li>W\u00e4hlen Sie in Ihrem Browser \u201cEdit &gt; Preferences\u201d.<\/li><li>Klicken Sie auf Security.<\/li><li>Klicken Sie auf \u201eZeige Cookies\u201c.<\/li><li>L\u00f6schen Sie hier alle Eintr\u00e4ge die den Namen \u201eHYDRO LEDUC\u201c beinhalten.<\/li><li>Nach dem L\u00f6schen best\u00e4tigen Sie mit \u201eFertig\u201c.<\/li><\/ol>\t\t\t\t\t\t\t\t<\/div>\n\t\t\t\t<\/div>\n\t\t\t\t\t<\/div>\n\t\t\t\t<\/div>\n\t\t<div class=\"elementor-element elementor-element-0eb0165 e-flex e-con-boxed e-con e-parent\" data-id=\"0eb0165\" data-element_type=\"container\" data-e-type=\"container\" data-settings=\"{&quot;background_background&quot;:&quot;classic&quot;}\">\n\t\t\t\t\t<div class=\"e-con-inner\">\n\t\t\t\t<div class=\"elementor-element elementor-element-677313a elementor-widget elementor-widget-heading\" data-id=\"677313a\" data-element_type=\"widget\" data-e-type=\"widget\" data-widget_type=\"heading.default\">\n\t\t\t\t<div class=\"elementor-widget-container\">\n\t\t\t\t\t<h2 class=\"elementor-heading-title elementor-size-default\">GOOGLE CHROME<\/h2>\t\t\t\t<\/div>\n\t\t\t\t<\/div>\n\t\t\t\t<div class=\"elementor-element elementor-element-bba973a elementor-widget-divider--view-line elementor-widget elementor-widget-divider\" data-id=\"bba973a\" data-element_type=\"widget\" data-e-type=\"widget\" data-widget_type=\"divider.default\">\n\t\t\t\t<div class=\"elementor-widget-container\">\n\t\t\t\t\t\t\t<div class=\"elementor-divider\">\n\t\t\t<span class=\"elementor-divider-separator\">\n\t\t\t\t\t\t<\/span>\n\t\t<\/div>\n\t\t\t\t\t\t<\/div>\n\t\t\t\t<\/div>\n\t\t\t\t\t<\/div>\n\t\t\t\t<\/div>\n\t\t<div class=\"elementor-element elementor-element-2885e30 e-flex e-con-boxed e-con e-parent\" data-id=\"2885e30\" data-element_type=\"container\" data-e-type=\"container\">\n\t\t\t\t\t<div class=\"e-con-inner\">\n\t\t\t\t<div class=\"elementor-element elementor-element-e00cc55 elementor-widget elementor-widget-text-editor\" data-id=\"e00cc55\" data-element_type=\"widget\" data-e-type=\"widget\" data-widget_type=\"text-editor.default\">\n\t\t\t\t<div class=\"elementor-widget-container\">\n\t\t\t\t\t\t\t\t\t<ol><li>Klicken Sie auf das \u201cTools Menu\u201d Icon.<\/li><li>W\u00e4hlen Sie \u201eOptionen\u201c.<\/li><li>Klicken Sie im Bereich \u201eOptionen\u201c auf \u201ePrivat\u201c.<\/li><li>Klicken Sie auf \u201eZeige Cookies\u201c.<\/li><li>L\u00f6schen Sie hier alle Eintr\u00e4ge die den Namen \u201eHYDRO LEDUC\u201c beinhalten.<\/li><li>Klicken Sie auf \u201eSchlie\u00dfen\u201c um zu Ihrem Browser zur\u00fcckzukehren.<\/li><\/ol>\t\t\t\t\t\t\t\t<\/div>\n\t\t\t\t<\/div>\n\t\t\t\t<div class=\"elementor-element elementor-element-193e86e elementor-blockquote--skin-quotation elementor-widget elementor-widget-blockquote\" data-id=\"193e86e\" data-element_type=\"widget\" data-e-type=\"widget\" data-widget_type=\"blockquote.default\">\n\t\t\t\t<div class=\"elementor-widget-container\">\n\t\t\t\t\t\t\t<blockquote class=\"elementor-blockquote\">\n\t\t\t<p class=\"elementor-blockquote__content\">\n\t\t\t\tBitte beachten Sie dass bei deaktivierten Cookies einige Informationen unserer Website nicht ersichtlich sein k\u00f6nnen.\t\t\t<\/p>\n\t\t\t\t\t<\/blockquote>\n\t\t\t\t\t\t<\/div>\n\t\t\t\t<\/div>\n\t\t\t\t\t<\/div>\n\t\t\t\t<\/div>\n\t\t\t\t<\/div>\n\t\t","protected":false},"excerpt":{"rendered":"<p>Cookie-Verwendung Hydro Leduc ist spezialisiert auf die Entwicklung, Herstellung und den Vertrieb von Kolbenpumpen, Hydraulikmotoren, hydropneumatische Druckspeicher und hydromechanischen Komponenten nach kundenspezifischen W\u00fcnschen. Unsere Website benutz das Prinzip von \u201cCookies\u201d. Cookies erm\u00f6glichen uns : Ihre pers\u00f6nlichen Verbesserungsvorschl\u00e4ge zu bearbeiten Erhebungen \u00fcber die meist besuchten Seiten unserer Website Erfolgsmessung von Werbema\u00dfnahmen und Suchanzeigen. Weiterhin erm\u00f6glichen uns [&hellip;]<\/p>\n","protected":false},"author":2,"featured_media":0,"parent":0,"menu_order":0,"comment_status":"closed","ping_status":"closed","template":"","meta":{"footnotes":""},"class_list":["post-46","page","type-page","status-publish","hentry"],"yoast_head":"<!-- This site is optimized with the Yoast SEO plugin v27.2 - https:\/\/yoast.com\/product\/yoast-seo-wordpress\/ -->\n<title>Verwendung von cookies - Hydro Leduc<\/title>\n<meta name=\"description\" content=\"Verwendung von cookies - Hydro Leduc\" \/>\n<meta name=\"robots\" content=\"index, follow, max-snippet:-1, max-image-preview:large, max-video-preview:-1\" \/>\n<link rel=\"canonical\" href=\"https:\/\/hydroleduc.com\/de\/cookie-verwendung\/\" \/>\n<meta property=\"og:locale\" content=\"de_DE\" \/>\n<meta property=\"og:type\" content=\"article\" \/>\n<meta property=\"og:title\" content=\"Verwendung von cookies - Hydro Leduc\" \/>\n<meta property=\"og:description\" content=\"Verwendung von cookies - Hydro Leduc\" \/>\n<meta property=\"og:url\" content=\"https:\/\/hydroleduc.com\/de\/cookie-verwendung\/\" \/>\n<meta property=\"og:site_name\" content=\"HYDRO LEDUC\" \/>\n<meta property=\"article:modified_time\" content=\"2025-09-30T12:56:36+00:00\" \/>\n<meta name=\"twitter:card\" content=\"summary_large_image\" \/>\n<meta name=\"twitter:label1\" content=\"Gesch\u00e4tzte Lesezeit\" \/>\n\t<meta name=\"twitter:data1\" content=\"2\u00a0Minuten\" \/>\n<script type=\"application\/ld+json\" class=\"yoast-schema-graph\">{\"@context\":\"https:\/\/schema.org\",\"@graph\":[{\"@type\":\"WebPage\",\"@id\":\"https:\/\/hydroleduc.com\/de\/cookie-verwendung\/\",\"url\":\"https:\/\/hydroleduc.com\/de\/cookie-verwendung\/\",\"name\":\"Verwendung von cookies - Hydro Leduc\",\"isPartOf\":{\"@id\":\"https:\/\/hydroleduc.com\/de\/#website\"},\"datePublished\":\"2025-01-09T15:13:08+00:00\",\"dateModified\":\"2025-09-30T12:56:36+00:00\",\"description\":\"Verwendung von cookies - Hydro Leduc\",\"breadcrumb\":{\"@id\":\"https:\/\/hydroleduc.com\/de\/cookie-verwendung\/#breadcrumb\"},\"inLanguage\":\"de\",\"potentialAction\":[{\"@type\":\"ReadAction\",\"target\":[\"https:\/\/hydroleduc.com\/de\/cookie-verwendung\/\"]}]},{\"@type\":\"BreadcrumbList\",\"@id\":\"https:\/\/hydroleduc.com\/de\/cookie-verwendung\/#breadcrumb\",\"itemListElement\":[{\"@type\":\"ListItem\",\"position\":1,\"name\":\"Startseite\",\"item\":\"https:\/\/hydroleduc.com\/de\/\"},{\"@type\":\"ListItem\",\"position\":2,\"name\":\"Cookie-Verwendung\"}]},{\"@type\":\"WebSite\",\"@id\":\"https:\/\/hydroleduc.com\/de\/#website\",\"url\":\"https:\/\/hydroleduc.com\/de\/\",\"name\":\"HYDRO LEDUC\",\"description\":\"Hersteller von Hydraulikkomponenten\",\"publisher\":{\"@id\":\"https:\/\/hydroleduc.com\/de\/#organization\"},\"potentialAction\":[{\"@type\":\"SearchAction\",\"target\":{\"@type\":\"EntryPoint\",\"urlTemplate\":\"https:\/\/hydroleduc.com\/de\/?s={search_term_string}\"},\"query-input\":{\"@type\":\"PropertyValueSpecification\",\"valueRequired\":true,\"valueName\":\"search_term_string\"}}],\"inLanguage\":\"de\"},{\"@type\":\"Organization\",\"@id\":\"https:\/\/hydroleduc.com\/de\/#organization\",\"name\":\"HYDRO LEDUC\",\"url\":\"https:\/\/hydroleduc.com\/de\/\",\"logo\":{\"@type\":\"ImageObject\",\"inLanguage\":\"de\",\"@id\":\"https:\/\/hydroleduc.com\/de\/#\/schema\/logo\/image\/\",\"url\":\"https:\/\/hydroleduc.com\/de\/wp-content\/uploads\/2025\/01\/logo-hydroleduc.png\",\"contentUrl\":\"https:\/\/hydroleduc.com\/de\/wp-content\/uploads\/2025\/01\/logo-hydroleduc.png\",\"width\":366,\"height\":148,\"caption\":\"HYDRO LEDUC\"},\"image\":{\"@id\":\"https:\/\/hydroleduc.com\/de\/#\/schema\/logo\/image\/\"}}]}<\/script>\n<!-- \/ Yoast SEO plugin. -->","yoast_head_json":{"title":"Verwendung von cookies - Hydro Leduc","description":"Verwendung von cookies - Hydro Leduc","robots":{"index":"index","follow":"follow","max-snippet":"max-snippet:-1","max-image-preview":"max-image-preview:large","max-video-preview":"max-video-preview:-1"},"canonical":"https:\/\/hydroleduc.com\/de\/cookie-verwendung\/","og_locale":"de_DE","og_type":"article","og_title":"Verwendung von cookies - Hydro Leduc","og_description":"Verwendung von cookies - Hydro Leduc","og_url":"https:\/\/hydroleduc.com\/de\/cookie-verwendung\/","og_site_name":"HYDRO LEDUC","article_modified_time":"2025-09-30T12:56:36+00:00","twitter_card":"summary_large_image","twitter_misc":{"Gesch\u00e4tzte Lesezeit":"2\u00a0Minuten"},"schema":{"@context":"https:\/\/schema.org","@graph":[{"@type":"WebPage","@id":"https:\/\/hydroleduc.com\/de\/cookie-verwendung\/","url":"https:\/\/hydroleduc.com\/de\/cookie-verwendung\/","name":"Verwendung von cookies - Hydro Leduc","isPartOf":{"@id":"https:\/\/hydroleduc.com\/de\/#website"},"datePublished":"2025-01-09T15:13:08+00:00","dateModified":"2025-09-30T12:56:36+00:00","description":"Verwendung von cookies - Hydro Leduc","breadcrumb":{"@id":"https:\/\/hydroleduc.com\/de\/cookie-verwendung\/#breadcrumb"},"inLanguage":"de","potentialAction":[{"@type":"ReadAction","target":["https:\/\/hydroleduc.com\/de\/cookie-verwendung\/"]}]},{"@type":"BreadcrumbList","@id":"https:\/\/hydroleduc.com\/de\/cookie-verwendung\/#breadcrumb","itemListElement":[{"@type":"ListItem","position":1,"name":"Startseite","item":"https:\/\/hydroleduc.com\/de\/"},{"@type":"ListItem","position":2,"name":"Cookie-Verwendung"}]},{"@type":"WebSite","@id":"https:\/\/hydroleduc.com\/de\/#website","url":"https:\/\/hydroleduc.com\/de\/","name":"HYDRO LEDUC","description":"Hersteller von Hydraulikkomponenten","publisher":{"@id":"https:\/\/hydroleduc.com\/de\/#organization"},"potentialAction":[{"@type":"SearchAction","target":{"@type":"EntryPoint","urlTemplate":"https:\/\/hydroleduc.com\/de\/?s={search_term_string}"},"query-input":{"@type":"PropertyValueSpecification","valueRequired":true,"valueName":"search_term_string"}}],"inLanguage":"de"},{"@type":"Organization","@id":"https:\/\/hydroleduc.com\/de\/#organization","name":"HYDRO LEDUC","url":"https:\/\/hydroleduc.com\/de\/","logo":{"@type":"ImageObject","inLanguage":"de","@id":"https:\/\/hydroleduc.com\/de\/#\/schema\/logo\/image\/","url":"https:\/\/hydroleduc.com\/de\/wp-content\/uploads\/2025\/01\/logo-hydroleduc.png","contentUrl":"https:\/\/hydroleduc.com\/de\/wp-content\/uploads\/2025\/01\/logo-hydroleduc.png","width":366,"height":148,"caption":"HYDRO LEDUC"},"image":{"@id":"https:\/\/hydroleduc.com\/de\/#\/schema\/logo\/image\/"}}]}},"_links":{"self":[{"href":"https:\/\/hydroleduc.com\/de\/wp-json\/wp\/v2\/pages\/46","targetHints":{"allow":["GET"]}}],"collection":[{"href":"https:\/\/hydroleduc.com\/de\/wp-json\/wp\/v2\/pages"}],"about":[{"href":"https:\/\/hydroleduc.com\/de\/wp-json\/wp\/v2\/types\/page"}],"author":[{"embeddable":true,"href":"https:\/\/hydroleduc.com\/de\/wp-json\/wp\/v2\/users\/2"}],"replies":[{"embeddable":true,"href":"https:\/\/hydroleduc.com\/de\/wp-json\/wp\/v2\/comments?post=46"}],"version-history":[{"count":32,"href":"https:\/\/hydroleduc.com\/de\/wp-json\/wp\/v2\/pages\/46\/revisions"}],"predecessor-version":[{"id":45810,"href":"https:\/\/hydroleduc.com\/de\/wp-json\/wp\/v2\/pages\/46\/revisions\/45810"}],"wp:attachment":[{"href":"https:\/\/hydroleduc.com\/de\/wp-json\/wp\/v2\/media?parent=46"}],"curies":[{"name":"wp","href":"https:\/\/api.w.org\/{rel}","templated":true}]}}