{"id":46219,"date":"2025-07-21T14:51:43","date_gmt":"2025-07-21T12:51:43","guid":{"rendered":"https:\/\/hydroleduc.com\/de\/?page_id=46219"},"modified":"2025-09-30T15:00:52","modified_gmt":"2025-09-30T13:00:52","slug":"ihre-kontaktanfrage","status":"publish","type":"page","link":"https:\/\/hydroleduc.com\/de\/ihre-kontaktanfrage\/","title":{"rendered":"Ihre kontaktanfrage"},"content":{"rendered":"\t\t<div data-elementor-type=\"wp-page\" data-elementor-id=\"46219\" class=\"elementor elementor-46219\" data-elementor-post-type=\"page\">\n\t\t\t\t<div class=\"elementor-element elementor-element-7f5250b e-con-full header-page e-flex e-con e-parent\" data-id=\"7f5250b\" data-element_type=\"container\" data-e-type=\"container\" data-settings=\"{&quot;background_background&quot;:&quot;classic&quot;}\">\n\t\t\t\t<div class=\"elementor-element elementor-element-403b64e elementor-widget elementor-widget-breadcrumbs\" data-id=\"403b64e\" data-element_type=\"widget\" data-e-type=\"widget\" data-widget_type=\"breadcrumbs.default\">\n\t\t\t\t<div class=\"elementor-widget-container\">\n\t\t\t\t\t<p id=\"breadcrumbs\"><span><span><a href=\"https:\/\/hydroleduc.com\/de\/\">Startseite<\/a><\/span><\/span><\/p>\t\t\t\t<\/div>\n\t\t\t\t<\/div>\n\t\t\t\t<div class=\"elementor-element elementor-element-a132113 elementor-widget elementor-widget-heading\" data-id=\"a132113\" data-element_type=\"widget\" data-e-type=\"widget\" data-widget_type=\"heading.default\">\n\t\t\t\t<div class=\"elementor-widget-container\">\n\t\t\t\t\t<h1 class=\"elementor-heading-title elementor-size-default\">Ihre Kontaktanfrage<\/h1>\t\t\t\t<\/div>\n\t\t\t\t<\/div>\n\t\t\t\t<\/div>\n\t\t<div class=\"elementor-element elementor-element-adbd250 e-con-full e-flex e-con e-parent\" data-id=\"adbd250\" data-element_type=\"container\" data-e-type=\"container\">\n\t\t\t\t<div class=\"elementor-element elementor-element-db862bf elementor-widget elementor-widget-text-editor\" data-id=\"db862bf\" data-element_type=\"widget\" data-e-type=\"widget\" data-widget_type=\"text-editor.default\">\n\t\t\t\t<div class=\"elementor-widget-container\">\n\t\t\t\t\t\t\t\t\t<p data-start=\"103\" data-end=\"138\"><strong data-start=\"103\" data-end=\"138\">Vielen Dank f\u00fcr Ihre Nachricht.<\/strong><\/p><p data-start=\"140\" data-end=\"193\">Wir freuen uns \u00fcber Ihr Interesse an HYDRO LEDUC.<\/p><p data-start=\"195\" data-end=\"352\">Ihre Anfrage ist erfolgreich bei uns eingegangen und wird schnellstm\u00f6glich von unserem Team bearbeitet.<br data-start=\"298\" data-end=\"301\" \/>In K\u00fcrze erhalten Sie eine pers\u00f6nliche R\u00fcckmeldung.<\/p><p data-start=\"354\" data-end=\"453\">In der Zwischenzeit laden wir Sie ein, <a href=\"https:\/\/hydroleduc.com\/de\/hydraulikkomponenten\/\">unsere innovativen Hochdruck-Hydraulikl\u00f6sungen<\/a> zu entdecken.<\/p>\t\t\t\t\t\t\t\t<\/div>\n\t\t\t\t<\/div>\n\t\t\t\t<\/div>\n\t\t\t\t<\/div>\n\t\t","protected":false},"excerpt":{"rendered":"<p>Ihre Kontaktanfrage Vielen Dank f\u00fcr Ihre Nachricht. Wir freuen uns \u00fcber Ihr Interesse an HYDRO LEDUC. Ihre Anfrage ist erfolgreich bei uns eingegangen und wird schnellstm\u00f6glich von unserem Team bearbeitet.In K\u00fcrze erhalten Sie eine pers\u00f6nliche R\u00fcckmeldung. In der Zwischenzeit laden wir Sie ein, unsere innovativen Hochdruck-Hydraulikl\u00f6sungen zu entdecken.<\/p>\n","protected":false},"author":7,"featured_media":0,"parent":0,"menu_order":0,"comment_status":"closed","ping_status":"closed","template":"elementor_header_footer","meta":{"footnotes":""},"class_list":["post-46219","page","type-page","status-publish","hentry"],"yoast_head":"<!-- This site is optimized with the Yoast SEO plugin v27.2 - https:\/\/yoast.com\/product\/yoast-seo-wordpress\/ -->\n<title>Ihre kontaktanfrage - HYDRO LEDUC<\/title>\n<meta name=\"description\" content=\"Ihre kontaktanfrage ist eingegangen und wird so schnell wie m\u00f6glich von unserem team bearbeitet. Vielen dank.\" \/>\n<meta name=\"robots\" content=\"index, follow, max-snippet:-1, max-image-preview:large, max-video-preview:-1\" \/>\n<link rel=\"canonical\" href=\"https:\/\/hydroleduc.com\/de\/ihre-kontaktanfrage\/\" \/>\n<meta property=\"og:locale\" content=\"de_DE\" \/>\n<meta property=\"og:type\" content=\"article\" \/>\n<meta property=\"og:title\" content=\"Ihre kontaktanfrage - HYDRO LEDUC\" \/>\n<meta property=\"og:description\" content=\"Ihre kontaktanfrage ist eingegangen und wird so schnell wie m\u00f6glich von unserem team bearbeitet. Vielen dank.\" \/>\n<meta property=\"og:url\" content=\"https:\/\/hydroleduc.com\/de\/ihre-kontaktanfrage\/\" \/>\n<meta property=\"og:site_name\" content=\"HYDRO LEDUC\" \/>\n<meta property=\"article:modified_time\" content=\"2025-09-30T13:00:52+00:00\" \/>\n<meta name=\"twitter:card\" content=\"summary_large_image\" \/>\n<meta name=\"twitter:label1\" content=\"Gesch\u00e4tzte Lesezeit\" \/>\n\t<meta name=\"twitter:data1\" content=\"1\u00a0Minute\" \/>\n<script type=\"application\/ld+json\" class=\"yoast-schema-graph\">{\"@context\":\"https:\/\/schema.org\",\"@graph\":[{\"@type\":\"WebPage\",\"@id\":\"https:\/\/hydroleduc.com\/de\/ihre-kontaktanfrage\/\",\"url\":\"https:\/\/hydroleduc.com\/de\/ihre-kontaktanfrage\/\",\"name\":\"Ihre kontaktanfrage - HYDRO LEDUC\",\"isPartOf\":{\"@id\":\"https:\/\/hydroleduc.com\/de\/#website\"},\"datePublished\":\"2025-07-21T12:51:43+00:00\",\"dateModified\":\"2025-09-30T13:00:52+00:00\",\"description\":\"Ihre kontaktanfrage ist eingegangen und wird so schnell wie m\u00f6glich von unserem team bearbeitet. Vielen dank.\",\"breadcrumb\":{\"@id\":\"https:\/\/hydroleduc.com\/de\/ihre-kontaktanfrage\/#breadcrumb\"},\"inLanguage\":\"de\",\"potentialAction\":[{\"@type\":\"ReadAction\",\"target\":[\"https:\/\/hydroleduc.com\/de\/ihre-kontaktanfrage\/\"]}]},{\"@type\":\"BreadcrumbList\",\"@id\":\"https:\/\/hydroleduc.com\/de\/ihre-kontaktanfrage\/#breadcrumb\",\"itemListElement\":[{\"@type\":\"ListItem\",\"position\":1,\"name\":\"Startseite\",\"item\":\"https:\/\/hydroleduc.com\/de\/\"},{\"@type\":\"ListItem\",\"position\":2,\"name\":\"Ihre kontaktanfrage\"}]},{\"@type\":\"WebSite\",\"@id\":\"https:\/\/hydroleduc.com\/de\/#website\",\"url\":\"https:\/\/hydroleduc.com\/de\/\",\"name\":\"HYDRO LEDUC\",\"description\":\"Hersteller von Hydraulikkomponenten\",\"publisher\":{\"@id\":\"https:\/\/hydroleduc.com\/de\/#organization\"},\"potentialAction\":[{\"@type\":\"SearchAction\",\"target\":{\"@type\":\"EntryPoint\",\"urlTemplate\":\"https:\/\/hydroleduc.com\/de\/?s={search_term_string}\"},\"query-input\":{\"@type\":\"PropertyValueSpecification\",\"valueRequired\":true,\"valueName\":\"search_term_string\"}}],\"inLanguage\":\"de\"},{\"@type\":\"Organization\",\"@id\":\"https:\/\/hydroleduc.com\/de\/#organization\",\"name\":\"HYDRO LEDUC\",\"url\":\"https:\/\/hydroleduc.com\/de\/\",\"logo\":{\"@type\":\"ImageObject\",\"inLanguage\":\"de\",\"@id\":\"https:\/\/hydroleduc.com\/de\/#\/schema\/logo\/image\/\",\"url\":\"https:\/\/hydroleduc.com\/de\/wp-content\/uploads\/2025\/01\/logo-hydroleduc.png\",\"contentUrl\":\"https:\/\/hydroleduc.com\/de\/wp-content\/uploads\/2025\/01\/logo-hydroleduc.png\",\"width\":366,\"height\":148,\"caption\":\"HYDRO LEDUC\"},\"image\":{\"@id\":\"https:\/\/hydroleduc.com\/de\/#\/schema\/logo\/image\/\"}}]}<\/script>\n<!-- \/ Yoast SEO plugin. -->","yoast_head_json":{"title":"Ihre kontaktanfrage - HYDRO LEDUC","description":"Ihre kontaktanfrage ist eingegangen und wird so schnell wie m\u00f6glich von unserem team bearbeitet. Vielen dank.","robots":{"index":"index","follow":"follow","max-snippet":"max-snippet:-1","max-image-preview":"max-image-preview:large","max-video-preview":"max-video-preview:-1"},"canonical":"https:\/\/hydroleduc.com\/de\/ihre-kontaktanfrage\/","og_locale":"de_DE","og_type":"article","og_title":"Ihre kontaktanfrage - HYDRO LEDUC","og_description":"Ihre kontaktanfrage ist eingegangen und wird so schnell wie m\u00f6glich von unserem team bearbeitet. Vielen dank.","og_url":"https:\/\/hydroleduc.com\/de\/ihre-kontaktanfrage\/","og_site_name":"HYDRO LEDUC","article_modified_time":"2025-09-30T13:00:52+00:00","twitter_card":"summary_large_image","twitter_misc":{"Gesch\u00e4tzte Lesezeit":"1\u00a0Minute"},"schema":{"@context":"https:\/\/schema.org","@graph":[{"@type":"WebPage","@id":"https:\/\/hydroleduc.com\/de\/ihre-kontaktanfrage\/","url":"https:\/\/hydroleduc.com\/de\/ihre-kontaktanfrage\/","name":"Ihre kontaktanfrage - HYDRO LEDUC","isPartOf":{"@id":"https:\/\/hydroleduc.com\/de\/#website"},"datePublished":"2025-07-21T12:51:43+00:00","dateModified":"2025-09-30T13:00:52+00:00","description":"Ihre kontaktanfrage ist eingegangen und wird so schnell wie m\u00f6glich von unserem team bearbeitet. Vielen dank.","breadcrumb":{"@id":"https:\/\/hydroleduc.com\/de\/ihre-kontaktanfrage\/#breadcrumb"},"inLanguage":"de","potentialAction":[{"@type":"ReadAction","target":["https:\/\/hydroleduc.com\/de\/ihre-kontaktanfrage\/"]}]},{"@type":"BreadcrumbList","@id":"https:\/\/hydroleduc.com\/de\/ihre-kontaktanfrage\/#breadcrumb","itemListElement":[{"@type":"ListItem","position":1,"name":"Startseite","item":"https:\/\/hydroleduc.com\/de\/"},{"@type":"ListItem","position":2,"name":"Ihre kontaktanfrage"}]},{"@type":"WebSite","@id":"https:\/\/hydroleduc.com\/de\/#website","url":"https:\/\/hydroleduc.com\/de\/","name":"HYDRO LEDUC","description":"Hersteller von Hydraulikkomponenten","publisher":{"@id":"https:\/\/hydroleduc.com\/de\/#organization"},"potentialAction":[{"@type":"SearchAction","target":{"@type":"EntryPoint","urlTemplate":"https:\/\/hydroleduc.com\/de\/?s={search_term_string}"},"query-input":{"@type":"PropertyValueSpecification","valueRequired":true,"valueName":"search_term_string"}}],"inLanguage":"de"},{"@type":"Organization","@id":"https:\/\/hydroleduc.com\/de\/#organization","name":"HYDRO LEDUC","url":"https:\/\/hydroleduc.com\/de\/","logo":{"@type":"ImageObject","inLanguage":"de","@id":"https:\/\/hydroleduc.com\/de\/#\/schema\/logo\/image\/","url":"https:\/\/hydroleduc.com\/de\/wp-content\/uploads\/2025\/01\/logo-hydroleduc.png","contentUrl":"https:\/\/hydroleduc.com\/de\/wp-content\/uploads\/2025\/01\/logo-hydroleduc.png","width":366,"height":148,"caption":"HYDRO LEDUC"},"image":{"@id":"https:\/\/hydroleduc.com\/de\/#\/schema\/logo\/image\/"}}]}},"_links":{"self":[{"href":"https:\/\/hydroleduc.com\/de\/wp-json\/wp\/v2\/pages\/46219","targetHints":{"allow":["GET"]}}],"collection":[{"href":"https:\/\/hydroleduc.com\/de\/wp-json\/wp\/v2\/pages"}],"about":[{"href":"https:\/\/hydroleduc.com\/de\/wp-json\/wp\/v2\/types\/page"}],"author":[{"embeddable":true,"href":"https:\/\/hydroleduc.com\/de\/wp-json\/wp\/v2\/users\/7"}],"replies":[{"embeddable":true,"href":"https:\/\/hydroleduc.com\/de\/wp-json\/wp\/v2\/comments?post=46219"}],"version-history":[{"count":8,"href":"https:\/\/hydroleduc.com\/de\/wp-json\/wp\/v2\/pages\/46219\/revisions"}],"predecessor-version":[{"id":46315,"href":"https:\/\/hydroleduc.com\/de\/wp-json\/wp\/v2\/pages\/46219\/revisions\/46315"}],"wp:attachment":[{"href":"https:\/\/hydroleduc.com\/de\/wp-json\/wp\/v2\/media?parent=46219"}],"curies":[{"name":"wp","href":"https:\/\/api.w.org\/{rel}","templated":true}]}}