{"id":48,"date":"2025-01-09T16:14:36","date_gmt":"2025-01-09T15:14:36","guid":{"rendered":"https:\/\/hydroleduc.com\/de\/?page_id=48"},"modified":"2026-02-20T09:37:36","modified_gmt":"2026-02-20T08:37:36","slug":"gleichstellung-von-frauen-und-mannern","status":"publish","type":"page","link":"https:\/\/hydroleduc.com\/de\/gleichstellung-von-frauen-und-mannern\/","title":{"rendered":"Gleichstellung von Frauen und M\u00e4nnern"},"content":{"rendered":"\t\t<div data-elementor-type=\"wp-page\" data-elementor-id=\"48\" class=\"elementor elementor-48\" data-elementor-post-type=\"page\">\n\t\t\t\t<div class=\"elementor-element elementor-element-74b77d8 header-page e-flex e-con-boxed e-con e-parent\" data-id=\"74b77d8\" data-element_type=\"container\" data-e-type=\"container\" data-settings=\"{&quot;background_background&quot;:&quot;classic&quot;}\">\n\t\t\t\t\t<div class=\"e-con-inner\">\n\t\t\t\t<div class=\"elementor-element elementor-element-131f9660 elementor-widget elementor-widget-breadcrumbs\" data-id=\"131f9660\" data-element_type=\"widget\" data-e-type=\"widget\" data-widget_type=\"breadcrumbs.default\">\n\t\t\t\t<div class=\"elementor-widget-container\">\n\t\t\t\t\t<p id=\"breadcrumbs\"><span><span><a href=\"https:\/\/hydroleduc.com\/de\/\">Startseite<\/a><\/span><\/span><\/p>\t\t\t\t<\/div>\n\t\t\t\t<\/div>\n\t\t\t\t<div class=\"elementor-element elementor-element-57b431cf elementor-widget elementor-widget-heading\" data-id=\"57b431cf\" data-element_type=\"widget\" data-e-type=\"widget\" data-widget_type=\"heading.default\">\n\t\t\t\t<div class=\"elementor-widget-container\">\n\t\t\t\t\t<h1 class=\"elementor-heading-title elementor-size-default\">Gleichstellung von Frauen und M\u00e4nnern<\/h1>\t\t\t\t<\/div>\n\t\t\t\t<\/div>\n\t\t\t\t\t<\/div>\n\t\t\t\t<\/div>\n\t\t<div class=\"elementor-element elementor-element-7717fac5 e-flex e-con-boxed e-con e-parent\" data-id=\"7717fac5\" data-element_type=\"container\" data-e-type=\"container\" data-settings=\"{&quot;background_background&quot;:&quot;classic&quot;}\">\n\t\t\t\t\t<div class=\"e-con-inner\">\n\t\t\t\t<div class=\"elementor-element elementor-element-6c48f70 elementor-widget elementor-widget-heading\" data-id=\"6c48f70\" data-element_type=\"widget\" data-e-type=\"widget\" data-widget_type=\"heading.default\">\n\t\t\t\t<div class=\"elementor-widget-container\">\n\t\t\t\t\t<h2 class=\"elementor-heading-title elementor-size-default\">Gleichstellung von <br>Frauen und M\u00e4nnern<\/h2>\t\t\t\t<\/div>\n\t\t\t\t<\/div>\n\t\t\t\t<div class=\"elementor-element elementor-element-4cca4f3f elementor-widget-divider--view-line elementor-widget elementor-widget-divider\" data-id=\"4cca4f3f\" data-element_type=\"widget\" data-e-type=\"widget\" data-widget_type=\"divider.default\">\n\t\t\t\t<div class=\"elementor-widget-container\">\n\t\t\t\t\t\t\t<div class=\"elementor-divider\">\n\t\t\t<span class=\"elementor-divider-separator\">\n\t\t\t\t\t\t<\/span>\n\t\t<\/div>\n\t\t\t\t\t\t<\/div>\n\t\t\t\t<\/div>\n\t\t\t\t\t<\/div>\n\t\t\t\t<\/div>\n\t\t<div class=\"elementor-element elementor-element-6458988 e-flex e-con-boxed e-con e-parent\" data-id=\"6458988\" data-element_type=\"container\" data-e-type=\"container\">\n\t\t\t\t\t<div class=\"e-con-inner\">\n\t\t<div class=\"elementor-element elementor-element-2985713 e-con-full e-flex e-con e-child\" data-id=\"2985713\" data-element_type=\"container\" data-e-type=\"container\">\n\t\t\t\t<div class=\"elementor-element elementor-element-7f7b2ef elementor-widget elementor-widget-text-editor\" data-id=\"7f7b2ef\" data-element_type=\"widget\" data-e-type=\"widget\" data-widget_type=\"text-editor.default\">\n\t\t\t\t<div class=\"elementor-widget-container\">\n\t\t\t\t\t\t\t\t\t<p>Die Gleichstellung von Mann und Frau ist ein zentraler Pfeiler unserer Unternehmenskultur. Wir sind davon \u00fcberzeugt, dass es wichtig ist, ein integratives Arbeitsumfeld zu schaffen, in dem jeder, unabh\u00e4ngig vom Geschlecht, die gleichen Chancen auf berufliches Wachstum und Entwicklung hat.<\/p>\n<p data-start=\"171\" data-end=\"454\">In Anwendung des Gesetzes \u201ezur Freiheit, die eigene berufliche Zukunft zu w\u00e4hlen\u201c vom 5. September 2018 ver\u00f6ffentlicht HYDRO LEDUC auf seiner Website die Ergebnisse der Indikatoren des Gleichstellungsindex f\u00fcr Frauen und M\u00e4nner, berechnet auf Grundlage der Daten des Jahres 2025.<\/p>\n<p data-start=\"456\" data-end=\"644\">HYDRO LEDUC kann kein aussagekr\u00e4ftiges Ergebnis erzielen, da die Indikatoren nicht berechnet werden k\u00f6nnen. Dieses Ergebnis erlaubt daher keine Einordnung in die Bewertungsskala des Index.<\/p>\n<p data-start=\"646\" data-end=\"790\">Diese Situation beeintr\u00e4chtigt jedoch keineswegs unsere Entschlossenheit, eine st\u00e4rker gleichstellungsorientierte Unternehmenskultur zu f\u00f6rdern.<\/p>\t\t\t\t\t\t\t\t<\/div>\n\t\t\t\t<\/div>\n\t\t\t\t<\/div>\n\t\t<div class=\"elementor-element elementor-element-aefbc7c e-con-full e-flex e-con e-child\" data-id=\"aefbc7c\" data-element_type=\"container\" data-e-type=\"container\">\n\t\t\t\t<div class=\"elementor-element elementor-element-dbe90ac elementor-widget elementor-widget-image\" data-id=\"dbe90ac\" data-element_type=\"widget\" data-e-type=\"widget\" data-widget_type=\"image.default\">\n\t\t\t\t<div class=\"elementor-widget-container\">\n\t\t\t\t\t\t\t\t\t\t\t\t\t\t\t<img fetchpriority=\"high\" decoding=\"async\" width=\"518\" height=\"337\" src=\"https:\/\/hydroleduc.com\/de\/wp-content\/uploads\/2025\/02\/egalite-hommes-femmes.png\" class=\"attachment-large size-large wp-image-43946\" alt=\"egalite hommes femmes\" srcset=\"https:\/\/hydroleduc.com\/de\/wp-content\/uploads\/2025\/02\/egalite-hommes-femmes.png 518w, https:\/\/hydroleduc.com\/de\/wp-content\/uploads\/2025\/02\/egalite-hommes-femmes-300x195.png 300w\" sizes=\"(max-width: 518px) 100vw, 518px\" \/>\t\t\t\t\t\t\t\t\t\t\t\t\t\t\t<\/div>\n\t\t\t\t<\/div>\n\t\t\t\t<\/div>\n\t\t\t\t\t<\/div>\n\t\t\t\t<\/div>\n\t\t<div class=\"elementor-element elementor-element-815060a e-flex e-con-boxed e-con e-parent\" data-id=\"815060a\" data-element_type=\"container\" data-e-type=\"container\">\n\t\t\t\t\t<div class=\"e-con-inner\">\n\t\t\t\t<div class=\"elementor-element elementor-element-be6e0d3 elementor-widget elementor-widget-text-editor\" data-id=\"be6e0d3\" data-element_type=\"widget\" data-e-type=\"widget\" data-widget_type=\"text-editor.default\">\n\t\t\t\t<div class=\"elementor-widget-container\">\n\t\t\t\t\t\t\t\t\t<p>Seit der Unterzeichnung der Dreijahresvereinbarung im Januar 2017 haben wir verschiedene Initiativen ergriffen, um die Gleichstellung in unserem Unternehmen zu f\u00f6rdern. Hierzu geh\u00f6ren Sensibilisierung, Schulungen und die Umsetzung von Richtlinien, um allen Mitgliedern unseres Teams faire Chancen zu gew\u00e4hrleisten. Wir sind uns auch der Bedeutung der Vielfalt in unserer Belegschaft bewusst und bem\u00fchen uns, ein Umfeld zu schaffen, in dem die Beitr\u00e4ge aller gesch\u00e4tzt werden, unabh\u00e4ngig vom Geschlecht.<\/p><p>Unser Engagement f\u00fcr Gleichberechtigung geht \u00fcber die Einhaltung von Gesetzen und Indikatoren hinaus. Es handelt sich um einen grundlegenden Wert, der in unsere t\u00e4gliche Praxis integriert ist. Wir setzen uns daf\u00fcr ein, weiterhin auf mehr Gleichberechtigung hinzuarbeiten, faire Behandlung und gleiche Chancen f\u00fcr alle sicherzustellen und ein Umfeld zu schaffen, in dem sich alle beruflich entfalten k\u00f6nnen, unabh\u00e4ngig vom Geschlecht.<\/p><p>Bei HYDRO LEDUC sind wir uns bewusst, dass der Weg zu echter Gleichberechtigung der Geschlechter ein kontinuierlicher und sich entwickelnder Prozess ist. Wir sind entschlossen, an der Spitze dieser Bewegung zu bleiben und unerm\u00fcdlich auf eine Zukunft hinzuarbeiten, in der die Gleichstellung der Geschlechter kein zu erreichendes Ziel mehr ist, sondern in unserem Unternehmen t\u00e4gliche Realit\u00e4t.<\/p>\t\t\t\t\t\t\t\t<\/div>\n\t\t\t\t<\/div>\n\t\t\t\t\t<\/div>\n\t\t\t\t<\/div>\n\t\t\t\t<\/div>\n\t\t","protected":false},"excerpt":{"rendered":"<p>Gleichstellung von Frauen und M\u00e4nnern Gleichstellung von Frauen und M\u00e4nnern Die Gleichstellung von Mann und Frau ist ein zentraler Pfeiler unserer Unternehmenskultur. Wir sind davon \u00fcberzeugt, dass es wichtig ist, ein integratives Arbeitsumfeld zu schaffen, in dem jeder, unabh\u00e4ngig vom Geschlecht, die gleichen Chancen auf berufliches Wachstum und Entwicklung hat. In Anwendung des Gesetzes \u201ezur [&hellip;]<\/p>\n","protected":false},"author":2,"featured_media":0,"parent":0,"menu_order":0,"comment_status":"closed","ping_status":"closed","template":"","meta":{"footnotes":""},"class_list":["post-48","page","type-page","status-publish","hentry"],"yoast_head":"<!-- This site is optimized with the Yoast SEO plugin v27.2 - https:\/\/yoast.com\/product\/yoast-seo-wordpress\/ -->\n<title>Gleichstellung von Frauen und M\u00e4nnern - Hydro Leduc<\/title>\n<meta name=\"description\" content=\"Hydro Leduc setzt sich f\u00fcr die berufliche gleichstellung von Frauen und M\u00e4nnern ein. Entdecken Sie unsere wichtigsten ma\u00dfnahmen und indikatoren.\" \/>\n<meta name=\"robots\" content=\"index, follow, max-snippet:-1, max-image-preview:large, max-video-preview:-1\" \/>\n<link rel=\"canonical\" href=\"https:\/\/hydroleduc.com\/de\/gleichstellung-von-frauen-und-mannern\/\" \/>\n<meta property=\"og:locale\" content=\"de_DE\" \/>\n<meta property=\"og:type\" content=\"article\" \/>\n<meta property=\"og:title\" content=\"Gleichstellung von Frauen und M\u00e4nnern - Hydro Leduc\" \/>\n<meta property=\"og:description\" content=\"Hydro Leduc setzt sich f\u00fcr die berufliche gleichstellung von Frauen und M\u00e4nnern ein. Entdecken Sie unsere wichtigsten ma\u00dfnahmen und indikatoren.\" \/>\n<meta property=\"og:url\" content=\"https:\/\/hydroleduc.com\/de\/gleichstellung-von-frauen-und-mannern\/\" \/>\n<meta property=\"og:site_name\" content=\"HYDRO LEDUC\" \/>\n<meta property=\"article:modified_time\" content=\"2026-02-20T08:37:36+00:00\" \/>\n<meta property=\"og:image\" content=\"https:\/\/hydroleduc.com\/de\/wp-content\/uploads\/2025\/02\/egalite-hommes-femmes.png\" \/>\n\t<meta property=\"og:image:width\" content=\"518\" \/>\n\t<meta property=\"og:image:height\" content=\"337\" \/>\n\t<meta property=\"og:image:type\" content=\"image\/png\" \/>\n<meta name=\"twitter:card\" content=\"summary_large_image\" \/>\n<meta name=\"twitter:label1\" content=\"Gesch\u00e4tzte Lesezeit\" \/>\n\t<meta name=\"twitter:data1\" content=\"2\u00a0Minuten\" \/>\n<script type=\"application\/ld+json\" class=\"yoast-schema-graph\">{\"@context\":\"https:\/\/schema.org\",\"@graph\":[{\"@type\":\"WebPage\",\"@id\":\"https:\/\/hydroleduc.com\/de\/gleichstellung-von-frauen-und-mannern\/\",\"url\":\"https:\/\/hydroleduc.com\/de\/gleichstellung-von-frauen-und-mannern\/\",\"name\":\"Gleichstellung von Frauen und M\u00e4nnern - Hydro Leduc\",\"isPartOf\":{\"@id\":\"https:\/\/hydroleduc.com\/de\/#website\"},\"primaryImageOfPage\":{\"@id\":\"https:\/\/hydroleduc.com\/de\/gleichstellung-von-frauen-und-mannern\/#primaryimage\"},\"image\":{\"@id\":\"https:\/\/hydroleduc.com\/de\/gleichstellung-von-frauen-und-mannern\/#primaryimage\"},\"thumbnailUrl\":\"https:\/\/hydroleduc.com\/de\/wp-content\/uploads\/2025\/02\/egalite-hommes-femmes.png\",\"datePublished\":\"2025-01-09T15:14:36+00:00\",\"dateModified\":\"2026-02-20T08:37:36+00:00\",\"description\":\"Hydro Leduc setzt sich f\u00fcr die berufliche gleichstellung von Frauen und M\u00e4nnern ein. Entdecken Sie unsere wichtigsten ma\u00dfnahmen und indikatoren.\",\"breadcrumb\":{\"@id\":\"https:\/\/hydroleduc.com\/de\/gleichstellung-von-frauen-und-mannern\/#breadcrumb\"},\"inLanguage\":\"de\",\"potentialAction\":[{\"@type\":\"ReadAction\",\"target\":[\"https:\/\/hydroleduc.com\/de\/gleichstellung-von-frauen-und-mannern\/\"]}]},{\"@type\":\"ImageObject\",\"inLanguage\":\"de\",\"@id\":\"https:\/\/hydroleduc.com\/de\/gleichstellung-von-frauen-und-mannern\/#primaryimage\",\"url\":\"https:\/\/hydroleduc.com\/de\/wp-content\/uploads\/2025\/02\/egalite-hommes-femmes.png\",\"contentUrl\":\"https:\/\/hydroleduc.com\/de\/wp-content\/uploads\/2025\/02\/egalite-hommes-femmes.png\",\"width\":518,\"height\":337,\"caption\":\"egalite hommes femmes\"},{\"@type\":\"BreadcrumbList\",\"@id\":\"https:\/\/hydroleduc.com\/de\/gleichstellung-von-frauen-und-mannern\/#breadcrumb\",\"itemListElement\":[{\"@type\":\"ListItem\",\"position\":1,\"name\":\"Startseite\",\"item\":\"https:\/\/hydroleduc.com\/de\/\"},{\"@type\":\"ListItem\",\"position\":2,\"name\":\"Gleichstellung von Frauen und M\u00e4nnern\"}]},{\"@type\":\"WebSite\",\"@id\":\"https:\/\/hydroleduc.com\/de\/#website\",\"url\":\"https:\/\/hydroleduc.com\/de\/\",\"name\":\"HYDRO LEDUC\",\"description\":\"Hersteller von Hydraulikkomponenten\",\"publisher\":{\"@id\":\"https:\/\/hydroleduc.com\/de\/#organization\"},\"potentialAction\":[{\"@type\":\"SearchAction\",\"target\":{\"@type\":\"EntryPoint\",\"urlTemplate\":\"https:\/\/hydroleduc.com\/de\/?s={search_term_string}\"},\"query-input\":{\"@type\":\"PropertyValueSpecification\",\"valueRequired\":true,\"valueName\":\"search_term_string\"}}],\"inLanguage\":\"de\"},{\"@type\":\"Organization\",\"@id\":\"https:\/\/hydroleduc.com\/de\/#organization\",\"name\":\"HYDRO LEDUC\",\"url\":\"https:\/\/hydroleduc.com\/de\/\",\"logo\":{\"@type\":\"ImageObject\",\"inLanguage\":\"de\",\"@id\":\"https:\/\/hydroleduc.com\/de\/#\/schema\/logo\/image\/\",\"url\":\"https:\/\/hydroleduc.com\/de\/wp-content\/uploads\/2025\/01\/logo-hydroleduc.png\",\"contentUrl\":\"https:\/\/hydroleduc.com\/de\/wp-content\/uploads\/2025\/01\/logo-hydroleduc.png\",\"width\":366,\"height\":148,\"caption\":\"HYDRO LEDUC\"},\"image\":{\"@id\":\"https:\/\/hydroleduc.com\/de\/#\/schema\/logo\/image\/\"}}]}<\/script>\n<!-- \/ Yoast SEO plugin. -->","yoast_head_json":{"title":"Gleichstellung von Frauen und M\u00e4nnern - Hydro Leduc","description":"Hydro Leduc setzt sich f\u00fcr die berufliche gleichstellung von Frauen und M\u00e4nnern ein. Entdecken Sie unsere wichtigsten ma\u00dfnahmen und indikatoren.","robots":{"index":"index","follow":"follow","max-snippet":"max-snippet:-1","max-image-preview":"max-image-preview:large","max-video-preview":"max-video-preview:-1"},"canonical":"https:\/\/hydroleduc.com\/de\/gleichstellung-von-frauen-und-mannern\/","og_locale":"de_DE","og_type":"article","og_title":"Gleichstellung von Frauen und M\u00e4nnern - Hydro Leduc","og_description":"Hydro Leduc setzt sich f\u00fcr die berufliche gleichstellung von Frauen und M\u00e4nnern ein. Entdecken Sie unsere wichtigsten ma\u00dfnahmen und indikatoren.","og_url":"https:\/\/hydroleduc.com\/de\/gleichstellung-von-frauen-und-mannern\/","og_site_name":"HYDRO LEDUC","article_modified_time":"2026-02-20T08:37:36+00:00","og_image":[{"width":518,"height":337,"url":"https:\/\/hydroleduc.com\/de\/wp-content\/uploads\/2025\/02\/egalite-hommes-femmes.png","type":"image\/png"}],"twitter_card":"summary_large_image","twitter_misc":{"Gesch\u00e4tzte Lesezeit":"2\u00a0Minuten"},"schema":{"@context":"https:\/\/schema.org","@graph":[{"@type":"WebPage","@id":"https:\/\/hydroleduc.com\/de\/gleichstellung-von-frauen-und-mannern\/","url":"https:\/\/hydroleduc.com\/de\/gleichstellung-von-frauen-und-mannern\/","name":"Gleichstellung von Frauen und M\u00e4nnern - Hydro Leduc","isPartOf":{"@id":"https:\/\/hydroleduc.com\/de\/#website"},"primaryImageOfPage":{"@id":"https:\/\/hydroleduc.com\/de\/gleichstellung-von-frauen-und-mannern\/#primaryimage"},"image":{"@id":"https:\/\/hydroleduc.com\/de\/gleichstellung-von-frauen-und-mannern\/#primaryimage"},"thumbnailUrl":"https:\/\/hydroleduc.com\/de\/wp-content\/uploads\/2025\/02\/egalite-hommes-femmes.png","datePublished":"2025-01-09T15:14:36+00:00","dateModified":"2026-02-20T08:37:36+00:00","description":"Hydro Leduc setzt sich f\u00fcr die berufliche gleichstellung von Frauen und M\u00e4nnern ein. Entdecken Sie unsere wichtigsten ma\u00dfnahmen und indikatoren.","breadcrumb":{"@id":"https:\/\/hydroleduc.com\/de\/gleichstellung-von-frauen-und-mannern\/#breadcrumb"},"inLanguage":"de","potentialAction":[{"@type":"ReadAction","target":["https:\/\/hydroleduc.com\/de\/gleichstellung-von-frauen-und-mannern\/"]}]},{"@type":"ImageObject","inLanguage":"de","@id":"https:\/\/hydroleduc.com\/de\/gleichstellung-von-frauen-und-mannern\/#primaryimage","url":"https:\/\/hydroleduc.com\/de\/wp-content\/uploads\/2025\/02\/egalite-hommes-femmes.png","contentUrl":"https:\/\/hydroleduc.com\/de\/wp-content\/uploads\/2025\/02\/egalite-hommes-femmes.png","width":518,"height":337,"caption":"egalite hommes femmes"},{"@type":"BreadcrumbList","@id":"https:\/\/hydroleduc.com\/de\/gleichstellung-von-frauen-und-mannern\/#breadcrumb","itemListElement":[{"@type":"ListItem","position":1,"name":"Startseite","item":"https:\/\/hydroleduc.com\/de\/"},{"@type":"ListItem","position":2,"name":"Gleichstellung von Frauen und M\u00e4nnern"}]},{"@type":"WebSite","@id":"https:\/\/hydroleduc.com\/de\/#website","url":"https:\/\/hydroleduc.com\/de\/","name":"HYDRO LEDUC","description":"Hersteller von Hydraulikkomponenten","publisher":{"@id":"https:\/\/hydroleduc.com\/de\/#organization"},"potentialAction":[{"@type":"SearchAction","target":{"@type":"EntryPoint","urlTemplate":"https:\/\/hydroleduc.com\/de\/?s={search_term_string}"},"query-input":{"@type":"PropertyValueSpecification","valueRequired":true,"valueName":"search_term_string"}}],"inLanguage":"de"},{"@type":"Organization","@id":"https:\/\/hydroleduc.com\/de\/#organization","name":"HYDRO LEDUC","url":"https:\/\/hydroleduc.com\/de\/","logo":{"@type":"ImageObject","inLanguage":"de","@id":"https:\/\/hydroleduc.com\/de\/#\/schema\/logo\/image\/","url":"https:\/\/hydroleduc.com\/de\/wp-content\/uploads\/2025\/01\/logo-hydroleduc.png","contentUrl":"https:\/\/hydroleduc.com\/de\/wp-content\/uploads\/2025\/01\/logo-hydroleduc.png","width":366,"height":148,"caption":"HYDRO LEDUC"},"image":{"@id":"https:\/\/hydroleduc.com\/de\/#\/schema\/logo\/image\/"}}]}},"_links":{"self":[{"href":"https:\/\/hydroleduc.com\/de\/wp-json\/wp\/v2\/pages\/48","targetHints":{"allow":["GET"]}}],"collection":[{"href":"https:\/\/hydroleduc.com\/de\/wp-json\/wp\/v2\/pages"}],"about":[{"href":"https:\/\/hydroleduc.com\/de\/wp-json\/wp\/v2\/types\/page"}],"author":[{"embeddable":true,"href":"https:\/\/hydroleduc.com\/de\/wp-json\/wp\/v2\/users\/2"}],"replies":[{"embeddable":true,"href":"https:\/\/hydroleduc.com\/de\/wp-json\/wp\/v2\/comments?post=48"}],"version-history":[{"count":33,"href":"https:\/\/hydroleduc.com\/de\/wp-json\/wp\/v2\/pages\/48\/revisions"}],"predecessor-version":[{"id":46359,"href":"https:\/\/hydroleduc.com\/de\/wp-json\/wp\/v2\/pages\/48\/revisions\/46359"}],"wp:attachment":[{"href":"https:\/\/hydroleduc.com\/de\/wp-json\/wp\/v2\/media?parent=48"}],"curies":[{"name":"wp","href":"https:\/\/api.w.org\/{rel}","templated":true}]}}