{"id":52,"date":"2025-01-09T16:15:38","date_gmt":"2025-01-09T15:15:38","guid":{"rendered":"https:\/\/hydroleduc.com\/de\/?page_id=52"},"modified":"2025-09-30T14:58:41","modified_gmt":"2025-09-30T12:58:41","slug":"ethics-charter-3","status":"publish","type":"page","link":"https:\/\/hydroleduc.com\/de\/ethics-charter-3\/","title":{"rendered":"Ethics Charter"},"content":{"rendered":"\t\t<div data-elementor-type=\"wp-page\" data-elementor-id=\"52\" class=\"elementor elementor-52\" data-elementor-post-type=\"page\">\n\t\t\t\t<div class=\"elementor-element elementor-element-1ac5233b header-page e-flex e-con-boxed e-con e-parent\" data-id=\"1ac5233b\" data-element_type=\"container\" data-e-type=\"container\" data-settings=\"{&quot;background_background&quot;:&quot;classic&quot;}\">\n\t\t\t\t\t<div class=\"e-con-inner\">\n\t\t\t\t<div class=\"elementor-element elementor-element-6d710387 elementor-widget elementor-widget-breadcrumbs\" data-id=\"6d710387\" data-element_type=\"widget\" data-e-type=\"widget\" data-widget_type=\"breadcrumbs.default\">\n\t\t\t\t<div class=\"elementor-widget-container\">\n\t\t\t\t\t<p id=\"breadcrumbs\"><span><span><a href=\"https:\/\/hydroleduc.com\/de\/\">Startseite<\/a><\/span><\/span><\/p>\t\t\t\t<\/div>\n\t\t\t\t<\/div>\n\t\t\t\t<div class=\"elementor-element elementor-element-665f125b elementor-widget elementor-widget-heading\" data-id=\"665f125b\" data-element_type=\"widget\" data-e-type=\"widget\" data-widget_type=\"heading.default\">\n\t\t\t\t<div class=\"elementor-widget-container\">\n\t\t\t\t\t<h1 class=\"elementor-heading-title elementor-size-default\">Ethics Charter<\/h1>\t\t\t\t<\/div>\n\t\t\t\t<\/div>\n\t\t\t\t\t<\/div>\n\t\t\t\t<\/div>\n\t\t<div class=\"elementor-element elementor-element-923a6cc e-flex e-con-boxed e-con e-parent\" data-id=\"923a6cc\" data-element_type=\"container\" data-e-type=\"container\" data-settings=\"{&quot;background_background&quot;:&quot;classic&quot;}\">\n\t\t\t\t\t<div class=\"e-con-inner\">\n\t\t\t\t<div class=\"elementor-element elementor-element-378bdb7 elementor-widget elementor-widget-heading\" data-id=\"378bdb7\" data-element_type=\"widget\" data-e-type=\"widget\" data-widget_type=\"heading.default\">\n\t\t\t\t<div class=\"elementor-widget-container\">\n\t\t\t\t\t<h2 class=\"elementor-heading-title elementor-size-default\">HYDRO LEDUC Ethics Charter<\/h2>\t\t\t\t<\/div>\n\t\t\t\t<\/div>\n\t\t\t\t<div class=\"elementor-element elementor-element-2d0c92cf elementor-widget-divider--view-line elementor-widget elementor-widget-divider\" data-id=\"2d0c92cf\" data-element_type=\"widget\" data-e-type=\"widget\" data-widget_type=\"divider.default\">\n\t\t\t\t<div class=\"elementor-widget-container\">\n\t\t\t\t\t\t\t<div class=\"elementor-divider\">\n\t\t\t<span class=\"elementor-divider-separator\">\n\t\t\t\t\t\t<\/span>\n\t\t<\/div>\n\t\t\t\t\t\t<\/div>\n\t\t\t\t<\/div>\n\t\t\t\t\t<\/div>\n\t\t\t\t<\/div>\n\t\t<div class=\"elementor-element elementor-element-a2b8e73 e-flex e-con-boxed e-con e-parent\" data-id=\"a2b8e73\" data-element_type=\"container\" data-e-type=\"container\">\n\t\t\t\t\t<div class=\"e-con-inner\">\n\t\t\t\t<div class=\"elementor-element elementor-element-84681b0 elementor-widget elementor-widget-text-editor\" data-id=\"84681b0\" data-element_type=\"widget\" data-e-type=\"widget\" data-widget_type=\"text-editor.default\">\n\t\t\t\t<div class=\"elementor-widget-container\">\n\t\t\t\t\t\t\t\t\t<p>Bei HYDRO LEDUC haben wir unsere Ethik-Charta entworfen, um unser Engagement f\u00fcr ehrliche, verantwortungsvolle Gesch\u00e4ftspraktiken, die unsere Grundwerte respektieren, zu formalisieren und zu st\u00e4rken. Diese Charta ist nicht nur ein Regulierungsdokument. Es spiegelt unsere Unternehmenskultur und unsere Verpflichtung wider, bei allen unseren Interaktionen, ob intern oder extern, ethisch zu handeln.<\/p>\t\t\t\t\t\t\t\t<\/div>\n\t\t\t\t<\/div>\n\t\t\t\t<div class=\"elementor-element elementor-element-b3dda4c elementor-widget elementor-widget-heading\" data-id=\"b3dda4c\" data-element_type=\"widget\" data-e-type=\"widget\" data-widget_type=\"heading.default\">\n\t\t\t\t<div class=\"elementor-widget-container\">\n\t\t\t\t\t<h3 class=\"elementor-heading-title elementor-size-default\">Vertrauen aufbauen<\/h3>\t\t\t\t<\/div>\n\t\t\t\t<\/div>\n\t\t\t\t<div class=\"elementor-element elementor-element-5de8bc4 elementor-widget elementor-widget-text-editor\" data-id=\"5de8bc4\" data-element_type=\"widget\" data-e-type=\"widget\" data-widget_type=\"text-editor.default\">\n\t\t\t\t<div class=\"elementor-widget-container\">\n\t\t\t\t\t\t\t\t\t<p>Vertrauen ist der Grundstein jeder dauerhaften Gesch\u00e4ftsbeziehung. Durch die Annahme einer Ethik-Charta bekr\u00e4ftigen wir unser Engagement f\u00fcr Transparenz, Integrit\u00e4t und Ehrlichkeit. Wir m\u00f6chten, dass unsere Partner, Kunden, Lieferanten und Mitarbeiter darauf vertrauen k\u00f6nnen, dass wir stets fair und gerecht handeln.<\/p>\t\t\t\t\t\t\t\t<\/div>\n\t\t\t\t<\/div>\n\t\t\t\t<div class=\"elementor-element elementor-element-f0fd119 elementor-widget elementor-widget-heading\" data-id=\"f0fd119\" data-element_type=\"widget\" data-e-type=\"widget\" data-widget_type=\"heading.default\">\n\t\t\t\t<div class=\"elementor-widget-container\">\n\t\t\t\t\t<h3 class=\"elementor-heading-title elementor-size-default\">Bekenntnis zu unserer gesellschaftlichen Verantwortung<\/h3>\t\t\t\t<\/div>\n\t\t\t\t<\/div>\n\t\t\t\t<div class=\"elementor-element elementor-element-136d049 elementor-widget elementor-widget-text-editor\" data-id=\"136d049\" data-element_type=\"widget\" data-e-type=\"widget\" data-widget_type=\"text-editor.default\">\n\t\t\t\t<div class=\"elementor-widget-container\">\n\t\t\t\t\t\t\t\t\t<p>Es leitet unser Verhalten im Hinblick auf Menschenrechte, geltende Gesetze und internationale Standards. Es umfasst strenge Richtlinien gegen Korruption, Geldw\u00e4sche und Interessenkonflikte. Dar\u00fcber hinaus enth\u00e4lt es strenge Richtlinien zum Datenschutz und zur Datensicherheit.<\/p>\t\t\t\t\t\t\t\t<\/div>\n\t\t\t\t<\/div>\n\t\t\t\t<div class=\"elementor-element elementor-element-18263a3 elementor-widget elementor-widget-heading\" data-id=\"18263a3\" data-element_type=\"widget\" data-e-type=\"widget\" data-widget_type=\"heading.default\">\n\t\t\t\t<div class=\"elementor-widget-container\">\n\t\t\t\t\t<h3 class=\"elementor-heading-title elementor-size-default\">F\u00f6rderung eines ethischen Arbeitsumfelds<\/h3>\t\t\t\t<\/div>\n\t\t\t\t<\/div>\n\t\t\t\t<div class=\"elementor-element elementor-element-0afadaa elementor-widget elementor-widget-text-editor\" data-id=\"0afadaa\" data-element_type=\"widget\" data-e-type=\"widget\" data-widget_type=\"text-editor.default\">\n\t\t\t\t<div class=\"elementor-widget-container\">\n\t\t\t\t\t\t\t\t\t<p>Ein gesundes und ethisches Arbeitsumfeld ist f\u00fcr das Wohlbefinden unserer Mitarbeiter von entscheidender Bedeutung. Unsere ethische Charta f\u00f6rdert gegenseitigen Respekt, Toleranz und Inklusivit\u00e4t. Sie lehnt jede Form von Diskriminierung oder Bel\u00e4stigung entschieden ab. Durch die klare Definition dieser Erwartungen schaffen wir einen Rahmen, in dem sich alle in Ruhe und Sicherheit entwickeln k\u00f6nnen.<\/p>\t\t\t\t\t\t\t\t<\/div>\n\t\t\t\t<\/div>\n\t\t\t\t<div class=\"elementor-element elementor-element-fa0ef56 elementor-widget elementor-widget-heading\" data-id=\"fa0ef56\" data-element_type=\"widget\" data-e-type=\"widget\" data-widget_type=\"heading.default\">\n\t\t\t\t<div class=\"elementor-widget-container\">\n\t\t\t\t\t<h3 class=\"elementor-heading-title elementor-size-default\">Vermeidung von Interessenkonflikten\n<\/h3>\t\t\t\t<\/div>\n\t\t\t\t<\/div>\n\t\t\t\t<div class=\"elementor-element elementor-element-8e56cb5 elementor-widget elementor-widget-text-editor\" data-id=\"8e56cb5\" data-element_type=\"widget\" data-e-type=\"widget\" data-widget_type=\"text-editor.default\">\n\t\t\t\t<div class=\"elementor-widget-container\">\n\t\t\t\t\t\t\t\t\t<p>Die Vermeidung von Interessenkonflikten ist ein wesentlicher Aspekt unserer Charta. Wir ermutigen alle unsere Mitarbeiter, jede Situation zu melden, die m\u00f6glicherweise mit den Interessen der Gruppe in Konflikt geraten k\u00f6nnte. Diese Transparenz erm\u00f6glicht es uns, unsere Unparteilichkeit zu wahren. Daher k\u00f6nnen wir Entscheidungen ausschlie\u00dflich auf Grundlage der Interessen des Unternehmens und unserer Stakeholder treffen.<\/p>\t\t\t\t\t\t\t\t<\/div>\n\t\t\t\t<\/div>\n\t\t\t\t<div class=\"elementor-element elementor-element-4cafd50 elementor-widget elementor-widget-heading\" data-id=\"4cafd50\" data-element_type=\"widget\" data-e-type=\"widget\" data-widget_type=\"heading.default\">\n\t\t\t\t<div class=\"elementor-widget-container\">\n\t\t\t\t\t<h3 class=\"elementor-heading-title elementor-size-default\">Einhaltung von Gesetzen und Vorschriften<\/h3>\t\t\t\t<\/div>\n\t\t\t\t<\/div>\n\t\t\t\t<div class=\"elementor-element elementor-element-1c437fb elementor-widget elementor-widget-text-editor\" data-id=\"1c437fb\" data-element_type=\"widget\" data-e-type=\"widget\" data-widget_type=\"text-editor.default\">\n\t\t\t\t<div class=\"elementor-widget-container\">\n\t\t\t\t\t\t\t\t\t<p>Die Einhaltung lokaler und internationaler Gesetze steht im Mittelpunkt unserer Gesch\u00e4ftst\u00e4tigkeit. Unsere Ethik-Charta schreibt vor, dass alle Mitarbeiter die geltenden Gesetze und internen Vorschriften einhalten m\u00fcssen. Dadurch wird sichergestellt, dass wir stets im rechtlichen und ethischen Rahmen agieren. Auf diese Weise minimieren wir rechtliche Risiken und st\u00e4rken unseren Ruf als integres Unternehmen.<\/p>\t\t\t\t\t\t\t\t<\/div>\n\t\t\t\t<\/div>\n\t\t\t\t<div class=\"elementor-element elementor-element-b583a56 elementor-widget elementor-widget-heading\" data-id=\"b583a56\" data-element_type=\"widget\" data-e-type=\"widget\" data-widget_type=\"heading.default\">\n\t\t\t\t<div class=\"elementor-widget-container\">\n\t\t\t\t\t<h3 class=\"elementor-heading-title elementor-size-default\">Kontinuierliche Verbesserung<\/h3>\t\t\t\t<\/div>\n\t\t\t\t<\/div>\n\t\t\t\t<div class=\"elementor-element elementor-element-7806c50 elementor-widget elementor-widget-text-editor\" data-id=\"7806c50\" data-element_type=\"widget\" data-e-type=\"widget\" data-widget_type=\"text-editor.default\">\n\t\t\t\t<div class=\"elementor-widget-container\">\n\t\t\t\t\t\t\t\t\t<p>Die Ethik-Charta ist kein festes Dokument; es entwickelt sich mit uns. Wir verpflichten uns, unsere Praktiken regelm\u00e4\u00dfig zu \u00fcberpr\u00fcfen und zu aktualisieren, um neuen gesetzlichen Anforderungen und den Erwartungen unserer Stakeholder gerecht zu werden. Dieser proaktive Ansatz stellt sicher, dass wir hinsichtlich der Best Practices in den Bereichen Ethik und Unternehmensf\u00fchrung an der Spitze bleiben.<\/p>\t\t\t\t\t\t\t\t<\/div>\n\t\t\t\t<\/div>\n\t\t\t\t\t<\/div>\n\t\t\t\t<\/div>\n\t\t<div class=\"elementor-element elementor-element-57207ee e-flex e-con-boxed e-con e-parent\" data-id=\"57207ee\" data-element_type=\"container\" data-e-type=\"container\">\n\t\t\t\t\t<div class=\"e-con-inner\">\n\t\t\t\t<div class=\"elementor-element elementor-element-60ae64d elementor-blockquote--skin-quotation elementor-widget elementor-widget-blockquote\" data-id=\"60ae64d\" data-element_type=\"widget\" data-e-type=\"widget\" data-widget_type=\"blockquote.default\">\n\t\t\t\t<div class=\"elementor-widget-container\">\n\t\t\t\t\t\t\t<blockquote class=\"elementor-blockquote\">\n\t\t\t<p class=\"elementor-blockquote__content\">\n\t\t\t\tUnsere Ethikcharta ist mehr als nur ein Dokument. Es spiegelt unser unersch\u00fctterliches Engagement f\u00fcr Integrit\u00e4t und Exzellenz wider. Es leitet unser Handeln und unsere Entscheidungen. Mit der Umsetzung bekr\u00e4ftigen wir unser Versprechen, stets verantwortungsvoll und respektvoll zum Wohle aller zu handeln.\n\t\t\t<\/p>\n\t\t\t\t\t<\/blockquote>\n\t\t\t\t\t\t<\/div>\n\t\t\t\t<\/div>\n\t\t\t\t<div class=\"elementor-element elementor-element-3065f03 elementor-widget elementor-widget-button\" data-id=\"3065f03\" data-element_type=\"widget\" data-e-type=\"widget\" data-widget_type=\"button.default\">\n\t\t\t\t<div class=\"elementor-widget-container\">\n\t\t\t\t\t\t\t\t\t<div class=\"elementor-button-wrapper\">\n\t\t\t\t\t<a class=\"elementor-button elementor-button-link elementor-size-sm\" href=\"https:\/\/hydroleduc.com\/de\/wp-content\/uploads\/2025\/04\/CHARTE-RSE-SIGNEE-DE.pdf\" target=\"_blank\">\n\t\t\t\t\t\t<span class=\"elementor-button-content-wrapper\">\n\t\t\t\t\t\t\t\t\t<span class=\"elementor-button-text\">Informieren Sie sich im Detail \u00fcber unsere Ethik-Charta und erfahren Sie, wie wir diese Grunds\u00e4tze tagt\u00e4glich umsetzen.<\/span>\n\t\t\t\t\t<\/span>\n\t\t\t\t\t<\/a>\n\t\t\t\t<\/div>\n\t\t\t\t\t\t\t\t<\/div>\n\t\t\t\t<\/div>\n\t\t\t\t\t<\/div>\n\t\t\t\t<\/div>\n\t\t\t\t<\/div>\n\t\t","protected":false},"excerpt":{"rendered":"<p>Ethics Charter HYDRO LEDUC Ethics Charter Bei HYDRO LEDUC haben wir unsere Ethik-Charta entworfen, um unser Engagement f\u00fcr ehrliche, verantwortungsvolle Gesch\u00e4ftspraktiken, die unsere Grundwerte respektieren, zu formalisieren und zu st\u00e4rken. Diese Charta ist nicht nur ein Regulierungsdokument. Es spiegelt unsere Unternehmenskultur und unsere Verpflichtung wider, bei allen unseren Interaktionen, ob intern oder extern, ethisch zu [&hellip;]<\/p>\n","protected":false},"author":2,"featured_media":0,"parent":0,"menu_order":0,"comment_status":"closed","ping_status":"closed","template":"","meta":{"footnotes":""},"class_list":["post-52","page","type-page","status-publish","hentry"],"yoast_head":"<!-- This site is optimized with the Yoast SEO plugin v27.2 - https:\/\/yoast.com\/product\/yoast-seo-wordpress\/ -->\n<title>Ethics Charter - Hydro Leduc<\/title>\n<meta name=\"description\" content=\"Ethik-charta von Hydro Leduc: Verpflichtung zu verantwortung, integrit\u00e4t, respekt und nachhaltiger entwicklung im mittelpunkt unseres gesch\u00e4fts\" \/>\n<meta name=\"robots\" content=\"index, follow, max-snippet:-1, max-image-preview:large, max-video-preview:-1\" \/>\n<link rel=\"canonical\" href=\"https:\/\/hydroleduc.com\/de\/ethics-charter-3\/\" \/>\n<meta property=\"og:locale\" content=\"de_DE\" \/>\n<meta property=\"og:type\" content=\"article\" \/>\n<meta property=\"og:title\" content=\"Ethics Charter - Hydro Leduc\" \/>\n<meta property=\"og:description\" content=\"Ethik-charta von Hydro Leduc: Verpflichtung zu verantwortung, integrit\u00e4t, respekt und nachhaltiger entwicklung im mittelpunkt unseres gesch\u00e4fts\" \/>\n<meta property=\"og:url\" content=\"https:\/\/hydroleduc.com\/de\/ethics-charter-3\/\" \/>\n<meta property=\"og:site_name\" content=\"HYDRO LEDUC\" \/>\n<meta property=\"article:modified_time\" content=\"2025-09-30T12:58:41+00:00\" \/>\n<meta name=\"twitter:card\" content=\"summary_large_image\" \/>\n<meta name=\"twitter:label1\" content=\"Gesch\u00e4tzte Lesezeit\" \/>\n\t<meta name=\"twitter:data1\" content=\"3\u00a0Minuten\" \/>\n<script type=\"application\/ld+json\" class=\"yoast-schema-graph\">{\"@context\":\"https:\/\/schema.org\",\"@graph\":[{\"@type\":\"WebPage\",\"@id\":\"https:\/\/hydroleduc.com\/de\/ethics-charter-3\/\",\"url\":\"https:\/\/hydroleduc.com\/de\/ethics-charter-3\/\",\"name\":\"Ethics Charter - Hydro Leduc\",\"isPartOf\":{\"@id\":\"https:\/\/hydroleduc.com\/de\/#website\"},\"datePublished\":\"2025-01-09T15:15:38+00:00\",\"dateModified\":\"2025-09-30T12:58:41+00:00\",\"description\":\"Ethik-charta von Hydro Leduc: Verpflichtung zu verantwortung, integrit\u00e4t, respekt und nachhaltiger entwicklung im mittelpunkt unseres gesch\u00e4fts\",\"breadcrumb\":{\"@id\":\"https:\/\/hydroleduc.com\/de\/ethics-charter-3\/#breadcrumb\"},\"inLanguage\":\"de\",\"potentialAction\":[{\"@type\":\"ReadAction\",\"target\":[\"https:\/\/hydroleduc.com\/de\/ethics-charter-3\/\"]}]},{\"@type\":\"BreadcrumbList\",\"@id\":\"https:\/\/hydroleduc.com\/de\/ethics-charter-3\/#breadcrumb\",\"itemListElement\":[{\"@type\":\"ListItem\",\"position\":1,\"name\":\"Startseite\",\"item\":\"https:\/\/hydroleduc.com\/de\/\"},{\"@type\":\"ListItem\",\"position\":2,\"name\":\"Ethics Charter\"}]},{\"@type\":\"WebSite\",\"@id\":\"https:\/\/hydroleduc.com\/de\/#website\",\"url\":\"https:\/\/hydroleduc.com\/de\/\",\"name\":\"HYDRO LEDUC\",\"description\":\"Hersteller von Hydraulikkomponenten\",\"publisher\":{\"@id\":\"https:\/\/hydroleduc.com\/de\/#organization\"},\"potentialAction\":[{\"@type\":\"SearchAction\",\"target\":{\"@type\":\"EntryPoint\",\"urlTemplate\":\"https:\/\/hydroleduc.com\/de\/?s={search_term_string}\"},\"query-input\":{\"@type\":\"PropertyValueSpecification\",\"valueRequired\":true,\"valueName\":\"search_term_string\"}}],\"inLanguage\":\"de\"},{\"@type\":\"Organization\",\"@id\":\"https:\/\/hydroleduc.com\/de\/#organization\",\"name\":\"HYDRO LEDUC\",\"url\":\"https:\/\/hydroleduc.com\/de\/\",\"logo\":{\"@type\":\"ImageObject\",\"inLanguage\":\"de\",\"@id\":\"https:\/\/hydroleduc.com\/de\/#\/schema\/logo\/image\/\",\"url\":\"https:\/\/hydroleduc.com\/de\/wp-content\/uploads\/2025\/01\/logo-hydroleduc.png\",\"contentUrl\":\"https:\/\/hydroleduc.com\/de\/wp-content\/uploads\/2025\/01\/logo-hydroleduc.png\",\"width\":366,\"height\":148,\"caption\":\"HYDRO LEDUC\"},\"image\":{\"@id\":\"https:\/\/hydroleduc.com\/de\/#\/schema\/logo\/image\/\"}}]}<\/script>\n<!-- \/ Yoast SEO plugin. -->","yoast_head_json":{"title":"Ethics Charter - Hydro Leduc","description":"Ethik-charta von Hydro Leduc: Verpflichtung zu verantwortung, integrit\u00e4t, respekt und nachhaltiger entwicklung im mittelpunkt unseres gesch\u00e4fts","robots":{"index":"index","follow":"follow","max-snippet":"max-snippet:-1","max-image-preview":"max-image-preview:large","max-video-preview":"max-video-preview:-1"},"canonical":"https:\/\/hydroleduc.com\/de\/ethics-charter-3\/","og_locale":"de_DE","og_type":"article","og_title":"Ethics Charter - Hydro Leduc","og_description":"Ethik-charta von Hydro Leduc: Verpflichtung zu verantwortung, integrit\u00e4t, respekt und nachhaltiger entwicklung im mittelpunkt unseres gesch\u00e4fts","og_url":"https:\/\/hydroleduc.com\/de\/ethics-charter-3\/","og_site_name":"HYDRO LEDUC","article_modified_time":"2025-09-30T12:58:41+00:00","twitter_card":"summary_large_image","twitter_misc":{"Gesch\u00e4tzte Lesezeit":"3\u00a0Minuten"},"schema":{"@context":"https:\/\/schema.org","@graph":[{"@type":"WebPage","@id":"https:\/\/hydroleduc.com\/de\/ethics-charter-3\/","url":"https:\/\/hydroleduc.com\/de\/ethics-charter-3\/","name":"Ethics Charter - Hydro Leduc","isPartOf":{"@id":"https:\/\/hydroleduc.com\/de\/#website"},"datePublished":"2025-01-09T15:15:38+00:00","dateModified":"2025-09-30T12:58:41+00:00","description":"Ethik-charta von Hydro Leduc: Verpflichtung zu verantwortung, integrit\u00e4t, respekt und nachhaltiger entwicklung im mittelpunkt unseres gesch\u00e4fts","breadcrumb":{"@id":"https:\/\/hydroleduc.com\/de\/ethics-charter-3\/#breadcrumb"},"inLanguage":"de","potentialAction":[{"@type":"ReadAction","target":["https:\/\/hydroleduc.com\/de\/ethics-charter-3\/"]}]},{"@type":"BreadcrumbList","@id":"https:\/\/hydroleduc.com\/de\/ethics-charter-3\/#breadcrumb","itemListElement":[{"@type":"ListItem","position":1,"name":"Startseite","item":"https:\/\/hydroleduc.com\/de\/"},{"@type":"ListItem","position":2,"name":"Ethics Charter"}]},{"@type":"WebSite","@id":"https:\/\/hydroleduc.com\/de\/#website","url":"https:\/\/hydroleduc.com\/de\/","name":"HYDRO LEDUC","description":"Hersteller von Hydraulikkomponenten","publisher":{"@id":"https:\/\/hydroleduc.com\/de\/#organization"},"potentialAction":[{"@type":"SearchAction","target":{"@type":"EntryPoint","urlTemplate":"https:\/\/hydroleduc.com\/de\/?s={search_term_string}"},"query-input":{"@type":"PropertyValueSpecification","valueRequired":true,"valueName":"search_term_string"}}],"inLanguage":"de"},{"@type":"Organization","@id":"https:\/\/hydroleduc.com\/de\/#organization","name":"HYDRO LEDUC","url":"https:\/\/hydroleduc.com\/de\/","logo":{"@type":"ImageObject","inLanguage":"de","@id":"https:\/\/hydroleduc.com\/de\/#\/schema\/logo\/image\/","url":"https:\/\/hydroleduc.com\/de\/wp-content\/uploads\/2025\/01\/logo-hydroleduc.png","contentUrl":"https:\/\/hydroleduc.com\/de\/wp-content\/uploads\/2025\/01\/logo-hydroleduc.png","width":366,"height":148,"caption":"HYDRO LEDUC"},"image":{"@id":"https:\/\/hydroleduc.com\/de\/#\/schema\/logo\/image\/"}}]}},"_links":{"self":[{"href":"https:\/\/hydroleduc.com\/de\/wp-json\/wp\/v2\/pages\/52","targetHints":{"allow":["GET"]}}],"collection":[{"href":"https:\/\/hydroleduc.com\/de\/wp-json\/wp\/v2\/pages"}],"about":[{"href":"https:\/\/hydroleduc.com\/de\/wp-json\/wp\/v2\/types\/page"}],"author":[{"embeddable":true,"href":"https:\/\/hydroleduc.com\/de\/wp-json\/wp\/v2\/users\/2"}],"replies":[{"embeddable":true,"href":"https:\/\/hydroleduc.com\/de\/wp-json\/wp\/v2\/comments?post=52"}],"version-history":[{"count":39,"href":"https:\/\/hydroleduc.com\/de\/wp-json\/wp\/v2\/pages\/52\/revisions"}],"predecessor-version":[{"id":45824,"href":"https:\/\/hydroleduc.com\/de\/wp-json\/wp\/v2\/pages\/52\/revisions\/45824"}],"wp:attachment":[{"href":"https:\/\/hydroleduc.com\/de\/wp-json\/wp\/v2\/media?parent=52"}],"curies":[{"name":"wp","href":"https:\/\/api.w.org\/{rel}","templated":true}]}}