{"id":54,"date":"2025-01-09T16:16:00","date_gmt":"2025-01-09T15:16:00","guid":{"rendered":"https:\/\/hydroleduc.com\/de\/?page_id=54"},"modified":"2025-09-30T14:57:41","modified_gmt":"2025-09-30T12:57:41","slug":"csr-charta","status":"publish","type":"page","link":"https:\/\/hydroleduc.com\/de\/csr-charta\/","title":{"rendered":"CSR Charta"},"content":{"rendered":"\t\t<div data-elementor-type=\"wp-page\" data-elementor-id=\"54\" class=\"elementor elementor-54\" data-elementor-post-type=\"page\">\n\t\t\t\t<div class=\"elementor-element elementor-element-c0f4bf9 header-page e-flex e-con-boxed e-con e-parent\" data-id=\"c0f4bf9\" data-element_type=\"container\" data-e-type=\"container\" data-settings=\"{&quot;background_background&quot;:&quot;classic&quot;}\">\n\t\t\t\t\t<div class=\"e-con-inner\">\n\t\t\t\t<div class=\"elementor-element elementor-element-35d4b606 elementor-widget elementor-widget-breadcrumbs\" data-id=\"35d4b606\" data-element_type=\"widget\" data-e-type=\"widget\" data-widget_type=\"breadcrumbs.default\">\n\t\t\t\t<div class=\"elementor-widget-container\">\n\t\t\t\t\t<p id=\"breadcrumbs\"><span><span><a href=\"https:\/\/hydroleduc.com\/de\/\">Startseite<\/a><\/span><\/span><\/p>\t\t\t\t<\/div>\n\t\t\t\t<\/div>\n\t\t\t\t<div class=\"elementor-element elementor-element-26e09187 elementor-widget elementor-widget-heading\" data-id=\"26e09187\" data-element_type=\"widget\" data-e-type=\"widget\" data-widget_type=\"heading.default\">\n\t\t\t\t<div class=\"elementor-widget-container\">\n\t\t\t\t\t<h1 class=\"elementor-heading-title elementor-size-default\">csr-charta<\/h1>\t\t\t\t<\/div>\n\t\t\t\t<\/div>\n\t\t\t\t\t<\/div>\n\t\t\t\t<\/div>\n\t\t<div class=\"elementor-element elementor-element-195d19dc e-flex e-con-boxed e-con e-parent\" data-id=\"195d19dc\" data-element_type=\"container\" data-e-type=\"container\" data-settings=\"{&quot;background_background&quot;:&quot;classic&quot;}\">\n\t\t\t\t\t<div class=\"e-con-inner\">\n\t\t\t\t<div class=\"elementor-element elementor-element-26f7e1d elementor-widget elementor-widget-heading\" data-id=\"26f7e1d\" data-element_type=\"widget\" data-e-type=\"widget\" data-widget_type=\"heading.default\">\n\t\t\t\t<div class=\"elementor-widget-container\">\n\t\t\t\t\t<h2 class=\"elementor-heading-title elementor-size-default\">Hydro Leduc CSR-Charta<\/h2>\t\t\t\t<\/div>\n\t\t\t\t<\/div>\n\t\t\t\t<div class=\"elementor-element elementor-element-6c2fc841 elementor-widget-divider--view-line elementor-widget elementor-widget-divider\" data-id=\"6c2fc841\" data-element_type=\"widget\" data-e-type=\"widget\" data-widget_type=\"divider.default\">\n\t\t\t\t<div class=\"elementor-widget-container\">\n\t\t\t\t\t\t\t<div class=\"elementor-divider\">\n\t\t\t<span class=\"elementor-divider-separator\">\n\t\t\t\t\t\t<\/span>\n\t\t<\/div>\n\t\t\t\t\t\t<\/div>\n\t\t\t\t<\/div>\n\t\t\t\t\t<\/div>\n\t\t\t\t<\/div>\n\t\t<div class=\"elementor-element elementor-element-4d37d2e e-flex e-con-boxed e-con e-parent\" data-id=\"4d37d2e\" data-element_type=\"container\" data-e-type=\"container\">\n\t\t\t\t\t<div class=\"e-con-inner\">\n\t\t\t\t<div class=\"elementor-element elementor-element-199fdb6 elementor-blockquote--skin-quotation elementor-widget elementor-widget-blockquote\" data-id=\"199fdb6\" data-element_type=\"widget\" data-e-type=\"widget\" data-widget_type=\"blockquote.default\">\n\t\t\t\t<div class=\"elementor-widget-container\">\n\t\t\t\t\t\t\t<blockquote class=\"elementor-blockquote\">\n\t\t\t<p class=\"elementor-blockquote__content\">\n\t\t\t\tHydro Leducs CSR-Charta spiegelt unser tiefes Engagement wider, verantwortungsvolle Praktiken in alle unsere Aktivit\u00e4ten zu integrieren. Seit mehreren Jahren bem\u00fchen wir uns, Wert zu schaffen, w\u00e4hrend wir soziale, \u00f6kologische und wirtschaftliche Standards einhalten.\t\t\t<\/p>\n\t\t\t\t\t<\/blockquote>\n\t\t\t\t\t\t<\/div>\n\t\t\t\t<\/div>\n\t\t\t\t<div class=\"elementor-element elementor-element-7c4e8b1 elementor-widget elementor-widget-heading\" data-id=\"7c4e8b1\" data-element_type=\"widget\" data-e-type=\"widget\" data-widget_type=\"heading.default\">\n\t\t\t\t<div class=\"elementor-widget-container\">\n\t\t\t\t\t<h3 class=\"elementor-heading-title elementor-size-default\">Unsere Umweltverpflichtungen<\/h3>\t\t\t\t<\/div>\n\t\t\t\t<\/div>\n\t\t\t\t<div class=\"elementor-element elementor-element-d554c96 elementor-widget elementor-widget-heading\" data-id=\"d554c96\" data-element_type=\"widget\" data-e-type=\"widget\" data-widget_type=\"heading.default\">\n\t\t\t\t<div class=\"elementor-widget-container\">\n\t\t\t\t\t<h4 class=\"elementor-heading-title elementor-size-default\">Reduzierung des CO2-Fu\u00dfabdrucks<\/h4>\t\t\t\t<\/div>\n\t\t\t\t<\/div>\n\t\t\t\t<div class=\"elementor-element elementor-element-9ad9225 elementor-widget elementor-widget-text-editor\" data-id=\"9ad9225\" data-element_type=\"widget\" data-e-type=\"widget\" data-widget_type=\"text-editor.default\">\n\t\t\t\t<div class=\"elementor-widget-container\">\n\t\t\t\t\t\t\t\t\t<p>Hydro Leduc verpflichtet sich, seine CO2-Emissionen bis 2026 um 20 % zu senken. Dies umfasst den Einsatz erneuerbarer Energiequellen, die Optimierung der Energieeffizienz unserer Geb\u00e4ude und die Entwicklung umweltfreundlicherer Technologien. In Zusammenarbeit mit Organisationen wie EcoVadis und durch das Programm \u201eD\u00e9carbon\u2019actions\u201c evaluieren wir regelm\u00e4\u00dfig unsere Umweltleistung.<\/p>\t\t\t\t\t\t\t\t<\/div>\n\t\t\t\t<\/div>\n\t\t\t\t<div class=\"elementor-element elementor-element-989982d elementor-widget elementor-widget-heading\" data-id=\"989982d\" data-element_type=\"widget\" data-e-type=\"widget\" data-widget_type=\"heading.default\">\n\t\t\t\t<div class=\"elementor-widget-container\">\n\t\t\t\t\t<h4 class=\"elementor-heading-title elementor-size-default\">Nachhaltiges Ressourcenmanagement<\/h4>\t\t\t\t<\/div>\n\t\t\t\t<\/div>\n\t\t\t\t<div class=\"elementor-element elementor-element-882cdbc elementor-widget elementor-widget-text-editor\" data-id=\"882cdbc\" data-element_type=\"widget\" data-e-type=\"widget\" data-widget_type=\"text-editor.default\">\n\t\t\t\t<div class=\"elementor-widget-container\">\n\t\t\t\t\t\t\t\t\t<p>Verantwortungsvolles Ressourcenmanagement steht im Mittelpunkt unserer CSR-Charta. Wir \u00fcbernehmen innovative Praktiken, um unseren Wasser- und Rohstoffverbrauch zu senken und gleichzeitig Abf\u00e4lle zu minimieren.<\/p>\t\t\t\t\t\t\t\t<\/div>\n\t\t\t\t<\/div>\n\t\t\t\t<div class=\"elementor-element elementor-element-23a5e7f elementor-widget elementor-widget-heading\" data-id=\"23a5e7f\" data-element_type=\"widget\" data-e-type=\"widget\" data-widget_type=\"heading.default\">\n\t\t\t\t<div class=\"elementor-widget-container\">\n\t\t\t\t\t<h3 class=\"elementor-heading-title elementor-size-default\">Unsere sozialen Verpflichtungen<\/h3>\t\t\t\t<\/div>\n\t\t\t\t<\/div>\n\t\t\t\t<div class=\"elementor-element elementor-element-f1ee1d0 elementor-widget elementor-widget-heading\" data-id=\"f1ee1d0\" data-element_type=\"widget\" data-e-type=\"widget\" data-widget_type=\"heading.default\">\n\t\t\t\t<div class=\"elementor-widget-container\">\n\t\t\t\t\t<h4 class=\"elementor-heading-title elementor-size-default\">Arbeitsbedingungen und Wohlbefinden<\/h4>\t\t\t\t<\/div>\n\t\t\t\t<\/div>\n\t\t\t\t<div class=\"elementor-element elementor-element-fbac57d elementor-widget elementor-widget-text-editor\" data-id=\"fbac57d\" data-element_type=\"widget\" data-e-type=\"widget\" data-widget_type=\"text-editor.default\">\n\t\t\t\t<div class=\"elementor-widget-container\">\n\t\t\t\t\t\t\t\t\t<p>Wir sorgen f\u00fcr ein sicheres und gesundes Arbeitsumfeld f\u00fcr unsere Mitarbeiter. Regelm\u00e4\u00dfige Schulungen zu Gesundheit und Sicherheit werden angeboten, und pers\u00f6nliche Schutzausr\u00fcstung steht zur Verf\u00fcgung. Wir f\u00f6rdern auch die Vereinbarkeit von Berufs- und Privatleben und bieten M\u00f6glichkeiten zur beruflichen Weiterentwicklung.<\/p>\t\t\t\t\t\t\t\t<\/div>\n\t\t\t\t<\/div>\n\t\t\t\t<div class=\"elementor-element elementor-element-1337086 elementor-widget elementor-widget-heading\" data-id=\"1337086\" data-element_type=\"widget\" data-e-type=\"widget\" data-widget_type=\"heading.default\">\n\t\t\t\t<div class=\"elementor-widget-container\">\n\t\t\t\t\t<h4 class=\"elementor-heading-title elementor-size-default\">Diversit\u00e4t und Inklusion<\/h4>\t\t\t\t<\/div>\n\t\t\t\t<\/div>\n\t\t\t\t<div class=\"elementor-element elementor-element-851c6fb elementor-widget elementor-widget-text-editor\" data-id=\"851c6fb\" data-element_type=\"widget\" data-e-type=\"widget\" data-widget_type=\"text-editor.default\">\n\t\t\t\t<div class=\"elementor-widget-container\">\n\t\t\t\t\t\t\t\t\t<p>Hydro Leduc setzt sich f\u00fcr Chancengleichheit ohne Diskriminierung aufgrund von Geschlecht, Alter oder Herkunft ein. Wir setzen Initiativen um, die Diversit\u00e4t und Inklusion in unseren Teams f\u00f6rdern.<\/p>\t\t\t\t\t\t\t\t<\/div>\n\t\t\t\t<\/div>\n\t\t\t\t<div class=\"elementor-element elementor-element-e5e0123 elementor-widget elementor-widget-heading\" data-id=\"e5e0123\" data-element_type=\"widget\" data-e-type=\"widget\" data-widget_type=\"heading.default\">\n\t\t\t\t<div class=\"elementor-widget-container\">\n\t\t\t\t\t<h3 class=\"elementor-heading-title elementor-size-default\">Unsere wirtschaftlichen Verpflichtungen<\/h3>\t\t\t\t<\/div>\n\t\t\t\t<\/div>\n\t\t\t\t<div class=\"elementor-element elementor-element-1247e25 elementor-widget elementor-widget-heading\" data-id=\"1247e25\" data-element_type=\"widget\" data-e-type=\"widget\" data-widget_type=\"heading.default\">\n\t\t\t\t<div class=\"elementor-widget-container\">\n\t\t\t\t\t<h4 class=\"elementor-heading-title elementor-size-default\">Transparenz und Gesch\u00e4ftsethik<\/h4>\t\t\t\t<\/div>\n\t\t\t\t<\/div>\n\t\t\t\t<div class=\"elementor-element elementor-element-c08b395 elementor-widget elementor-widget-text-editor\" data-id=\"c08b395\" data-element_type=\"widget\" data-e-type=\"widget\" data-widget_type=\"text-editor.default\">\n\t\t\t\t<div class=\"elementor-widget-container\">\n\t\t\t\t\t\t\t\t\t<p>Wir handeln mit Integrit\u00e4t, halten uns an Gesetze und bek\u00e4mpfen Betrug und Korruption. Unsere CSR-Charta beinhaltet auch strikte Prinzipien in Bezug auf Menschenrechte und Datenschutz (DSGVO).<\/p>\t\t\t\t\t\t\t\t<\/div>\n\t\t\t\t<\/div>\n\t\t\t\t<div class=\"elementor-element elementor-element-2346930 elementor-widget elementor-widget-heading\" data-id=\"2346930\" data-element_type=\"widget\" data-e-type=\"widget\" data-widget_type=\"heading.default\">\n\t\t\t\t<div class=\"elementor-widget-container\">\n\t\t\t\t\t<h4 class=\"elementor-heading-title elementor-size-default\">Qualit\u00e4t und Innovation<\/h4>\t\t\t\t<\/div>\n\t\t\t\t<\/div>\n\t\t\t\t<div class=\"elementor-element elementor-element-67a98f8 elementor-widget elementor-widget-text-editor\" data-id=\"67a98f8\" data-element_type=\"widget\" data-e-type=\"widget\" data-widget_type=\"text-editor.default\">\n\t\t\t\t<div class=\"elementor-widget-container\">\n\t\t\t\t\t\t\t\t\t<p>Innovation ist ein treibender Faktor f\u00fcr unser nachhaltiges Wachstum. Seit den 1990er Jahren haben wir \u00fcber 200 Patente eingereicht, die darauf abzielen, die Energieeffizienz unserer Produkte zu verbessern. 2024 gr\u00fcndeten wir au\u00dferdem EL MOTION, ein Schwesterunternehmen, das sich der Elektrifizierung unserer Hydraulikl\u00f6sungen widmet.<\/p>\t\t\t\t\t\t\t\t<\/div>\n\t\t\t\t<\/div>\n\t\t\t\t<div class=\"elementor-element elementor-element-ce3fb9c elementor-widget elementor-widget-heading\" data-id=\"ce3fb9c\" data-element_type=\"widget\" data-e-type=\"widget\" data-widget_type=\"heading.default\">\n\t\t\t\t<div class=\"elementor-widget-container\">\n\t\t\t\t\t<h3 class=\"elementor-heading-title elementor-size-default\">Stakeholder-Verpflichtungen<\/h3>\t\t\t\t<\/div>\n\t\t\t\t<\/div>\n\t\t\t\t<div class=\"elementor-element elementor-element-a13a1b9 elementor-widget elementor-widget-heading\" data-id=\"a13a1b9\" data-element_type=\"widget\" data-e-type=\"widget\" data-widget_type=\"heading.default\">\n\t\t\t\t<div class=\"elementor-widget-container\">\n\t\t\t\t\t<h4 class=\"elementor-heading-title elementor-size-default\">Kundenzufriedenheit und verantwortungsvolle Partnerschaften<\/h4>\t\t\t\t<\/div>\n\t\t\t\t<\/div>\n\t\t\t\t<div class=\"elementor-element elementor-element-7744d3d elementor-widget elementor-widget-text-editor\" data-id=\"7744d3d\" data-element_type=\"widget\" data-e-type=\"widget\" data-widget_type=\"text-editor.default\">\n\t\t\t\t<div class=\"elementor-widget-container\">\n\t\t\t\t\t\t\t\t\t<p>Die Zufriedenheit unserer Kunden hat h\u00f6chste Priorit\u00e4t. Wir f\u00f6rdern transparente und kontinuierliche Kommunikation, um ihre langfristige Loyalit\u00e4t zu gew\u00e4hrleisten. Wir arbeiten auch mit Lieferanten zusammen, die unsere CSR-Werte teilen, und setzen auf kurze Lieferketten und lokale Beschaffung.<\/p>\t\t\t\t\t\t\t\t<\/div>\n\t\t\t\t<\/div>\n\t\t\t\t<div class=\"elementor-element elementor-element-74e75fc elementor-widget elementor-widget-heading\" data-id=\"74e75fc\" data-element_type=\"widget\" data-e-type=\"widget\" data-widget_type=\"heading.default\">\n\t\t\t\t<div class=\"elementor-widget-container\">\n\t\t\t\t\t<h4 class=\"elementor-heading-title elementor-size-default\">Engagement in der Gemeinschaft<\/h4>\t\t\t\t<\/div>\n\t\t\t\t<\/div>\n\t\t\t\t<div class=\"elementor-element elementor-element-200d7d0 elementor-widget elementor-widget-text-editor\" data-id=\"200d7d0\" data-element_type=\"widget\" data-e-type=\"widget\" data-widget_type=\"text-editor.default\">\n\t\t\t\t<div class=\"elementor-widget-container\">\n\t\t\t\t\t\t\t\t\t<p>Hydro Leduc unterst\u00fctzt aktiv lokale Gemeinschaften durch Sponsoring und Freiwilligenprojekte. Wir organisieren auch Workshops, um das Bewusstsein f\u00fcr nachhaltige soziale und \u00f6kologische Praktiken zu sch\u00e4rfen.<\/p>\t\t\t\t\t\t\t\t<\/div>\n\t\t\t\t<\/div>\n\t\t\t\t<div class=\"elementor-element elementor-element-f3edfcd elementor-widget elementor-widget-heading\" data-id=\"f3edfcd\" data-element_type=\"widget\" data-e-type=\"widget\" data-widget_type=\"heading.default\">\n\t\t\t\t<div class=\"elementor-widget-container\">\n\t\t\t\t\t<h3 class=\"elementor-heading-title elementor-size-default\">Fazit: Eine CSR-Charta im Herzen unserer Strategie<\/h3>\t\t\t\t<\/div>\n\t\t\t\t<\/div>\n\t\t\t\t<div class=\"elementor-element elementor-element-3b439f7 elementor-widget elementor-widget-text-editor\" data-id=\"3b439f7\" data-element_type=\"widget\" data-e-type=\"widget\" data-widget_type=\"text-editor.default\">\n\t\t\t\t<div class=\"elementor-widget-container\">\n\t\t\t\t\t\t\t\t\t<p>Unsere CSR-Charta leitet all unsere Ma\u00dfnahmen an, um ein verantwortungsbewussteres Unternehmen zu schaffen und \u00f6kologische, soziale und wirtschaftliche Belange in jede Entscheidung zu integrieren. Hydro Leduc ist entschlossen, diese Bem\u00fchungen fortzusetzen, um in Zusammenarbeit mit allen Stakeholdern eine nachhaltige Zukunft zu gestalten.<\/p>\t\t\t\t\t\t\t\t<\/div>\n\t\t\t\t<\/div>\n\t\t\t\t<div class=\"elementor-element elementor-element-a8e326a elementor-widget elementor-widget-button\" data-id=\"a8e326a\" data-element_type=\"widget\" data-e-type=\"widget\" data-widget_type=\"button.default\">\n\t\t\t\t<div class=\"elementor-widget-container\">\n\t\t\t\t\t\t\t\t\t<div class=\"elementor-button-wrapper\">\n\t\t\t\t\t<a class=\"elementor-button elementor-button-link elementor-size-sm\" href=\"https:\/\/hydroleduc.com\/de\/wp-content\/uploads\/2025\/04\/CHARTE-RSE-SIGNEE-DE.pdf\" target=\"_blank\">\n\t\t\t\t\t\t<span class=\"elementor-button-content-wrapper\">\n\t\t\t\t\t\t\t\t\t<span class=\"elementor-button-text\">Entdecken Sie unsere CSR-Charta und erfahren Sie, wie wir zu einer nachhaltigeren Zukunft beitragen.<\/span>\n\t\t\t\t\t<\/span>\n\t\t\t\t\t<\/a>\n\t\t\t\t<\/div>\n\t\t\t\t\t\t\t\t<\/div>\n\t\t\t\t<\/div>\n\t\t\t\t\t<\/div>\n\t\t\t\t<\/div>\n\t\t\t\t<\/div>\n\t\t","protected":false},"excerpt":{"rendered":"<p>csr-charta Hydro Leduc CSR-Charta Hydro Leducs CSR-Charta spiegelt unser tiefes Engagement wider, verantwortungsvolle Praktiken in alle unsere Aktivit\u00e4ten zu integrieren. Seit mehreren Jahren bem\u00fchen wir uns, Wert zu schaffen, w\u00e4hrend wir soziale, \u00f6kologische und wirtschaftliche Standards einhalten. Unsere Umweltverpflichtungen Reduzierung des CO2-Fu\u00dfabdrucks Hydro Leduc verpflichtet sich, seine CO2-Emissionen bis 2026 um 20 % zu senken. [&hellip;]<\/p>\n","protected":false},"author":2,"featured_media":0,"parent":0,"menu_order":0,"comment_status":"closed","ping_status":"closed","template":"","meta":{"footnotes":""},"class_list":["post-54","page","type-page","status-publish","hentry"],"yoast_head":"<!-- This site is optimized with the Yoast SEO plugin v27.2 - https:\/\/yoast.com\/product\/yoast-seo-wordpress\/ -->\n<title>CSR-Charta - Hydro Leduc<\/title>\n<meta name=\"description\" content=\"Entdecken Sie die CSR-Charta von Hydro Leduc: unser Engagement f\u00fcr eine nachhaltige, ethische, soziale und \u00f6kologisch verantwortungsvolle entwicklung\" \/>\n<meta name=\"robots\" content=\"index, follow, max-snippet:-1, max-image-preview:large, max-video-preview:-1\" \/>\n<link rel=\"canonical\" href=\"https:\/\/hydroleduc.com\/de\/csr-charta\/\" \/>\n<meta property=\"og:locale\" content=\"de_DE\" \/>\n<meta property=\"og:type\" content=\"article\" \/>\n<meta property=\"og:title\" content=\"CSR-Charta - Hydro Leduc\" \/>\n<meta property=\"og:description\" content=\"Entdecken Sie die CSR-Charta von Hydro Leduc: unser Engagement f\u00fcr eine nachhaltige, ethische, soziale und \u00f6kologisch verantwortungsvolle entwicklung\" \/>\n<meta property=\"og:url\" content=\"https:\/\/hydroleduc.com\/de\/csr-charta\/\" \/>\n<meta property=\"og:site_name\" content=\"HYDRO LEDUC\" \/>\n<meta property=\"article:modified_time\" content=\"2025-09-30T12:57:41+00:00\" \/>\n<meta name=\"twitter:card\" content=\"summary_large_image\" \/>\n<meta name=\"twitter:label1\" content=\"Gesch\u00e4tzte Lesezeit\" \/>\n\t<meta name=\"twitter:data1\" content=\"3\u00a0Minuten\" \/>\n<script type=\"application\/ld+json\" class=\"yoast-schema-graph\">{\"@context\":\"https:\/\/schema.org\",\"@graph\":[{\"@type\":\"WebPage\",\"@id\":\"https:\/\/hydroleduc.com\/de\/csr-charta\/\",\"url\":\"https:\/\/hydroleduc.com\/de\/csr-charta\/\",\"name\":\"CSR-Charta - Hydro Leduc\",\"isPartOf\":{\"@id\":\"https:\/\/hydroleduc.com\/de\/#website\"},\"datePublished\":\"2025-01-09T15:16:00+00:00\",\"dateModified\":\"2025-09-30T12:57:41+00:00\",\"description\":\"Entdecken Sie die CSR-Charta von Hydro Leduc: unser Engagement f\u00fcr eine nachhaltige, ethische, soziale und \u00f6kologisch verantwortungsvolle entwicklung\",\"breadcrumb\":{\"@id\":\"https:\/\/hydroleduc.com\/de\/csr-charta\/#breadcrumb\"},\"inLanguage\":\"de\",\"potentialAction\":[{\"@type\":\"ReadAction\",\"target\":[\"https:\/\/hydroleduc.com\/de\/csr-charta\/\"]}]},{\"@type\":\"BreadcrumbList\",\"@id\":\"https:\/\/hydroleduc.com\/de\/csr-charta\/#breadcrumb\",\"itemListElement\":[{\"@type\":\"ListItem\",\"position\":1,\"name\":\"Startseite\",\"item\":\"https:\/\/hydroleduc.com\/de\/\"},{\"@type\":\"ListItem\",\"position\":2,\"name\":\"CSR Charta\"}]},{\"@type\":\"WebSite\",\"@id\":\"https:\/\/hydroleduc.com\/de\/#website\",\"url\":\"https:\/\/hydroleduc.com\/de\/\",\"name\":\"HYDRO LEDUC\",\"description\":\"Hersteller von Hydraulikkomponenten\",\"publisher\":{\"@id\":\"https:\/\/hydroleduc.com\/de\/#organization\"},\"potentialAction\":[{\"@type\":\"SearchAction\",\"target\":{\"@type\":\"EntryPoint\",\"urlTemplate\":\"https:\/\/hydroleduc.com\/de\/?s={search_term_string}\"},\"query-input\":{\"@type\":\"PropertyValueSpecification\",\"valueRequired\":true,\"valueName\":\"search_term_string\"}}],\"inLanguage\":\"de\"},{\"@type\":\"Organization\",\"@id\":\"https:\/\/hydroleduc.com\/de\/#organization\",\"name\":\"HYDRO LEDUC\",\"url\":\"https:\/\/hydroleduc.com\/de\/\",\"logo\":{\"@type\":\"ImageObject\",\"inLanguage\":\"de\",\"@id\":\"https:\/\/hydroleduc.com\/de\/#\/schema\/logo\/image\/\",\"url\":\"https:\/\/hydroleduc.com\/de\/wp-content\/uploads\/2025\/01\/logo-hydroleduc.png\",\"contentUrl\":\"https:\/\/hydroleduc.com\/de\/wp-content\/uploads\/2025\/01\/logo-hydroleduc.png\",\"width\":366,\"height\":148,\"caption\":\"HYDRO LEDUC\"},\"image\":{\"@id\":\"https:\/\/hydroleduc.com\/de\/#\/schema\/logo\/image\/\"}}]}<\/script>\n<!-- \/ Yoast SEO plugin. -->","yoast_head_json":{"title":"CSR-Charta - Hydro Leduc","description":"Entdecken Sie die CSR-Charta von Hydro Leduc: unser Engagement f\u00fcr eine nachhaltige, ethische, soziale und \u00f6kologisch verantwortungsvolle entwicklung","robots":{"index":"index","follow":"follow","max-snippet":"max-snippet:-1","max-image-preview":"max-image-preview:large","max-video-preview":"max-video-preview:-1"},"canonical":"https:\/\/hydroleduc.com\/de\/csr-charta\/","og_locale":"de_DE","og_type":"article","og_title":"CSR-Charta - Hydro Leduc","og_description":"Entdecken Sie die CSR-Charta von Hydro Leduc: unser Engagement f\u00fcr eine nachhaltige, ethische, soziale und \u00f6kologisch verantwortungsvolle entwicklung","og_url":"https:\/\/hydroleduc.com\/de\/csr-charta\/","og_site_name":"HYDRO LEDUC","article_modified_time":"2025-09-30T12:57:41+00:00","twitter_card":"summary_large_image","twitter_misc":{"Gesch\u00e4tzte Lesezeit":"3\u00a0Minuten"},"schema":{"@context":"https:\/\/schema.org","@graph":[{"@type":"WebPage","@id":"https:\/\/hydroleduc.com\/de\/csr-charta\/","url":"https:\/\/hydroleduc.com\/de\/csr-charta\/","name":"CSR-Charta - Hydro Leduc","isPartOf":{"@id":"https:\/\/hydroleduc.com\/de\/#website"},"datePublished":"2025-01-09T15:16:00+00:00","dateModified":"2025-09-30T12:57:41+00:00","description":"Entdecken Sie die CSR-Charta von Hydro Leduc: unser Engagement f\u00fcr eine nachhaltige, ethische, soziale und \u00f6kologisch verantwortungsvolle entwicklung","breadcrumb":{"@id":"https:\/\/hydroleduc.com\/de\/csr-charta\/#breadcrumb"},"inLanguage":"de","potentialAction":[{"@type":"ReadAction","target":["https:\/\/hydroleduc.com\/de\/csr-charta\/"]}]},{"@type":"BreadcrumbList","@id":"https:\/\/hydroleduc.com\/de\/csr-charta\/#breadcrumb","itemListElement":[{"@type":"ListItem","position":1,"name":"Startseite","item":"https:\/\/hydroleduc.com\/de\/"},{"@type":"ListItem","position":2,"name":"CSR Charta"}]},{"@type":"WebSite","@id":"https:\/\/hydroleduc.com\/de\/#website","url":"https:\/\/hydroleduc.com\/de\/","name":"HYDRO LEDUC","description":"Hersteller von Hydraulikkomponenten","publisher":{"@id":"https:\/\/hydroleduc.com\/de\/#organization"},"potentialAction":[{"@type":"SearchAction","target":{"@type":"EntryPoint","urlTemplate":"https:\/\/hydroleduc.com\/de\/?s={search_term_string}"},"query-input":{"@type":"PropertyValueSpecification","valueRequired":true,"valueName":"search_term_string"}}],"inLanguage":"de"},{"@type":"Organization","@id":"https:\/\/hydroleduc.com\/de\/#organization","name":"HYDRO LEDUC","url":"https:\/\/hydroleduc.com\/de\/","logo":{"@type":"ImageObject","inLanguage":"de","@id":"https:\/\/hydroleduc.com\/de\/#\/schema\/logo\/image\/","url":"https:\/\/hydroleduc.com\/de\/wp-content\/uploads\/2025\/01\/logo-hydroleduc.png","contentUrl":"https:\/\/hydroleduc.com\/de\/wp-content\/uploads\/2025\/01\/logo-hydroleduc.png","width":366,"height":148,"caption":"HYDRO LEDUC"},"image":{"@id":"https:\/\/hydroleduc.com\/de\/#\/schema\/logo\/image\/"}}]}},"_links":{"self":[{"href":"https:\/\/hydroleduc.com\/de\/wp-json\/wp\/v2\/pages\/54","targetHints":{"allow":["GET"]}}],"collection":[{"href":"https:\/\/hydroleduc.com\/de\/wp-json\/wp\/v2\/pages"}],"about":[{"href":"https:\/\/hydroleduc.com\/de\/wp-json\/wp\/v2\/types\/page"}],"author":[{"embeddable":true,"href":"https:\/\/hydroleduc.com\/de\/wp-json\/wp\/v2\/users\/2"}],"replies":[{"embeddable":true,"href":"https:\/\/hydroleduc.com\/de\/wp-json\/wp\/v2\/comments?post=54"}],"version-history":[{"count":35,"href":"https:\/\/hydroleduc.com\/de\/wp-json\/wp\/v2\/pages\/54\/revisions"}],"predecessor-version":[{"id":45817,"href":"https:\/\/hydroleduc.com\/de\/wp-json\/wp\/v2\/pages\/54\/revisions\/45817"}],"wp:attachment":[{"href":"https:\/\/hydroleduc.com\/de\/wp-json\/wp\/v2\/media?parent=54"}],"curies":[{"name":"wp","href":"https:\/\/api.w.org\/{rel}","templated":true}]}}