{"id":1102,"date":"2025-01-30T14:57:29","date_gmt":"2025-01-30T13:57:29","guid":{"rendered":"https:\/\/hydroleduc.com\/de\/?post_type=product&#038;p=1102"},"modified":"2025-10-17T16:19:45","modified_gmt":"2025-10-17T14:19:45","slug":"xr-serie-pumpe","status":"publish","type":"product","link":"https:\/\/hydroleduc.com\/de\/fiches\/xr-serie-pumpe\/","title":{"rendered":"XR serie pumpe"},"content":{"rendered":"<p><strong>Produktbeschreibung:<\/strong><\/p>\n<p>Unsere neue XR-Serie von Kugelkolbenpumpen verf\u00fcgt \u00fcber eine neu gestaltete Verteilungseinheit, die es ihr erm\u00f6glicht, die h\u00f6chsten Selbstansaug-Geschwindigkeiten auf dem Markt zu erreichen, bei gleichzeitig hoher Gesamteffizienz. Sie sind speziell entwickelt, um den immer anspruchsvolleren Anforderungen an Lkw-Ausr\u00fcstungen gerecht zu werden.<\/p>\n<p>Alle Modelle sind mit 7 Kolben ausgestattet, um eine optimale Durchflusskonstanz zu gew\u00e4hrleisten. Diese Pumpen mit festem Hubraum k\u00f6nnen kontinuierliche Arbeitsdr\u00fccke bis zu 400 bar und Spitzendr\u00fccke bis zu 450 bar bew\u00e4ltigen.<\/p>\n<p>Der Einlassanschluss wird mit der Pumpe geliefert.<\/p>\n<p><strong>Merkmale und Vorteile:<\/strong><\/p>\n<ul>\n<li>Flansch nach DIN ISO14 (DIN 5462) + ISO 7653,<\/li>\n<li>Modelle von 63 bis 130 cm\u00b3\/U,<\/li>\n<li>400 bar kontinuierlich und 450 bar Spitzenwert,<\/li>\n<li>H\u00f6chste Selbstansaug-Geschwindigkeit auf dem Markt,<\/li>\n<li>FKM-Dichtungen serienm\u00e4\u00dfig f\u00fcr die h\u00e4rtesten Umgebungen,<\/li>\n<li>Inhouse entwickelte zweimaterialige Zylinderkopf,<\/li>\n<li>Originale Synchronisation zwischen Schwenkplatte und Zylinderblock,<\/li>\n<li>Kompakte Bauweise,<\/li>\n<li>Verwendung von Materialien mit hoher mechanischer Festigkeit,<\/li>\n<li>Kompatibel f\u00fcr die Verwendung am hinteren Motorabtrieb (mit Bypass).<\/li>\n<\/ul>\n<p><strong>Anwendungsbereiche:<\/strong><\/p>\n<ul>\n<li>Lkw-Ausr\u00fcstungen (z. B. Lkw-Krane, Forstkrane, Ausleger, Multik\u00fcbel-Systeme, Stabilisierungszylinder),<\/li>\n<li>Winterausr\u00fcstungen (z. B. Salzstreuer, Schneepfl\u00fcge, Turbinen),<\/li>\n<li>Feuerwehrfahrzeuge,<\/li>\n<li>Milit\u00e4r.<\/li>\n<\/ul>\n","protected":false},"excerpt":{"rendered":"<p><a href=\"https:\/\/qrco.de\/XR-BAUREIHE\">XR BAUREIHE<\/a><\/p>\n","protected":false},"featured_media":42648,"template":"","meta":[],"product_brand":[],"product_cat":[46,26,50],"product_tag":[],"class_list":{"0":"post-1102","1":"product","2":"type-product","3":"status-publish","4":"has-post-thumbnail","6":"product_cat-hydraulikpumpen","7":"product_cat-nutzfahrzeughydraulik","8":"product_cat-pumpen-mit-konstanter-fordermenge","10":"first","11":"instock","12":"shipping-taxable","13":"product-type-simple"},"yoast_head":"<!-- This site is optimized with the Yoast SEO plugin v27.2 - https:\/\/yoast.com\/product\/yoast-seo-wordpress\/ -->\n<title>XR serie pumpe - HYDRO LEDUC<\/title>\n<meta name=\"description\" content=\"Notre nouvelle pompe \u00e0 pistons sph\u00e9riques XR propose une nouvelle conception sur la partie distribution, qui lui permet d\u2019atteindre des vitesses d\u2019auto-aspiration les plus hautes du march\u00e9.\" \/>\n<meta name=\"robots\" content=\"index, follow, max-snippet:-1, max-image-preview:large, max-video-preview:-1\" \/>\n<link rel=\"canonical\" href=\"https:\/\/hydroleduc.com\/de\/fiches\/xr-serie-pumpe\/\" \/>\n<meta property=\"og:locale\" content=\"de_DE\" \/>\n<meta property=\"og:type\" content=\"article\" \/>\n<meta property=\"og:title\" content=\"XR serie pumpe - HYDRO LEDUC\" \/>\n<meta property=\"og:description\" content=\"Notre nouvelle pompe \u00e0 pistons sph\u00e9riques XR propose une nouvelle conception sur la partie distribution, qui lui permet d\u2019atteindre des vitesses d\u2019auto-aspiration les plus hautes du march\u00e9.\" \/>\n<meta property=\"og:url\" content=\"https:\/\/hydroleduc.com\/de\/fiches\/xr-serie-pumpe\/\" \/>\n<meta property=\"og:site_name\" content=\"HYDRO LEDUC\" \/>\n<meta property=\"article:modified_time\" content=\"2025-10-17T14:19:45+00:00\" \/>\n<meta property=\"og:image\" content=\"https:\/\/hydroleduc.com\/de\/wp-content\/uploads\/2022\/09\/19-XR-3.png\" \/>\n\t<meta property=\"og:image:width\" content=\"2560\" \/>\n\t<meta property=\"og:image:height\" content=\"1707\" \/>\n\t<meta property=\"og:image:type\" content=\"image\/png\" \/>\n<meta name=\"twitter:card\" content=\"summary_large_image\" \/>\n<meta name=\"twitter:label1\" content=\"Gesch\u00e4tzte Lesezeit\" \/>\n\t<meta name=\"twitter:data1\" content=\"2\u00a0Minuten\" \/>\n<script type=\"application\/ld+json\" class=\"yoast-schema-graph\">{\"@context\":\"https:\/\/schema.org\",\"@graph\":[{\"@type\":\"WebPage\",\"@id\":\"https:\/\/hydroleduc.com\/de\/fiches\/xr-serie-pumpe\/\",\"url\":\"https:\/\/hydroleduc.com\/de\/fiches\/xr-serie-pumpe\/\",\"name\":\"XR serie pumpe - HYDRO LEDUC\",\"isPartOf\":{\"@id\":\"https:\/\/hydroleduc.com\/de\/#website\"},\"primaryImageOfPage\":{\"@id\":\"https:\/\/hydroleduc.com\/de\/fiches\/xr-serie-pumpe\/#primaryimage\"},\"image\":{\"@id\":\"https:\/\/hydroleduc.com\/de\/fiches\/xr-serie-pumpe\/#primaryimage\"},\"thumbnailUrl\":\"https:\/\/hydroleduc.com\/de\/wp-content\/uploads\/2022\/09\/19-XR-3.png\",\"datePublished\":\"2025-01-30T13:57:29+00:00\",\"dateModified\":\"2025-10-17T14:19:45+00:00\",\"description\":\"Notre nouvelle pompe \u00e0 pistons sph\u00e9riques XR propose une nouvelle conception sur la partie distribution, qui lui permet d\u2019atteindre des vitesses d\u2019auto-aspiration les plus hautes du march\u00e9.\",\"breadcrumb\":{\"@id\":\"https:\/\/hydroleduc.com\/de\/fiches\/xr-serie-pumpe\/#breadcrumb\"},\"inLanguage\":\"de\",\"potentialAction\":[{\"@type\":\"ReadAction\",\"target\":[\"https:\/\/hydroleduc.com\/de\/fiches\/xr-serie-pumpe\/\"]}]},{\"@type\":\"ImageObject\",\"inLanguage\":\"de\",\"@id\":\"https:\/\/hydroleduc.com\/de\/fiches\/xr-serie-pumpe\/#primaryimage\",\"url\":\"https:\/\/hydroleduc.com\/de\/wp-content\/uploads\/2022\/09\/19-XR-3.png\",\"contentUrl\":\"https:\/\/hydroleduc.com\/de\/wp-content\/uploads\/2022\/09\/19-XR-3.png\",\"width\":2560,\"height\":1707,\"caption\":\"19 XR 3\"},{\"@type\":\"BreadcrumbList\",\"@id\":\"https:\/\/hydroleduc.com\/de\/fiches\/xr-serie-pumpe\/#breadcrumb\",\"itemListElement\":[{\"@type\":\"ListItem\",\"position\":1,\"name\":\"Startseite\",\"item\":\"https:\/\/hydroleduc.com\/de\/\"},{\"@type\":\"ListItem\",\"position\":2,\"name\":\"Hydraulik komponenten\",\"item\":\"https:\/\/hydroleduc.com\/de\/hydraulikkomponenten\/\"},{\"@type\":\"ListItem\",\"position\":3,\"name\":\"Hydraulikpumpen\",\"item\":\"https:\/\/hydroleduc.com\/de\/hydraulikkomponenten\/hydraulikpumpen\/\"},{\"@type\":\"ListItem\",\"position\":4,\"name\":\"Pumpen mit Konstanter F\u00f6rdermenge\",\"item\":\"https:\/\/hydroleduc.com\/de\/hydraulikkomponenten\/hydraulikpumpen\/pumpen-mit-konstanter-fordermenge\/\"},{\"@type\":\"ListItem\",\"position\":5,\"name\":\"XR serie pumpe\"}]},{\"@type\":\"WebSite\",\"@id\":\"https:\/\/hydroleduc.com\/de\/#website\",\"url\":\"https:\/\/hydroleduc.com\/de\/\",\"name\":\"HYDRO LEDUC\",\"description\":\"Hersteller von Hydraulikkomponenten\",\"publisher\":{\"@id\":\"https:\/\/hydroleduc.com\/de\/#organization\"},\"potentialAction\":[{\"@type\":\"SearchAction\",\"target\":{\"@type\":\"EntryPoint\",\"urlTemplate\":\"https:\/\/hydroleduc.com\/de\/?s={search_term_string}\"},\"query-input\":{\"@type\":\"PropertyValueSpecification\",\"valueRequired\":true,\"valueName\":\"search_term_string\"}}],\"inLanguage\":\"de\"},{\"@type\":\"Organization\",\"@id\":\"https:\/\/hydroleduc.com\/de\/#organization\",\"name\":\"HYDRO LEDUC\",\"url\":\"https:\/\/hydroleduc.com\/de\/\",\"logo\":{\"@type\":\"ImageObject\",\"inLanguage\":\"de\",\"@id\":\"https:\/\/hydroleduc.com\/de\/#\/schema\/logo\/image\/\",\"url\":\"https:\/\/hydroleduc.com\/de\/wp-content\/uploads\/2025\/01\/logo-hydroleduc.png\",\"contentUrl\":\"https:\/\/hydroleduc.com\/de\/wp-content\/uploads\/2025\/01\/logo-hydroleduc.png\",\"width\":366,\"height\":148,\"caption\":\"HYDRO LEDUC\"},\"image\":{\"@id\":\"https:\/\/hydroleduc.com\/de\/#\/schema\/logo\/image\/\"}}]}<\/script>\n<!-- \/ Yoast SEO plugin. -->","yoast_head_json":{"title":"XR serie pumpe - HYDRO LEDUC","description":"Notre nouvelle pompe \u00e0 pistons sph\u00e9riques XR propose une nouvelle conception sur la partie distribution, qui lui permet d\u2019atteindre des vitesses d\u2019auto-aspiration les plus hautes du march\u00e9.","robots":{"index":"index","follow":"follow","max-snippet":"max-snippet:-1","max-image-preview":"max-image-preview:large","max-video-preview":"max-video-preview:-1"},"canonical":"https:\/\/hydroleduc.com\/de\/fiches\/xr-serie-pumpe\/","og_locale":"de_DE","og_type":"article","og_title":"XR serie pumpe - HYDRO LEDUC","og_description":"Notre nouvelle pompe \u00e0 pistons sph\u00e9riques XR propose une nouvelle conception sur la partie distribution, qui lui permet d\u2019atteindre des vitesses d\u2019auto-aspiration les plus hautes du march\u00e9.","og_url":"https:\/\/hydroleduc.com\/de\/fiches\/xr-serie-pumpe\/","og_site_name":"HYDRO LEDUC","article_modified_time":"2025-10-17T14:19:45+00:00","og_image":[{"width":2560,"height":1707,"url":"https:\/\/hydroleduc.com\/de\/wp-content\/uploads\/2022\/09\/19-XR-3.png","type":"image\/png"}],"twitter_card":"summary_large_image","twitter_misc":{"Gesch\u00e4tzte Lesezeit":"2\u00a0Minuten"},"schema":{"@context":"https:\/\/schema.org","@graph":[{"@type":"WebPage","@id":"https:\/\/hydroleduc.com\/de\/fiches\/xr-serie-pumpe\/","url":"https:\/\/hydroleduc.com\/de\/fiches\/xr-serie-pumpe\/","name":"XR serie pumpe - HYDRO LEDUC","isPartOf":{"@id":"https:\/\/hydroleduc.com\/de\/#website"},"primaryImageOfPage":{"@id":"https:\/\/hydroleduc.com\/de\/fiches\/xr-serie-pumpe\/#primaryimage"},"image":{"@id":"https:\/\/hydroleduc.com\/de\/fiches\/xr-serie-pumpe\/#primaryimage"},"thumbnailUrl":"https:\/\/hydroleduc.com\/de\/wp-content\/uploads\/2022\/09\/19-XR-3.png","datePublished":"2025-01-30T13:57:29+00:00","dateModified":"2025-10-17T14:19:45+00:00","description":"Notre nouvelle pompe \u00e0 pistons sph\u00e9riques XR propose une nouvelle conception sur la partie distribution, qui lui permet d\u2019atteindre des vitesses d\u2019auto-aspiration les plus hautes du march\u00e9.","breadcrumb":{"@id":"https:\/\/hydroleduc.com\/de\/fiches\/xr-serie-pumpe\/#breadcrumb"},"inLanguage":"de","potentialAction":[{"@type":"ReadAction","target":["https:\/\/hydroleduc.com\/de\/fiches\/xr-serie-pumpe\/"]}]},{"@type":"ImageObject","inLanguage":"de","@id":"https:\/\/hydroleduc.com\/de\/fiches\/xr-serie-pumpe\/#primaryimage","url":"https:\/\/hydroleduc.com\/de\/wp-content\/uploads\/2022\/09\/19-XR-3.png","contentUrl":"https:\/\/hydroleduc.com\/de\/wp-content\/uploads\/2022\/09\/19-XR-3.png","width":2560,"height":1707,"caption":"19 XR 3"},{"@type":"BreadcrumbList","@id":"https:\/\/hydroleduc.com\/de\/fiches\/xr-serie-pumpe\/#breadcrumb","itemListElement":[{"@type":"ListItem","position":1,"name":"Startseite","item":"https:\/\/hydroleduc.com\/de\/"},{"@type":"ListItem","position":2,"name":"Hydraulik komponenten","item":"https:\/\/hydroleduc.com\/de\/hydraulikkomponenten\/"},{"@type":"ListItem","position":3,"name":"Hydraulikpumpen","item":"https:\/\/hydroleduc.com\/de\/hydraulikkomponenten\/hydraulikpumpen\/"},{"@type":"ListItem","position":4,"name":"Pumpen mit Konstanter F\u00f6rdermenge","item":"https:\/\/hydroleduc.com\/de\/hydraulikkomponenten\/hydraulikpumpen\/pumpen-mit-konstanter-fordermenge\/"},{"@type":"ListItem","position":5,"name":"XR serie pumpe"}]},{"@type":"WebSite","@id":"https:\/\/hydroleduc.com\/de\/#website","url":"https:\/\/hydroleduc.com\/de\/","name":"HYDRO LEDUC","description":"Hersteller von Hydraulikkomponenten","publisher":{"@id":"https:\/\/hydroleduc.com\/de\/#organization"},"potentialAction":[{"@type":"SearchAction","target":{"@type":"EntryPoint","urlTemplate":"https:\/\/hydroleduc.com\/de\/?s={search_term_string}"},"query-input":{"@type":"PropertyValueSpecification","valueRequired":true,"valueName":"search_term_string"}}],"inLanguage":"de"},{"@type":"Organization","@id":"https:\/\/hydroleduc.com\/de\/#organization","name":"HYDRO LEDUC","url":"https:\/\/hydroleduc.com\/de\/","logo":{"@type":"ImageObject","inLanguage":"de","@id":"https:\/\/hydroleduc.com\/de\/#\/schema\/logo\/image\/","url":"https:\/\/hydroleduc.com\/de\/wp-content\/uploads\/2025\/01\/logo-hydroleduc.png","contentUrl":"https:\/\/hydroleduc.com\/de\/wp-content\/uploads\/2025\/01\/logo-hydroleduc.png","width":366,"height":148,"caption":"HYDRO LEDUC"},"image":{"@id":"https:\/\/hydroleduc.com\/de\/#\/schema\/logo\/image\/"}}]}},"_links":{"self":[{"href":"https:\/\/hydroleduc.com\/de\/wp-json\/wp\/v2\/product\/1102","targetHints":{"allow":["GET"]}}],"collection":[{"href":"https:\/\/hydroleduc.com\/de\/wp-json\/wp\/v2\/product"}],"about":[{"href":"https:\/\/hydroleduc.com\/de\/wp-json\/wp\/v2\/types\/product"}],"wp:featuredmedia":[{"embeddable":true,"href":"https:\/\/hydroleduc.com\/de\/wp-json\/wp\/v2\/media\/42648"}],"wp:attachment":[{"href":"https:\/\/hydroleduc.com\/de\/wp-json\/wp\/v2\/media?parent=1102"}],"wp:term":[{"taxonomy":"product_brand","embeddable":true,"href":"https:\/\/hydroleduc.com\/de\/wp-json\/wp\/v2\/product_brand?post=1102"},{"taxonomy":"product_cat","embeddable":true,"href":"https:\/\/hydroleduc.com\/de\/wp-json\/wp\/v2\/product_cat?post=1102"},{"taxonomy":"product_tag","embeddable":true,"href":"https:\/\/hydroleduc.com\/de\/wp-json\/wp\/v2\/product_tag?post=1102"}],"curies":[{"name":"wp","href":"https:\/\/api.w.org\/{rel}","templated":true}]}}