{"id":1103,"date":"2025-01-30T14:58:33","date_gmt":"2025-01-30T13:58:33","guid":{"rendered":"https:\/\/hydroleduc.com\/de\/?post_type=product&#038;p=1103"},"modified":"2025-10-17T16:20:00","modified_gmt":"2025-10-17T14:20:00","slug":"xrt6868-pumpe","status":"publish","type":"product","link":"https:\/\/hydroleduc.com\/de\/fiches\/xrt6868-pumpe\/","title":{"rendered":"XRT6868 Pumpe"},"content":{"rendered":"<p><strong>Produktbeschreibung:<\/strong><\/p>\n<p>Unsere neue XRT6868-Pumpe mit festem Hubraum ist die ideale L\u00f6sung f\u00fcr Anwendungen, die zwei unabh\u00e4ngige Kreisl\u00e4ufe erfordern, und sie ist besonders geeignet f\u00fcr die Montage an einem abschaltbaren Nebenantrieb oder einem hinteren Motorabtrieb (mit BPT-Bypass).<\/p>\n<p>Der passende Einlassanschluss wird mit der Pumpe geliefert.<\/p>\n<p><a href=\"https:\/\/www.youtube.com\/watch?v=OQqPvO49VFU\" target=\"_blank\" rel=\"noopener\">Entdecken Sie die XRT6868 in unserem Video.<\/a><\/p>\n<p><strong>Merkmale und Vorteile:<\/strong><\/p>\n<ul>\n<li>Doppelter Durchfluss von 68 + 68 cm\u00b3\/U,<\/li>\n<li>Flansch nach DIN ISO14 (DIN 5462) + ISO 7653,<\/li>\n<li>2 x 5-Kolben-Design,<\/li>\n<li>Kompakte Bauweise,<\/li>\n<li>Hohe Gesamteffizienz,<\/li>\n<li>Niedriger Ger\u00e4uschpegel,<\/li>\n<li>Originale Synchronisation zwischen Schwenkplatte und Zylinderblock,<\/li>\n<li>Verwendung von Materialien mit hoher mechanischer Festigkeit,<\/li>\n<li>Hinterer Motorabtrieb m\u00f6glich mit BPT-Bypass-Ventil.<\/li>\n<\/ul>\n<p><strong>Anwendungsbereiche:<\/strong><\/p>\n<ul>\n<li>Lkw-Ausr\u00fcstungen (z. B. Lkw-Krane, Forstkrane, Ausleger, Multik\u00fcbel-Systeme, Stabilisierungszylinder),<\/li>\n<li>Winterausr\u00fcstungen (z. B. Salzstreuer, Schneepfl\u00fcge, Turbinen),<\/li>\n<li>Feuerwehrfahrzeuge,<\/li>\n<li>Milit\u00e4r.<\/li>\n<\/ul>\n","protected":false},"excerpt":{"rendered":"<p><a href=\"https:\/\/qrco.de\/XR-BAUREIHE\" target=\"_blank\" rel=\"noopener\">XR BAUREIHE<\/a><\/p>\n","protected":false},"featured_media":42655,"template":"","meta":[],"product_brand":[],"product_cat":[46,26,50],"product_tag":[],"class_list":{"0":"post-1103","1":"product","2":"type-product","3":"status-publish","4":"has-post-thumbnail","6":"product_cat-hydraulikpumpen","7":"product_cat-nutzfahrzeughydraulik","8":"product_cat-pumpen-mit-konstanter-fordermenge","10":"first","11":"instock","12":"shipping-taxable","13":"product-type-simple"},"yoast_head":"<!-- This site is optimized with the Yoast SEO plugin v27.2 - https:\/\/yoast.com\/product\/yoast-seo-wordpress\/ -->\n<title>XRT6868 Pumpe - HYDRO LEDUC<\/title>\n<meta name=\"description\" content=\"Notre nouvelle pompe \u00e0 pistons sph\u00e9riques XRT6868 est la solution id\u00e9ale pour les applications n\u00e9cessitant deux circuits ind\u00e9pendants.\" \/>\n<meta name=\"robots\" content=\"index, follow, max-snippet:-1, max-image-preview:large, max-video-preview:-1\" \/>\n<link rel=\"canonical\" href=\"https:\/\/hydroleduc.com\/de\/fiches\/xrt6868-pumpe\/\" \/>\n<meta property=\"og:locale\" content=\"de_DE\" \/>\n<meta property=\"og:type\" content=\"article\" \/>\n<meta property=\"og:title\" content=\"XRT6868 Pumpe - HYDRO LEDUC\" \/>\n<meta property=\"og:description\" content=\"Notre nouvelle pompe \u00e0 pistons sph\u00e9riques XRT6868 est la solution id\u00e9ale pour les applications n\u00e9cessitant deux circuits ind\u00e9pendants.\" \/>\n<meta property=\"og:url\" content=\"https:\/\/hydroleduc.com\/de\/fiches\/xrt6868-pumpe\/\" \/>\n<meta property=\"og:site_name\" content=\"HYDRO LEDUC\" \/>\n<meta property=\"article:modified_time\" content=\"2025-10-17T14:20:00+00:00\" \/>\n<meta property=\"og:image\" content=\"https:\/\/hydroleduc.com\/de\/wp-content\/uploads\/2022\/09\/4-XRT-1.png\" \/>\n\t<meta property=\"og:image:width\" content=\"2560\" \/>\n\t<meta property=\"og:image:height\" content=\"1707\" \/>\n\t<meta property=\"og:image:type\" content=\"image\/png\" \/>\n<meta name=\"twitter:card\" content=\"summary_large_image\" \/>\n<meta name=\"twitter:label1\" content=\"Gesch\u00e4tzte Lesezeit\" \/>\n\t<meta name=\"twitter:data1\" content=\"1\u00a0Minute\" \/>\n<script type=\"application\/ld+json\" class=\"yoast-schema-graph\">{\"@context\":\"https:\/\/schema.org\",\"@graph\":[{\"@type\":\"WebPage\",\"@id\":\"https:\/\/hydroleduc.com\/de\/fiches\/xrt6868-pumpe\/\",\"url\":\"https:\/\/hydroleduc.com\/de\/fiches\/xrt6868-pumpe\/\",\"name\":\"XRT6868 Pumpe - HYDRO LEDUC\",\"isPartOf\":{\"@id\":\"https:\/\/hydroleduc.com\/de\/#website\"},\"primaryImageOfPage\":{\"@id\":\"https:\/\/hydroleduc.com\/de\/fiches\/xrt6868-pumpe\/#primaryimage\"},\"image\":{\"@id\":\"https:\/\/hydroleduc.com\/de\/fiches\/xrt6868-pumpe\/#primaryimage\"},\"thumbnailUrl\":\"https:\/\/hydroleduc.com\/de\/wp-content\/uploads\/2022\/09\/4-XRT-1.png\",\"datePublished\":\"2025-01-30T13:58:33+00:00\",\"dateModified\":\"2025-10-17T14:20:00+00:00\",\"description\":\"Notre nouvelle pompe \u00e0 pistons sph\u00e9riques XRT6868 est la solution id\u00e9ale pour les applications n\u00e9cessitant deux circuits ind\u00e9pendants.\",\"breadcrumb\":{\"@id\":\"https:\/\/hydroleduc.com\/de\/fiches\/xrt6868-pumpe\/#breadcrumb\"},\"inLanguage\":\"de\",\"potentialAction\":[{\"@type\":\"ReadAction\",\"target\":[\"https:\/\/hydroleduc.com\/de\/fiches\/xrt6868-pumpe\/\"]}]},{\"@type\":\"ImageObject\",\"inLanguage\":\"de\",\"@id\":\"https:\/\/hydroleduc.com\/de\/fiches\/xrt6868-pumpe\/#primaryimage\",\"url\":\"https:\/\/hydroleduc.com\/de\/wp-content\/uploads\/2022\/09\/4-XRT-1.png\",\"contentUrl\":\"https:\/\/hydroleduc.com\/de\/wp-content\/uploads\/2022\/09\/4-XRT-1.png\",\"width\":2560,\"height\":1707,\"caption\":\"4 XRT 1\"},{\"@type\":\"BreadcrumbList\",\"@id\":\"https:\/\/hydroleduc.com\/de\/fiches\/xrt6868-pumpe\/#breadcrumb\",\"itemListElement\":[{\"@type\":\"ListItem\",\"position\":1,\"name\":\"Startseite\",\"item\":\"https:\/\/hydroleduc.com\/de\/\"},{\"@type\":\"ListItem\",\"position\":2,\"name\":\"Hydraulik komponenten\",\"item\":\"https:\/\/hydroleduc.com\/de\/hydraulikkomponenten\/\"},{\"@type\":\"ListItem\",\"position\":3,\"name\":\"Hydraulikpumpen\",\"item\":\"https:\/\/hydroleduc.com\/de\/hydraulikkomponenten\/hydraulikpumpen\/\"},{\"@type\":\"ListItem\",\"position\":4,\"name\":\"Pumpen mit Konstanter F\u00f6rdermenge\",\"item\":\"https:\/\/hydroleduc.com\/de\/hydraulikkomponenten\/hydraulikpumpen\/pumpen-mit-konstanter-fordermenge\/\"},{\"@type\":\"ListItem\",\"position\":5,\"name\":\"XRT6868 Pumpe\"}]},{\"@type\":\"WebSite\",\"@id\":\"https:\/\/hydroleduc.com\/de\/#website\",\"url\":\"https:\/\/hydroleduc.com\/de\/\",\"name\":\"HYDRO LEDUC\",\"description\":\"Hersteller von Hydraulikkomponenten\",\"publisher\":{\"@id\":\"https:\/\/hydroleduc.com\/de\/#organization\"},\"potentialAction\":[{\"@type\":\"SearchAction\",\"target\":{\"@type\":\"EntryPoint\",\"urlTemplate\":\"https:\/\/hydroleduc.com\/de\/?s={search_term_string}\"},\"query-input\":{\"@type\":\"PropertyValueSpecification\",\"valueRequired\":true,\"valueName\":\"search_term_string\"}}],\"inLanguage\":\"de\"},{\"@type\":\"Organization\",\"@id\":\"https:\/\/hydroleduc.com\/de\/#organization\",\"name\":\"HYDRO LEDUC\",\"url\":\"https:\/\/hydroleduc.com\/de\/\",\"logo\":{\"@type\":\"ImageObject\",\"inLanguage\":\"de\",\"@id\":\"https:\/\/hydroleduc.com\/de\/#\/schema\/logo\/image\/\",\"url\":\"https:\/\/hydroleduc.com\/de\/wp-content\/uploads\/2025\/01\/logo-hydroleduc.png\",\"contentUrl\":\"https:\/\/hydroleduc.com\/de\/wp-content\/uploads\/2025\/01\/logo-hydroleduc.png\",\"width\":366,\"height\":148,\"caption\":\"HYDRO LEDUC\"},\"image\":{\"@id\":\"https:\/\/hydroleduc.com\/de\/#\/schema\/logo\/image\/\"}}]}<\/script>\n<!-- \/ Yoast SEO plugin. -->","yoast_head_json":{"title":"XRT6868 Pumpe - HYDRO LEDUC","description":"Notre nouvelle pompe \u00e0 pistons sph\u00e9riques XRT6868 est la solution id\u00e9ale pour les applications n\u00e9cessitant deux circuits ind\u00e9pendants.","robots":{"index":"index","follow":"follow","max-snippet":"max-snippet:-1","max-image-preview":"max-image-preview:large","max-video-preview":"max-video-preview:-1"},"canonical":"https:\/\/hydroleduc.com\/de\/fiches\/xrt6868-pumpe\/","og_locale":"de_DE","og_type":"article","og_title":"XRT6868 Pumpe - HYDRO LEDUC","og_description":"Notre nouvelle pompe \u00e0 pistons sph\u00e9riques XRT6868 est la solution id\u00e9ale pour les applications n\u00e9cessitant deux circuits ind\u00e9pendants.","og_url":"https:\/\/hydroleduc.com\/de\/fiches\/xrt6868-pumpe\/","og_site_name":"HYDRO LEDUC","article_modified_time":"2025-10-17T14:20:00+00:00","og_image":[{"width":2560,"height":1707,"url":"https:\/\/hydroleduc.com\/de\/wp-content\/uploads\/2022\/09\/4-XRT-1.png","type":"image\/png"}],"twitter_card":"summary_large_image","twitter_misc":{"Gesch\u00e4tzte Lesezeit":"1\u00a0Minute"},"schema":{"@context":"https:\/\/schema.org","@graph":[{"@type":"WebPage","@id":"https:\/\/hydroleduc.com\/de\/fiches\/xrt6868-pumpe\/","url":"https:\/\/hydroleduc.com\/de\/fiches\/xrt6868-pumpe\/","name":"XRT6868 Pumpe - HYDRO LEDUC","isPartOf":{"@id":"https:\/\/hydroleduc.com\/de\/#website"},"primaryImageOfPage":{"@id":"https:\/\/hydroleduc.com\/de\/fiches\/xrt6868-pumpe\/#primaryimage"},"image":{"@id":"https:\/\/hydroleduc.com\/de\/fiches\/xrt6868-pumpe\/#primaryimage"},"thumbnailUrl":"https:\/\/hydroleduc.com\/de\/wp-content\/uploads\/2022\/09\/4-XRT-1.png","datePublished":"2025-01-30T13:58:33+00:00","dateModified":"2025-10-17T14:20:00+00:00","description":"Notre nouvelle pompe \u00e0 pistons sph\u00e9riques XRT6868 est la solution id\u00e9ale pour les applications n\u00e9cessitant deux circuits ind\u00e9pendants.","breadcrumb":{"@id":"https:\/\/hydroleduc.com\/de\/fiches\/xrt6868-pumpe\/#breadcrumb"},"inLanguage":"de","potentialAction":[{"@type":"ReadAction","target":["https:\/\/hydroleduc.com\/de\/fiches\/xrt6868-pumpe\/"]}]},{"@type":"ImageObject","inLanguage":"de","@id":"https:\/\/hydroleduc.com\/de\/fiches\/xrt6868-pumpe\/#primaryimage","url":"https:\/\/hydroleduc.com\/de\/wp-content\/uploads\/2022\/09\/4-XRT-1.png","contentUrl":"https:\/\/hydroleduc.com\/de\/wp-content\/uploads\/2022\/09\/4-XRT-1.png","width":2560,"height":1707,"caption":"4 XRT 1"},{"@type":"BreadcrumbList","@id":"https:\/\/hydroleduc.com\/de\/fiches\/xrt6868-pumpe\/#breadcrumb","itemListElement":[{"@type":"ListItem","position":1,"name":"Startseite","item":"https:\/\/hydroleduc.com\/de\/"},{"@type":"ListItem","position":2,"name":"Hydraulik komponenten","item":"https:\/\/hydroleduc.com\/de\/hydraulikkomponenten\/"},{"@type":"ListItem","position":3,"name":"Hydraulikpumpen","item":"https:\/\/hydroleduc.com\/de\/hydraulikkomponenten\/hydraulikpumpen\/"},{"@type":"ListItem","position":4,"name":"Pumpen mit Konstanter F\u00f6rdermenge","item":"https:\/\/hydroleduc.com\/de\/hydraulikkomponenten\/hydraulikpumpen\/pumpen-mit-konstanter-fordermenge\/"},{"@type":"ListItem","position":5,"name":"XRT6868 Pumpe"}]},{"@type":"WebSite","@id":"https:\/\/hydroleduc.com\/de\/#website","url":"https:\/\/hydroleduc.com\/de\/","name":"HYDRO LEDUC","description":"Hersteller von Hydraulikkomponenten","publisher":{"@id":"https:\/\/hydroleduc.com\/de\/#organization"},"potentialAction":[{"@type":"SearchAction","target":{"@type":"EntryPoint","urlTemplate":"https:\/\/hydroleduc.com\/de\/?s={search_term_string}"},"query-input":{"@type":"PropertyValueSpecification","valueRequired":true,"valueName":"search_term_string"}}],"inLanguage":"de"},{"@type":"Organization","@id":"https:\/\/hydroleduc.com\/de\/#organization","name":"HYDRO LEDUC","url":"https:\/\/hydroleduc.com\/de\/","logo":{"@type":"ImageObject","inLanguage":"de","@id":"https:\/\/hydroleduc.com\/de\/#\/schema\/logo\/image\/","url":"https:\/\/hydroleduc.com\/de\/wp-content\/uploads\/2025\/01\/logo-hydroleduc.png","contentUrl":"https:\/\/hydroleduc.com\/de\/wp-content\/uploads\/2025\/01\/logo-hydroleduc.png","width":366,"height":148,"caption":"HYDRO LEDUC"},"image":{"@id":"https:\/\/hydroleduc.com\/de\/#\/schema\/logo\/image\/"}}]}},"_links":{"self":[{"href":"https:\/\/hydroleduc.com\/de\/wp-json\/wp\/v2\/product\/1103","targetHints":{"allow":["GET"]}}],"collection":[{"href":"https:\/\/hydroleduc.com\/de\/wp-json\/wp\/v2\/product"}],"about":[{"href":"https:\/\/hydroleduc.com\/de\/wp-json\/wp\/v2\/types\/product"}],"wp:featuredmedia":[{"embeddable":true,"href":"https:\/\/hydroleduc.com\/de\/wp-json\/wp\/v2\/media\/42655"}],"wp:attachment":[{"href":"https:\/\/hydroleduc.com\/de\/wp-json\/wp\/v2\/media?parent=1103"}],"wp:term":[{"taxonomy":"product_brand","embeddable":true,"href":"https:\/\/hydroleduc.com\/de\/wp-json\/wp\/v2\/product_brand?post=1103"},{"taxonomy":"product_cat","embeddable":true,"href":"https:\/\/hydroleduc.com\/de\/wp-json\/wp\/v2\/product_cat?post=1103"},{"taxonomy":"product_tag","embeddable":true,"href":"https:\/\/hydroleduc.com\/de\/wp-json\/wp\/v2\/product_tag?post=1103"}],"curies":[{"name":"wp","href":"https:\/\/api.w.org\/{rel}","templated":true}]}}