{"id":1106,"date":"2025-01-30T15:01:58","date_gmt":"2025-01-30T14:01:58","guid":{"rendered":"https:\/\/hydroleduc.com\/de\/?post_type=product&#038;p=1106"},"modified":"2025-10-17T16:30:08","modified_gmt":"2025-10-17T14:30:08","slug":"micro-pompes-serie-pb","status":"publish","type":"product","link":"https:\/\/hydroleduc.com\/de\/fiches\/micro-pompes-serie-pb\/","title":{"rendered":"PB Serie Mikropumpen"},"content":{"rendered":"<p>Produktbeschreibung:<\/p>\n<p>Die Mikropumpen der PB-Serie mit Inline-Kolbentechnologie vereinen eine sehr kompakte Stellfl\u00e4che, hohe Druckbest\u00e4ndigkeit und hohe Effizienz.<br \/>\nMikropumpen wurden f\u00fcr die anspruchsvollsten Umgebungen entwickelt.<\/p>\n<p>Funktionen und Vorteile:<\/p>\n<p>hohe Effizienz;<br \/>\nsehr kompakte Stellfl\u00e4che;<br \/>\nDruck bis 1000 bar;<br \/>\nselbstansaugende Pumpen;<br \/>\nauf Anfrage anpassbar;<br \/>\nBetrieb bis 175\u00b0C.<\/p>\n<p>Anwendungsgebiete:<\/p>\n<p>Werkzeuge f\u00fcr die \u00d6lforschung;<br \/>\nozeanografische Forschung;<br \/>\nLuftfahrt;<br \/>\nTragbare Elektrowerkzeuge;<br \/>\nMikrokraftwerk.<\/p>\n","protected":false},"excerpt":{"rendered":"<p><a href=\"https:\/\/qrco.de\/MICRO-HYDRAULICS\">Mikropumpen der Serie PB<\/a><\/p>\n","protected":false},"featured_media":43597,"template":"","meta":[],"product_brand":[],"product_cat":[33,31,49],"product_tag":[],"class_list":{"0":"post-1106","1":"product","2":"type-product","3":"status-publish","4":"has-post-thumbnail","6":"product_cat-luftfahrt","7":"product_cat-ol-forderung","8":"product_cat-unsere-mikrohydraulik-losungen","10":"first","11":"instock","12":"shipping-taxable","13":"product-type-simple"},"yoast_head":"<!-- This site is optimized with the Yoast SEO plugin v27.2 - https:\/\/yoast.com\/product\/yoast-seo-wordpress\/ -->\n<title>PB Serie Mikropumpen - HYDRO LEDUC<\/title>\n<meta name=\"description\" content=\"Les micro-pompes s\u00e9rie PB de la technologie \u00e0 pistons en ligne, combinent un encombrement tr\u00e8s compact, des tenues hautes pressions et des rendements \u00e9lev\u00e9s.\" \/>\n<meta name=\"robots\" content=\"index, follow, max-snippet:-1, max-image-preview:large, max-video-preview:-1\" \/>\n<link rel=\"canonical\" href=\"https:\/\/hydroleduc.com\/de\/fiches\/micro-pompes-serie-pb\/\" \/>\n<meta property=\"og:locale\" content=\"de_DE\" \/>\n<meta property=\"og:type\" content=\"article\" \/>\n<meta property=\"og:title\" content=\"PB Serie Mikropumpen - HYDRO LEDUC\" \/>\n<meta property=\"og:description\" content=\"Les micro-pompes s\u00e9rie PB de la technologie \u00e0 pistons en ligne, combinent un encombrement tr\u00e8s compact, des tenues hautes pressions et des rendements \u00e9lev\u00e9s.\" \/>\n<meta property=\"og:url\" content=\"https:\/\/hydroleduc.com\/de\/fiches\/micro-pompes-serie-pb\/\" \/>\n<meta property=\"og:site_name\" content=\"HYDRO LEDUC\" \/>\n<meta property=\"article:modified_time\" content=\"2025-10-17T14:30:08+00:00\" \/>\n<meta property=\"og:image\" content=\"https:\/\/hydroleduc.com\/de\/wp-content\/uploads\/2025\/01\/hydroleduc-pompe-micro-serie-pb-768x542-1.png\" \/>\n\t<meta property=\"og:image:width\" content=\"768\" \/>\n\t<meta property=\"og:image:height\" content=\"542\" \/>\n\t<meta property=\"og:image:type\" content=\"image\/png\" \/>\n<meta name=\"twitter:card\" content=\"summary_large_image\" \/>\n<meta name=\"twitter:label1\" content=\"Gesch\u00e4tzte Lesezeit\" \/>\n\t<meta name=\"twitter:data1\" content=\"1\u00a0Minute\" \/>\n<script type=\"application\/ld+json\" class=\"yoast-schema-graph\">{\"@context\":\"https:\/\/schema.org\",\"@graph\":[{\"@type\":\"WebPage\",\"@id\":\"https:\/\/hydroleduc.com\/de\/fiches\/micro-pompes-serie-pb\/\",\"url\":\"https:\/\/hydroleduc.com\/de\/fiches\/micro-pompes-serie-pb\/\",\"name\":\"PB Serie Mikropumpen - HYDRO LEDUC\",\"isPartOf\":{\"@id\":\"https:\/\/hydroleduc.com\/de\/#website\"},\"primaryImageOfPage\":{\"@id\":\"https:\/\/hydroleduc.com\/de\/fiches\/micro-pompes-serie-pb\/#primaryimage\"},\"image\":{\"@id\":\"https:\/\/hydroleduc.com\/de\/fiches\/micro-pompes-serie-pb\/#primaryimage\"},\"thumbnailUrl\":\"https:\/\/hydroleduc.com\/de\/wp-content\/uploads\/2025\/01\/hydroleduc-pompe-micro-serie-pb-768x542-1.png\",\"datePublished\":\"2025-01-30T14:01:58+00:00\",\"dateModified\":\"2025-10-17T14:30:08+00:00\",\"description\":\"Les micro-pompes s\u00e9rie PB de la technologie \u00e0 pistons en ligne, combinent un encombrement tr\u00e8s compact, des tenues hautes pressions et des rendements \u00e9lev\u00e9s.\",\"breadcrumb\":{\"@id\":\"https:\/\/hydroleduc.com\/de\/fiches\/micro-pompes-serie-pb\/#breadcrumb\"},\"inLanguage\":\"de\",\"potentialAction\":[{\"@type\":\"ReadAction\",\"target\":[\"https:\/\/hydroleduc.com\/de\/fiches\/micro-pompes-serie-pb\/\"]}]},{\"@type\":\"ImageObject\",\"inLanguage\":\"de\",\"@id\":\"https:\/\/hydroleduc.com\/de\/fiches\/micro-pompes-serie-pb\/#primaryimage\",\"url\":\"https:\/\/hydroleduc.com\/de\/wp-content\/uploads\/2025\/01\/hydroleduc-pompe-micro-serie-pb-768x542-1.png\",\"contentUrl\":\"https:\/\/hydroleduc.com\/de\/wp-content\/uploads\/2025\/01\/hydroleduc-pompe-micro-serie-pb-768x542-1.png\",\"width\":768,\"height\":542,\"caption\":\"hydroleduc pompe micro serie pb 768x542 1\"},{\"@type\":\"BreadcrumbList\",\"@id\":\"https:\/\/hydroleduc.com\/de\/fiches\/micro-pompes-serie-pb\/#breadcrumb\",\"itemListElement\":[{\"@type\":\"ListItem\",\"position\":1,\"name\":\"Startseite\",\"item\":\"https:\/\/hydroleduc.com\/de\/\"},{\"@type\":\"ListItem\",\"position\":2,\"name\":\"Hydraulik komponenten\",\"item\":\"https:\/\/hydroleduc.com\/de\/hydraulikkomponenten\/\"},{\"@type\":\"ListItem\",\"position\":3,\"name\":\"Unsere Mikrohydraulik-L\u00f6sungen\",\"item\":\"https:\/\/hydroleduc.com\/de\/hydraulikkomponenten\/unsere-mikrohydraulik-losungen\/\"},{\"@type\":\"ListItem\",\"position\":4,\"name\":\"PB Serie Mikropumpen\"}]},{\"@type\":\"WebSite\",\"@id\":\"https:\/\/hydroleduc.com\/de\/#website\",\"url\":\"https:\/\/hydroleduc.com\/de\/\",\"name\":\"HYDRO LEDUC\",\"description\":\"Hersteller von Hydraulikkomponenten\",\"publisher\":{\"@id\":\"https:\/\/hydroleduc.com\/de\/#organization\"},\"potentialAction\":[{\"@type\":\"SearchAction\",\"target\":{\"@type\":\"EntryPoint\",\"urlTemplate\":\"https:\/\/hydroleduc.com\/de\/?s={search_term_string}\"},\"query-input\":{\"@type\":\"PropertyValueSpecification\",\"valueRequired\":true,\"valueName\":\"search_term_string\"}}],\"inLanguage\":\"de\"},{\"@type\":\"Organization\",\"@id\":\"https:\/\/hydroleduc.com\/de\/#organization\",\"name\":\"HYDRO LEDUC\",\"url\":\"https:\/\/hydroleduc.com\/de\/\",\"logo\":{\"@type\":\"ImageObject\",\"inLanguage\":\"de\",\"@id\":\"https:\/\/hydroleduc.com\/de\/#\/schema\/logo\/image\/\",\"url\":\"https:\/\/hydroleduc.com\/de\/wp-content\/uploads\/2025\/01\/logo-hydroleduc.png\",\"contentUrl\":\"https:\/\/hydroleduc.com\/de\/wp-content\/uploads\/2025\/01\/logo-hydroleduc.png\",\"width\":366,\"height\":148,\"caption\":\"HYDRO LEDUC\"},\"image\":{\"@id\":\"https:\/\/hydroleduc.com\/de\/#\/schema\/logo\/image\/\"}}]}<\/script>\n<!-- \/ Yoast SEO plugin. -->","yoast_head_json":{"title":"PB Serie Mikropumpen - HYDRO LEDUC","description":"Les micro-pompes s\u00e9rie PB de la technologie \u00e0 pistons en ligne, combinent un encombrement tr\u00e8s compact, des tenues hautes pressions et des rendements \u00e9lev\u00e9s.","robots":{"index":"index","follow":"follow","max-snippet":"max-snippet:-1","max-image-preview":"max-image-preview:large","max-video-preview":"max-video-preview:-1"},"canonical":"https:\/\/hydroleduc.com\/de\/fiches\/micro-pompes-serie-pb\/","og_locale":"de_DE","og_type":"article","og_title":"PB Serie Mikropumpen - HYDRO LEDUC","og_description":"Les micro-pompes s\u00e9rie PB de la technologie \u00e0 pistons en ligne, combinent un encombrement tr\u00e8s compact, des tenues hautes pressions et des rendements \u00e9lev\u00e9s.","og_url":"https:\/\/hydroleduc.com\/de\/fiches\/micro-pompes-serie-pb\/","og_site_name":"HYDRO LEDUC","article_modified_time":"2025-10-17T14:30:08+00:00","og_image":[{"width":768,"height":542,"url":"https:\/\/hydroleduc.com\/de\/wp-content\/uploads\/2025\/01\/hydroleduc-pompe-micro-serie-pb-768x542-1.png","type":"image\/png"}],"twitter_card":"summary_large_image","twitter_misc":{"Gesch\u00e4tzte Lesezeit":"1\u00a0Minute"},"schema":{"@context":"https:\/\/schema.org","@graph":[{"@type":"WebPage","@id":"https:\/\/hydroleduc.com\/de\/fiches\/micro-pompes-serie-pb\/","url":"https:\/\/hydroleduc.com\/de\/fiches\/micro-pompes-serie-pb\/","name":"PB Serie Mikropumpen - HYDRO LEDUC","isPartOf":{"@id":"https:\/\/hydroleduc.com\/de\/#website"},"primaryImageOfPage":{"@id":"https:\/\/hydroleduc.com\/de\/fiches\/micro-pompes-serie-pb\/#primaryimage"},"image":{"@id":"https:\/\/hydroleduc.com\/de\/fiches\/micro-pompes-serie-pb\/#primaryimage"},"thumbnailUrl":"https:\/\/hydroleduc.com\/de\/wp-content\/uploads\/2025\/01\/hydroleduc-pompe-micro-serie-pb-768x542-1.png","datePublished":"2025-01-30T14:01:58+00:00","dateModified":"2025-10-17T14:30:08+00:00","description":"Les micro-pompes s\u00e9rie PB de la technologie \u00e0 pistons en ligne, combinent un encombrement tr\u00e8s compact, des tenues hautes pressions et des rendements \u00e9lev\u00e9s.","breadcrumb":{"@id":"https:\/\/hydroleduc.com\/de\/fiches\/micro-pompes-serie-pb\/#breadcrumb"},"inLanguage":"de","potentialAction":[{"@type":"ReadAction","target":["https:\/\/hydroleduc.com\/de\/fiches\/micro-pompes-serie-pb\/"]}]},{"@type":"ImageObject","inLanguage":"de","@id":"https:\/\/hydroleduc.com\/de\/fiches\/micro-pompes-serie-pb\/#primaryimage","url":"https:\/\/hydroleduc.com\/de\/wp-content\/uploads\/2025\/01\/hydroleduc-pompe-micro-serie-pb-768x542-1.png","contentUrl":"https:\/\/hydroleduc.com\/de\/wp-content\/uploads\/2025\/01\/hydroleduc-pompe-micro-serie-pb-768x542-1.png","width":768,"height":542,"caption":"hydroleduc pompe micro serie pb 768x542 1"},{"@type":"BreadcrumbList","@id":"https:\/\/hydroleduc.com\/de\/fiches\/micro-pompes-serie-pb\/#breadcrumb","itemListElement":[{"@type":"ListItem","position":1,"name":"Startseite","item":"https:\/\/hydroleduc.com\/de\/"},{"@type":"ListItem","position":2,"name":"Hydraulik komponenten","item":"https:\/\/hydroleduc.com\/de\/hydraulikkomponenten\/"},{"@type":"ListItem","position":3,"name":"Unsere Mikrohydraulik-L\u00f6sungen","item":"https:\/\/hydroleduc.com\/de\/hydraulikkomponenten\/unsere-mikrohydraulik-losungen\/"},{"@type":"ListItem","position":4,"name":"PB Serie Mikropumpen"}]},{"@type":"WebSite","@id":"https:\/\/hydroleduc.com\/de\/#website","url":"https:\/\/hydroleduc.com\/de\/","name":"HYDRO LEDUC","description":"Hersteller von Hydraulikkomponenten","publisher":{"@id":"https:\/\/hydroleduc.com\/de\/#organization"},"potentialAction":[{"@type":"SearchAction","target":{"@type":"EntryPoint","urlTemplate":"https:\/\/hydroleduc.com\/de\/?s={search_term_string}"},"query-input":{"@type":"PropertyValueSpecification","valueRequired":true,"valueName":"search_term_string"}}],"inLanguage":"de"},{"@type":"Organization","@id":"https:\/\/hydroleduc.com\/de\/#organization","name":"HYDRO LEDUC","url":"https:\/\/hydroleduc.com\/de\/","logo":{"@type":"ImageObject","inLanguage":"de","@id":"https:\/\/hydroleduc.com\/de\/#\/schema\/logo\/image\/","url":"https:\/\/hydroleduc.com\/de\/wp-content\/uploads\/2025\/01\/logo-hydroleduc.png","contentUrl":"https:\/\/hydroleduc.com\/de\/wp-content\/uploads\/2025\/01\/logo-hydroleduc.png","width":366,"height":148,"caption":"HYDRO LEDUC"},"image":{"@id":"https:\/\/hydroleduc.com\/de\/#\/schema\/logo\/image\/"}}]}},"_links":{"self":[{"href":"https:\/\/hydroleduc.com\/de\/wp-json\/wp\/v2\/product\/1106","targetHints":{"allow":["GET"]}}],"collection":[{"href":"https:\/\/hydroleduc.com\/de\/wp-json\/wp\/v2\/product"}],"about":[{"href":"https:\/\/hydroleduc.com\/de\/wp-json\/wp\/v2\/types\/product"}],"wp:featuredmedia":[{"embeddable":true,"href":"https:\/\/hydroleduc.com\/de\/wp-json\/wp\/v2\/media\/43597"}],"wp:attachment":[{"href":"https:\/\/hydroleduc.com\/de\/wp-json\/wp\/v2\/media?parent=1106"}],"wp:term":[{"taxonomy":"product_brand","embeddable":true,"href":"https:\/\/hydroleduc.com\/de\/wp-json\/wp\/v2\/product_brand?post=1106"},{"taxonomy":"product_cat","embeddable":true,"href":"https:\/\/hydroleduc.com\/de\/wp-json\/wp\/v2\/product_cat?post=1106"},{"taxonomy":"product_tag","embeddable":true,"href":"https:\/\/hydroleduc.com\/de\/wp-json\/wp\/v2\/product_tag?post=1106"}],"curies":[{"name":"wp","href":"https:\/\/api.w.org\/{rel}","templated":true}]}}