{"id":1108,"date":"2025-01-30T15:04:13","date_gmt":"2025-01-30T14:04:13","guid":{"rendered":"https:\/\/hydroleduc.com\/de\/?post_type=product&#038;p=1108"},"modified":"2025-10-17T16:19:34","modified_gmt":"2025-10-17T14:19:34","slug":"xpi-pumpe-serie","status":"publish","type":"product","link":"https:\/\/hydroleduc.com\/de\/fiches\/xpi-pumpe-serie\/","title":{"rendered":"XPi Pumpe Serie"},"content":{"rendered":"<p>Produktbeschreibung :<\/p>\n<p>Die XPi Kolbenpumpen sind speziell f\u00fcr die Anforderungen von LKW-Ausr\u00fcstungen ausgelegt. Dank ihrer kompakten Bauweise k\u00f6nnen sie direkt an den Nebenantrieb angeflanscht werden. Alle Modelle besitzen 7 Kolben, die f\u00fcr eine optimale Str\u00f6mungsgleichm\u00e4\u00dfigkeit ausgelegt sind und k\u00f6nnen einen Dauerbetriebsdruck von 380 bar bis zu 420 bar (Spitzendruck) standhalten. Diese bidirektionalen Pumpen erfordern keinen Eingriff zur \u00c4nderung der Drehrichtung (einfache Umsetzung des Sauganschlusses). XPi Pumpen sind mit einem F\u00f6rdervolumen von 12 bis 130 ccm\/U. erh\u00e4ltlich und bieten das gr\u00f6\u00dfte Sortiment an LKW-Pumpen mit konstantem F\u00f6rdervolumen. Passende Ansaugstutzen z\u00e4hlen zum Lieferumfang einer jeden Pumpe.<\/p>\n<ul>\n<li>Flansch nach DIN ISO14 (DIN 5462) ;<\/li>\n<li>Modelle von 12 bis 130 ccm\/U ;<\/li>\n<li>380 bar Dauerbetrieb, und 420 bar Spitzendruck ;<\/li>\n<li>Drehzahlspektrum von 1750 bis 3150 U\/min ;<\/li>\n<li>Kompaktheit, die auch eine Montage bei sehr begrenztem Platzangebot erm\u00f6glicht (PTO) ;<\/li>\n<li>Automatische \u201eIndexierung\/Umstellung\u201c der Drehrichtung ;<\/li>\n<li>Einfache Installation und Inbetriebnahme ;<\/li>\n<li>Geeignet f\u00fcr Motor-Nebenantriebe (mit Bypass-Ventil).<\/li>\n<\/ul>\n<p>Anwendungsbereiche\u00a0:<\/p>\n<ul>\n<li>LKW-Ausr\u00fcstung (Beispiele: LKW-Kr\u00e4ne, Forstkr\u00e4ne, Hakenlift ;<\/li>\n<li>Mehrfachsch\u00fcttungen, Stabilisierungszylinder) ;<\/li>\n<li>Winterausr\u00fcstung (Beispiele: Streuer, Schneeschaufeln, Turbinen) ;<\/li>\n<li>Feuerwehrfahrzeuge ;<\/li>\n<li>Milit\u00e4r.<\/li>\n<\/ul>\n","protected":false},"excerpt":{"rendered":"<p><i class=\"fa-solid fa-file\"><\/i><a href=\"https:\/\/qrco.de\/PUMPEN-FUR-LKW\" target=\"_blank\" rel=\"noopener\">\u00a0Axialkolbenpumpen f\u00fcr LKW<\/a><\/p>\n","protected":false},"featured_media":2979,"template":"","meta":[],"product_brand":[],"product_cat":[46,26,50],"product_tag":[],"class_list":{"0":"post-1108","1":"product","2":"type-product","3":"status-publish","4":"has-post-thumbnail","6":"product_cat-hydraulikpumpen","7":"product_cat-nutzfahrzeughydraulik","8":"product_cat-pumpen-mit-konstanter-fordermenge","10":"first","11":"instock","12":"shipping-taxable","13":"product-type-simple"},"yoast_head":"<!-- This site is optimized with the Yoast SEO plugin v27.2 - https:\/\/yoast.com\/product\/yoast-seo-wordpress\/ -->\n<title>XPi Pumpe Serie - HYDRO LEDUC<\/title>\n<meta name=\"description\" content=\"Les pompes hydrauliques \u00e0 cylindr\u00e9e fixe d&#039;Hydro Leduc sont con\u00e7ues pour r\u00e9pondre aux besoins des \u00e9quipements des camions.\" \/>\n<meta name=\"robots\" content=\"index, follow, max-snippet:-1, max-image-preview:large, max-video-preview:-1\" \/>\n<link rel=\"canonical\" href=\"https:\/\/hydroleduc.com\/de\/fiches\/xpi-pumpe-serie\/\" \/>\n<meta property=\"og:locale\" content=\"de_DE\" \/>\n<meta property=\"og:type\" content=\"article\" \/>\n<meta property=\"og:title\" content=\"XPi Pumpe Serie - HYDRO LEDUC\" \/>\n<meta property=\"og:description\" content=\"Les pompes hydrauliques \u00e0 cylindr\u00e9e fixe d&#039;Hydro Leduc sont con\u00e7ues pour r\u00e9pondre aux besoins des \u00e9quipements des camions.\" \/>\n<meta property=\"og:url\" content=\"https:\/\/hydroleduc.com\/de\/fiches\/xpi-pumpe-serie\/\" \/>\n<meta property=\"og:site_name\" content=\"HYDRO LEDUC\" \/>\n<meta property=\"article:modified_time\" content=\"2025-10-17T14:19:34+00:00\" \/>\n<meta property=\"og:image\" content=\"https:\/\/hydroleduc.com\/de\/wp-content\/uploads\/2019\/02\/hydroleduc_pompe_XPI-1.png\" \/>\n\t<meta property=\"og:image:width\" content=\"1709\" \/>\n\t<meta property=\"og:image:height\" content=\"1595\" \/>\n\t<meta property=\"og:image:type\" content=\"image\/png\" \/>\n<meta name=\"twitter:card\" content=\"summary_large_image\" \/>\n<meta name=\"twitter:label1\" content=\"Gesch\u00e4tzte Lesezeit\" \/>\n\t<meta name=\"twitter:data1\" content=\"2\u00a0Minuten\" \/>\n<script type=\"application\/ld+json\" class=\"yoast-schema-graph\">{\"@context\":\"https:\/\/schema.org\",\"@graph\":[{\"@type\":\"WebPage\",\"@id\":\"https:\/\/hydroleduc.com\/de\/fiches\/xpi-pumpe-serie\/\",\"url\":\"https:\/\/hydroleduc.com\/de\/fiches\/xpi-pumpe-serie\/\",\"name\":\"XPi Pumpe Serie - HYDRO LEDUC\",\"isPartOf\":{\"@id\":\"https:\/\/hydroleduc.com\/de\/#website\"},\"primaryImageOfPage\":{\"@id\":\"https:\/\/hydroleduc.com\/de\/fiches\/xpi-pumpe-serie\/#primaryimage\"},\"image\":{\"@id\":\"https:\/\/hydroleduc.com\/de\/fiches\/xpi-pumpe-serie\/#primaryimage\"},\"thumbnailUrl\":\"https:\/\/hydroleduc.com\/de\/wp-content\/uploads\/2019\/02\/hydroleduc_pompe_XPI-1.png\",\"datePublished\":\"2025-01-30T14:04:13+00:00\",\"dateModified\":\"2025-10-17T14:19:34+00:00\",\"description\":\"Les pompes hydrauliques \u00e0 cylindr\u00e9e fixe d'Hydro Leduc sont con\u00e7ues pour r\u00e9pondre aux besoins des \u00e9quipements des camions.\",\"breadcrumb\":{\"@id\":\"https:\/\/hydroleduc.com\/de\/fiches\/xpi-pumpe-serie\/#breadcrumb\"},\"inLanguage\":\"de\",\"potentialAction\":[{\"@type\":\"ReadAction\",\"target\":[\"https:\/\/hydroleduc.com\/de\/fiches\/xpi-pumpe-serie\/\"]}]},{\"@type\":\"ImageObject\",\"inLanguage\":\"de\",\"@id\":\"https:\/\/hydroleduc.com\/de\/fiches\/xpi-pumpe-serie\/#primaryimage\",\"url\":\"https:\/\/hydroleduc.com\/de\/wp-content\/uploads\/2019\/02\/hydroleduc_pompe_XPI-1.png\",\"contentUrl\":\"https:\/\/hydroleduc.com\/de\/wp-content\/uploads\/2019\/02\/hydroleduc_pompe_XPI-1.png\",\"width\":1709,\"height\":1595,\"caption\":\"hydroleduc pompe XPI 1\"},{\"@type\":\"BreadcrumbList\",\"@id\":\"https:\/\/hydroleduc.com\/de\/fiches\/xpi-pumpe-serie\/#breadcrumb\",\"itemListElement\":[{\"@type\":\"ListItem\",\"position\":1,\"name\":\"Startseite\",\"item\":\"https:\/\/hydroleduc.com\/de\/\"},{\"@type\":\"ListItem\",\"position\":2,\"name\":\"Hydraulik komponenten\",\"item\":\"https:\/\/hydroleduc.com\/de\/hydraulikkomponenten\/\"},{\"@type\":\"ListItem\",\"position\":3,\"name\":\"Hydraulikpumpen\",\"item\":\"https:\/\/hydroleduc.com\/de\/hydraulikkomponenten\/hydraulikpumpen\/\"},{\"@type\":\"ListItem\",\"position\":4,\"name\":\"Pumpen mit Konstanter F\u00f6rdermenge\",\"item\":\"https:\/\/hydroleduc.com\/de\/hydraulikkomponenten\/hydraulikpumpen\/pumpen-mit-konstanter-fordermenge\/\"},{\"@type\":\"ListItem\",\"position\":5,\"name\":\"XPi Pumpe Serie\"}]},{\"@type\":\"WebSite\",\"@id\":\"https:\/\/hydroleduc.com\/de\/#website\",\"url\":\"https:\/\/hydroleduc.com\/de\/\",\"name\":\"HYDRO LEDUC\",\"description\":\"Hersteller von Hydraulikkomponenten\",\"publisher\":{\"@id\":\"https:\/\/hydroleduc.com\/de\/#organization\"},\"potentialAction\":[{\"@type\":\"SearchAction\",\"target\":{\"@type\":\"EntryPoint\",\"urlTemplate\":\"https:\/\/hydroleduc.com\/de\/?s={search_term_string}\"},\"query-input\":{\"@type\":\"PropertyValueSpecification\",\"valueRequired\":true,\"valueName\":\"search_term_string\"}}],\"inLanguage\":\"de\"},{\"@type\":\"Organization\",\"@id\":\"https:\/\/hydroleduc.com\/de\/#organization\",\"name\":\"HYDRO LEDUC\",\"url\":\"https:\/\/hydroleduc.com\/de\/\",\"logo\":{\"@type\":\"ImageObject\",\"inLanguage\":\"de\",\"@id\":\"https:\/\/hydroleduc.com\/de\/#\/schema\/logo\/image\/\",\"url\":\"https:\/\/hydroleduc.com\/de\/wp-content\/uploads\/2025\/01\/logo-hydroleduc.png\",\"contentUrl\":\"https:\/\/hydroleduc.com\/de\/wp-content\/uploads\/2025\/01\/logo-hydroleduc.png\",\"width\":366,\"height\":148,\"caption\":\"HYDRO LEDUC\"},\"image\":{\"@id\":\"https:\/\/hydroleduc.com\/de\/#\/schema\/logo\/image\/\"}}]}<\/script>\n<!-- \/ Yoast SEO plugin. -->","yoast_head_json":{"title":"XPi Pumpe Serie - HYDRO LEDUC","description":"Les pompes hydrauliques \u00e0 cylindr\u00e9e fixe d'Hydro Leduc sont con\u00e7ues pour r\u00e9pondre aux besoins des \u00e9quipements des camions.","robots":{"index":"index","follow":"follow","max-snippet":"max-snippet:-1","max-image-preview":"max-image-preview:large","max-video-preview":"max-video-preview:-1"},"canonical":"https:\/\/hydroleduc.com\/de\/fiches\/xpi-pumpe-serie\/","og_locale":"de_DE","og_type":"article","og_title":"XPi Pumpe Serie - HYDRO LEDUC","og_description":"Les pompes hydrauliques \u00e0 cylindr\u00e9e fixe d'Hydro Leduc sont con\u00e7ues pour r\u00e9pondre aux besoins des \u00e9quipements des camions.","og_url":"https:\/\/hydroleduc.com\/de\/fiches\/xpi-pumpe-serie\/","og_site_name":"HYDRO LEDUC","article_modified_time":"2025-10-17T14:19:34+00:00","og_image":[{"width":1709,"height":1595,"url":"https:\/\/hydroleduc.com\/de\/wp-content\/uploads\/2019\/02\/hydroleduc_pompe_XPI-1.png","type":"image\/png"}],"twitter_card":"summary_large_image","twitter_misc":{"Gesch\u00e4tzte Lesezeit":"2\u00a0Minuten"},"schema":{"@context":"https:\/\/schema.org","@graph":[{"@type":"WebPage","@id":"https:\/\/hydroleduc.com\/de\/fiches\/xpi-pumpe-serie\/","url":"https:\/\/hydroleduc.com\/de\/fiches\/xpi-pumpe-serie\/","name":"XPi Pumpe Serie - HYDRO LEDUC","isPartOf":{"@id":"https:\/\/hydroleduc.com\/de\/#website"},"primaryImageOfPage":{"@id":"https:\/\/hydroleduc.com\/de\/fiches\/xpi-pumpe-serie\/#primaryimage"},"image":{"@id":"https:\/\/hydroleduc.com\/de\/fiches\/xpi-pumpe-serie\/#primaryimage"},"thumbnailUrl":"https:\/\/hydroleduc.com\/de\/wp-content\/uploads\/2019\/02\/hydroleduc_pompe_XPI-1.png","datePublished":"2025-01-30T14:04:13+00:00","dateModified":"2025-10-17T14:19:34+00:00","description":"Les pompes hydrauliques \u00e0 cylindr\u00e9e fixe d'Hydro Leduc sont con\u00e7ues pour r\u00e9pondre aux besoins des \u00e9quipements des camions.","breadcrumb":{"@id":"https:\/\/hydroleduc.com\/de\/fiches\/xpi-pumpe-serie\/#breadcrumb"},"inLanguage":"de","potentialAction":[{"@type":"ReadAction","target":["https:\/\/hydroleduc.com\/de\/fiches\/xpi-pumpe-serie\/"]}]},{"@type":"ImageObject","inLanguage":"de","@id":"https:\/\/hydroleduc.com\/de\/fiches\/xpi-pumpe-serie\/#primaryimage","url":"https:\/\/hydroleduc.com\/de\/wp-content\/uploads\/2019\/02\/hydroleduc_pompe_XPI-1.png","contentUrl":"https:\/\/hydroleduc.com\/de\/wp-content\/uploads\/2019\/02\/hydroleduc_pompe_XPI-1.png","width":1709,"height":1595,"caption":"hydroleduc pompe XPI 1"},{"@type":"BreadcrumbList","@id":"https:\/\/hydroleduc.com\/de\/fiches\/xpi-pumpe-serie\/#breadcrumb","itemListElement":[{"@type":"ListItem","position":1,"name":"Startseite","item":"https:\/\/hydroleduc.com\/de\/"},{"@type":"ListItem","position":2,"name":"Hydraulik komponenten","item":"https:\/\/hydroleduc.com\/de\/hydraulikkomponenten\/"},{"@type":"ListItem","position":3,"name":"Hydraulikpumpen","item":"https:\/\/hydroleduc.com\/de\/hydraulikkomponenten\/hydraulikpumpen\/"},{"@type":"ListItem","position":4,"name":"Pumpen mit Konstanter F\u00f6rdermenge","item":"https:\/\/hydroleduc.com\/de\/hydraulikkomponenten\/hydraulikpumpen\/pumpen-mit-konstanter-fordermenge\/"},{"@type":"ListItem","position":5,"name":"XPi Pumpe Serie"}]},{"@type":"WebSite","@id":"https:\/\/hydroleduc.com\/de\/#website","url":"https:\/\/hydroleduc.com\/de\/","name":"HYDRO LEDUC","description":"Hersteller von Hydraulikkomponenten","publisher":{"@id":"https:\/\/hydroleduc.com\/de\/#organization"},"potentialAction":[{"@type":"SearchAction","target":{"@type":"EntryPoint","urlTemplate":"https:\/\/hydroleduc.com\/de\/?s={search_term_string}"},"query-input":{"@type":"PropertyValueSpecification","valueRequired":true,"valueName":"search_term_string"}}],"inLanguage":"de"},{"@type":"Organization","@id":"https:\/\/hydroleduc.com\/de\/#organization","name":"HYDRO LEDUC","url":"https:\/\/hydroleduc.com\/de\/","logo":{"@type":"ImageObject","inLanguage":"de","@id":"https:\/\/hydroleduc.com\/de\/#\/schema\/logo\/image\/","url":"https:\/\/hydroleduc.com\/de\/wp-content\/uploads\/2025\/01\/logo-hydroleduc.png","contentUrl":"https:\/\/hydroleduc.com\/de\/wp-content\/uploads\/2025\/01\/logo-hydroleduc.png","width":366,"height":148,"caption":"HYDRO LEDUC"},"image":{"@id":"https:\/\/hydroleduc.com\/de\/#\/schema\/logo\/image\/"}}]}},"_links":{"self":[{"href":"https:\/\/hydroleduc.com\/de\/wp-json\/wp\/v2\/product\/1108","targetHints":{"allow":["GET"]}}],"collection":[{"href":"https:\/\/hydroleduc.com\/de\/wp-json\/wp\/v2\/product"}],"about":[{"href":"https:\/\/hydroleduc.com\/de\/wp-json\/wp\/v2\/types\/product"}],"wp:featuredmedia":[{"embeddable":true,"href":"https:\/\/hydroleduc.com\/de\/wp-json\/wp\/v2\/media\/2979"}],"wp:attachment":[{"href":"https:\/\/hydroleduc.com\/de\/wp-json\/wp\/v2\/media?parent=1108"}],"wp:term":[{"taxonomy":"product_brand","embeddable":true,"href":"https:\/\/hydroleduc.com\/de\/wp-json\/wp\/v2\/product_brand?post=1108"},{"taxonomy":"product_cat","embeddable":true,"href":"https:\/\/hydroleduc.com\/de\/wp-json\/wp\/v2\/product_cat?post=1108"},{"taxonomy":"product_tag","embeddable":true,"href":"https:\/\/hydroleduc.com\/de\/wp-json\/wp\/v2\/product_tag?post=1108"}],"curies":[{"name":"wp","href":"https:\/\/api.w.org\/{rel}","templated":true}]}}