{"id":1109,"date":"2025-01-30T15:05:08","date_gmt":"2025-01-30T14:05:08","guid":{"rendered":"https:\/\/hydroleduc.com\/de\/?post_type=product&#038;p=1109"},"modified":"2025-10-17T16:22:47","modified_gmt":"2025-10-17T14:22:47","slug":"m-motor-serie-iso","status":"publish","type":"product","link":"https:\/\/hydroleduc.com\/de\/fiches\/m-motor-serie-iso\/","title":{"rendered":"M motor Serie (ISO)"},"content":{"rendered":"<p>Produktbeschreibung :<\/p>\n<p>Hydraulikmotore sind in einer 40\u00b0-Schr\u00e4gachsenversion ausgef\u00fchrt und somit optimal bez\u00fcglich des Leistungs- und Baugr\u00f6\u00dfenverh\u00e4ltnisses. Die M-Serien-Motorenbaureihe wurde entwickelt f\u00fcr station\u00e4re und mobile Anwendungen und kann in offenen und geschlossenen Hydrauliksystemen eingesetzt werden. Der max. Dauerdruck der Motore betr\u00e4gt 400 bar und 450 bar als Spitzendruck. Die maximalen Motordrehzahlen liegen, je nach Baugr\u00f6\u00dfe, zwischen 3.400 und 8.000 U\/min. Die M-Motoren sind mit Zahnwelle und mit zylindrischer Welle mit Passfeder erh\u00e4ltlich. Die hydraulischen Anschl\u00fcsse sind ebenfalls in unterschiedlichen Ausf\u00fchrungen erh\u00e4ltlich.<\/p>\n<p>Merkmale und Vorteile\u00a0:<\/p>\n<ul>\n<li>Hoher Wirkungsgrad,<\/li>\n<li>Schluckvolumen 5ccm\/U. mit CETOP-Flansch,<\/li>\n<li>Schluckvolumen von 10 bis 180 ccm\/U. nach ISO,<\/li>\n<li>Zul\u00e4ssige Dauerdrehzahl bis zu 8000 U\/min. (Modellabh\u00e4ngig),<\/li>\n<li>Zul\u00e4ssiger Dauerdruck 400 bar \/ Spitzendruck 450 bar,<\/li>\n<li>Drehzahl-und Drehrichtungssensoren, sowie Sp\u00fclventile sind optional erh\u00e4ltlich.<\/li>\n<\/ul>\n<p>Anwendungsbereiche\u00a0:<\/p>\n<ul>\n<li>Anwendung im der Industrie, Getriebeanwendungen,Verdichtungstechnik, etc.,<\/li>\n<li>L\u00fcfterantriebe,<\/li>\n<li>Forstmaschinen (M\u00e4hmaschinen, H\u00e4cksler, etc.),<\/li>\n<li>Landwirtschaftliche Maschinen,<\/li>\n<li>Schwerlast-Winden,<\/li>\n<li>Bergbaumaschinen,<\/li>\n<li>Kommunalger\u00e4te (Bohrger\u00e4te, Kehrmaschinen, Streuer, etc.).Abmessungen und Konfigurator finden Sie im M-Motorkatalog.<\/li>\n<\/ul>\n","protected":false},"excerpt":{"rendered":"<p><a href=\"https:\/\/qrco.de\/KONSTANTMOTOREN\">Hydraulikmotore mit konstantes schluckvolumen<\/a><\/p>\n","protected":false},"featured_media":3193,"template":"","meta":[],"product_brand":[],"product_cat":[27,47,30,55,32],"product_tag":[],"class_list":{"0":"post-1109","1":"product","2":"type-product","3":"status-publish","4":"has-post-thumbnail","6":"product_cat-baumaschinen","7":"product_cat-hydraulikmotoren","8":"product_cat-landwirtschaftliche-maschinen","9":"product_cat-motoren-mit-konstanter-fordermenge","10":"product_cat-schiffsmotoren","12":"first","13":"instock","14":"shipping-taxable","15":"product-type-simple"},"yoast_head":"<!-- This site is optimized with the Yoast SEO plugin v27.2 - https:\/\/yoast.com\/product\/yoast-seo-wordpress\/ -->\n<title>M motor Serie (ISO) - HYDRO LEDUC<\/title>\n<meta name=\"description\" content=\"Les moteurs hydrauliques \u00e0 pistons sph\u00e9riques d&#039;Hydro Leduc sont con\u00e7us pour des applications fixes et mobiles.\" \/>\n<meta name=\"robots\" content=\"index, follow, max-snippet:-1, max-image-preview:large, max-video-preview:-1\" \/>\n<link rel=\"canonical\" href=\"https:\/\/hydroleduc.com\/de\/fiches\/m-motor-serie-iso\/\" \/>\n<meta property=\"og:locale\" content=\"de_DE\" \/>\n<meta property=\"og:type\" content=\"article\" \/>\n<meta property=\"og:title\" content=\"M motor Serie (ISO) - HYDRO LEDUC\" \/>\n<meta property=\"og:description\" content=\"Les moteurs hydrauliques \u00e0 pistons sph\u00e9riques d&#039;Hydro Leduc sont con\u00e7us pour des applications fixes et mobiles.\" \/>\n<meta property=\"og:url\" content=\"https:\/\/hydroleduc.com\/de\/fiches\/m-motor-serie-iso\/\" \/>\n<meta property=\"og:site_name\" content=\"HYDRO LEDUC\" \/>\n<meta property=\"article:modified_time\" content=\"2025-10-17T14:22:47+00:00\" \/>\n<meta property=\"og:image\" content=\"https:\/\/hydroleduc.com\/de\/wp-content\/uploads\/2019\/02\/hydroleduc_moteur_m-1.png\" \/>\n\t<meta property=\"og:image:width\" content=\"2560\" \/>\n\t<meta property=\"og:image:height\" content=\"2581\" \/>\n\t<meta property=\"og:image:type\" content=\"image\/png\" \/>\n<meta name=\"twitter:card\" content=\"summary_large_image\" \/>\n<meta name=\"twitter:label1\" content=\"Gesch\u00e4tzte Lesezeit\" \/>\n\t<meta name=\"twitter:data1\" content=\"2\u00a0Minuten\" \/>\n<script type=\"application\/ld+json\" class=\"yoast-schema-graph\">{\"@context\":\"https:\/\/schema.org\",\"@graph\":[{\"@type\":\"WebPage\",\"@id\":\"https:\/\/hydroleduc.com\/de\/fiches\/m-motor-serie-iso\/\",\"url\":\"https:\/\/hydroleduc.com\/de\/fiches\/m-motor-serie-iso\/\",\"name\":\"M motor Serie (ISO) - HYDRO LEDUC\",\"isPartOf\":{\"@id\":\"https:\/\/hydroleduc.com\/de\/#website\"},\"primaryImageOfPage\":{\"@id\":\"https:\/\/hydroleduc.com\/de\/fiches\/m-motor-serie-iso\/#primaryimage\"},\"image\":{\"@id\":\"https:\/\/hydroleduc.com\/de\/fiches\/m-motor-serie-iso\/#primaryimage\"},\"thumbnailUrl\":\"https:\/\/hydroleduc.com\/de\/wp-content\/uploads\/2019\/02\/hydroleduc_moteur_m-1.png\",\"datePublished\":\"2025-01-30T14:05:08+00:00\",\"dateModified\":\"2025-10-17T14:22:47+00:00\",\"description\":\"Les moteurs hydrauliques \u00e0 pistons sph\u00e9riques d'Hydro Leduc sont con\u00e7us pour des applications fixes et mobiles.\",\"breadcrumb\":{\"@id\":\"https:\/\/hydroleduc.com\/de\/fiches\/m-motor-serie-iso\/#breadcrumb\"},\"inLanguage\":\"de\",\"potentialAction\":[{\"@type\":\"ReadAction\",\"target\":[\"https:\/\/hydroleduc.com\/de\/fiches\/m-motor-serie-iso\/\"]}]},{\"@type\":\"ImageObject\",\"inLanguage\":\"de\",\"@id\":\"https:\/\/hydroleduc.com\/de\/fiches\/m-motor-serie-iso\/#primaryimage\",\"url\":\"https:\/\/hydroleduc.com\/de\/wp-content\/uploads\/2019\/02\/hydroleduc_moteur_m-1.png\",\"contentUrl\":\"https:\/\/hydroleduc.com\/de\/wp-content\/uploads\/2019\/02\/hydroleduc_moteur_m-1.png\",\"width\":2560,\"height\":2581,\"caption\":\"hydroleduc moteur m 1\"},{\"@type\":\"BreadcrumbList\",\"@id\":\"https:\/\/hydroleduc.com\/de\/fiches\/m-motor-serie-iso\/#breadcrumb\",\"itemListElement\":[{\"@type\":\"ListItem\",\"position\":1,\"name\":\"Startseite\",\"item\":\"https:\/\/hydroleduc.com\/de\/\"},{\"@type\":\"ListItem\",\"position\":2,\"name\":\"Hydraulik komponenten\",\"item\":\"https:\/\/hydroleduc.com\/de\/hydraulikkomponenten\/\"},{\"@type\":\"ListItem\",\"position\":3,\"name\":\"Hydraulikmotoren\",\"item\":\"https:\/\/hydroleduc.com\/de\/hydraulikkomponenten\/hydraulikmotoren\/\"},{\"@type\":\"ListItem\",\"position\":4,\"name\":\"Motoren mit Konstanter F\u00f6rdermenge\",\"item\":\"https:\/\/hydroleduc.com\/de\/hydraulikkomponenten\/hydraulikmotoren\/motoren-mit-konstanter-fordermenge\/\"},{\"@type\":\"ListItem\",\"position\":5,\"name\":\"M motor Serie (ISO)\"}]},{\"@type\":\"WebSite\",\"@id\":\"https:\/\/hydroleduc.com\/de\/#website\",\"url\":\"https:\/\/hydroleduc.com\/de\/\",\"name\":\"HYDRO LEDUC\",\"description\":\"Hersteller von Hydraulikkomponenten\",\"publisher\":{\"@id\":\"https:\/\/hydroleduc.com\/de\/#organization\"},\"potentialAction\":[{\"@type\":\"SearchAction\",\"target\":{\"@type\":\"EntryPoint\",\"urlTemplate\":\"https:\/\/hydroleduc.com\/de\/?s={search_term_string}\"},\"query-input\":{\"@type\":\"PropertyValueSpecification\",\"valueRequired\":true,\"valueName\":\"search_term_string\"}}],\"inLanguage\":\"de\"},{\"@type\":\"Organization\",\"@id\":\"https:\/\/hydroleduc.com\/de\/#organization\",\"name\":\"HYDRO LEDUC\",\"url\":\"https:\/\/hydroleduc.com\/de\/\",\"logo\":{\"@type\":\"ImageObject\",\"inLanguage\":\"de\",\"@id\":\"https:\/\/hydroleduc.com\/de\/#\/schema\/logo\/image\/\",\"url\":\"https:\/\/hydroleduc.com\/de\/wp-content\/uploads\/2025\/01\/logo-hydroleduc.png\",\"contentUrl\":\"https:\/\/hydroleduc.com\/de\/wp-content\/uploads\/2025\/01\/logo-hydroleduc.png\",\"width\":366,\"height\":148,\"caption\":\"HYDRO LEDUC\"},\"image\":{\"@id\":\"https:\/\/hydroleduc.com\/de\/#\/schema\/logo\/image\/\"}}]}<\/script>\n<!-- \/ Yoast SEO plugin. -->","yoast_head_json":{"title":"M motor Serie (ISO) - HYDRO LEDUC","description":"Les moteurs hydrauliques \u00e0 pistons sph\u00e9riques d'Hydro Leduc sont con\u00e7us pour des applications fixes et mobiles.","robots":{"index":"index","follow":"follow","max-snippet":"max-snippet:-1","max-image-preview":"max-image-preview:large","max-video-preview":"max-video-preview:-1"},"canonical":"https:\/\/hydroleduc.com\/de\/fiches\/m-motor-serie-iso\/","og_locale":"de_DE","og_type":"article","og_title":"M motor Serie (ISO) - HYDRO LEDUC","og_description":"Les moteurs hydrauliques \u00e0 pistons sph\u00e9riques d'Hydro Leduc sont con\u00e7us pour des applications fixes et mobiles.","og_url":"https:\/\/hydroleduc.com\/de\/fiches\/m-motor-serie-iso\/","og_site_name":"HYDRO LEDUC","article_modified_time":"2025-10-17T14:22:47+00:00","og_image":[{"width":2560,"height":2581,"url":"https:\/\/hydroleduc.com\/de\/wp-content\/uploads\/2019\/02\/hydroleduc_moteur_m-1.png","type":"image\/png"}],"twitter_card":"summary_large_image","twitter_misc":{"Gesch\u00e4tzte Lesezeit":"2\u00a0Minuten"},"schema":{"@context":"https:\/\/schema.org","@graph":[{"@type":"WebPage","@id":"https:\/\/hydroleduc.com\/de\/fiches\/m-motor-serie-iso\/","url":"https:\/\/hydroleduc.com\/de\/fiches\/m-motor-serie-iso\/","name":"M motor Serie (ISO) - HYDRO LEDUC","isPartOf":{"@id":"https:\/\/hydroleduc.com\/de\/#website"},"primaryImageOfPage":{"@id":"https:\/\/hydroleduc.com\/de\/fiches\/m-motor-serie-iso\/#primaryimage"},"image":{"@id":"https:\/\/hydroleduc.com\/de\/fiches\/m-motor-serie-iso\/#primaryimage"},"thumbnailUrl":"https:\/\/hydroleduc.com\/de\/wp-content\/uploads\/2019\/02\/hydroleduc_moteur_m-1.png","datePublished":"2025-01-30T14:05:08+00:00","dateModified":"2025-10-17T14:22:47+00:00","description":"Les moteurs hydrauliques \u00e0 pistons sph\u00e9riques d'Hydro Leduc sont con\u00e7us pour des applications fixes et mobiles.","breadcrumb":{"@id":"https:\/\/hydroleduc.com\/de\/fiches\/m-motor-serie-iso\/#breadcrumb"},"inLanguage":"de","potentialAction":[{"@type":"ReadAction","target":["https:\/\/hydroleduc.com\/de\/fiches\/m-motor-serie-iso\/"]}]},{"@type":"ImageObject","inLanguage":"de","@id":"https:\/\/hydroleduc.com\/de\/fiches\/m-motor-serie-iso\/#primaryimage","url":"https:\/\/hydroleduc.com\/de\/wp-content\/uploads\/2019\/02\/hydroleduc_moteur_m-1.png","contentUrl":"https:\/\/hydroleduc.com\/de\/wp-content\/uploads\/2019\/02\/hydroleduc_moteur_m-1.png","width":2560,"height":2581,"caption":"hydroleduc moteur m 1"},{"@type":"BreadcrumbList","@id":"https:\/\/hydroleduc.com\/de\/fiches\/m-motor-serie-iso\/#breadcrumb","itemListElement":[{"@type":"ListItem","position":1,"name":"Startseite","item":"https:\/\/hydroleduc.com\/de\/"},{"@type":"ListItem","position":2,"name":"Hydraulik komponenten","item":"https:\/\/hydroleduc.com\/de\/hydraulikkomponenten\/"},{"@type":"ListItem","position":3,"name":"Hydraulikmotoren","item":"https:\/\/hydroleduc.com\/de\/hydraulikkomponenten\/hydraulikmotoren\/"},{"@type":"ListItem","position":4,"name":"Motoren mit Konstanter F\u00f6rdermenge","item":"https:\/\/hydroleduc.com\/de\/hydraulikkomponenten\/hydraulikmotoren\/motoren-mit-konstanter-fordermenge\/"},{"@type":"ListItem","position":5,"name":"M motor Serie (ISO)"}]},{"@type":"WebSite","@id":"https:\/\/hydroleduc.com\/de\/#website","url":"https:\/\/hydroleduc.com\/de\/","name":"HYDRO LEDUC","description":"Hersteller von Hydraulikkomponenten","publisher":{"@id":"https:\/\/hydroleduc.com\/de\/#organization"},"potentialAction":[{"@type":"SearchAction","target":{"@type":"EntryPoint","urlTemplate":"https:\/\/hydroleduc.com\/de\/?s={search_term_string}"},"query-input":{"@type":"PropertyValueSpecification","valueRequired":true,"valueName":"search_term_string"}}],"inLanguage":"de"},{"@type":"Organization","@id":"https:\/\/hydroleduc.com\/de\/#organization","name":"HYDRO LEDUC","url":"https:\/\/hydroleduc.com\/de\/","logo":{"@type":"ImageObject","inLanguage":"de","@id":"https:\/\/hydroleduc.com\/de\/#\/schema\/logo\/image\/","url":"https:\/\/hydroleduc.com\/de\/wp-content\/uploads\/2025\/01\/logo-hydroleduc.png","contentUrl":"https:\/\/hydroleduc.com\/de\/wp-content\/uploads\/2025\/01\/logo-hydroleduc.png","width":366,"height":148,"caption":"HYDRO LEDUC"},"image":{"@id":"https:\/\/hydroleduc.com\/de\/#\/schema\/logo\/image\/"}}]}},"_links":{"self":[{"href":"https:\/\/hydroleduc.com\/de\/wp-json\/wp\/v2\/product\/1109","targetHints":{"allow":["GET"]}}],"collection":[{"href":"https:\/\/hydroleduc.com\/de\/wp-json\/wp\/v2\/product"}],"about":[{"href":"https:\/\/hydroleduc.com\/de\/wp-json\/wp\/v2\/types\/product"}],"wp:featuredmedia":[{"embeddable":true,"href":"https:\/\/hydroleduc.com\/de\/wp-json\/wp\/v2\/media\/3193"}],"wp:attachment":[{"href":"https:\/\/hydroleduc.com\/de\/wp-json\/wp\/v2\/media?parent=1109"}],"wp:term":[{"taxonomy":"product_brand","embeddable":true,"href":"https:\/\/hydroleduc.com\/de\/wp-json\/wp\/v2\/product_brand?post=1109"},{"taxonomy":"product_cat","embeddable":true,"href":"https:\/\/hydroleduc.com\/de\/wp-json\/wp\/v2\/product_cat?post=1109"},{"taxonomy":"product_tag","embeddable":true,"href":"https:\/\/hydroleduc.com\/de\/wp-json\/wp\/v2\/product_tag?post=1109"}],"curies":[{"name":"wp","href":"https:\/\/api.w.org\/{rel}","templated":true}]}}