{"id":1110,"date":"2025-01-30T15:06:08","date_gmt":"2025-01-30T14:06:08","guid":{"rendered":"https:\/\/hydroleduc.com\/de\/?post_type=product&#038;p=1110"},"modified":"2025-10-17T16:22:57","modified_gmt":"2025-10-17T14:22:57","slug":"ma-series-sae","status":"publish","type":"product","link":"https:\/\/hydroleduc.com\/de\/fiches\/ma-series-sae\/","title":{"rendered":"MA Series (SAE)"},"content":{"rendered":"<p>Produktbeschreibung\u00a0:<img fetchpriority=\"high\" decoding=\"async\" class=\"size-medium wp-image-3209 alignright\" src=\"https:\/\/hydroleduc.com\/wp-content\/uploads\/2019\/02\/hydroleduc_moteur_ma-265x300.png\" sizes=\"(max-width: 265px) 100vw, 265px\" srcset=\"https:\/\/hydroleduc.com\/wp-content\/uploads\/2019\/02\/hydroleduc_moteur_ma-265x300.png 265w, https:\/\/hydroleduc.com\/wp-content\/uploads\/2019\/02\/hydroleduc_moteur_ma-905x1024.png 905w, https:\/\/hydroleduc.com\/wp-content\/uploads\/2019\/02\/hydroleduc_moteur_ma-133x150.png 133w, https:\/\/hydroleduc.com\/wp-content\/uploads\/2019\/02\/hydroleduc_moteur_ma-768x869.png 768w, https:\/\/hydroleduc.com\/wp-content\/uploads\/2019\/02\/hydroleduc_moteur_ma-1357x1536.png 1357w, https:\/\/hydroleduc.com\/wp-content\/uploads\/2019\/02\/hydroleduc_moteur_ma-1810x2048.png 1810w, https:\/\/hydroleduc.com\/wp-content\/uploads\/2019\/02\/hydroleduc_moteur_ma-1220x1380.png 1220w\" alt=\"\" width=\"265\" height=\"300\" \/><\/p>\n<p>MA-Hydraulikmotore sind in einer 40\u00b0-Schr\u00e4gachsenversion ausgef\u00fchrt und somit optimal bez\u00fcglich des Leistungs- und Baugr\u00f6\u00dfenverh\u00e4ltnisses. Die MA-Serien-Motorenbaureihe wurde entwickelt f\u00fcr station\u00e4re und mobile Anwendungen und kann in offenen und geschlossenen Hydrauliksystemen eingesetzt werden. Der max. Dauerdruck der Motore betr\u00e4gt 400 bar und 450 bar als Spitzendruck. Die maximalen Motordrehzahlen liegen, je nach Baugr\u00f6\u00dfe, zwischen 3.400 und 8.000 U\/min. Die MA-Motoren sind mit Zahnwelle und mit zylindrischer Welle mit Passfeder erh\u00e4ltlich. Die hydraulischen Anschl\u00fcsse sind ebenfalls in unterschiedlichen Ausf\u00fchrungen erh\u00e4ltlich.<\/p>\n<p>Merkmale und Vorteile\u00a0:<\/p>\n<ul>\n<li>Hoher Wirkungsgrad,<\/li>\n<li>SAE (J744),<\/li>\n<li>Schluckvolumen von 10 bis 180 ccm\/U.,<\/li>\n<li>Bald auch Verf\u00fcgbar in einer 250ccm-Version,<\/li>\n<li>Zul\u00e4ssige Dauerdrehzahl bis zu 8000 U\/min. (Modellabh\u00e4ngig),<\/li>\n<li>Zul\u00e4ssiger Dauerdruck 400 bar \/ Spitzendruck 450 bar,<\/li>\n<li>Drehzahl-und Drehrichtungssensoren, sowie Sp\u00fclventile sind optional erh\u00e4ltlich.<\/li>\n<\/ul>\n<p>Anwendungsbereiche\u00a0:<\/p>\n<ul>\n<li>Anwendung in der Industrie, Getriebeanwendungen,Verdichtungstechnik, etc.,<\/li>\n<li>L\u00fcfterantriebe,<\/li>\n<li>Forstmaschinen (M\u00e4hmaschinen, H\u00e4cksler, etc.),<\/li>\n<li>Landwirtschaftliche Maschinen,<\/li>\n<li>Schwerlast-Winden,<\/li>\n<li>Bergbaumaschinen,<\/li>\n<li>Kommunalger\u00e4te (Bohrger\u00e4te, Kehrmaschinen, Streuer, etc.).<\/li>\n<\/ul>\n<p>Abmessungen und Konfigurator finden Sie im MA-Motorkatalog.<\/p>\n","protected":false},"excerpt":{"rendered":"<p><a href=\"https:\/\/qrco.de\/KONSTANTMOTOREN\">Hydraulikmotore mit Konstantes Schluckvolumen<\/a><\/p>\n","protected":false},"featured_media":1052,"template":"","meta":[],"product_brand":[],"product_cat":[27,47,30,55,32],"product_tag":[],"class_list":{"0":"post-1110","1":"product","2":"type-product","3":"status-publish","4":"has-post-thumbnail","6":"product_cat-baumaschinen","7":"product_cat-hydraulikmotoren","8":"product_cat-landwirtschaftliche-maschinen","9":"product_cat-motoren-mit-konstanter-fordermenge","10":"product_cat-schiffsmotoren","12":"first","13":"instock","14":"shipping-taxable","15":"product-type-simple"},"yoast_head":"<!-- This site is optimized with the Yoast SEO plugin v27.2 - https:\/\/yoast.com\/product\/yoast-seo-wordpress\/ -->\n<title>MA Series (SAE) - HYDRO LEDUC<\/title>\n<meta name=\"description\" content=\"Hydro Leduc vous propose ses moteurs hydrauliques \u00e0 norme SAE combinent haute performance et encombrement r\u00e9duit.\" \/>\n<meta name=\"robots\" content=\"index, follow, max-snippet:-1, max-image-preview:large, max-video-preview:-1\" \/>\n<link rel=\"canonical\" href=\"https:\/\/hydroleduc.com\/de\/fiches\/ma-series-sae\/\" \/>\n<meta property=\"og:locale\" content=\"de_DE\" \/>\n<meta property=\"og:type\" content=\"article\" \/>\n<meta property=\"og:title\" content=\"MA Series (SAE) - HYDRO LEDUC\" \/>\n<meta property=\"og:description\" content=\"Hydro Leduc vous propose ses moteurs hydrauliques \u00e0 norme SAE combinent haute performance et encombrement r\u00e9duit.\" \/>\n<meta property=\"og:url\" content=\"https:\/\/hydroleduc.com\/de\/fiches\/ma-series-sae\/\" \/>\n<meta property=\"og:site_name\" content=\"HYDRO LEDUC\" \/>\n<meta property=\"article:modified_time\" content=\"2025-10-17T14:22:57+00:00\" \/>\n<meta property=\"og:image\" content=\"https:\/\/hydroleduc.com\/de\/wp-content\/uploads\/2025\/01\/hydroleduc-moteurs-cylindree-fixe.png\" \/>\n\t<meta property=\"og:image:width\" content=\"567\" \/>\n\t<meta property=\"og:image:height\" content=\"567\" \/>\n\t<meta property=\"og:image:type\" content=\"image\/png\" \/>\n<meta name=\"twitter:card\" content=\"summary_large_image\" \/>\n<meta name=\"twitter:label1\" content=\"Gesch\u00e4tzte Lesezeit\" \/>\n\t<meta name=\"twitter:data1\" content=\"2\u00a0Minuten\" \/>\n<script type=\"application\/ld+json\" class=\"yoast-schema-graph\">{\"@context\":\"https:\/\/schema.org\",\"@graph\":[{\"@type\":\"WebPage\",\"@id\":\"https:\/\/hydroleduc.com\/de\/fiches\/ma-series-sae\/\",\"url\":\"https:\/\/hydroleduc.com\/de\/fiches\/ma-series-sae\/\",\"name\":\"MA Series (SAE) - HYDRO LEDUC\",\"isPartOf\":{\"@id\":\"https:\/\/hydroleduc.com\/de\/#website\"},\"primaryImageOfPage\":{\"@id\":\"https:\/\/hydroleduc.com\/de\/fiches\/ma-series-sae\/#primaryimage\"},\"image\":{\"@id\":\"https:\/\/hydroleduc.com\/de\/fiches\/ma-series-sae\/#primaryimage\"},\"thumbnailUrl\":\"https:\/\/hydroleduc.com\/de\/wp-content\/uploads\/2025\/01\/hydroleduc-moteurs-cylindree-fixe.png\",\"datePublished\":\"2025-01-30T14:06:08+00:00\",\"dateModified\":\"2025-10-17T14:22:57+00:00\",\"description\":\"Hydro Leduc vous propose ses moteurs hydrauliques \u00e0 norme SAE combinent haute performance et encombrement r\u00e9duit.\",\"breadcrumb\":{\"@id\":\"https:\/\/hydroleduc.com\/de\/fiches\/ma-series-sae\/#breadcrumb\"},\"inLanguage\":\"de\",\"potentialAction\":[{\"@type\":\"ReadAction\",\"target\":[\"https:\/\/hydroleduc.com\/de\/fiches\/ma-series-sae\/\"]}]},{\"@type\":\"ImageObject\",\"inLanguage\":\"de\",\"@id\":\"https:\/\/hydroleduc.com\/de\/fiches\/ma-series-sae\/#primaryimage\",\"url\":\"https:\/\/hydroleduc.com\/de\/wp-content\/uploads\/2025\/01\/hydroleduc-moteurs-cylindree-fixe.png\",\"contentUrl\":\"https:\/\/hydroleduc.com\/de\/wp-content\/uploads\/2025\/01\/hydroleduc-moteurs-cylindree-fixe.png\",\"width\":567,\"height\":567,\"caption\":\"hydroleduc moteurs cylindree fixe\"},{\"@type\":\"BreadcrumbList\",\"@id\":\"https:\/\/hydroleduc.com\/de\/fiches\/ma-series-sae\/#breadcrumb\",\"itemListElement\":[{\"@type\":\"ListItem\",\"position\":1,\"name\":\"Startseite\",\"item\":\"https:\/\/hydroleduc.com\/de\/\"},{\"@type\":\"ListItem\",\"position\":2,\"name\":\"Hydraulik komponenten\",\"item\":\"https:\/\/hydroleduc.com\/de\/hydraulikkomponenten\/\"},{\"@type\":\"ListItem\",\"position\":3,\"name\":\"Hydraulikmotoren\",\"item\":\"https:\/\/hydroleduc.com\/de\/hydraulikkomponenten\/hydraulikmotoren\/\"},{\"@type\":\"ListItem\",\"position\":4,\"name\":\"Motoren mit Konstanter F\u00f6rdermenge\",\"item\":\"https:\/\/hydroleduc.com\/de\/hydraulikkomponenten\/hydraulikmotoren\/motoren-mit-konstanter-fordermenge\/\"},{\"@type\":\"ListItem\",\"position\":5,\"name\":\"MA Series (SAE)\"}]},{\"@type\":\"WebSite\",\"@id\":\"https:\/\/hydroleduc.com\/de\/#website\",\"url\":\"https:\/\/hydroleduc.com\/de\/\",\"name\":\"HYDRO LEDUC\",\"description\":\"Hersteller von Hydraulikkomponenten\",\"publisher\":{\"@id\":\"https:\/\/hydroleduc.com\/de\/#organization\"},\"potentialAction\":[{\"@type\":\"SearchAction\",\"target\":{\"@type\":\"EntryPoint\",\"urlTemplate\":\"https:\/\/hydroleduc.com\/de\/?s={search_term_string}\"},\"query-input\":{\"@type\":\"PropertyValueSpecification\",\"valueRequired\":true,\"valueName\":\"search_term_string\"}}],\"inLanguage\":\"de\"},{\"@type\":\"Organization\",\"@id\":\"https:\/\/hydroleduc.com\/de\/#organization\",\"name\":\"HYDRO LEDUC\",\"url\":\"https:\/\/hydroleduc.com\/de\/\",\"logo\":{\"@type\":\"ImageObject\",\"inLanguage\":\"de\",\"@id\":\"https:\/\/hydroleduc.com\/de\/#\/schema\/logo\/image\/\",\"url\":\"https:\/\/hydroleduc.com\/de\/wp-content\/uploads\/2025\/01\/logo-hydroleduc.png\",\"contentUrl\":\"https:\/\/hydroleduc.com\/de\/wp-content\/uploads\/2025\/01\/logo-hydroleduc.png\",\"width\":366,\"height\":148,\"caption\":\"HYDRO LEDUC\"},\"image\":{\"@id\":\"https:\/\/hydroleduc.com\/de\/#\/schema\/logo\/image\/\"}}]}<\/script>\n<!-- \/ Yoast SEO plugin. -->","yoast_head_json":{"title":"MA Series (SAE) - HYDRO LEDUC","description":"Hydro Leduc vous propose ses moteurs hydrauliques \u00e0 norme SAE combinent haute performance et encombrement r\u00e9duit.","robots":{"index":"index","follow":"follow","max-snippet":"max-snippet:-1","max-image-preview":"max-image-preview:large","max-video-preview":"max-video-preview:-1"},"canonical":"https:\/\/hydroleduc.com\/de\/fiches\/ma-series-sae\/","og_locale":"de_DE","og_type":"article","og_title":"MA Series (SAE) - HYDRO LEDUC","og_description":"Hydro Leduc vous propose ses moteurs hydrauliques \u00e0 norme SAE combinent haute performance et encombrement r\u00e9duit.","og_url":"https:\/\/hydroleduc.com\/de\/fiches\/ma-series-sae\/","og_site_name":"HYDRO LEDUC","article_modified_time":"2025-10-17T14:22:57+00:00","og_image":[{"width":567,"height":567,"url":"https:\/\/hydroleduc.com\/de\/wp-content\/uploads\/2025\/01\/hydroleduc-moteurs-cylindree-fixe.png","type":"image\/png"}],"twitter_card":"summary_large_image","twitter_misc":{"Gesch\u00e4tzte Lesezeit":"2\u00a0Minuten"},"schema":{"@context":"https:\/\/schema.org","@graph":[{"@type":"WebPage","@id":"https:\/\/hydroleduc.com\/de\/fiches\/ma-series-sae\/","url":"https:\/\/hydroleduc.com\/de\/fiches\/ma-series-sae\/","name":"MA Series (SAE) - HYDRO LEDUC","isPartOf":{"@id":"https:\/\/hydroleduc.com\/de\/#website"},"primaryImageOfPage":{"@id":"https:\/\/hydroleduc.com\/de\/fiches\/ma-series-sae\/#primaryimage"},"image":{"@id":"https:\/\/hydroleduc.com\/de\/fiches\/ma-series-sae\/#primaryimage"},"thumbnailUrl":"https:\/\/hydroleduc.com\/de\/wp-content\/uploads\/2025\/01\/hydroleduc-moteurs-cylindree-fixe.png","datePublished":"2025-01-30T14:06:08+00:00","dateModified":"2025-10-17T14:22:57+00:00","description":"Hydro Leduc vous propose ses moteurs hydrauliques \u00e0 norme SAE combinent haute performance et encombrement r\u00e9duit.","breadcrumb":{"@id":"https:\/\/hydroleduc.com\/de\/fiches\/ma-series-sae\/#breadcrumb"},"inLanguage":"de","potentialAction":[{"@type":"ReadAction","target":["https:\/\/hydroleduc.com\/de\/fiches\/ma-series-sae\/"]}]},{"@type":"ImageObject","inLanguage":"de","@id":"https:\/\/hydroleduc.com\/de\/fiches\/ma-series-sae\/#primaryimage","url":"https:\/\/hydroleduc.com\/de\/wp-content\/uploads\/2025\/01\/hydroleduc-moteurs-cylindree-fixe.png","contentUrl":"https:\/\/hydroleduc.com\/de\/wp-content\/uploads\/2025\/01\/hydroleduc-moteurs-cylindree-fixe.png","width":567,"height":567,"caption":"hydroleduc moteurs cylindree fixe"},{"@type":"BreadcrumbList","@id":"https:\/\/hydroleduc.com\/de\/fiches\/ma-series-sae\/#breadcrumb","itemListElement":[{"@type":"ListItem","position":1,"name":"Startseite","item":"https:\/\/hydroleduc.com\/de\/"},{"@type":"ListItem","position":2,"name":"Hydraulik komponenten","item":"https:\/\/hydroleduc.com\/de\/hydraulikkomponenten\/"},{"@type":"ListItem","position":3,"name":"Hydraulikmotoren","item":"https:\/\/hydroleduc.com\/de\/hydraulikkomponenten\/hydraulikmotoren\/"},{"@type":"ListItem","position":4,"name":"Motoren mit Konstanter F\u00f6rdermenge","item":"https:\/\/hydroleduc.com\/de\/hydraulikkomponenten\/hydraulikmotoren\/motoren-mit-konstanter-fordermenge\/"},{"@type":"ListItem","position":5,"name":"MA Series (SAE)"}]},{"@type":"WebSite","@id":"https:\/\/hydroleduc.com\/de\/#website","url":"https:\/\/hydroleduc.com\/de\/","name":"HYDRO LEDUC","description":"Hersteller von Hydraulikkomponenten","publisher":{"@id":"https:\/\/hydroleduc.com\/de\/#organization"},"potentialAction":[{"@type":"SearchAction","target":{"@type":"EntryPoint","urlTemplate":"https:\/\/hydroleduc.com\/de\/?s={search_term_string}"},"query-input":{"@type":"PropertyValueSpecification","valueRequired":true,"valueName":"search_term_string"}}],"inLanguage":"de"},{"@type":"Organization","@id":"https:\/\/hydroleduc.com\/de\/#organization","name":"HYDRO LEDUC","url":"https:\/\/hydroleduc.com\/de\/","logo":{"@type":"ImageObject","inLanguage":"de","@id":"https:\/\/hydroleduc.com\/de\/#\/schema\/logo\/image\/","url":"https:\/\/hydroleduc.com\/de\/wp-content\/uploads\/2025\/01\/logo-hydroleduc.png","contentUrl":"https:\/\/hydroleduc.com\/de\/wp-content\/uploads\/2025\/01\/logo-hydroleduc.png","width":366,"height":148,"caption":"HYDRO LEDUC"},"image":{"@id":"https:\/\/hydroleduc.com\/de\/#\/schema\/logo\/image\/"}}]}},"_links":{"self":[{"href":"https:\/\/hydroleduc.com\/de\/wp-json\/wp\/v2\/product\/1110","targetHints":{"allow":["GET"]}}],"collection":[{"href":"https:\/\/hydroleduc.com\/de\/wp-json\/wp\/v2\/product"}],"about":[{"href":"https:\/\/hydroleduc.com\/de\/wp-json\/wp\/v2\/types\/product"}],"wp:featuredmedia":[{"embeddable":true,"href":"https:\/\/hydroleduc.com\/de\/wp-json\/wp\/v2\/media\/1052"}],"wp:attachment":[{"href":"https:\/\/hydroleduc.com\/de\/wp-json\/wp\/v2\/media?parent=1110"}],"wp:term":[{"taxonomy":"product_brand","embeddable":true,"href":"https:\/\/hydroleduc.com\/de\/wp-json\/wp\/v2\/product_brand?post=1110"},{"taxonomy":"product_cat","embeddable":true,"href":"https:\/\/hydroleduc.com\/de\/wp-json\/wp\/v2\/product_cat?post=1110"},{"taxonomy":"product_tag","embeddable":true,"href":"https:\/\/hydroleduc.com\/de\/wp-json\/wp\/v2\/product_tag?post=1110"}],"curies":[{"name":"wp","href":"https:\/\/api.w.org\/{rel}","templated":true}]}}