{"id":1111,"date":"2025-01-30T15:07:23","date_gmt":"2025-01-30T14:07:23","guid":{"rendered":"https:\/\/hydroleduc.com\/de\/?post_type=product&#038;p=1111"},"modified":"2025-10-17T16:23:11","modified_gmt":"2025-10-17T14:23:11","slug":"msi-motor-serie-semi-integrierter","status":"publish","type":"product","link":"https:\/\/hydroleduc.com\/de\/fiches\/msi-motor-serie-semi-integrierter\/","title":{"rendered":"MSI Motor Serie (semi-integrierter)"},"content":{"rendered":"<p>Produktbeschreibung :<\/p>\n<p>MSI-Hydraulikmotore sind in einer 40\u00b0-Schr\u00e4gachsenversion ausgef\u00fchrt und somit optimal bez\u00fcglich des Leistungs- und Baugr\u00f6\u00dfenverh\u00e4ltnisses. Die MA-Serien-Motorenbaureihe wurde entwickelt f\u00fcr station\u00e4re und mobile Anwendungen und kann in offenen und geschlossenen Hydrauliksystemen eingesetzt werden. Der max. Dauerdruck der Motore betr\u00e4gt 400 bar und 450 bar als Spitzendruck. Die maximalen Motordrehzahlen liegen, je nach Baugr\u00f6\u00dfe, zwischen 3.400 und 8.000 U\/min. Die M-Motoren sind mit Zahnwelle und mit zylindrischer Welle mit Passfeder erh\u00e4ltlich. Die hydraulischen Anschl\u00fcsse sind ebenfalls in unterschiedlichen Ausf\u00fchrungen erh\u00e4ltlich.<\/p>\n<p>Merkmale und Vorteile\u00a0:<\/p>\n<ul>\n<li>Hoher Wirkungsgrad,<\/li>\n<li>ISO 3019-2 \u2013 Einschubmotore,<\/li>\n<li>Schluckvolumen von 28 bis 180 ccm\/U,<\/li>\n<li>Max. zul\u00e4ssige Dauerdrehzahl bis zu 6300 U\/min. (Modellabh\u00e4ngig),<\/li>\n<li>Max. zul\u00e4ssiger Dauerdruck 400 bar \/ Spitzendruck 450 bar,<\/li>\n<li>Drehzahl-und Drehrichtungssensoren, sowie Sp\u00fclventile sind optional erh\u00e4ltlich.<\/li>\n<\/ul>\n<p>Anwendungsbereiche\u00a0:<\/p>\n<ul>\n<li>Anwendung in der Industrie, Getriebeanwendungen,Verdichtungstechnik, etc.,<\/li>\n<li>L\u00fcfterantriebe,<\/li>\n<li>Forstmaschinen (M\u00e4hmaschinen, H\u00e4cksler, etc.),<\/li>\n<li>Landwirtschaftliche Maschinen,<\/li>\n<li>Schwerlast-Winden,<\/li>\n<li>Bergbaumaschinen,<\/li>\n<li>Kommunalger\u00e4te (Bohrger\u00e4te, Kehrmaschinen, Streuer, etc.).<\/li>\n<\/ul>\n<blockquote><p>Abmessungen und Konfigurator finden Sie im MSI-Motorkatalog.<\/p><\/blockquote>\n","protected":false},"excerpt":{"rendered":"<p><a href=\"https:\/\/qrco.de\/KONSTANTMOTOREN\">Hydraulikmotore mit konstantes Schluckvolumen<\/a><\/p>\n","protected":false},"featured_media":42679,"template":"","meta":[],"product_brand":[],"product_cat":[27,47,30,55,32],"product_tag":[],"class_list":{"0":"post-1111","1":"product","2":"type-product","3":"status-publish","4":"has-post-thumbnail","6":"product_cat-baumaschinen","7":"product_cat-hydraulikmotoren","8":"product_cat-landwirtschaftliche-maschinen","9":"product_cat-motoren-mit-konstanter-fordermenge","10":"product_cat-schiffsmotoren","12":"first","13":"instock","14":"shipping-taxable","15":"product-type-simple"},"yoast_head":"<!-- This site is optimized with the Yoast SEO plugin v27.2 - https:\/\/yoast.com\/product\/yoast-seo-wordpress\/ -->\n<title>MSI Motor Serie (semi-integrierter) - HYDRO LEDUC<\/title>\n<meta name=\"description\" content=\"Hydro Leduc vous pr\u00e9sente ses moteurs hydrauliques issus de la technologie \u00e0 pistons sph\u00e9riques et construits autour d\u2019un axe-barillet \u00e0 40\u00b0.\" \/>\n<meta name=\"robots\" content=\"index, follow, max-snippet:-1, max-image-preview:large, max-video-preview:-1\" \/>\n<link rel=\"canonical\" href=\"https:\/\/hydroleduc.com\/de\/fiches\/msi-motor-serie-semi-integrierter\/\" \/>\n<meta property=\"og:locale\" content=\"de_DE\" \/>\n<meta property=\"og:type\" content=\"article\" \/>\n<meta property=\"og:title\" content=\"MSI Motor Serie (semi-integrierter) - HYDRO LEDUC\" \/>\n<meta property=\"og:description\" content=\"Hydro Leduc vous pr\u00e9sente ses moteurs hydrauliques issus de la technologie \u00e0 pistons sph\u00e9riques et construits autour d\u2019un axe-barillet \u00e0 40\u00b0.\" \/>\n<meta property=\"og:url\" content=\"https:\/\/hydroleduc.com\/de\/fiches\/msi-motor-serie-semi-integrierter\/\" \/>\n<meta property=\"og:site_name\" content=\"HYDRO LEDUC\" \/>\n<meta property=\"article:modified_time\" content=\"2025-10-17T14:23:11+00:00\" \/>\n<meta property=\"og:image\" content=\"https:\/\/hydroleduc.com\/de\/wp-content\/uploads\/2018\/11\/12-MSI-160-5.png\" \/>\n\t<meta property=\"og:image:width\" content=\"2560\" \/>\n\t<meta property=\"og:image:height\" content=\"1707\" \/>\n\t<meta property=\"og:image:type\" content=\"image\/png\" \/>\n<meta name=\"twitter:card\" content=\"summary_large_image\" \/>\n<meta name=\"twitter:label1\" content=\"Gesch\u00e4tzte Lesezeit\" \/>\n\t<meta name=\"twitter:data1\" content=\"1\u00a0Minute\" \/>\n<script type=\"application\/ld+json\" class=\"yoast-schema-graph\">{\"@context\":\"https:\/\/schema.org\",\"@graph\":[{\"@type\":\"WebPage\",\"@id\":\"https:\/\/hydroleduc.com\/de\/fiches\/msi-motor-serie-semi-integrierter\/\",\"url\":\"https:\/\/hydroleduc.com\/de\/fiches\/msi-motor-serie-semi-integrierter\/\",\"name\":\"MSI Motor Serie (semi-integrierter) - HYDRO LEDUC\",\"isPartOf\":{\"@id\":\"https:\/\/hydroleduc.com\/de\/#website\"},\"primaryImageOfPage\":{\"@id\":\"https:\/\/hydroleduc.com\/de\/fiches\/msi-motor-serie-semi-integrierter\/#primaryimage\"},\"image\":{\"@id\":\"https:\/\/hydroleduc.com\/de\/fiches\/msi-motor-serie-semi-integrierter\/#primaryimage\"},\"thumbnailUrl\":\"https:\/\/hydroleduc.com\/de\/wp-content\/uploads\/2018\/11\/12-MSI-160-5.png\",\"datePublished\":\"2025-01-30T14:07:23+00:00\",\"dateModified\":\"2025-10-17T14:23:11+00:00\",\"description\":\"Hydro Leduc vous pr\u00e9sente ses moteurs hydrauliques issus de la technologie \u00e0 pistons sph\u00e9riques et construits autour d\u2019un axe-barillet \u00e0 40\u00b0.\",\"breadcrumb\":{\"@id\":\"https:\/\/hydroleduc.com\/de\/fiches\/msi-motor-serie-semi-integrierter\/#breadcrumb\"},\"inLanguage\":\"de\",\"potentialAction\":[{\"@type\":\"ReadAction\",\"target\":[\"https:\/\/hydroleduc.com\/de\/fiches\/msi-motor-serie-semi-integrierter\/\"]}]},{\"@type\":\"ImageObject\",\"inLanguage\":\"de\",\"@id\":\"https:\/\/hydroleduc.com\/de\/fiches\/msi-motor-serie-semi-integrierter\/#primaryimage\",\"url\":\"https:\/\/hydroleduc.com\/de\/wp-content\/uploads\/2018\/11\/12-MSI-160-5.png\",\"contentUrl\":\"https:\/\/hydroleduc.com\/de\/wp-content\/uploads\/2018\/11\/12-MSI-160-5.png\",\"width\":2560,\"height\":1707,\"caption\":\"12 MSI 160 5\"},{\"@type\":\"BreadcrumbList\",\"@id\":\"https:\/\/hydroleduc.com\/de\/fiches\/msi-motor-serie-semi-integrierter\/#breadcrumb\",\"itemListElement\":[{\"@type\":\"ListItem\",\"position\":1,\"name\":\"Startseite\",\"item\":\"https:\/\/hydroleduc.com\/de\/\"},{\"@type\":\"ListItem\",\"position\":2,\"name\":\"Hydraulik komponenten\",\"item\":\"https:\/\/hydroleduc.com\/de\/hydraulikkomponenten\/\"},{\"@type\":\"ListItem\",\"position\":3,\"name\":\"Hydraulikmotoren\",\"item\":\"https:\/\/hydroleduc.com\/de\/hydraulikkomponenten\/hydraulikmotoren\/\"},{\"@type\":\"ListItem\",\"position\":4,\"name\":\"Motoren mit Konstanter F\u00f6rdermenge\",\"item\":\"https:\/\/hydroleduc.com\/de\/hydraulikkomponenten\/hydraulikmotoren\/motoren-mit-konstanter-fordermenge\/\"},{\"@type\":\"ListItem\",\"position\":5,\"name\":\"MSI Motor Serie (semi-integrierter)\"}]},{\"@type\":\"WebSite\",\"@id\":\"https:\/\/hydroleduc.com\/de\/#website\",\"url\":\"https:\/\/hydroleduc.com\/de\/\",\"name\":\"HYDRO LEDUC\",\"description\":\"Hersteller von Hydraulikkomponenten\",\"publisher\":{\"@id\":\"https:\/\/hydroleduc.com\/de\/#organization\"},\"potentialAction\":[{\"@type\":\"SearchAction\",\"target\":{\"@type\":\"EntryPoint\",\"urlTemplate\":\"https:\/\/hydroleduc.com\/de\/?s={search_term_string}\"},\"query-input\":{\"@type\":\"PropertyValueSpecification\",\"valueRequired\":true,\"valueName\":\"search_term_string\"}}],\"inLanguage\":\"de\"},{\"@type\":\"Organization\",\"@id\":\"https:\/\/hydroleduc.com\/de\/#organization\",\"name\":\"HYDRO LEDUC\",\"url\":\"https:\/\/hydroleduc.com\/de\/\",\"logo\":{\"@type\":\"ImageObject\",\"inLanguage\":\"de\",\"@id\":\"https:\/\/hydroleduc.com\/de\/#\/schema\/logo\/image\/\",\"url\":\"https:\/\/hydroleduc.com\/de\/wp-content\/uploads\/2025\/01\/logo-hydroleduc.png\",\"contentUrl\":\"https:\/\/hydroleduc.com\/de\/wp-content\/uploads\/2025\/01\/logo-hydroleduc.png\",\"width\":366,\"height\":148,\"caption\":\"HYDRO LEDUC\"},\"image\":{\"@id\":\"https:\/\/hydroleduc.com\/de\/#\/schema\/logo\/image\/\"}}]}<\/script>\n<!-- \/ Yoast SEO plugin. -->","yoast_head_json":{"title":"MSI Motor Serie (semi-integrierter) - HYDRO LEDUC","description":"Hydro Leduc vous pr\u00e9sente ses moteurs hydrauliques issus de la technologie \u00e0 pistons sph\u00e9riques et construits autour d\u2019un axe-barillet \u00e0 40\u00b0.","robots":{"index":"index","follow":"follow","max-snippet":"max-snippet:-1","max-image-preview":"max-image-preview:large","max-video-preview":"max-video-preview:-1"},"canonical":"https:\/\/hydroleduc.com\/de\/fiches\/msi-motor-serie-semi-integrierter\/","og_locale":"de_DE","og_type":"article","og_title":"MSI Motor Serie (semi-integrierter) - HYDRO LEDUC","og_description":"Hydro Leduc vous pr\u00e9sente ses moteurs hydrauliques issus de la technologie \u00e0 pistons sph\u00e9riques et construits autour d\u2019un axe-barillet \u00e0 40\u00b0.","og_url":"https:\/\/hydroleduc.com\/de\/fiches\/msi-motor-serie-semi-integrierter\/","og_site_name":"HYDRO LEDUC","article_modified_time":"2025-10-17T14:23:11+00:00","og_image":[{"width":2560,"height":1707,"url":"https:\/\/hydroleduc.com\/de\/wp-content\/uploads\/2018\/11\/12-MSI-160-5.png","type":"image\/png"}],"twitter_card":"summary_large_image","twitter_misc":{"Gesch\u00e4tzte Lesezeit":"1\u00a0Minute"},"schema":{"@context":"https:\/\/schema.org","@graph":[{"@type":"WebPage","@id":"https:\/\/hydroleduc.com\/de\/fiches\/msi-motor-serie-semi-integrierter\/","url":"https:\/\/hydroleduc.com\/de\/fiches\/msi-motor-serie-semi-integrierter\/","name":"MSI Motor Serie (semi-integrierter) - HYDRO LEDUC","isPartOf":{"@id":"https:\/\/hydroleduc.com\/de\/#website"},"primaryImageOfPage":{"@id":"https:\/\/hydroleduc.com\/de\/fiches\/msi-motor-serie-semi-integrierter\/#primaryimage"},"image":{"@id":"https:\/\/hydroleduc.com\/de\/fiches\/msi-motor-serie-semi-integrierter\/#primaryimage"},"thumbnailUrl":"https:\/\/hydroleduc.com\/de\/wp-content\/uploads\/2018\/11\/12-MSI-160-5.png","datePublished":"2025-01-30T14:07:23+00:00","dateModified":"2025-10-17T14:23:11+00:00","description":"Hydro Leduc vous pr\u00e9sente ses moteurs hydrauliques issus de la technologie \u00e0 pistons sph\u00e9riques et construits autour d\u2019un axe-barillet \u00e0 40\u00b0.","breadcrumb":{"@id":"https:\/\/hydroleduc.com\/de\/fiches\/msi-motor-serie-semi-integrierter\/#breadcrumb"},"inLanguage":"de","potentialAction":[{"@type":"ReadAction","target":["https:\/\/hydroleduc.com\/de\/fiches\/msi-motor-serie-semi-integrierter\/"]}]},{"@type":"ImageObject","inLanguage":"de","@id":"https:\/\/hydroleduc.com\/de\/fiches\/msi-motor-serie-semi-integrierter\/#primaryimage","url":"https:\/\/hydroleduc.com\/de\/wp-content\/uploads\/2018\/11\/12-MSI-160-5.png","contentUrl":"https:\/\/hydroleduc.com\/de\/wp-content\/uploads\/2018\/11\/12-MSI-160-5.png","width":2560,"height":1707,"caption":"12 MSI 160 5"},{"@type":"BreadcrumbList","@id":"https:\/\/hydroleduc.com\/de\/fiches\/msi-motor-serie-semi-integrierter\/#breadcrumb","itemListElement":[{"@type":"ListItem","position":1,"name":"Startseite","item":"https:\/\/hydroleduc.com\/de\/"},{"@type":"ListItem","position":2,"name":"Hydraulik komponenten","item":"https:\/\/hydroleduc.com\/de\/hydraulikkomponenten\/"},{"@type":"ListItem","position":3,"name":"Hydraulikmotoren","item":"https:\/\/hydroleduc.com\/de\/hydraulikkomponenten\/hydraulikmotoren\/"},{"@type":"ListItem","position":4,"name":"Motoren mit Konstanter F\u00f6rdermenge","item":"https:\/\/hydroleduc.com\/de\/hydraulikkomponenten\/hydraulikmotoren\/motoren-mit-konstanter-fordermenge\/"},{"@type":"ListItem","position":5,"name":"MSI Motor Serie (semi-integrierter)"}]},{"@type":"WebSite","@id":"https:\/\/hydroleduc.com\/de\/#website","url":"https:\/\/hydroleduc.com\/de\/","name":"HYDRO LEDUC","description":"Hersteller von Hydraulikkomponenten","publisher":{"@id":"https:\/\/hydroleduc.com\/de\/#organization"},"potentialAction":[{"@type":"SearchAction","target":{"@type":"EntryPoint","urlTemplate":"https:\/\/hydroleduc.com\/de\/?s={search_term_string}"},"query-input":{"@type":"PropertyValueSpecification","valueRequired":true,"valueName":"search_term_string"}}],"inLanguage":"de"},{"@type":"Organization","@id":"https:\/\/hydroleduc.com\/de\/#organization","name":"HYDRO LEDUC","url":"https:\/\/hydroleduc.com\/de\/","logo":{"@type":"ImageObject","inLanguage":"de","@id":"https:\/\/hydroleduc.com\/de\/#\/schema\/logo\/image\/","url":"https:\/\/hydroleduc.com\/de\/wp-content\/uploads\/2025\/01\/logo-hydroleduc.png","contentUrl":"https:\/\/hydroleduc.com\/de\/wp-content\/uploads\/2025\/01\/logo-hydroleduc.png","width":366,"height":148,"caption":"HYDRO LEDUC"},"image":{"@id":"https:\/\/hydroleduc.com\/de\/#\/schema\/logo\/image\/"}}]}},"_links":{"self":[{"href":"https:\/\/hydroleduc.com\/de\/wp-json\/wp\/v2\/product\/1111","targetHints":{"allow":["GET"]}}],"collection":[{"href":"https:\/\/hydroleduc.com\/de\/wp-json\/wp\/v2\/product"}],"about":[{"href":"https:\/\/hydroleduc.com\/de\/wp-json\/wp\/v2\/types\/product"}],"wp:featuredmedia":[{"embeddable":true,"href":"https:\/\/hydroleduc.com\/de\/wp-json\/wp\/v2\/media\/42679"}],"wp:attachment":[{"href":"https:\/\/hydroleduc.com\/de\/wp-json\/wp\/v2\/media?parent=1111"}],"wp:term":[{"taxonomy":"product_brand","embeddable":true,"href":"https:\/\/hydroleduc.com\/de\/wp-json\/wp\/v2\/product_brand?post=1111"},{"taxonomy":"product_cat","embeddable":true,"href":"https:\/\/hydroleduc.com\/de\/wp-json\/wp\/v2\/product_cat?post=1111"},{"taxonomy":"product_tag","embeddable":true,"href":"https:\/\/hydroleduc.com\/de\/wp-json\/wp\/v2\/product_tag?post=1111"}],"curies":[{"name":"wp","href":"https:\/\/api.w.org\/{rel}","templated":true}]}}