{"id":1112,"date":"2025-01-30T15:08:21","date_gmt":"2025-01-30T14:08:21","guid":{"rendered":"https:\/\/hydroleduc.com\/de\/?post_type=product&#038;p=1112"},"modified":"2025-10-17T16:19:11","modified_gmt":"2025-10-17T14:19:11","slug":"xai-pumpe-axialkolbenpume-sae","status":"publish","type":"product","link":"https:\/\/hydroleduc.com\/de\/fiches\/xai-pumpe-axialkolbenpume-sae\/","title":{"rendered":"XAi Pumpe : Axialkolbenpume (SAE)"},"content":{"rendered":"<div class=\"row\">\n<div class=\"all-full\">\n<p>Produktbeschreibung :<\/p>\n<p>Die XAi-Pumpe hat die gleiche Konzeption wie die XPi-Pumpe. Es erfordert keine Eingriffe, um die Pumpe in die gew\u00fcnschte Drehrichtung einzustellen. Diese Konstantpumpen mit SAE-Flanschen sind mit F\u00f6rdervolumina von 12 bis 63 ccm\/U. erh\u00e4ltlich.<\/p>\n<p>Merkmale und Vorteile\u00a0:<\/p>\n<ul>\n<li>Flansch nach SAE J744 Norm (2-Loch und 4-Loch-Flansche) ;<\/li>\n<li>Modelle von 12 bis 63 ccm\/U ;<\/li>\n<li>380 bar Dauerbetrieb, und 420 bar Spitzendruck ;<\/li>\n<li>Drehzahlspektrum von 2300 bis 2950 U\/min ;<\/li>\n<li>Kompaktheit, die eine Montage auch in einer Umgebungen mit sehr begrenztem Platzverh\u00e4ltnissen erm\u00f6glicht (PTO) ;<\/li>\n<li>Automatische Indexierung\/Einstellung der Pumpe, die in beiden Drehrichtungen betrieben werden kann ;<\/li>\n<li>Einfacher Monatge und Inbetriebnahme ;<\/li>\n<li>Geeignet f\u00fcr Motor-Nebenantriebe (mit Bypass-Ventil).<\/li>\n<\/ul>\n<p>Anwendungsbereiche\u00a0:<\/p>\n<ul>\n<li>LKW-Ausr\u00fcstung (Beispiele: LKW-Kr\u00e4ne, Forstkr\u00e4ne, Hakenlift ;<\/li>\n<li>Mehrfachsch\u00fcttungen, Stabilisierungszylinder) ;<\/li>\n<li>Winterausr\u00fcstung (Beispiele: Streuer, Schneeschaufeln, Turbinen) ;<\/li>\n<li>Feuerwehrfahrzeuge ;<\/li>\n<li>Milit\u00e4r.<\/li>\n<\/ul>\n<\/div>\n<\/div>\n<div class=\"row\"><\/div>\n","protected":false},"excerpt":{"rendered":"<p><a href=\"https:\/\/qrco.de\/PUMPEN-FUR-LKW\" target=\"_blank\" rel=\"noopener\">Axialkolbenpumpen f\u00fcr LKW<\/a><\/p>\n","protected":false},"featured_media":42671,"template":"","meta":[],"product_brand":[],"product_cat":[46,26,50],"product_tag":[],"class_list":{"0":"post-1112","1":"product","2":"type-product","3":"status-publish","4":"has-post-thumbnail","6":"product_cat-hydraulikpumpen","7":"product_cat-nutzfahrzeughydraulik","8":"product_cat-pumpen-mit-konstanter-fordermenge","10":"first","11":"instock","12":"shipping-taxable","13":"product-type-simple"},"yoast_head":"<!-- This site is optimized with the Yoast SEO plugin v27.4 - https:\/\/yoast.com\/product\/yoast-seo-wordpress\/ -->\n<title>XAi Pumpe : Axialkolbenpume (SAE) - HYDRO LEDUC<\/title>\n<meta name=\"description\" content=\"La pompe \u00e0 cylindr\u00e9e fixe XAi assure l\u2019optimisation des stocks et ne n\u00e9cessite aucune manipulation pour la param\u00e9trer.\" \/>\n<meta name=\"robots\" content=\"index, follow, max-snippet:-1, max-image-preview:large, max-video-preview:-1\" \/>\n<link rel=\"canonical\" href=\"https:\/\/hydroleduc.com\/de\/fiches\/xai-pumpe-axialkolbenpume-sae\/\" \/>\n<meta property=\"og:locale\" content=\"de_DE\" \/>\n<meta property=\"og:type\" content=\"article\" \/>\n<meta property=\"og:title\" content=\"XAi Pumpe : Axialkolbenpume (SAE) - HYDRO LEDUC\" \/>\n<meta property=\"og:description\" content=\"La pompe \u00e0 cylindr\u00e9e fixe XAi assure l\u2019optimisation des stocks et ne n\u00e9cessite aucune manipulation pour la param\u00e9trer.\" \/>\n<meta property=\"og:url\" content=\"https:\/\/hydroleduc.com\/de\/fiches\/xai-pumpe-axialkolbenpume-sae\/\" \/>\n<meta property=\"og:site_name\" content=\"HYDRO LEDUC\" \/>\n<meta property=\"article:modified_time\" content=\"2025-10-17T14:19:11+00:00\" \/>\n<meta property=\"og:image\" content=\"https:\/\/hydroleduc.com\/de\/wp-content\/uploads\/2018\/11\/15-XAi-3.png\" \/>\n\t<meta property=\"og:image:width\" content=\"2560\" \/>\n\t<meta property=\"og:image:height\" content=\"1707\" \/>\n\t<meta property=\"og:image:type\" content=\"image\/png\" \/>\n<meta name=\"twitter:card\" content=\"summary_large_image\" \/>\n<meta name=\"twitter:label1\" content=\"Gesch\u00e4tzte Lesezeit\" \/>\n\t<meta name=\"twitter:data1\" content=\"1\u00a0Minute\" \/>\n<script type=\"application\/ld+json\" class=\"yoast-schema-graph\">{\"@context\":\"https:\\\/\\\/schema.org\",\"@graph\":[{\"@type\":\"WebPage\",\"@id\":\"https:\\\/\\\/hydroleduc.com\\\/de\\\/fiches\\\/xai-pumpe-axialkolbenpume-sae\\\/\",\"url\":\"https:\\\/\\\/hydroleduc.com\\\/de\\\/fiches\\\/xai-pumpe-axialkolbenpume-sae\\\/\",\"name\":\"XAi Pumpe : Axialkolbenpume (SAE) - HYDRO LEDUC\",\"isPartOf\":{\"@id\":\"https:\\\/\\\/hydroleduc.com\\\/de\\\/#website\"},\"primaryImageOfPage\":{\"@id\":\"https:\\\/\\\/hydroleduc.com\\\/de\\\/fiches\\\/xai-pumpe-axialkolbenpume-sae\\\/#primaryimage\"},\"image\":{\"@id\":\"https:\\\/\\\/hydroleduc.com\\\/de\\\/fiches\\\/xai-pumpe-axialkolbenpume-sae\\\/#primaryimage\"},\"thumbnailUrl\":\"https:\\\/\\\/hydroleduc.com\\\/de\\\/wp-content\\\/uploads\\\/2018\\\/11\\\/15-XAi-3.png\",\"datePublished\":\"2025-01-30T14:08:21+00:00\",\"dateModified\":\"2025-10-17T14:19:11+00:00\",\"description\":\"La pompe \u00e0 cylindr\u00e9e fixe XAi assure l\u2019optimisation des stocks et ne n\u00e9cessite aucune manipulation pour la param\u00e9trer.\",\"breadcrumb\":{\"@id\":\"https:\\\/\\\/hydroleduc.com\\\/de\\\/fiches\\\/xai-pumpe-axialkolbenpume-sae\\\/#breadcrumb\"},\"inLanguage\":\"de\",\"potentialAction\":[{\"@type\":\"ReadAction\",\"target\":[\"https:\\\/\\\/hydroleduc.com\\\/de\\\/fiches\\\/xai-pumpe-axialkolbenpume-sae\\\/\"]}]},{\"@type\":\"ImageObject\",\"inLanguage\":\"de\",\"@id\":\"https:\\\/\\\/hydroleduc.com\\\/de\\\/fiches\\\/xai-pumpe-axialkolbenpume-sae\\\/#primaryimage\",\"url\":\"https:\\\/\\\/hydroleduc.com\\\/de\\\/wp-content\\\/uploads\\\/2018\\\/11\\\/15-XAi-3.png\",\"contentUrl\":\"https:\\\/\\\/hydroleduc.com\\\/de\\\/wp-content\\\/uploads\\\/2018\\\/11\\\/15-XAi-3.png\",\"width\":2560,\"height\":1707,\"caption\":\"15 XAi 3\"},{\"@type\":\"BreadcrumbList\",\"@id\":\"https:\\\/\\\/hydroleduc.com\\\/de\\\/fiches\\\/xai-pumpe-axialkolbenpume-sae\\\/#breadcrumb\",\"itemListElement\":[{\"@type\":\"ListItem\",\"position\":1,\"name\":\"Startseite\",\"item\":\"https:\\\/\\\/hydroleduc.com\\\/de\\\/\"},{\"@type\":\"ListItem\",\"position\":2,\"name\":\"Hydraulik komponenten\",\"item\":\"https:\\\/\\\/hydroleduc.com\\\/de\\\/hydraulikkomponenten\\\/\"},{\"@type\":\"ListItem\",\"position\":3,\"name\":\"Hydraulikpumpen\",\"item\":\"https:\\\/\\\/hydroleduc.com\\\/de\\\/hydraulikkomponenten\\\/hydraulikpumpen\\\/\"},{\"@type\":\"ListItem\",\"position\":4,\"name\":\"Pumpen mit Konstanter F\u00f6rdermenge\",\"item\":\"https:\\\/\\\/hydroleduc.com\\\/de\\\/hydraulikkomponenten\\\/hydraulikpumpen\\\/pumpen-mit-konstanter-fordermenge\\\/\"},{\"@type\":\"ListItem\",\"position\":5,\"name\":\"XAi Pumpe : Axialkolbenpume (SAE)\"}]},{\"@type\":\"WebSite\",\"@id\":\"https:\\\/\\\/hydroleduc.com\\\/de\\\/#website\",\"url\":\"https:\\\/\\\/hydroleduc.com\\\/de\\\/\",\"name\":\"HYDRO LEDUC\",\"description\":\"Hersteller von Hydraulikkomponenten\",\"publisher\":{\"@id\":\"https:\\\/\\\/hydroleduc.com\\\/de\\\/#organization\"},\"potentialAction\":[{\"@type\":\"SearchAction\",\"target\":{\"@type\":\"EntryPoint\",\"urlTemplate\":\"https:\\\/\\\/hydroleduc.com\\\/de\\\/?s={search_term_string}\"},\"query-input\":{\"@type\":\"PropertyValueSpecification\",\"valueRequired\":true,\"valueName\":\"search_term_string\"}}],\"inLanguage\":\"de\"},{\"@type\":\"Organization\",\"@id\":\"https:\\\/\\\/hydroleduc.com\\\/de\\\/#organization\",\"name\":\"HYDRO LEDUC\",\"url\":\"https:\\\/\\\/hydroleduc.com\\\/de\\\/\",\"logo\":{\"@type\":\"ImageObject\",\"inLanguage\":\"de\",\"@id\":\"https:\\\/\\\/hydroleduc.com\\\/de\\\/#\\\/schema\\\/logo\\\/image\\\/\",\"url\":\"https:\\\/\\\/hydroleduc.com\\\/de\\\/wp-content\\\/uploads\\\/2025\\\/01\\\/logo-hydroleduc.png\",\"contentUrl\":\"https:\\\/\\\/hydroleduc.com\\\/de\\\/wp-content\\\/uploads\\\/2025\\\/01\\\/logo-hydroleduc.png\",\"width\":366,\"height\":148,\"caption\":\"HYDRO LEDUC\"},\"image\":{\"@id\":\"https:\\\/\\\/hydroleduc.com\\\/de\\\/#\\\/schema\\\/logo\\\/image\\\/\"}}]}<\/script>\n<!-- \/ Yoast SEO plugin. -->","yoast_head_json":{"title":"XAi Pumpe : Axialkolbenpume (SAE) - HYDRO LEDUC","description":"La pompe \u00e0 cylindr\u00e9e fixe XAi assure l\u2019optimisation des stocks et ne n\u00e9cessite aucune manipulation pour la param\u00e9trer.","robots":{"index":"index","follow":"follow","max-snippet":"max-snippet:-1","max-image-preview":"max-image-preview:large","max-video-preview":"max-video-preview:-1"},"canonical":"https:\/\/hydroleduc.com\/de\/fiches\/xai-pumpe-axialkolbenpume-sae\/","og_locale":"de_DE","og_type":"article","og_title":"XAi Pumpe : Axialkolbenpume (SAE) - HYDRO LEDUC","og_description":"La pompe \u00e0 cylindr\u00e9e fixe XAi assure l\u2019optimisation des stocks et ne n\u00e9cessite aucune manipulation pour la param\u00e9trer.","og_url":"https:\/\/hydroleduc.com\/de\/fiches\/xai-pumpe-axialkolbenpume-sae\/","og_site_name":"HYDRO LEDUC","article_modified_time":"2025-10-17T14:19:11+00:00","og_image":[{"width":2560,"height":1707,"url":"https:\/\/hydroleduc.com\/de\/wp-content\/uploads\/2018\/11\/15-XAi-3.png","type":"image\/png"}],"twitter_card":"summary_large_image","twitter_misc":{"Gesch\u00e4tzte Lesezeit":"1\u00a0Minute"},"schema":{"@context":"https:\/\/schema.org","@graph":[{"@type":"WebPage","@id":"https:\/\/hydroleduc.com\/de\/fiches\/xai-pumpe-axialkolbenpume-sae\/","url":"https:\/\/hydroleduc.com\/de\/fiches\/xai-pumpe-axialkolbenpume-sae\/","name":"XAi Pumpe : Axialkolbenpume (SAE) - HYDRO LEDUC","isPartOf":{"@id":"https:\/\/hydroleduc.com\/de\/#website"},"primaryImageOfPage":{"@id":"https:\/\/hydroleduc.com\/de\/fiches\/xai-pumpe-axialkolbenpume-sae\/#primaryimage"},"image":{"@id":"https:\/\/hydroleduc.com\/de\/fiches\/xai-pumpe-axialkolbenpume-sae\/#primaryimage"},"thumbnailUrl":"https:\/\/hydroleduc.com\/de\/wp-content\/uploads\/2018\/11\/15-XAi-3.png","datePublished":"2025-01-30T14:08:21+00:00","dateModified":"2025-10-17T14:19:11+00:00","description":"La pompe \u00e0 cylindr\u00e9e fixe XAi assure l\u2019optimisation des stocks et ne n\u00e9cessite aucune manipulation pour la param\u00e9trer.","breadcrumb":{"@id":"https:\/\/hydroleduc.com\/de\/fiches\/xai-pumpe-axialkolbenpume-sae\/#breadcrumb"},"inLanguage":"de","potentialAction":[{"@type":"ReadAction","target":["https:\/\/hydroleduc.com\/de\/fiches\/xai-pumpe-axialkolbenpume-sae\/"]}]},{"@type":"ImageObject","inLanguage":"de","@id":"https:\/\/hydroleduc.com\/de\/fiches\/xai-pumpe-axialkolbenpume-sae\/#primaryimage","url":"https:\/\/hydroleduc.com\/de\/wp-content\/uploads\/2018\/11\/15-XAi-3.png","contentUrl":"https:\/\/hydroleduc.com\/de\/wp-content\/uploads\/2018\/11\/15-XAi-3.png","width":2560,"height":1707,"caption":"15 XAi 3"},{"@type":"BreadcrumbList","@id":"https:\/\/hydroleduc.com\/de\/fiches\/xai-pumpe-axialkolbenpume-sae\/#breadcrumb","itemListElement":[{"@type":"ListItem","position":1,"name":"Startseite","item":"https:\/\/hydroleduc.com\/de\/"},{"@type":"ListItem","position":2,"name":"Hydraulik komponenten","item":"https:\/\/hydroleduc.com\/de\/hydraulikkomponenten\/"},{"@type":"ListItem","position":3,"name":"Hydraulikpumpen","item":"https:\/\/hydroleduc.com\/de\/hydraulikkomponenten\/hydraulikpumpen\/"},{"@type":"ListItem","position":4,"name":"Pumpen mit Konstanter F\u00f6rdermenge","item":"https:\/\/hydroleduc.com\/de\/hydraulikkomponenten\/hydraulikpumpen\/pumpen-mit-konstanter-fordermenge\/"},{"@type":"ListItem","position":5,"name":"XAi Pumpe : Axialkolbenpume (SAE)"}]},{"@type":"WebSite","@id":"https:\/\/hydroleduc.com\/de\/#website","url":"https:\/\/hydroleduc.com\/de\/","name":"HYDRO LEDUC","description":"Hersteller von Hydraulikkomponenten","publisher":{"@id":"https:\/\/hydroleduc.com\/de\/#organization"},"potentialAction":[{"@type":"SearchAction","target":{"@type":"EntryPoint","urlTemplate":"https:\/\/hydroleduc.com\/de\/?s={search_term_string}"},"query-input":{"@type":"PropertyValueSpecification","valueRequired":true,"valueName":"search_term_string"}}],"inLanguage":"de"},{"@type":"Organization","@id":"https:\/\/hydroleduc.com\/de\/#organization","name":"HYDRO LEDUC","url":"https:\/\/hydroleduc.com\/de\/","logo":{"@type":"ImageObject","inLanguage":"de","@id":"https:\/\/hydroleduc.com\/de\/#\/schema\/logo\/image\/","url":"https:\/\/hydroleduc.com\/de\/wp-content\/uploads\/2025\/01\/logo-hydroleduc.png","contentUrl":"https:\/\/hydroleduc.com\/de\/wp-content\/uploads\/2025\/01\/logo-hydroleduc.png","width":366,"height":148,"caption":"HYDRO LEDUC"},"image":{"@id":"https:\/\/hydroleduc.com\/de\/#\/schema\/logo\/image\/"}}]}},"_links":{"self":[{"href":"https:\/\/hydroleduc.com\/de\/wp-json\/wp\/v2\/product\/1112","targetHints":{"allow":["GET"]}}],"collection":[{"href":"https:\/\/hydroleduc.com\/de\/wp-json\/wp\/v2\/product"}],"about":[{"href":"https:\/\/hydroleduc.com\/de\/wp-json\/wp\/v2\/types\/product"}],"wp:featuredmedia":[{"embeddable":true,"href":"https:\/\/hydroleduc.com\/de\/wp-json\/wp\/v2\/media\/42671"}],"wp:attachment":[{"href":"https:\/\/hydroleduc.com\/de\/wp-json\/wp\/v2\/media?parent=1112"}],"wp:term":[{"taxonomy":"product_brand","embeddable":true,"href":"https:\/\/hydroleduc.com\/de\/wp-json\/wp\/v2\/product_brand?post=1112"},{"taxonomy":"product_cat","embeddable":true,"href":"https:\/\/hydroleduc.com\/de\/wp-json\/wp\/v2\/product_cat?post=1112"},{"taxonomy":"product_tag","embeddable":true,"href":"https:\/\/hydroleduc.com\/de\/wp-json\/wp\/v2\/product_tag?post=1112"}],"curies":[{"name":"wp","href":"https:\/\/api.w.org\/{rel}","templated":true}]}}