{"id":1113,"date":"2025-01-30T15:09:27","date_gmt":"2025-01-30T14:09:27","guid":{"rendered":"https:\/\/hydroleduc.com\/de\/?post_type=product&#038;p=1113"},"modified":"2025-10-17T16:17:28","modified_gmt":"2025-10-17T14:17:28","slug":"pa-pac-kolbenpumpen","status":"publish","type":"product","link":"https:\/\/hydroleduc.com\/de\/fiches\/pa-pac-kolbenpumpen\/","title":{"rendered":"PA-PAC Kolbenpumpen"},"content":{"rendered":"<p>Produktbeschreibung :<br \/>\nMit ihrem speziellen Design bieten Ihnen die PA-PAC-PAD-Pumpen eine robuste und langfristige L\u00f6sung f\u00fcr den Hochdruckbedarf von LKW-Anwendungen. Durch die Kombination von automatischer Zweiwege-Rotation, hohem Betriebsdruck (bis zu 500 bar Spitze) und relativer Unempfindlichkeit gegen\u00fcber leistungsschwachen oder sogar degradierten Fl\u00fcssigkeiten sind PA-PAC-Pumpen die L\u00f6sung f\u00fcr die rauesten Umgebungen.<\/p>\n<p>Merkmale und Vorteile\u00a0:<\/p>\n<ul>\n<li>Flansch nach DIN ISO14 (DIN 5462),<\/li>\n<li>Einkreis Version : 25 bis 114 ccm\/U,<\/li>\n<li>Zweikreis Version : von 2 x 25 bis 2 x 75 ccm\/U,<\/li>\n<li>Doppelte Drehrichtung, hoher F\u00f6rderdruck,<\/li>\n<li>400 bar Dauerbetrieb und 500 bar Spitzendruck,<\/li>\n<li>Einfaches und robustes Design.<\/li>\n<\/ul>\n<p>Anwendungsbereiche\u00a0:<\/p>\n<ul>\n<li>Lkw-Ausr\u00fcstung (Beispiele: Lkw-Kr\u00e4ne, Forstkr\u00e4ne, Hakenger\u00e4te,<\/li>\n<li>Mehrfachsch\u00fcttungen, Stabilisierungszylinder),<\/li>\n<li>Winterausr\u00fcstung (Beispiele: Streuer, Schneeschaufeln, Turbinen),<\/li>\n<li>Feuerwehrfahrzeuge.<\/li>\n<\/ul>\n","protected":false},"excerpt":{"rendered":"<p><a href=\"https:\/\/qrco.de\/PUMPEN-FUR-LKW\" target=\"_blank\" rel=\"noopener\">Axialkolbenpumpen f\u00fcr LKW<\/a><\/p>\n","protected":false},"featured_media":3003,"template":"","meta":[],"product_brand":[],"product_cat":[46,26,50],"product_tag":[],"class_list":{"0":"post-1113","1":"product","2":"type-product","3":"status-publish","4":"has-post-thumbnail","6":"product_cat-hydraulikpumpen","7":"product_cat-nutzfahrzeughydraulik","8":"product_cat-pumpen-mit-konstanter-fordermenge","10":"first","11":"instock","12":"shipping-taxable","13":"product-type-simple"},"yoast_head":"<!-- This site is optimized with the Yoast SEO plugin v27.2 - https:\/\/yoast.com\/product\/yoast-seo-wordpress\/ -->\n<title>PA-PAC Kolbenpumpen - HYDRO LEDUC<\/title>\n<meta name=\"description\" content=\"Les pompes \u00e0 cylindr\u00e9e fixe PA-PAC offrent une solution robuste et endurante aux besoins en haute pression des applications camions.\" \/>\n<meta name=\"robots\" content=\"index, follow, max-snippet:-1, max-image-preview:large, max-video-preview:-1\" \/>\n<link rel=\"canonical\" href=\"https:\/\/hydroleduc.com\/de\/fiches\/pa-pac-kolbenpumpen\/\" \/>\n<meta property=\"og:locale\" content=\"de_DE\" \/>\n<meta property=\"og:type\" content=\"article\" \/>\n<meta property=\"og:title\" content=\"PA-PAC Kolbenpumpen - HYDRO LEDUC\" \/>\n<meta property=\"og:description\" content=\"Les pompes \u00e0 cylindr\u00e9e fixe PA-PAC offrent une solution robuste et endurante aux besoins en haute pression des applications camions.\" \/>\n<meta property=\"og:url\" content=\"https:\/\/hydroleduc.com\/de\/fiches\/pa-pac-kolbenpumpen\/\" \/>\n<meta property=\"og:site_name\" content=\"HYDRO LEDUC\" \/>\n<meta property=\"article:modified_time\" content=\"2025-10-17T14:17:28+00:00\" \/>\n<meta property=\"og:image\" content=\"https:\/\/hydroleduc.com\/de\/wp-content\/uploads\/2019\/02\/hydroleduc_pompe_pa-2-e1603722249207-1.png\" \/>\n\t<meta property=\"og:image:width\" content=\"500\" \/>\n\t<meta property=\"og:image:height\" content=\"369\" \/>\n\t<meta property=\"og:image:type\" content=\"image\/png\" \/>\n<meta name=\"twitter:card\" content=\"summary_large_image\" \/>\n<meta name=\"twitter:label1\" content=\"Gesch\u00e4tzte Lesezeit\" \/>\n\t<meta name=\"twitter:data1\" content=\"1\u00a0Minute\" \/>\n<script type=\"application\/ld+json\" class=\"yoast-schema-graph\">{\"@context\":\"https:\/\/schema.org\",\"@graph\":[{\"@type\":\"WebPage\",\"@id\":\"https:\/\/hydroleduc.com\/de\/fiches\/pa-pac-kolbenpumpen\/\",\"url\":\"https:\/\/hydroleduc.com\/de\/fiches\/pa-pac-kolbenpumpen\/\",\"name\":\"PA-PAC Kolbenpumpen - HYDRO LEDUC\",\"isPartOf\":{\"@id\":\"https:\/\/hydroleduc.com\/de\/#website\"},\"primaryImageOfPage\":{\"@id\":\"https:\/\/hydroleduc.com\/de\/fiches\/pa-pac-kolbenpumpen\/#primaryimage\"},\"image\":{\"@id\":\"https:\/\/hydroleduc.com\/de\/fiches\/pa-pac-kolbenpumpen\/#primaryimage\"},\"thumbnailUrl\":\"https:\/\/hydroleduc.com\/de\/wp-content\/uploads\/2019\/02\/hydroleduc_pompe_pa-2-e1603722249207-1.png\",\"datePublished\":\"2025-01-30T14:09:27+00:00\",\"dateModified\":\"2025-10-17T14:17:28+00:00\",\"description\":\"Les pompes \u00e0 cylindr\u00e9e fixe PA-PAC offrent une solution robuste et endurante aux besoins en haute pression des applications camions.\",\"breadcrumb\":{\"@id\":\"https:\/\/hydroleduc.com\/de\/fiches\/pa-pac-kolbenpumpen\/#breadcrumb\"},\"inLanguage\":\"de\",\"potentialAction\":[{\"@type\":\"ReadAction\",\"target\":[\"https:\/\/hydroleduc.com\/de\/fiches\/pa-pac-kolbenpumpen\/\"]}]},{\"@type\":\"ImageObject\",\"inLanguage\":\"de\",\"@id\":\"https:\/\/hydroleduc.com\/de\/fiches\/pa-pac-kolbenpumpen\/#primaryimage\",\"url\":\"https:\/\/hydroleduc.com\/de\/wp-content\/uploads\/2019\/02\/hydroleduc_pompe_pa-2-e1603722249207-1.png\",\"contentUrl\":\"https:\/\/hydroleduc.com\/de\/wp-content\/uploads\/2019\/02\/hydroleduc_pompe_pa-2-e1603722249207-1.png\",\"width\":500,\"height\":369,\"caption\":\"hydroleduc pompe pa 2 e1603722249207 1\"},{\"@type\":\"BreadcrumbList\",\"@id\":\"https:\/\/hydroleduc.com\/de\/fiches\/pa-pac-kolbenpumpen\/#breadcrumb\",\"itemListElement\":[{\"@type\":\"ListItem\",\"position\":1,\"name\":\"Startseite\",\"item\":\"https:\/\/hydroleduc.com\/de\/\"},{\"@type\":\"ListItem\",\"position\":2,\"name\":\"Hydraulik komponenten\",\"item\":\"https:\/\/hydroleduc.com\/de\/hydraulikkomponenten\/\"},{\"@type\":\"ListItem\",\"position\":3,\"name\":\"Hydraulikpumpen\",\"item\":\"https:\/\/hydroleduc.com\/de\/hydraulikkomponenten\/hydraulikpumpen\/\"},{\"@type\":\"ListItem\",\"position\":4,\"name\":\"Pumpen mit Konstanter F\u00f6rdermenge\",\"item\":\"https:\/\/hydroleduc.com\/de\/hydraulikkomponenten\/hydraulikpumpen\/pumpen-mit-konstanter-fordermenge\/\"},{\"@type\":\"ListItem\",\"position\":5,\"name\":\"PA-PAC Kolbenpumpen\"}]},{\"@type\":\"WebSite\",\"@id\":\"https:\/\/hydroleduc.com\/de\/#website\",\"url\":\"https:\/\/hydroleduc.com\/de\/\",\"name\":\"HYDRO LEDUC\",\"description\":\"Hersteller von Hydraulikkomponenten\",\"publisher\":{\"@id\":\"https:\/\/hydroleduc.com\/de\/#organization\"},\"potentialAction\":[{\"@type\":\"SearchAction\",\"target\":{\"@type\":\"EntryPoint\",\"urlTemplate\":\"https:\/\/hydroleduc.com\/de\/?s={search_term_string}\"},\"query-input\":{\"@type\":\"PropertyValueSpecification\",\"valueRequired\":true,\"valueName\":\"search_term_string\"}}],\"inLanguage\":\"de\"},{\"@type\":\"Organization\",\"@id\":\"https:\/\/hydroleduc.com\/de\/#organization\",\"name\":\"HYDRO LEDUC\",\"url\":\"https:\/\/hydroleduc.com\/de\/\",\"logo\":{\"@type\":\"ImageObject\",\"inLanguage\":\"de\",\"@id\":\"https:\/\/hydroleduc.com\/de\/#\/schema\/logo\/image\/\",\"url\":\"https:\/\/hydroleduc.com\/de\/wp-content\/uploads\/2025\/01\/logo-hydroleduc.png\",\"contentUrl\":\"https:\/\/hydroleduc.com\/de\/wp-content\/uploads\/2025\/01\/logo-hydroleduc.png\",\"width\":366,\"height\":148,\"caption\":\"HYDRO LEDUC\"},\"image\":{\"@id\":\"https:\/\/hydroleduc.com\/de\/#\/schema\/logo\/image\/\"}}]}<\/script>\n<!-- \/ Yoast SEO plugin. -->","yoast_head_json":{"title":"PA-PAC Kolbenpumpen - HYDRO LEDUC","description":"Les pompes \u00e0 cylindr\u00e9e fixe PA-PAC offrent une solution robuste et endurante aux besoins en haute pression des applications camions.","robots":{"index":"index","follow":"follow","max-snippet":"max-snippet:-1","max-image-preview":"max-image-preview:large","max-video-preview":"max-video-preview:-1"},"canonical":"https:\/\/hydroleduc.com\/de\/fiches\/pa-pac-kolbenpumpen\/","og_locale":"de_DE","og_type":"article","og_title":"PA-PAC Kolbenpumpen - HYDRO LEDUC","og_description":"Les pompes \u00e0 cylindr\u00e9e fixe PA-PAC offrent une solution robuste et endurante aux besoins en haute pression des applications camions.","og_url":"https:\/\/hydroleduc.com\/de\/fiches\/pa-pac-kolbenpumpen\/","og_site_name":"HYDRO LEDUC","article_modified_time":"2025-10-17T14:17:28+00:00","og_image":[{"width":500,"height":369,"url":"https:\/\/hydroleduc.com\/de\/wp-content\/uploads\/2019\/02\/hydroleduc_pompe_pa-2-e1603722249207-1.png","type":"image\/png"}],"twitter_card":"summary_large_image","twitter_misc":{"Gesch\u00e4tzte Lesezeit":"1\u00a0Minute"},"schema":{"@context":"https:\/\/schema.org","@graph":[{"@type":"WebPage","@id":"https:\/\/hydroleduc.com\/de\/fiches\/pa-pac-kolbenpumpen\/","url":"https:\/\/hydroleduc.com\/de\/fiches\/pa-pac-kolbenpumpen\/","name":"PA-PAC Kolbenpumpen - HYDRO LEDUC","isPartOf":{"@id":"https:\/\/hydroleduc.com\/de\/#website"},"primaryImageOfPage":{"@id":"https:\/\/hydroleduc.com\/de\/fiches\/pa-pac-kolbenpumpen\/#primaryimage"},"image":{"@id":"https:\/\/hydroleduc.com\/de\/fiches\/pa-pac-kolbenpumpen\/#primaryimage"},"thumbnailUrl":"https:\/\/hydroleduc.com\/de\/wp-content\/uploads\/2019\/02\/hydroleduc_pompe_pa-2-e1603722249207-1.png","datePublished":"2025-01-30T14:09:27+00:00","dateModified":"2025-10-17T14:17:28+00:00","description":"Les pompes \u00e0 cylindr\u00e9e fixe PA-PAC offrent une solution robuste et endurante aux besoins en haute pression des applications camions.","breadcrumb":{"@id":"https:\/\/hydroleduc.com\/de\/fiches\/pa-pac-kolbenpumpen\/#breadcrumb"},"inLanguage":"de","potentialAction":[{"@type":"ReadAction","target":["https:\/\/hydroleduc.com\/de\/fiches\/pa-pac-kolbenpumpen\/"]}]},{"@type":"ImageObject","inLanguage":"de","@id":"https:\/\/hydroleduc.com\/de\/fiches\/pa-pac-kolbenpumpen\/#primaryimage","url":"https:\/\/hydroleduc.com\/de\/wp-content\/uploads\/2019\/02\/hydroleduc_pompe_pa-2-e1603722249207-1.png","contentUrl":"https:\/\/hydroleduc.com\/de\/wp-content\/uploads\/2019\/02\/hydroleduc_pompe_pa-2-e1603722249207-1.png","width":500,"height":369,"caption":"hydroleduc pompe pa 2 e1603722249207 1"},{"@type":"BreadcrumbList","@id":"https:\/\/hydroleduc.com\/de\/fiches\/pa-pac-kolbenpumpen\/#breadcrumb","itemListElement":[{"@type":"ListItem","position":1,"name":"Startseite","item":"https:\/\/hydroleduc.com\/de\/"},{"@type":"ListItem","position":2,"name":"Hydraulik komponenten","item":"https:\/\/hydroleduc.com\/de\/hydraulikkomponenten\/"},{"@type":"ListItem","position":3,"name":"Hydraulikpumpen","item":"https:\/\/hydroleduc.com\/de\/hydraulikkomponenten\/hydraulikpumpen\/"},{"@type":"ListItem","position":4,"name":"Pumpen mit Konstanter F\u00f6rdermenge","item":"https:\/\/hydroleduc.com\/de\/hydraulikkomponenten\/hydraulikpumpen\/pumpen-mit-konstanter-fordermenge\/"},{"@type":"ListItem","position":5,"name":"PA-PAC Kolbenpumpen"}]},{"@type":"WebSite","@id":"https:\/\/hydroleduc.com\/de\/#website","url":"https:\/\/hydroleduc.com\/de\/","name":"HYDRO LEDUC","description":"Hersteller von Hydraulikkomponenten","publisher":{"@id":"https:\/\/hydroleduc.com\/de\/#organization"},"potentialAction":[{"@type":"SearchAction","target":{"@type":"EntryPoint","urlTemplate":"https:\/\/hydroleduc.com\/de\/?s={search_term_string}"},"query-input":{"@type":"PropertyValueSpecification","valueRequired":true,"valueName":"search_term_string"}}],"inLanguage":"de"},{"@type":"Organization","@id":"https:\/\/hydroleduc.com\/de\/#organization","name":"HYDRO LEDUC","url":"https:\/\/hydroleduc.com\/de\/","logo":{"@type":"ImageObject","inLanguage":"de","@id":"https:\/\/hydroleduc.com\/de\/#\/schema\/logo\/image\/","url":"https:\/\/hydroleduc.com\/de\/wp-content\/uploads\/2025\/01\/logo-hydroleduc.png","contentUrl":"https:\/\/hydroleduc.com\/de\/wp-content\/uploads\/2025\/01\/logo-hydroleduc.png","width":366,"height":148,"caption":"HYDRO LEDUC"},"image":{"@id":"https:\/\/hydroleduc.com\/de\/#\/schema\/logo\/image\/"}}]}},"_links":{"self":[{"href":"https:\/\/hydroleduc.com\/de\/wp-json\/wp\/v2\/product\/1113","targetHints":{"allow":["GET"]}}],"collection":[{"href":"https:\/\/hydroleduc.com\/de\/wp-json\/wp\/v2\/product"}],"about":[{"href":"https:\/\/hydroleduc.com\/de\/wp-json\/wp\/v2\/types\/product"}],"wp:featuredmedia":[{"embeddable":true,"href":"https:\/\/hydroleduc.com\/de\/wp-json\/wp\/v2\/media\/3003"}],"wp:attachment":[{"href":"https:\/\/hydroleduc.com\/de\/wp-json\/wp\/v2\/media?parent=1113"}],"wp:term":[{"taxonomy":"product_brand","embeddable":true,"href":"https:\/\/hydroleduc.com\/de\/wp-json\/wp\/v2\/product_brand?post=1113"},{"taxonomy":"product_cat","embeddable":true,"href":"https:\/\/hydroleduc.com\/de\/wp-json\/wp\/v2\/product_cat?post=1113"},{"taxonomy":"product_tag","embeddable":true,"href":"https:\/\/hydroleduc.com\/de\/wp-json\/wp\/v2\/product_tag?post=1113"}],"curies":[{"name":"wp","href":"https:\/\/api.w.org\/{rel}","templated":true}]}}