{"id":1114,"date":"2025-01-30T15:10:24","date_gmt":"2025-01-30T14:10:24","guid":{"rendered":"https:\/\/hydroleduc.com\/de\/?post_type=product&#038;p=1114"},"modified":"2025-10-17T16:18:27","modified_gmt":"2025-10-17T14:18:27","slug":"txv-serie-pumpe","status":"publish","type":"product","link":"https:\/\/hydroleduc.com\/de\/fiches\/txv-serie-pumpe\/","title":{"rendered":"TXV Serie Pumpe"},"content":{"rendered":"<p>Produktbeschreibung :<br \/>\nDiese speziell f\u00fcr die Lkw-Hydraulik entwickelte Verstellpumpe mit LS-Steuerung (Load Sensing) erm\u00f6glicht eine auf die Anforderungen der Anwendung abgestimmte Durchflussregelung. Diese Pumpe passt sich eigenst\u00e4ndig an, um f\u00fcr jede Bewegung das erforderlich \u00d6lvolumen zu f\u00f6rdern. Ihr kompakter Bauraum erm\u00f6glicht ein direktes Anflansch an den Nebenantrieb (Motor oder Getriebe) oder auch \u00fcber eine Zapfwelle. Die TXV-Pumpe ist mit einem maximalen F\u00f6rdervolumen von 40 bis 150 cm3\/U. erh\u00e4ltlich und kann bei einem Arbeitsdruck von bis zu 400 bar betrieben werden.<\/p>\n<p>Merkmale und Vorteile\u00a0:<\/p>\n<ul>\n<li>Mit \u201eLoad-Sensing\u201c-Regelung ausgestattet,<\/li>\n<li>Flansch nach DIN ISO14 (DIN 5462),<\/li>\n<li>Verf\u00fcgbar in 150 ccm\/U. (einzigartig auf dem Markt),<\/li>\n<li>Druck bis zu 400 bar (Modellabh\u00e4ngig),<\/li>\n<li>Drehzahl bei maximaler F\u00f6rderleistung von 1750 bis 3000 U\/min.,<\/li>\n<li>Kompaktes Design,<\/li>\n<li>Version mit Durchtrieb (Antrieb einer zweiten Pumpe),<\/li>\n<li>Mit Konstant- Drehmoment-Regelung verf\u00fcgbar (Druck x Volumenstrom = Konstant),<\/li>\n<li>Optionale Einstellschraube zur Reduzierung des F\u00f6rdervolumens auf Anfrage.<\/li>\n<\/ul>\n<p>Anwendungsbereiche\u00a0:<\/p>\n<ul>\n<li>Lkw-Ausr\u00fcstung (Ladekr\u00e4ne, Forstkr\u00e4ne, Abfall-Sammelfahrzeuge, Streuer und Schneer\u00e4umfahrzeuge sowie andere Fahrzeuge f\u00fcr kommunale Arbeiten),<\/li>\n<li>Milit\u00e4r,<\/li>\n<li>Landwirtschaftliche Maschinen.<\/li>\n<\/ul>\n","protected":false},"excerpt":{"rendered":"<p><a href=\"https:\/\/qrco.de\/PUMPEN-FUR-LKW\" target=\"_blank\" rel=\"noopener\">Axialkolbenpumpen f\u00fcr LKW<\/a><\/p>\n","protected":false},"featured_media":3039,"template":"","meta":[],"product_brand":[],"product_cat":[46,26,51],"product_tag":[],"class_list":{"0":"post-1114","1":"product","2":"type-product","3":"status-publish","4":"has-post-thumbnail","6":"product_cat-hydraulikpumpen","7":"product_cat-nutzfahrzeughydraulik","8":"product_cat-verstellpumpen","10":"first","11":"instock","12":"shipping-taxable","13":"product-type-simple"},"yoast_head":"<!-- This site is optimized with the Yoast SEO plugin v27.2 - https:\/\/yoast.com\/product\/yoast-seo-wordpress\/ -->\n<title>TXV Serie Pumpe - HYDRO LEDUC<\/title>\n<meta name=\"description\" content=\"Hydro Leduc a sp\u00e9cifiquement con\u00e7u la pompe s\u00e9rie TVX pour r\u00e9pondre aux besoins de l\u2019hydraulique camion.\" \/>\n<meta name=\"robots\" content=\"index, follow, max-snippet:-1, max-image-preview:large, max-video-preview:-1\" \/>\n<link rel=\"canonical\" href=\"https:\/\/hydroleduc.com\/de\/fiches\/txv-serie-pumpe\/\" \/>\n<meta property=\"og:locale\" content=\"de_DE\" \/>\n<meta property=\"og:type\" content=\"article\" \/>\n<meta property=\"og:title\" content=\"TXV Serie Pumpe - HYDRO LEDUC\" \/>\n<meta property=\"og:description\" content=\"Hydro Leduc a sp\u00e9cifiquement con\u00e7u la pompe s\u00e9rie TVX pour r\u00e9pondre aux besoins de l\u2019hydraulique camion.\" \/>\n<meta property=\"og:url\" content=\"https:\/\/hydroleduc.com\/de\/fiches\/txv-serie-pumpe\/\" \/>\n<meta property=\"og:site_name\" content=\"HYDRO LEDUC\" \/>\n<meta property=\"article:modified_time\" content=\"2025-10-17T14:18:27+00:00\" \/>\n<meta property=\"og:image\" content=\"https:\/\/hydroleduc.com\/de\/wp-content\/uploads\/2019\/02\/hydroleduc_pompe_txv-e1603721661949-1-894x1024.png\" \/>\n\t<meta property=\"og:image:width\" content=\"894\" \/>\n\t<meta property=\"og:image:height\" content=\"1024\" \/>\n\t<meta property=\"og:image:type\" content=\"image\/png\" \/>\n<meta name=\"twitter:card\" content=\"summary_large_image\" \/>\n<meta name=\"twitter:label1\" content=\"Gesch\u00e4tzte Lesezeit\" \/>\n\t<meta name=\"twitter:data1\" content=\"2\u00a0Minuten\" \/>\n<script type=\"application\/ld+json\" class=\"yoast-schema-graph\">{\"@context\":\"https:\/\/schema.org\",\"@graph\":[{\"@type\":\"WebPage\",\"@id\":\"https:\/\/hydroleduc.com\/de\/fiches\/txv-serie-pumpe\/\",\"url\":\"https:\/\/hydroleduc.com\/de\/fiches\/txv-serie-pumpe\/\",\"name\":\"TXV Serie Pumpe - HYDRO LEDUC\",\"isPartOf\":{\"@id\":\"https:\/\/hydroleduc.com\/de\/#website\"},\"primaryImageOfPage\":{\"@id\":\"https:\/\/hydroleduc.com\/de\/fiches\/txv-serie-pumpe\/#primaryimage\"},\"image\":{\"@id\":\"https:\/\/hydroleduc.com\/de\/fiches\/txv-serie-pumpe\/#primaryimage\"},\"thumbnailUrl\":\"https:\/\/hydroleduc.com\/de\/wp-content\/uploads\/2019\/02\/hydroleduc_pompe_txv-e1603721661949-1.png\",\"datePublished\":\"2025-01-30T14:10:24+00:00\",\"dateModified\":\"2025-10-17T14:18:27+00:00\",\"description\":\"Hydro Leduc a sp\u00e9cifiquement con\u00e7u la pompe s\u00e9rie TVX pour r\u00e9pondre aux besoins de l\u2019hydraulique camion.\",\"breadcrumb\":{\"@id\":\"https:\/\/hydroleduc.com\/de\/fiches\/txv-serie-pumpe\/#breadcrumb\"},\"inLanguage\":\"de\",\"potentialAction\":[{\"@type\":\"ReadAction\",\"target\":[\"https:\/\/hydroleduc.com\/de\/fiches\/txv-serie-pumpe\/\"]}]},{\"@type\":\"ImageObject\",\"inLanguage\":\"de\",\"@id\":\"https:\/\/hydroleduc.com\/de\/fiches\/txv-serie-pumpe\/#primaryimage\",\"url\":\"https:\/\/hydroleduc.com\/de\/wp-content\/uploads\/2019\/02\/hydroleduc_pompe_txv-e1603721661949-1.png\",\"contentUrl\":\"https:\/\/hydroleduc.com\/de\/wp-content\/uploads\/2019\/02\/hydroleduc_pompe_txv-e1603721661949-1.png\",\"width\":2000,\"height\":2290,\"caption\":\"hydroleduc pompe txv e1603721661949 1\"},{\"@type\":\"BreadcrumbList\",\"@id\":\"https:\/\/hydroleduc.com\/de\/fiches\/txv-serie-pumpe\/#breadcrumb\",\"itemListElement\":[{\"@type\":\"ListItem\",\"position\":1,\"name\":\"Startseite\",\"item\":\"https:\/\/hydroleduc.com\/de\/\"},{\"@type\":\"ListItem\",\"position\":2,\"name\":\"Hydraulik komponenten\",\"item\":\"https:\/\/hydroleduc.com\/de\/hydraulikkomponenten\/\"},{\"@type\":\"ListItem\",\"position\":3,\"name\":\"Hydraulikpumpen\",\"item\":\"https:\/\/hydroleduc.com\/de\/hydraulikkomponenten\/hydraulikpumpen\/\"},{\"@type\":\"ListItem\",\"position\":4,\"name\":\"Verstellpumpen\",\"item\":\"https:\/\/hydroleduc.com\/de\/hydraulikkomponenten\/hydraulikpumpen\/verstellpumpen\/\"},{\"@type\":\"ListItem\",\"position\":5,\"name\":\"TXV Serie Pumpe\"}]},{\"@type\":\"WebSite\",\"@id\":\"https:\/\/hydroleduc.com\/de\/#website\",\"url\":\"https:\/\/hydroleduc.com\/de\/\",\"name\":\"HYDRO LEDUC\",\"description\":\"Hersteller von Hydraulikkomponenten\",\"publisher\":{\"@id\":\"https:\/\/hydroleduc.com\/de\/#organization\"},\"potentialAction\":[{\"@type\":\"SearchAction\",\"target\":{\"@type\":\"EntryPoint\",\"urlTemplate\":\"https:\/\/hydroleduc.com\/de\/?s={search_term_string}\"},\"query-input\":{\"@type\":\"PropertyValueSpecification\",\"valueRequired\":true,\"valueName\":\"search_term_string\"}}],\"inLanguage\":\"de\"},{\"@type\":\"Organization\",\"@id\":\"https:\/\/hydroleduc.com\/de\/#organization\",\"name\":\"HYDRO LEDUC\",\"url\":\"https:\/\/hydroleduc.com\/de\/\",\"logo\":{\"@type\":\"ImageObject\",\"inLanguage\":\"de\",\"@id\":\"https:\/\/hydroleduc.com\/de\/#\/schema\/logo\/image\/\",\"url\":\"https:\/\/hydroleduc.com\/de\/wp-content\/uploads\/2025\/01\/logo-hydroleduc.png\",\"contentUrl\":\"https:\/\/hydroleduc.com\/de\/wp-content\/uploads\/2025\/01\/logo-hydroleduc.png\",\"width\":366,\"height\":148,\"caption\":\"HYDRO LEDUC\"},\"image\":{\"@id\":\"https:\/\/hydroleduc.com\/de\/#\/schema\/logo\/image\/\"}}]}<\/script>\n<!-- \/ Yoast SEO plugin. -->","yoast_head_json":{"title":"TXV Serie Pumpe - HYDRO LEDUC","description":"Hydro Leduc a sp\u00e9cifiquement con\u00e7u la pompe s\u00e9rie TVX pour r\u00e9pondre aux besoins de l\u2019hydraulique camion.","robots":{"index":"index","follow":"follow","max-snippet":"max-snippet:-1","max-image-preview":"max-image-preview:large","max-video-preview":"max-video-preview:-1"},"canonical":"https:\/\/hydroleduc.com\/de\/fiches\/txv-serie-pumpe\/","og_locale":"de_DE","og_type":"article","og_title":"TXV Serie Pumpe - HYDRO LEDUC","og_description":"Hydro Leduc a sp\u00e9cifiquement con\u00e7u la pompe s\u00e9rie TVX pour r\u00e9pondre aux besoins de l\u2019hydraulique camion.","og_url":"https:\/\/hydroleduc.com\/de\/fiches\/txv-serie-pumpe\/","og_site_name":"HYDRO LEDUC","article_modified_time":"2025-10-17T14:18:27+00:00","og_image":[{"width":894,"height":1024,"url":"https:\/\/hydroleduc.com\/de\/wp-content\/uploads\/2019\/02\/hydroleduc_pompe_txv-e1603721661949-1-894x1024.png","type":"image\/png"}],"twitter_card":"summary_large_image","twitter_misc":{"Gesch\u00e4tzte Lesezeit":"2\u00a0Minuten"},"schema":{"@context":"https:\/\/schema.org","@graph":[{"@type":"WebPage","@id":"https:\/\/hydroleduc.com\/de\/fiches\/txv-serie-pumpe\/","url":"https:\/\/hydroleduc.com\/de\/fiches\/txv-serie-pumpe\/","name":"TXV Serie Pumpe - HYDRO LEDUC","isPartOf":{"@id":"https:\/\/hydroleduc.com\/de\/#website"},"primaryImageOfPage":{"@id":"https:\/\/hydroleduc.com\/de\/fiches\/txv-serie-pumpe\/#primaryimage"},"image":{"@id":"https:\/\/hydroleduc.com\/de\/fiches\/txv-serie-pumpe\/#primaryimage"},"thumbnailUrl":"https:\/\/hydroleduc.com\/de\/wp-content\/uploads\/2019\/02\/hydroleduc_pompe_txv-e1603721661949-1.png","datePublished":"2025-01-30T14:10:24+00:00","dateModified":"2025-10-17T14:18:27+00:00","description":"Hydro Leduc a sp\u00e9cifiquement con\u00e7u la pompe s\u00e9rie TVX pour r\u00e9pondre aux besoins de l\u2019hydraulique camion.","breadcrumb":{"@id":"https:\/\/hydroleduc.com\/de\/fiches\/txv-serie-pumpe\/#breadcrumb"},"inLanguage":"de","potentialAction":[{"@type":"ReadAction","target":["https:\/\/hydroleduc.com\/de\/fiches\/txv-serie-pumpe\/"]}]},{"@type":"ImageObject","inLanguage":"de","@id":"https:\/\/hydroleduc.com\/de\/fiches\/txv-serie-pumpe\/#primaryimage","url":"https:\/\/hydroleduc.com\/de\/wp-content\/uploads\/2019\/02\/hydroleduc_pompe_txv-e1603721661949-1.png","contentUrl":"https:\/\/hydroleduc.com\/de\/wp-content\/uploads\/2019\/02\/hydroleduc_pompe_txv-e1603721661949-1.png","width":2000,"height":2290,"caption":"hydroleduc pompe txv e1603721661949 1"},{"@type":"BreadcrumbList","@id":"https:\/\/hydroleduc.com\/de\/fiches\/txv-serie-pumpe\/#breadcrumb","itemListElement":[{"@type":"ListItem","position":1,"name":"Startseite","item":"https:\/\/hydroleduc.com\/de\/"},{"@type":"ListItem","position":2,"name":"Hydraulik komponenten","item":"https:\/\/hydroleduc.com\/de\/hydraulikkomponenten\/"},{"@type":"ListItem","position":3,"name":"Hydraulikpumpen","item":"https:\/\/hydroleduc.com\/de\/hydraulikkomponenten\/hydraulikpumpen\/"},{"@type":"ListItem","position":4,"name":"Verstellpumpen","item":"https:\/\/hydroleduc.com\/de\/hydraulikkomponenten\/hydraulikpumpen\/verstellpumpen\/"},{"@type":"ListItem","position":5,"name":"TXV Serie Pumpe"}]},{"@type":"WebSite","@id":"https:\/\/hydroleduc.com\/de\/#website","url":"https:\/\/hydroleduc.com\/de\/","name":"HYDRO LEDUC","description":"Hersteller von Hydraulikkomponenten","publisher":{"@id":"https:\/\/hydroleduc.com\/de\/#organization"},"potentialAction":[{"@type":"SearchAction","target":{"@type":"EntryPoint","urlTemplate":"https:\/\/hydroleduc.com\/de\/?s={search_term_string}"},"query-input":{"@type":"PropertyValueSpecification","valueRequired":true,"valueName":"search_term_string"}}],"inLanguage":"de"},{"@type":"Organization","@id":"https:\/\/hydroleduc.com\/de\/#organization","name":"HYDRO LEDUC","url":"https:\/\/hydroleduc.com\/de\/","logo":{"@type":"ImageObject","inLanguage":"de","@id":"https:\/\/hydroleduc.com\/de\/#\/schema\/logo\/image\/","url":"https:\/\/hydroleduc.com\/de\/wp-content\/uploads\/2025\/01\/logo-hydroleduc.png","contentUrl":"https:\/\/hydroleduc.com\/de\/wp-content\/uploads\/2025\/01\/logo-hydroleduc.png","width":366,"height":148,"caption":"HYDRO LEDUC"},"image":{"@id":"https:\/\/hydroleduc.com\/de\/#\/schema\/logo\/image\/"}}]}},"_links":{"self":[{"href":"https:\/\/hydroleduc.com\/de\/wp-json\/wp\/v2\/product\/1114","targetHints":{"allow":["GET"]}}],"collection":[{"href":"https:\/\/hydroleduc.com\/de\/wp-json\/wp\/v2\/product"}],"about":[{"href":"https:\/\/hydroleduc.com\/de\/wp-json\/wp\/v2\/types\/product"}],"wp:featuredmedia":[{"embeddable":true,"href":"https:\/\/hydroleduc.com\/de\/wp-json\/wp\/v2\/media\/3039"}],"wp:attachment":[{"href":"https:\/\/hydroleduc.com\/de\/wp-json\/wp\/v2\/media?parent=1114"}],"wp:term":[{"taxonomy":"product_brand","embeddable":true,"href":"https:\/\/hydroleduc.com\/de\/wp-json\/wp\/v2\/product_brand?post=1114"},{"taxonomy":"product_cat","embeddable":true,"href":"https:\/\/hydroleduc.com\/de\/wp-json\/wp\/v2\/product_cat?post=1114"},{"taxonomy":"product_tag","embeddable":true,"href":"https:\/\/hydroleduc.com\/de\/wp-json\/wp\/v2\/product_tag?post=1114"}],"curies":[{"name":"wp","href":"https:\/\/api.w.org\/{rel}","templated":true}]}}