{"id":1115,"date":"2025-01-30T15:11:27","date_gmt":"2025-01-30T14:11:27","guid":{"rendered":"https:\/\/hydroleduc.com\/de\/?post_type=product&#038;p=1115"},"modified":"2025-10-17T16:24:51","modified_gmt":"2025-10-17T14:24:51","slug":"mxp-mxa-motor-serie","status":"publish","type":"product","link":"https:\/\/hydroleduc.com\/de\/fiches\/mxp-mxa-motor-serie\/","title":{"rendered":"MXP\/MXA Motor Serie"},"content":{"rendered":"<p>Produktbeschreibung :<br \/>\nMXP- und MXA-Hydraulikmotore sind in einer 40\u00b0-Schr\u00e4gachsenversion ausgef\u00fchrt und somit optimal bez\u00fcglich des Leistungs- und Baugr\u00f6\u00dfenverh\u00e4ltnisses. Diese Motorenbaureihe wurde entwickelt f\u00fcr station\u00e4re und mobile Anwendungen und kann in offenen und geschlossenen Hydrauliksystemen eingesetzt werden. Diese Motorenbaureihe ist ausgelegt f\u00fcr nicht permanenten Betrieb (nur f\u00fcr intermittierende Eins\u00e4tze). Typische Anwendungen sind LKW-Aggregate, Land- und Baumaschinen. F\u00fcr Dauerbetrieb (Heavy-Duty-Anwendungen) verweisen wir auf unsere Motorenbaureihen der M-, MA- und MSI-Serie.<\/p>\n<p>Merkmale und Vorteile\u00a0:<\/p>\n<ul>\n<li>MXP Serie : von 25 bis 126 ccm\/U. (DIN ISO14),<\/li>\n<li>MXA Serie : von 25 bis 63 ccm\/U.\u00a0\u00a0 (SAE J744),<\/li>\n<li>Drehzahl bis zu 6900 U\/min. (Modellabh\u00e4ngig),<\/li>\n<li>Zul\u00e4ssiger Dauerdruck 400 bar \/ Spitzendruck 450 bar,<\/li>\n<li>Wechselnde Drehrichtungen (CW oder CCW),<\/li>\n<li>Kann in allen Befestigungspositionen verbaut werden,<\/li>\n<li>Ausgelegt f\u00fcr intermittierenden Einsatz.<\/li>\n<\/ul>\n<p>Anwendungsbereiche\u00a0:<\/p>\n<ul>\n<li>Pumpenantrieb,<\/li>\n<li>Mobile Anwendungen,<\/li>\n<li>Landwirtschaftliche Maschinen.<\/li>\n<\/ul>\n","protected":false},"excerpt":{"rendered":"<p><a href=\"https:\/\/qrco.de\/MXP-MOTORS\" target=\"_blank\" rel=\"noopener\">MXP Motor Serie<\/a><\/p>\n<p><a href=\"https:\/\/hydroleduc.com\/de\/wp-content\/uploads\/2025\/04\/hydroleduc_MXA_20210408_DE.pdf\" target=\"_blank\" rel=\"noopener\">MXA Motor Serie<\/a><\/p>\n<p>&nbsp;<\/p>\n","protected":false},"featured_media":3227,"template":"","meta":[],"product_brand":[],"product_cat":[47,55,26],"product_tag":[],"class_list":{"0":"post-1115","1":"product","2":"type-product","3":"status-publish","4":"has-post-thumbnail","6":"product_cat-hydraulikmotoren","7":"product_cat-motoren-mit-konstanter-fordermenge","8":"product_cat-nutzfahrzeughydraulik","10":"first","11":"instock","12":"shipping-taxable","13":"product-type-simple"},"yoast_head":"<!-- This site is optimized with the Yoast SEO plugin v27.2 - https:\/\/yoast.com\/product\/yoast-seo-wordpress\/ -->\n<title>MXP\/MXA Motor Serie - HYDRO LEDUC<\/title>\n<meta name=\"description\" content=\"Chez Hydro Leduc, les moteurs MXP\/MXA sont con\u00e7us pour \u00eatre utilis\u00e9s aussi bien en circuit ferm\u00e9 qu\u2019en circuit ouvert.\" \/>\n<meta name=\"robots\" content=\"index, follow, max-snippet:-1, max-image-preview:large, max-video-preview:-1\" \/>\n<link rel=\"canonical\" href=\"https:\/\/hydroleduc.com\/de\/fiches\/mxp-mxa-motor-serie\/\" \/>\n<meta property=\"og:locale\" content=\"de_DE\" \/>\n<meta property=\"og:type\" content=\"article\" \/>\n<meta property=\"og:title\" content=\"MXP\/MXA Motor Serie - HYDRO LEDUC\" \/>\n<meta property=\"og:description\" content=\"Chez Hydro Leduc, les moteurs MXP\/MXA sont con\u00e7us pour \u00eatre utilis\u00e9s aussi bien en circuit ferm\u00e9 qu\u2019en circuit ouvert.\" \/>\n<meta property=\"og:url\" content=\"https:\/\/hydroleduc.com\/de\/fiches\/mxp-mxa-motor-serie\/\" \/>\n<meta property=\"og:site_name\" content=\"HYDRO LEDUC\" \/>\n<meta property=\"article:modified_time\" content=\"2025-10-17T14:24:51+00:00\" \/>\n<meta property=\"og:image\" content=\"https:\/\/hydroleduc.com\/de\/wp-content\/uploads\/2019\/02\/hydroleduc_moteur_mxp-991x1024.png\" \/>\n\t<meta property=\"og:image:width\" content=\"991\" \/>\n\t<meta property=\"og:image:height\" content=\"1024\" \/>\n\t<meta property=\"og:image:type\" content=\"image\/png\" \/>\n<meta name=\"twitter:card\" content=\"summary_large_image\" \/>\n<meta name=\"twitter:label1\" content=\"Gesch\u00e4tzte Lesezeit\" \/>\n\t<meta name=\"twitter:data1\" content=\"1\u00a0Minute\" \/>\n<script type=\"application\/ld+json\" class=\"yoast-schema-graph\">{\"@context\":\"https:\/\/schema.org\",\"@graph\":[{\"@type\":\"WebPage\",\"@id\":\"https:\/\/hydroleduc.com\/de\/fiches\/mxp-mxa-motor-serie\/\",\"url\":\"https:\/\/hydroleduc.com\/de\/fiches\/mxp-mxa-motor-serie\/\",\"name\":\"MXP\/MXA Motor Serie - HYDRO LEDUC\",\"isPartOf\":{\"@id\":\"https:\/\/hydroleduc.com\/de\/#website\"},\"primaryImageOfPage\":{\"@id\":\"https:\/\/hydroleduc.com\/de\/fiches\/mxp-mxa-motor-serie\/#primaryimage\"},\"image\":{\"@id\":\"https:\/\/hydroleduc.com\/de\/fiches\/mxp-mxa-motor-serie\/#primaryimage\"},\"thumbnailUrl\":\"https:\/\/hydroleduc.com\/de\/wp-content\/uploads\/2019\/02\/hydroleduc_moteur_mxp.png\",\"datePublished\":\"2025-01-30T14:11:27+00:00\",\"dateModified\":\"2025-10-17T14:24:51+00:00\",\"description\":\"Chez Hydro Leduc, les moteurs MXP\/MXA sont con\u00e7us pour \u00eatre utilis\u00e9s aussi bien en circuit ferm\u00e9 qu\u2019en circuit ouvert.\",\"breadcrumb\":{\"@id\":\"https:\/\/hydroleduc.com\/de\/fiches\/mxp-mxa-motor-serie\/#breadcrumb\"},\"inLanguage\":\"de\",\"potentialAction\":[{\"@type\":\"ReadAction\",\"target\":[\"https:\/\/hydroleduc.com\/de\/fiches\/mxp-mxa-motor-serie\/\"]}]},{\"@type\":\"ImageObject\",\"inLanguage\":\"de\",\"@id\":\"https:\/\/hydroleduc.com\/de\/fiches\/mxp-mxa-motor-serie\/#primaryimage\",\"url\":\"https:\/\/hydroleduc.com\/de\/wp-content\/uploads\/2019\/02\/hydroleduc_moteur_mxp.png\",\"contentUrl\":\"https:\/\/hydroleduc.com\/de\/wp-content\/uploads\/2019\/02\/hydroleduc_moteur_mxp.png\",\"width\":2560,\"height\":2647,\"caption\":\"hydroleduc moteur mxp\"},{\"@type\":\"BreadcrumbList\",\"@id\":\"https:\/\/hydroleduc.com\/de\/fiches\/mxp-mxa-motor-serie\/#breadcrumb\",\"itemListElement\":[{\"@type\":\"ListItem\",\"position\":1,\"name\":\"Startseite\",\"item\":\"https:\/\/hydroleduc.com\/de\/\"},{\"@type\":\"ListItem\",\"position\":2,\"name\":\"Hydraulik komponenten\",\"item\":\"https:\/\/hydroleduc.com\/de\/hydraulikkomponenten\/\"},{\"@type\":\"ListItem\",\"position\":3,\"name\":\"Hydraulikmotoren\",\"item\":\"https:\/\/hydroleduc.com\/de\/hydraulikkomponenten\/hydraulikmotoren\/\"},{\"@type\":\"ListItem\",\"position\":4,\"name\":\"Motoren mit Konstanter F\u00f6rdermenge\",\"item\":\"https:\/\/hydroleduc.com\/de\/hydraulikkomponenten\/hydraulikmotoren\/motoren-mit-konstanter-fordermenge\/\"},{\"@type\":\"ListItem\",\"position\":5,\"name\":\"MXP\/MXA Motor Serie\"}]},{\"@type\":\"WebSite\",\"@id\":\"https:\/\/hydroleduc.com\/de\/#website\",\"url\":\"https:\/\/hydroleduc.com\/de\/\",\"name\":\"HYDRO LEDUC\",\"description\":\"Hersteller von Hydraulikkomponenten\",\"publisher\":{\"@id\":\"https:\/\/hydroleduc.com\/de\/#organization\"},\"potentialAction\":[{\"@type\":\"SearchAction\",\"target\":{\"@type\":\"EntryPoint\",\"urlTemplate\":\"https:\/\/hydroleduc.com\/de\/?s={search_term_string}\"},\"query-input\":{\"@type\":\"PropertyValueSpecification\",\"valueRequired\":true,\"valueName\":\"search_term_string\"}}],\"inLanguage\":\"de\"},{\"@type\":\"Organization\",\"@id\":\"https:\/\/hydroleduc.com\/de\/#organization\",\"name\":\"HYDRO LEDUC\",\"url\":\"https:\/\/hydroleduc.com\/de\/\",\"logo\":{\"@type\":\"ImageObject\",\"inLanguage\":\"de\",\"@id\":\"https:\/\/hydroleduc.com\/de\/#\/schema\/logo\/image\/\",\"url\":\"https:\/\/hydroleduc.com\/de\/wp-content\/uploads\/2025\/01\/logo-hydroleduc.png\",\"contentUrl\":\"https:\/\/hydroleduc.com\/de\/wp-content\/uploads\/2025\/01\/logo-hydroleduc.png\",\"width\":366,\"height\":148,\"caption\":\"HYDRO LEDUC\"},\"image\":{\"@id\":\"https:\/\/hydroleduc.com\/de\/#\/schema\/logo\/image\/\"}}]}<\/script>\n<!-- \/ Yoast SEO plugin. -->","yoast_head_json":{"title":"MXP\/MXA Motor Serie - HYDRO LEDUC","description":"Chez Hydro Leduc, les moteurs MXP\/MXA sont con\u00e7us pour \u00eatre utilis\u00e9s aussi bien en circuit ferm\u00e9 qu\u2019en circuit ouvert.","robots":{"index":"index","follow":"follow","max-snippet":"max-snippet:-1","max-image-preview":"max-image-preview:large","max-video-preview":"max-video-preview:-1"},"canonical":"https:\/\/hydroleduc.com\/de\/fiches\/mxp-mxa-motor-serie\/","og_locale":"de_DE","og_type":"article","og_title":"MXP\/MXA Motor Serie - HYDRO LEDUC","og_description":"Chez Hydro Leduc, les moteurs MXP\/MXA sont con\u00e7us pour \u00eatre utilis\u00e9s aussi bien en circuit ferm\u00e9 qu\u2019en circuit ouvert.","og_url":"https:\/\/hydroleduc.com\/de\/fiches\/mxp-mxa-motor-serie\/","og_site_name":"HYDRO LEDUC","article_modified_time":"2025-10-17T14:24:51+00:00","og_image":[{"width":991,"height":1024,"url":"https:\/\/hydroleduc.com\/de\/wp-content\/uploads\/2019\/02\/hydroleduc_moteur_mxp-991x1024.png","type":"image\/png"}],"twitter_card":"summary_large_image","twitter_misc":{"Gesch\u00e4tzte Lesezeit":"1\u00a0Minute"},"schema":{"@context":"https:\/\/schema.org","@graph":[{"@type":"WebPage","@id":"https:\/\/hydroleduc.com\/de\/fiches\/mxp-mxa-motor-serie\/","url":"https:\/\/hydroleduc.com\/de\/fiches\/mxp-mxa-motor-serie\/","name":"MXP\/MXA Motor Serie - HYDRO LEDUC","isPartOf":{"@id":"https:\/\/hydroleduc.com\/de\/#website"},"primaryImageOfPage":{"@id":"https:\/\/hydroleduc.com\/de\/fiches\/mxp-mxa-motor-serie\/#primaryimage"},"image":{"@id":"https:\/\/hydroleduc.com\/de\/fiches\/mxp-mxa-motor-serie\/#primaryimage"},"thumbnailUrl":"https:\/\/hydroleduc.com\/de\/wp-content\/uploads\/2019\/02\/hydroleduc_moteur_mxp.png","datePublished":"2025-01-30T14:11:27+00:00","dateModified":"2025-10-17T14:24:51+00:00","description":"Chez Hydro Leduc, les moteurs MXP\/MXA sont con\u00e7us pour \u00eatre utilis\u00e9s aussi bien en circuit ferm\u00e9 qu\u2019en circuit ouvert.","breadcrumb":{"@id":"https:\/\/hydroleduc.com\/de\/fiches\/mxp-mxa-motor-serie\/#breadcrumb"},"inLanguage":"de","potentialAction":[{"@type":"ReadAction","target":["https:\/\/hydroleduc.com\/de\/fiches\/mxp-mxa-motor-serie\/"]}]},{"@type":"ImageObject","inLanguage":"de","@id":"https:\/\/hydroleduc.com\/de\/fiches\/mxp-mxa-motor-serie\/#primaryimage","url":"https:\/\/hydroleduc.com\/de\/wp-content\/uploads\/2019\/02\/hydroleduc_moteur_mxp.png","contentUrl":"https:\/\/hydroleduc.com\/de\/wp-content\/uploads\/2019\/02\/hydroleduc_moteur_mxp.png","width":2560,"height":2647,"caption":"hydroleduc moteur mxp"},{"@type":"BreadcrumbList","@id":"https:\/\/hydroleduc.com\/de\/fiches\/mxp-mxa-motor-serie\/#breadcrumb","itemListElement":[{"@type":"ListItem","position":1,"name":"Startseite","item":"https:\/\/hydroleduc.com\/de\/"},{"@type":"ListItem","position":2,"name":"Hydraulik komponenten","item":"https:\/\/hydroleduc.com\/de\/hydraulikkomponenten\/"},{"@type":"ListItem","position":3,"name":"Hydraulikmotoren","item":"https:\/\/hydroleduc.com\/de\/hydraulikkomponenten\/hydraulikmotoren\/"},{"@type":"ListItem","position":4,"name":"Motoren mit Konstanter F\u00f6rdermenge","item":"https:\/\/hydroleduc.com\/de\/hydraulikkomponenten\/hydraulikmotoren\/motoren-mit-konstanter-fordermenge\/"},{"@type":"ListItem","position":5,"name":"MXP\/MXA Motor Serie"}]},{"@type":"WebSite","@id":"https:\/\/hydroleduc.com\/de\/#website","url":"https:\/\/hydroleduc.com\/de\/","name":"HYDRO LEDUC","description":"Hersteller von Hydraulikkomponenten","publisher":{"@id":"https:\/\/hydroleduc.com\/de\/#organization"},"potentialAction":[{"@type":"SearchAction","target":{"@type":"EntryPoint","urlTemplate":"https:\/\/hydroleduc.com\/de\/?s={search_term_string}"},"query-input":{"@type":"PropertyValueSpecification","valueRequired":true,"valueName":"search_term_string"}}],"inLanguage":"de"},{"@type":"Organization","@id":"https:\/\/hydroleduc.com\/de\/#organization","name":"HYDRO LEDUC","url":"https:\/\/hydroleduc.com\/de\/","logo":{"@type":"ImageObject","inLanguage":"de","@id":"https:\/\/hydroleduc.com\/de\/#\/schema\/logo\/image\/","url":"https:\/\/hydroleduc.com\/de\/wp-content\/uploads\/2025\/01\/logo-hydroleduc.png","contentUrl":"https:\/\/hydroleduc.com\/de\/wp-content\/uploads\/2025\/01\/logo-hydroleduc.png","width":366,"height":148,"caption":"HYDRO LEDUC"},"image":{"@id":"https:\/\/hydroleduc.com\/de\/#\/schema\/logo\/image\/"}}]}},"_links":{"self":[{"href":"https:\/\/hydroleduc.com\/de\/wp-json\/wp\/v2\/product\/1115","targetHints":{"allow":["GET"]}}],"collection":[{"href":"https:\/\/hydroleduc.com\/de\/wp-json\/wp\/v2\/product"}],"about":[{"href":"https:\/\/hydroleduc.com\/de\/wp-json\/wp\/v2\/types\/product"}],"wp:featuredmedia":[{"embeddable":true,"href":"https:\/\/hydroleduc.com\/de\/wp-json\/wp\/v2\/media\/3227"}],"wp:attachment":[{"href":"https:\/\/hydroleduc.com\/de\/wp-json\/wp\/v2\/media?parent=1115"}],"wp:term":[{"taxonomy":"product_brand","embeddable":true,"href":"https:\/\/hydroleduc.com\/de\/wp-json\/wp\/v2\/product_brand?post=1115"},{"taxonomy":"product_cat","embeddable":true,"href":"https:\/\/hydroleduc.com\/de\/wp-json\/wp\/v2\/product_cat?post=1115"},{"taxonomy":"product_tag","embeddable":true,"href":"https:\/\/hydroleduc.com\/de\/wp-json\/wp\/v2\/product_tag?post=1115"}],"curies":[{"name":"wp","href":"https:\/\/api.w.org\/{rel}","templated":true}]}}