{"id":1116,"date":"2025-01-30T15:12:30","date_gmt":"2025-01-30T14:12:30","guid":{"rendered":"https:\/\/hydroleduc.com\/de\/?post_type=product&#038;p=1116"},"modified":"2026-02-20T15:08:25","modified_gmt":"2026-02-20T14:08:25","slug":"mv-mva-mvsi-motoren-serie","status":"publish","type":"product","link":"https:\/\/hydroleduc.com\/de\/fiches\/mv-mva-mvsi-motoren-serie\/","title":{"rendered":"MV-MVA-MVSI Motoren Serie"},"content":{"rendered":"<p>Produktbeschreibung\u00a0:<\/p>\n<p>Die HYDRO LEDUC-Verstellmotoren mit 7-, bzw. 9-Kolben gew\u00e4hrleisten ein hohes Anlaufdrehmoment und einen ruhigen Lauf auch bei niedrigen Drehzahlen. Mit einem hohen Verstellverh\u00e4ltnis von 5:1 eignen sich unsere Verstellmotore f\u00fcr Dauer-Betriebsdr\u00fccke bis 400 bar und 450 bar Spitzendruck. Die Verstellmotorenbaureihen sind, unter anderem, f\u00fcr Bau- und Landmaschinenanwendungen konzipiert.<br \/>\nDie Modelle mit Schluckvolumina 28, 85, und 115 ccm\/U. sind in DIN ISO- und SAE-Flanschen, sowie als Einschubmotor verf\u00fcgbar.<br \/>\nVerstell- und Steuereinrichtungen (es stehen drei Alternativen zur Verf\u00fcgung) :<\/p>\n<ul>\n<li>HPA \u2013 Automatische Schluckvolumenverstellung, Hochdruck<\/li>\n<li>H2N \u2013 Hydraulische Zweipunktverstellung<\/li>\n<li>E2N \u2013 Elektrische Zweipunktverstellung<\/li>\n<\/ul>\n<p>F\u00fcr andere Steuerungsoptionen kontaktieren Sie uns bitte.<br \/>\nAls Option k\u00f6nnen diese Motoren mit einem Drehzahlsensor und einem Sp\u00fclventil ausgestattet werden.<\/p>\n<p>Merkmale und Vorteile\u00a0:<\/p>\n<ul>\n<li>Hohe Wirkungsgrad,<\/li>\n<li>Schluckvolumen 28, 85, und 115 ccm\/U,<\/li>\n<li>Gro\u00dfer Einstellbereich f\u00fcr das minimale und maximale Schluckvolumen,<\/li>\n<li>Geeignet f\u00fcr offene oder geschlossene Kreisl\u00e4ufe,<\/li>\n<li>Geringer Platzbedarf, sehr gutes Leistungs-\/Gewichtsverh\u00e4ltnis,<\/li>\n<li>Hohe Drehzahlen und Betriebsdr\u00fccke.<\/li>\n<\/ul>\n<p>Anwendungsbereiche\u00a0:<\/p>\n<ul>\n<li>Baumaschinen\u00a0 (Fahrantriebe, Winden),<\/li>\n<li>Landwirtschaftliche Maschinen,<\/li>\n<li>Forstmaschinen,<\/li>\n<li>Bergbaumaschinen,<\/li>\n<li>Getriebeanwendungen (MVSI).<\/li>\n<\/ul>\n<p>Abmessungen und Konfigurator finden Sie im Variablesmotoren-Katalog.<\/p>\n","protected":false},"excerpt":{"rendered":"<p><a href=\"https:\/\/qrco.de\/VERSTELLMOTOREN\" target=\"_blank\" rel=\"noopener\">MV-MVA-MVSI Motoren<\/a><\/p>\n","protected":false},"featured_media":1053,"template":"","meta":[],"product_brand":[],"product_cat":[27,47,30,56],"product_tag":[],"class_list":{"0":"post-1116","1":"product","2":"type-product","3":"status-publish","4":"has-post-thumbnail","6":"product_cat-baumaschinen","7":"product_cat-hydraulikmotoren","8":"product_cat-landwirtschaftliche-maschinen","9":"product_cat-motoren-mit-variables-schluckvolumen","11":"first","12":"instock","13":"shipping-taxable","14":"product-type-simple"},"yoast_head":"<!-- This site is optimized with the Yoast SEO plugin v27.2 - https:\/\/yoast.com\/product\/yoast-seo-wordpress\/ -->\n<title>MV-MVA-MVSI Motoren Serie - HYDRO LEDUC<\/title>\n<meta name=\"description\" content=\"Ces moteurs sont destin\u00e9s aux usages de type \u00e9quipements de camions et machines de travaux publics, pour des usages \u00e0 dur\u00e9e limit\u00e9e.\" \/>\n<meta name=\"robots\" content=\"index, follow, max-snippet:-1, max-image-preview:large, max-video-preview:-1\" \/>\n<link rel=\"canonical\" href=\"https:\/\/hydroleduc.com\/de\/fiches\/mv-mva-mvsi-motoren-serie\/\" \/>\n<meta property=\"og:locale\" content=\"de_DE\" \/>\n<meta property=\"og:type\" content=\"article\" \/>\n<meta property=\"og:title\" content=\"MV-MVA-MVSI Motoren Serie - HYDRO LEDUC\" \/>\n<meta property=\"og:description\" content=\"Ces moteurs sont destin\u00e9s aux usages de type \u00e9quipements de camions et machines de travaux publics, pour des usages \u00e0 dur\u00e9e limit\u00e9e.\" \/>\n<meta property=\"og:url\" content=\"https:\/\/hydroleduc.com\/de\/fiches\/mv-mva-mvsi-motoren-serie\/\" \/>\n<meta property=\"og:site_name\" content=\"HYDRO LEDUC\" \/>\n<meta property=\"article:modified_time\" content=\"2026-02-20T14:08:25+00:00\" \/>\n<meta property=\"og:image\" content=\"https:\/\/hydroleduc.com\/de\/wp-content\/uploads\/2025\/01\/hydroleduc-moteurs-cylindree-variable.png\" \/>\n\t<meta property=\"og:image:width\" content=\"567\" \/>\n\t<meta property=\"og:image:height\" content=\"567\" \/>\n\t<meta property=\"og:image:type\" content=\"image\/png\" \/>\n<meta name=\"twitter:card\" content=\"summary_large_image\" \/>\n<meta name=\"twitter:label1\" content=\"Gesch\u00e4tzte Lesezeit\" \/>\n\t<meta name=\"twitter:data1\" content=\"2\u00a0Minuten\" \/>\n<script type=\"application\/ld+json\" class=\"yoast-schema-graph\">{\"@context\":\"https:\/\/schema.org\",\"@graph\":[{\"@type\":\"WebPage\",\"@id\":\"https:\/\/hydroleduc.com\/de\/fiches\/mv-mva-mvsi-motoren-serie\/\",\"url\":\"https:\/\/hydroleduc.com\/de\/fiches\/mv-mva-mvsi-motoren-serie\/\",\"name\":\"MV-MVA-MVSI Motoren Serie - HYDRO LEDUC\",\"isPartOf\":{\"@id\":\"https:\/\/hydroleduc.com\/de\/#website\"},\"primaryImageOfPage\":{\"@id\":\"https:\/\/hydroleduc.com\/de\/fiches\/mv-mva-mvsi-motoren-serie\/#primaryimage\"},\"image\":{\"@id\":\"https:\/\/hydroleduc.com\/de\/fiches\/mv-mva-mvsi-motoren-serie\/#primaryimage\"},\"thumbnailUrl\":\"https:\/\/hydroleduc.com\/de\/wp-content\/uploads\/2025\/01\/hydroleduc-moteurs-cylindree-variable.png\",\"datePublished\":\"2025-01-30T14:12:30+00:00\",\"dateModified\":\"2026-02-20T14:08:25+00:00\",\"description\":\"Ces moteurs sont destin\u00e9s aux usages de type \u00e9quipements de camions et machines de travaux publics, pour des usages \u00e0 dur\u00e9e limit\u00e9e.\",\"breadcrumb\":{\"@id\":\"https:\/\/hydroleduc.com\/de\/fiches\/mv-mva-mvsi-motoren-serie\/#breadcrumb\"},\"inLanguage\":\"de\",\"potentialAction\":[{\"@type\":\"ReadAction\",\"target\":[\"https:\/\/hydroleduc.com\/de\/fiches\/mv-mva-mvsi-motoren-serie\/\"]}]},{\"@type\":\"ImageObject\",\"inLanguage\":\"de\",\"@id\":\"https:\/\/hydroleduc.com\/de\/fiches\/mv-mva-mvsi-motoren-serie\/#primaryimage\",\"url\":\"https:\/\/hydroleduc.com\/de\/wp-content\/uploads\/2025\/01\/hydroleduc-moteurs-cylindree-variable.png\",\"contentUrl\":\"https:\/\/hydroleduc.com\/de\/wp-content\/uploads\/2025\/01\/hydroleduc-moteurs-cylindree-variable.png\",\"width\":567,\"height\":567,\"caption\":\"hydroleduc moteurs cylindree variable\"},{\"@type\":\"BreadcrumbList\",\"@id\":\"https:\/\/hydroleduc.com\/de\/fiches\/mv-mva-mvsi-motoren-serie\/#breadcrumb\",\"itemListElement\":[{\"@type\":\"ListItem\",\"position\":1,\"name\":\"Startseite\",\"item\":\"https:\/\/hydroleduc.com\/de\/\"},{\"@type\":\"ListItem\",\"position\":2,\"name\":\"Hydraulik komponenten\",\"item\":\"https:\/\/hydroleduc.com\/de\/hydraulikkomponenten\/\"},{\"@type\":\"ListItem\",\"position\":3,\"name\":\"Hydraulikmotoren\",\"item\":\"https:\/\/hydroleduc.com\/de\/hydraulikkomponenten\/hydraulikmotoren\/\"},{\"@type\":\"ListItem\",\"position\":4,\"name\":\"Motoren mit Variables Schluckvolumen\",\"item\":\"https:\/\/hydroleduc.com\/de\/hydraulikkomponenten\/hydraulikmotoren\/motoren-mit-variables-schluckvolumen\/\"},{\"@type\":\"ListItem\",\"position\":5,\"name\":\"MV-MVA-MVSI Motoren Serie\"}]},{\"@type\":\"WebSite\",\"@id\":\"https:\/\/hydroleduc.com\/de\/#website\",\"url\":\"https:\/\/hydroleduc.com\/de\/\",\"name\":\"HYDRO LEDUC\",\"description\":\"Hersteller von Hydraulikkomponenten\",\"publisher\":{\"@id\":\"https:\/\/hydroleduc.com\/de\/#organization\"},\"potentialAction\":[{\"@type\":\"SearchAction\",\"target\":{\"@type\":\"EntryPoint\",\"urlTemplate\":\"https:\/\/hydroleduc.com\/de\/?s={search_term_string}\"},\"query-input\":{\"@type\":\"PropertyValueSpecification\",\"valueRequired\":true,\"valueName\":\"search_term_string\"}}],\"inLanguage\":\"de\"},{\"@type\":\"Organization\",\"@id\":\"https:\/\/hydroleduc.com\/de\/#organization\",\"name\":\"HYDRO LEDUC\",\"url\":\"https:\/\/hydroleduc.com\/de\/\",\"logo\":{\"@type\":\"ImageObject\",\"inLanguage\":\"de\",\"@id\":\"https:\/\/hydroleduc.com\/de\/#\/schema\/logo\/image\/\",\"url\":\"https:\/\/hydroleduc.com\/de\/wp-content\/uploads\/2025\/01\/logo-hydroleduc.png\",\"contentUrl\":\"https:\/\/hydroleduc.com\/de\/wp-content\/uploads\/2025\/01\/logo-hydroleduc.png\",\"width\":366,\"height\":148,\"caption\":\"HYDRO LEDUC\"},\"image\":{\"@id\":\"https:\/\/hydroleduc.com\/de\/#\/schema\/logo\/image\/\"}}]}<\/script>\n<!-- \/ Yoast SEO plugin. -->","yoast_head_json":{"title":"MV-MVA-MVSI Motoren Serie - HYDRO LEDUC","description":"Ces moteurs sont destin\u00e9s aux usages de type \u00e9quipements de camions et machines de travaux publics, pour des usages \u00e0 dur\u00e9e limit\u00e9e.","robots":{"index":"index","follow":"follow","max-snippet":"max-snippet:-1","max-image-preview":"max-image-preview:large","max-video-preview":"max-video-preview:-1"},"canonical":"https:\/\/hydroleduc.com\/de\/fiches\/mv-mva-mvsi-motoren-serie\/","og_locale":"de_DE","og_type":"article","og_title":"MV-MVA-MVSI Motoren Serie - HYDRO LEDUC","og_description":"Ces moteurs sont destin\u00e9s aux usages de type \u00e9quipements de camions et machines de travaux publics, pour des usages \u00e0 dur\u00e9e limit\u00e9e.","og_url":"https:\/\/hydroleduc.com\/de\/fiches\/mv-mva-mvsi-motoren-serie\/","og_site_name":"HYDRO LEDUC","article_modified_time":"2026-02-20T14:08:25+00:00","og_image":[{"width":567,"height":567,"url":"https:\/\/hydroleduc.com\/de\/wp-content\/uploads\/2025\/01\/hydroleduc-moteurs-cylindree-variable.png","type":"image\/png"}],"twitter_card":"summary_large_image","twitter_misc":{"Gesch\u00e4tzte Lesezeit":"2\u00a0Minuten"},"schema":{"@context":"https:\/\/schema.org","@graph":[{"@type":"WebPage","@id":"https:\/\/hydroleduc.com\/de\/fiches\/mv-mva-mvsi-motoren-serie\/","url":"https:\/\/hydroleduc.com\/de\/fiches\/mv-mva-mvsi-motoren-serie\/","name":"MV-MVA-MVSI Motoren Serie - HYDRO LEDUC","isPartOf":{"@id":"https:\/\/hydroleduc.com\/de\/#website"},"primaryImageOfPage":{"@id":"https:\/\/hydroleduc.com\/de\/fiches\/mv-mva-mvsi-motoren-serie\/#primaryimage"},"image":{"@id":"https:\/\/hydroleduc.com\/de\/fiches\/mv-mva-mvsi-motoren-serie\/#primaryimage"},"thumbnailUrl":"https:\/\/hydroleduc.com\/de\/wp-content\/uploads\/2025\/01\/hydroleduc-moteurs-cylindree-variable.png","datePublished":"2025-01-30T14:12:30+00:00","dateModified":"2026-02-20T14:08:25+00:00","description":"Ces moteurs sont destin\u00e9s aux usages de type \u00e9quipements de camions et machines de travaux publics, pour des usages \u00e0 dur\u00e9e limit\u00e9e.","breadcrumb":{"@id":"https:\/\/hydroleduc.com\/de\/fiches\/mv-mva-mvsi-motoren-serie\/#breadcrumb"},"inLanguage":"de","potentialAction":[{"@type":"ReadAction","target":["https:\/\/hydroleduc.com\/de\/fiches\/mv-mva-mvsi-motoren-serie\/"]}]},{"@type":"ImageObject","inLanguage":"de","@id":"https:\/\/hydroleduc.com\/de\/fiches\/mv-mva-mvsi-motoren-serie\/#primaryimage","url":"https:\/\/hydroleduc.com\/de\/wp-content\/uploads\/2025\/01\/hydroleduc-moteurs-cylindree-variable.png","contentUrl":"https:\/\/hydroleduc.com\/de\/wp-content\/uploads\/2025\/01\/hydroleduc-moteurs-cylindree-variable.png","width":567,"height":567,"caption":"hydroleduc moteurs cylindree variable"},{"@type":"BreadcrumbList","@id":"https:\/\/hydroleduc.com\/de\/fiches\/mv-mva-mvsi-motoren-serie\/#breadcrumb","itemListElement":[{"@type":"ListItem","position":1,"name":"Startseite","item":"https:\/\/hydroleduc.com\/de\/"},{"@type":"ListItem","position":2,"name":"Hydraulik komponenten","item":"https:\/\/hydroleduc.com\/de\/hydraulikkomponenten\/"},{"@type":"ListItem","position":3,"name":"Hydraulikmotoren","item":"https:\/\/hydroleduc.com\/de\/hydraulikkomponenten\/hydraulikmotoren\/"},{"@type":"ListItem","position":4,"name":"Motoren mit Variables Schluckvolumen","item":"https:\/\/hydroleduc.com\/de\/hydraulikkomponenten\/hydraulikmotoren\/motoren-mit-variables-schluckvolumen\/"},{"@type":"ListItem","position":5,"name":"MV-MVA-MVSI Motoren Serie"}]},{"@type":"WebSite","@id":"https:\/\/hydroleduc.com\/de\/#website","url":"https:\/\/hydroleduc.com\/de\/","name":"HYDRO LEDUC","description":"Hersteller von Hydraulikkomponenten","publisher":{"@id":"https:\/\/hydroleduc.com\/de\/#organization"},"potentialAction":[{"@type":"SearchAction","target":{"@type":"EntryPoint","urlTemplate":"https:\/\/hydroleduc.com\/de\/?s={search_term_string}"},"query-input":{"@type":"PropertyValueSpecification","valueRequired":true,"valueName":"search_term_string"}}],"inLanguage":"de"},{"@type":"Organization","@id":"https:\/\/hydroleduc.com\/de\/#organization","name":"HYDRO LEDUC","url":"https:\/\/hydroleduc.com\/de\/","logo":{"@type":"ImageObject","inLanguage":"de","@id":"https:\/\/hydroleduc.com\/de\/#\/schema\/logo\/image\/","url":"https:\/\/hydroleduc.com\/de\/wp-content\/uploads\/2025\/01\/logo-hydroleduc.png","contentUrl":"https:\/\/hydroleduc.com\/de\/wp-content\/uploads\/2025\/01\/logo-hydroleduc.png","width":366,"height":148,"caption":"HYDRO LEDUC"},"image":{"@id":"https:\/\/hydroleduc.com\/de\/#\/schema\/logo\/image\/"}}]}},"_links":{"self":[{"href":"https:\/\/hydroleduc.com\/de\/wp-json\/wp\/v2\/product\/1116","targetHints":{"allow":["GET"]}}],"collection":[{"href":"https:\/\/hydroleduc.com\/de\/wp-json\/wp\/v2\/product"}],"about":[{"href":"https:\/\/hydroleduc.com\/de\/wp-json\/wp\/v2\/types\/product"}],"wp:featuredmedia":[{"embeddable":true,"href":"https:\/\/hydroleduc.com\/de\/wp-json\/wp\/v2\/media\/1053"}],"wp:attachment":[{"href":"https:\/\/hydroleduc.com\/de\/wp-json\/wp\/v2\/media?parent=1116"}],"wp:term":[{"taxonomy":"product_brand","embeddable":true,"href":"https:\/\/hydroleduc.com\/de\/wp-json\/wp\/v2\/product_brand?post=1116"},{"taxonomy":"product_cat","embeddable":true,"href":"https:\/\/hydroleduc.com\/de\/wp-json\/wp\/v2\/product_cat?post=1116"},{"taxonomy":"product_tag","embeddable":true,"href":"https:\/\/hydroleduc.com\/de\/wp-json\/wp\/v2\/product_tag?post=1116"}],"curies":[{"name":"wp","href":"https:\/\/api.w.org\/{rel}","templated":true}]}}