{"id":1120,"date":"2025-01-30T15:16:42","date_gmt":"2025-01-30T14:16:42","guid":{"rendered":"https:\/\/hydroleduc.com\/de\/?post_type=product&#038;p=1120"},"modified":"2025-10-17T16:22:31","modified_gmt":"2025-10-17T14:22:31","slug":"leckolfreie-motoren","status":"publish","type":"product","link":"https:\/\/hydroleduc.com\/de\/fiches\/leckolfreie-motoren\/","title":{"rendered":"Leck\u00f6lfreie Motoren"},"content":{"rendered":"<p>Produktbeschreibung :<br \/>\nVereinfachung von hydraulischen Kreisl\u00e4ufe und Installationen durch den Wegfall einer externen Leck\u00f6lleitung. Das R\u00fcckteil des Motors ist so ausgestattet, dass das Leck\u00f6l in die Niederdruckleitung geleitet wird, wodurch sichergestellt wird, dass der Druck im Geh\u00e4use dem Mindestdruck im Kreislauf entspricht. F\u00fcr die bidirektionale Drehrichtung ist ein federbelasteter Druckspeicher integriert, der die bei schneller Richtungs\u00e4nderung auftretenden Druckspitzen d\u00e4mpft.<\/p>\n<p>Merkmale und Vorteile\u00a0:<\/p>\n<ul>\n<li>Zul\u00e4ssiger Druck in der R\u00fccklaufleitung: 25 bar,<\/li>\n<li>Keine externe Leck\u00f6lleitung erforderlich,<\/li>\n<li>Nur die Eintritts- und R\u00fccklaufleitung ist erforderlich,<\/li>\n<li>Das Leck\u00f6l wird \u00fcber den R\u00fccklauf abgef\u00fchrt.<\/li>\n<\/ul>\n<p>Anwendungsbereiche\u00a0:<\/p>\n<ul>\n<li>Baumaschinen,<\/li>\n<li>Landwirtschaftliche Maschinen,<\/li>\n<li>Bagger-Anbauger\u00e4te.<\/li>\n<\/ul>\n","protected":false},"excerpt":{"rendered":"<p><a href=\"https:\/\/qrco.de\/KONSTANTMOTOREN\" target=\"_blank\" rel=\"noopener\">Hydraulikmotore mit Konstantes Schluckvolumen<\/a><\/p>\n<p>&nbsp;<\/p>\n","protected":false},"featured_media":1054,"template":"","meta":[],"product_brand":[],"product_cat":[27,47,30,57],"product_tag":[],"class_list":{"0":"post-1120","1":"product","2":"type-product","3":"status-publish","4":"has-post-thumbnail","6":"product_cat-baumaschinen","7":"product_cat-hydraulikmotoren","8":"product_cat-landwirtschaftliche-maschinen","9":"product_cat-spezialmotoren","11":"first","12":"instock","13":"shipping-taxable","14":"product-type-simple"},"yoast_head":"<!-- This site is optimized with the Yoast SEO plugin v27.2 - https:\/\/yoast.com\/product\/yoast-seo-wordpress\/ -->\n<title>Leck\u00f6lfreie Motoren - HYDRO LEDUC<\/title>\n<meta name=\"description\" content=\"Con\u00e7u pour faciliter sa mise en \u0153uvre sur le circuit, ce moteur \u00e0 axe bris\u00e9 innovant est adapt\u00e9 pour fonctionner sans drain.\" \/>\n<meta name=\"robots\" content=\"index, follow, max-snippet:-1, max-image-preview:large, max-video-preview:-1\" \/>\n<link rel=\"canonical\" href=\"https:\/\/hydroleduc.com\/de\/fiches\/leckolfreie-motoren\/\" \/>\n<meta property=\"og:locale\" content=\"de_DE\" \/>\n<meta property=\"og:type\" content=\"article\" \/>\n<meta property=\"og:title\" content=\"Leck\u00f6lfreie Motoren - HYDRO LEDUC\" \/>\n<meta property=\"og:description\" content=\"Con\u00e7u pour faciliter sa mise en \u0153uvre sur le circuit, ce moteur \u00e0 axe bris\u00e9 innovant est adapt\u00e9 pour fonctionner sans drain.\" \/>\n<meta property=\"og:url\" content=\"https:\/\/hydroleduc.com\/de\/fiches\/leckolfreie-motoren\/\" \/>\n<meta property=\"og:site_name\" content=\"HYDRO LEDUC\" \/>\n<meta property=\"article:modified_time\" content=\"2025-10-17T14:22:31+00:00\" \/>\n<meta property=\"og:image\" content=\"https:\/\/hydroleduc.com\/de\/wp-content\/uploads\/2025\/01\/hydroleduc-moteur-sans-drain.png\" \/>\n\t<meta property=\"og:image:width\" content=\"567\" \/>\n\t<meta property=\"og:image:height\" content=\"567\" \/>\n\t<meta property=\"og:image:type\" content=\"image\/png\" \/>\n<meta name=\"twitter:card\" content=\"summary_large_image\" \/>\n<meta name=\"twitter:label1\" content=\"Gesch\u00e4tzte Lesezeit\" \/>\n\t<meta name=\"twitter:data1\" content=\"1\u00a0Minute\" \/>\n<script type=\"application\/ld+json\" class=\"yoast-schema-graph\">{\"@context\":\"https:\/\/schema.org\",\"@graph\":[{\"@type\":\"WebPage\",\"@id\":\"https:\/\/hydroleduc.com\/de\/fiches\/leckolfreie-motoren\/\",\"url\":\"https:\/\/hydroleduc.com\/de\/fiches\/leckolfreie-motoren\/\",\"name\":\"Leck\u00f6lfreie Motoren - HYDRO LEDUC\",\"isPartOf\":{\"@id\":\"https:\/\/hydroleduc.com\/de\/#website\"},\"primaryImageOfPage\":{\"@id\":\"https:\/\/hydroleduc.com\/de\/fiches\/leckolfreie-motoren\/#primaryimage\"},\"image\":{\"@id\":\"https:\/\/hydroleduc.com\/de\/fiches\/leckolfreie-motoren\/#primaryimage\"},\"thumbnailUrl\":\"https:\/\/hydroleduc.com\/de\/wp-content\/uploads\/2025\/01\/hydroleduc-moteur-sans-drain.png\",\"datePublished\":\"2025-01-30T14:16:42+00:00\",\"dateModified\":\"2025-10-17T14:22:31+00:00\",\"description\":\"Con\u00e7u pour faciliter sa mise en \u0153uvre sur le circuit, ce moteur \u00e0 axe bris\u00e9 innovant est adapt\u00e9 pour fonctionner sans drain.\",\"breadcrumb\":{\"@id\":\"https:\/\/hydroleduc.com\/de\/fiches\/leckolfreie-motoren\/#breadcrumb\"},\"inLanguage\":\"de\",\"potentialAction\":[{\"@type\":\"ReadAction\",\"target\":[\"https:\/\/hydroleduc.com\/de\/fiches\/leckolfreie-motoren\/\"]}]},{\"@type\":\"ImageObject\",\"inLanguage\":\"de\",\"@id\":\"https:\/\/hydroleduc.com\/de\/fiches\/leckolfreie-motoren\/#primaryimage\",\"url\":\"https:\/\/hydroleduc.com\/de\/wp-content\/uploads\/2025\/01\/hydroleduc-moteur-sans-drain.png\",\"contentUrl\":\"https:\/\/hydroleduc.com\/de\/wp-content\/uploads\/2025\/01\/hydroleduc-moteur-sans-drain.png\",\"width\":567,\"height\":567,\"caption\":\"hydroleduc moteur sans drain\"},{\"@type\":\"BreadcrumbList\",\"@id\":\"https:\/\/hydroleduc.com\/de\/fiches\/leckolfreie-motoren\/#breadcrumb\",\"itemListElement\":[{\"@type\":\"ListItem\",\"position\":1,\"name\":\"Startseite\",\"item\":\"https:\/\/hydroleduc.com\/de\/\"},{\"@type\":\"ListItem\",\"position\":2,\"name\":\"Hydraulik komponenten\",\"item\":\"https:\/\/hydroleduc.com\/de\/hydraulikkomponenten\/\"},{\"@type\":\"ListItem\",\"position\":3,\"name\":\"Hydraulikmotoren\",\"item\":\"https:\/\/hydroleduc.com\/de\/hydraulikkomponenten\/hydraulikmotoren\/\"},{\"@type\":\"ListItem\",\"position\":4,\"name\":\"Spezialmotoren\",\"item\":\"https:\/\/hydroleduc.com\/de\/hydraulikkomponenten\/hydraulikmotoren\/spezialmotoren\/\"},{\"@type\":\"ListItem\",\"position\":5,\"name\":\"Leck\u00f6lfreie Motoren\"}]},{\"@type\":\"WebSite\",\"@id\":\"https:\/\/hydroleduc.com\/de\/#website\",\"url\":\"https:\/\/hydroleduc.com\/de\/\",\"name\":\"HYDRO LEDUC\",\"description\":\"Hersteller von Hydraulikkomponenten\",\"publisher\":{\"@id\":\"https:\/\/hydroleduc.com\/de\/#organization\"},\"potentialAction\":[{\"@type\":\"SearchAction\",\"target\":{\"@type\":\"EntryPoint\",\"urlTemplate\":\"https:\/\/hydroleduc.com\/de\/?s={search_term_string}\"},\"query-input\":{\"@type\":\"PropertyValueSpecification\",\"valueRequired\":true,\"valueName\":\"search_term_string\"}}],\"inLanguage\":\"de\"},{\"@type\":\"Organization\",\"@id\":\"https:\/\/hydroleduc.com\/de\/#organization\",\"name\":\"HYDRO LEDUC\",\"url\":\"https:\/\/hydroleduc.com\/de\/\",\"logo\":{\"@type\":\"ImageObject\",\"inLanguage\":\"de\",\"@id\":\"https:\/\/hydroleduc.com\/de\/#\/schema\/logo\/image\/\",\"url\":\"https:\/\/hydroleduc.com\/de\/wp-content\/uploads\/2025\/01\/logo-hydroleduc.png\",\"contentUrl\":\"https:\/\/hydroleduc.com\/de\/wp-content\/uploads\/2025\/01\/logo-hydroleduc.png\",\"width\":366,\"height\":148,\"caption\":\"HYDRO LEDUC\"},\"image\":{\"@id\":\"https:\/\/hydroleduc.com\/de\/#\/schema\/logo\/image\/\"}}]}<\/script>\n<!-- \/ Yoast SEO plugin. -->","yoast_head_json":{"title":"Leck\u00f6lfreie Motoren - HYDRO LEDUC","description":"Con\u00e7u pour faciliter sa mise en \u0153uvre sur le circuit, ce moteur \u00e0 axe bris\u00e9 innovant est adapt\u00e9 pour fonctionner sans drain.","robots":{"index":"index","follow":"follow","max-snippet":"max-snippet:-1","max-image-preview":"max-image-preview:large","max-video-preview":"max-video-preview:-1"},"canonical":"https:\/\/hydroleduc.com\/de\/fiches\/leckolfreie-motoren\/","og_locale":"de_DE","og_type":"article","og_title":"Leck\u00f6lfreie Motoren - HYDRO LEDUC","og_description":"Con\u00e7u pour faciliter sa mise en \u0153uvre sur le circuit, ce moteur \u00e0 axe bris\u00e9 innovant est adapt\u00e9 pour fonctionner sans drain.","og_url":"https:\/\/hydroleduc.com\/de\/fiches\/leckolfreie-motoren\/","og_site_name":"HYDRO LEDUC","article_modified_time":"2025-10-17T14:22:31+00:00","og_image":[{"width":567,"height":567,"url":"https:\/\/hydroleduc.com\/de\/wp-content\/uploads\/2025\/01\/hydroleduc-moteur-sans-drain.png","type":"image\/png"}],"twitter_card":"summary_large_image","twitter_misc":{"Gesch\u00e4tzte Lesezeit":"1\u00a0Minute"},"schema":{"@context":"https:\/\/schema.org","@graph":[{"@type":"WebPage","@id":"https:\/\/hydroleduc.com\/de\/fiches\/leckolfreie-motoren\/","url":"https:\/\/hydroleduc.com\/de\/fiches\/leckolfreie-motoren\/","name":"Leck\u00f6lfreie Motoren - HYDRO LEDUC","isPartOf":{"@id":"https:\/\/hydroleduc.com\/de\/#website"},"primaryImageOfPage":{"@id":"https:\/\/hydroleduc.com\/de\/fiches\/leckolfreie-motoren\/#primaryimage"},"image":{"@id":"https:\/\/hydroleduc.com\/de\/fiches\/leckolfreie-motoren\/#primaryimage"},"thumbnailUrl":"https:\/\/hydroleduc.com\/de\/wp-content\/uploads\/2025\/01\/hydroleduc-moteur-sans-drain.png","datePublished":"2025-01-30T14:16:42+00:00","dateModified":"2025-10-17T14:22:31+00:00","description":"Con\u00e7u pour faciliter sa mise en \u0153uvre sur le circuit, ce moteur \u00e0 axe bris\u00e9 innovant est adapt\u00e9 pour fonctionner sans drain.","breadcrumb":{"@id":"https:\/\/hydroleduc.com\/de\/fiches\/leckolfreie-motoren\/#breadcrumb"},"inLanguage":"de","potentialAction":[{"@type":"ReadAction","target":["https:\/\/hydroleduc.com\/de\/fiches\/leckolfreie-motoren\/"]}]},{"@type":"ImageObject","inLanguage":"de","@id":"https:\/\/hydroleduc.com\/de\/fiches\/leckolfreie-motoren\/#primaryimage","url":"https:\/\/hydroleduc.com\/de\/wp-content\/uploads\/2025\/01\/hydroleduc-moteur-sans-drain.png","contentUrl":"https:\/\/hydroleduc.com\/de\/wp-content\/uploads\/2025\/01\/hydroleduc-moteur-sans-drain.png","width":567,"height":567,"caption":"hydroleduc moteur sans drain"},{"@type":"BreadcrumbList","@id":"https:\/\/hydroleduc.com\/de\/fiches\/leckolfreie-motoren\/#breadcrumb","itemListElement":[{"@type":"ListItem","position":1,"name":"Startseite","item":"https:\/\/hydroleduc.com\/de\/"},{"@type":"ListItem","position":2,"name":"Hydraulik komponenten","item":"https:\/\/hydroleduc.com\/de\/hydraulikkomponenten\/"},{"@type":"ListItem","position":3,"name":"Hydraulikmotoren","item":"https:\/\/hydroleduc.com\/de\/hydraulikkomponenten\/hydraulikmotoren\/"},{"@type":"ListItem","position":4,"name":"Spezialmotoren","item":"https:\/\/hydroleduc.com\/de\/hydraulikkomponenten\/hydraulikmotoren\/spezialmotoren\/"},{"@type":"ListItem","position":5,"name":"Leck\u00f6lfreie Motoren"}]},{"@type":"WebSite","@id":"https:\/\/hydroleduc.com\/de\/#website","url":"https:\/\/hydroleduc.com\/de\/","name":"HYDRO LEDUC","description":"Hersteller von Hydraulikkomponenten","publisher":{"@id":"https:\/\/hydroleduc.com\/de\/#organization"},"potentialAction":[{"@type":"SearchAction","target":{"@type":"EntryPoint","urlTemplate":"https:\/\/hydroleduc.com\/de\/?s={search_term_string}"},"query-input":{"@type":"PropertyValueSpecification","valueRequired":true,"valueName":"search_term_string"}}],"inLanguage":"de"},{"@type":"Organization","@id":"https:\/\/hydroleduc.com\/de\/#organization","name":"HYDRO LEDUC","url":"https:\/\/hydroleduc.com\/de\/","logo":{"@type":"ImageObject","inLanguage":"de","@id":"https:\/\/hydroleduc.com\/de\/#\/schema\/logo\/image\/","url":"https:\/\/hydroleduc.com\/de\/wp-content\/uploads\/2025\/01\/logo-hydroleduc.png","contentUrl":"https:\/\/hydroleduc.com\/de\/wp-content\/uploads\/2025\/01\/logo-hydroleduc.png","width":366,"height":148,"caption":"HYDRO LEDUC"},"image":{"@id":"https:\/\/hydroleduc.com\/de\/#\/schema\/logo\/image\/"}}]}},"_links":{"self":[{"href":"https:\/\/hydroleduc.com\/de\/wp-json\/wp\/v2\/product\/1120","targetHints":{"allow":["GET"]}}],"collection":[{"href":"https:\/\/hydroleduc.com\/de\/wp-json\/wp\/v2\/product"}],"about":[{"href":"https:\/\/hydroleduc.com\/de\/wp-json\/wp\/v2\/types\/product"}],"wp:featuredmedia":[{"embeddable":true,"href":"https:\/\/hydroleduc.com\/de\/wp-json\/wp\/v2\/media\/1054"}],"wp:attachment":[{"href":"https:\/\/hydroleduc.com\/de\/wp-json\/wp\/v2\/media?parent=1120"}],"wp:term":[{"taxonomy":"product_brand","embeddable":true,"href":"https:\/\/hydroleduc.com\/de\/wp-json\/wp\/v2\/product_brand?post=1120"},{"taxonomy":"product_cat","embeddable":true,"href":"https:\/\/hydroleduc.com\/de\/wp-json\/wp\/v2\/product_cat?post=1120"},{"taxonomy":"product_tag","embeddable":true,"href":"https:\/\/hydroleduc.com\/de\/wp-json\/wp\/v2\/product_tag?post=1120"}],"curies":[{"name":"wp","href":"https:\/\/api.w.org\/{rel}","templated":true}]}}