{"id":1121,"date":"2025-01-30T15:17:58","date_gmt":"2025-01-30T14:17:58","guid":{"rendered":"https:\/\/hydroleduc.com\/de\/?post_type=product&#038;p=1121"},"modified":"2025-04-14T15:17:03","modified_gmt":"2025-04-14T13:17:03","slug":"delta-pumpe-serie","status":"publish","type":"product","link":"https:\/\/hydroleduc.com\/de\/fiches\/delta-pumpe-serie\/","title":{"rendered":"Delta Pumpe Serie"},"content":{"rendered":"<p>Produktbeschreibung :<\/p>\n<p>Die f\u00fcr offene Kreisl\u00e4ufe konzipierten Verstellpumpen der Serie DELTA erm\u00f6glichen eine kontinuierliche Anpassung der \u00d6lf\u00f6rdermenge je nach Verbraucher und garantiert so :<\/p>\n<ul>\n<li>Eine optimale Energiebilanz,<\/li>\n<li>Keine unn\u00f6tige Erw\u00e4rmung der Fl\u00fcssigkeit,<\/li>\n<li>Eine Verringerung des L\u00e4rmpegels.<\/li>\n<\/ul>\n<p>Merkmale und Vorteile\u00a0:<\/p>\n<p>Die DELTA Pumpen werden serienm\u00e4ssig in 40, 60, 75 und 92 ccm\/U. gefertigt.<br \/>\n120 und 130 ccm\/U. sind auf Anfrage lieferbar. DELTA-Pumpen erf\u00fcllen die Anforderungen anspruchsvollster Anwendungen.<\/p>\n<p>Vorteile und Features der DELTA Pumpen :<\/p>\n<ul>\n<li>Zahn- oder Zylinderwelle mit Passfeder,<\/li>\n<li>2-Loch-Flansch (SAE C),<\/li>\n<li>Lange Lebensdauer,<\/li>\n<li>Keine Pulsation (11 Kolben-Technologie),<\/li>\n<li>Geringe Lautst\u00e4rke,<\/li>\n<li>Hervorragendes Leistungs-\/Gewichtsverh\u00e4ltnis,<\/li>\n<li>Hoher F\u00f6rderdruck bis zu 400 bar (Modellabh\u00e4ngig),<\/li>\n<li>Vereinfachte Inbetriebnahme durch Selbstentl\u00fcftung bei Anlauf.<\/li>\n<\/ul>\n<p>Verschiedene Regelungen erh\u00e4ltlich.<\/p>\n<p>Anwendungsbereiche\u00a0:<\/p>\n<ul>\n<li>Sation\u00e4re Baumaschninen,<\/li>\n<li>Industrie.<\/li>\n<\/ul>\n","protected":false},"excerpt":{"rendered":"<p><a href=\"https:\/\/hydroleduc.com\/de\/wp-content\/uploads\/2020\/10\/hydroleduc_DELTA_Pumpe-1.pdf\" target=\"_blank\" rel=\"noopener\">DELTA Pumpe<\/a><\/p>\n","protected":false},"featured_media":3115,"template":"","meta":[],"product_brand":[],"product_cat":[25],"product_tag":[],"class_list":{"0":"post-1121","1":"product","2":"type-product","3":"status-publish","4":"has-post-thumbnail","6":"product_cat-non-classe","8":"first","9":"instock","10":"shipping-taxable","11":"product-type-simple"},"yoast_head":"<!-- This site is optimized with the Yoast SEO plugin v27.2 - https:\/\/yoast.com\/product\/yoast-seo-wordpress\/ -->\n<title>Delta Pumpe Serie - HYDRO LEDUC<\/title>\n<meta name=\"description\" content=\"Destin\u00e9es aux circuits hydrauliques dit \u00abouverts\u00bb, les pompes \u00e0 cylindr\u00e9e variable de la s\u00e9rie DELTA permettent d\u2019optimiser en continu les besoins des r\u00e9cepteurs qu\u2019elles alimentent.\" \/>\n<meta name=\"robots\" content=\"index, follow, max-snippet:-1, max-image-preview:large, max-video-preview:-1\" \/>\n<link rel=\"canonical\" href=\"https:\/\/hydroleduc.com\/de\/fiches\/delta-pumpe-serie\/\" \/>\n<meta property=\"og:locale\" content=\"de_DE\" \/>\n<meta property=\"og:type\" content=\"article\" \/>\n<meta property=\"og:title\" content=\"Delta Pumpe Serie - HYDRO LEDUC\" \/>\n<meta property=\"og:description\" content=\"Destin\u00e9es aux circuits hydrauliques dit \u00abouverts\u00bb, les pompes \u00e0 cylindr\u00e9e variable de la s\u00e9rie DELTA permettent d\u2019optimiser en continu les besoins des r\u00e9cepteurs qu\u2019elles alimentent.\" \/>\n<meta property=\"og:url\" content=\"https:\/\/hydroleduc.com\/de\/fiches\/delta-pumpe-serie\/\" \/>\n<meta property=\"og:site_name\" content=\"HYDRO LEDUC\" \/>\n<meta property=\"article:modified_time\" content=\"2025-04-14T13:17:03+00:00\" \/>\n<meta property=\"og:image\" content=\"https:\/\/hydroleduc.com\/de\/wp-content\/uploads\/2019\/02\/hydroleduc_pompe_delta.png\" \/>\n\t<meta property=\"og:image:width\" content=\"1963\" \/>\n\t<meta property=\"og:image:height\" content=\"1852\" \/>\n\t<meta property=\"og:image:type\" content=\"image\/png\" \/>\n<meta name=\"twitter:card\" content=\"summary_large_image\" \/>\n<meta name=\"twitter:label1\" content=\"Gesch\u00e4tzte Lesezeit\" \/>\n\t<meta name=\"twitter:data1\" content=\"1\u00a0Minute\" \/>\n<script type=\"application\/ld+json\" class=\"yoast-schema-graph\">{\"@context\":\"https:\/\/schema.org\",\"@graph\":[{\"@type\":\"WebPage\",\"@id\":\"https:\/\/hydroleduc.com\/de\/fiches\/delta-pumpe-serie\/\",\"url\":\"https:\/\/hydroleduc.com\/de\/fiches\/delta-pumpe-serie\/\",\"name\":\"Delta Pumpe Serie - HYDRO LEDUC\",\"isPartOf\":{\"@id\":\"https:\/\/hydroleduc.com\/de\/#website\"},\"primaryImageOfPage\":{\"@id\":\"https:\/\/hydroleduc.com\/de\/fiches\/delta-pumpe-serie\/#primaryimage\"},\"image\":{\"@id\":\"https:\/\/hydroleduc.com\/de\/fiches\/delta-pumpe-serie\/#primaryimage\"},\"thumbnailUrl\":\"https:\/\/hydroleduc.com\/de\/wp-content\/uploads\/2019\/02\/hydroleduc_pompe_delta.png\",\"datePublished\":\"2025-01-30T14:17:58+00:00\",\"dateModified\":\"2025-04-14T13:17:03+00:00\",\"description\":\"Destin\u00e9es aux circuits hydrauliques dit \u00abouverts\u00bb, les pompes \u00e0 cylindr\u00e9e variable de la s\u00e9rie DELTA permettent d\u2019optimiser en continu les besoins des r\u00e9cepteurs qu\u2019elles alimentent.\",\"breadcrumb\":{\"@id\":\"https:\/\/hydroleduc.com\/de\/fiches\/delta-pumpe-serie\/#breadcrumb\"},\"inLanguage\":\"de\",\"potentialAction\":[{\"@type\":\"ReadAction\",\"target\":[\"https:\/\/hydroleduc.com\/de\/fiches\/delta-pumpe-serie\/\"]}]},{\"@type\":\"ImageObject\",\"inLanguage\":\"de\",\"@id\":\"https:\/\/hydroleduc.com\/de\/fiches\/delta-pumpe-serie\/#primaryimage\",\"url\":\"https:\/\/hydroleduc.com\/de\/wp-content\/uploads\/2019\/02\/hydroleduc_pompe_delta.png\",\"contentUrl\":\"https:\/\/hydroleduc.com\/de\/wp-content\/uploads\/2019\/02\/hydroleduc_pompe_delta.png\",\"width\":1963,\"height\":1852,\"caption\":\"hydroleduc pompe delta\"},{\"@type\":\"BreadcrumbList\",\"@id\":\"https:\/\/hydroleduc.com\/de\/fiches\/delta-pumpe-serie\/#breadcrumb\",\"itemListElement\":[{\"@type\":\"ListItem\",\"position\":1,\"name\":\"Startseite\",\"item\":\"https:\/\/hydroleduc.com\/de\/\"},{\"@type\":\"ListItem\",\"position\":2,\"name\":\"Hydraulik komponenten\",\"item\":\"https:\/\/hydroleduc.com\/de\/hydraulikkomponenten\/\"},{\"@type\":\"ListItem\",\"position\":3,\"name\":\"Non class\u00e9\",\"item\":\"https:\/\/hydroleduc.com\/de\/hydraulikkomponenten\/non-classe\/\"},{\"@type\":\"ListItem\",\"position\":4,\"name\":\"Delta Pumpe Serie\"}]},{\"@type\":\"WebSite\",\"@id\":\"https:\/\/hydroleduc.com\/de\/#website\",\"url\":\"https:\/\/hydroleduc.com\/de\/\",\"name\":\"HYDRO LEDUC\",\"description\":\"Hersteller von Hydraulikkomponenten\",\"publisher\":{\"@id\":\"https:\/\/hydroleduc.com\/de\/#organization\"},\"potentialAction\":[{\"@type\":\"SearchAction\",\"target\":{\"@type\":\"EntryPoint\",\"urlTemplate\":\"https:\/\/hydroleduc.com\/de\/?s={search_term_string}\"},\"query-input\":{\"@type\":\"PropertyValueSpecification\",\"valueRequired\":true,\"valueName\":\"search_term_string\"}}],\"inLanguage\":\"de\"},{\"@type\":\"Organization\",\"@id\":\"https:\/\/hydroleduc.com\/de\/#organization\",\"name\":\"HYDRO LEDUC\",\"url\":\"https:\/\/hydroleduc.com\/de\/\",\"logo\":{\"@type\":\"ImageObject\",\"inLanguage\":\"de\",\"@id\":\"https:\/\/hydroleduc.com\/de\/#\/schema\/logo\/image\/\",\"url\":\"https:\/\/hydroleduc.com\/de\/wp-content\/uploads\/2025\/01\/logo-hydroleduc.png\",\"contentUrl\":\"https:\/\/hydroleduc.com\/de\/wp-content\/uploads\/2025\/01\/logo-hydroleduc.png\",\"width\":366,\"height\":148,\"caption\":\"HYDRO LEDUC\"},\"image\":{\"@id\":\"https:\/\/hydroleduc.com\/de\/#\/schema\/logo\/image\/\"}}]}<\/script>\n<!-- \/ Yoast SEO plugin. -->","yoast_head_json":{"title":"Delta Pumpe Serie - HYDRO LEDUC","description":"Destin\u00e9es aux circuits hydrauliques dit \u00abouverts\u00bb, les pompes \u00e0 cylindr\u00e9e variable de la s\u00e9rie DELTA permettent d\u2019optimiser en continu les besoins des r\u00e9cepteurs qu\u2019elles alimentent.","robots":{"index":"index","follow":"follow","max-snippet":"max-snippet:-1","max-image-preview":"max-image-preview:large","max-video-preview":"max-video-preview:-1"},"canonical":"https:\/\/hydroleduc.com\/de\/fiches\/delta-pumpe-serie\/","og_locale":"de_DE","og_type":"article","og_title":"Delta Pumpe Serie - HYDRO LEDUC","og_description":"Destin\u00e9es aux circuits hydrauliques dit \u00abouverts\u00bb, les pompes \u00e0 cylindr\u00e9e variable de la s\u00e9rie DELTA permettent d\u2019optimiser en continu les besoins des r\u00e9cepteurs qu\u2019elles alimentent.","og_url":"https:\/\/hydroleduc.com\/de\/fiches\/delta-pumpe-serie\/","og_site_name":"HYDRO LEDUC","article_modified_time":"2025-04-14T13:17:03+00:00","og_image":[{"width":1963,"height":1852,"url":"https:\/\/hydroleduc.com\/de\/wp-content\/uploads\/2019\/02\/hydroleduc_pompe_delta.png","type":"image\/png"}],"twitter_card":"summary_large_image","twitter_misc":{"Gesch\u00e4tzte Lesezeit":"1\u00a0Minute"},"schema":{"@context":"https:\/\/schema.org","@graph":[{"@type":"WebPage","@id":"https:\/\/hydroleduc.com\/de\/fiches\/delta-pumpe-serie\/","url":"https:\/\/hydroleduc.com\/de\/fiches\/delta-pumpe-serie\/","name":"Delta Pumpe Serie - HYDRO LEDUC","isPartOf":{"@id":"https:\/\/hydroleduc.com\/de\/#website"},"primaryImageOfPage":{"@id":"https:\/\/hydroleduc.com\/de\/fiches\/delta-pumpe-serie\/#primaryimage"},"image":{"@id":"https:\/\/hydroleduc.com\/de\/fiches\/delta-pumpe-serie\/#primaryimage"},"thumbnailUrl":"https:\/\/hydroleduc.com\/de\/wp-content\/uploads\/2019\/02\/hydroleduc_pompe_delta.png","datePublished":"2025-01-30T14:17:58+00:00","dateModified":"2025-04-14T13:17:03+00:00","description":"Destin\u00e9es aux circuits hydrauliques dit \u00abouverts\u00bb, les pompes \u00e0 cylindr\u00e9e variable de la s\u00e9rie DELTA permettent d\u2019optimiser en continu les besoins des r\u00e9cepteurs qu\u2019elles alimentent.","breadcrumb":{"@id":"https:\/\/hydroleduc.com\/de\/fiches\/delta-pumpe-serie\/#breadcrumb"},"inLanguage":"de","potentialAction":[{"@type":"ReadAction","target":["https:\/\/hydroleduc.com\/de\/fiches\/delta-pumpe-serie\/"]}]},{"@type":"ImageObject","inLanguage":"de","@id":"https:\/\/hydroleduc.com\/de\/fiches\/delta-pumpe-serie\/#primaryimage","url":"https:\/\/hydroleduc.com\/de\/wp-content\/uploads\/2019\/02\/hydroleduc_pompe_delta.png","contentUrl":"https:\/\/hydroleduc.com\/de\/wp-content\/uploads\/2019\/02\/hydroleduc_pompe_delta.png","width":1963,"height":1852,"caption":"hydroleduc pompe delta"},{"@type":"BreadcrumbList","@id":"https:\/\/hydroleduc.com\/de\/fiches\/delta-pumpe-serie\/#breadcrumb","itemListElement":[{"@type":"ListItem","position":1,"name":"Startseite","item":"https:\/\/hydroleduc.com\/de\/"},{"@type":"ListItem","position":2,"name":"Hydraulik komponenten","item":"https:\/\/hydroleduc.com\/de\/hydraulikkomponenten\/"},{"@type":"ListItem","position":3,"name":"Non class\u00e9","item":"https:\/\/hydroleduc.com\/de\/hydraulikkomponenten\/non-classe\/"},{"@type":"ListItem","position":4,"name":"Delta Pumpe Serie"}]},{"@type":"WebSite","@id":"https:\/\/hydroleduc.com\/de\/#website","url":"https:\/\/hydroleduc.com\/de\/","name":"HYDRO LEDUC","description":"Hersteller von Hydraulikkomponenten","publisher":{"@id":"https:\/\/hydroleduc.com\/de\/#organization"},"potentialAction":[{"@type":"SearchAction","target":{"@type":"EntryPoint","urlTemplate":"https:\/\/hydroleduc.com\/de\/?s={search_term_string}"},"query-input":{"@type":"PropertyValueSpecification","valueRequired":true,"valueName":"search_term_string"}}],"inLanguage":"de"},{"@type":"Organization","@id":"https:\/\/hydroleduc.com\/de\/#organization","name":"HYDRO LEDUC","url":"https:\/\/hydroleduc.com\/de\/","logo":{"@type":"ImageObject","inLanguage":"de","@id":"https:\/\/hydroleduc.com\/de\/#\/schema\/logo\/image\/","url":"https:\/\/hydroleduc.com\/de\/wp-content\/uploads\/2025\/01\/logo-hydroleduc.png","contentUrl":"https:\/\/hydroleduc.com\/de\/wp-content\/uploads\/2025\/01\/logo-hydroleduc.png","width":366,"height":148,"caption":"HYDRO LEDUC"},"image":{"@id":"https:\/\/hydroleduc.com\/de\/#\/schema\/logo\/image\/"}}]}},"_links":{"self":[{"href":"https:\/\/hydroleduc.com\/de\/wp-json\/wp\/v2\/product\/1121","targetHints":{"allow":["GET"]}}],"collection":[{"href":"https:\/\/hydroleduc.com\/de\/wp-json\/wp\/v2\/product"}],"about":[{"href":"https:\/\/hydroleduc.com\/de\/wp-json\/wp\/v2\/types\/product"}],"wp:featuredmedia":[{"embeddable":true,"href":"https:\/\/hydroleduc.com\/de\/wp-json\/wp\/v2\/media\/3115"}],"wp:attachment":[{"href":"https:\/\/hydroleduc.com\/de\/wp-json\/wp\/v2\/media?parent=1121"}],"wp:term":[{"taxonomy":"product_brand","embeddable":true,"href":"https:\/\/hydroleduc.com\/de\/wp-json\/wp\/v2\/product_brand?post=1121"},{"taxonomy":"product_cat","embeddable":true,"href":"https:\/\/hydroleduc.com\/de\/wp-json\/wp\/v2\/product_cat?post=1121"},{"taxonomy":"product_tag","embeddable":true,"href":"https:\/\/hydroleduc.com\/de\/wp-json\/wp\/v2\/product_tag?post=1121"}],"curies":[{"name":"wp","href":"https:\/\/api.w.org\/{rel}","templated":true}]}}