{"id":1123,"date":"2025-01-30T15:19:53","date_gmt":"2025-01-30T14:19:53","guid":{"rendered":"https:\/\/hydroleduc.com\/de\/?post_type=product&#038;p=1123"},"modified":"2025-10-17T16:18:59","modified_gmt":"2025-10-17T14:18:59","slug":"w-wa-pumpe-serie","status":"publish","type":"product","link":"https:\/\/hydroleduc.com\/de\/fiches\/w-wa-pumpe-serie\/","title":{"rendered":"W-WA Pumpe Serie \u2013 Konstant F\u00f6rdermenge"},"content":{"rendered":"<p>Produktbeschreibung :<br \/>\nDie W\/WA Pumpen sind f\u00fcr mobile und station\u00e4re Anwendungen konzipiert.<br \/>\nW Serie (ISO Version)\u00a0: Konstantes F\u00f6rdervolumen von 5 ccm\/U. bis 180 ccm\/U.<br \/>\nWA Serie (SAE Version)\u00a0: Konstantes F\u00f6rdervolumen von 12 ccm\/U. bis 180 ccm\/U.<\/p>\n<p>Merkmale und Vorteile\u00a0:<\/p>\n<ul>\n<li>Hohe Wirkungsgrade,<\/li>\n<li>Hohe Drehzahlen von 150 bis zu 3000 U\/min. (Modellabh\u00e4ngig),<\/li>\n<li>Dauerdruck 400 bar (450 bar Spitzendruck) bei hohem Wirkungsgrad und niedrigem Ger\u00e4uschpegel,<\/li>\n<li>Selbstansaugend,<\/li>\n<li>Als Standard, FKM-Dichtungen (NBR Optional),<\/li>\n<li>7 Kolben-Technologie zur Reduktion von Pulsationen,<\/li>\n<li>Zahnwelle oder Zylinderwelle mit Passfeder erh\u00e4ltlich,<\/li>\n<li>Drehzahl-und Drehrichtungssensoren oder Sp\u00fclventile optional auf Anfrage.<\/li>\n<\/ul>\n<p>Anwenungsbereiche\u00a0:<\/p>\n<ul>\n<li>Aggregatebau,<\/li>\n<li>Energieerzeugung f\u00fcr Werkzeugmaschinen,<\/li>\n<li>Ausr\u00fcstung f\u00fcr kommunale Anwendungen,<\/li>\n<li>Bohrausr\u00fcstung,<\/li>\n<li>Hydromechanisch gesteuerte Maschinen, etc.<\/li>\n<\/ul>\n<p>Abmessungen oder Wellentyp (Zahnwelle oder Zylinderwelle) entnehmen Sie bitte dem vollst\u00e4ndigen W-Pumpenkatalog.<\/p>\n<p>F\u00fcr die SAE-Version (WA-Pumpe)<br \/>\nPour la version SAE (Pompe WA) <a href=\"https:\/\/hydroleduc.com\/de\/kontakt\/\" target=\"_blank\" rel=\"noopener noreferrer\">wenden Sie sich bitte an uns<\/a>.<\/p>\n","protected":false},"excerpt":{"rendered":"<p><a href=\"https:\/\/qrco.de\/W-WA-PUMPS\">W-WA pumpen Serie<\/a><\/p>\n","protected":false},"featured_media":3167,"template":"","meta":[],"product_brand":[],"product_cat":[27,46,29,52],"product_tag":[],"class_list":{"0":"post-1123","1":"product","2":"type-product","3":"status-publish","4":"has-post-thumbnail","6":"product_cat-baumaschinen","7":"product_cat-hydraulikpumpen","8":"product_cat-industrie","9":"product_cat-industrielle-und-mobile-pumpen","11":"first","12":"instock","13":"shipping-taxable","14":"product-type-simple"},"yoast_head":"<!-- This site is optimized with the Yoast SEO plugin v27.2 - https:\/\/yoast.com\/product\/yoast-seo-wordpress\/ -->\n<title>W-WA Pumpe Serie \u2013 Konstant F\u00f6rdermenge - HYDRO LEDUC<\/title>\n<meta name=\"description\" content=\"Les pompes W-WA ont \u00e9t\u00e9 d\u00e9velopp\u00e9es pour satisfaire les besoins de l\u2019hydraulique stationnaire ainsi que les besoins de l\u2019hydraulique mobile.\" \/>\n<meta name=\"robots\" content=\"index, follow, max-snippet:-1, max-image-preview:large, max-video-preview:-1\" \/>\n<link rel=\"canonical\" href=\"https:\/\/hydroleduc.com\/de\/fiches\/w-wa-pumpe-serie\/\" \/>\n<meta property=\"og:locale\" content=\"de_DE\" \/>\n<meta property=\"og:type\" content=\"article\" \/>\n<meta property=\"og:title\" content=\"W-WA Pumpe Serie \u2013 Konstant F\u00f6rdermenge - HYDRO LEDUC\" \/>\n<meta property=\"og:description\" content=\"Les pompes W-WA ont \u00e9t\u00e9 d\u00e9velopp\u00e9es pour satisfaire les besoins de l\u2019hydraulique stationnaire ainsi que les besoins de l\u2019hydraulique mobile.\" \/>\n<meta property=\"og:url\" content=\"https:\/\/hydroleduc.com\/de\/fiches\/w-wa-pumpe-serie\/\" \/>\n<meta property=\"og:site_name\" content=\"HYDRO LEDUC\" \/>\n<meta property=\"article:modified_time\" content=\"2025-10-17T14:18:59+00:00\" \/>\n<meta property=\"og:image\" content=\"https:\/\/hydroleduc.com\/de\/wp-content\/uploads\/2019\/02\/hydroleduc_pompe_w-826x1024.png\" \/>\n\t<meta property=\"og:image:width\" content=\"826\" \/>\n\t<meta property=\"og:image:height\" content=\"1024\" \/>\n\t<meta property=\"og:image:type\" content=\"image\/png\" \/>\n<meta name=\"twitter:card\" content=\"summary_large_image\" \/>\n<meta name=\"twitter:label1\" content=\"Gesch\u00e4tzte Lesezeit\" \/>\n\t<meta name=\"twitter:data1\" content=\"1\u00a0Minute\" \/>\n<script type=\"application\/ld+json\" class=\"yoast-schema-graph\">{\"@context\":\"https:\/\/schema.org\",\"@graph\":[{\"@type\":\"WebPage\",\"@id\":\"https:\/\/hydroleduc.com\/de\/fiches\/w-wa-pumpe-serie\/\",\"url\":\"https:\/\/hydroleduc.com\/de\/fiches\/w-wa-pumpe-serie\/\",\"name\":\"W-WA Pumpe Serie \u2013 Konstant F\u00f6rdermenge - HYDRO LEDUC\",\"isPartOf\":{\"@id\":\"https:\/\/hydroleduc.com\/de\/#website\"},\"primaryImageOfPage\":{\"@id\":\"https:\/\/hydroleduc.com\/de\/fiches\/w-wa-pumpe-serie\/#primaryimage\"},\"image\":{\"@id\":\"https:\/\/hydroleduc.com\/de\/fiches\/w-wa-pumpe-serie\/#primaryimage\"},\"thumbnailUrl\":\"https:\/\/hydroleduc.com\/de\/wp-content\/uploads\/2019\/02\/hydroleduc_pompe_w.png\",\"datePublished\":\"2025-01-30T14:19:53+00:00\",\"dateModified\":\"2025-10-17T14:18:59+00:00\",\"description\":\"Les pompes W-WA ont \u00e9t\u00e9 d\u00e9velopp\u00e9es pour satisfaire les besoins de l\u2019hydraulique stationnaire ainsi que les besoins de l\u2019hydraulique mobile.\",\"breadcrumb\":{\"@id\":\"https:\/\/hydroleduc.com\/de\/fiches\/w-wa-pumpe-serie\/#breadcrumb\"},\"inLanguage\":\"de\",\"potentialAction\":[{\"@type\":\"ReadAction\",\"target\":[\"https:\/\/hydroleduc.com\/de\/fiches\/w-wa-pumpe-serie\/\"]}]},{\"@type\":\"ImageObject\",\"inLanguage\":\"de\",\"@id\":\"https:\/\/hydroleduc.com\/de\/fiches\/w-wa-pumpe-serie\/#primaryimage\",\"url\":\"https:\/\/hydroleduc.com\/de\/wp-content\/uploads\/2019\/02\/hydroleduc_pompe_w.png\",\"contentUrl\":\"https:\/\/hydroleduc.com\/de\/wp-content\/uploads\/2019\/02\/hydroleduc_pompe_w.png\",\"width\":2560,\"height\":3173,\"caption\":\"hydroleduc pompe w\"},{\"@type\":\"BreadcrumbList\",\"@id\":\"https:\/\/hydroleduc.com\/de\/fiches\/w-wa-pumpe-serie\/#breadcrumb\",\"itemListElement\":[{\"@type\":\"ListItem\",\"position\":1,\"name\":\"Startseite\",\"item\":\"https:\/\/hydroleduc.com\/de\/\"},{\"@type\":\"ListItem\",\"position\":2,\"name\":\"Hydraulik komponenten\",\"item\":\"https:\/\/hydroleduc.com\/de\/hydraulikkomponenten\/\"},{\"@type\":\"ListItem\",\"position\":3,\"name\":\"Hydraulikpumpen\",\"item\":\"https:\/\/hydroleduc.com\/de\/hydraulikkomponenten\/hydraulikpumpen\/\"},{\"@type\":\"ListItem\",\"position\":4,\"name\":\"Industrielle und mobile Pumpen\",\"item\":\"https:\/\/hydroleduc.com\/de\/hydraulikkomponenten\/hydraulikpumpen\/industrielle-und-mobile-pumpen\/\"},{\"@type\":\"ListItem\",\"position\":5,\"name\":\"W-WA Pumpe Serie \u2013 Konstant F\u00f6rdermenge\"}]},{\"@type\":\"WebSite\",\"@id\":\"https:\/\/hydroleduc.com\/de\/#website\",\"url\":\"https:\/\/hydroleduc.com\/de\/\",\"name\":\"HYDRO LEDUC\",\"description\":\"Hersteller von Hydraulikkomponenten\",\"publisher\":{\"@id\":\"https:\/\/hydroleduc.com\/de\/#organization\"},\"potentialAction\":[{\"@type\":\"SearchAction\",\"target\":{\"@type\":\"EntryPoint\",\"urlTemplate\":\"https:\/\/hydroleduc.com\/de\/?s={search_term_string}\"},\"query-input\":{\"@type\":\"PropertyValueSpecification\",\"valueRequired\":true,\"valueName\":\"search_term_string\"}}],\"inLanguage\":\"de\"},{\"@type\":\"Organization\",\"@id\":\"https:\/\/hydroleduc.com\/de\/#organization\",\"name\":\"HYDRO LEDUC\",\"url\":\"https:\/\/hydroleduc.com\/de\/\",\"logo\":{\"@type\":\"ImageObject\",\"inLanguage\":\"de\",\"@id\":\"https:\/\/hydroleduc.com\/de\/#\/schema\/logo\/image\/\",\"url\":\"https:\/\/hydroleduc.com\/de\/wp-content\/uploads\/2025\/01\/logo-hydroleduc.png\",\"contentUrl\":\"https:\/\/hydroleduc.com\/de\/wp-content\/uploads\/2025\/01\/logo-hydroleduc.png\",\"width\":366,\"height\":148,\"caption\":\"HYDRO LEDUC\"},\"image\":{\"@id\":\"https:\/\/hydroleduc.com\/de\/#\/schema\/logo\/image\/\"}}]}<\/script>\n<!-- \/ Yoast SEO plugin. -->","yoast_head_json":{"title":"W-WA Pumpe Serie \u2013 Konstant F\u00f6rdermenge - HYDRO LEDUC","description":"Les pompes W-WA ont \u00e9t\u00e9 d\u00e9velopp\u00e9es pour satisfaire les besoins de l\u2019hydraulique stationnaire ainsi que les besoins de l\u2019hydraulique mobile.","robots":{"index":"index","follow":"follow","max-snippet":"max-snippet:-1","max-image-preview":"max-image-preview:large","max-video-preview":"max-video-preview:-1"},"canonical":"https:\/\/hydroleduc.com\/de\/fiches\/w-wa-pumpe-serie\/","og_locale":"de_DE","og_type":"article","og_title":"W-WA Pumpe Serie \u2013 Konstant F\u00f6rdermenge - HYDRO LEDUC","og_description":"Les pompes W-WA ont \u00e9t\u00e9 d\u00e9velopp\u00e9es pour satisfaire les besoins de l\u2019hydraulique stationnaire ainsi que les besoins de l\u2019hydraulique mobile.","og_url":"https:\/\/hydroleduc.com\/de\/fiches\/w-wa-pumpe-serie\/","og_site_name":"HYDRO LEDUC","article_modified_time":"2025-10-17T14:18:59+00:00","og_image":[{"width":826,"height":1024,"url":"https:\/\/hydroleduc.com\/de\/wp-content\/uploads\/2019\/02\/hydroleduc_pompe_w-826x1024.png","type":"image\/png"}],"twitter_card":"summary_large_image","twitter_misc":{"Gesch\u00e4tzte Lesezeit":"1\u00a0Minute"},"schema":{"@context":"https:\/\/schema.org","@graph":[{"@type":"WebPage","@id":"https:\/\/hydroleduc.com\/de\/fiches\/w-wa-pumpe-serie\/","url":"https:\/\/hydroleduc.com\/de\/fiches\/w-wa-pumpe-serie\/","name":"W-WA Pumpe Serie \u2013 Konstant F\u00f6rdermenge - HYDRO LEDUC","isPartOf":{"@id":"https:\/\/hydroleduc.com\/de\/#website"},"primaryImageOfPage":{"@id":"https:\/\/hydroleduc.com\/de\/fiches\/w-wa-pumpe-serie\/#primaryimage"},"image":{"@id":"https:\/\/hydroleduc.com\/de\/fiches\/w-wa-pumpe-serie\/#primaryimage"},"thumbnailUrl":"https:\/\/hydroleduc.com\/de\/wp-content\/uploads\/2019\/02\/hydroleduc_pompe_w.png","datePublished":"2025-01-30T14:19:53+00:00","dateModified":"2025-10-17T14:18:59+00:00","description":"Les pompes W-WA ont \u00e9t\u00e9 d\u00e9velopp\u00e9es pour satisfaire les besoins de l\u2019hydraulique stationnaire ainsi que les besoins de l\u2019hydraulique mobile.","breadcrumb":{"@id":"https:\/\/hydroleduc.com\/de\/fiches\/w-wa-pumpe-serie\/#breadcrumb"},"inLanguage":"de","potentialAction":[{"@type":"ReadAction","target":["https:\/\/hydroleduc.com\/de\/fiches\/w-wa-pumpe-serie\/"]}]},{"@type":"ImageObject","inLanguage":"de","@id":"https:\/\/hydroleduc.com\/de\/fiches\/w-wa-pumpe-serie\/#primaryimage","url":"https:\/\/hydroleduc.com\/de\/wp-content\/uploads\/2019\/02\/hydroleduc_pompe_w.png","contentUrl":"https:\/\/hydroleduc.com\/de\/wp-content\/uploads\/2019\/02\/hydroleduc_pompe_w.png","width":2560,"height":3173,"caption":"hydroleduc pompe w"},{"@type":"BreadcrumbList","@id":"https:\/\/hydroleduc.com\/de\/fiches\/w-wa-pumpe-serie\/#breadcrumb","itemListElement":[{"@type":"ListItem","position":1,"name":"Startseite","item":"https:\/\/hydroleduc.com\/de\/"},{"@type":"ListItem","position":2,"name":"Hydraulik komponenten","item":"https:\/\/hydroleduc.com\/de\/hydraulikkomponenten\/"},{"@type":"ListItem","position":3,"name":"Hydraulikpumpen","item":"https:\/\/hydroleduc.com\/de\/hydraulikkomponenten\/hydraulikpumpen\/"},{"@type":"ListItem","position":4,"name":"Industrielle und mobile Pumpen","item":"https:\/\/hydroleduc.com\/de\/hydraulikkomponenten\/hydraulikpumpen\/industrielle-und-mobile-pumpen\/"},{"@type":"ListItem","position":5,"name":"W-WA Pumpe Serie \u2013 Konstant F\u00f6rdermenge"}]},{"@type":"WebSite","@id":"https:\/\/hydroleduc.com\/de\/#website","url":"https:\/\/hydroleduc.com\/de\/","name":"HYDRO LEDUC","description":"Hersteller von Hydraulikkomponenten","publisher":{"@id":"https:\/\/hydroleduc.com\/de\/#organization"},"potentialAction":[{"@type":"SearchAction","target":{"@type":"EntryPoint","urlTemplate":"https:\/\/hydroleduc.com\/de\/?s={search_term_string}"},"query-input":{"@type":"PropertyValueSpecification","valueRequired":true,"valueName":"search_term_string"}}],"inLanguage":"de"},{"@type":"Organization","@id":"https:\/\/hydroleduc.com\/de\/#organization","name":"HYDRO LEDUC","url":"https:\/\/hydroleduc.com\/de\/","logo":{"@type":"ImageObject","inLanguage":"de","@id":"https:\/\/hydroleduc.com\/de\/#\/schema\/logo\/image\/","url":"https:\/\/hydroleduc.com\/de\/wp-content\/uploads\/2025\/01\/logo-hydroleduc.png","contentUrl":"https:\/\/hydroleduc.com\/de\/wp-content\/uploads\/2025\/01\/logo-hydroleduc.png","width":366,"height":148,"caption":"HYDRO LEDUC"},"image":{"@id":"https:\/\/hydroleduc.com\/de\/#\/schema\/logo\/image\/"}}]}},"_links":{"self":[{"href":"https:\/\/hydroleduc.com\/de\/wp-json\/wp\/v2\/product\/1123","targetHints":{"allow":["GET"]}}],"collection":[{"href":"https:\/\/hydroleduc.com\/de\/wp-json\/wp\/v2\/product"}],"about":[{"href":"https:\/\/hydroleduc.com\/de\/wp-json\/wp\/v2\/types\/product"}],"wp:featuredmedia":[{"embeddable":true,"href":"https:\/\/hydroleduc.com\/de\/wp-json\/wp\/v2\/media\/3167"}],"wp:attachment":[{"href":"https:\/\/hydroleduc.com\/de\/wp-json\/wp\/v2\/media?parent=1123"}],"wp:term":[{"taxonomy":"product_brand","embeddable":true,"href":"https:\/\/hydroleduc.com\/de\/wp-json\/wp\/v2\/product_brand?post=1123"},{"taxonomy":"product_cat","embeddable":true,"href":"https:\/\/hydroleduc.com\/de\/wp-json\/wp\/v2\/product_cat?post=1123"},{"taxonomy":"product_tag","embeddable":true,"href":"https:\/\/hydroleduc.com\/de\/wp-json\/wp\/v2\/product_tag?post=1123"}],"curies":[{"name":"wp","href":"https:\/\/api.w.org\/{rel}","templated":true}]}}