{"id":1124,"date":"2025-01-30T15:21:00","date_gmt":"2025-01-30T14:21:00","guid":{"rendered":"https:\/\/hydroleduc.com\/de\/?post_type=product&#038;p=1124"},"modified":"2025-10-17T16:29:39","modified_gmt":"2025-10-17T14:29:39","slug":"geschraubte-membranspeicher-as","status":"publish","type":"product","link":"https:\/\/hydroleduc.com\/de\/fiches\/geschraubte-membranspeicher-as\/","title":{"rendered":"Geschraubte Membranspeicher AS"},"content":{"rendered":"<p>Produktbeschreibung :<\/p>\n<p>Die kugelf\u00f6rmigen LEDUC Druckspeicher bestehen aus zwei Halbkugel-Kappen, die miteinander verschraubt sind und mit einer Membrane versehen sind. Ein in der Membrane integrierter Metallanschlag schlie\u00dft bei einer totalen Entleerung den hydraulischen Ein- \/ Ausgang des Membranspeichers. Die \u00d6ffnung auf der Gasseite ist mit einem F\u00fcllventil ausgestattet, \u00fcber welches der Druck im Stickstoff beaufschlagtem Bereich des Druckspeichers eingestellt werden kann.<\/p>\n<p>Merkmale und Vorteile\u00a0:<\/p>\n<ul>\n<li>Arbeitsvolumen von 0.02 bis 10 Liter,<\/li>\n<li>Maximaler Druck 400 bar (Modellabh\u00e4ngig),<\/li>\n<li>Temperaturbereich (Standard) :\u00a0 -20\u00b0C bis +120\u00b0C (NBR),<\/li>\n<li>Verschiedene Membranausf\u00fchrungen (auf Anfrage),<\/li>\n<li>Anpassung an unterschiedliche Medien (auf Anfrage).<\/li>\n<\/ul>\n<p>Anwendungsbereiche\u00a0:<\/p>\n<ul>\n<li>Industrieanwendungen,<\/li>\n<li>Schiffsmotoren.<\/li>\n<\/ul>\n","protected":false},"excerpt":{"rendered":"<p><a href=\"https:\/\/qrco.de\/DRUCKSPEICHER\" target=\"_blank\" rel=\"noopener\">Hydropneumatische Druckspeicher<\/a><\/p>\n<p>&nbsp;<\/p>\n","protected":false},"featured_media":39306,"template":"","meta":[],"product_brand":[],"product_cat":[59,48,29,32],"product_tag":[],"class_list":{"0":"post-1124","1":"product","2":"type-product","3":"status-publish","4":"has-post-thumbnail","6":"product_cat-geschraubte-membranspeicher","7":"product_cat-hydro-pneumatische-druckspeicher","8":"product_cat-industrie","9":"product_cat-schiffsmotoren","11":"first","12":"instock","13":"shipping-taxable","14":"product-type-simple"},"yoast_head":"<!-- This site is optimized with the Yoast SEO plugin v27.2 - https:\/\/yoast.com\/product\/yoast-seo-wordpress\/ -->\n<title>Geschraubte Membranspeicher AS - HYDRO LEDUC<\/title>\n<meta name=\"description\" content=\"Les accumulateurs sph\u00e9riques LEDUC (AS-AC) sont constitu\u00e9s de deux calottes h\u00e9misph\u00e9riques assembl\u00e9es par vissage et serrant une membrane.\" \/>\n<meta name=\"robots\" content=\"index, follow, max-snippet:-1, max-image-preview:large, max-video-preview:-1\" \/>\n<link rel=\"canonical\" href=\"https:\/\/hydroleduc.com\/de\/fiches\/geschraubte-membranspeicher-as\/\" \/>\n<meta property=\"og:locale\" content=\"de_DE\" \/>\n<meta property=\"og:type\" content=\"article\" \/>\n<meta property=\"og:title\" content=\"Geschraubte Membranspeicher AS - HYDRO LEDUC\" \/>\n<meta property=\"og:description\" content=\"Les accumulateurs sph\u00e9riques LEDUC (AS-AC) sont constitu\u00e9s de deux calottes h\u00e9misph\u00e9riques assembl\u00e9es par vissage et serrant une membrane.\" \/>\n<meta property=\"og:url\" content=\"https:\/\/hydroleduc.com\/de\/fiches\/geschraubte-membranspeicher-as\/\" \/>\n<meta property=\"og:site_name\" content=\"HYDRO LEDUC\" \/>\n<meta property=\"article:modified_time\" content=\"2025-10-17T14:29:39+00:00\" \/>\n<meta property=\"og:image\" content=\"https:\/\/hydroleduc.com\/de\/wp-content\/uploads\/2019\/02\/accu-AS4-871x1024.png\" \/>\n\t<meta property=\"og:image:width\" content=\"871\" \/>\n\t<meta property=\"og:image:height\" content=\"1024\" \/>\n\t<meta property=\"og:image:type\" content=\"image\/png\" \/>\n<meta name=\"twitter:card\" content=\"summary_large_image\" \/>\n<meta name=\"twitter:label1\" content=\"Gesch\u00e4tzte Lesezeit\" \/>\n\t<meta name=\"twitter:data1\" content=\"1\u00a0Minute\" \/>\n<script type=\"application\/ld+json\" class=\"yoast-schema-graph\">{\"@context\":\"https:\/\/schema.org\",\"@graph\":[{\"@type\":\"WebPage\",\"@id\":\"https:\/\/hydroleduc.com\/de\/fiches\/geschraubte-membranspeicher-as\/\",\"url\":\"https:\/\/hydroleduc.com\/de\/fiches\/geschraubte-membranspeicher-as\/\",\"name\":\"Geschraubte Membranspeicher AS - HYDRO LEDUC\",\"isPartOf\":{\"@id\":\"https:\/\/hydroleduc.com\/de\/#website\"},\"primaryImageOfPage\":{\"@id\":\"https:\/\/hydroleduc.com\/de\/fiches\/geschraubte-membranspeicher-as\/#primaryimage\"},\"image\":{\"@id\":\"https:\/\/hydroleduc.com\/de\/fiches\/geschraubte-membranspeicher-as\/#primaryimage\"},\"thumbnailUrl\":\"https:\/\/hydroleduc.com\/de\/wp-content\/uploads\/2019\/02\/accu-AS4.png\",\"datePublished\":\"2025-01-30T14:21:00+00:00\",\"dateModified\":\"2025-10-17T14:29:39+00:00\",\"description\":\"Les accumulateurs sph\u00e9riques LEDUC (AS-AC) sont constitu\u00e9s de deux calottes h\u00e9misph\u00e9riques assembl\u00e9es par vissage et serrant une membrane.\",\"breadcrumb\":{\"@id\":\"https:\/\/hydroleduc.com\/de\/fiches\/geschraubte-membranspeicher-as\/#breadcrumb\"},\"inLanguage\":\"de\",\"potentialAction\":[{\"@type\":\"ReadAction\",\"target\":[\"https:\/\/hydroleduc.com\/de\/fiches\/geschraubte-membranspeicher-as\/\"]}]},{\"@type\":\"ImageObject\",\"inLanguage\":\"de\",\"@id\":\"https:\/\/hydroleduc.com\/de\/fiches\/geschraubte-membranspeicher-as\/#primaryimage\",\"url\":\"https:\/\/hydroleduc.com\/de\/wp-content\/uploads\/2019\/02\/accu-AS4.png\",\"contentUrl\":\"https:\/\/hydroleduc.com\/de\/wp-content\/uploads\/2019\/02\/accu-AS4.png\",\"width\":1782,\"height\":2095,\"caption\":\"accu AS4\"},{\"@type\":\"BreadcrumbList\",\"@id\":\"https:\/\/hydroleduc.com\/de\/fiches\/geschraubte-membranspeicher-as\/#breadcrumb\",\"itemListElement\":[{\"@type\":\"ListItem\",\"position\":1,\"name\":\"Startseite\",\"item\":\"https:\/\/hydroleduc.com\/de\/\"},{\"@type\":\"ListItem\",\"position\":2,\"name\":\"Hydraulik komponenten\",\"item\":\"https:\/\/hydroleduc.com\/de\/hydraulikkomponenten\/\"},{\"@type\":\"ListItem\",\"position\":3,\"name\":\"Hydro-pneumatische Druckspeicher\",\"item\":\"https:\/\/hydroleduc.com\/de\/hydraulikkomponenten\/hydro-pneumatische-druckspeicher\/\"},{\"@type\":\"ListItem\",\"position\":4,\"name\":\"Geschraubte Membranspeicher\",\"item\":\"https:\/\/hydroleduc.com\/de\/hydraulikkomponenten\/hydro-pneumatische-druckspeicher\/geschraubte-membranspeicher\/\"},{\"@type\":\"ListItem\",\"position\":5,\"name\":\"Geschraubte Membranspeicher AS\"}]},{\"@type\":\"WebSite\",\"@id\":\"https:\/\/hydroleduc.com\/de\/#website\",\"url\":\"https:\/\/hydroleduc.com\/de\/\",\"name\":\"HYDRO LEDUC\",\"description\":\"Hersteller von Hydraulikkomponenten\",\"publisher\":{\"@id\":\"https:\/\/hydroleduc.com\/de\/#organization\"},\"potentialAction\":[{\"@type\":\"SearchAction\",\"target\":{\"@type\":\"EntryPoint\",\"urlTemplate\":\"https:\/\/hydroleduc.com\/de\/?s={search_term_string}\"},\"query-input\":{\"@type\":\"PropertyValueSpecification\",\"valueRequired\":true,\"valueName\":\"search_term_string\"}}],\"inLanguage\":\"de\"},{\"@type\":\"Organization\",\"@id\":\"https:\/\/hydroleduc.com\/de\/#organization\",\"name\":\"HYDRO LEDUC\",\"url\":\"https:\/\/hydroleduc.com\/de\/\",\"logo\":{\"@type\":\"ImageObject\",\"inLanguage\":\"de\",\"@id\":\"https:\/\/hydroleduc.com\/de\/#\/schema\/logo\/image\/\",\"url\":\"https:\/\/hydroleduc.com\/de\/wp-content\/uploads\/2025\/01\/logo-hydroleduc.png\",\"contentUrl\":\"https:\/\/hydroleduc.com\/de\/wp-content\/uploads\/2025\/01\/logo-hydroleduc.png\",\"width\":366,\"height\":148,\"caption\":\"HYDRO LEDUC\"},\"image\":{\"@id\":\"https:\/\/hydroleduc.com\/de\/#\/schema\/logo\/image\/\"}}]}<\/script>\n<!-- \/ Yoast SEO plugin. -->","yoast_head_json":{"title":"Geschraubte Membranspeicher AS - HYDRO LEDUC","description":"Les accumulateurs sph\u00e9riques LEDUC (AS-AC) sont constitu\u00e9s de deux calottes h\u00e9misph\u00e9riques assembl\u00e9es par vissage et serrant une membrane.","robots":{"index":"index","follow":"follow","max-snippet":"max-snippet:-1","max-image-preview":"max-image-preview:large","max-video-preview":"max-video-preview:-1"},"canonical":"https:\/\/hydroleduc.com\/de\/fiches\/geschraubte-membranspeicher-as\/","og_locale":"de_DE","og_type":"article","og_title":"Geschraubte Membranspeicher AS - HYDRO LEDUC","og_description":"Les accumulateurs sph\u00e9riques LEDUC (AS-AC) sont constitu\u00e9s de deux calottes h\u00e9misph\u00e9riques assembl\u00e9es par vissage et serrant une membrane.","og_url":"https:\/\/hydroleduc.com\/de\/fiches\/geschraubte-membranspeicher-as\/","og_site_name":"HYDRO LEDUC","article_modified_time":"2025-10-17T14:29:39+00:00","og_image":[{"width":871,"height":1024,"url":"https:\/\/hydroleduc.com\/de\/wp-content\/uploads\/2019\/02\/accu-AS4-871x1024.png","type":"image\/png"}],"twitter_card":"summary_large_image","twitter_misc":{"Gesch\u00e4tzte Lesezeit":"1\u00a0Minute"},"schema":{"@context":"https:\/\/schema.org","@graph":[{"@type":"WebPage","@id":"https:\/\/hydroleduc.com\/de\/fiches\/geschraubte-membranspeicher-as\/","url":"https:\/\/hydroleduc.com\/de\/fiches\/geschraubte-membranspeicher-as\/","name":"Geschraubte Membranspeicher AS - HYDRO LEDUC","isPartOf":{"@id":"https:\/\/hydroleduc.com\/de\/#website"},"primaryImageOfPage":{"@id":"https:\/\/hydroleduc.com\/de\/fiches\/geschraubte-membranspeicher-as\/#primaryimage"},"image":{"@id":"https:\/\/hydroleduc.com\/de\/fiches\/geschraubte-membranspeicher-as\/#primaryimage"},"thumbnailUrl":"https:\/\/hydroleduc.com\/de\/wp-content\/uploads\/2019\/02\/accu-AS4.png","datePublished":"2025-01-30T14:21:00+00:00","dateModified":"2025-10-17T14:29:39+00:00","description":"Les accumulateurs sph\u00e9riques LEDUC (AS-AC) sont constitu\u00e9s de deux calottes h\u00e9misph\u00e9riques assembl\u00e9es par vissage et serrant une membrane.","breadcrumb":{"@id":"https:\/\/hydroleduc.com\/de\/fiches\/geschraubte-membranspeicher-as\/#breadcrumb"},"inLanguage":"de","potentialAction":[{"@type":"ReadAction","target":["https:\/\/hydroleduc.com\/de\/fiches\/geschraubte-membranspeicher-as\/"]}]},{"@type":"ImageObject","inLanguage":"de","@id":"https:\/\/hydroleduc.com\/de\/fiches\/geschraubte-membranspeicher-as\/#primaryimage","url":"https:\/\/hydroleduc.com\/de\/wp-content\/uploads\/2019\/02\/accu-AS4.png","contentUrl":"https:\/\/hydroleduc.com\/de\/wp-content\/uploads\/2019\/02\/accu-AS4.png","width":1782,"height":2095,"caption":"accu AS4"},{"@type":"BreadcrumbList","@id":"https:\/\/hydroleduc.com\/de\/fiches\/geschraubte-membranspeicher-as\/#breadcrumb","itemListElement":[{"@type":"ListItem","position":1,"name":"Startseite","item":"https:\/\/hydroleduc.com\/de\/"},{"@type":"ListItem","position":2,"name":"Hydraulik komponenten","item":"https:\/\/hydroleduc.com\/de\/hydraulikkomponenten\/"},{"@type":"ListItem","position":3,"name":"Hydro-pneumatische Druckspeicher","item":"https:\/\/hydroleduc.com\/de\/hydraulikkomponenten\/hydro-pneumatische-druckspeicher\/"},{"@type":"ListItem","position":4,"name":"Geschraubte Membranspeicher","item":"https:\/\/hydroleduc.com\/de\/hydraulikkomponenten\/hydro-pneumatische-druckspeicher\/geschraubte-membranspeicher\/"},{"@type":"ListItem","position":5,"name":"Geschraubte Membranspeicher AS"}]},{"@type":"WebSite","@id":"https:\/\/hydroleduc.com\/de\/#website","url":"https:\/\/hydroleduc.com\/de\/","name":"HYDRO LEDUC","description":"Hersteller von Hydraulikkomponenten","publisher":{"@id":"https:\/\/hydroleduc.com\/de\/#organization"},"potentialAction":[{"@type":"SearchAction","target":{"@type":"EntryPoint","urlTemplate":"https:\/\/hydroleduc.com\/de\/?s={search_term_string}"},"query-input":{"@type":"PropertyValueSpecification","valueRequired":true,"valueName":"search_term_string"}}],"inLanguage":"de"},{"@type":"Organization","@id":"https:\/\/hydroleduc.com\/de\/#organization","name":"HYDRO LEDUC","url":"https:\/\/hydroleduc.com\/de\/","logo":{"@type":"ImageObject","inLanguage":"de","@id":"https:\/\/hydroleduc.com\/de\/#\/schema\/logo\/image\/","url":"https:\/\/hydroleduc.com\/de\/wp-content\/uploads\/2025\/01\/logo-hydroleduc.png","contentUrl":"https:\/\/hydroleduc.com\/de\/wp-content\/uploads\/2025\/01\/logo-hydroleduc.png","width":366,"height":148,"caption":"HYDRO LEDUC"},"image":{"@id":"https:\/\/hydroleduc.com\/de\/#\/schema\/logo\/image\/"}}]}},"_links":{"self":[{"href":"https:\/\/hydroleduc.com\/de\/wp-json\/wp\/v2\/product\/1124","targetHints":{"allow":["GET"]}}],"collection":[{"href":"https:\/\/hydroleduc.com\/de\/wp-json\/wp\/v2\/product"}],"about":[{"href":"https:\/\/hydroleduc.com\/de\/wp-json\/wp\/v2\/types\/product"}],"wp:featuredmedia":[{"embeddable":true,"href":"https:\/\/hydroleduc.com\/de\/wp-json\/wp\/v2\/media\/39306"}],"wp:attachment":[{"href":"https:\/\/hydroleduc.com\/de\/wp-json\/wp\/v2\/media?parent=1124"}],"wp:term":[{"taxonomy":"product_brand","embeddable":true,"href":"https:\/\/hydroleduc.com\/de\/wp-json\/wp\/v2\/product_brand?post=1124"},{"taxonomy":"product_cat","embeddable":true,"href":"https:\/\/hydroleduc.com\/de\/wp-json\/wp\/v2\/product_cat?post=1124"},{"taxonomy":"product_tag","embeddable":true,"href":"https:\/\/hydroleduc.com\/de\/wp-json\/wp\/v2\/product_tag?post=1124"}],"curies":[{"name":"wp","href":"https:\/\/api.w.org\/{rel}","templated":true}]}}