{"id":1125,"date":"2025-01-30T15:21:50","date_gmt":"2025-01-30T14:21:50","guid":{"rendered":"https:\/\/hydroleduc.com\/de\/?post_type=product&#038;p=1125"},"modified":"2025-10-28T10:06:32","modified_gmt":"2025-10-28T09:06:32","slug":"druckspeicher-mit-blase-abve","status":"publish","type":"product","link":"https:\/\/hydroleduc.com\/de\/fiches\/druckspeicher-mit-blase-abve\/","title":{"rendered":"Druckspeicher mit Blase ABVE"},"content":{"rendered":"<p>Produktbeschreibung :<\/p>\n<p>Der Druckspeicher in zylindrischer Form des Typs ABVE besteht aus einem Geh\u00e4use aus geschmiedetem Stahl, einem F\u00fcllventil, einer Speicherblase und einem Blase Mundst\u00fcck mit einem Ventil ausgestattet, welches, ein Auspressen der Blase hydraulischen Anschlussst\u00fcck (Ventil) zum Schutz der Speicherblase.<\/p>\n<p>Merkmale und Vorteile\u00a0:<\/p>\n<ul>\n<li>Arbeitsvolumen von 4 bis 50 Liter,<\/li>\n<li>Maximaler Druck von 330 bis 350 bar (Modellabh\u00e4ngig),<\/li>\n<li>Temperaturbereich (Standard) : -20\u00b0C bis +100\u00b0C,<\/li>\n<li>Kompatibel mit allen marktg\u00e4ngigen Ausf\u00fchrungen,<\/li>\n<li>Standardabmessungen zur einfachen Montage,<\/li>\n<li>NBR-Blase (andere Elastomere auf Anfrage),<\/li>\n<li>Geeignet f\u00fcr schnelle Lade- und Entladevorg\u00e4nge.<\/li>\n<\/ul>\n<p>Anwendungsbereiche\u00a0:<\/p>\n<p>Industrieanwendungen.<\/p>\n","protected":false},"excerpt":{"rendered":"<p><a href=\"https:\/\/qrco.de\/DRUCKSPEICHER\" target=\"_blank\" rel=\"noopener\">Hydropneumatische Druckspeicher<\/a><\/p>\n<p>&nbsp;<\/p>\n","protected":false},"featured_media":39318,"template":"","meta":[],"product_brand":[],"product_cat":[27,60,48,30,28],"product_tag":[],"class_list":{"0":"post-1125","1":"product","2":"type-product","3":"status-publish","4":"has-post-thumbnail","6":"product_cat-baumaschinen","7":"product_cat-blasenspeicher","8":"product_cat-hydro-pneumatische-druckspeicher","9":"product_cat-landwirtschaftliche-maschinen","10":"product_cat-transporttechnik","12":"first","13":"instock","14":"shipping-taxable","15":"product-type-simple"},"yoast_head":"<!-- This site is optimized with the Yoast SEO plugin v27.2 - https:\/\/yoast.com\/product\/yoast-seo-wordpress\/ -->\n<title>Druckspeicher mit Blase ABVE - HYDRO LEDUC<\/title>\n<meta name=\"description\" content=\"Les accumulateurs \u00e0 vessie d&#039;Hydro Leduc sont utilis\u00e9s dans l&#039;industrie.\" \/>\n<meta name=\"robots\" content=\"index, follow, max-snippet:-1, max-image-preview:large, max-video-preview:-1\" \/>\n<link rel=\"canonical\" href=\"https:\/\/hydroleduc.com\/de\/fiches\/druckspeicher-mit-blase-abve\/\" \/>\n<meta property=\"og:locale\" content=\"de_DE\" \/>\n<meta property=\"og:type\" content=\"article\" \/>\n<meta property=\"og:title\" content=\"Druckspeicher mit Blase ABVE - HYDRO LEDUC\" \/>\n<meta property=\"og:description\" content=\"Les accumulateurs \u00e0 vessie d&#039;Hydro Leduc sont utilis\u00e9s dans l&#039;industrie.\" \/>\n<meta property=\"og:url\" content=\"https:\/\/hydroleduc.com\/de\/fiches\/druckspeicher-mit-blase-abve\/\" \/>\n<meta property=\"og:site_name\" content=\"HYDRO LEDUC\" \/>\n<meta property=\"article:modified_time\" content=\"2025-10-28T09:06:32+00:00\" \/>\n<meta property=\"og:image\" content=\"https:\/\/hydroleduc.com\/de\/wp-content\/uploads\/2019\/02\/040-12022015-Capture0014-2-Modifier-scaled-1.jpg\" \/>\n\t<meta property=\"og:image:width\" content=\"1696\" \/>\n\t<meta property=\"og:image:height\" content=\"2560\" \/>\n\t<meta property=\"og:image:type\" content=\"image\/jpeg\" \/>\n<meta name=\"twitter:card\" content=\"summary_large_image\" \/>\n<meta name=\"twitter:label1\" content=\"Gesch\u00e4tzte Lesezeit\" \/>\n\t<meta name=\"twitter:data1\" content=\"1\u00a0Minute\" \/>\n<script type=\"application\/ld+json\" class=\"yoast-schema-graph\">{\"@context\":\"https:\/\/schema.org\",\"@graph\":[{\"@type\":\"WebPage\",\"@id\":\"https:\/\/hydroleduc.com\/de\/fiches\/druckspeicher-mit-blase-abve\/\",\"url\":\"https:\/\/hydroleduc.com\/de\/fiches\/druckspeicher-mit-blase-abve\/\",\"name\":\"Druckspeicher mit Blase ABVE - HYDRO LEDUC\",\"isPartOf\":{\"@id\":\"https:\/\/hydroleduc.com\/de\/#website\"},\"primaryImageOfPage\":{\"@id\":\"https:\/\/hydroleduc.com\/de\/fiches\/druckspeicher-mit-blase-abve\/#primaryimage\"},\"image\":{\"@id\":\"https:\/\/hydroleduc.com\/de\/fiches\/druckspeicher-mit-blase-abve\/#primaryimage\"},\"thumbnailUrl\":\"https:\/\/hydroleduc.com\/de\/wp-content\/uploads\/2019\/02\/040-12022015-Capture0014-2-Modifier-scaled-1.jpg\",\"datePublished\":\"2025-01-30T14:21:50+00:00\",\"dateModified\":\"2025-10-28T09:06:32+00:00\",\"description\":\"Les accumulateurs \u00e0 vessie d'Hydro Leduc sont utilis\u00e9s dans l'industrie.\",\"breadcrumb\":{\"@id\":\"https:\/\/hydroleduc.com\/de\/fiches\/druckspeicher-mit-blase-abve\/#breadcrumb\"},\"inLanguage\":\"de\",\"potentialAction\":[{\"@type\":\"ReadAction\",\"target\":[\"https:\/\/hydroleduc.com\/de\/fiches\/druckspeicher-mit-blase-abve\/\"]}]},{\"@type\":\"ImageObject\",\"inLanguage\":\"de\",\"@id\":\"https:\/\/hydroleduc.com\/de\/fiches\/druckspeicher-mit-blase-abve\/#primaryimage\",\"url\":\"https:\/\/hydroleduc.com\/de\/wp-content\/uploads\/2019\/02\/040-12022015-Capture0014-2-Modifier-scaled-1.jpg\",\"contentUrl\":\"https:\/\/hydroleduc.com\/de\/wp-content\/uploads\/2019\/02\/040-12022015-Capture0014-2-Modifier-scaled-1.jpg\",\"width\":1696,\"height\":2560,\"caption\":\"040 12022015 Capture0014 2 Modifier scaled 1\"},{\"@type\":\"BreadcrumbList\",\"@id\":\"https:\/\/hydroleduc.com\/de\/fiches\/druckspeicher-mit-blase-abve\/#breadcrumb\",\"itemListElement\":[{\"@type\":\"ListItem\",\"position\":1,\"name\":\"Startseite\",\"item\":\"https:\/\/hydroleduc.com\/de\/\"},{\"@type\":\"ListItem\",\"position\":2,\"name\":\"Hydraulik komponenten\",\"item\":\"https:\/\/hydroleduc.com\/de\/hydraulikkomponenten\/\"},{\"@type\":\"ListItem\",\"position\":3,\"name\":\"Hydro-pneumatische Druckspeicher\",\"item\":\"https:\/\/hydroleduc.com\/de\/hydraulikkomponenten\/hydro-pneumatische-druckspeicher\/\"},{\"@type\":\"ListItem\",\"position\":4,\"name\":\"Blasenspeicher\",\"item\":\"https:\/\/hydroleduc.com\/de\/hydraulikkomponenten\/hydro-pneumatische-druckspeicher\/blasenspeicher\/\"},{\"@type\":\"ListItem\",\"position\":5,\"name\":\"Druckspeicher mit Blase ABVE\"}]},{\"@type\":\"WebSite\",\"@id\":\"https:\/\/hydroleduc.com\/de\/#website\",\"url\":\"https:\/\/hydroleduc.com\/de\/\",\"name\":\"HYDRO LEDUC\",\"description\":\"Hersteller von Hydraulikkomponenten\",\"publisher\":{\"@id\":\"https:\/\/hydroleduc.com\/de\/#organization\"},\"potentialAction\":[{\"@type\":\"SearchAction\",\"target\":{\"@type\":\"EntryPoint\",\"urlTemplate\":\"https:\/\/hydroleduc.com\/de\/?s={search_term_string}\"},\"query-input\":{\"@type\":\"PropertyValueSpecification\",\"valueRequired\":true,\"valueName\":\"search_term_string\"}}],\"inLanguage\":\"de\"},{\"@type\":\"Organization\",\"@id\":\"https:\/\/hydroleduc.com\/de\/#organization\",\"name\":\"HYDRO LEDUC\",\"url\":\"https:\/\/hydroleduc.com\/de\/\",\"logo\":{\"@type\":\"ImageObject\",\"inLanguage\":\"de\",\"@id\":\"https:\/\/hydroleduc.com\/de\/#\/schema\/logo\/image\/\",\"url\":\"https:\/\/hydroleduc.com\/de\/wp-content\/uploads\/2025\/01\/logo-hydroleduc.png\",\"contentUrl\":\"https:\/\/hydroleduc.com\/de\/wp-content\/uploads\/2025\/01\/logo-hydroleduc.png\",\"width\":366,\"height\":148,\"caption\":\"HYDRO LEDUC\"},\"image\":{\"@id\":\"https:\/\/hydroleduc.com\/de\/#\/schema\/logo\/image\/\"}}]}<\/script>\n<!-- \/ Yoast SEO plugin. -->","yoast_head_json":{"title":"Druckspeicher mit Blase ABVE - HYDRO LEDUC","description":"Les accumulateurs \u00e0 vessie d'Hydro Leduc sont utilis\u00e9s dans l'industrie.","robots":{"index":"index","follow":"follow","max-snippet":"max-snippet:-1","max-image-preview":"max-image-preview:large","max-video-preview":"max-video-preview:-1"},"canonical":"https:\/\/hydroleduc.com\/de\/fiches\/druckspeicher-mit-blase-abve\/","og_locale":"de_DE","og_type":"article","og_title":"Druckspeicher mit Blase ABVE - HYDRO LEDUC","og_description":"Les accumulateurs \u00e0 vessie d'Hydro Leduc sont utilis\u00e9s dans l'industrie.","og_url":"https:\/\/hydroleduc.com\/de\/fiches\/druckspeicher-mit-blase-abve\/","og_site_name":"HYDRO LEDUC","article_modified_time":"2025-10-28T09:06:32+00:00","og_image":[{"width":1696,"height":2560,"url":"https:\/\/hydroleduc.com\/de\/wp-content\/uploads\/2019\/02\/040-12022015-Capture0014-2-Modifier-scaled-1.jpg","type":"image\/jpeg"}],"twitter_card":"summary_large_image","twitter_misc":{"Gesch\u00e4tzte Lesezeit":"1\u00a0Minute"},"schema":{"@context":"https:\/\/schema.org","@graph":[{"@type":"WebPage","@id":"https:\/\/hydroleduc.com\/de\/fiches\/druckspeicher-mit-blase-abve\/","url":"https:\/\/hydroleduc.com\/de\/fiches\/druckspeicher-mit-blase-abve\/","name":"Druckspeicher mit Blase ABVE - HYDRO LEDUC","isPartOf":{"@id":"https:\/\/hydroleduc.com\/de\/#website"},"primaryImageOfPage":{"@id":"https:\/\/hydroleduc.com\/de\/fiches\/druckspeicher-mit-blase-abve\/#primaryimage"},"image":{"@id":"https:\/\/hydroleduc.com\/de\/fiches\/druckspeicher-mit-blase-abve\/#primaryimage"},"thumbnailUrl":"https:\/\/hydroleduc.com\/de\/wp-content\/uploads\/2019\/02\/040-12022015-Capture0014-2-Modifier-scaled-1.jpg","datePublished":"2025-01-30T14:21:50+00:00","dateModified":"2025-10-28T09:06:32+00:00","description":"Les accumulateurs \u00e0 vessie d'Hydro Leduc sont utilis\u00e9s dans l'industrie.","breadcrumb":{"@id":"https:\/\/hydroleduc.com\/de\/fiches\/druckspeicher-mit-blase-abve\/#breadcrumb"},"inLanguage":"de","potentialAction":[{"@type":"ReadAction","target":["https:\/\/hydroleduc.com\/de\/fiches\/druckspeicher-mit-blase-abve\/"]}]},{"@type":"ImageObject","inLanguage":"de","@id":"https:\/\/hydroleduc.com\/de\/fiches\/druckspeicher-mit-blase-abve\/#primaryimage","url":"https:\/\/hydroleduc.com\/de\/wp-content\/uploads\/2019\/02\/040-12022015-Capture0014-2-Modifier-scaled-1.jpg","contentUrl":"https:\/\/hydroleduc.com\/de\/wp-content\/uploads\/2019\/02\/040-12022015-Capture0014-2-Modifier-scaled-1.jpg","width":1696,"height":2560,"caption":"040 12022015 Capture0014 2 Modifier scaled 1"},{"@type":"BreadcrumbList","@id":"https:\/\/hydroleduc.com\/de\/fiches\/druckspeicher-mit-blase-abve\/#breadcrumb","itemListElement":[{"@type":"ListItem","position":1,"name":"Startseite","item":"https:\/\/hydroleduc.com\/de\/"},{"@type":"ListItem","position":2,"name":"Hydraulik komponenten","item":"https:\/\/hydroleduc.com\/de\/hydraulikkomponenten\/"},{"@type":"ListItem","position":3,"name":"Hydro-pneumatische Druckspeicher","item":"https:\/\/hydroleduc.com\/de\/hydraulikkomponenten\/hydro-pneumatische-druckspeicher\/"},{"@type":"ListItem","position":4,"name":"Blasenspeicher","item":"https:\/\/hydroleduc.com\/de\/hydraulikkomponenten\/hydro-pneumatische-druckspeicher\/blasenspeicher\/"},{"@type":"ListItem","position":5,"name":"Druckspeicher mit Blase ABVE"}]},{"@type":"WebSite","@id":"https:\/\/hydroleduc.com\/de\/#website","url":"https:\/\/hydroleduc.com\/de\/","name":"HYDRO LEDUC","description":"Hersteller von Hydraulikkomponenten","publisher":{"@id":"https:\/\/hydroleduc.com\/de\/#organization"},"potentialAction":[{"@type":"SearchAction","target":{"@type":"EntryPoint","urlTemplate":"https:\/\/hydroleduc.com\/de\/?s={search_term_string}"},"query-input":{"@type":"PropertyValueSpecification","valueRequired":true,"valueName":"search_term_string"}}],"inLanguage":"de"},{"@type":"Organization","@id":"https:\/\/hydroleduc.com\/de\/#organization","name":"HYDRO LEDUC","url":"https:\/\/hydroleduc.com\/de\/","logo":{"@type":"ImageObject","inLanguage":"de","@id":"https:\/\/hydroleduc.com\/de\/#\/schema\/logo\/image\/","url":"https:\/\/hydroleduc.com\/de\/wp-content\/uploads\/2025\/01\/logo-hydroleduc.png","contentUrl":"https:\/\/hydroleduc.com\/de\/wp-content\/uploads\/2025\/01\/logo-hydroleduc.png","width":366,"height":148,"caption":"HYDRO LEDUC"},"image":{"@id":"https:\/\/hydroleduc.com\/de\/#\/schema\/logo\/image\/"}}]}},"_links":{"self":[{"href":"https:\/\/hydroleduc.com\/de\/wp-json\/wp\/v2\/product\/1125","targetHints":{"allow":["GET"]}}],"collection":[{"href":"https:\/\/hydroleduc.com\/de\/wp-json\/wp\/v2\/product"}],"about":[{"href":"https:\/\/hydroleduc.com\/de\/wp-json\/wp\/v2\/types\/product"}],"wp:featuredmedia":[{"embeddable":true,"href":"https:\/\/hydroleduc.com\/de\/wp-json\/wp\/v2\/media\/39318"}],"wp:attachment":[{"href":"https:\/\/hydroleduc.com\/de\/wp-json\/wp\/v2\/media?parent=1125"}],"wp:term":[{"taxonomy":"product_brand","embeddable":true,"href":"https:\/\/hydroleduc.com\/de\/wp-json\/wp\/v2\/product_brand?post=1125"},{"taxonomy":"product_cat","embeddable":true,"href":"https:\/\/hydroleduc.com\/de\/wp-json\/wp\/v2\/product_cat?post=1125"},{"taxonomy":"product_tag","embeddable":true,"href":"https:\/\/hydroleduc.com\/de\/wp-json\/wp\/v2\/product_tag?post=1125"}],"curies":[{"name":"wp","href":"https:\/\/api.w.org\/{rel}","templated":true}]}}