{"id":1126,"date":"2025-01-30T15:22:55","date_gmt":"2025-01-30T14:22:55","guid":{"rendered":"https:\/\/hydroleduc.com\/de\/?post_type=product&#038;p=1126"},"modified":"2025-10-17T16:18:19","modified_gmt":"2025-10-17T14:18:19","slug":"txv-pumpe-mit-konstant-drehmoment-regelung","status":"publish","type":"product","link":"https:\/\/hydroleduc.com\/de\/fiches\/txv-pumpe-mit-konstant-drehmoment-regelung\/","title":{"rendered":"TXV Pumpe mit Konstant-Drehmoment-Regelung"},"content":{"rendered":"<p>Produktbeschreibung :<\/p>\n<p>Die Pumpen der TXV Baureihe k\u00f6nnen mit mit Konstant- Drehmoment-Regelung ausgestattet werden. Dieser Regler erm\u00f6glicht es der Pumpe, kontinuierlich zu regulieren, um das Verh\u00e4ltnis zwischen Druck und Volumenstrom konstant zu halten.<br \/>\nDiese Reglung ist sehr kompakt und nur 10,5 mm h\u00f6her als der Standard LS-Regler einer TXV 130 Verstellpumpe. Die Konstant-Drehmoment-Pumpe TXV130 eignet sich besonders gut f\u00fcr gro\u00dfe Maschinen, wie z.B. Ladekr\u00e4ne, die einen hohen Durchfluss oder hohen Druck erfordern und gew\u00e4hrleistet den Betrieb innerhalb der Leistungs-\/Drehmomentgrenzen des Nebenantriebes.<\/p>\n<p>Merkmale und Vorteile\u00a0:<\/p>\n<ul>\n<li>Erh\u00e4ltlich f\u00fcr die gesamte TXV-Pumpenreihe von 40 bis 150 cm\u00b3\/U.,<\/li>\n<li>Max. Druck 400 bar,<\/li>\n<li>Drehzahl bei maximaler F\u00f6rderleistung bis 3000 U\/min.,<\/li>\n<li>Drehmomentbereiche von 90 bis 700 Nm einstellbar,<\/li>\n<li>Erh\u00e4ltlich auch als 130 cm\u00b3\/U. mit Durchtrieb.<\/li>\n<\/ul>\n<p>Anwendungsbereiche\u00a0:<\/p>\n<ul>\n<li>Lkw-Ausr\u00fcstung (Ladekr\u00e4ne, Forstkr\u00e4ne, Abfall-Sammelfahrzeuge, Streuer und Schneer\u00e4umfahrzeuge sowie andere Fahrzeuge f\u00fcr kommunale Arbeiten),<\/li>\n<li>Milit\u00e4r,<\/li>\n<li>Landwirtschlaftliche Maschinen.<\/li>\n<\/ul>\n","protected":false},"excerpt":{"rendered":"<p><a href=\"https:\/\/qrco.de\/PUMPEN-FUR-LKW\" target=\"_blank\" rel=\"noopener\">Axialkolbenpumpen f\u00fcr LKW<\/a><\/p>\n","protected":false},"featured_media":3099,"template":"","meta":[],"product_brand":[],"product_cat":[46,26,51],"product_tag":[],"class_list":{"0":"post-1126","1":"product","2":"type-product","3":"status-publish","4":"has-post-thumbnail","6":"product_cat-hydraulikpumpen","7":"product_cat-nutzfahrzeughydraulik","8":"product_cat-verstellpumpen","10":"first","11":"instock","12":"shipping-taxable","13":"product-type-simple"},"yoast_head":"<!-- This site is optimized with the Yoast SEO plugin v27.2 - https:\/\/yoast.com\/product\/yoast-seo-wordpress\/ -->\n<title>TXV Pumpe mit Konstant-Drehmoment-Regelung - HYDRO LEDUC<\/title>\n<meta name=\"description\" content=\"Particuli\u00e8rement bien adapt\u00e9e aux gros \u00e9quipements, tels que les grues de manutention qui n\u00e9cessitent un d\u00e9bit \u00e9lev\u00e9 ou une haute pression.\" \/>\n<meta name=\"robots\" content=\"index, follow, max-snippet:-1, max-image-preview:large, max-video-preview:-1\" \/>\n<link rel=\"canonical\" href=\"https:\/\/hydroleduc.com\/de\/fiches\/txv-pumpe-mit-konstant-drehmoment-regelung\/\" \/>\n<meta property=\"og:locale\" content=\"de_DE\" \/>\n<meta property=\"og:type\" content=\"article\" \/>\n<meta property=\"og:title\" content=\"TXV Pumpe mit Konstant-Drehmoment-Regelung - HYDRO LEDUC\" \/>\n<meta property=\"og:description\" content=\"Particuli\u00e8rement bien adapt\u00e9e aux gros \u00e9quipements, tels que les grues de manutention qui n\u00e9cessitent un d\u00e9bit \u00e9lev\u00e9 ou une haute pression.\" \/>\n<meta property=\"og:url\" content=\"https:\/\/hydroleduc.com\/de\/fiches\/txv-pumpe-mit-konstant-drehmoment-regelung\/\" \/>\n<meta property=\"og:site_name\" content=\"HYDRO LEDUC\" \/>\n<meta property=\"article:modified_time\" content=\"2025-10-17T14:18:19+00:00\" \/>\n<meta property=\"og:image\" content=\"https:\/\/hydroleduc.com\/de\/wp-content\/uploads\/2019\/02\/hydroleduc_pompe-txv_couple_constant_ref.png\" \/>\n\t<meta property=\"og:image:width\" content=\"1000\" \/>\n\t<meta property=\"og:image:height\" content=\"1015\" \/>\n\t<meta property=\"og:image:type\" content=\"image\/png\" \/>\n<meta name=\"twitter:card\" content=\"summary_large_image\" \/>\n<meta name=\"twitter:label1\" content=\"Gesch\u00e4tzte Lesezeit\" \/>\n\t<meta name=\"twitter:data1\" content=\"1\u00a0Minute\" \/>\n<script type=\"application\/ld+json\" class=\"yoast-schema-graph\">{\"@context\":\"https:\/\/schema.org\",\"@graph\":[{\"@type\":\"WebPage\",\"@id\":\"https:\/\/hydroleduc.com\/de\/fiches\/txv-pumpe-mit-konstant-drehmoment-regelung\/\",\"url\":\"https:\/\/hydroleduc.com\/de\/fiches\/txv-pumpe-mit-konstant-drehmoment-regelung\/\",\"name\":\"TXV Pumpe mit Konstant-Drehmoment-Regelung - HYDRO LEDUC\",\"isPartOf\":{\"@id\":\"https:\/\/hydroleduc.com\/de\/#website\"},\"primaryImageOfPage\":{\"@id\":\"https:\/\/hydroleduc.com\/de\/fiches\/txv-pumpe-mit-konstant-drehmoment-regelung\/#primaryimage\"},\"image\":{\"@id\":\"https:\/\/hydroleduc.com\/de\/fiches\/txv-pumpe-mit-konstant-drehmoment-regelung\/#primaryimage\"},\"thumbnailUrl\":\"https:\/\/hydroleduc.com\/de\/wp-content\/uploads\/2019\/02\/hydroleduc_pompe-txv_couple_constant_ref.png\",\"datePublished\":\"2025-01-30T14:22:55+00:00\",\"dateModified\":\"2025-10-17T14:18:19+00:00\",\"description\":\"Particuli\u00e8rement bien adapt\u00e9e aux gros \u00e9quipements, tels que les grues de manutention qui n\u00e9cessitent un d\u00e9bit \u00e9lev\u00e9 ou une haute pression.\",\"breadcrumb\":{\"@id\":\"https:\/\/hydroleduc.com\/de\/fiches\/txv-pumpe-mit-konstant-drehmoment-regelung\/#breadcrumb\"},\"inLanguage\":\"de\",\"potentialAction\":[{\"@type\":\"ReadAction\",\"target\":[\"https:\/\/hydroleduc.com\/de\/fiches\/txv-pumpe-mit-konstant-drehmoment-regelung\/\"]}]},{\"@type\":\"ImageObject\",\"inLanguage\":\"de\",\"@id\":\"https:\/\/hydroleduc.com\/de\/fiches\/txv-pumpe-mit-konstant-drehmoment-regelung\/#primaryimage\",\"url\":\"https:\/\/hydroleduc.com\/de\/wp-content\/uploads\/2019\/02\/hydroleduc_pompe-txv_couple_constant_ref.png\",\"contentUrl\":\"https:\/\/hydroleduc.com\/de\/wp-content\/uploads\/2019\/02\/hydroleduc_pompe-txv_couple_constant_ref.png\",\"width\":1000,\"height\":1015,\"caption\":\"hydroleduc pompe txv couple constant ref\"},{\"@type\":\"BreadcrumbList\",\"@id\":\"https:\/\/hydroleduc.com\/de\/fiches\/txv-pumpe-mit-konstant-drehmoment-regelung\/#breadcrumb\",\"itemListElement\":[{\"@type\":\"ListItem\",\"position\":1,\"name\":\"Startseite\",\"item\":\"https:\/\/hydroleduc.com\/de\/\"},{\"@type\":\"ListItem\",\"position\":2,\"name\":\"Hydraulik komponenten\",\"item\":\"https:\/\/hydroleduc.com\/de\/hydraulikkomponenten\/\"},{\"@type\":\"ListItem\",\"position\":3,\"name\":\"Hydraulikpumpen\",\"item\":\"https:\/\/hydroleduc.com\/de\/hydraulikkomponenten\/hydraulikpumpen\/\"},{\"@type\":\"ListItem\",\"position\":4,\"name\":\"Verstellpumpen\",\"item\":\"https:\/\/hydroleduc.com\/de\/hydraulikkomponenten\/hydraulikpumpen\/verstellpumpen\/\"},{\"@type\":\"ListItem\",\"position\":5,\"name\":\"TXV Pumpe mit Konstant-Drehmoment-Regelung\"}]},{\"@type\":\"WebSite\",\"@id\":\"https:\/\/hydroleduc.com\/de\/#website\",\"url\":\"https:\/\/hydroleduc.com\/de\/\",\"name\":\"HYDRO LEDUC\",\"description\":\"Hersteller von Hydraulikkomponenten\",\"publisher\":{\"@id\":\"https:\/\/hydroleduc.com\/de\/#organization\"},\"potentialAction\":[{\"@type\":\"SearchAction\",\"target\":{\"@type\":\"EntryPoint\",\"urlTemplate\":\"https:\/\/hydroleduc.com\/de\/?s={search_term_string}\"},\"query-input\":{\"@type\":\"PropertyValueSpecification\",\"valueRequired\":true,\"valueName\":\"search_term_string\"}}],\"inLanguage\":\"de\"},{\"@type\":\"Organization\",\"@id\":\"https:\/\/hydroleduc.com\/de\/#organization\",\"name\":\"HYDRO LEDUC\",\"url\":\"https:\/\/hydroleduc.com\/de\/\",\"logo\":{\"@type\":\"ImageObject\",\"inLanguage\":\"de\",\"@id\":\"https:\/\/hydroleduc.com\/de\/#\/schema\/logo\/image\/\",\"url\":\"https:\/\/hydroleduc.com\/de\/wp-content\/uploads\/2025\/01\/logo-hydroleduc.png\",\"contentUrl\":\"https:\/\/hydroleduc.com\/de\/wp-content\/uploads\/2025\/01\/logo-hydroleduc.png\",\"width\":366,\"height\":148,\"caption\":\"HYDRO LEDUC\"},\"image\":{\"@id\":\"https:\/\/hydroleduc.com\/de\/#\/schema\/logo\/image\/\"}}]}<\/script>\n<!-- \/ Yoast SEO plugin. -->","yoast_head_json":{"title":"TXV Pumpe mit Konstant-Drehmoment-Regelung - HYDRO LEDUC","description":"Particuli\u00e8rement bien adapt\u00e9e aux gros \u00e9quipements, tels que les grues de manutention qui n\u00e9cessitent un d\u00e9bit \u00e9lev\u00e9 ou une haute pression.","robots":{"index":"index","follow":"follow","max-snippet":"max-snippet:-1","max-image-preview":"max-image-preview:large","max-video-preview":"max-video-preview:-1"},"canonical":"https:\/\/hydroleduc.com\/de\/fiches\/txv-pumpe-mit-konstant-drehmoment-regelung\/","og_locale":"de_DE","og_type":"article","og_title":"TXV Pumpe mit Konstant-Drehmoment-Regelung - HYDRO LEDUC","og_description":"Particuli\u00e8rement bien adapt\u00e9e aux gros \u00e9quipements, tels que les grues de manutention qui n\u00e9cessitent un d\u00e9bit \u00e9lev\u00e9 ou une haute pression.","og_url":"https:\/\/hydroleduc.com\/de\/fiches\/txv-pumpe-mit-konstant-drehmoment-regelung\/","og_site_name":"HYDRO LEDUC","article_modified_time":"2025-10-17T14:18:19+00:00","og_image":[{"width":1000,"height":1015,"url":"https:\/\/hydroleduc.com\/de\/wp-content\/uploads\/2019\/02\/hydroleduc_pompe-txv_couple_constant_ref.png","type":"image\/png"}],"twitter_card":"summary_large_image","twitter_misc":{"Gesch\u00e4tzte Lesezeit":"1\u00a0Minute"},"schema":{"@context":"https:\/\/schema.org","@graph":[{"@type":"WebPage","@id":"https:\/\/hydroleduc.com\/de\/fiches\/txv-pumpe-mit-konstant-drehmoment-regelung\/","url":"https:\/\/hydroleduc.com\/de\/fiches\/txv-pumpe-mit-konstant-drehmoment-regelung\/","name":"TXV Pumpe mit Konstant-Drehmoment-Regelung - HYDRO LEDUC","isPartOf":{"@id":"https:\/\/hydroleduc.com\/de\/#website"},"primaryImageOfPage":{"@id":"https:\/\/hydroleduc.com\/de\/fiches\/txv-pumpe-mit-konstant-drehmoment-regelung\/#primaryimage"},"image":{"@id":"https:\/\/hydroleduc.com\/de\/fiches\/txv-pumpe-mit-konstant-drehmoment-regelung\/#primaryimage"},"thumbnailUrl":"https:\/\/hydroleduc.com\/de\/wp-content\/uploads\/2019\/02\/hydroleduc_pompe-txv_couple_constant_ref.png","datePublished":"2025-01-30T14:22:55+00:00","dateModified":"2025-10-17T14:18:19+00:00","description":"Particuli\u00e8rement bien adapt\u00e9e aux gros \u00e9quipements, tels que les grues de manutention qui n\u00e9cessitent un d\u00e9bit \u00e9lev\u00e9 ou une haute pression.","breadcrumb":{"@id":"https:\/\/hydroleduc.com\/de\/fiches\/txv-pumpe-mit-konstant-drehmoment-regelung\/#breadcrumb"},"inLanguage":"de","potentialAction":[{"@type":"ReadAction","target":["https:\/\/hydroleduc.com\/de\/fiches\/txv-pumpe-mit-konstant-drehmoment-regelung\/"]}]},{"@type":"ImageObject","inLanguage":"de","@id":"https:\/\/hydroleduc.com\/de\/fiches\/txv-pumpe-mit-konstant-drehmoment-regelung\/#primaryimage","url":"https:\/\/hydroleduc.com\/de\/wp-content\/uploads\/2019\/02\/hydroleduc_pompe-txv_couple_constant_ref.png","contentUrl":"https:\/\/hydroleduc.com\/de\/wp-content\/uploads\/2019\/02\/hydroleduc_pompe-txv_couple_constant_ref.png","width":1000,"height":1015,"caption":"hydroleduc pompe txv couple constant ref"},{"@type":"BreadcrumbList","@id":"https:\/\/hydroleduc.com\/de\/fiches\/txv-pumpe-mit-konstant-drehmoment-regelung\/#breadcrumb","itemListElement":[{"@type":"ListItem","position":1,"name":"Startseite","item":"https:\/\/hydroleduc.com\/de\/"},{"@type":"ListItem","position":2,"name":"Hydraulik komponenten","item":"https:\/\/hydroleduc.com\/de\/hydraulikkomponenten\/"},{"@type":"ListItem","position":3,"name":"Hydraulikpumpen","item":"https:\/\/hydroleduc.com\/de\/hydraulikkomponenten\/hydraulikpumpen\/"},{"@type":"ListItem","position":4,"name":"Verstellpumpen","item":"https:\/\/hydroleduc.com\/de\/hydraulikkomponenten\/hydraulikpumpen\/verstellpumpen\/"},{"@type":"ListItem","position":5,"name":"TXV Pumpe mit Konstant-Drehmoment-Regelung"}]},{"@type":"WebSite","@id":"https:\/\/hydroleduc.com\/de\/#website","url":"https:\/\/hydroleduc.com\/de\/","name":"HYDRO LEDUC","description":"Hersteller von Hydraulikkomponenten","publisher":{"@id":"https:\/\/hydroleduc.com\/de\/#organization"},"potentialAction":[{"@type":"SearchAction","target":{"@type":"EntryPoint","urlTemplate":"https:\/\/hydroleduc.com\/de\/?s={search_term_string}"},"query-input":{"@type":"PropertyValueSpecification","valueRequired":true,"valueName":"search_term_string"}}],"inLanguage":"de"},{"@type":"Organization","@id":"https:\/\/hydroleduc.com\/de\/#organization","name":"HYDRO LEDUC","url":"https:\/\/hydroleduc.com\/de\/","logo":{"@type":"ImageObject","inLanguage":"de","@id":"https:\/\/hydroleduc.com\/de\/#\/schema\/logo\/image\/","url":"https:\/\/hydroleduc.com\/de\/wp-content\/uploads\/2025\/01\/logo-hydroleduc.png","contentUrl":"https:\/\/hydroleduc.com\/de\/wp-content\/uploads\/2025\/01\/logo-hydroleduc.png","width":366,"height":148,"caption":"HYDRO LEDUC"},"image":{"@id":"https:\/\/hydroleduc.com\/de\/#\/schema\/logo\/image\/"}}]}},"_links":{"self":[{"href":"https:\/\/hydroleduc.com\/de\/wp-json\/wp\/v2\/product\/1126","targetHints":{"allow":["GET"]}}],"collection":[{"href":"https:\/\/hydroleduc.com\/de\/wp-json\/wp\/v2\/product"}],"about":[{"href":"https:\/\/hydroleduc.com\/de\/wp-json\/wp\/v2\/types\/product"}],"wp:featuredmedia":[{"embeddable":true,"href":"https:\/\/hydroleduc.com\/de\/wp-json\/wp\/v2\/media\/3099"}],"wp:attachment":[{"href":"https:\/\/hydroleduc.com\/de\/wp-json\/wp\/v2\/media?parent=1126"}],"wp:term":[{"taxonomy":"product_brand","embeddable":true,"href":"https:\/\/hydroleduc.com\/de\/wp-json\/wp\/v2\/product_brand?post=1126"},{"taxonomy":"product_cat","embeddable":true,"href":"https:\/\/hydroleduc.com\/de\/wp-json\/wp\/v2\/product_cat?post=1126"},{"taxonomy":"product_tag","embeddable":true,"href":"https:\/\/hydroleduc.com\/de\/wp-json\/wp\/v2\/product_tag?post=1126"}],"curies":[{"name":"wp","href":"https:\/\/api.w.org\/{rel}","templated":true}]}}