{"id":1127,"date":"2025-01-30T15:24:00","date_gmt":"2025-01-30T14:24:00","guid":{"rendered":"https:\/\/hydroleduc.com\/de\/?post_type=product&#038;p=1127"},"modified":"2026-02-26T13:24:58","modified_gmt":"2026-02-26T12:24:58","slug":"elektropumpeneinheit-7-3","status":"publish","type":"product","link":"https:\/\/hydroleduc.com\/de\/fiches\/elektropumpeneinheit-7-3\/","title":{"rendered":"Elektropumpeneinheit 7.3"},"content":{"rendered":"<p>Produktbeschreibung\u00a0:<\/p>\n<p>Entdecken Sie das GEP7.3, eine innovative elektrische Pumpeneinheit, die speziell f\u00fcr Hybridfahrzeuge entwickelt wurde. Kompakt, leicht und benutzerfreundlich ist diese elektrische Pumpeneinheit die ideale Wahl f\u00fcr eine Vielzahl von Anwendungen.<\/p>\n<p>Mit seinem b\u00fcrstenlosen Gleichstrom-Elektromotor, dem variablen Drehzahlregler und der hydraulischen Radialkolbenpumpe bietet das GEP7.3 zuverl\u00e4ssige Leistungen.<\/p>\n<p>Die interne \u00d6lzirkulation innerhalb der Einheit gew\u00e4hrleistet eine optimale K\u00fchlung des Motors und erm\u00f6glicht einen kontinuierlichen Betrieb. Diese kann auch (ohne den Wechselrichter) in den \u00d6ltank eingetaucht werden.<\/p>\n<p>Die Durchfluss-\/Druckkurve ist auf Anfrage programmierbar, um sich an die verf\u00fcgbare elektrische Leistung Ihrer Anwendung \u00fcber CANopen oder einen einfachen Potentiometer anzupassen.<\/p>\n<p>Mehrere elektrische Pumpeneinheiten k\u00f6nnen miteinander verbunden werden, um eine gr\u00f6\u00dfere Flexibilit\u00e4t zu bieten.<\/p>\n<p>Merkmale und Vorteile\u00a0:<\/p>\n<ul>\n<li>Hubraum von 7,3 cm\u00b3\/Umdrehung,<\/li>\n<li>Nennspannung von 12, 24, 48, 96 oder 400 V Gleichstrom,<\/li>\n<li>Variable Drehzahl zwischen 300 und 3500 U\/min,<\/li>\n<li>Gewicht: 27 kg.<\/li>\n<\/ul>\n<p>Anwendungensbereiche\u00a0:<\/p>\n<ul>\n<li>LKW-Ausr\u00fcstung,<\/li>\n<li>Baumaschinen,<\/li>\n<li>Industrie.<\/li>\n<\/ul>\n<p>Entdecken Sie unser Produkt im Video !\u00a0<a href=\"https:\/\/www.youtube.com\/watch?v=0zn8eNCMWdA\" target=\"_blank\" rel=\"noopener\">(1) Hydro Leduc \u2013 Electro Leduc : Animation Video of our New Powerpack \u2013 YouTube<\/a><\/p>\n","protected":false},"excerpt":{"rendered":"<p><a href=\"https:\/\/hydroleduc.com\/de\/wp-content\/uploads\/2025\/04\/FICHE-TECHNIQUE_GEP7.3_DE.pdf\" target=\"_blank\" rel=\"noopener\">Datenblatt GEP7.3<\/a><\/p>\n","protected":false},"featured_media":41976,"template":"","meta":[],"product_brand":[],"product_cat":[53,46,26],"product_tag":[],"class_list":{"0":"post-1127","1":"product","2":"type-product","3":"status-publish","4":"has-post-thumbnail","6":"product_cat-elektropumpeneinheit","7":"product_cat-hydraulikpumpen","8":"product_cat-nutzfahrzeughydraulik","10":"first","11":"instock","12":"shipping-taxable","13":"product-type-simple"},"yoast_head":"<!-- This site is optimized with the Yoast SEO plugin v27.2 - https:\/\/yoast.com\/product\/yoast-seo-wordpress\/ -->\n<title>Elektropumpeneinheit 7.3 - HYDRO LEDUC<\/title>\n<meta name=\"description\" content=\"Le groupe \u00e9lectropompe est constitu\u00e9 d\u2019un moteur \u00e9lectrique \u00e0 courant continu et d\u2019une pompe hydraulique \u00e0 pistons radiaux avec r\u00e9gulation.\" \/>\n<meta name=\"robots\" content=\"index, follow, max-snippet:-1, max-image-preview:large, max-video-preview:-1\" \/>\n<link rel=\"canonical\" href=\"https:\/\/hydroleduc.com\/de\/fiches\/elektropumpeneinheit-7-3\/\" \/>\n<meta property=\"og:locale\" content=\"de_DE\" \/>\n<meta property=\"og:type\" content=\"article\" \/>\n<meta property=\"og:title\" content=\"Elektropumpeneinheit 7.3 - HYDRO LEDUC\" \/>\n<meta property=\"og:description\" content=\"Le groupe \u00e9lectropompe est constitu\u00e9 d\u2019un moteur \u00e9lectrique \u00e0 courant continu et d\u2019une pompe hydraulique \u00e0 pistons radiaux avec r\u00e9gulation.\" \/>\n<meta property=\"og:url\" content=\"https:\/\/hydroleduc.com\/de\/fiches\/elektropumpeneinheit-7-3\/\" \/>\n<meta property=\"og:site_name\" content=\"HYDRO LEDUC\" \/>\n<meta property=\"article:modified_time\" content=\"2026-02-26T12:24:58+00:00\" \/>\n<meta property=\"og:image\" content=\"https:\/\/hydroleduc.com\/de\/wp-content\/uploads\/2018\/11\/3-GEP7.3-3.png\" \/>\n\t<meta property=\"og:image:width\" content=\"2560\" \/>\n\t<meta property=\"og:image:height\" content=\"1707\" \/>\n\t<meta property=\"og:image:type\" content=\"image\/png\" \/>\n<meta name=\"twitter:card\" content=\"summary_large_image\" \/>\n<meta name=\"twitter:label1\" content=\"Gesch\u00e4tzte Lesezeit\" \/>\n\t<meta name=\"twitter:data1\" content=\"2\u00a0Minuten\" \/>\n<script type=\"application\/ld+json\" class=\"yoast-schema-graph\">{\"@context\":\"https:\/\/schema.org\",\"@graph\":[{\"@type\":\"WebPage\",\"@id\":\"https:\/\/hydroleduc.com\/de\/fiches\/elektropumpeneinheit-7-3\/\",\"url\":\"https:\/\/hydroleduc.com\/de\/fiches\/elektropumpeneinheit-7-3\/\",\"name\":\"Elektropumpeneinheit 7.3 - HYDRO LEDUC\",\"isPartOf\":{\"@id\":\"https:\/\/hydroleduc.com\/de\/#website\"},\"primaryImageOfPage\":{\"@id\":\"https:\/\/hydroleduc.com\/de\/fiches\/elektropumpeneinheit-7-3\/#primaryimage\"},\"image\":{\"@id\":\"https:\/\/hydroleduc.com\/de\/fiches\/elektropumpeneinheit-7-3\/#primaryimage\"},\"thumbnailUrl\":\"https:\/\/hydroleduc.com\/de\/wp-content\/uploads\/2018\/11\/3-GEP7.3-3.png\",\"datePublished\":\"2025-01-30T14:24:00+00:00\",\"dateModified\":\"2026-02-26T12:24:58+00:00\",\"description\":\"Le groupe \u00e9lectropompe est constitu\u00e9 d\u2019un moteur \u00e9lectrique \u00e0 courant continu et d\u2019une pompe hydraulique \u00e0 pistons radiaux avec r\u00e9gulation.\",\"breadcrumb\":{\"@id\":\"https:\/\/hydroleduc.com\/de\/fiches\/elektropumpeneinheit-7-3\/#breadcrumb\"},\"inLanguage\":\"de\",\"potentialAction\":[{\"@type\":\"ReadAction\",\"target\":[\"https:\/\/hydroleduc.com\/de\/fiches\/elektropumpeneinheit-7-3\/\"]}]},{\"@type\":\"ImageObject\",\"inLanguage\":\"de\",\"@id\":\"https:\/\/hydroleduc.com\/de\/fiches\/elektropumpeneinheit-7-3\/#primaryimage\",\"url\":\"https:\/\/hydroleduc.com\/de\/wp-content\/uploads\/2018\/11\/3-GEP7.3-3.png\",\"contentUrl\":\"https:\/\/hydroleduc.com\/de\/wp-content\/uploads\/2018\/11\/3-GEP7.3-3.png\",\"width\":2560,\"height\":1707,\"caption\":\"3 GEP7.3 3\"},{\"@type\":\"BreadcrumbList\",\"@id\":\"https:\/\/hydroleduc.com\/de\/fiches\/elektropumpeneinheit-7-3\/#breadcrumb\",\"itemListElement\":[{\"@type\":\"ListItem\",\"position\":1,\"name\":\"Startseite\",\"item\":\"https:\/\/hydroleduc.com\/de\/\"},{\"@type\":\"ListItem\",\"position\":2,\"name\":\"Hydraulik komponenten\",\"item\":\"https:\/\/hydroleduc.com\/de\/hydraulikkomponenten\/\"},{\"@type\":\"ListItem\",\"position\":3,\"name\":\"Hydraulikpumpen\",\"item\":\"https:\/\/hydroleduc.com\/de\/hydraulikkomponenten\/hydraulikpumpen\/\"},{\"@type\":\"ListItem\",\"position\":4,\"name\":\"Elektropumpeneinheit\",\"item\":\"https:\/\/hydroleduc.com\/de\/hydraulikkomponenten\/hydraulikpumpen\/elektropumpeneinheit\/\"},{\"@type\":\"ListItem\",\"position\":5,\"name\":\"Elektropumpeneinheit 7.3\"}]},{\"@type\":\"WebSite\",\"@id\":\"https:\/\/hydroleduc.com\/de\/#website\",\"url\":\"https:\/\/hydroleduc.com\/de\/\",\"name\":\"HYDRO LEDUC\",\"description\":\"Hersteller von Hydraulikkomponenten\",\"publisher\":{\"@id\":\"https:\/\/hydroleduc.com\/de\/#organization\"},\"potentialAction\":[{\"@type\":\"SearchAction\",\"target\":{\"@type\":\"EntryPoint\",\"urlTemplate\":\"https:\/\/hydroleduc.com\/de\/?s={search_term_string}\"},\"query-input\":{\"@type\":\"PropertyValueSpecification\",\"valueRequired\":true,\"valueName\":\"search_term_string\"}}],\"inLanguage\":\"de\"},{\"@type\":\"Organization\",\"@id\":\"https:\/\/hydroleduc.com\/de\/#organization\",\"name\":\"HYDRO LEDUC\",\"url\":\"https:\/\/hydroleduc.com\/de\/\",\"logo\":{\"@type\":\"ImageObject\",\"inLanguage\":\"de\",\"@id\":\"https:\/\/hydroleduc.com\/de\/#\/schema\/logo\/image\/\",\"url\":\"https:\/\/hydroleduc.com\/de\/wp-content\/uploads\/2025\/01\/logo-hydroleduc.png\",\"contentUrl\":\"https:\/\/hydroleduc.com\/de\/wp-content\/uploads\/2025\/01\/logo-hydroleduc.png\",\"width\":366,\"height\":148,\"caption\":\"HYDRO LEDUC\"},\"image\":{\"@id\":\"https:\/\/hydroleduc.com\/de\/#\/schema\/logo\/image\/\"}}]}<\/script>\n<!-- \/ Yoast SEO plugin. -->","yoast_head_json":{"title":"Elektropumpeneinheit 7.3 - HYDRO LEDUC","description":"Le groupe \u00e9lectropompe est constitu\u00e9 d\u2019un moteur \u00e9lectrique \u00e0 courant continu et d\u2019une pompe hydraulique \u00e0 pistons radiaux avec r\u00e9gulation.","robots":{"index":"index","follow":"follow","max-snippet":"max-snippet:-1","max-image-preview":"max-image-preview:large","max-video-preview":"max-video-preview:-1"},"canonical":"https:\/\/hydroleduc.com\/de\/fiches\/elektropumpeneinheit-7-3\/","og_locale":"de_DE","og_type":"article","og_title":"Elektropumpeneinheit 7.3 - HYDRO LEDUC","og_description":"Le groupe \u00e9lectropompe est constitu\u00e9 d\u2019un moteur \u00e9lectrique \u00e0 courant continu et d\u2019une pompe hydraulique \u00e0 pistons radiaux avec r\u00e9gulation.","og_url":"https:\/\/hydroleduc.com\/de\/fiches\/elektropumpeneinheit-7-3\/","og_site_name":"HYDRO LEDUC","article_modified_time":"2026-02-26T12:24:58+00:00","og_image":[{"width":2560,"height":1707,"url":"https:\/\/hydroleduc.com\/de\/wp-content\/uploads\/2018\/11\/3-GEP7.3-3.png","type":"image\/png"}],"twitter_card":"summary_large_image","twitter_misc":{"Gesch\u00e4tzte Lesezeit":"2\u00a0Minuten"},"schema":{"@context":"https:\/\/schema.org","@graph":[{"@type":"WebPage","@id":"https:\/\/hydroleduc.com\/de\/fiches\/elektropumpeneinheit-7-3\/","url":"https:\/\/hydroleduc.com\/de\/fiches\/elektropumpeneinheit-7-3\/","name":"Elektropumpeneinheit 7.3 - HYDRO LEDUC","isPartOf":{"@id":"https:\/\/hydroleduc.com\/de\/#website"},"primaryImageOfPage":{"@id":"https:\/\/hydroleduc.com\/de\/fiches\/elektropumpeneinheit-7-3\/#primaryimage"},"image":{"@id":"https:\/\/hydroleduc.com\/de\/fiches\/elektropumpeneinheit-7-3\/#primaryimage"},"thumbnailUrl":"https:\/\/hydroleduc.com\/de\/wp-content\/uploads\/2018\/11\/3-GEP7.3-3.png","datePublished":"2025-01-30T14:24:00+00:00","dateModified":"2026-02-26T12:24:58+00:00","description":"Le groupe \u00e9lectropompe est constitu\u00e9 d\u2019un moteur \u00e9lectrique \u00e0 courant continu et d\u2019une pompe hydraulique \u00e0 pistons radiaux avec r\u00e9gulation.","breadcrumb":{"@id":"https:\/\/hydroleduc.com\/de\/fiches\/elektropumpeneinheit-7-3\/#breadcrumb"},"inLanguage":"de","potentialAction":[{"@type":"ReadAction","target":["https:\/\/hydroleduc.com\/de\/fiches\/elektropumpeneinheit-7-3\/"]}]},{"@type":"ImageObject","inLanguage":"de","@id":"https:\/\/hydroleduc.com\/de\/fiches\/elektropumpeneinheit-7-3\/#primaryimage","url":"https:\/\/hydroleduc.com\/de\/wp-content\/uploads\/2018\/11\/3-GEP7.3-3.png","contentUrl":"https:\/\/hydroleduc.com\/de\/wp-content\/uploads\/2018\/11\/3-GEP7.3-3.png","width":2560,"height":1707,"caption":"3 GEP7.3 3"},{"@type":"BreadcrumbList","@id":"https:\/\/hydroleduc.com\/de\/fiches\/elektropumpeneinheit-7-3\/#breadcrumb","itemListElement":[{"@type":"ListItem","position":1,"name":"Startseite","item":"https:\/\/hydroleduc.com\/de\/"},{"@type":"ListItem","position":2,"name":"Hydraulik komponenten","item":"https:\/\/hydroleduc.com\/de\/hydraulikkomponenten\/"},{"@type":"ListItem","position":3,"name":"Hydraulikpumpen","item":"https:\/\/hydroleduc.com\/de\/hydraulikkomponenten\/hydraulikpumpen\/"},{"@type":"ListItem","position":4,"name":"Elektropumpeneinheit","item":"https:\/\/hydroleduc.com\/de\/hydraulikkomponenten\/hydraulikpumpen\/elektropumpeneinheit\/"},{"@type":"ListItem","position":5,"name":"Elektropumpeneinheit 7.3"}]},{"@type":"WebSite","@id":"https:\/\/hydroleduc.com\/de\/#website","url":"https:\/\/hydroleduc.com\/de\/","name":"HYDRO LEDUC","description":"Hersteller von Hydraulikkomponenten","publisher":{"@id":"https:\/\/hydroleduc.com\/de\/#organization"},"potentialAction":[{"@type":"SearchAction","target":{"@type":"EntryPoint","urlTemplate":"https:\/\/hydroleduc.com\/de\/?s={search_term_string}"},"query-input":{"@type":"PropertyValueSpecification","valueRequired":true,"valueName":"search_term_string"}}],"inLanguage":"de"},{"@type":"Organization","@id":"https:\/\/hydroleduc.com\/de\/#organization","name":"HYDRO LEDUC","url":"https:\/\/hydroleduc.com\/de\/","logo":{"@type":"ImageObject","inLanguage":"de","@id":"https:\/\/hydroleduc.com\/de\/#\/schema\/logo\/image\/","url":"https:\/\/hydroleduc.com\/de\/wp-content\/uploads\/2025\/01\/logo-hydroleduc.png","contentUrl":"https:\/\/hydroleduc.com\/de\/wp-content\/uploads\/2025\/01\/logo-hydroleduc.png","width":366,"height":148,"caption":"HYDRO LEDUC"},"image":{"@id":"https:\/\/hydroleduc.com\/de\/#\/schema\/logo\/image\/"}}]}},"_links":{"self":[{"href":"https:\/\/hydroleduc.com\/de\/wp-json\/wp\/v2\/product\/1127","targetHints":{"allow":["GET"]}}],"collection":[{"href":"https:\/\/hydroleduc.com\/de\/wp-json\/wp\/v2\/product"}],"about":[{"href":"https:\/\/hydroleduc.com\/de\/wp-json\/wp\/v2\/types\/product"}],"wp:featuredmedia":[{"embeddable":true,"href":"https:\/\/hydroleduc.com\/de\/wp-json\/wp\/v2\/media\/41976"}],"wp:attachment":[{"href":"https:\/\/hydroleduc.com\/de\/wp-json\/wp\/v2\/media?parent=1127"}],"wp:term":[{"taxonomy":"product_brand","embeddable":true,"href":"https:\/\/hydroleduc.com\/de\/wp-json\/wp\/v2\/product_brand?post=1127"},{"taxonomy":"product_cat","embeddable":true,"href":"https:\/\/hydroleduc.com\/de\/wp-json\/wp\/v2\/product_cat?post=1127"},{"taxonomy":"product_tag","embeddable":true,"href":"https:\/\/hydroleduc.com\/de\/wp-json\/wp\/v2\/product_tag?post=1127"}],"curies":[{"name":"wp","href":"https:\/\/api.w.org\/{rel}","templated":true}]}}