{"id":1128,"date":"2025-01-30T15:25:08","date_gmt":"2025-01-30T14:25:08","guid":{"rendered":"https:\/\/hydroleduc.com\/de\/?post_type=product&#038;p=1128"},"modified":"2025-10-17T16:29:47","modified_gmt":"2025-10-17T14:29:47","slug":"geschweiste-blasenspeicher-acsl","status":"publish","type":"product","link":"https:\/\/hydroleduc.com\/de\/fiches\/geschweiste-blasenspeicher-acsl\/","title":{"rendered":"Geschwei\u00dfte Blasenspeicher ACS(L)"},"content":{"rendered":"<p>Produktbeschreibung :<\/p>\n<p>Bei Einsatz von Blasen-Membranen (ausgelegt f\u00fcr Arbeitsdr\u00fccke bis zu 330 bar) stellen diese hydropneumatischen Speicher eine besonders attraktive L\u00f6sung f\u00fcr mobile Anwendungen dar. Erh\u00e4ltlich f\u00fcr Nutzvolumina von 0,7 bis 4 Lite sind die ACS(L) Speicher in der Standardversion f\u00fcr Betriebstemperaturen zwischen -20\u00b0C und +100\u00b0C und f\u00fcr den \u201eTieftemperaturbereich\u201c von -40\u00b0C bis +100\u00b0C erh\u00e4ltlich. Die Speicher sind auf der Stickstoffseite mit Schraub- oder F\u00fcllventil ausgestattet. Dies erm\u00f6glicht eine \u00dcberpr\u00fcfung der Stickstoffvorspannung oder Aufladung durch den Kunden m\u00f6glich. Die Speicher k\u00f6nnen aber auch mit gew\u00fcnschtem Stickstoff-Vorspanndruck P0 bereits ab Werk geliefert werden.<\/p>\n<p>Merkmale und Vorteile\u00a0:<\/p>\n<ul>\n<li>Fassungsverm\u00f6gen f\u00fcr Stickstoff von 0,7 bis 4 Liter,<\/li>\n<li>Maximaler Druck von 250 bis 330 bar (Modellabh\u00e4ngig),<\/li>\n<li>Temperaturbereich (Standard) : -20\u00b0C bis +100\u00b0C (NBR),<\/li>\n<li>Tieftemperaturbereich : -40\u00b0C bis +100\u00b0C (HNBR),<\/li>\n<li>Lange Lebensdauer auf Grund des Blasen-Membran Ausf\u00fchrung,<\/li>\n<li>Hoher Wirkungsgrad.<\/li>\n<\/ul>\n<p>Anwendungsbereiche\u00a0:<\/p>\n<ul>\n<li>Kommunalfahrzeuge,<\/li>\n<li>Transporttechnik,<\/li>\n<li>Landwirtschaftliche Maschinen,<\/li>\n<li>Stossd\u00e4mpfung, Pulsationsd\u00e4mpfer.<\/li>\n<\/ul>\n","protected":false},"excerpt":{"rendered":"<p><i class=\"fa-solid fa-file\"><\/i><a href=\"https:\/\/qrco.de\/DRUCKSPEICHER\">Hydropneumatische Druckspeicher<\/a><\/p>\n","protected":false},"featured_media":43600,"template":"","meta":[],"product_brand":[],"product_cat":[27,58,48,29,30,28],"product_tag":[],"class_list":{"0":"post-1128","1":"product","2":"type-product","3":"status-publish","4":"has-post-thumbnail","6":"product_cat-baumaschinen","7":"product_cat-geschweiste-blasenspeicher","8":"product_cat-hydro-pneumatische-druckspeicher","9":"product_cat-industrie","10":"product_cat-landwirtschaftliche-maschinen","11":"product_cat-transporttechnik","13":"first","14":"instock","15":"shipping-taxable","16":"product-type-simple"},"yoast_head":"<!-- This site is optimized with the Yoast SEO plugin v27.2 - https:\/\/yoast.com\/product\/yoast-seo-wordpress\/ -->\n<title>Geschwei\u00dfte Blasenspeicher ACS(L) - HYDRO LEDUC<\/title>\n<meta name=\"description\" content=\"Ces accumulateurs hydropneumatiques d&#039;Hydro Leduc repr\u00e9sentent une solution particuli\u00e8rement attractive pour des applications mobiles.\" \/>\n<meta name=\"robots\" content=\"index, follow, max-snippet:-1, max-image-preview:large, max-video-preview:-1\" \/>\n<link rel=\"canonical\" href=\"https:\/\/hydroleduc.com\/de\/fiches\/geschweiste-blasenspeicher-acsl\/\" \/>\n<meta property=\"og:locale\" content=\"de_DE\" \/>\n<meta property=\"og:type\" content=\"article\" \/>\n<meta property=\"og:title\" content=\"Geschwei\u00dfte Blasenspeicher ACS(L) - HYDRO LEDUC\" \/>\n<meta property=\"og:description\" content=\"Ces accumulateurs hydropneumatiques d&#039;Hydro Leduc repr\u00e9sentent une solution particuli\u00e8rement attractive pour des applications mobiles.\" \/>\n<meta property=\"og:url\" content=\"https:\/\/hydroleduc.com\/de\/fiches\/geschweiste-blasenspeicher-acsl\/\" \/>\n<meta property=\"og:site_name\" content=\"HYDRO LEDUC\" \/>\n<meta property=\"article:modified_time\" content=\"2025-10-17T14:29:47+00:00\" \/>\n<meta property=\"og:image\" content=\"https:\/\/hydroleduc.com\/de\/wp-content\/uploads\/2025\/01\/accumulateurs-circulation.png\" \/>\n\t<meta property=\"og:image:width\" content=\"300\" \/>\n\t<meta property=\"og:image:height\" content=\"300\" \/>\n\t<meta property=\"og:image:type\" content=\"image\/png\" \/>\n<meta name=\"twitter:card\" content=\"summary_large_image\" \/>\n<meta name=\"twitter:label1\" content=\"Gesch\u00e4tzte Lesezeit\" \/>\n\t<meta name=\"twitter:data1\" content=\"1\u00a0Minute\" \/>\n<script type=\"application\/ld+json\" class=\"yoast-schema-graph\">{\"@context\":\"https:\/\/schema.org\",\"@graph\":[{\"@type\":\"WebPage\",\"@id\":\"https:\/\/hydroleduc.com\/de\/fiches\/geschweiste-blasenspeicher-acsl\/\",\"url\":\"https:\/\/hydroleduc.com\/de\/fiches\/geschweiste-blasenspeicher-acsl\/\",\"name\":\"Geschwei\u00dfte Blasenspeicher ACS(L) - HYDRO LEDUC\",\"isPartOf\":{\"@id\":\"https:\/\/hydroleduc.com\/de\/#website\"},\"primaryImageOfPage\":{\"@id\":\"https:\/\/hydroleduc.com\/de\/fiches\/geschweiste-blasenspeicher-acsl\/#primaryimage\"},\"image\":{\"@id\":\"https:\/\/hydroleduc.com\/de\/fiches\/geschweiste-blasenspeicher-acsl\/#primaryimage\"},\"thumbnailUrl\":\"https:\/\/hydroleduc.com\/de\/wp-content\/uploads\/2025\/01\/accumulateurs-circulation.png\",\"datePublished\":\"2025-01-30T14:25:08+00:00\",\"dateModified\":\"2025-10-17T14:29:47+00:00\",\"description\":\"Ces accumulateurs hydropneumatiques d'Hydro Leduc repr\u00e9sentent une solution particuli\u00e8rement attractive pour des applications mobiles.\",\"breadcrumb\":{\"@id\":\"https:\/\/hydroleduc.com\/de\/fiches\/geschweiste-blasenspeicher-acsl\/#breadcrumb\"},\"inLanguage\":\"de\",\"potentialAction\":[{\"@type\":\"ReadAction\",\"target\":[\"https:\/\/hydroleduc.com\/de\/fiches\/geschweiste-blasenspeicher-acsl\/\"]}]},{\"@type\":\"ImageObject\",\"inLanguage\":\"de\",\"@id\":\"https:\/\/hydroleduc.com\/de\/fiches\/geschweiste-blasenspeicher-acsl\/#primaryimage\",\"url\":\"https:\/\/hydroleduc.com\/de\/wp-content\/uploads\/2025\/01\/accumulateurs-circulation.png\",\"contentUrl\":\"https:\/\/hydroleduc.com\/de\/wp-content\/uploads\/2025\/01\/accumulateurs-circulation.png\",\"width\":300,\"height\":300,\"caption\":\"accumulateurs circulation\"},{\"@type\":\"BreadcrumbList\",\"@id\":\"https:\/\/hydroleduc.com\/de\/fiches\/geschweiste-blasenspeicher-acsl\/#breadcrumb\",\"itemListElement\":[{\"@type\":\"ListItem\",\"position\":1,\"name\":\"Startseite\",\"item\":\"https:\/\/hydroleduc.com\/de\/\"},{\"@type\":\"ListItem\",\"position\":2,\"name\":\"Hydraulik komponenten\",\"item\":\"https:\/\/hydroleduc.com\/de\/hydraulikkomponenten\/\"},{\"@type\":\"ListItem\",\"position\":3,\"name\":\"Hydro-pneumatische Druckspeicher\",\"item\":\"https:\/\/hydroleduc.com\/de\/hydraulikkomponenten\/hydro-pneumatische-druckspeicher\/\"},{\"@type\":\"ListItem\",\"position\":4,\"name\":\"Geschwei\u00dfte Blasenspeicher\",\"item\":\"https:\/\/hydroleduc.com\/de\/hydraulikkomponenten\/hydro-pneumatische-druckspeicher\/geschweiste-blasenspeicher\/\"},{\"@type\":\"ListItem\",\"position\":5,\"name\":\"Geschwei\u00dfte Blasenspeicher ACS(L)\"}]},{\"@type\":\"WebSite\",\"@id\":\"https:\/\/hydroleduc.com\/de\/#website\",\"url\":\"https:\/\/hydroleduc.com\/de\/\",\"name\":\"HYDRO LEDUC\",\"description\":\"Hersteller von Hydraulikkomponenten\",\"publisher\":{\"@id\":\"https:\/\/hydroleduc.com\/de\/#organization\"},\"potentialAction\":[{\"@type\":\"SearchAction\",\"target\":{\"@type\":\"EntryPoint\",\"urlTemplate\":\"https:\/\/hydroleduc.com\/de\/?s={search_term_string}\"},\"query-input\":{\"@type\":\"PropertyValueSpecification\",\"valueRequired\":true,\"valueName\":\"search_term_string\"}}],\"inLanguage\":\"de\"},{\"@type\":\"Organization\",\"@id\":\"https:\/\/hydroleduc.com\/de\/#organization\",\"name\":\"HYDRO LEDUC\",\"url\":\"https:\/\/hydroleduc.com\/de\/\",\"logo\":{\"@type\":\"ImageObject\",\"inLanguage\":\"de\",\"@id\":\"https:\/\/hydroleduc.com\/de\/#\/schema\/logo\/image\/\",\"url\":\"https:\/\/hydroleduc.com\/de\/wp-content\/uploads\/2025\/01\/logo-hydroleduc.png\",\"contentUrl\":\"https:\/\/hydroleduc.com\/de\/wp-content\/uploads\/2025\/01\/logo-hydroleduc.png\",\"width\":366,\"height\":148,\"caption\":\"HYDRO LEDUC\"},\"image\":{\"@id\":\"https:\/\/hydroleduc.com\/de\/#\/schema\/logo\/image\/\"}}]}<\/script>\n<!-- \/ Yoast SEO plugin. -->","yoast_head_json":{"title":"Geschwei\u00dfte Blasenspeicher ACS(L) - HYDRO LEDUC","description":"Ces accumulateurs hydropneumatiques d'Hydro Leduc repr\u00e9sentent une solution particuli\u00e8rement attractive pour des applications mobiles.","robots":{"index":"index","follow":"follow","max-snippet":"max-snippet:-1","max-image-preview":"max-image-preview:large","max-video-preview":"max-video-preview:-1"},"canonical":"https:\/\/hydroleduc.com\/de\/fiches\/geschweiste-blasenspeicher-acsl\/","og_locale":"de_DE","og_type":"article","og_title":"Geschwei\u00dfte Blasenspeicher ACS(L) - HYDRO LEDUC","og_description":"Ces accumulateurs hydropneumatiques d'Hydro Leduc repr\u00e9sentent une solution particuli\u00e8rement attractive pour des applications mobiles.","og_url":"https:\/\/hydroleduc.com\/de\/fiches\/geschweiste-blasenspeicher-acsl\/","og_site_name":"HYDRO LEDUC","article_modified_time":"2025-10-17T14:29:47+00:00","og_image":[{"width":300,"height":300,"url":"https:\/\/hydroleduc.com\/de\/wp-content\/uploads\/2025\/01\/accumulateurs-circulation.png","type":"image\/png"}],"twitter_card":"summary_large_image","twitter_misc":{"Gesch\u00e4tzte Lesezeit":"1\u00a0Minute"},"schema":{"@context":"https:\/\/schema.org","@graph":[{"@type":"WebPage","@id":"https:\/\/hydroleduc.com\/de\/fiches\/geschweiste-blasenspeicher-acsl\/","url":"https:\/\/hydroleduc.com\/de\/fiches\/geschweiste-blasenspeicher-acsl\/","name":"Geschwei\u00dfte Blasenspeicher ACS(L) - HYDRO LEDUC","isPartOf":{"@id":"https:\/\/hydroleduc.com\/de\/#website"},"primaryImageOfPage":{"@id":"https:\/\/hydroleduc.com\/de\/fiches\/geschweiste-blasenspeicher-acsl\/#primaryimage"},"image":{"@id":"https:\/\/hydroleduc.com\/de\/fiches\/geschweiste-blasenspeicher-acsl\/#primaryimage"},"thumbnailUrl":"https:\/\/hydroleduc.com\/de\/wp-content\/uploads\/2025\/01\/accumulateurs-circulation.png","datePublished":"2025-01-30T14:25:08+00:00","dateModified":"2025-10-17T14:29:47+00:00","description":"Ces accumulateurs hydropneumatiques d'Hydro Leduc repr\u00e9sentent une solution particuli\u00e8rement attractive pour des applications mobiles.","breadcrumb":{"@id":"https:\/\/hydroleduc.com\/de\/fiches\/geschweiste-blasenspeicher-acsl\/#breadcrumb"},"inLanguage":"de","potentialAction":[{"@type":"ReadAction","target":["https:\/\/hydroleduc.com\/de\/fiches\/geschweiste-blasenspeicher-acsl\/"]}]},{"@type":"ImageObject","inLanguage":"de","@id":"https:\/\/hydroleduc.com\/de\/fiches\/geschweiste-blasenspeicher-acsl\/#primaryimage","url":"https:\/\/hydroleduc.com\/de\/wp-content\/uploads\/2025\/01\/accumulateurs-circulation.png","contentUrl":"https:\/\/hydroleduc.com\/de\/wp-content\/uploads\/2025\/01\/accumulateurs-circulation.png","width":300,"height":300,"caption":"accumulateurs circulation"},{"@type":"BreadcrumbList","@id":"https:\/\/hydroleduc.com\/de\/fiches\/geschweiste-blasenspeicher-acsl\/#breadcrumb","itemListElement":[{"@type":"ListItem","position":1,"name":"Startseite","item":"https:\/\/hydroleduc.com\/de\/"},{"@type":"ListItem","position":2,"name":"Hydraulik komponenten","item":"https:\/\/hydroleduc.com\/de\/hydraulikkomponenten\/"},{"@type":"ListItem","position":3,"name":"Hydro-pneumatische Druckspeicher","item":"https:\/\/hydroleduc.com\/de\/hydraulikkomponenten\/hydro-pneumatische-druckspeicher\/"},{"@type":"ListItem","position":4,"name":"Geschwei\u00dfte Blasenspeicher","item":"https:\/\/hydroleduc.com\/de\/hydraulikkomponenten\/hydro-pneumatische-druckspeicher\/geschweiste-blasenspeicher\/"},{"@type":"ListItem","position":5,"name":"Geschwei\u00dfte Blasenspeicher ACS(L)"}]},{"@type":"WebSite","@id":"https:\/\/hydroleduc.com\/de\/#website","url":"https:\/\/hydroleduc.com\/de\/","name":"HYDRO LEDUC","description":"Hersteller von Hydraulikkomponenten","publisher":{"@id":"https:\/\/hydroleduc.com\/de\/#organization"},"potentialAction":[{"@type":"SearchAction","target":{"@type":"EntryPoint","urlTemplate":"https:\/\/hydroleduc.com\/de\/?s={search_term_string}"},"query-input":{"@type":"PropertyValueSpecification","valueRequired":true,"valueName":"search_term_string"}}],"inLanguage":"de"},{"@type":"Organization","@id":"https:\/\/hydroleduc.com\/de\/#organization","name":"HYDRO LEDUC","url":"https:\/\/hydroleduc.com\/de\/","logo":{"@type":"ImageObject","inLanguage":"de","@id":"https:\/\/hydroleduc.com\/de\/#\/schema\/logo\/image\/","url":"https:\/\/hydroleduc.com\/de\/wp-content\/uploads\/2025\/01\/logo-hydroleduc.png","contentUrl":"https:\/\/hydroleduc.com\/de\/wp-content\/uploads\/2025\/01\/logo-hydroleduc.png","width":366,"height":148,"caption":"HYDRO LEDUC"},"image":{"@id":"https:\/\/hydroleduc.com\/de\/#\/schema\/logo\/image\/"}}]}},"_links":{"self":[{"href":"https:\/\/hydroleduc.com\/de\/wp-json\/wp\/v2\/product\/1128","targetHints":{"allow":["GET"]}}],"collection":[{"href":"https:\/\/hydroleduc.com\/de\/wp-json\/wp\/v2\/product"}],"about":[{"href":"https:\/\/hydroleduc.com\/de\/wp-json\/wp\/v2\/types\/product"}],"wp:featuredmedia":[{"embeddable":true,"href":"https:\/\/hydroleduc.com\/de\/wp-json\/wp\/v2\/media\/43600"}],"wp:attachment":[{"href":"https:\/\/hydroleduc.com\/de\/wp-json\/wp\/v2\/media?parent=1128"}],"wp:term":[{"taxonomy":"product_brand","embeddable":true,"href":"https:\/\/hydroleduc.com\/de\/wp-json\/wp\/v2\/product_brand?post=1128"},{"taxonomy":"product_cat","embeddable":true,"href":"https:\/\/hydroleduc.com\/de\/wp-json\/wp\/v2\/product_cat?post=1128"},{"taxonomy":"product_tag","embeddable":true,"href":"https:\/\/hydroleduc.com\/de\/wp-json\/wp\/v2\/product_tag?post=1128"}],"curies":[{"name":"wp","href":"https:\/\/api.w.org\/{rel}","templated":true}]}}