{"id":1129,"date":"2025-01-30T15:26:12","date_gmt":"2025-01-30T14:26:12","guid":{"rendered":"https:\/\/hydroleduc.com\/de\/?post_type=product&#038;p=1129"},"modified":"2025-10-17T16:29:56","modified_gmt":"2025-10-17T14:29:56","slug":"kolbenspeicher-apl","status":"publish","type":"product","link":"https:\/\/hydroleduc.com\/de\/fiches\/kolbenspeicher-apl\/","title":{"rendered":"Kolbenspeicher AP(L)"},"content":{"rendered":"<p>Produktbeschreibung :<\/p>\n<p>AP(L) Kolbenspeicher bestehen aus einem mechanisch hochbelastbaren Schmiedestahl. Die Kolbendichtringe, zur Trennung zwischen Gas- und Hydraulikseite, sind ausgelegt f\u00fcr die \u00dcbertragung hoher hydraulischer Leistungen und den Einsatz bei hohen Umgebungstemperaturen. AP(L) Kolbenspeicher k\u00f6nnen auf der Stickstoffseite mit F\u00fcllventil oder mit F\u00fcllschraube ausgestattet werden.<\/p>\n<p>Merkmale und Vorteile\u00a0:<\/p>\n<ul>\n<li>Arbeitsvolumen von 0,16 bis 4 Liter,<\/li>\n<li>Maximaler Druck: 250 oder 350 bar (Modellabh\u00e4ngig),<\/li>\n<li>Temperaturbereich (Standard): -20\u00b0C bis + 80\u00b0C,<\/li>\n<li>F\u00fcr hochdynamische Anwendungen,<\/li>\n<li>Betrieb und Einbau in jeder beliebigen Einbaulage,<\/li>\n<li>\u00dcber die gesamte Betriebszeit nur minimaler Verlust des Vorspanndruckes.<\/li>\n<\/ul>\n<p>Anwendungsbereiche\u00a0:<\/p>\n<ul>\n<li>Material Umschlag,<\/li>\n<li>Baumaschinen,<\/li>\n<li>Landwirtschaftliche Maschinen,<\/li>\n<li>Federung.<\/li>\n<\/ul>\n<p>Um die Referenznummer Ihres Kolbenspeichers der Serie AP(L) festzulegen, nutzen Sie bitte den Konfigurator in unserem Katalog f\u00fcr hydropneumatische Druckspeicher.<\/p>\n","protected":false},"excerpt":{"rendered":"<p><a href=\"https:\/\/qrco.de\/DRUCKSPEICHER\" target=\"_blank\" rel=\"noopener\">Hydropneumatische Druckspeicher<\/a><\/p>\n<p>&nbsp;<\/p>\n","protected":false},"featured_media":43601,"template":"","meta":[],"product_brand":[],"product_cat":[27,48,61,30,28],"product_tag":[],"class_list":{"0":"post-1129","1":"product","2":"type-product","3":"status-publish","4":"has-post-thumbnail","6":"product_cat-baumaschinen","7":"product_cat-hydro-pneumatische-druckspeicher","8":"product_cat-kolbenspeicher","9":"product_cat-landwirtschaftliche-maschinen","10":"product_cat-transporttechnik","12":"first","13":"instock","14":"shipping-taxable","15":"product-type-simple"},"yoast_head":"<!-- This site is optimized with the Yoast SEO plugin v27.2 - https:\/\/yoast.com\/product\/yoast-seo-wordpress\/ -->\n<title>Kolbenspeicher AP(L) - HYDRO LEDUC<\/title>\n<meta name=\"description\" content=\"Les accumulateurs AP(L) d&#039;Hydro Leduc sont construits \u00e0 partir d\u2019un corps r\u00e9alis\u00e9 en acier \u00e0 haute r\u00e9sistance m\u00e9canique.\" \/>\n<meta name=\"robots\" content=\"index, follow, max-snippet:-1, max-image-preview:large, max-video-preview:-1\" \/>\n<link rel=\"canonical\" href=\"https:\/\/hydroleduc.com\/de\/fiches\/kolbenspeicher-apl\/\" \/>\n<meta property=\"og:locale\" content=\"de_DE\" \/>\n<meta property=\"og:type\" content=\"article\" \/>\n<meta property=\"og:title\" content=\"Kolbenspeicher AP(L) - HYDRO LEDUC\" \/>\n<meta property=\"og:description\" content=\"Les accumulateurs AP(L) d&#039;Hydro Leduc sont construits \u00e0 partir d\u2019un corps r\u00e9alis\u00e9 en acier \u00e0 haute r\u00e9sistance m\u00e9canique.\" \/>\n<meta property=\"og:url\" content=\"https:\/\/hydroleduc.com\/de\/fiches\/kolbenspeicher-apl\/\" \/>\n<meta property=\"og:site_name\" content=\"HYDRO LEDUC\" \/>\n<meta property=\"article:modified_time\" content=\"2025-10-17T14:29:56+00:00\" \/>\n<meta property=\"og:image\" content=\"https:\/\/hydroleduc.com\/de\/wp-content\/uploads\/2025\/01\/accumulateurs-cylindriques.png\" \/>\n\t<meta property=\"og:image:width\" content=\"300\" \/>\n\t<meta property=\"og:image:height\" content=\"300\" \/>\n\t<meta property=\"og:image:type\" content=\"image\/png\" \/>\n<meta name=\"twitter:card\" content=\"summary_large_image\" \/>\n<meta name=\"twitter:label1\" content=\"Gesch\u00e4tzte Lesezeit\" \/>\n\t<meta name=\"twitter:data1\" content=\"1\u00a0Minute\" \/>\n<script type=\"application\/ld+json\" class=\"yoast-schema-graph\">{\"@context\":\"https:\/\/schema.org\",\"@graph\":[{\"@type\":\"WebPage\",\"@id\":\"https:\/\/hydroleduc.com\/de\/fiches\/kolbenspeicher-apl\/\",\"url\":\"https:\/\/hydroleduc.com\/de\/fiches\/kolbenspeicher-apl\/\",\"name\":\"Kolbenspeicher AP(L) - HYDRO LEDUC\",\"isPartOf\":{\"@id\":\"https:\/\/hydroleduc.com\/de\/#website\"},\"primaryImageOfPage\":{\"@id\":\"https:\/\/hydroleduc.com\/de\/fiches\/kolbenspeicher-apl\/#primaryimage\"},\"image\":{\"@id\":\"https:\/\/hydroleduc.com\/de\/fiches\/kolbenspeicher-apl\/#primaryimage\"},\"thumbnailUrl\":\"https:\/\/hydroleduc.com\/de\/wp-content\/uploads\/2025\/01\/accumulateurs-cylindriques.png\",\"datePublished\":\"2025-01-30T14:26:12+00:00\",\"dateModified\":\"2025-10-17T14:29:56+00:00\",\"description\":\"Les accumulateurs AP(L) d'Hydro Leduc sont construits \u00e0 partir d\u2019un corps r\u00e9alis\u00e9 en acier \u00e0 haute r\u00e9sistance m\u00e9canique.\",\"breadcrumb\":{\"@id\":\"https:\/\/hydroleduc.com\/de\/fiches\/kolbenspeicher-apl\/#breadcrumb\"},\"inLanguage\":\"de\",\"potentialAction\":[{\"@type\":\"ReadAction\",\"target\":[\"https:\/\/hydroleduc.com\/de\/fiches\/kolbenspeicher-apl\/\"]}]},{\"@type\":\"ImageObject\",\"inLanguage\":\"de\",\"@id\":\"https:\/\/hydroleduc.com\/de\/fiches\/kolbenspeicher-apl\/#primaryimage\",\"url\":\"https:\/\/hydroleduc.com\/de\/wp-content\/uploads\/2025\/01\/accumulateurs-cylindriques.png\",\"contentUrl\":\"https:\/\/hydroleduc.com\/de\/wp-content\/uploads\/2025\/01\/accumulateurs-cylindriques.png\",\"width\":300,\"height\":300,\"caption\":\"accumulateurs cylindriques\"},{\"@type\":\"BreadcrumbList\",\"@id\":\"https:\/\/hydroleduc.com\/de\/fiches\/kolbenspeicher-apl\/#breadcrumb\",\"itemListElement\":[{\"@type\":\"ListItem\",\"position\":1,\"name\":\"Startseite\",\"item\":\"https:\/\/hydroleduc.com\/de\/\"},{\"@type\":\"ListItem\",\"position\":2,\"name\":\"Hydraulik komponenten\",\"item\":\"https:\/\/hydroleduc.com\/de\/hydraulikkomponenten\/\"},{\"@type\":\"ListItem\",\"position\":3,\"name\":\"Hydro-pneumatische Druckspeicher\",\"item\":\"https:\/\/hydroleduc.com\/de\/hydraulikkomponenten\/hydro-pneumatische-druckspeicher\/\"},{\"@type\":\"ListItem\",\"position\":4,\"name\":\"Kolbenspeicher\",\"item\":\"https:\/\/hydroleduc.com\/de\/hydraulikkomponenten\/hydro-pneumatische-druckspeicher\/kolbenspeicher\/\"},{\"@type\":\"ListItem\",\"position\":5,\"name\":\"Kolbenspeicher AP(L)\"}]},{\"@type\":\"WebSite\",\"@id\":\"https:\/\/hydroleduc.com\/de\/#website\",\"url\":\"https:\/\/hydroleduc.com\/de\/\",\"name\":\"HYDRO LEDUC\",\"description\":\"Hersteller von Hydraulikkomponenten\",\"publisher\":{\"@id\":\"https:\/\/hydroleduc.com\/de\/#organization\"},\"potentialAction\":[{\"@type\":\"SearchAction\",\"target\":{\"@type\":\"EntryPoint\",\"urlTemplate\":\"https:\/\/hydroleduc.com\/de\/?s={search_term_string}\"},\"query-input\":{\"@type\":\"PropertyValueSpecification\",\"valueRequired\":true,\"valueName\":\"search_term_string\"}}],\"inLanguage\":\"de\"},{\"@type\":\"Organization\",\"@id\":\"https:\/\/hydroleduc.com\/de\/#organization\",\"name\":\"HYDRO LEDUC\",\"url\":\"https:\/\/hydroleduc.com\/de\/\",\"logo\":{\"@type\":\"ImageObject\",\"inLanguage\":\"de\",\"@id\":\"https:\/\/hydroleduc.com\/de\/#\/schema\/logo\/image\/\",\"url\":\"https:\/\/hydroleduc.com\/de\/wp-content\/uploads\/2025\/01\/logo-hydroleduc.png\",\"contentUrl\":\"https:\/\/hydroleduc.com\/de\/wp-content\/uploads\/2025\/01\/logo-hydroleduc.png\",\"width\":366,\"height\":148,\"caption\":\"HYDRO LEDUC\"},\"image\":{\"@id\":\"https:\/\/hydroleduc.com\/de\/#\/schema\/logo\/image\/\"}}]}<\/script>\n<!-- \/ Yoast SEO plugin. -->","yoast_head_json":{"title":"Kolbenspeicher AP(L) - HYDRO LEDUC","description":"Les accumulateurs AP(L) d'Hydro Leduc sont construits \u00e0 partir d\u2019un corps r\u00e9alis\u00e9 en acier \u00e0 haute r\u00e9sistance m\u00e9canique.","robots":{"index":"index","follow":"follow","max-snippet":"max-snippet:-1","max-image-preview":"max-image-preview:large","max-video-preview":"max-video-preview:-1"},"canonical":"https:\/\/hydroleduc.com\/de\/fiches\/kolbenspeicher-apl\/","og_locale":"de_DE","og_type":"article","og_title":"Kolbenspeicher AP(L) - HYDRO LEDUC","og_description":"Les accumulateurs AP(L) d'Hydro Leduc sont construits \u00e0 partir d\u2019un corps r\u00e9alis\u00e9 en acier \u00e0 haute r\u00e9sistance m\u00e9canique.","og_url":"https:\/\/hydroleduc.com\/de\/fiches\/kolbenspeicher-apl\/","og_site_name":"HYDRO LEDUC","article_modified_time":"2025-10-17T14:29:56+00:00","og_image":[{"width":300,"height":300,"url":"https:\/\/hydroleduc.com\/de\/wp-content\/uploads\/2025\/01\/accumulateurs-cylindriques.png","type":"image\/png"}],"twitter_card":"summary_large_image","twitter_misc":{"Gesch\u00e4tzte Lesezeit":"1\u00a0Minute"},"schema":{"@context":"https:\/\/schema.org","@graph":[{"@type":"WebPage","@id":"https:\/\/hydroleduc.com\/de\/fiches\/kolbenspeicher-apl\/","url":"https:\/\/hydroleduc.com\/de\/fiches\/kolbenspeicher-apl\/","name":"Kolbenspeicher AP(L) - HYDRO LEDUC","isPartOf":{"@id":"https:\/\/hydroleduc.com\/de\/#website"},"primaryImageOfPage":{"@id":"https:\/\/hydroleduc.com\/de\/fiches\/kolbenspeicher-apl\/#primaryimage"},"image":{"@id":"https:\/\/hydroleduc.com\/de\/fiches\/kolbenspeicher-apl\/#primaryimage"},"thumbnailUrl":"https:\/\/hydroleduc.com\/de\/wp-content\/uploads\/2025\/01\/accumulateurs-cylindriques.png","datePublished":"2025-01-30T14:26:12+00:00","dateModified":"2025-10-17T14:29:56+00:00","description":"Les accumulateurs AP(L) d'Hydro Leduc sont construits \u00e0 partir d\u2019un corps r\u00e9alis\u00e9 en acier \u00e0 haute r\u00e9sistance m\u00e9canique.","breadcrumb":{"@id":"https:\/\/hydroleduc.com\/de\/fiches\/kolbenspeicher-apl\/#breadcrumb"},"inLanguage":"de","potentialAction":[{"@type":"ReadAction","target":["https:\/\/hydroleduc.com\/de\/fiches\/kolbenspeicher-apl\/"]}]},{"@type":"ImageObject","inLanguage":"de","@id":"https:\/\/hydroleduc.com\/de\/fiches\/kolbenspeicher-apl\/#primaryimage","url":"https:\/\/hydroleduc.com\/de\/wp-content\/uploads\/2025\/01\/accumulateurs-cylindriques.png","contentUrl":"https:\/\/hydroleduc.com\/de\/wp-content\/uploads\/2025\/01\/accumulateurs-cylindriques.png","width":300,"height":300,"caption":"accumulateurs cylindriques"},{"@type":"BreadcrumbList","@id":"https:\/\/hydroleduc.com\/de\/fiches\/kolbenspeicher-apl\/#breadcrumb","itemListElement":[{"@type":"ListItem","position":1,"name":"Startseite","item":"https:\/\/hydroleduc.com\/de\/"},{"@type":"ListItem","position":2,"name":"Hydraulik komponenten","item":"https:\/\/hydroleduc.com\/de\/hydraulikkomponenten\/"},{"@type":"ListItem","position":3,"name":"Hydro-pneumatische Druckspeicher","item":"https:\/\/hydroleduc.com\/de\/hydraulikkomponenten\/hydro-pneumatische-druckspeicher\/"},{"@type":"ListItem","position":4,"name":"Kolbenspeicher","item":"https:\/\/hydroleduc.com\/de\/hydraulikkomponenten\/hydro-pneumatische-druckspeicher\/kolbenspeicher\/"},{"@type":"ListItem","position":5,"name":"Kolbenspeicher AP(L)"}]},{"@type":"WebSite","@id":"https:\/\/hydroleduc.com\/de\/#website","url":"https:\/\/hydroleduc.com\/de\/","name":"HYDRO LEDUC","description":"Hersteller von Hydraulikkomponenten","publisher":{"@id":"https:\/\/hydroleduc.com\/de\/#organization"},"potentialAction":[{"@type":"SearchAction","target":{"@type":"EntryPoint","urlTemplate":"https:\/\/hydroleduc.com\/de\/?s={search_term_string}"},"query-input":{"@type":"PropertyValueSpecification","valueRequired":true,"valueName":"search_term_string"}}],"inLanguage":"de"},{"@type":"Organization","@id":"https:\/\/hydroleduc.com\/de\/#organization","name":"HYDRO LEDUC","url":"https:\/\/hydroleduc.com\/de\/","logo":{"@type":"ImageObject","inLanguage":"de","@id":"https:\/\/hydroleduc.com\/de\/#\/schema\/logo\/image\/","url":"https:\/\/hydroleduc.com\/de\/wp-content\/uploads\/2025\/01\/logo-hydroleduc.png","contentUrl":"https:\/\/hydroleduc.com\/de\/wp-content\/uploads\/2025\/01\/logo-hydroleduc.png","width":366,"height":148,"caption":"HYDRO LEDUC"},"image":{"@id":"https:\/\/hydroleduc.com\/de\/#\/schema\/logo\/image\/"}}]}},"_links":{"self":[{"href":"https:\/\/hydroleduc.com\/de\/wp-json\/wp\/v2\/product\/1129","targetHints":{"allow":["GET"]}}],"collection":[{"href":"https:\/\/hydroleduc.com\/de\/wp-json\/wp\/v2\/product"}],"about":[{"href":"https:\/\/hydroleduc.com\/de\/wp-json\/wp\/v2\/types\/product"}],"wp:featuredmedia":[{"embeddable":true,"href":"https:\/\/hydroleduc.com\/de\/wp-json\/wp\/v2\/media\/43601"}],"wp:attachment":[{"href":"https:\/\/hydroleduc.com\/de\/wp-json\/wp\/v2\/media?parent=1129"}],"wp:term":[{"taxonomy":"product_brand","embeddable":true,"href":"https:\/\/hydroleduc.com\/de\/wp-json\/wp\/v2\/product_brand?post=1129"},{"taxonomy":"product_cat","embeddable":true,"href":"https:\/\/hydroleduc.com\/de\/wp-json\/wp\/v2\/product_cat?post=1129"},{"taxonomy":"product_tag","embeddable":true,"href":"https:\/\/hydroleduc.com\/de\/wp-json\/wp\/v2\/product_tag?post=1129"}],"curies":[{"name":"wp","href":"https:\/\/api.w.org\/{rel}","templated":true}]}}