{"id":1130,"date":"2025-01-30T15:27:13","date_gmt":"2025-01-30T14:27:13","guid":{"rendered":"https:\/\/hydroleduc.com\/de\/?post_type=product&#038;p=1130"},"modified":"2025-10-17T16:16:43","modified_gmt":"2025-10-17T14:16:43","slug":"ansaugstutzen-fur-konstantpumpen","status":"publish","type":"product","link":"https:\/\/hydroleduc.com\/de\/fiches\/ansaugstutzen-fur-konstantpumpen\/","title":{"rendered":"Ansaugstutzen f\u00fcr konstantpumpen"},"content":{"rendered":"<p>Alle LEDUC Pumpen werden mit Ansaugstutzen geliefert. Bitte geben Sie bei der Bestellung die gew\u00fcnschte gr\u00f6sse an.<\/p>\n<p>Ansaugstutzen f\u00fcr XPi \u2013 XAi\u00a0(Bitte geben Sie bei der Bestellung die gew\u00fcnschte Gr\u00f6\u00dfe an). :<\/p>\n<table width=\"550\">\n<tbody>\n<tr>\n<td width=\"145\">TYP<\/td>\n<td width=\"145\">LEDUC BEZEICHNUNG<\/td>\n<td width=\"145\">\u00d8 SCHLAUCH<\/td>\n<\/tr>\n<tr>\n<td rowspan=\"5\" width=\"145\">45\u00b0 gebogener Ansaugstutzen Kit<\/td>\n<td>0519370<\/td>\n<td>1 1\/2\u2033<\/td>\n<\/tr>\n<tr>\n<td>0519373<\/td>\n<td>42<\/td>\n<\/tr>\n<tr>\n<td>0519374<\/td>\n<td>1 3\/4\u2033<\/td>\n<\/tr>\n<tr>\n<td>0519371<\/td>\n<td>2\u2033<\/td>\n<\/tr>\n<tr>\n<td>0519372<\/td>\n<td>2 1\/2\u2033<\/td>\n<\/tr>\n<tr>\n<td rowspan=\"3\" width=\"145\">90\u00b0 gebogener Ansaugstutzen Kit<\/td>\n<td>0521740<\/td>\n<td>1 1\/2\u2033<\/td>\n<\/tr>\n<tr>\n<td>0521741<\/td>\n<td>2\u2033<\/td>\n<\/tr>\n<tr>\n<td>0521742<\/td>\n<td>2 1\/2\u2033<\/td>\n<\/tr>\n<\/tbody>\n<\/table>\n<p>Ansaugstutzen f\u00fcr PA-PAC-PAD\u00a0:<\/p>\n<table width=\"550\">\n<tbody>\n<tr>\n<td width=\"145\">TYP<\/td>\n<td width=\"145\">LEDUC BEZEICHNUNG<\/td>\n<td width=\"145\">\u00d8 SCHLAUCH<\/td>\n<\/tr>\n<tr>\n<td rowspan=\"3\" width=\"145\">90\u00b0 gebogene Ansaugstutzen<\/td>\n<td>240131<\/td>\n<td>G 1 1\/2\u2033<\/td>\n<\/tr>\n<tr>\n<td>240133<\/td>\n<td>G 1 1\/2\u2033<\/td>\n<\/tr>\n<tr>\n<td>240135<\/td>\n<td>G 2\u2033<\/td>\n<\/tr>\n<tr>\n<td rowspan=\"7\">Gerade Ansaugstutzen<\/td>\n<td>240182<\/td>\n<td>G 1 1\/2\u2033<\/td>\n<\/tr>\n<tr>\n<td>240067<\/td>\n<td>G 1 1\/2\u2033<\/td>\n<\/tr>\n<tr>\n<td>240066<\/td>\n<td>G 1 1\/2\u2033<\/td>\n<\/tr>\n<tr>\n<td>240186<\/td>\n<td>G 1 1\/2\u2033<\/td>\n<\/tr>\n<tr>\n<td>240183<\/td>\n<td>G 2\u2033<\/td>\n<\/tr>\n<tr>\n<td>240170<\/td>\n<td>G 2\u2033<\/td>\n<\/tr>\n<tr>\n<td>240201<\/td>\n<td>G 1 1\/2\u2033<\/td>\n<\/tr>\n<\/tbody>\n<\/table>\n<p>Abmessungen in mm.<\/p>\n","protected":false},"excerpt":{"rendered":"<p><a href=\"https:\/\/qrco.de\/PUMPEN-FUR-LKW\" target=\"_blank\" rel=\"noopener\">Andere Abmessungen finden Sie in unserem Katalog f\u00fcr Lkw-Pumpen<\/a><\/p>\n","protected":false},"featured_media":43595,"template":"","meta":[],"product_brand":[],"product_cat":[46,26,54],"product_tag":[],"class_list":{"0":"post-1130","1":"product","2":"type-product","3":"status-publish","4":"has-post-thumbnail","6":"product_cat-hydraulikpumpen","7":"product_cat-nutzfahrzeughydraulik","8":"product_cat-zubehor-fur-konstant-pumpen","10":"first","11":"instock","12":"shipping-taxable","13":"product-type-simple"},"yoast_head":"<!-- This site is optimized with the Yoast SEO plugin v27.2 - https:\/\/yoast.com\/product\/yoast-seo-wordpress\/ -->\n<title>Ansaugstutzen f\u00fcr konstantpumpen - HYDRO LEDUC<\/title>\n<meta name=\"description\" content=\"HYDRO LEDUC propose une large gamme de raccords d\u2019aspiration pour les pompes camions \u00e0 cylindr\u00e9e fixe.\" \/>\n<meta name=\"robots\" content=\"index, follow, max-snippet:-1, max-image-preview:large, max-video-preview:-1\" \/>\n<link rel=\"canonical\" href=\"https:\/\/hydroleduc.com\/de\/fiches\/ansaugstutzen-fur-konstantpumpen\/\" \/>\n<meta property=\"og:locale\" content=\"de_DE\" \/>\n<meta property=\"og:type\" content=\"article\" \/>\n<meta property=\"og:title\" content=\"Ansaugstutzen f\u00fcr konstantpumpen - HYDRO LEDUC\" \/>\n<meta property=\"og:description\" content=\"HYDRO LEDUC propose une large gamme de raccords d\u2019aspiration pour les pompes camions \u00e0 cylindr\u00e9e fixe.\" \/>\n<meta property=\"og:url\" content=\"https:\/\/hydroleduc.com\/de\/fiches\/ansaugstutzen-fur-konstantpumpen\/\" \/>\n<meta property=\"og:site_name\" content=\"HYDRO LEDUC\" \/>\n<meta property=\"article:modified_time\" content=\"2025-10-17T14:16:43+00:00\" \/>\n<meta property=\"og:image\" content=\"https:\/\/hydroleduc.com\/de\/wp-content\/uploads\/2025\/01\/005-10022015-capture0030-768x768-1.jpg\" \/>\n\t<meta property=\"og:image:width\" content=\"768\" \/>\n\t<meta property=\"og:image:height\" content=\"768\" \/>\n\t<meta property=\"og:image:type\" content=\"image\/jpeg\" \/>\n<meta name=\"twitter:card\" content=\"summary_large_image\" \/>\n<meta name=\"twitter:label1\" content=\"Gesch\u00e4tzte Lesezeit\" \/>\n\t<meta name=\"twitter:data1\" content=\"1\u00a0Minute\" \/>\n<script type=\"application\/ld+json\" class=\"yoast-schema-graph\">{\"@context\":\"https:\/\/schema.org\",\"@graph\":[{\"@type\":\"WebPage\",\"@id\":\"https:\/\/hydroleduc.com\/de\/fiches\/ansaugstutzen-fur-konstantpumpen\/\",\"url\":\"https:\/\/hydroleduc.com\/de\/fiches\/ansaugstutzen-fur-konstantpumpen\/\",\"name\":\"Ansaugstutzen f\u00fcr konstantpumpen - HYDRO LEDUC\",\"isPartOf\":{\"@id\":\"https:\/\/hydroleduc.com\/de\/#website\"},\"primaryImageOfPage\":{\"@id\":\"https:\/\/hydroleduc.com\/de\/fiches\/ansaugstutzen-fur-konstantpumpen\/#primaryimage\"},\"image\":{\"@id\":\"https:\/\/hydroleduc.com\/de\/fiches\/ansaugstutzen-fur-konstantpumpen\/#primaryimage\"},\"thumbnailUrl\":\"https:\/\/hydroleduc.com\/de\/wp-content\/uploads\/2025\/01\/005-10022015-capture0030-768x768-1.jpg\",\"datePublished\":\"2025-01-30T14:27:13+00:00\",\"dateModified\":\"2025-10-17T14:16:43+00:00\",\"description\":\"HYDRO LEDUC propose une large gamme de raccords d\u2019aspiration pour les pompes camions \u00e0 cylindr\u00e9e fixe.\",\"breadcrumb\":{\"@id\":\"https:\/\/hydroleduc.com\/de\/fiches\/ansaugstutzen-fur-konstantpumpen\/#breadcrumb\"},\"inLanguage\":\"de\",\"potentialAction\":[{\"@type\":\"ReadAction\",\"target\":[\"https:\/\/hydroleduc.com\/de\/fiches\/ansaugstutzen-fur-konstantpumpen\/\"]}]},{\"@type\":\"ImageObject\",\"inLanguage\":\"de\",\"@id\":\"https:\/\/hydroleduc.com\/de\/fiches\/ansaugstutzen-fur-konstantpumpen\/#primaryimage\",\"url\":\"https:\/\/hydroleduc.com\/de\/wp-content\/uploads\/2025\/01\/005-10022015-capture0030-768x768-1.jpg\",\"contentUrl\":\"https:\/\/hydroleduc.com\/de\/wp-content\/uploads\/2025\/01\/005-10022015-capture0030-768x768-1.jpg\",\"width\":768,\"height\":768,\"caption\":\"005 10022015 capture0030 768x768 1\"},{\"@type\":\"BreadcrumbList\",\"@id\":\"https:\/\/hydroleduc.com\/de\/fiches\/ansaugstutzen-fur-konstantpumpen\/#breadcrumb\",\"itemListElement\":[{\"@type\":\"ListItem\",\"position\":1,\"name\":\"Startseite\",\"item\":\"https:\/\/hydroleduc.com\/de\/\"},{\"@type\":\"ListItem\",\"position\":2,\"name\":\"Hydraulik komponenten\",\"item\":\"https:\/\/hydroleduc.com\/de\/hydraulikkomponenten\/\"},{\"@type\":\"ListItem\",\"position\":3,\"name\":\"Hydraulikpumpen\",\"item\":\"https:\/\/hydroleduc.com\/de\/hydraulikkomponenten\/hydraulikpumpen\/\"},{\"@type\":\"ListItem\",\"position\":4,\"name\":\"Zubeh\u00f6r f\u00fcr Konstant Pumpen\",\"item\":\"https:\/\/hydroleduc.com\/de\/hydraulikkomponenten\/hydraulikpumpen\/zubehor-fur-konstant-pumpen\/\"},{\"@type\":\"ListItem\",\"position\":5,\"name\":\"Ansaugstutzen f\u00fcr konstantpumpen\"}]},{\"@type\":\"WebSite\",\"@id\":\"https:\/\/hydroleduc.com\/de\/#website\",\"url\":\"https:\/\/hydroleduc.com\/de\/\",\"name\":\"HYDRO LEDUC\",\"description\":\"Hersteller von Hydraulikkomponenten\",\"publisher\":{\"@id\":\"https:\/\/hydroleduc.com\/de\/#organization\"},\"potentialAction\":[{\"@type\":\"SearchAction\",\"target\":{\"@type\":\"EntryPoint\",\"urlTemplate\":\"https:\/\/hydroleduc.com\/de\/?s={search_term_string}\"},\"query-input\":{\"@type\":\"PropertyValueSpecification\",\"valueRequired\":true,\"valueName\":\"search_term_string\"}}],\"inLanguage\":\"de\"},{\"@type\":\"Organization\",\"@id\":\"https:\/\/hydroleduc.com\/de\/#organization\",\"name\":\"HYDRO LEDUC\",\"url\":\"https:\/\/hydroleduc.com\/de\/\",\"logo\":{\"@type\":\"ImageObject\",\"inLanguage\":\"de\",\"@id\":\"https:\/\/hydroleduc.com\/de\/#\/schema\/logo\/image\/\",\"url\":\"https:\/\/hydroleduc.com\/de\/wp-content\/uploads\/2025\/01\/logo-hydroleduc.png\",\"contentUrl\":\"https:\/\/hydroleduc.com\/de\/wp-content\/uploads\/2025\/01\/logo-hydroleduc.png\",\"width\":366,\"height\":148,\"caption\":\"HYDRO LEDUC\"},\"image\":{\"@id\":\"https:\/\/hydroleduc.com\/de\/#\/schema\/logo\/image\/\"}}]}<\/script>\n<!-- \/ Yoast SEO plugin. -->","yoast_head_json":{"title":"Ansaugstutzen f\u00fcr konstantpumpen - HYDRO LEDUC","description":"HYDRO LEDUC propose une large gamme de raccords d\u2019aspiration pour les pompes camions \u00e0 cylindr\u00e9e fixe.","robots":{"index":"index","follow":"follow","max-snippet":"max-snippet:-1","max-image-preview":"max-image-preview:large","max-video-preview":"max-video-preview:-1"},"canonical":"https:\/\/hydroleduc.com\/de\/fiches\/ansaugstutzen-fur-konstantpumpen\/","og_locale":"de_DE","og_type":"article","og_title":"Ansaugstutzen f\u00fcr konstantpumpen - HYDRO LEDUC","og_description":"HYDRO LEDUC propose une large gamme de raccords d\u2019aspiration pour les pompes camions \u00e0 cylindr\u00e9e fixe.","og_url":"https:\/\/hydroleduc.com\/de\/fiches\/ansaugstutzen-fur-konstantpumpen\/","og_site_name":"HYDRO LEDUC","article_modified_time":"2025-10-17T14:16:43+00:00","og_image":[{"width":768,"height":768,"url":"https:\/\/hydroleduc.com\/de\/wp-content\/uploads\/2025\/01\/005-10022015-capture0030-768x768-1.jpg","type":"image\/jpeg"}],"twitter_card":"summary_large_image","twitter_misc":{"Gesch\u00e4tzte Lesezeit":"1\u00a0Minute"},"schema":{"@context":"https:\/\/schema.org","@graph":[{"@type":"WebPage","@id":"https:\/\/hydroleduc.com\/de\/fiches\/ansaugstutzen-fur-konstantpumpen\/","url":"https:\/\/hydroleduc.com\/de\/fiches\/ansaugstutzen-fur-konstantpumpen\/","name":"Ansaugstutzen f\u00fcr konstantpumpen - HYDRO LEDUC","isPartOf":{"@id":"https:\/\/hydroleduc.com\/de\/#website"},"primaryImageOfPage":{"@id":"https:\/\/hydroleduc.com\/de\/fiches\/ansaugstutzen-fur-konstantpumpen\/#primaryimage"},"image":{"@id":"https:\/\/hydroleduc.com\/de\/fiches\/ansaugstutzen-fur-konstantpumpen\/#primaryimage"},"thumbnailUrl":"https:\/\/hydroleduc.com\/de\/wp-content\/uploads\/2025\/01\/005-10022015-capture0030-768x768-1.jpg","datePublished":"2025-01-30T14:27:13+00:00","dateModified":"2025-10-17T14:16:43+00:00","description":"HYDRO LEDUC propose une large gamme de raccords d\u2019aspiration pour les pompes camions \u00e0 cylindr\u00e9e fixe.","breadcrumb":{"@id":"https:\/\/hydroleduc.com\/de\/fiches\/ansaugstutzen-fur-konstantpumpen\/#breadcrumb"},"inLanguage":"de","potentialAction":[{"@type":"ReadAction","target":["https:\/\/hydroleduc.com\/de\/fiches\/ansaugstutzen-fur-konstantpumpen\/"]}]},{"@type":"ImageObject","inLanguage":"de","@id":"https:\/\/hydroleduc.com\/de\/fiches\/ansaugstutzen-fur-konstantpumpen\/#primaryimage","url":"https:\/\/hydroleduc.com\/de\/wp-content\/uploads\/2025\/01\/005-10022015-capture0030-768x768-1.jpg","contentUrl":"https:\/\/hydroleduc.com\/de\/wp-content\/uploads\/2025\/01\/005-10022015-capture0030-768x768-1.jpg","width":768,"height":768,"caption":"005 10022015 capture0030 768x768 1"},{"@type":"BreadcrumbList","@id":"https:\/\/hydroleduc.com\/de\/fiches\/ansaugstutzen-fur-konstantpumpen\/#breadcrumb","itemListElement":[{"@type":"ListItem","position":1,"name":"Startseite","item":"https:\/\/hydroleduc.com\/de\/"},{"@type":"ListItem","position":2,"name":"Hydraulik komponenten","item":"https:\/\/hydroleduc.com\/de\/hydraulikkomponenten\/"},{"@type":"ListItem","position":3,"name":"Hydraulikpumpen","item":"https:\/\/hydroleduc.com\/de\/hydraulikkomponenten\/hydraulikpumpen\/"},{"@type":"ListItem","position":4,"name":"Zubeh\u00f6r f\u00fcr Konstant Pumpen","item":"https:\/\/hydroleduc.com\/de\/hydraulikkomponenten\/hydraulikpumpen\/zubehor-fur-konstant-pumpen\/"},{"@type":"ListItem","position":5,"name":"Ansaugstutzen f\u00fcr konstantpumpen"}]},{"@type":"WebSite","@id":"https:\/\/hydroleduc.com\/de\/#website","url":"https:\/\/hydroleduc.com\/de\/","name":"HYDRO LEDUC","description":"Hersteller von Hydraulikkomponenten","publisher":{"@id":"https:\/\/hydroleduc.com\/de\/#organization"},"potentialAction":[{"@type":"SearchAction","target":{"@type":"EntryPoint","urlTemplate":"https:\/\/hydroleduc.com\/de\/?s={search_term_string}"},"query-input":{"@type":"PropertyValueSpecification","valueRequired":true,"valueName":"search_term_string"}}],"inLanguage":"de"},{"@type":"Organization","@id":"https:\/\/hydroleduc.com\/de\/#organization","name":"HYDRO LEDUC","url":"https:\/\/hydroleduc.com\/de\/","logo":{"@type":"ImageObject","inLanguage":"de","@id":"https:\/\/hydroleduc.com\/de\/#\/schema\/logo\/image\/","url":"https:\/\/hydroleduc.com\/de\/wp-content\/uploads\/2025\/01\/logo-hydroleduc.png","contentUrl":"https:\/\/hydroleduc.com\/de\/wp-content\/uploads\/2025\/01\/logo-hydroleduc.png","width":366,"height":148,"caption":"HYDRO LEDUC"},"image":{"@id":"https:\/\/hydroleduc.com\/de\/#\/schema\/logo\/image\/"}}]}},"_links":{"self":[{"href":"https:\/\/hydroleduc.com\/de\/wp-json\/wp\/v2\/product\/1130","targetHints":{"allow":["GET"]}}],"collection":[{"href":"https:\/\/hydroleduc.com\/de\/wp-json\/wp\/v2\/product"}],"about":[{"href":"https:\/\/hydroleduc.com\/de\/wp-json\/wp\/v2\/types\/product"}],"wp:featuredmedia":[{"embeddable":true,"href":"https:\/\/hydroleduc.com\/de\/wp-json\/wp\/v2\/media\/43595"}],"wp:attachment":[{"href":"https:\/\/hydroleduc.com\/de\/wp-json\/wp\/v2\/media?parent=1130"}],"wp:term":[{"taxonomy":"product_brand","embeddable":true,"href":"https:\/\/hydroleduc.com\/de\/wp-json\/wp\/v2\/product_brand?post=1130"},{"taxonomy":"product_cat","embeddable":true,"href":"https:\/\/hydroleduc.com\/de\/wp-json\/wp\/v2\/product_cat?post=1130"},{"taxonomy":"product_tag","embeddable":true,"href":"https:\/\/hydroleduc.com\/de\/wp-json\/wp\/v2\/product_tag?post=1130"}],"curies":[{"name":"wp","href":"https:\/\/api.w.org\/{rel}","templated":true}]}}