{"id":46367,"date":"2026-02-26T13:25:02","date_gmt":"2026-02-26T12:25:02","guid":{"rendered":"https:\/\/hydroleduc.com\/de\/?post_type=product&#038;p=46367"},"modified":"2026-02-26T15:55:31","modified_gmt":"2026-02-26T14:55:31","slug":"egp-external","status":"publish","type":"product","link":"https:\/\/hydroleduc.com\/de\/fiches\/egp-external\/","title":{"rendered":"EGP External"},"content":{"rendered":"<p><strong>Produktbeschreibung\u00a0:<\/strong><\/p>\n<p>Entdecken Sie die EGP External, ein kompaktes und leistungsstarkes elektrohydraulisches Pumpenaggregat, das entwickelt wurde, um den Anforderungen moderner mobiler und industrieller Anwendungen gerecht zu werden.<\/p>\n<p>Die EGP External kombiniert einen dreiphasigen b\u00fcrstenlosen ME175\u2011Motor, einen integrierten Frequenzumrichter und eine Au\u00dfenzahnradpumpe in einer hochoptimierten Einheit. Diese Architektur gew\u00e4hrleistet einen Dauerbetrieb, hohe Effizienz, einen niedrigen Ger\u00e4uschpegel und eine schnelle Installation \u2013 selbst in anspruchsvollen Umgebungen.<\/p>\n<p>Dank ihrer pr\u00e4zisen hydraulischen Steuerung, ihrer stabilen Leistung und den verschiedenen verf\u00fcgbaren Spannungsoptionen eignet sich die EGP External ideal f\u00fcr elektrifizierte Systeme, die Leistung, Energieeffizienz und Zuverl\u00e4ssigkeit erfordern.<\/p>\n<p>&nbsp;<\/p>\n<p><strong>Merkmale und Vorteile\u00a0:<\/strong><\/p>\n<ul>\n<li>Kompakte Einheit mit:\n<ul>\n<li>ME175\u2011Motor<\/li>\n<li>Frequenzumrichter<\/li>\n<li>Au\u00dfenzahnradpumpe<\/li>\n<\/ul>\n<p>&nbsp;<\/li>\n<li>Weitere Vorteile:\n<ul>\n<li>Leiser und kontinuierlicher Betrieb, ideal f\u00fcr beengte Umgebungen<\/li>\n<li>Pr\u00e4zise Durchfluss\u2011 und Druckregelung durch den Umrichter<\/li>\n<li>Hohe Energieeffizienz und niedriger Ger\u00e4uschpegel<\/li>\n<li>Robuste Konstruktion f\u00fcr mobile und industrielle Anwendungen<\/li>\n<li>Verf\u00fcgbar in 12, 24, 48, 96 und 400 V (Leistung 5 bis 18 kW)<\/li>\n<\/ul>\n<\/li>\n<\/ul>\n<p>&nbsp;<\/p>\n<p><strong>Technische Daten<\/strong><\/p>\n<p><em>Pumpenseite (Au\u00dfenzahnradpumpe):<\/em><\/p>\n<ul>\n<li>Verf\u00fcgbare Verdr\u00e4ngungen: 0.25\/ 0.5 \/ 0.75\/ 1.00 \/ 2.00 \/ 3.07 \/ 4.65 \/ 6.45 \/ 8.25 \/ 10.12 \/ 12.00 cm\u00b3\/U<\/li>\n<li>Maximaler Durchfluss: bis zu 34,7 l\/min<\/li>\n<li>Maximaler Dauerbetriebsdruck: 240 bar<\/li>\n<li>Spitzendruck: 280 bar<\/li>\n<li>Drehzahl: je nach Modell bis zu 7000 U\/min<\/li>\n<\/ul>\n<p>&nbsp;<\/p>\n<p><em>Motor \/ Umrichter:<\/em><\/p>\n<ul>\n<li>B\u00fcrstenloser ME175\u2011Motor mit fortschrittlicher Steuerung<\/li>\n<li>Spannungen: 24, 48, 96 oder 330 Vdc (weitere auf Anfrage)<\/li>\n<li>Maximaler Strom je nach Modell: 248 bis 402 A<\/li>\n<li>Integrierter Umrichter zur pr\u00e4zisen Drehzahlregelung<\/li>\n<\/ul>\n<p>&nbsp;<\/p>\n<p><strong>Anwendungensbereiche\u00a0:<\/strong><\/p>\n<ul>\n<li>Nutzfahrzeuge: Transporter, mobile Servicefahrzeuge<\/li>\n<li>Mobile Hydraulik: Lkw\u2011Krane, Gelenkarme, PTO\u2011Systeme, Verteidigungssektor<\/li>\n<li>Industrieanlagen: kompakte Hydraulikaggregate, automatisierte Maschinen, Pr\u00fcfst\u00e4nde<\/li>\n<\/ul>\n","protected":false},"excerpt":{"rendered":"<p><a href=\"https:\/\/hydroleduc.com\/de\/wp-content\/uploads\/2026\/02\/FICHE-TECHNIQUE_EGP_DE.pdf\">Datenblatt EGP External<\/a><\/p>\n","protected":false},"featured_media":46365,"template":"","meta":[],"product_brand":[],"product_cat":[53,46,26],"product_tag":[],"class_list":{"0":"post-46367","1":"product","2":"type-product","3":"status-publish","4":"has-post-thumbnail","6":"product_cat-elektropumpeneinheit","7":"product_cat-hydraulikpumpen","8":"product_cat-nutzfahrzeughydraulik","10":"first","11":"instock","12":"shipping-taxable","13":"product-type-simple"},"yoast_head":"<!-- This site is optimized with the Yoast SEO plugin v27.2 - https:\/\/yoast.com\/product\/yoast-seo-wordpress\/ -->\n<title>EGP External \u2013 Kompaktes Elektropumpenaggregat<\/title>\n<meta name=\"description\" content=\"Die EGP External kombiniert einen b\u00fcrstenlosen ME175 Motor, einen integrierten Umrichter und eine Au\u00dfenzahnradpumpe zu einem kompakten, leistungsstarken und leisen Elektropumpenaggregat.\" \/>\n<meta name=\"robots\" content=\"index, follow, max-snippet:-1, max-image-preview:large, max-video-preview:-1\" \/>\n<link rel=\"canonical\" href=\"https:\/\/hydroleduc.com\/de\/fiches\/egp-external\/\" \/>\n<meta property=\"og:locale\" content=\"de_DE\" \/>\n<meta property=\"og:type\" content=\"article\" \/>\n<meta property=\"og:title\" content=\"EGP External \u2013 Kompaktes Elektropumpenaggregat\" \/>\n<meta property=\"og:description\" content=\"Die EGP External kombiniert einen b\u00fcrstenlosen ME175 Motor, einen integrierten Umrichter und eine Au\u00dfenzahnradpumpe zu einem kompakten, leistungsstarken und leisen Elektropumpenaggregat.\" \/>\n<meta property=\"og:url\" content=\"https:\/\/hydroleduc.com\/de\/fiches\/egp-external\/\" \/>\n<meta property=\"og:site_name\" content=\"HYDRO LEDUC\" \/>\n<meta property=\"article:modified_time\" content=\"2026-02-26T14:55:31+00:00\" \/>\n<meta property=\"og:image\" content=\"https:\/\/hydroleduc.com\/de\/wp-content\/uploads\/2026\/02\/egp-external-pump.png\" \/>\n\t<meta property=\"og:image:width\" content=\"2048\" \/>\n\t<meta property=\"og:image:height\" content=\"1536\" \/>\n\t<meta property=\"og:image:type\" content=\"image\/png\" \/>\n<meta name=\"twitter:card\" content=\"summary_large_image\" \/>\n<meta name=\"twitter:label1\" content=\"Gesch\u00e4tzte Lesezeit\" \/>\n\t<meta name=\"twitter:data1\" content=\"2\u00a0Minuten\" \/>\n<script type=\"application\/ld+json\" class=\"yoast-schema-graph\">{\"@context\":\"https:\/\/schema.org\",\"@graph\":[{\"@type\":\"WebPage\",\"@id\":\"https:\/\/hydroleduc.com\/de\/fiches\/egp-external\/\",\"url\":\"https:\/\/hydroleduc.com\/de\/fiches\/egp-external\/\",\"name\":\"EGP External \u2013 Kompaktes Elektropumpenaggregat\",\"isPartOf\":{\"@id\":\"https:\/\/hydroleduc.com\/de\/#website\"},\"primaryImageOfPage\":{\"@id\":\"https:\/\/hydroleduc.com\/de\/fiches\/egp-external\/#primaryimage\"},\"image\":{\"@id\":\"https:\/\/hydroleduc.com\/de\/fiches\/egp-external\/#primaryimage\"},\"thumbnailUrl\":\"https:\/\/hydroleduc.com\/de\/wp-content\/uploads\/2026\/02\/egp-external-pump.png\",\"datePublished\":\"2026-02-26T12:25:02+00:00\",\"dateModified\":\"2026-02-26T14:55:31+00:00\",\"description\":\"Die EGP External kombiniert einen b\u00fcrstenlosen ME175 Motor, einen integrierten Umrichter und eine Au\u00dfenzahnradpumpe zu einem kompakten, leistungsstarken und leisen Elektropumpenaggregat.\",\"breadcrumb\":{\"@id\":\"https:\/\/hydroleduc.com\/de\/fiches\/egp-external\/#breadcrumb\"},\"inLanguage\":\"de\",\"potentialAction\":[{\"@type\":\"ReadAction\",\"target\":[\"https:\/\/hydroleduc.com\/de\/fiches\/egp-external\/\"]}]},{\"@type\":\"ImageObject\",\"inLanguage\":\"de\",\"@id\":\"https:\/\/hydroleduc.com\/de\/fiches\/egp-external\/#primaryimage\",\"url\":\"https:\/\/hydroleduc.com\/de\/wp-content\/uploads\/2026\/02\/egp-external-pump.png\",\"contentUrl\":\"https:\/\/hydroleduc.com\/de\/wp-content\/uploads\/2026\/02\/egp-external-pump.png\",\"width\":2048,\"height\":1536,\"caption\":\"egp external pump\"},{\"@type\":\"BreadcrumbList\",\"@id\":\"https:\/\/hydroleduc.com\/de\/fiches\/egp-external\/#breadcrumb\",\"itemListElement\":[{\"@type\":\"ListItem\",\"position\":1,\"name\":\"Startseite\",\"item\":\"https:\/\/hydroleduc.com\/de\/\"},{\"@type\":\"ListItem\",\"position\":2,\"name\":\"Hydraulik komponenten\",\"item\":\"https:\/\/hydroleduc.com\/de\/hydraulikkomponenten\/\"},{\"@type\":\"ListItem\",\"position\":3,\"name\":\"Hydraulikpumpen\",\"item\":\"https:\/\/hydroleduc.com\/de\/hydraulikkomponenten\/hydraulikpumpen\/\"},{\"@type\":\"ListItem\",\"position\":4,\"name\":\"Elektropumpeneinheit\",\"item\":\"https:\/\/hydroleduc.com\/de\/hydraulikkomponenten\/hydraulikpumpen\/elektropumpeneinheit\/\"},{\"@type\":\"ListItem\",\"position\":5,\"name\":\"EGP External\"}]},{\"@type\":\"WebSite\",\"@id\":\"https:\/\/hydroleduc.com\/de\/#website\",\"url\":\"https:\/\/hydroleduc.com\/de\/\",\"name\":\"HYDRO LEDUC\",\"description\":\"Hersteller von Hydraulikkomponenten\",\"publisher\":{\"@id\":\"https:\/\/hydroleduc.com\/de\/#organization\"},\"potentialAction\":[{\"@type\":\"SearchAction\",\"target\":{\"@type\":\"EntryPoint\",\"urlTemplate\":\"https:\/\/hydroleduc.com\/de\/?s={search_term_string}\"},\"query-input\":{\"@type\":\"PropertyValueSpecification\",\"valueRequired\":true,\"valueName\":\"search_term_string\"}}],\"inLanguage\":\"de\"},{\"@type\":\"Organization\",\"@id\":\"https:\/\/hydroleduc.com\/de\/#organization\",\"name\":\"HYDRO LEDUC\",\"url\":\"https:\/\/hydroleduc.com\/de\/\",\"logo\":{\"@type\":\"ImageObject\",\"inLanguage\":\"de\",\"@id\":\"https:\/\/hydroleduc.com\/de\/#\/schema\/logo\/image\/\",\"url\":\"https:\/\/hydroleduc.com\/de\/wp-content\/uploads\/2025\/01\/logo-hydroleduc.png\",\"contentUrl\":\"https:\/\/hydroleduc.com\/de\/wp-content\/uploads\/2025\/01\/logo-hydroleduc.png\",\"width\":366,\"height\":148,\"caption\":\"HYDRO LEDUC\"},\"image\":{\"@id\":\"https:\/\/hydroleduc.com\/de\/#\/schema\/logo\/image\/\"}}]}<\/script>\n<!-- \/ Yoast SEO plugin. -->","yoast_head_json":{"title":"EGP External \u2013 Kompaktes Elektropumpenaggregat","description":"Die EGP External kombiniert einen b\u00fcrstenlosen ME175 Motor, einen integrierten Umrichter und eine Au\u00dfenzahnradpumpe zu einem kompakten, leistungsstarken und leisen Elektropumpenaggregat.","robots":{"index":"index","follow":"follow","max-snippet":"max-snippet:-1","max-image-preview":"max-image-preview:large","max-video-preview":"max-video-preview:-1"},"canonical":"https:\/\/hydroleduc.com\/de\/fiches\/egp-external\/","og_locale":"de_DE","og_type":"article","og_title":"EGP External \u2013 Kompaktes Elektropumpenaggregat","og_description":"Die EGP External kombiniert einen b\u00fcrstenlosen ME175 Motor, einen integrierten Umrichter und eine Au\u00dfenzahnradpumpe zu einem kompakten, leistungsstarken und leisen Elektropumpenaggregat.","og_url":"https:\/\/hydroleduc.com\/de\/fiches\/egp-external\/","og_site_name":"HYDRO LEDUC","article_modified_time":"2026-02-26T14:55:31+00:00","og_image":[{"width":2048,"height":1536,"url":"https:\/\/hydroleduc.com\/de\/wp-content\/uploads\/2026\/02\/egp-external-pump.png","type":"image\/png"}],"twitter_card":"summary_large_image","twitter_misc":{"Gesch\u00e4tzte Lesezeit":"2\u00a0Minuten"},"schema":{"@context":"https:\/\/schema.org","@graph":[{"@type":"WebPage","@id":"https:\/\/hydroleduc.com\/de\/fiches\/egp-external\/","url":"https:\/\/hydroleduc.com\/de\/fiches\/egp-external\/","name":"EGP External \u2013 Kompaktes Elektropumpenaggregat","isPartOf":{"@id":"https:\/\/hydroleduc.com\/de\/#website"},"primaryImageOfPage":{"@id":"https:\/\/hydroleduc.com\/de\/fiches\/egp-external\/#primaryimage"},"image":{"@id":"https:\/\/hydroleduc.com\/de\/fiches\/egp-external\/#primaryimage"},"thumbnailUrl":"https:\/\/hydroleduc.com\/de\/wp-content\/uploads\/2026\/02\/egp-external-pump.png","datePublished":"2026-02-26T12:25:02+00:00","dateModified":"2026-02-26T14:55:31+00:00","description":"Die EGP External kombiniert einen b\u00fcrstenlosen ME175 Motor, einen integrierten Umrichter und eine Au\u00dfenzahnradpumpe zu einem kompakten, leistungsstarken und leisen Elektropumpenaggregat.","breadcrumb":{"@id":"https:\/\/hydroleduc.com\/de\/fiches\/egp-external\/#breadcrumb"},"inLanguage":"de","potentialAction":[{"@type":"ReadAction","target":["https:\/\/hydroleduc.com\/de\/fiches\/egp-external\/"]}]},{"@type":"ImageObject","inLanguage":"de","@id":"https:\/\/hydroleduc.com\/de\/fiches\/egp-external\/#primaryimage","url":"https:\/\/hydroleduc.com\/de\/wp-content\/uploads\/2026\/02\/egp-external-pump.png","contentUrl":"https:\/\/hydroleduc.com\/de\/wp-content\/uploads\/2026\/02\/egp-external-pump.png","width":2048,"height":1536,"caption":"egp external pump"},{"@type":"BreadcrumbList","@id":"https:\/\/hydroleduc.com\/de\/fiches\/egp-external\/#breadcrumb","itemListElement":[{"@type":"ListItem","position":1,"name":"Startseite","item":"https:\/\/hydroleduc.com\/de\/"},{"@type":"ListItem","position":2,"name":"Hydraulik komponenten","item":"https:\/\/hydroleduc.com\/de\/hydraulikkomponenten\/"},{"@type":"ListItem","position":3,"name":"Hydraulikpumpen","item":"https:\/\/hydroleduc.com\/de\/hydraulikkomponenten\/hydraulikpumpen\/"},{"@type":"ListItem","position":4,"name":"Elektropumpeneinheit","item":"https:\/\/hydroleduc.com\/de\/hydraulikkomponenten\/hydraulikpumpen\/elektropumpeneinheit\/"},{"@type":"ListItem","position":5,"name":"EGP External"}]},{"@type":"WebSite","@id":"https:\/\/hydroleduc.com\/de\/#website","url":"https:\/\/hydroleduc.com\/de\/","name":"HYDRO LEDUC","description":"Hersteller von Hydraulikkomponenten","publisher":{"@id":"https:\/\/hydroleduc.com\/de\/#organization"},"potentialAction":[{"@type":"SearchAction","target":{"@type":"EntryPoint","urlTemplate":"https:\/\/hydroleduc.com\/de\/?s={search_term_string}"},"query-input":{"@type":"PropertyValueSpecification","valueRequired":true,"valueName":"search_term_string"}}],"inLanguage":"de"},{"@type":"Organization","@id":"https:\/\/hydroleduc.com\/de\/#organization","name":"HYDRO LEDUC","url":"https:\/\/hydroleduc.com\/de\/","logo":{"@type":"ImageObject","inLanguage":"de","@id":"https:\/\/hydroleduc.com\/de\/#\/schema\/logo\/image\/","url":"https:\/\/hydroleduc.com\/de\/wp-content\/uploads\/2025\/01\/logo-hydroleduc.png","contentUrl":"https:\/\/hydroleduc.com\/de\/wp-content\/uploads\/2025\/01\/logo-hydroleduc.png","width":366,"height":148,"caption":"HYDRO LEDUC"},"image":{"@id":"https:\/\/hydroleduc.com\/de\/#\/schema\/logo\/image\/"}}]}},"_links":{"self":[{"href":"https:\/\/hydroleduc.com\/de\/wp-json\/wp\/v2\/product\/46367","targetHints":{"allow":["GET"]}}],"collection":[{"href":"https:\/\/hydroleduc.com\/de\/wp-json\/wp\/v2\/product"}],"about":[{"href":"https:\/\/hydroleduc.com\/de\/wp-json\/wp\/v2\/types\/product"}],"wp:featuredmedia":[{"embeddable":true,"href":"https:\/\/hydroleduc.com\/de\/wp-json\/wp\/v2\/media\/46365"}],"wp:attachment":[{"href":"https:\/\/hydroleduc.com\/de\/wp-json\/wp\/v2\/media?parent=46367"}],"wp:term":[{"taxonomy":"product_brand","embeddable":true,"href":"https:\/\/hydroleduc.com\/de\/wp-json\/wp\/v2\/product_brand?post=46367"},{"taxonomy":"product_cat","embeddable":true,"href":"https:\/\/hydroleduc.com\/de\/wp-json\/wp\/v2\/product_cat?post=46367"},{"taxonomy":"product_tag","embeddable":true,"href":"https:\/\/hydroleduc.com\/de\/wp-json\/wp\/v2\/product_tag?post=46367"}],"curies":[{"name":"wp","href":"https:\/\/api.w.org\/{rel}","templated":true}]}}