{"id":46369,"date":"2026-02-26T14:02:23","date_gmt":"2026-02-26T13:02:23","guid":{"rendered":"https:\/\/hydroleduc.com\/de\/?post_type=product&#038;p=46369"},"modified":"2026-02-26T14:04:20","modified_gmt":"2026-02-26T13:04:20","slug":"egp-internal","status":"publish","type":"product","link":"https:\/\/hydroleduc.com\/de\/fiches\/egp-internal\/","title":{"rendered":"EGP Internal"},"content":{"rendered":"<p><strong>Produktbeschreibung\u00a0:<\/strong><\/p>\n<p>Entdecken Sie die EGP Internal, eine kompakte und leistungsstarke elektrohydraulische Pumpeneinheit, die eine leise und effiziente L\u00f6sung bietet und perfekt f\u00fcr anspruchsvolle mobile und industrielle Umgebungen geeignet ist.<\/p>\n<p>Durch die Kombination eines dreiphasigen b\u00fcrstenlosen ME175\u2011Elektromotors mit einer Innenzahnradpumpe gew\u00e4hrleistet die EGP Internal einen hervorragenden Gesamtwirkungsgrad, einen niedrigen Ger\u00e4uschpegel und hohe Robustheit. Ihr modularer Aufbau und der geringe Platzbedarf erm\u00f6glichen eine schnelle und optimierte Integration in eine Vielzahl hydraulischer Anwendungen.<\/p>\n<p>Dank ihres hocheffizienten Antriebs, der f\u00fcr den Dauerbetrieb ausgelegt ist, sowie ihrer stabilen hydraulischen Eigenschaften ist die EGP Internal die ideale L\u00f6sung f\u00fcr elektrifizierte Systeme, die Leistung, Kompaktheit und Zuverl\u00e4ssigkeit erfordern.<\/p>\n<p>&nbsp;<\/p>\n<p><strong>Merkmale und Vorteile\u00a0:<\/strong><\/p>\n<ul>\n<li>Motorisierung: Dreiphasiger b\u00fcrstenloser ME175\u2011Motor f\u00fcr hohe und langlebige Leistung<\/li>\n<li>Pumpe: Innenzahnradpumpe f\u00fcr leisen Betrieb und optimierte Effizienz<\/li>\n<li>Kompakte und modulare Bauweise f\u00fcr eine einfache Integration in Maschinen<\/li>\n<li>Hervorragendes Verh\u00e4ltnis zwischen Durchfluss, Druck und Energieverbrauch<\/li>\n<li>Geeignet f\u00fcr mobile und industrielle Hydraulikanwendungen<\/li>\n<li>Ausgelegt f\u00fcr maximale Robustheit in anspruchsvollen Umgebungen<\/li>\n<\/ul>\n<p>&nbsp;<\/p>\n<p><strong>Technische Daten<\/strong><\/p>\n<p><em>Pumpenseite (Innenzahnradpumpe):<\/em><\/p>\n<ul>\n<li>Verf\u00fcgbare Verdr\u00e4ngungen: 3,6 \/ 5,2 \/ 6,4 \/ 8,2 \/ 10,2 cm\u00b3\/U<\/li>\n<li>Maximaler Dauerbetriebsdruck: 330 bar<\/li>\n<li>Spitzendruck: 345 bar<\/li>\n<li>Maximaler Durchfluss: bis zu 36 l\/min je nach Version<\/li>\n<li>Drehzahl: 3600 U\/min<\/li>\n<li>Mindestdrehzahl: 400 U\/min<\/li>\n<li>Maximaldrehzahl: 3600 U\/min<\/li>\n<\/ul>\n<p>&nbsp;<\/p>\n<p><em>Motorseite:<\/em><\/p>\n<ul>\n<li>Verf\u00fcgbare Spannungen: 24 Vdc \/ 48 Vdc \/ 96 Vdc \/ weitere auf Anfrage<\/li>\n<li>Maximaler Strom: 230 bis 453 A je nach Konfiguration<\/li>\n<\/ul>\n<p>&nbsp;<\/p>\n<p><strong>Anwendungensbereiche\u00a0:<\/strong><\/p>\n<ul>\n<li>Nutzfahrzeuge: Transporter, mobile Servicefahrzeuge<\/li>\n<li>Mobile Hydraulik: Lkw\u2011Aufbaukrane, Gelenkarme, elektrische Nebenantriebe (ePTO), Verteidigungssektor<\/li>\n<li>Industrieanlagen: kompakte Hydraulikaggregate, Pr\u00fcfst\u00e4nde, automatisierte Maschinen<\/li>\n<\/ul>\n","protected":false},"excerpt":{"rendered":"<p><a href=\"https:\/\/hydroleduc.com\/de\/wp-content\/uploads\/2026\/02\/FICHE-TECHNIQUE_EGP_DE.pdf\">Datenblatt EGP Internal<\/a><\/p>\n","protected":false},"featured_media":46364,"template":"","meta":[],"product_brand":[],"product_cat":[53,46,26],"product_tag":[],"class_list":{"0":"post-46369","1":"product","2":"type-product","3":"status-publish","4":"has-post-thumbnail","6":"product_cat-elektropumpeneinheit","7":"product_cat-hydraulikpumpen","8":"product_cat-nutzfahrzeughydraulik","10":"first","11":"instock","12":"shipping-taxable","13":"product-type-simple"},"yoast_head":"<!-- This site is optimized with the Yoast SEO plugin v27.2 - https:\/\/yoast.com\/product\/yoast-seo-wordpress\/ -->\n<title>EGP Internal \u2013 Kompaktes Elektropumpenaggregat<\/title>\n<meta name=\"description\" content=\"Entdecken Sie die EGP Internal, ein kompaktes und leises Elektropumpenaggregat mit einem b\u00fcrstenlosen ME175 Motor und einer Innenzahnradpumpe \u2013 ideal f\u00fcr mobile Hydraulikanwendungen.\" \/>\n<meta name=\"robots\" content=\"index, follow, max-snippet:-1, max-image-preview:large, max-video-preview:-1\" \/>\n<link rel=\"canonical\" href=\"https:\/\/hydroleduc.com\/de\/fiches\/egp-internal\/\" \/>\n<meta property=\"og:locale\" content=\"de_DE\" \/>\n<meta property=\"og:type\" content=\"article\" \/>\n<meta property=\"og:title\" content=\"EGP Internal \u2013 Kompaktes Elektropumpenaggregat\" \/>\n<meta property=\"og:description\" content=\"Entdecken Sie die EGP Internal, ein kompaktes und leises Elektropumpenaggregat mit einem b\u00fcrstenlosen ME175 Motor und einer Innenzahnradpumpe \u2013 ideal f\u00fcr mobile Hydraulikanwendungen.\" \/>\n<meta property=\"og:url\" content=\"https:\/\/hydroleduc.com\/de\/fiches\/egp-internal\/\" \/>\n<meta property=\"og:site_name\" content=\"HYDRO LEDUC\" \/>\n<meta property=\"article:modified_time\" content=\"2026-02-26T13:04:20+00:00\" \/>\n<meta property=\"og:image\" content=\"https:\/\/hydroleduc.com\/de\/wp-content\/uploads\/2026\/02\/egp-internal-pump.png\" \/>\n\t<meta property=\"og:image:width\" content=\"2048\" \/>\n\t<meta property=\"og:image:height\" content=\"1536\" \/>\n\t<meta property=\"og:image:type\" content=\"image\/png\" \/>\n<meta name=\"twitter:card\" content=\"summary_large_image\" \/>\n<meta name=\"twitter:label1\" content=\"Gesch\u00e4tzte Lesezeit\" \/>\n\t<meta name=\"twitter:data1\" content=\"2\u00a0Minuten\" \/>\n<script type=\"application\/ld+json\" class=\"yoast-schema-graph\">{\"@context\":\"https:\/\/schema.org\",\"@graph\":[{\"@type\":\"WebPage\",\"@id\":\"https:\/\/hydroleduc.com\/de\/fiches\/egp-internal\/\",\"url\":\"https:\/\/hydroleduc.com\/de\/fiches\/egp-internal\/\",\"name\":\"EGP Internal \u2013 Kompaktes Elektropumpenaggregat\",\"isPartOf\":{\"@id\":\"https:\/\/hydroleduc.com\/de\/#website\"},\"primaryImageOfPage\":{\"@id\":\"https:\/\/hydroleduc.com\/de\/fiches\/egp-internal\/#primaryimage\"},\"image\":{\"@id\":\"https:\/\/hydroleduc.com\/de\/fiches\/egp-internal\/#primaryimage\"},\"thumbnailUrl\":\"https:\/\/hydroleduc.com\/de\/wp-content\/uploads\/2026\/02\/egp-internal-pump.png\",\"datePublished\":\"2026-02-26T13:02:23+00:00\",\"dateModified\":\"2026-02-26T13:04:20+00:00\",\"description\":\"Entdecken Sie die EGP Internal, ein kompaktes und leises Elektropumpenaggregat mit einem b\u00fcrstenlosen ME175 Motor und einer Innenzahnradpumpe \u2013 ideal f\u00fcr mobile Hydraulikanwendungen.\",\"breadcrumb\":{\"@id\":\"https:\/\/hydroleduc.com\/de\/fiches\/egp-internal\/#breadcrumb\"},\"inLanguage\":\"de\",\"potentialAction\":[{\"@type\":\"ReadAction\",\"target\":[\"https:\/\/hydroleduc.com\/de\/fiches\/egp-internal\/\"]}]},{\"@type\":\"ImageObject\",\"inLanguage\":\"de\",\"@id\":\"https:\/\/hydroleduc.com\/de\/fiches\/egp-internal\/#primaryimage\",\"url\":\"https:\/\/hydroleduc.com\/de\/wp-content\/uploads\/2026\/02\/egp-internal-pump.png\",\"contentUrl\":\"https:\/\/hydroleduc.com\/de\/wp-content\/uploads\/2026\/02\/egp-internal-pump.png\",\"width\":2048,\"height\":1536,\"caption\":\"egp internal pump\"},{\"@type\":\"BreadcrumbList\",\"@id\":\"https:\/\/hydroleduc.com\/de\/fiches\/egp-internal\/#breadcrumb\",\"itemListElement\":[{\"@type\":\"ListItem\",\"position\":1,\"name\":\"Startseite\",\"item\":\"https:\/\/hydroleduc.com\/de\/\"},{\"@type\":\"ListItem\",\"position\":2,\"name\":\"Hydraulik komponenten\",\"item\":\"https:\/\/hydroleduc.com\/de\/hydraulikkomponenten\/\"},{\"@type\":\"ListItem\",\"position\":3,\"name\":\"Hydraulikpumpen\",\"item\":\"https:\/\/hydroleduc.com\/de\/hydraulikkomponenten\/hydraulikpumpen\/\"},{\"@type\":\"ListItem\",\"position\":4,\"name\":\"Elektropumpeneinheit\",\"item\":\"https:\/\/hydroleduc.com\/de\/hydraulikkomponenten\/hydraulikpumpen\/elektropumpeneinheit\/\"},{\"@type\":\"ListItem\",\"position\":5,\"name\":\"EGP Internal\"}]},{\"@type\":\"WebSite\",\"@id\":\"https:\/\/hydroleduc.com\/de\/#website\",\"url\":\"https:\/\/hydroleduc.com\/de\/\",\"name\":\"HYDRO LEDUC\",\"description\":\"Hersteller von Hydraulikkomponenten\",\"publisher\":{\"@id\":\"https:\/\/hydroleduc.com\/de\/#organization\"},\"potentialAction\":[{\"@type\":\"SearchAction\",\"target\":{\"@type\":\"EntryPoint\",\"urlTemplate\":\"https:\/\/hydroleduc.com\/de\/?s={search_term_string}\"},\"query-input\":{\"@type\":\"PropertyValueSpecification\",\"valueRequired\":true,\"valueName\":\"search_term_string\"}}],\"inLanguage\":\"de\"},{\"@type\":\"Organization\",\"@id\":\"https:\/\/hydroleduc.com\/de\/#organization\",\"name\":\"HYDRO LEDUC\",\"url\":\"https:\/\/hydroleduc.com\/de\/\",\"logo\":{\"@type\":\"ImageObject\",\"inLanguage\":\"de\",\"@id\":\"https:\/\/hydroleduc.com\/de\/#\/schema\/logo\/image\/\",\"url\":\"https:\/\/hydroleduc.com\/de\/wp-content\/uploads\/2025\/01\/logo-hydroleduc.png\",\"contentUrl\":\"https:\/\/hydroleduc.com\/de\/wp-content\/uploads\/2025\/01\/logo-hydroleduc.png\",\"width\":366,\"height\":148,\"caption\":\"HYDRO LEDUC\"},\"image\":{\"@id\":\"https:\/\/hydroleduc.com\/de\/#\/schema\/logo\/image\/\"}}]}<\/script>\n<!-- \/ Yoast SEO plugin. -->","yoast_head_json":{"title":"EGP Internal \u2013 Kompaktes Elektropumpenaggregat","description":"Entdecken Sie die EGP Internal, ein kompaktes und leises Elektropumpenaggregat mit einem b\u00fcrstenlosen ME175 Motor und einer Innenzahnradpumpe \u2013 ideal f\u00fcr mobile Hydraulikanwendungen.","robots":{"index":"index","follow":"follow","max-snippet":"max-snippet:-1","max-image-preview":"max-image-preview:large","max-video-preview":"max-video-preview:-1"},"canonical":"https:\/\/hydroleduc.com\/de\/fiches\/egp-internal\/","og_locale":"de_DE","og_type":"article","og_title":"EGP Internal \u2013 Kompaktes Elektropumpenaggregat","og_description":"Entdecken Sie die EGP Internal, ein kompaktes und leises Elektropumpenaggregat mit einem b\u00fcrstenlosen ME175 Motor und einer Innenzahnradpumpe \u2013 ideal f\u00fcr mobile Hydraulikanwendungen.","og_url":"https:\/\/hydroleduc.com\/de\/fiches\/egp-internal\/","og_site_name":"HYDRO LEDUC","article_modified_time":"2026-02-26T13:04:20+00:00","og_image":[{"width":2048,"height":1536,"url":"https:\/\/hydroleduc.com\/de\/wp-content\/uploads\/2026\/02\/egp-internal-pump.png","type":"image\/png"}],"twitter_card":"summary_large_image","twitter_misc":{"Gesch\u00e4tzte Lesezeit":"2\u00a0Minuten"},"schema":{"@context":"https:\/\/schema.org","@graph":[{"@type":"WebPage","@id":"https:\/\/hydroleduc.com\/de\/fiches\/egp-internal\/","url":"https:\/\/hydroleduc.com\/de\/fiches\/egp-internal\/","name":"EGP Internal \u2013 Kompaktes Elektropumpenaggregat","isPartOf":{"@id":"https:\/\/hydroleduc.com\/de\/#website"},"primaryImageOfPage":{"@id":"https:\/\/hydroleduc.com\/de\/fiches\/egp-internal\/#primaryimage"},"image":{"@id":"https:\/\/hydroleduc.com\/de\/fiches\/egp-internal\/#primaryimage"},"thumbnailUrl":"https:\/\/hydroleduc.com\/de\/wp-content\/uploads\/2026\/02\/egp-internal-pump.png","datePublished":"2026-02-26T13:02:23+00:00","dateModified":"2026-02-26T13:04:20+00:00","description":"Entdecken Sie die EGP Internal, ein kompaktes und leises Elektropumpenaggregat mit einem b\u00fcrstenlosen ME175 Motor und einer Innenzahnradpumpe \u2013 ideal f\u00fcr mobile Hydraulikanwendungen.","breadcrumb":{"@id":"https:\/\/hydroleduc.com\/de\/fiches\/egp-internal\/#breadcrumb"},"inLanguage":"de","potentialAction":[{"@type":"ReadAction","target":["https:\/\/hydroleduc.com\/de\/fiches\/egp-internal\/"]}]},{"@type":"ImageObject","inLanguage":"de","@id":"https:\/\/hydroleduc.com\/de\/fiches\/egp-internal\/#primaryimage","url":"https:\/\/hydroleduc.com\/de\/wp-content\/uploads\/2026\/02\/egp-internal-pump.png","contentUrl":"https:\/\/hydroleduc.com\/de\/wp-content\/uploads\/2026\/02\/egp-internal-pump.png","width":2048,"height":1536,"caption":"egp internal pump"},{"@type":"BreadcrumbList","@id":"https:\/\/hydroleduc.com\/de\/fiches\/egp-internal\/#breadcrumb","itemListElement":[{"@type":"ListItem","position":1,"name":"Startseite","item":"https:\/\/hydroleduc.com\/de\/"},{"@type":"ListItem","position":2,"name":"Hydraulik komponenten","item":"https:\/\/hydroleduc.com\/de\/hydraulikkomponenten\/"},{"@type":"ListItem","position":3,"name":"Hydraulikpumpen","item":"https:\/\/hydroleduc.com\/de\/hydraulikkomponenten\/hydraulikpumpen\/"},{"@type":"ListItem","position":4,"name":"Elektropumpeneinheit","item":"https:\/\/hydroleduc.com\/de\/hydraulikkomponenten\/hydraulikpumpen\/elektropumpeneinheit\/"},{"@type":"ListItem","position":5,"name":"EGP Internal"}]},{"@type":"WebSite","@id":"https:\/\/hydroleduc.com\/de\/#website","url":"https:\/\/hydroleduc.com\/de\/","name":"HYDRO LEDUC","description":"Hersteller von Hydraulikkomponenten","publisher":{"@id":"https:\/\/hydroleduc.com\/de\/#organization"},"potentialAction":[{"@type":"SearchAction","target":{"@type":"EntryPoint","urlTemplate":"https:\/\/hydroleduc.com\/de\/?s={search_term_string}"},"query-input":{"@type":"PropertyValueSpecification","valueRequired":true,"valueName":"search_term_string"}}],"inLanguage":"de"},{"@type":"Organization","@id":"https:\/\/hydroleduc.com\/de\/#organization","name":"HYDRO LEDUC","url":"https:\/\/hydroleduc.com\/de\/","logo":{"@type":"ImageObject","inLanguage":"de","@id":"https:\/\/hydroleduc.com\/de\/#\/schema\/logo\/image\/","url":"https:\/\/hydroleduc.com\/de\/wp-content\/uploads\/2025\/01\/logo-hydroleduc.png","contentUrl":"https:\/\/hydroleduc.com\/de\/wp-content\/uploads\/2025\/01\/logo-hydroleduc.png","width":366,"height":148,"caption":"HYDRO LEDUC"},"image":{"@id":"https:\/\/hydroleduc.com\/de\/#\/schema\/logo\/image\/"}}]}},"_links":{"self":[{"href":"https:\/\/hydroleduc.com\/de\/wp-json\/wp\/v2\/product\/46369","targetHints":{"allow":["GET"]}}],"collection":[{"href":"https:\/\/hydroleduc.com\/de\/wp-json\/wp\/v2\/product"}],"about":[{"href":"https:\/\/hydroleduc.com\/de\/wp-json\/wp\/v2\/types\/product"}],"wp:featuredmedia":[{"embeddable":true,"href":"https:\/\/hydroleduc.com\/de\/wp-json\/wp\/v2\/media\/46364"}],"wp:attachment":[{"href":"https:\/\/hydroleduc.com\/de\/wp-json\/wp\/v2\/media?parent=46369"}],"wp:term":[{"taxonomy":"product_brand","embeddable":true,"href":"https:\/\/hydroleduc.com\/de\/wp-json\/wp\/v2\/product_brand?post=46369"},{"taxonomy":"product_cat","embeddable":true,"href":"https:\/\/hydroleduc.com\/de\/wp-json\/wp\/v2\/product_cat?post=46369"},{"taxonomy":"product_tag","embeddable":true,"href":"https:\/\/hydroleduc.com\/de\/wp-json\/wp\/v2\/product_tag?post=46369"}],"curies":[{"name":"wp","href":"https:\/\/api.w.org\/{rel}","templated":true}]}}