{"id":1123,"date":"2025-01-30T15:19:53","date_gmt":"2025-01-30T14:19:53","guid":{"rendered":"https:\/\/hydroleduc.com\/en\/?post_type=product&#038;p=1123"},"modified":"2025-10-17T14:31:46","modified_gmt":"2025-10-17T12:31:46","slug":"w-wa-series-pump","status":"publish","type":"product","link":"https:\/\/hydroleduc.com\/en\/fiches\/w-wa-series-pump\/","title":{"rendered":"W-WA series pump"},"content":{"rendered":"<p><span style=\"text-decoration: underline;\">Description of the product<\/span>\u00a0:<\/p>\n<p>The W\/WA pumps have been developed to meet the needs of both the industrial and the mobile hydraulic market.<br \/>\nThe W series (ISO version) is available in displacements from 5 to 180 cc\/rev.<br \/>\nThe WA series (SAE version) is available in displacements from 12 to 180 cc\/rev.<\/p>\n<p><span style=\"text-decoration: underline;\">Characteristics and advantages<\/span>\u00a0:<\/p>\n<ul>\n<li>high efficiency,<\/li>\n<li>high speed (from 150 to up to 3000 rpm depending on the model),<\/li>\n<li>max. pressure up to 400 bar continuous (450 bar peak) while maintaining a high global efficiency and low noise level,<\/li>\n<li>self-priming and self-suction,<\/li>\n<li>FKM seals as standard (NBR as an option),<\/li>\n<li>7 piston technology to reduce pulsations,<\/li>\n<li>available with keyed or splined shaft,<\/li>\n<li>speed sensor as an option on request.<\/li>\n<\/ul>\n<p><span style=\"text-decoration: underline;\">Applications<\/span> :<\/p>\n<ul>\n<li>hydraulic power pack,<\/li>\n<li>power supply units for machine tools,<\/li>\n<li>public works equipment,<\/li>\n<li>drilling equipment,<\/li>\n<li>hydromechanically controlled machines etc&#8230;<\/li>\n<\/ul>\n<blockquote><p>For the dimensions or for the type of shaft (keyed or splined) please consult the W pump catalogue.<\/p><\/blockquote>\n","protected":false},"excerpt":{"rendered":"<p><a href=\"https:\/\/qrco.de\/W-WA-PUMPS\">W-WA pumps serie<\/a><\/p>\n<p>&nbsp;<\/p>\n","protected":false},"featured_media":3167,"template":"","meta":[],"product_brand":[],"product_cat":[27,46,29,52],"product_tag":[],"class_list":{"0":"post-1123","1":"product","2":"type-product","3":"status-publish","4":"has-post-thumbnail","6":"product_cat-construction-equipment","7":"product_cat-hydraulic-pumps","8":"product_cat-industry","9":"product_cat-mobile-and-industrial-pumps","11":"first","12":"instock","13":"shipping-taxable","14":"product-type-simple"},"yoast_head":"<!-- This site is optimized with the Yoast SEO plugin v27.4 - https:\/\/yoast.com\/product\/yoast-seo-wordpress\/ -->\n<title>W-WA series pump - HYDRO LEDUC<\/title>\n<meta name=\"description\" content=\"Les pompes W-WA ont \u00e9t\u00e9 d\u00e9velopp\u00e9es pour satisfaire les besoins de l\u2019hydraulique stationnaire ainsi que les besoins de l\u2019hydraulique mobile.\" \/>\n<meta name=\"robots\" content=\"index, follow, max-snippet:-1, max-image-preview:large, max-video-preview:-1\" \/>\n<link rel=\"canonical\" href=\"https:\/\/hydroleduc.com\/en\/fiches\/w-wa-series-pump\/\" \/>\n<meta property=\"og:locale\" content=\"en_US\" \/>\n<meta property=\"og:type\" content=\"article\" \/>\n<meta property=\"og:title\" content=\"W-WA series pump - HYDRO LEDUC\" \/>\n<meta property=\"og:description\" content=\"Les pompes W-WA ont \u00e9t\u00e9 d\u00e9velopp\u00e9es pour satisfaire les besoins de l\u2019hydraulique stationnaire ainsi que les besoins de l\u2019hydraulique mobile.\" \/>\n<meta property=\"og:url\" content=\"https:\/\/hydroleduc.com\/en\/fiches\/w-wa-series-pump\/\" \/>\n<meta property=\"og:site_name\" content=\"HYDRO LEDUC\" \/>\n<meta property=\"article:modified_time\" content=\"2025-10-17T12:31:46+00:00\" \/>\n<meta property=\"og:image\" content=\"https:\/\/hydroleduc.com\/en\/wp-content\/uploads\/2019\/02\/hydroleduc_pompe_w-826x1024.png\" \/>\n\t<meta property=\"og:image:width\" content=\"826\" \/>\n\t<meta property=\"og:image:height\" content=\"1024\" \/>\n\t<meta property=\"og:image:type\" content=\"image\/png\" \/>\n<meta name=\"twitter:card\" content=\"summary_large_image\" \/>\n<meta name=\"twitter:label1\" content=\"Est. reading time\" \/>\n\t<meta name=\"twitter:data1\" content=\"1 minute\" \/>\n<script type=\"application\/ld+json\" class=\"yoast-schema-graph\">{\"@context\":\"https:\\\/\\\/schema.org\",\"@graph\":[{\"@type\":\"WebPage\",\"@id\":\"https:\\\/\\\/hydroleduc.com\\\/en\\\/fiches\\\/w-wa-series-pump\\\/\",\"url\":\"https:\\\/\\\/hydroleduc.com\\\/en\\\/fiches\\\/w-wa-series-pump\\\/\",\"name\":\"W-WA series pump - HYDRO LEDUC\",\"isPartOf\":{\"@id\":\"https:\\\/\\\/hydroleduc.com\\\/en\\\/#website\"},\"primaryImageOfPage\":{\"@id\":\"https:\\\/\\\/hydroleduc.com\\\/en\\\/fiches\\\/w-wa-series-pump\\\/#primaryimage\"},\"image\":{\"@id\":\"https:\\\/\\\/hydroleduc.com\\\/en\\\/fiches\\\/w-wa-series-pump\\\/#primaryimage\"},\"thumbnailUrl\":\"https:\\\/\\\/hydroleduc.com\\\/en\\\/wp-content\\\/uploads\\\/2019\\\/02\\\/hydroleduc_pompe_w.png\",\"datePublished\":\"2025-01-30T14:19:53+00:00\",\"dateModified\":\"2025-10-17T12:31:46+00:00\",\"description\":\"Les pompes W-WA ont \u00e9t\u00e9 d\u00e9velopp\u00e9es pour satisfaire les besoins de l\u2019hydraulique stationnaire ainsi que les besoins de l\u2019hydraulique mobile.\",\"breadcrumb\":{\"@id\":\"https:\\\/\\\/hydroleduc.com\\\/en\\\/fiches\\\/w-wa-series-pump\\\/#breadcrumb\"},\"inLanguage\":\"en-US\",\"potentialAction\":[{\"@type\":\"ReadAction\",\"target\":[\"https:\\\/\\\/hydroleduc.com\\\/en\\\/fiches\\\/w-wa-series-pump\\\/\"]}]},{\"@type\":\"ImageObject\",\"inLanguage\":\"en-US\",\"@id\":\"https:\\\/\\\/hydroleduc.com\\\/en\\\/fiches\\\/w-wa-series-pump\\\/#primaryimage\",\"url\":\"https:\\\/\\\/hydroleduc.com\\\/en\\\/wp-content\\\/uploads\\\/2019\\\/02\\\/hydroleduc_pompe_w.png\",\"contentUrl\":\"https:\\\/\\\/hydroleduc.com\\\/en\\\/wp-content\\\/uploads\\\/2019\\\/02\\\/hydroleduc_pompe_w.png\",\"width\":2560,\"height\":3173,\"caption\":\"hydroleduc pompe w\"},{\"@type\":\"BreadcrumbList\",\"@id\":\"https:\\\/\\\/hydroleduc.com\\\/en\\\/fiches\\\/w-wa-series-pump\\\/#breadcrumb\",\"itemListElement\":[{\"@type\":\"ListItem\",\"position\":1,\"name\":\"Home\",\"item\":\"https:\\\/\\\/hydroleduc.com\\\/en\\\/\"},{\"@type\":\"ListItem\",\"position\":2,\"name\":\"Hydraulic components\",\"item\":\"https:\\\/\\\/hydroleduc.com\\\/en\\\/hydraulic-components\\\/\"},{\"@type\":\"ListItem\",\"position\":3,\"name\":\"Hydraulic pumps\",\"item\":\"https:\\\/\\\/hydroleduc.com\\\/en\\\/hydraulic-components\\\/hydraulic-pumps\\\/\"},{\"@type\":\"ListItem\",\"position\":4,\"name\":\"Mobile and industrial pumps\",\"item\":\"https:\\\/\\\/hydroleduc.com\\\/en\\\/hydraulic-components\\\/hydraulic-pumps\\\/mobile-and-industrial-pumps\\\/\"},{\"@type\":\"ListItem\",\"position\":5,\"name\":\"W-WA series pump\"}]},{\"@type\":\"WebSite\",\"@id\":\"https:\\\/\\\/hydroleduc.com\\\/en\\\/#website\",\"url\":\"https:\\\/\\\/hydroleduc.com\\\/en\\\/\",\"name\":\"HYDRO LEDUC\",\"description\":\"Hydraulic components manufacturer\",\"publisher\":{\"@id\":\"https:\\\/\\\/hydroleduc.com\\\/en\\\/#organization\"},\"potentialAction\":[{\"@type\":\"SearchAction\",\"target\":{\"@type\":\"EntryPoint\",\"urlTemplate\":\"https:\\\/\\\/hydroleduc.com\\\/en\\\/?s={search_term_string}\"},\"query-input\":{\"@type\":\"PropertyValueSpecification\",\"valueRequired\":true,\"valueName\":\"search_term_string\"}}],\"inLanguage\":\"en-US\"},{\"@type\":\"Organization\",\"@id\":\"https:\\\/\\\/hydroleduc.com\\\/en\\\/#organization\",\"name\":\"HYDRO LEDUC\",\"url\":\"https:\\\/\\\/hydroleduc.com\\\/en\\\/\",\"logo\":{\"@type\":\"ImageObject\",\"inLanguage\":\"en-US\",\"@id\":\"https:\\\/\\\/hydroleduc.com\\\/en\\\/#\\\/schema\\\/logo\\\/image\\\/\",\"url\":\"https:\\\/\\\/hydroleduc.com\\\/en\\\/wp-content\\\/uploads\\\/2025\\\/01\\\/logo-hydroleduc.png\",\"contentUrl\":\"https:\\\/\\\/hydroleduc.com\\\/en\\\/wp-content\\\/uploads\\\/2025\\\/01\\\/logo-hydroleduc.png\",\"width\":366,\"height\":148,\"caption\":\"HYDRO LEDUC\"},\"image\":{\"@id\":\"https:\\\/\\\/hydroleduc.com\\\/en\\\/#\\\/schema\\\/logo\\\/image\\\/\"}}]}<\/script>\n<!-- \/ Yoast SEO plugin. -->","yoast_head_json":{"title":"W-WA series pump - HYDRO LEDUC","description":"Les pompes W-WA ont \u00e9t\u00e9 d\u00e9velopp\u00e9es pour satisfaire les besoins de l\u2019hydraulique stationnaire ainsi que les besoins de l\u2019hydraulique mobile.","robots":{"index":"index","follow":"follow","max-snippet":"max-snippet:-1","max-image-preview":"max-image-preview:large","max-video-preview":"max-video-preview:-1"},"canonical":"https:\/\/hydroleduc.com\/en\/fiches\/w-wa-series-pump\/","og_locale":"en_US","og_type":"article","og_title":"W-WA series pump - HYDRO LEDUC","og_description":"Les pompes W-WA ont \u00e9t\u00e9 d\u00e9velopp\u00e9es pour satisfaire les besoins de l\u2019hydraulique stationnaire ainsi que les besoins de l\u2019hydraulique mobile.","og_url":"https:\/\/hydroleduc.com\/en\/fiches\/w-wa-series-pump\/","og_site_name":"HYDRO LEDUC","article_modified_time":"2025-10-17T12:31:46+00:00","og_image":[{"width":826,"height":1024,"url":"https:\/\/hydroleduc.com\/en\/wp-content\/uploads\/2019\/02\/hydroleduc_pompe_w-826x1024.png","type":"image\/png"}],"twitter_card":"summary_large_image","twitter_misc":{"Est. reading time":"1 minute"},"schema":{"@context":"https:\/\/schema.org","@graph":[{"@type":"WebPage","@id":"https:\/\/hydroleduc.com\/en\/fiches\/w-wa-series-pump\/","url":"https:\/\/hydroleduc.com\/en\/fiches\/w-wa-series-pump\/","name":"W-WA series pump - HYDRO LEDUC","isPartOf":{"@id":"https:\/\/hydroleduc.com\/en\/#website"},"primaryImageOfPage":{"@id":"https:\/\/hydroleduc.com\/en\/fiches\/w-wa-series-pump\/#primaryimage"},"image":{"@id":"https:\/\/hydroleduc.com\/en\/fiches\/w-wa-series-pump\/#primaryimage"},"thumbnailUrl":"https:\/\/hydroleduc.com\/en\/wp-content\/uploads\/2019\/02\/hydroleduc_pompe_w.png","datePublished":"2025-01-30T14:19:53+00:00","dateModified":"2025-10-17T12:31:46+00:00","description":"Les pompes W-WA ont \u00e9t\u00e9 d\u00e9velopp\u00e9es pour satisfaire les besoins de l\u2019hydraulique stationnaire ainsi que les besoins de l\u2019hydraulique mobile.","breadcrumb":{"@id":"https:\/\/hydroleduc.com\/en\/fiches\/w-wa-series-pump\/#breadcrumb"},"inLanguage":"en-US","potentialAction":[{"@type":"ReadAction","target":["https:\/\/hydroleduc.com\/en\/fiches\/w-wa-series-pump\/"]}]},{"@type":"ImageObject","inLanguage":"en-US","@id":"https:\/\/hydroleduc.com\/en\/fiches\/w-wa-series-pump\/#primaryimage","url":"https:\/\/hydroleduc.com\/en\/wp-content\/uploads\/2019\/02\/hydroleduc_pompe_w.png","contentUrl":"https:\/\/hydroleduc.com\/en\/wp-content\/uploads\/2019\/02\/hydroleduc_pompe_w.png","width":2560,"height":3173,"caption":"hydroleduc pompe w"},{"@type":"BreadcrumbList","@id":"https:\/\/hydroleduc.com\/en\/fiches\/w-wa-series-pump\/#breadcrumb","itemListElement":[{"@type":"ListItem","position":1,"name":"Home","item":"https:\/\/hydroleduc.com\/en\/"},{"@type":"ListItem","position":2,"name":"Hydraulic components","item":"https:\/\/hydroleduc.com\/en\/hydraulic-components\/"},{"@type":"ListItem","position":3,"name":"Hydraulic pumps","item":"https:\/\/hydroleduc.com\/en\/hydraulic-components\/hydraulic-pumps\/"},{"@type":"ListItem","position":4,"name":"Mobile and industrial pumps","item":"https:\/\/hydroleduc.com\/en\/hydraulic-components\/hydraulic-pumps\/mobile-and-industrial-pumps\/"},{"@type":"ListItem","position":5,"name":"W-WA series pump"}]},{"@type":"WebSite","@id":"https:\/\/hydroleduc.com\/en\/#website","url":"https:\/\/hydroleduc.com\/en\/","name":"HYDRO LEDUC","description":"Hydraulic components manufacturer","publisher":{"@id":"https:\/\/hydroleduc.com\/en\/#organization"},"potentialAction":[{"@type":"SearchAction","target":{"@type":"EntryPoint","urlTemplate":"https:\/\/hydroleduc.com\/en\/?s={search_term_string}"},"query-input":{"@type":"PropertyValueSpecification","valueRequired":true,"valueName":"search_term_string"}}],"inLanguage":"en-US"},{"@type":"Organization","@id":"https:\/\/hydroleduc.com\/en\/#organization","name":"HYDRO LEDUC","url":"https:\/\/hydroleduc.com\/en\/","logo":{"@type":"ImageObject","inLanguage":"en-US","@id":"https:\/\/hydroleduc.com\/en\/#\/schema\/logo\/image\/","url":"https:\/\/hydroleduc.com\/en\/wp-content\/uploads\/2025\/01\/logo-hydroleduc.png","contentUrl":"https:\/\/hydroleduc.com\/en\/wp-content\/uploads\/2025\/01\/logo-hydroleduc.png","width":366,"height":148,"caption":"HYDRO LEDUC"},"image":{"@id":"https:\/\/hydroleduc.com\/en\/#\/schema\/logo\/image\/"}}]}},"_links":{"self":[{"href":"https:\/\/hydroleduc.com\/en\/wp-json\/wp\/v2\/product\/1123","targetHints":{"allow":["GET"]}}],"collection":[{"href":"https:\/\/hydroleduc.com\/en\/wp-json\/wp\/v2\/product"}],"about":[{"href":"https:\/\/hydroleduc.com\/en\/wp-json\/wp\/v2\/types\/product"}],"wp:featuredmedia":[{"embeddable":true,"href":"https:\/\/hydroleduc.com\/en\/wp-json\/wp\/v2\/media\/3167"}],"wp:attachment":[{"href":"https:\/\/hydroleduc.com\/en\/wp-json\/wp\/v2\/media?parent=1123"}],"wp:term":[{"taxonomy":"product_brand","embeddable":true,"href":"https:\/\/hydroleduc.com\/en\/wp-json\/wp\/v2\/product_brand?post=1123"},{"taxonomy":"product_cat","embeddable":true,"href":"https:\/\/hydroleduc.com\/en\/wp-json\/wp\/v2\/product_cat?post=1123"},{"taxonomy":"product_tag","embeddable":true,"href":"https:\/\/hydroleduc.com\/en\/wp-json\/wp\/v2\/product_tag?post=1123"}],"curies":[{"name":"wp","href":"https:\/\/api.w.org\/{rel}","templated":true}]}}