{"id":423,"date":"2025-01-17T11:24:01","date_gmt":"2025-01-17T10:24:01","guid":{"rendered":"https:\/\/hydroleduc.com\/it\/?page_id=423"},"modified":"2026-04-14T10:47:28","modified_gmt":"2026-04-14T08:47:28","slug":"qualita","status":"publish","type":"page","link":"https:\/\/hydroleduc.com\/it\/chi-siamo\/qualita\/","title":{"rendered":"Qualit\u00e0"},"content":{"rendered":"\t\t<div data-elementor-type=\"wp-page\" data-elementor-id=\"423\" class=\"elementor elementor-423\" data-elementor-post-type=\"page\">\n\t\t\t\t<div class=\"elementor-element elementor-element-6ec67867 header-page e-flex e-con-boxed e-con e-parent\" data-id=\"6ec67867\" data-element_type=\"container\" data-e-type=\"container\" data-settings=\"{&quot;background_background&quot;:&quot;classic&quot;}\">\n\t\t\t\t\t<div class=\"e-con-inner\">\n\t\t\t\t<div class=\"elementor-element elementor-element-481990d7 elementor-widget elementor-widget-breadcrumbs\" data-id=\"481990d7\" data-element_type=\"widget\" data-e-type=\"widget\" data-widget_type=\"breadcrumbs.default\">\n\t\t\t\t<div class=\"elementor-widget-container\">\n\t\t\t\t\t<p id=\"breadcrumbs\"><span><span><a href=\"https:\/\/hydroleduc.com\/it\/\">Home<\/a><\/span><\/span><\/p>\t\t\t\t<\/div>\n\t\t\t\t<\/div>\n\t\t\t\t<div class=\"elementor-element elementor-element-12cf6b8b elementor-widget elementor-widget-heading\" data-id=\"12cf6b8b\" data-element_type=\"widget\" data-e-type=\"widget\" data-widget_type=\"heading.default\">\n\t\t\t\t<div class=\"elementor-widget-container\">\n\t\t\t\t\t<h1 class=\"elementor-heading-title elementor-size-default\">Qualit\u00e0<\/h1>\t\t\t\t<\/div>\n\t\t\t\t<\/div>\n\t\t\t\t\t<\/div>\n\t\t\t\t<\/div>\n\t\t<div class=\"elementor-element elementor-element-1261dd e-flex e-con-boxed e-con e-parent\" data-id=\"1261dd\" data-element_type=\"container\" data-e-type=\"container\" data-settings=\"{&quot;background_background&quot;:&quot;classic&quot;}\">\n\t\t\t\t\t<div class=\"e-con-inner\">\n\t\t\t\t<div class=\"elementor-element elementor-element-63c3268b elementor-nav-menu--dropdown-mobile elementor-nav-menu__text-align-aside elementor-nav-menu--toggle elementor-nav-menu--burger elementor-widget elementor-widget-nav-menu\" data-id=\"63c3268b\" data-element_type=\"widget\" data-e-type=\"widget\" data-settings=\"{&quot;layout&quot;:&quot;horizontal&quot;,&quot;submenu_icon&quot;:{&quot;value&quot;:&quot;&lt;svg aria-hidden=\\&quot;true\\&quot; class=\\&quot;e-font-icon-svg e-fas-caret-down\\&quot; viewBox=\\&quot;0 0 320 512\\&quot; xmlns=\\&quot;http:\\\/\\\/www.w3.org\\\/2000\\\/svg\\&quot;&gt;&lt;path d=\\&quot;M31.3 192h257.3c17.8 0 26.7 21.5 14.1 34.1L174.1 354.8c-7.8 7.8-20.5 7.8-28.3 0L17.2 226.1C4.6 213.5 13.5 192 31.3 192z\\&quot;&gt;&lt;\\\/path&gt;&lt;\\\/svg&gt;&quot;,&quot;library&quot;:&quot;fa-solid&quot;},&quot;toggle&quot;:&quot;burger&quot;}\" data-widget_type=\"nav-menu.default\">\n\t\t\t\t<div class=\"elementor-widget-container\">\n\t\t\t\t\t\t\t\t<nav aria-label=\"Menu\" class=\"elementor-nav-menu--main elementor-nav-menu__container elementor-nav-menu--layout-horizontal e--pointer-none\">\n\t\t\t\t<ul id=\"menu-1-63c3268b\" class=\"elementor-nav-menu\"><li class=\"menu-item menu-item-type-post_type menu-item-object-page menu-item-523\"><a href=\"https:\/\/hydroleduc.com\/it\/chi-siamo\/la-nostra-storia\/\" class=\"elementor-item\">La nostra storia<\/a><\/li>\n<li class=\"menu-item menu-item-type-post_type menu-item-object-page menu-item-526\"><a href=\"https:\/\/hydroleduc.com\/it\/chi-siamo\/ricerca-e-sviluppo\/\" class=\"elementor-item\">Ricerca e sviluppo<\/a><\/li>\n<li class=\"menu-item menu-item-type-post_type menu-item-object-page menu-item-524\"><a href=\"https:\/\/hydroleduc.com\/it\/chi-siamo\/produzione\/\" class=\"elementor-item\">Produzione<\/a><\/li>\n<li class=\"menu-item menu-item-type-post_type menu-item-object-page menu-item-525\"><a href=\"https:\/\/hydroleduc.com\/it\/chi-siamo\/qualita\/\" class=\"elementor-item\">Qualit\u00e0<\/a><\/li>\n<\/ul>\t\t\t<\/nav>\n\t\t\t\t\t<div class=\"elementor-menu-toggle\" role=\"button\" tabindex=\"0\" aria-label=\"Menu di commutazione\" aria-expanded=\"false\">\n\t\t\t<svg aria-hidden=\"true\" role=\"presentation\" class=\"elementor-menu-toggle__icon--open e-font-icon-svg e-fas-chevron-circle-down\" viewBox=\"0 0 512 512\" xmlns=\"http:\/\/www.w3.org\/2000\/svg\"><path d=\"M504 256c0 137-111 248-248 248S8 393 8 256 119 8 256 8s248 111 248 248zM273 369.9l135.5-135.5c9.4-9.4 9.4-24.6 0-33.9l-17-17c-9.4-9.4-24.6-9.4-33.9 0L256 285.1 154.4 183.5c-9.4-9.4-24.6-9.4-33.9 0l-17 17c-9.4 9.4-9.4 24.6 0 33.9L239 369.9c9.4 9.4 24.6 9.4 34 0z\"><\/path><\/svg><svg aria-hidden=\"true\" role=\"presentation\" class=\"elementor-menu-toggle__icon--close e-font-icon-svg e-eicon-close\" viewBox=\"0 0 1000 1000\" xmlns=\"http:\/\/www.w3.org\/2000\/svg\"><path d=\"M742 167L500 408 258 167C246 154 233 150 217 150 196 150 179 158 167 167 154 179 150 196 150 212 150 229 154 242 171 254L408 500 167 742C138 771 138 800 167 829 196 858 225 858 254 829L496 587 738 829C750 842 767 846 783 846 800 846 817 842 829 829 842 817 846 804 846 783 846 767 842 750 829 737L588 500 833 258C863 229 863 200 833 171 804 137 775 137 742 167Z\"><\/path><\/svg>\t\t<\/div>\n\t\t\t\t\t<nav class=\"elementor-nav-menu--dropdown elementor-nav-menu__container\" aria-hidden=\"true\">\n\t\t\t\t<ul id=\"menu-2-63c3268b\" class=\"elementor-nav-menu\"><li class=\"menu-item menu-item-type-post_type menu-item-object-page menu-item-523\"><a href=\"https:\/\/hydroleduc.com\/it\/chi-siamo\/la-nostra-storia\/\" class=\"elementor-item\" tabindex=\"-1\">La nostra storia<\/a><\/li>\n<li class=\"menu-item menu-item-type-post_type menu-item-object-page menu-item-526\"><a href=\"https:\/\/hydroleduc.com\/it\/chi-siamo\/ricerca-e-sviluppo\/\" class=\"elementor-item\" tabindex=\"-1\">Ricerca e sviluppo<\/a><\/li>\n<li class=\"menu-item menu-item-type-post_type menu-item-object-page menu-item-524\"><a href=\"https:\/\/hydroleduc.com\/it\/chi-siamo\/produzione\/\" class=\"elementor-item\" tabindex=\"-1\">Produzione<\/a><\/li>\n<li class=\"menu-item menu-item-type-post_type menu-item-object-page menu-item-525\"><a href=\"https:\/\/hydroleduc.com\/it\/chi-siamo\/qualita\/\" class=\"elementor-item\" tabindex=\"-1\">Qualit\u00e0<\/a><\/li>\n<\/ul>\t\t\t<\/nav>\n\t\t\t\t\t\t<\/div>\n\t\t\t\t<\/div>\n\t\t\t\t\t<\/div>\n\t\t\t\t<\/div>\n\t\t<div class=\"elementor-element elementor-element-2d90a9e1 e-flex e-con-boxed e-con e-parent\" data-id=\"2d90a9e1\" data-element_type=\"container\" data-e-type=\"container\" data-settings=\"{&quot;background_background&quot;:&quot;classic&quot;}\">\n\t\t\t\t\t<div class=\"e-con-inner\">\n\t\t\t\t<div class=\"elementor-element elementor-element-fefda5c elementor-widget elementor-widget-heading\" data-id=\"fefda5c\" data-element_type=\"widget\" data-e-type=\"widget\" data-widget_type=\"heading.default\">\n\t\t\t\t<div class=\"elementor-widget-container\">\n\t\t\t\t\t<h2 class=\"elementor-heading-title elementor-size-default\">HYDRO LEDUC TESTA IL 100% <br>DEI SUOI PRODOTTI<\/h2>\t\t\t\t<\/div>\n\t\t\t\t<\/div>\n\t\t\t\t<div class=\"elementor-element elementor-element-4505877f elementor-widget-divider--view-line elementor-widget elementor-widget-divider\" data-id=\"4505877f\" data-element_type=\"widget\" data-e-type=\"widget\" data-widget_type=\"divider.default\">\n\t\t\t\t<div class=\"elementor-widget-container\">\n\t\t\t\t\t\t\t<div class=\"elementor-divider\">\n\t\t\t<span class=\"elementor-divider-separator\">\n\t\t\t\t\t\t<\/span>\n\t\t<\/div>\n\t\t\t\t\t\t<\/div>\n\t\t\t\t<\/div>\n\t\t\t\t\t<\/div>\n\t\t\t\t<\/div>\n\t\t<div class=\"elementor-element elementor-element-dbad143 e-con-full e-flex e-con e-parent\" data-id=\"dbad143\" data-element_type=\"container\" data-e-type=\"container\">\n\t\t\t\t<div class=\"elementor-element elementor-element-d37a6f7 elementor-widget elementor-widget-image\" data-id=\"d37a6f7\" data-element_type=\"widget\" data-e-type=\"widget\" data-widget_type=\"image.default\">\n\t\t\t\t<div class=\"elementor-widget-container\">\n\t\t\t\t\t\t\t\t\t\t\t\t\t\t\t<img fetchpriority=\"high\" decoding=\"async\" width=\"1220\" height=\"606\" src=\"https:\/\/hydroleduc.com\/it\/wp-content\/uploads\/2025\/01\/hydroleduc-banc-essai-moteur.png\" class=\"attachment-full size-full wp-image-59\" alt=\"hydroleduc banc essai moteur\" srcset=\"https:\/\/hydroleduc.com\/it\/wp-content\/uploads\/2025\/01\/hydroleduc-banc-essai-moteur.png 1220w, https:\/\/hydroleduc.com\/it\/wp-content\/uploads\/2025\/01\/hydroleduc-banc-essai-moteur-600x298.png 600w, https:\/\/hydroleduc.com\/it\/wp-content\/uploads\/2025\/01\/hydroleduc-banc-essai-moteur-300x149.png 300w, https:\/\/hydroleduc.com\/it\/wp-content\/uploads\/2025\/01\/hydroleduc-banc-essai-moteur-1024x509.png 1024w, https:\/\/hydroleduc.com\/it\/wp-content\/uploads\/2025\/01\/hydroleduc-banc-essai-moteur-768x381.png 768w\" sizes=\"(max-width: 1220px) 100vw, 1220px\" \/>\t\t\t\t\t\t\t\t\t\t\t\t\t\t\t<\/div>\n\t\t\t\t<\/div>\n\t\t\t\t<\/div>\n\t\t<div class=\"elementor-element elementor-element-898e7bd e-flex e-con-boxed e-con e-parent\" data-id=\"898e7bd\" data-element_type=\"container\" data-e-type=\"container\">\n\t\t\t\t\t<div class=\"e-con-inner\">\n\t\t<div class=\"elementor-element elementor-element-99475f6 e-con-full e-flex e-con e-child\" data-id=\"99475f6\" data-element_type=\"container\" data-e-type=\"container\">\n\t\t\t\t<div class=\"elementor-element elementor-element-e950df9 elementor-widget elementor-widget-text-editor\" data-id=\"e950df9\" data-element_type=\"widget\" data-e-type=\"widget\" data-widget_type=\"text-editor.default\">\n\t\t\t\t<div class=\"elementor-widget-container\">\n\t\t\t\t\t\t\t\t\t<p data-start=\"34\" data-end=\"283\">Durante la progettazione, nei materiali, nella padronanza dei processi e dei servizi, il nostro obiettivo \u00e8 sempre superare le aspettative qualitative dei nostri clienti.<br data-start=\"192\" data-end=\"195\">Le nostre certificazioni attestano l\u2019affidabilit\u00e0 e la qualit\u00e0 dei nostri prodotti.<\/p>\n<p data-start=\"285\" data-end=\"437\">La Politica della Qualit\u00e0 di HYDRO LEDUC consiste nell\u2019attuare tutto ci\u00f2 che garantisce la soddisfazione del cliente sugli aspetti per lui fondamentali.<\/p>\n<p data-start=\"439\" data-end=\"506\">Poich\u00e9 le aspettative dei clienti evolvono nel tempo, \u00e8 essenziale:<\/p>\n<ul data-start=\"508\" data-end=\"708\">\n<li data-start=\"508\" data-end=\"544\">\n<p data-start=\"510\" data-end=\"544\">essere costantemente all\u2019ascolto<\/p>\n<\/li>\n<li data-start=\"545\" data-end=\"609\">\n<p data-start=\"547\" data-end=\"609\">misurare continuamente il livello di soddisfazione raggiunto<\/p>\n<\/li>\n<li data-start=\"610\" data-end=\"682\">\n<p data-start=\"612\" data-end=\"682\">migliorare di conseguenza i prodotti, i servizi e il sistema qualit\u00e0<\/p>\n<\/li>\n<li data-start=\"683\" data-end=\"708\">\n<p data-start=\"685\" data-end=\"708\">creare nuove soluzioni.<\/p>\n<\/li>\n<\/ul>\t\t\t\t\t\t\t\t<\/div>\n\t\t\t\t<\/div>\n\t\t\t\t<\/div>\n\t\t<div class=\"elementor-element elementor-element-db0c8d9 e-con-full e-flex e-con e-child\" data-id=\"db0c8d9\" data-element_type=\"container\" data-e-type=\"container\">\n\t\t\t\t<div class=\"elementor-element elementor-element-d1927bc elementor-widget elementor-widget-text-editor\" data-id=\"d1927bc\" data-element_type=\"widget\" data-e-type=\"widget\" data-widget_type=\"text-editor.default\">\n\t\t\t\t<div class=\"elementor-widget-container\">\n\t\t\t\t\t\t\t\t\t<p><strong data-start=\"34\" data-end=\"47\">Ambiente:<\/strong><br data-start=\"47\" data-end=\"50\" \/>L&#8217;espletazione di azioni a favore della protezione dell\u2019ambiente avviene nel rispetto delle normative vigenti e con l\u2019obiettivo di ridurre l\u2019impatto ambientale dei rifiuti e del loro smaltimento.<br data-start=\"250\" data-end=\"253\" data-is-only-node=\"\" \/>L\u2019azienda si impegna a migliorare continuamente il sistema di gestione ambientale.<br data-start=\"335\" data-end=\"338\" \/>I protagonisti del successo della politica della qualit\u00e0 e dell\u2019attenzione ambientale sono tutti i collaboratori dell\u2019azienda.<br data-start=\"455\" data-end=\"458\" \/>Sono loro a fare in modo che questa politica diventi parte integrante dello spirito aziendale.<br data-start=\"555\" data-end=\"558\" \/>Questa \u00e8 la migliore arma per garantire il successo dello sviluppo futuro dell\u2019impresa.<\/p>\t\t\t\t\t\t\t\t<\/div>\n\t\t\t\t<\/div>\n\t\t\t\t<\/div>\n\t\t\t\t\t<\/div>\n\t\t\t\t<\/div>\n\t\t<div class=\"elementor-element elementor-element-649ddc09 e-flex e-con-boxed e-con e-parent\" data-id=\"649ddc09\" data-element_type=\"container\" data-e-type=\"container\" data-settings=\"{&quot;background_background&quot;:&quot;classic&quot;}\">\n\t\t\t\t\t<div class=\"e-con-inner\">\n\t\t\t\t<div class=\"elementor-element elementor-element-dc974fd elementor-widget elementor-widget-heading\" data-id=\"dc974fd\" data-element_type=\"widget\" data-e-type=\"widget\" data-widget_type=\"heading.default\">\n\t\t\t\t<div class=\"elementor-widget-container\">\n\t\t\t\t\t<h2 class=\"elementor-heading-title elementor-size-default\">CERTIFICAZIONI<\/h2>\t\t\t\t<\/div>\n\t\t\t\t<\/div>\n\t\t\t\t<div class=\"elementor-element elementor-element-5ac99457 elementor-widget-divider--view-line elementor-widget elementor-widget-divider\" data-id=\"5ac99457\" data-element_type=\"widget\" data-e-type=\"widget\" data-widget_type=\"divider.default\">\n\t\t\t\t<div class=\"elementor-widget-container\">\n\t\t\t\t\t\t\t<div class=\"elementor-divider\">\n\t\t\t<span class=\"elementor-divider-separator\">\n\t\t\t\t\t\t<\/span>\n\t\t<\/div>\n\t\t\t\t\t\t<\/div>\n\t\t\t\t<\/div>\n\t\t\t\t\t<\/div>\n\t\t\t\t<\/div>\n\t\t<div class=\"elementor-element elementor-element-a67ed53 e-flex e-con-boxed e-con e-parent\" data-id=\"a67ed53\" data-element_type=\"container\" data-e-type=\"container\">\n\t\t\t\t\t<div class=\"e-con-inner\">\n\t\t\t\t<div class=\"elementor-element elementor-element-b257d35 elementor-widget elementor-widget-text-editor\" data-id=\"b257d35\" data-element_type=\"widget\" data-e-type=\"widget\" data-widget_type=\"text-editor.default\">\n\t\t\t\t<div class=\"elementor-widget-container\">\n\t\t\t\t\t\t\t\t\t<p><a href=\"https:\/\/hydroleduc.com\/de\/wp-content\/uploads\/2026\/02\/Certificat-EN9100-2026-2029.pdf\"><span style=\"color: #0095db;\">EN9100\u00a0: 2018<br \/><\/span><\/a><a href=\"https:\/\/hydroleduc.com\/en\/wp-content\/uploads\/2025\/01\/42000ms_fr01_HLF_2024-26.pdf\"><span style=\"color: #0095db;\">ISO9001\u00a0: 2015<br \/><\/span><\/a><a href=\"https:\/\/hydroleduc.com\/en\/wp-content\/uploads\/2025\/01\/CERTIFICATION-ISO-14001.pdf\"><span style=\"color: #0095db;\">ISO14001 : 2015<\/span><\/a><br \/><a href=\"https:\/\/hydroleduc.com\/it\/wp-content\/uploads\/2026\/02\/Moduld-D_English.pdf\">Certificato per la direttiva Attrezzature a Pressione (PED) 2014\/68\/UE allegato III Modulo D<\/a><br \/>Sito di assemblaggio a Katy (Texas, USA): <a href=\"https:\/\/hydroleduc.com\/en\/wp-content\/uploads\/2025\/01\/42000ms_fr02_HLNA_2024-26.pdf\"><span style=\"color: #0095db;\">ISO 9001 : 2015<\/span><\/a><\/p>\t\t\t\t\t\t\t\t<\/div>\n\t\t\t\t<\/div>\n\t\t\t\t\t<\/div>\n\t\t\t\t<\/div>\n\t\t\t\t<\/div>\n\t\t","protected":false},"excerpt":{"rendered":"<p>Qualit\u00e0 HYDRO LEDUC TESTA IL 100% DEI SUOI PRODOTTI Durante la progettazione, nei materiali, nella padronanza dei processi e dei servizi, il nostro obiettivo \u00e8 sempre superare le aspettative qualitative dei nostri clienti.Le nostre certificazioni attestano l\u2019affidabilit\u00e0 e la qualit\u00e0 dei nostri prodotti. La Politica della Qualit\u00e0 di HYDRO LEDUC consiste nell\u2019attuare tutto ci\u00f2 che [&hellip;]<\/p>\n","protected":false},"author":2,"featured_media":0,"parent":30,"menu_order":0,"comment_status":"closed","ping_status":"closed","template":"","meta":{"footnotes":""},"class_list":["post-423","page","type-page","status-publish","hentry"],"yoast_head":"<!-- This site is optimized with the Yoast SEO plugin v27.4 - https:\/\/yoast.com\/product\/yoast-seo-wordpress\/ -->\n<title>Componenti idraulici di qualit\u00e0 - Hydro Leduc<\/title>\n<meta name=\"description\" content=\"Hydro Leduc, la qualit\u00e0 al centro di ogni componente idraulico: innovazione, rigore e controllo in ogni fase della produzione.\" \/>\n<meta name=\"robots\" content=\"index, follow, max-snippet:-1, max-image-preview:large, max-video-preview:-1\" \/>\n<link rel=\"canonical\" href=\"https:\/\/hydroleduc.com\/it\/chi-siamo\/qualita\/\" \/>\n<meta property=\"og:locale\" content=\"it_IT\" \/>\n<meta property=\"og:type\" content=\"article\" \/>\n<meta property=\"og:title\" content=\"Componenti idraulici di qualit\u00e0 - Hydro Leduc\" \/>\n<meta property=\"og:description\" content=\"Hydro Leduc, la qualit\u00e0 al centro di ogni componente idraulico: innovazione, rigore e controllo in ogni fase della produzione.\" \/>\n<meta property=\"og:url\" content=\"https:\/\/hydroleduc.com\/it\/chi-siamo\/qualita\/\" \/>\n<meta property=\"og:site_name\" content=\"HYDRO LEDUC\" \/>\n<meta property=\"article:modified_time\" content=\"2026-04-14T08:47:28+00:00\" \/>\n<meta property=\"og:image\" content=\"https:\/\/hydroleduc.com\/it\/wp-content\/uploads\/2025\/01\/hydroleduc-banc-essai-moteur.png\" \/>\n<meta name=\"twitter:card\" content=\"summary_large_image\" \/>\n<meta name=\"twitter:label1\" content=\"Tempo di lettura stimato\" \/>\n\t<meta name=\"twitter:data1\" content=\"2 minuti\" \/>\n<script type=\"application\/ld+json\" class=\"yoast-schema-graph\">{\"@context\":\"https:\\\/\\\/schema.org\",\"@graph\":[{\"@type\":\"WebPage\",\"@id\":\"https:\\\/\\\/hydroleduc.com\\\/it\\\/chi-siamo\\\/qualita\\\/\",\"url\":\"https:\\\/\\\/hydroleduc.com\\\/it\\\/chi-siamo\\\/qualita\\\/\",\"name\":\"Componenti idraulici di qualit\u00e0 - Hydro Leduc\",\"isPartOf\":{\"@id\":\"https:\\\/\\\/hydroleduc.com\\\/it\\\/#website\"},\"primaryImageOfPage\":{\"@id\":\"https:\\\/\\\/hydroleduc.com\\\/it\\\/chi-siamo\\\/qualita\\\/#primaryimage\"},\"image\":{\"@id\":\"https:\\\/\\\/hydroleduc.com\\\/it\\\/chi-siamo\\\/qualita\\\/#primaryimage\"},\"thumbnailUrl\":\"https:\\\/\\\/hydroleduc.com\\\/it\\\/wp-content\\\/uploads\\\/2025\\\/01\\\/hydroleduc-banc-essai-moteur.png\",\"datePublished\":\"2025-01-17T10:24:01+00:00\",\"dateModified\":\"2026-04-14T08:47:28+00:00\",\"description\":\"Hydro Leduc, la qualit\u00e0 al centro di ogni componente idraulico: innovazione, rigore e controllo in ogni fase della produzione.\",\"breadcrumb\":{\"@id\":\"https:\\\/\\\/hydroleduc.com\\\/it\\\/chi-siamo\\\/qualita\\\/#breadcrumb\"},\"inLanguage\":\"it-IT\",\"potentialAction\":[{\"@type\":\"ReadAction\",\"target\":[\"https:\\\/\\\/hydroleduc.com\\\/it\\\/chi-siamo\\\/qualita\\\/\"]}]},{\"@type\":\"ImageObject\",\"inLanguage\":\"it-IT\",\"@id\":\"https:\\\/\\\/hydroleduc.com\\\/it\\\/chi-siamo\\\/qualita\\\/#primaryimage\",\"url\":\"https:\\\/\\\/hydroleduc.com\\\/it\\\/wp-content\\\/uploads\\\/2025\\\/01\\\/hydroleduc-banc-essai-moteur.png\",\"contentUrl\":\"https:\\\/\\\/hydroleduc.com\\\/it\\\/wp-content\\\/uploads\\\/2025\\\/01\\\/hydroleduc-banc-essai-moteur.png\",\"width\":1220,\"height\":606,\"caption\":\"hydroleduc banc essai moteur\"},{\"@type\":\"BreadcrumbList\",\"@id\":\"https:\\\/\\\/hydroleduc.com\\\/it\\\/chi-siamo\\\/qualita\\\/#breadcrumb\",\"itemListElement\":[{\"@type\":\"ListItem\",\"position\":1,\"name\":\"Home\",\"item\":\"https:\\\/\\\/hydroleduc.com\\\/it\\\/\"},{\"@type\":\"ListItem\",\"position\":2,\"name\":\"Chi siamo\",\"item\":\"https:\\\/\\\/hydroleduc.com\\\/it\\\/chi-siamo\\\/\"},{\"@type\":\"ListItem\",\"position\":3,\"name\":\"Qualit\u00e0\"}]},{\"@type\":\"WebSite\",\"@id\":\"https:\\\/\\\/hydroleduc.com\\\/it\\\/#website\",\"url\":\"https:\\\/\\\/hydroleduc.com\\\/it\\\/\",\"name\":\"HYDRO LEDUC\",\"description\":\"Specialista in componenti idraulici\",\"publisher\":{\"@id\":\"https:\\\/\\\/hydroleduc.com\\\/it\\\/#organization\"},\"potentialAction\":[{\"@type\":\"SearchAction\",\"target\":{\"@type\":\"EntryPoint\",\"urlTemplate\":\"https:\\\/\\\/hydroleduc.com\\\/it\\\/?s={search_term_string}\"},\"query-input\":{\"@type\":\"PropertyValueSpecification\",\"valueRequired\":true,\"valueName\":\"search_term_string\"}}],\"inLanguage\":\"it-IT\"},{\"@type\":\"Organization\",\"@id\":\"https:\\\/\\\/hydroleduc.com\\\/it\\\/#organization\",\"name\":\"HYDRO LEDUC\",\"url\":\"https:\\\/\\\/hydroleduc.com\\\/it\\\/\",\"logo\":{\"@type\":\"ImageObject\",\"inLanguage\":\"it-IT\",\"@id\":\"https:\\\/\\\/hydroleduc.com\\\/it\\\/#\\\/schema\\\/logo\\\/image\\\/\",\"url\":\"https:\\\/\\\/hydroleduc.com\\\/it\\\/wp-content\\\/uploads\\\/2025\\\/01\\\/logo-hydroleduc.png\",\"contentUrl\":\"https:\\\/\\\/hydroleduc.com\\\/it\\\/wp-content\\\/uploads\\\/2025\\\/01\\\/logo-hydroleduc.png\",\"width\":366,\"height\":148,\"caption\":\"HYDRO LEDUC\"},\"image\":{\"@id\":\"https:\\\/\\\/hydroleduc.com\\\/it\\\/#\\\/schema\\\/logo\\\/image\\\/\"}}]}<\/script>\n<!-- \/ Yoast SEO plugin. -->","yoast_head_json":{"title":"Componenti idraulici di qualit\u00e0 - Hydro Leduc","description":"Hydro Leduc, la qualit\u00e0 al centro di ogni componente idraulico: innovazione, rigore e controllo in ogni fase della produzione.","robots":{"index":"index","follow":"follow","max-snippet":"max-snippet:-1","max-image-preview":"max-image-preview:large","max-video-preview":"max-video-preview:-1"},"canonical":"https:\/\/hydroleduc.com\/it\/chi-siamo\/qualita\/","og_locale":"it_IT","og_type":"article","og_title":"Componenti idraulici di qualit\u00e0 - Hydro Leduc","og_description":"Hydro Leduc, la qualit\u00e0 al centro di ogni componente idraulico: innovazione, rigore e controllo in ogni fase della produzione.","og_url":"https:\/\/hydroleduc.com\/it\/chi-siamo\/qualita\/","og_site_name":"HYDRO LEDUC","article_modified_time":"2026-04-14T08:47:28+00:00","og_image":[{"url":"https:\/\/hydroleduc.com\/it\/wp-content\/uploads\/2025\/01\/hydroleduc-banc-essai-moteur.png","type":"","width":"","height":""}],"twitter_card":"summary_large_image","twitter_misc":{"Tempo di lettura stimato":"2 minuti"},"schema":{"@context":"https:\/\/schema.org","@graph":[{"@type":"WebPage","@id":"https:\/\/hydroleduc.com\/it\/chi-siamo\/qualita\/","url":"https:\/\/hydroleduc.com\/it\/chi-siamo\/qualita\/","name":"Componenti idraulici di qualit\u00e0 - Hydro Leduc","isPartOf":{"@id":"https:\/\/hydroleduc.com\/it\/#website"},"primaryImageOfPage":{"@id":"https:\/\/hydroleduc.com\/it\/chi-siamo\/qualita\/#primaryimage"},"image":{"@id":"https:\/\/hydroleduc.com\/it\/chi-siamo\/qualita\/#primaryimage"},"thumbnailUrl":"https:\/\/hydroleduc.com\/it\/wp-content\/uploads\/2025\/01\/hydroleduc-banc-essai-moteur.png","datePublished":"2025-01-17T10:24:01+00:00","dateModified":"2026-04-14T08:47:28+00:00","description":"Hydro Leduc, la qualit\u00e0 al centro di ogni componente idraulico: innovazione, rigore e controllo in ogni fase della produzione.","breadcrumb":{"@id":"https:\/\/hydroleduc.com\/it\/chi-siamo\/qualita\/#breadcrumb"},"inLanguage":"it-IT","potentialAction":[{"@type":"ReadAction","target":["https:\/\/hydroleduc.com\/it\/chi-siamo\/qualita\/"]}]},{"@type":"ImageObject","inLanguage":"it-IT","@id":"https:\/\/hydroleduc.com\/it\/chi-siamo\/qualita\/#primaryimage","url":"https:\/\/hydroleduc.com\/it\/wp-content\/uploads\/2025\/01\/hydroleduc-banc-essai-moteur.png","contentUrl":"https:\/\/hydroleduc.com\/it\/wp-content\/uploads\/2025\/01\/hydroleduc-banc-essai-moteur.png","width":1220,"height":606,"caption":"hydroleduc banc essai moteur"},{"@type":"BreadcrumbList","@id":"https:\/\/hydroleduc.com\/it\/chi-siamo\/qualita\/#breadcrumb","itemListElement":[{"@type":"ListItem","position":1,"name":"Home","item":"https:\/\/hydroleduc.com\/it\/"},{"@type":"ListItem","position":2,"name":"Chi siamo","item":"https:\/\/hydroleduc.com\/it\/chi-siamo\/"},{"@type":"ListItem","position":3,"name":"Qualit\u00e0"}]},{"@type":"WebSite","@id":"https:\/\/hydroleduc.com\/it\/#website","url":"https:\/\/hydroleduc.com\/it\/","name":"HYDRO LEDUC","description":"Specialista in componenti idraulici","publisher":{"@id":"https:\/\/hydroleduc.com\/it\/#organization"},"potentialAction":[{"@type":"SearchAction","target":{"@type":"EntryPoint","urlTemplate":"https:\/\/hydroleduc.com\/it\/?s={search_term_string}"},"query-input":{"@type":"PropertyValueSpecification","valueRequired":true,"valueName":"search_term_string"}}],"inLanguage":"it-IT"},{"@type":"Organization","@id":"https:\/\/hydroleduc.com\/it\/#organization","name":"HYDRO LEDUC","url":"https:\/\/hydroleduc.com\/it\/","logo":{"@type":"ImageObject","inLanguage":"it-IT","@id":"https:\/\/hydroleduc.com\/it\/#\/schema\/logo\/image\/","url":"https:\/\/hydroleduc.com\/it\/wp-content\/uploads\/2025\/01\/logo-hydroleduc.png","contentUrl":"https:\/\/hydroleduc.com\/it\/wp-content\/uploads\/2025\/01\/logo-hydroleduc.png","width":366,"height":148,"caption":"HYDRO LEDUC"},"image":{"@id":"https:\/\/hydroleduc.com\/it\/#\/schema\/logo\/image\/"}}]}},"_links":{"self":[{"href":"https:\/\/hydroleduc.com\/it\/wp-json\/wp\/v2\/pages\/423","targetHints":{"allow":["GET"]}}],"collection":[{"href":"https:\/\/hydroleduc.com\/it\/wp-json\/wp\/v2\/pages"}],"about":[{"href":"https:\/\/hydroleduc.com\/it\/wp-json\/wp\/v2\/types\/page"}],"author":[{"embeddable":true,"href":"https:\/\/hydroleduc.com\/it\/wp-json\/wp\/v2\/users\/2"}],"replies":[{"embeddable":true,"href":"https:\/\/hydroleduc.com\/it\/wp-json\/wp\/v2\/comments?post=423"}],"version-history":[{"count":106,"href":"https:\/\/hydroleduc.com\/it\/wp-json\/wp\/v2\/pages\/423\/revisions"}],"predecessor-version":[{"id":47377,"href":"https:\/\/hydroleduc.com\/it\/wp-json\/wp\/v2\/pages\/423\/revisions\/47377"}],"up":[{"embeddable":true,"href":"https:\/\/hydroleduc.com\/it\/wp-json\/wp\/v2\/pages\/30"}],"wp:attachment":[{"href":"https:\/\/hydroleduc.com\/it\/wp-json\/wp\/v2\/media?parent=423"}],"curies":[{"name":"wp","href":"https:\/\/api.w.org\/{rel}","templated":true}]}}