{"id":425,"date":"2025-01-17T11:24:31","date_gmt":"2025-01-17T10:24:31","guid":{"rendered":"https:\/\/hydroleduc.com\/it\/?page_id=425"},"modified":"2026-04-14T10:44:58","modified_gmt":"2026-04-14T08:44:58","slug":"produzione","status":"publish","type":"page","link":"https:\/\/hydroleduc.com\/it\/chi-siamo\/produzione\/","title":{"rendered":"Produzione"},"content":{"rendered":"\t\t<div data-elementor-type=\"wp-page\" data-elementor-id=\"425\" class=\"elementor elementor-425\" data-elementor-post-type=\"page\">\n\t\t\t\t<div class=\"elementor-element elementor-element-739ef309 header-page e-flex e-con-boxed e-con e-parent\" data-id=\"739ef309\" data-element_type=\"container\" data-e-type=\"container\" data-settings=\"{&quot;background_background&quot;:&quot;classic&quot;}\">\n\t\t\t\t\t<div class=\"e-con-inner\">\n\t\t\t\t<div class=\"elementor-element elementor-element-c978a27 elementor-widget elementor-widget-breadcrumbs\" data-id=\"c978a27\" data-element_type=\"widget\" data-e-type=\"widget\" data-widget_type=\"breadcrumbs.default\">\n\t\t\t\t<div class=\"elementor-widget-container\">\n\t\t\t\t\t<p id=\"breadcrumbs\"><span><span><a href=\"https:\/\/hydroleduc.com\/it\/\">Home<\/a><\/span><\/span><\/p>\t\t\t\t<\/div>\n\t\t\t\t<\/div>\n\t\t\t\t<div class=\"elementor-element elementor-element-59e77719 elementor-widget elementor-widget-heading\" data-id=\"59e77719\" data-element_type=\"widget\" data-e-type=\"widget\" data-widget_type=\"heading.default\">\n\t\t\t\t<div class=\"elementor-widget-container\">\n\t\t\t\t\t<h1 class=\"elementor-heading-title elementor-size-default\">PRODUZIONE<\/h1>\t\t\t\t<\/div>\n\t\t\t\t<\/div>\n\t\t\t\t\t<\/div>\n\t\t\t\t<\/div>\n\t\t<div class=\"elementor-element elementor-element-6ab679c4 e-flex e-con-boxed e-con e-parent\" data-id=\"6ab679c4\" data-element_type=\"container\" data-e-type=\"container\" data-settings=\"{&quot;background_background&quot;:&quot;classic&quot;}\">\n\t\t\t\t\t<div class=\"e-con-inner\">\n\t\t\t\t<div class=\"elementor-element elementor-element-982e0ee elementor-nav-menu--dropdown-mobile elementor-nav-menu__text-align-aside elementor-nav-menu--toggle elementor-nav-menu--burger elementor-widget elementor-widget-nav-menu\" data-id=\"982e0ee\" data-element_type=\"widget\" data-e-type=\"widget\" data-settings=\"{&quot;layout&quot;:&quot;horizontal&quot;,&quot;submenu_icon&quot;:{&quot;value&quot;:&quot;&lt;svg aria-hidden=\\&quot;true\\&quot; class=\\&quot;e-font-icon-svg e-fas-caret-down\\&quot; viewBox=\\&quot;0 0 320 512\\&quot; xmlns=\\&quot;http:\\\/\\\/www.w3.org\\\/2000\\\/svg\\&quot;&gt;&lt;path d=\\&quot;M31.3 192h257.3c17.8 0 26.7 21.5 14.1 34.1L174.1 354.8c-7.8 7.8-20.5 7.8-28.3 0L17.2 226.1C4.6 213.5 13.5 192 31.3 192z\\&quot;&gt;&lt;\\\/path&gt;&lt;\\\/svg&gt;&quot;,&quot;library&quot;:&quot;fa-solid&quot;},&quot;toggle&quot;:&quot;burger&quot;}\" data-widget_type=\"nav-menu.default\">\n\t\t\t\t<div class=\"elementor-widget-container\">\n\t\t\t\t\t\t\t\t<nav aria-label=\"Menu\" class=\"elementor-nav-menu--main elementor-nav-menu__container elementor-nav-menu--layout-horizontal e--pointer-none\">\n\t\t\t\t<ul id=\"menu-1-982e0ee\" class=\"elementor-nav-menu\"><li class=\"menu-item menu-item-type-post_type menu-item-object-page menu-item-523\"><a href=\"https:\/\/hydroleduc.com\/it\/chi-siamo\/la-nostra-storia\/\" class=\"elementor-item\">La nostra storia<\/a><\/li>\n<li class=\"menu-item menu-item-type-post_type menu-item-object-page menu-item-526\"><a href=\"https:\/\/hydroleduc.com\/it\/chi-siamo\/ricerca-e-sviluppo\/\" class=\"elementor-item\">Ricerca e sviluppo<\/a><\/li>\n<li class=\"menu-item menu-item-type-post_type menu-item-object-page menu-item-524\"><a href=\"https:\/\/hydroleduc.com\/it\/chi-siamo\/produzione\/\" class=\"elementor-item\">Produzione<\/a><\/li>\n<li class=\"menu-item menu-item-type-post_type menu-item-object-page menu-item-525\"><a href=\"https:\/\/hydroleduc.com\/it\/chi-siamo\/qualita\/\" class=\"elementor-item\">Qualit\u00e0<\/a><\/li>\n<\/ul>\t\t\t<\/nav>\n\t\t\t\t\t<div class=\"elementor-menu-toggle\" role=\"button\" tabindex=\"0\" aria-label=\"Menu di commutazione\" aria-expanded=\"false\">\n\t\t\t<svg aria-hidden=\"true\" role=\"presentation\" class=\"elementor-menu-toggle__icon--open e-font-icon-svg e-fas-chevron-circle-down\" viewBox=\"0 0 512 512\" xmlns=\"http:\/\/www.w3.org\/2000\/svg\"><path d=\"M504 256c0 137-111 248-248 248S8 393 8 256 119 8 256 8s248 111 248 248zM273 369.9l135.5-135.5c9.4-9.4 9.4-24.6 0-33.9l-17-17c-9.4-9.4-24.6-9.4-33.9 0L256 285.1 154.4 183.5c-9.4-9.4-24.6-9.4-33.9 0l-17 17c-9.4 9.4-9.4 24.6 0 33.9L239 369.9c9.4 9.4 24.6 9.4 34 0z\"><\/path><\/svg><svg aria-hidden=\"true\" role=\"presentation\" class=\"elementor-menu-toggle__icon--close e-font-icon-svg e-eicon-close\" viewBox=\"0 0 1000 1000\" xmlns=\"http:\/\/www.w3.org\/2000\/svg\"><path d=\"M742 167L500 408 258 167C246 154 233 150 217 150 196 150 179 158 167 167 154 179 150 196 150 212 150 229 154 242 171 254L408 500 167 742C138 771 138 800 167 829 196 858 225 858 254 829L496 587 738 829C750 842 767 846 783 846 800 846 817 842 829 829 842 817 846 804 846 783 846 767 842 750 829 737L588 500 833 258C863 229 863 200 833 171 804 137 775 137 742 167Z\"><\/path><\/svg>\t\t<\/div>\n\t\t\t\t\t<nav class=\"elementor-nav-menu--dropdown elementor-nav-menu__container\" aria-hidden=\"true\">\n\t\t\t\t<ul id=\"menu-2-982e0ee\" class=\"elementor-nav-menu\"><li class=\"menu-item menu-item-type-post_type menu-item-object-page menu-item-523\"><a href=\"https:\/\/hydroleduc.com\/it\/chi-siamo\/la-nostra-storia\/\" class=\"elementor-item\" tabindex=\"-1\">La nostra storia<\/a><\/li>\n<li class=\"menu-item menu-item-type-post_type menu-item-object-page menu-item-526\"><a href=\"https:\/\/hydroleduc.com\/it\/chi-siamo\/ricerca-e-sviluppo\/\" class=\"elementor-item\" tabindex=\"-1\">Ricerca e sviluppo<\/a><\/li>\n<li class=\"menu-item menu-item-type-post_type menu-item-object-page menu-item-524\"><a href=\"https:\/\/hydroleduc.com\/it\/chi-siamo\/produzione\/\" class=\"elementor-item\" tabindex=\"-1\">Produzione<\/a><\/li>\n<li class=\"menu-item menu-item-type-post_type menu-item-object-page menu-item-525\"><a href=\"https:\/\/hydroleduc.com\/it\/chi-siamo\/qualita\/\" class=\"elementor-item\" tabindex=\"-1\">Qualit\u00e0<\/a><\/li>\n<\/ul>\t\t\t<\/nav>\n\t\t\t\t\t\t<\/div>\n\t\t\t\t<\/div>\n\t\t\t\t\t<\/div>\n\t\t\t\t<\/div>\n\t\t<div class=\"elementor-element elementor-element-94930e2 e-con-full e-flex e-con e-parent\" data-id=\"94930e2\" data-element_type=\"container\" data-e-type=\"container\">\n\t\t\t\t<div class=\"elementor-element elementor-element-57593d6 elementor-widget elementor-widget-image\" data-id=\"57593d6\" data-element_type=\"widget\" data-e-type=\"widget\" data-widget_type=\"image.default\">\n\t\t\t\t<div class=\"elementor-widget-container\">\n\t\t\t\t\t\t\t\t\t\t\t\t\t\t\t<img fetchpriority=\"high\" decoding=\"async\" width=\"1220\" height=\"481\" src=\"https:\/\/hydroleduc.com\/it\/wp-content\/uploads\/2025\/01\/hydroleduc-france-factory.png\" class=\"attachment-full size-full wp-image-512\" alt=\"hydroleduc france factory\" srcset=\"https:\/\/hydroleduc.com\/it\/wp-content\/uploads\/2025\/01\/hydroleduc-france-factory.png 1220w, https:\/\/hydroleduc.com\/it\/wp-content\/uploads\/2025\/01\/hydroleduc-france-factory-600x237.png 600w, https:\/\/hydroleduc.com\/it\/wp-content\/uploads\/2025\/01\/hydroleduc-france-factory-300x118.png 300w, https:\/\/hydroleduc.com\/it\/wp-content\/uploads\/2025\/01\/hydroleduc-france-factory-1024x404.png 1024w, https:\/\/hydroleduc.com\/it\/wp-content\/uploads\/2025\/01\/hydroleduc-france-factory-768x303.png 768w\" sizes=\"(max-width: 1220px) 100vw, 1220px\" \/>\t\t\t\t\t\t\t\t\t\t\t\t\t\t\t<\/div>\n\t\t\t\t<\/div>\n\t\t\t\t<\/div>\n\t\t<div class=\"elementor-element elementor-element-a2f2198 e-flex e-con-boxed e-con e-parent\" data-id=\"a2f2198\" data-element_type=\"container\" data-e-type=\"container\">\n\t\t\t\t\t<div class=\"e-con-inner\">\n\t\t<div class=\"elementor-element elementor-element-929ce5a e-con-full e-flex e-con e-child\" data-id=\"929ce5a\" data-element_type=\"container\" data-e-type=\"container\">\n\t\t\t\t<div class=\"elementor-element elementor-element-2390e4f elementor-widget elementor-widget-heading\" data-id=\"2390e4f\" data-element_type=\"widget\" data-e-type=\"widget\" data-widget_type=\"heading.default\">\n\t\t\t\t<div class=\"elementor-widget-container\">\n\t\t\t\t\t<h3 class=\"elementor-heading-title elementor-size-default\">1- Officine prototipi<\/h3>\t\t\t\t<\/div>\n\t\t\t\t<\/div>\n\t\t\t\t<div class=\"elementor-element elementor-element-cff12ae elementor-widget elementor-widget-text-editor\" data-id=\"cff12ae\" data-element_type=\"widget\" data-e-type=\"widget\" data-widget_type=\"text-editor.default\">\n\t\t\t\t<div class=\"elementor-widget-container\">\n\t\t\t\t\t\t\t\t\t<p>Il reparto di produzione di HYDRO LEDUC \u00e8 ora dotato di una cella autonoma per la produzione di prototipi. Questa cella integra attrezzature di fresatura e tornitura molto moderne (inclusi impianti a 4 e 5 assi).<br data-start=\"246\" data-end=\"249\" \/>L\u2019obiettivo di questa cella prototipi \u00e8 rispondere rapidamente alle richieste del nostro dipartimento di Ricerca e Sviluppo e ridurre i tempi di realizzazione degli utensili di produzione.<\/p>\t\t\t\t\t\t\t\t<\/div>\n\t\t\t\t<\/div>\n\t\t\t\t<div class=\"elementor-element elementor-element-6fd6e15 elementor-widget elementor-widget-heading\" data-id=\"6fd6e15\" data-element_type=\"widget\" data-e-type=\"widget\" data-widget_type=\"heading.default\">\n\t\t\t\t<div class=\"elementor-widget-container\">\n\t\t\t\t\t<h3 class=\"elementor-heading-title elementor-size-default\">2- Lavorazioni meccaniche<\/h3>\t\t\t\t<\/div>\n\t\t\t\t<\/div>\n\t\t\t\t<div class=\"elementor-element elementor-element-a4b5e17 elementor-widget elementor-widget-text-editor\" data-id=\"a4b5e17\" data-element_type=\"widget\" data-e-type=\"widget\" data-widget_type=\"text-editor.default\">\n\t\t\t\t<div class=\"elementor-widget-container\">\n\t\t\t\t\t\t\t\t\t<p data-start=\"34\" data-end=\"203\">HYDRO LEDUC dispone di un reparto di lavorazione meccanica moderno, automatizzato e robotizzato, organizzato in celle autonome di produzione.<br data-start=\"175\" data-end=\"178\" \/>Questo reparto comprende:<\/p><p data-start=\"205\" data-end=\"406\">\u2013 torni a controllo numerico a 3, 4 e 5 assi<br data-start=\"249\" data-end=\"252\" \/>\u2013 centri di lavorazione a 3, 4 e 5 assi<br data-start=\"291\" data-end=\"294\" \/>\u2013 centri di lavorazione collegati a palletizzatori<br data-start=\"344\" data-end=\"347\" \/>\u2013 rettifica, levigatura<br data-start=\"370\" data-end=\"373\" \/>\u2013 controllo tridimensionale (3D).<\/p>\t\t\t\t\t\t\t\t<\/div>\n\t\t\t\t<\/div>\n\t\t\t\t<div class=\"elementor-element elementor-element-0f76b4a elementor-widget elementor-widget-heading\" data-id=\"0f76b4a\" data-element_type=\"widget\" data-e-type=\"widget\" data-widget_type=\"heading.default\">\n\t\t\t\t<div class=\"elementor-widget-container\">\n\t\t\t\t\t<h3 class=\"elementor-heading-title elementor-size-default\">3- Trattamento termico<\/h3>\t\t\t\t<\/div>\n\t\t\t\t<\/div>\n\t\t\t\t<div class=\"elementor-element elementor-element-0325207 elementor-widget elementor-widget-text-editor\" data-id=\"0325207\" data-element_type=\"widget\" data-e-type=\"widget\" data-widget_type=\"text-editor.default\">\n\t\t\t\t<div class=\"elementor-widget-container\">\n\t\t\t\t\t\t\t\t\t<p>HYDRO LEDUC controlla internamente i processi di nitrurazione ionica in vuoto, applicati a tutti i componenti rotanti dei suoi prodotti.<br data-start=\"170\" data-end=\"173\" \/>I suoi forni per il trattamento termico garantiscono un elevato controllo della produzione e una grande flessibilit\u00e0.<\/p>\t\t\t\t\t\t\t\t<\/div>\n\t\t\t\t<\/div>\n\t\t\t\t<\/div>\n\t\t<div class=\"elementor-element elementor-element-347a6a0 e-con-full e-flex e-con e-child\" data-id=\"347a6a0\" data-element_type=\"container\" data-e-type=\"container\">\n\t\t\t\t<div class=\"elementor-element elementor-element-c23e4d5 elementor-widget elementor-widget-heading\" data-id=\"c23e4d5\" data-element_type=\"widget\" data-e-type=\"widget\" data-widget_type=\"heading.default\">\n\t\t\t\t<div class=\"elementor-widget-container\">\n\t\t\t\t\t<h3 class=\"elementor-heading-title elementor-size-default\">4- Assemblaggio<\/h3>\t\t\t\t<\/div>\n\t\t\t\t<\/div>\n\t\t\t\t<div class=\"elementor-element elementor-element-f9ebbf4 elementor-widget elementor-widget-text-editor\" data-id=\"f9ebbf4\" data-element_type=\"widget\" data-e-type=\"widget\" data-widget_type=\"text-editor.default\">\n\t\t\t\t<div class=\"elementor-widget-container\">\n\t\t\t\t\t\t\t\t\t<p data-start=\"60\" data-end=\"380\">\u00b0 Macchina per il lavaggio dei componenti meccanici:<br data-start=\"112\" data-end=\"115\" \/>Questa fase \u00e8 importante nel processo produttivo di HYDRO LEDUC perch\u00e9 contribuisce al buon svolgimento delle fasi successive. Permette inoltre di aumentare la longevit\u00e0 dei componenti e degli utensili e di garantire la qualit\u00e0 e l\u2019affidabilit\u00e0 del prodotto finito.<\/p><p data-start=\"382\" data-end=\"486\">\u00b0 Saldatura laser:<br data-start=\"400\" data-end=\"403\" \/>Questa fase fa parte della fabbricazione degli accumulatori idropneumatici saldati.<\/p><p data-start=\"488\" data-end=\"786\">\u00b0 Micro-idraulica:<br data-start=\"506\" data-end=\"509\" \/>I componenti micro-idraulici di HYDRO LEDUC, che spaziano dagli strumenti per la ricerca petrolifera, all\u2019oceanografia, all\u2019aeronautica, agli strumenti portatili, ecc., sono assemblati e testati in una camera bianca completamente dedicata a questa attivit\u00e0 in forte espansione.<\/p><p data-start=\"788\" data-end=\"1245\">\u00b0 Assemblaggio:<br data-start=\"803\" data-end=\"806\" \/>Le linee di montaggio di HYDRO LEDUC sono progettate secondo i principi del \u00ab Lean Manufacturing \u00bb. La qualit\u00e0 del montaggio dei prodotti \u00e8 garantita da processi che evitano errori di assemblaggio, come i sistemi \u00ab Poka Yoke \u00bb. Per permettere agli operatori di conoscere in tempo reale gli indicatori di performance delle loro linee di montaggio, HYDRO LEDUC ha dotato le sue linee di schermi di visualizzazione tipo \u00ab Visual Management \u00bb.<\/p><p data-start=\"1247\" data-end=\"1577\">Queste linee di montaggio sono dedicate all\u2019assemblaggio dei prodotti rotanti (pompe, motori idraulici), ma anche degli accumulatori idropneumatici e dei cilindri (prodotti speciali).<br data-start=\"1430\" data-end=\"1433\" \/>\u00c8 stato adottato il metodo del \u00ab one piece flow \u00bb per permettere all\u2019operatore di assemblare uno ad uno i componenti idraulici (pompa o motore).<\/p><p data-start=\"1579\" data-end=\"1765\">\u00b0 Banco prova:<br data-start=\"1593\" data-end=\"1596\" \/>La qualit\u00e0 e l\u2019affidabilit\u00e0 dei componenti sono una priorit\u00e0 per HYDRO LEDUC, che testa il 100% dei suoi prodotti su banchi prova specifici al termine dell\u2019assemblaggio.<\/p>\t\t\t\t\t\t\t\t<\/div>\n\t\t\t\t<\/div>\n\t\t\t\t<\/div>\n\t\t<div class=\"elementor-element elementor-element-1bde497 e-con-full e-flex e-con e-child\" data-id=\"1bde497\" data-element_type=\"container\" data-e-type=\"container\">\n\t\t\t\t<div class=\"elementor-element elementor-element-5b6041f elementor-widget elementor-widget-heading\" data-id=\"5b6041f\" data-element_type=\"widget\" data-e-type=\"widget\" data-widget_type=\"heading.default\">\n\t\t\t\t<div class=\"elementor-widget-container\">\n\t\t\t\t\t<h3 class=\"elementor-heading-title elementor-size-default\">5- Processo verniciatura, imballaggio, stoccaggio, spedizione<\/h3>\t\t\t\t<\/div>\n\t\t\t\t<\/div>\n\t\t\t\t<div class=\"elementor-element elementor-element-52709ed elementor-widget elementor-widget-text-editor\" data-id=\"52709ed\" data-element_type=\"widget\" data-e-type=\"widget\" data-widget_type=\"text-editor.default\">\n\t\t\t\t<div class=\"elementor-widget-container\">\n\t\t\t\t\t\t\t\t\t<p>HYDRO LEDUC ha sviluppato una verniciatura diventata standard sui suoi componenti; questo rivestimento garantisce un\u2019alta resistenza alla corrosione (500 ore nebbia salina).<br data-start=\"207\" data-end=\"210\" \/>L\u2019applicazione della vernice avviene tramite una linea automatizzata di ultima generazione.<br data-start=\"301\" data-end=\"304\" data-is-only-node=\"\" \/>Dopo l\u2019asciugatura della vernice, il prodotto viene immediatamente imballato per la spedizione.<\/p>\t\t\t\t\t\t\t\t<\/div>\n\t\t\t\t<\/div>\n\t\t\t\t<\/div>\n\t\t\t\t\t<\/div>\n\t\t\t\t<\/div>\n\t\t\t\t<\/div>\n\t\t","protected":false},"excerpt":{"rendered":"<p>Production PRODUZIONE 1- Officine prototipi Il reparto di produzione di HYDRO LEDUC \u00e8 ora dotato di una cella autonoma per la produzione di prototipi. Questa cella integra attrezzature di fresatura e tornitura molto moderne (inclusi impianti a 4 e 5 assi).L\u2019obiettivo di questa cella prototipi \u00e8 rispondere rapidamente alle richieste del nostro dipartimento di Ricerca [&hellip;]<\/p>\n","protected":false},"author":2,"featured_media":0,"parent":30,"menu_order":0,"comment_status":"closed","ping_status":"closed","template":"","meta":{"footnotes":""},"class_list":["post-425","page","type-page","status-publish","hentry"],"yoast_head":"<!-- This site is optimized with the Yoast SEO plugin v27.4 - https:\/\/yoast.com\/product\/yoast-seo-wordpress\/ -->\n<title>Produzione di componenti idraulici - Hydro Leduc<\/title>\n<meta name=\"description\" content=\"Una produzione 100% controllata in Francia: Hydro Leduc progetta e produce i suoi componenti idraulici con rigore e precisione\" \/>\n<meta name=\"robots\" content=\"index, follow, max-snippet:-1, max-image-preview:large, max-video-preview:-1\" \/>\n<link rel=\"canonical\" href=\"https:\/\/hydroleduc.com\/it\/chi-siamo\/produzione\/\" \/>\n<meta property=\"og:locale\" content=\"it_IT\" \/>\n<meta property=\"og:type\" content=\"article\" \/>\n<meta property=\"og:title\" content=\"Produzione di componenti idraulici - Hydro Leduc\" \/>\n<meta property=\"og:description\" content=\"Una produzione 100% controllata in Francia: Hydro Leduc progetta e produce i suoi componenti idraulici con rigore e precisione\" \/>\n<meta property=\"og:url\" content=\"https:\/\/hydroleduc.com\/it\/chi-siamo\/produzione\/\" \/>\n<meta property=\"og:site_name\" content=\"HYDRO LEDUC\" \/>\n<meta property=\"article:modified_time\" content=\"2026-04-14T08:44:58+00:00\" \/>\n<meta property=\"og:image\" content=\"https:\/\/hydroleduc.com\/it\/wp-content\/uploads\/2025\/01\/hydroleduc-france-factory.png\" \/>\n<meta name=\"twitter:card\" content=\"summary_large_image\" \/>\n<meta name=\"twitter:label1\" content=\"Tempo di lettura stimato\" \/>\n\t<meta name=\"twitter:data1\" content=\"3 minuti\" \/>\n<script type=\"application\/ld+json\" class=\"yoast-schema-graph\">{\"@context\":\"https:\\\/\\\/schema.org\",\"@graph\":[{\"@type\":\"WebPage\",\"@id\":\"https:\\\/\\\/hydroleduc.com\\\/it\\\/chi-siamo\\\/produzione\\\/\",\"url\":\"https:\\\/\\\/hydroleduc.com\\\/it\\\/chi-siamo\\\/produzione\\\/\",\"name\":\"Produzione di componenti idraulici - Hydro Leduc\",\"isPartOf\":{\"@id\":\"https:\\\/\\\/hydroleduc.com\\\/it\\\/#website\"},\"primaryImageOfPage\":{\"@id\":\"https:\\\/\\\/hydroleduc.com\\\/it\\\/chi-siamo\\\/produzione\\\/#primaryimage\"},\"image\":{\"@id\":\"https:\\\/\\\/hydroleduc.com\\\/it\\\/chi-siamo\\\/produzione\\\/#primaryimage\"},\"thumbnailUrl\":\"https:\\\/\\\/hydroleduc.com\\\/it\\\/wp-content\\\/uploads\\\/2025\\\/01\\\/hydroleduc-france-factory.png\",\"datePublished\":\"2025-01-17T10:24:31+00:00\",\"dateModified\":\"2026-04-14T08:44:58+00:00\",\"description\":\"Una produzione 100% controllata in Francia: Hydro Leduc progetta e produce i suoi componenti idraulici con rigore e precisione\",\"breadcrumb\":{\"@id\":\"https:\\\/\\\/hydroleduc.com\\\/it\\\/chi-siamo\\\/produzione\\\/#breadcrumb\"},\"inLanguage\":\"it-IT\",\"potentialAction\":[{\"@type\":\"ReadAction\",\"target\":[\"https:\\\/\\\/hydroleduc.com\\\/it\\\/chi-siamo\\\/produzione\\\/\"]}]},{\"@type\":\"ImageObject\",\"inLanguage\":\"it-IT\",\"@id\":\"https:\\\/\\\/hydroleduc.com\\\/it\\\/chi-siamo\\\/produzione\\\/#primaryimage\",\"url\":\"https:\\\/\\\/hydroleduc.com\\\/it\\\/wp-content\\\/uploads\\\/2025\\\/01\\\/hydroleduc-france-factory.png\",\"contentUrl\":\"https:\\\/\\\/hydroleduc.com\\\/it\\\/wp-content\\\/uploads\\\/2025\\\/01\\\/hydroleduc-france-factory.png\",\"width\":1220,\"height\":481,\"caption\":\"hydroleduc france factory\"},{\"@type\":\"BreadcrumbList\",\"@id\":\"https:\\\/\\\/hydroleduc.com\\\/it\\\/chi-siamo\\\/produzione\\\/#breadcrumb\",\"itemListElement\":[{\"@type\":\"ListItem\",\"position\":1,\"name\":\"Home\",\"item\":\"https:\\\/\\\/hydroleduc.com\\\/it\\\/\"},{\"@type\":\"ListItem\",\"position\":2,\"name\":\"Chi siamo\",\"item\":\"https:\\\/\\\/hydroleduc.com\\\/it\\\/chi-siamo\\\/\"},{\"@type\":\"ListItem\",\"position\":3,\"name\":\"Produzione\"}]},{\"@type\":\"WebSite\",\"@id\":\"https:\\\/\\\/hydroleduc.com\\\/it\\\/#website\",\"url\":\"https:\\\/\\\/hydroleduc.com\\\/it\\\/\",\"name\":\"HYDRO LEDUC\",\"description\":\"Specialista in componenti idraulici\",\"publisher\":{\"@id\":\"https:\\\/\\\/hydroleduc.com\\\/it\\\/#organization\"},\"potentialAction\":[{\"@type\":\"SearchAction\",\"target\":{\"@type\":\"EntryPoint\",\"urlTemplate\":\"https:\\\/\\\/hydroleduc.com\\\/it\\\/?s={search_term_string}\"},\"query-input\":{\"@type\":\"PropertyValueSpecification\",\"valueRequired\":true,\"valueName\":\"search_term_string\"}}],\"inLanguage\":\"it-IT\"},{\"@type\":\"Organization\",\"@id\":\"https:\\\/\\\/hydroleduc.com\\\/it\\\/#organization\",\"name\":\"HYDRO LEDUC\",\"url\":\"https:\\\/\\\/hydroleduc.com\\\/it\\\/\",\"logo\":{\"@type\":\"ImageObject\",\"inLanguage\":\"it-IT\",\"@id\":\"https:\\\/\\\/hydroleduc.com\\\/it\\\/#\\\/schema\\\/logo\\\/image\\\/\",\"url\":\"https:\\\/\\\/hydroleduc.com\\\/it\\\/wp-content\\\/uploads\\\/2025\\\/01\\\/logo-hydroleduc.png\",\"contentUrl\":\"https:\\\/\\\/hydroleduc.com\\\/it\\\/wp-content\\\/uploads\\\/2025\\\/01\\\/logo-hydroleduc.png\",\"width\":366,\"height\":148,\"caption\":\"HYDRO LEDUC\"},\"image\":{\"@id\":\"https:\\\/\\\/hydroleduc.com\\\/it\\\/#\\\/schema\\\/logo\\\/image\\\/\"}}]}<\/script>\n<!-- \/ Yoast SEO plugin. -->","yoast_head_json":{"title":"Produzione di componenti idraulici - Hydro Leduc","description":"Una produzione 100% controllata in Francia: Hydro Leduc progetta e produce i suoi componenti idraulici con rigore e precisione","robots":{"index":"index","follow":"follow","max-snippet":"max-snippet:-1","max-image-preview":"max-image-preview:large","max-video-preview":"max-video-preview:-1"},"canonical":"https:\/\/hydroleduc.com\/it\/chi-siamo\/produzione\/","og_locale":"it_IT","og_type":"article","og_title":"Produzione di componenti idraulici - Hydro Leduc","og_description":"Una produzione 100% controllata in Francia: Hydro Leduc progetta e produce i suoi componenti idraulici con rigore e precisione","og_url":"https:\/\/hydroleduc.com\/it\/chi-siamo\/produzione\/","og_site_name":"HYDRO LEDUC","article_modified_time":"2026-04-14T08:44:58+00:00","og_image":[{"url":"https:\/\/hydroleduc.com\/it\/wp-content\/uploads\/2025\/01\/hydroleduc-france-factory.png","type":"","width":"","height":""}],"twitter_card":"summary_large_image","twitter_misc":{"Tempo di lettura stimato":"3 minuti"},"schema":{"@context":"https:\/\/schema.org","@graph":[{"@type":"WebPage","@id":"https:\/\/hydroleduc.com\/it\/chi-siamo\/produzione\/","url":"https:\/\/hydroleduc.com\/it\/chi-siamo\/produzione\/","name":"Produzione di componenti idraulici - Hydro Leduc","isPartOf":{"@id":"https:\/\/hydroleduc.com\/it\/#website"},"primaryImageOfPage":{"@id":"https:\/\/hydroleduc.com\/it\/chi-siamo\/produzione\/#primaryimage"},"image":{"@id":"https:\/\/hydroleduc.com\/it\/chi-siamo\/produzione\/#primaryimage"},"thumbnailUrl":"https:\/\/hydroleduc.com\/it\/wp-content\/uploads\/2025\/01\/hydroleduc-france-factory.png","datePublished":"2025-01-17T10:24:31+00:00","dateModified":"2026-04-14T08:44:58+00:00","description":"Una produzione 100% controllata in Francia: Hydro Leduc progetta e produce i suoi componenti idraulici con rigore e precisione","breadcrumb":{"@id":"https:\/\/hydroleduc.com\/it\/chi-siamo\/produzione\/#breadcrumb"},"inLanguage":"it-IT","potentialAction":[{"@type":"ReadAction","target":["https:\/\/hydroleduc.com\/it\/chi-siamo\/produzione\/"]}]},{"@type":"ImageObject","inLanguage":"it-IT","@id":"https:\/\/hydroleduc.com\/it\/chi-siamo\/produzione\/#primaryimage","url":"https:\/\/hydroleduc.com\/it\/wp-content\/uploads\/2025\/01\/hydroleduc-france-factory.png","contentUrl":"https:\/\/hydroleduc.com\/it\/wp-content\/uploads\/2025\/01\/hydroleduc-france-factory.png","width":1220,"height":481,"caption":"hydroleduc france factory"},{"@type":"BreadcrumbList","@id":"https:\/\/hydroleduc.com\/it\/chi-siamo\/produzione\/#breadcrumb","itemListElement":[{"@type":"ListItem","position":1,"name":"Home","item":"https:\/\/hydroleduc.com\/it\/"},{"@type":"ListItem","position":2,"name":"Chi siamo","item":"https:\/\/hydroleduc.com\/it\/chi-siamo\/"},{"@type":"ListItem","position":3,"name":"Produzione"}]},{"@type":"WebSite","@id":"https:\/\/hydroleduc.com\/it\/#website","url":"https:\/\/hydroleduc.com\/it\/","name":"HYDRO LEDUC","description":"Specialista in componenti idraulici","publisher":{"@id":"https:\/\/hydroleduc.com\/it\/#organization"},"potentialAction":[{"@type":"SearchAction","target":{"@type":"EntryPoint","urlTemplate":"https:\/\/hydroleduc.com\/it\/?s={search_term_string}"},"query-input":{"@type":"PropertyValueSpecification","valueRequired":true,"valueName":"search_term_string"}}],"inLanguage":"it-IT"},{"@type":"Organization","@id":"https:\/\/hydroleduc.com\/it\/#organization","name":"HYDRO LEDUC","url":"https:\/\/hydroleduc.com\/it\/","logo":{"@type":"ImageObject","inLanguage":"it-IT","@id":"https:\/\/hydroleduc.com\/it\/#\/schema\/logo\/image\/","url":"https:\/\/hydroleduc.com\/it\/wp-content\/uploads\/2025\/01\/logo-hydroleduc.png","contentUrl":"https:\/\/hydroleduc.com\/it\/wp-content\/uploads\/2025\/01\/logo-hydroleduc.png","width":366,"height":148,"caption":"HYDRO LEDUC"},"image":{"@id":"https:\/\/hydroleduc.com\/it\/#\/schema\/logo\/image\/"}}]}},"_links":{"self":[{"href":"https:\/\/hydroleduc.com\/it\/wp-json\/wp\/v2\/pages\/425","targetHints":{"allow":["GET"]}}],"collection":[{"href":"https:\/\/hydroleduc.com\/it\/wp-json\/wp\/v2\/pages"}],"about":[{"href":"https:\/\/hydroleduc.com\/it\/wp-json\/wp\/v2\/types\/page"}],"author":[{"embeddable":true,"href":"https:\/\/hydroleduc.com\/it\/wp-json\/wp\/v2\/users\/2"}],"replies":[{"embeddable":true,"href":"https:\/\/hydroleduc.com\/it\/wp-json\/wp\/v2\/comments?post=425"}],"version-history":[{"count":110,"href":"https:\/\/hydroleduc.com\/it\/wp-json\/wp\/v2\/pages\/425\/revisions"}],"predecessor-version":[{"id":47101,"href":"https:\/\/hydroleduc.com\/it\/wp-json\/wp\/v2\/pages\/425\/revisions\/47101"}],"up":[{"embeddable":true,"href":"https:\/\/hydroleduc.com\/it\/wp-json\/wp\/v2\/pages\/30"}],"wp:attachment":[{"href":"https:\/\/hydroleduc.com\/it\/wp-json\/wp\/v2\/media?parent=425"}],"curies":[{"name":"wp","href":"https:\/\/api.w.org\/{rel}","templated":true}]}}