{"id":48,"date":"2025-01-09T16:14:36","date_gmt":"2025-01-09T15:14:36","guid":{"rendered":"https:\/\/hydroleduc.com\/it\/?page_id=48"},"modified":"2026-04-14T11:09:13","modified_gmt":"2026-04-14T09:09:13","slug":"parita-donne-uomini","status":"publish","type":"page","link":"https:\/\/hydroleduc.com\/it\/parita-donne-uomini\/","title":{"rendered":"Parit\u00e0 donne \/ uomini"},"content":{"rendered":"\t\t<div data-elementor-type=\"wp-page\" data-elementor-id=\"48\" class=\"elementor elementor-48\" data-elementor-post-type=\"page\">\n\t\t\t\t<div class=\"elementor-element elementor-element-74b77d8 header-page e-flex e-con-boxed e-con e-parent\" data-id=\"74b77d8\" data-element_type=\"container\" data-e-type=\"container\" data-settings=\"{&quot;background_background&quot;:&quot;classic&quot;}\">\n\t\t\t\t\t<div class=\"e-con-inner\">\n\t\t\t\t<div class=\"elementor-element elementor-element-131f9660 elementor-widget elementor-widget-breadcrumbs\" data-id=\"131f9660\" data-element_type=\"widget\" data-e-type=\"widget\" data-widget_type=\"breadcrumbs.default\">\n\t\t\t\t<div class=\"elementor-widget-container\">\n\t\t\t\t\t<p id=\"breadcrumbs\"><span><span><a href=\"https:\/\/hydroleduc.com\/it\/\">Home<\/a><\/span><\/span><\/p>\t\t\t\t<\/div>\n\t\t\t\t<\/div>\n\t\t\t\t<div class=\"elementor-element elementor-element-57b431cf elementor-widget elementor-widget-heading\" data-id=\"57b431cf\" data-element_type=\"widget\" data-e-type=\"widget\" data-widget_type=\"heading.default\">\n\t\t\t\t<div class=\"elementor-widget-container\">\n\t\t\t\t\t<h1 class=\"elementor-heading-title elementor-size-default\">Parit\u00e0 tra donne e uomini<\/h1>\t\t\t\t<\/div>\n\t\t\t\t<\/div>\n\t\t\t\t\t<\/div>\n\t\t\t\t<\/div>\n\t\t<div class=\"elementor-element elementor-element-7717fac5 e-flex e-con-boxed e-con e-parent\" data-id=\"7717fac5\" data-element_type=\"container\" data-e-type=\"container\" data-settings=\"{&quot;background_background&quot;:&quot;classic&quot;}\">\n\t\t\t\t\t<div class=\"e-con-inner\">\n\t\t\t\t<div class=\"elementor-element elementor-element-6c48f70 elementor-widget elementor-widget-heading\" data-id=\"6c48f70\" data-element_type=\"widget\" data-e-type=\"widget\" data-widget_type=\"heading.default\">\n\t\t\t\t<div class=\"elementor-widget-container\">\n\t\t\t\t\t<h2 class=\"elementor-heading-title elementor-size-default\">PARIT\u00c0 TRA DONNE E UOMINI<\/h2>\t\t\t\t<\/div>\n\t\t\t\t<\/div>\n\t\t\t\t<div class=\"elementor-element elementor-element-4cca4f3f elementor-widget-divider--view-line elementor-widget elementor-widget-divider\" data-id=\"4cca4f3f\" data-element_type=\"widget\" data-e-type=\"widget\" data-widget_type=\"divider.default\">\n\t\t\t\t<div class=\"elementor-widget-container\">\n\t\t\t\t\t\t\t<div class=\"elementor-divider\">\n\t\t\t<span class=\"elementor-divider-separator\">\n\t\t\t\t\t\t<\/span>\n\t\t<\/div>\n\t\t\t\t\t\t<\/div>\n\t\t\t\t<\/div>\n\t\t\t\t\t<\/div>\n\t\t\t\t<\/div>\n\t\t<div class=\"elementor-element elementor-element-6458988 e-flex e-con-boxed e-con e-parent\" data-id=\"6458988\" data-element_type=\"container\" data-e-type=\"container\">\n\t\t\t\t\t<div class=\"e-con-inner\">\n\t\t<div class=\"elementor-element elementor-element-2985713 e-con-full e-flex e-con e-child\" data-id=\"2985713\" data-element_type=\"container\" data-e-type=\"container\">\n\t\t\t\t<div class=\"elementor-element elementor-element-7f7b2ef elementor-widget elementor-widget-text-editor\" data-id=\"7f7b2ef\" data-element_type=\"widget\" data-e-type=\"widget\" data-widget_type=\"text-editor.default\">\n\t\t\t\t<div class=\"elementor-widget-container\">\n\t\t\t\t\t\t\t\t\t<p data-start=\"66\" data-end=\"331\">La parit\u00e0 tra donne e uomini \u00e8 un pilastro centrale della nostra cultura aziendale. Crediamo fermamente nell\u2019importanza di creare un ambiente di lavoro inclusivo, dove ognuno abbia pari opportunit\u00e0 di crescita e sviluppo professionale, indipendentemente dal genere.<\/p><p data-start=\"164\" data-end=\"431\">In applicazione della legge \u00ab per la libert\u00e0 di scegliere il proprio futuro professionale \u00bb del 5 settembre 2018, HYDRO LEDUC pubblica sul proprio sito web i risultati degli indicatori dell\u2019Indice di Parit\u00e0 di Genere, calcolati sulla base dei dati dell\u2019anno 2025. HYDRO LEDUC non \u00e8 in grado di ottenere un risultato significativo, poich\u00e9 gli indicatori non possono essere calcolati. Tale esito non consente quindi di posizionare l\u2019azienda nella scala di valutazione dell\u2019Indice.Tuttavia, questa situazione non compromette in alcun modo la nostra determinazione a promuovere una cultura organizzativa pi\u00f9 equa.<\/p>\t\t\t\t\t\t\t\t<\/div>\n\t\t\t\t<\/div>\n\t\t\t\t<\/div>\n\t\t<div class=\"elementor-element elementor-element-aefbc7c e-con-full e-flex e-con e-child\" data-id=\"aefbc7c\" data-element_type=\"container\" data-e-type=\"container\">\n\t\t\t\t<div class=\"elementor-element elementor-element-dbe90ac elementor-widget elementor-widget-image\" data-id=\"dbe90ac\" data-element_type=\"widget\" data-e-type=\"widget\" data-widget_type=\"image.default\">\n\t\t\t\t<div class=\"elementor-widget-container\">\n\t\t\t\t\t\t\t\t\t\t\t\t\t\t\t<img fetchpriority=\"high\" decoding=\"async\" width=\"518\" height=\"337\" src=\"https:\/\/hydroleduc.com\/it\/wp-content\/uploads\/2025\/02\/egalite-hommes-femmes.png\" class=\"attachment-large size-large wp-image-43946\" alt=\"egalite hommes femmes\" srcset=\"https:\/\/hydroleduc.com\/it\/wp-content\/uploads\/2025\/02\/egalite-hommes-femmes.png 518w, https:\/\/hydroleduc.com\/it\/wp-content\/uploads\/2025\/02\/egalite-hommes-femmes-300x195.png 300w\" sizes=\"(max-width: 518px) 100vw, 518px\" \/>\t\t\t\t\t\t\t\t\t\t\t\t\t\t\t<\/div>\n\t\t\t\t<\/div>\n\t\t\t\t<\/div>\n\t\t\t\t\t<\/div>\n\t\t\t\t<\/div>\n\t\t<div class=\"elementor-element elementor-element-815060a e-flex e-con-boxed e-con e-parent\" data-id=\"815060a\" data-element_type=\"container\" data-e-type=\"container\">\n\t\t\t\t\t<div class=\"e-con-inner\">\n\t\t\t\t<div class=\"elementor-element elementor-element-be6e0d3 elementor-widget elementor-widget-text-editor\" data-id=\"be6e0d3\" data-element_type=\"widget\" data-e-type=\"widget\" data-widget_type=\"text-editor.default\">\n\t\t\t\t<div class=\"elementor-widget-container\">\n\t\t\t\t\t\t\t\t\t<p data-start=\"66\" data-end=\"574\">Dal momento della firma dell\u2019accordo triennale nel gennaio 2017, abbiamo intrapreso diverse iniziative per promuovere l\u2019uguaglianza all\u2019interno della nostra azienda. Questo include sensibilizzazione, formazione e l\u2019implementazione di politiche volte a garantire pari opportunit\u00e0 per tutti i membri del nostro team. Riconosciamo inoltre l\u2019importanza della diversit\u00e0 nelle nostre risorse umane e ci impegniamo a creare un ambiente in cui il contributo di ciascuno sia valorizzato, indipendentemente dal genere.<\/p><p data-start=\"576\" data-end=\"984\">Il nostro impegno verso l\u2019uguaglianza non si limita alla conformit\u00e0 alle leggi e agli indicatori; \u00e8 un valore fondamentale integrato nelle nostre pratiche quotidiane. Siamo determinati a continuare a progredire verso una maggiore parit\u00e0, garantendo un trattamento equo e opportunit\u00e0 uguali per tutti, e a creare un ambiente in cui ciascuno possa prosperare professionalmente, qualunque sia il proprio genere.<\/p><p data-start=\"986\" data-end=\"1320\">In HYDRO LEDUC siamo consapevoli che il percorso verso una vera parit\u00e0 di genere \u00e8 un processo continuo ed evolutivo. Siamo impegnati a rimanere all\u2019avanguardia in questo movimento e a lavorare senza sosta per un futuro in cui la parit\u00e0 di genere non sia pi\u00f9 un obiettivo da raggiungere, ma una realt\u00e0 quotidiana nella nostra azienda.<\/p>\t\t\t\t\t\t\t\t<\/div>\n\t\t\t\t<\/div>\n\t\t\t\t\t<\/div>\n\t\t\t\t<\/div>\n\t\t\t\t<\/div>\n\t\t","protected":false},"excerpt":{"rendered":"<p>Parit\u00e0 tra donne e uomini PARIT\u00c0 TRA DONNE E UOMINI La parit\u00e0 tra donne e uomini \u00e8 un pilastro centrale della nostra cultura aziendale. Crediamo fermamente nell\u2019importanza di creare un ambiente di lavoro inclusivo, dove ognuno abbia pari opportunit\u00e0 di crescita e sviluppo professionale, indipendentemente dal genere. In applicazione della legge \u00ab per la libert\u00e0 [&hellip;]<\/p>\n","protected":false},"author":2,"featured_media":0,"parent":0,"menu_order":0,"comment_status":"closed","ping_status":"closed","template":"","meta":{"footnotes":""},"class_list":["post-48","page","type-page","status-publish","hentry"],"yoast_head":"<!-- This site is optimized with the Yoast SEO plugin v27.4 - https:\/\/yoast.com\/product\/yoast-seo-wordpress\/ -->\n<title>Parit\u00e0 donne \/ uomini - Hydro Leduc<\/title>\n<meta name=\"description\" content=\"Hydro Leduc si impegna per la parit\u00e0 professionale tra donne e uomini. Scopri le nostre azioni e i principali indicatori.\" \/>\n<meta name=\"robots\" content=\"index, follow, max-snippet:-1, max-image-preview:large, max-video-preview:-1\" \/>\n<link rel=\"canonical\" href=\"https:\/\/hydroleduc.com\/it\/parita-donne-uomini\/\" \/>\n<meta property=\"og:locale\" content=\"it_IT\" \/>\n<meta property=\"og:type\" content=\"article\" \/>\n<meta property=\"og:title\" content=\"Parit\u00e0 donne \/ uomini - Hydro Leduc\" \/>\n<meta property=\"og:description\" content=\"Hydro Leduc si impegna per la parit\u00e0 professionale tra donne e uomini. Scopri le nostre azioni e i principali indicatori.\" \/>\n<meta property=\"og:url\" content=\"https:\/\/hydroleduc.com\/it\/parita-donne-uomini\/\" \/>\n<meta property=\"og:site_name\" content=\"HYDRO LEDUC\" \/>\n<meta property=\"article:modified_time\" content=\"2026-04-14T09:09:13+00:00\" \/>\n<meta property=\"og:image\" content=\"https:\/\/hydroleduc.com\/it\/wp-content\/uploads\/2025\/02\/egalite-hommes-femmes.png\" \/>\n<meta name=\"twitter:card\" content=\"summary_large_image\" \/>\n<meta name=\"twitter:label1\" content=\"Tempo di lettura stimato\" \/>\n\t<meta name=\"twitter:data1\" content=\"2 minuti\" \/>\n<script type=\"application\/ld+json\" class=\"yoast-schema-graph\">{\"@context\":\"https:\\\/\\\/schema.org\",\"@graph\":[{\"@type\":\"WebPage\",\"@id\":\"https:\\\/\\\/hydroleduc.com\\\/it\\\/parita-donne-uomini\\\/\",\"url\":\"https:\\\/\\\/hydroleduc.com\\\/it\\\/parita-donne-uomini\\\/\",\"name\":\"Parit\u00e0 donne \\\/ uomini - Hydro Leduc\",\"isPartOf\":{\"@id\":\"https:\\\/\\\/hydroleduc.com\\\/it\\\/#website\"},\"primaryImageOfPage\":{\"@id\":\"https:\\\/\\\/hydroleduc.com\\\/it\\\/parita-donne-uomini\\\/#primaryimage\"},\"image\":{\"@id\":\"https:\\\/\\\/hydroleduc.com\\\/it\\\/parita-donne-uomini\\\/#primaryimage\"},\"thumbnailUrl\":\"https:\\\/\\\/hydroleduc.com\\\/it\\\/wp-content\\\/uploads\\\/2025\\\/02\\\/egalite-hommes-femmes.png\",\"datePublished\":\"2025-01-09T15:14:36+00:00\",\"dateModified\":\"2026-04-14T09:09:13+00:00\",\"description\":\"Hydro Leduc si impegna per la parit\u00e0 professionale tra donne e uomini. Scopri le nostre azioni e i principali indicatori.\",\"breadcrumb\":{\"@id\":\"https:\\\/\\\/hydroleduc.com\\\/it\\\/parita-donne-uomini\\\/#breadcrumb\"},\"inLanguage\":\"it-IT\",\"potentialAction\":[{\"@type\":\"ReadAction\",\"target\":[\"https:\\\/\\\/hydroleduc.com\\\/it\\\/parita-donne-uomini\\\/\"]}]},{\"@type\":\"ImageObject\",\"inLanguage\":\"it-IT\",\"@id\":\"https:\\\/\\\/hydroleduc.com\\\/it\\\/parita-donne-uomini\\\/#primaryimage\",\"url\":\"https:\\\/\\\/hydroleduc.com\\\/it\\\/wp-content\\\/uploads\\\/2025\\\/02\\\/egalite-hommes-femmes.png\",\"contentUrl\":\"https:\\\/\\\/hydroleduc.com\\\/it\\\/wp-content\\\/uploads\\\/2025\\\/02\\\/egalite-hommes-femmes.png\",\"width\":518,\"height\":337,\"caption\":\"egalite hommes femmes\"},{\"@type\":\"BreadcrumbList\",\"@id\":\"https:\\\/\\\/hydroleduc.com\\\/it\\\/parita-donne-uomini\\\/#breadcrumb\",\"itemListElement\":[{\"@type\":\"ListItem\",\"position\":1,\"name\":\"Home\",\"item\":\"https:\\\/\\\/hydroleduc.com\\\/it\\\/\"},{\"@type\":\"ListItem\",\"position\":2,\"name\":\"Parit\u00e0 donne \\\/ uomini\"}]},{\"@type\":\"WebSite\",\"@id\":\"https:\\\/\\\/hydroleduc.com\\\/it\\\/#website\",\"url\":\"https:\\\/\\\/hydroleduc.com\\\/it\\\/\",\"name\":\"HYDRO LEDUC\",\"description\":\"Specialista in componenti idraulici\",\"publisher\":{\"@id\":\"https:\\\/\\\/hydroleduc.com\\\/it\\\/#organization\"},\"potentialAction\":[{\"@type\":\"SearchAction\",\"target\":{\"@type\":\"EntryPoint\",\"urlTemplate\":\"https:\\\/\\\/hydroleduc.com\\\/it\\\/?s={search_term_string}\"},\"query-input\":{\"@type\":\"PropertyValueSpecification\",\"valueRequired\":true,\"valueName\":\"search_term_string\"}}],\"inLanguage\":\"it-IT\"},{\"@type\":\"Organization\",\"@id\":\"https:\\\/\\\/hydroleduc.com\\\/it\\\/#organization\",\"name\":\"HYDRO LEDUC\",\"url\":\"https:\\\/\\\/hydroleduc.com\\\/it\\\/\",\"logo\":{\"@type\":\"ImageObject\",\"inLanguage\":\"it-IT\",\"@id\":\"https:\\\/\\\/hydroleduc.com\\\/it\\\/#\\\/schema\\\/logo\\\/image\\\/\",\"url\":\"https:\\\/\\\/hydroleduc.com\\\/it\\\/wp-content\\\/uploads\\\/2025\\\/01\\\/logo-hydroleduc.png\",\"contentUrl\":\"https:\\\/\\\/hydroleduc.com\\\/it\\\/wp-content\\\/uploads\\\/2025\\\/01\\\/logo-hydroleduc.png\",\"width\":366,\"height\":148,\"caption\":\"HYDRO LEDUC\"},\"image\":{\"@id\":\"https:\\\/\\\/hydroleduc.com\\\/it\\\/#\\\/schema\\\/logo\\\/image\\\/\"}}]}<\/script>\n<!-- \/ Yoast SEO plugin. -->","yoast_head_json":{"title":"Parit\u00e0 donne \/ uomini - Hydro Leduc","description":"Hydro Leduc si impegna per la parit\u00e0 professionale tra donne e uomini. Scopri le nostre azioni e i principali indicatori.","robots":{"index":"index","follow":"follow","max-snippet":"max-snippet:-1","max-image-preview":"max-image-preview:large","max-video-preview":"max-video-preview:-1"},"canonical":"https:\/\/hydroleduc.com\/it\/parita-donne-uomini\/","og_locale":"it_IT","og_type":"article","og_title":"Parit\u00e0 donne \/ uomini - Hydro Leduc","og_description":"Hydro Leduc si impegna per la parit\u00e0 professionale tra donne e uomini. Scopri le nostre azioni e i principali indicatori.","og_url":"https:\/\/hydroleduc.com\/it\/parita-donne-uomini\/","og_site_name":"HYDRO LEDUC","article_modified_time":"2026-04-14T09:09:13+00:00","og_image":[{"url":"https:\/\/hydroleduc.com\/it\/wp-content\/uploads\/2025\/02\/egalite-hommes-femmes.png","type":"","width":"","height":""}],"twitter_card":"summary_large_image","twitter_misc":{"Tempo di lettura stimato":"2 minuti"},"schema":{"@context":"https:\/\/schema.org","@graph":[{"@type":"WebPage","@id":"https:\/\/hydroleduc.com\/it\/parita-donne-uomini\/","url":"https:\/\/hydroleduc.com\/it\/parita-donne-uomini\/","name":"Parit\u00e0 donne \/ uomini - Hydro Leduc","isPartOf":{"@id":"https:\/\/hydroleduc.com\/it\/#website"},"primaryImageOfPage":{"@id":"https:\/\/hydroleduc.com\/it\/parita-donne-uomini\/#primaryimage"},"image":{"@id":"https:\/\/hydroleduc.com\/it\/parita-donne-uomini\/#primaryimage"},"thumbnailUrl":"https:\/\/hydroleduc.com\/it\/wp-content\/uploads\/2025\/02\/egalite-hommes-femmes.png","datePublished":"2025-01-09T15:14:36+00:00","dateModified":"2026-04-14T09:09:13+00:00","description":"Hydro Leduc si impegna per la parit\u00e0 professionale tra donne e uomini. Scopri le nostre azioni e i principali indicatori.","breadcrumb":{"@id":"https:\/\/hydroleduc.com\/it\/parita-donne-uomini\/#breadcrumb"},"inLanguage":"it-IT","potentialAction":[{"@type":"ReadAction","target":["https:\/\/hydroleduc.com\/it\/parita-donne-uomini\/"]}]},{"@type":"ImageObject","inLanguage":"it-IT","@id":"https:\/\/hydroleduc.com\/it\/parita-donne-uomini\/#primaryimage","url":"https:\/\/hydroleduc.com\/it\/wp-content\/uploads\/2025\/02\/egalite-hommes-femmes.png","contentUrl":"https:\/\/hydroleduc.com\/it\/wp-content\/uploads\/2025\/02\/egalite-hommes-femmes.png","width":518,"height":337,"caption":"egalite hommes femmes"},{"@type":"BreadcrumbList","@id":"https:\/\/hydroleduc.com\/it\/parita-donne-uomini\/#breadcrumb","itemListElement":[{"@type":"ListItem","position":1,"name":"Home","item":"https:\/\/hydroleduc.com\/it\/"},{"@type":"ListItem","position":2,"name":"Parit\u00e0 donne \/ uomini"}]},{"@type":"WebSite","@id":"https:\/\/hydroleduc.com\/it\/#website","url":"https:\/\/hydroleduc.com\/it\/","name":"HYDRO LEDUC","description":"Specialista in componenti idraulici","publisher":{"@id":"https:\/\/hydroleduc.com\/it\/#organization"},"potentialAction":[{"@type":"SearchAction","target":{"@type":"EntryPoint","urlTemplate":"https:\/\/hydroleduc.com\/it\/?s={search_term_string}"},"query-input":{"@type":"PropertyValueSpecification","valueRequired":true,"valueName":"search_term_string"}}],"inLanguage":"it-IT"},{"@type":"Organization","@id":"https:\/\/hydroleduc.com\/it\/#organization","name":"HYDRO LEDUC","url":"https:\/\/hydroleduc.com\/it\/","logo":{"@type":"ImageObject","inLanguage":"it-IT","@id":"https:\/\/hydroleduc.com\/it\/#\/schema\/logo\/image\/","url":"https:\/\/hydroleduc.com\/it\/wp-content\/uploads\/2025\/01\/logo-hydroleduc.png","contentUrl":"https:\/\/hydroleduc.com\/it\/wp-content\/uploads\/2025\/01\/logo-hydroleduc.png","width":366,"height":148,"caption":"HYDRO LEDUC"},"image":{"@id":"https:\/\/hydroleduc.com\/it\/#\/schema\/logo\/image\/"}}]}},"_links":{"self":[{"href":"https:\/\/hydroleduc.com\/it\/wp-json\/wp\/v2\/pages\/48","targetHints":{"allow":["GET"]}}],"collection":[{"href":"https:\/\/hydroleduc.com\/it\/wp-json\/wp\/v2\/pages"}],"about":[{"href":"https:\/\/hydroleduc.com\/it\/wp-json\/wp\/v2\/types\/page"}],"author":[{"embeddable":true,"href":"https:\/\/hydroleduc.com\/it\/wp-json\/wp\/v2\/users\/2"}],"replies":[{"embeddable":true,"href":"https:\/\/hydroleduc.com\/it\/wp-json\/wp\/v2\/comments?post=48"}],"version-history":[{"count":38,"href":"https:\/\/hydroleduc.com\/it\/wp-json\/wp\/v2\/pages\/48\/revisions"}],"predecessor-version":[{"id":47321,"href":"https:\/\/hydroleduc.com\/it\/wp-json\/wp\/v2\/pages\/48\/revisions\/47321"}],"wp:attachment":[{"href":"https:\/\/hydroleduc.com\/it\/wp-json\/wp\/v2\/media?parent=48"}],"curies":[{"name":"wp","href":"https:\/\/api.w.org\/{rel}","templated":true}]}}