{"id":52,"date":"2025-01-09T16:15:38","date_gmt":"2025-01-09T15:15:38","guid":{"rendered":"https:\/\/hydroleduc.com\/it\/?page_id=52"},"modified":"2026-04-14T10:38:56","modified_gmt":"2026-04-14T08:38:56","slug":"carta-etica","status":"publish","type":"page","link":"https:\/\/hydroleduc.com\/it\/carta-etica\/","title":{"rendered":"Carta etica"},"content":{"rendered":"\t\t<div data-elementor-type=\"wp-page\" data-elementor-id=\"52\" class=\"elementor elementor-52\" data-elementor-post-type=\"page\">\n\t\t\t\t<div class=\"elementor-element elementor-element-1ac5233b header-page e-flex e-con-boxed e-con e-parent\" data-id=\"1ac5233b\" data-element_type=\"container\" data-e-type=\"container\" data-settings=\"{&quot;background_background&quot;:&quot;classic&quot;}\">\n\t\t\t\t\t<div class=\"e-con-inner\">\n\t\t\t\t<div class=\"elementor-element elementor-element-6d710387 elementor-widget elementor-widget-breadcrumbs\" data-id=\"6d710387\" data-element_type=\"widget\" data-e-type=\"widget\" data-widget_type=\"breadcrumbs.default\">\n\t\t\t\t<div class=\"elementor-widget-container\">\n\t\t\t\t\t<p id=\"breadcrumbs\"><span><span><a href=\"https:\/\/hydroleduc.com\/it\/\">Home<\/a><\/span><\/span><\/p>\t\t\t\t<\/div>\n\t\t\t\t<\/div>\n\t\t\t\t<div class=\"elementor-element elementor-element-665f125b elementor-widget elementor-widget-heading\" data-id=\"665f125b\" data-element_type=\"widget\" data-e-type=\"widget\" data-widget_type=\"heading.default\">\n\t\t\t\t<div class=\"elementor-widget-container\">\n\t\t\t\t\t<h1 class=\"elementor-heading-title elementor-size-default\">Carta etica<\/h1>\t\t\t\t<\/div>\n\t\t\t\t<\/div>\n\t\t\t\t\t<\/div>\n\t\t\t\t<\/div>\n\t\t<div class=\"elementor-element elementor-element-923a6cc e-flex e-con-boxed e-con e-parent\" data-id=\"923a6cc\" data-element_type=\"container\" data-e-type=\"container\" data-settings=\"{&quot;background_background&quot;:&quot;classic&quot;}\">\n\t\t\t\t\t<div class=\"e-con-inner\">\n\t\t\t\t<div class=\"elementor-element elementor-element-378bdb7 elementor-widget elementor-widget-heading\" data-id=\"378bdb7\" data-element_type=\"widget\" data-e-type=\"widget\" data-widget_type=\"heading.default\">\n\t\t\t\t<div class=\"elementor-widget-container\">\n\t\t\t\t\t<h2 class=\"elementor-heading-title elementor-size-default\">CARTA ETICA DI HYDRO LEDUC<\/h2>\t\t\t\t<\/div>\n\t\t\t\t<\/div>\n\t\t\t\t<div class=\"elementor-element elementor-element-2d0c92cf elementor-widget-divider--view-line elementor-widget elementor-widget-divider\" data-id=\"2d0c92cf\" data-element_type=\"widget\" data-e-type=\"widget\" data-widget_type=\"divider.default\">\n\t\t\t\t<div class=\"elementor-widget-container\">\n\t\t\t\t\t\t\t<div class=\"elementor-divider\">\n\t\t\t<span class=\"elementor-divider-separator\">\n\t\t\t\t\t\t<\/span>\n\t\t<\/div>\n\t\t\t\t\t\t<\/div>\n\t\t\t\t<\/div>\n\t\t\t\t\t<\/div>\n\t\t\t\t<\/div>\n\t\t<div class=\"elementor-element elementor-element-a2b8e73 e-flex e-con-boxed e-con e-parent\" data-id=\"a2b8e73\" data-element_type=\"container\" data-e-type=\"container\">\n\t\t\t\t\t<div class=\"e-con-inner\">\n\t\t\t\t<div class=\"elementor-element elementor-element-84681b0 elementor-widget elementor-widget-text-editor\" data-id=\"84681b0\" data-element_type=\"widget\" data-e-type=\"widget\" data-widget_type=\"text-editor.default\">\n\t\t\t\t<div class=\"elementor-widget-container\">\n\t\t\t\t\t\t\t\t\t<p>In HYDRO LEDUC, abbiamo redatto <a href=\"https:\/\/hydroleduc.com\/it\/charte-ethique\/\">la nostra carta etica<\/a>\u00a0al fine di formalizzare e rafforzare il nostro impegno verso pratiche commerciali integre, responsabili e rispettose dei nostri valori fondamentali. Questa carta non \u00e8 solo un documento normativo. \u00c8 il riflesso della nostra cultura aziendale e del nostro impegno ad agire in modo etico in tutte le nostre interazioni, sia interne che esterne.<\/p>\t\t\t\t\t\t\t\t<\/div>\n\t\t\t\t<\/div>\n\t\t\t\t<div class=\"elementor-element elementor-element-b3dda4c elementor-widget elementor-widget-heading\" data-id=\"b3dda4c\" data-element_type=\"widget\" data-e-type=\"widget\" data-widget_type=\"heading.default\">\n\t\t\t\t<div class=\"elementor-widget-container\">\n\t\t\t\t\t<h3 class=\"elementor-heading-title elementor-size-default\">Rafforzamento della fiducia<\/h3>\t\t\t\t<\/div>\n\t\t\t\t<\/div>\n\t\t\t\t<div class=\"elementor-element elementor-element-5de8bc4 elementor-widget elementor-widget-text-editor\" data-id=\"5de8bc4\" data-element_type=\"widget\" data-e-type=\"widget\" data-widget_type=\"text-editor.default\">\n\t\t\t\t<div class=\"elementor-widget-container\">\n\t\t\t\t\t\t\t\t\t<p>La fiducia \u00e8 la pietra angolare di ogni relazione commerciale duratura. Adottando una carta etica, affermiamo il nostro impegno per la trasparenza, l&#8217;integrit\u00e0 e l&#8217;onest\u00e0. Vogliamo che i nostri partner, clienti, fornitori e collaboratori abbiano fiducia nella nostra capacit\u00e0 di agire sempre in modo corretto ed equo.<\/p>\t\t\t\t\t\t\t\t<\/div>\n\t\t\t\t<\/div>\n\t\t\t\t<div class=\"elementor-element elementor-element-f0fd119 elementor-widget elementor-widget-heading\" data-id=\"f0fd119\" data-element_type=\"widget\" data-e-type=\"widget\" data-widget_type=\"heading.default\">\n\t\t\t\t<div class=\"elementor-widget-container\">\n\t\t\t\t\t<h3 class=\"elementor-heading-title elementor-size-default\">Il nostro impegno per la responsabilit\u00e0 sociale<\/h3>\t\t\t\t<\/div>\n\t\t\t\t<\/div>\n\t\t\t\t<div class=\"elementor-element elementor-element-136d049 elementor-widget elementor-widget-text-editor\" data-id=\"136d049\" data-element_type=\"widget\" data-e-type=\"widget\" data-widget_type=\"text-editor.default\">\n\t\t\t\t<div class=\"elementor-widget-container\">\n\t\t\t\t\t\t\t\t\t<p data-start=\"117\" data-end=\"433\">Essa guida la nostra condotta nel rispetto dei diritti umani, delle leggi vigenti e delle normative internazionali. Include politiche rigorose contro la corruzione, il riciclaggio di denaro e i conflitti di interesse. Inoltre, contiene linee guida severe per la tutela della riservatezza e la sicurezza dei dati.<\/p>\t\t\t\t\t\t\t\t<\/div>\n\t\t\t\t<\/div>\n\t\t\t\t<div class=\"elementor-element elementor-element-18263a3 elementor-widget elementor-widget-heading\" data-id=\"18263a3\" data-element_type=\"widget\" data-e-type=\"widget\" data-widget_type=\"heading.default\">\n\t\t\t\t<div class=\"elementor-widget-container\">\n\t\t\t\t\t<h3 class=\"elementor-heading-title elementor-size-default\">Promozione di un ambiente di lavoro etico<\/h3>\t\t\t\t<\/div>\n\t\t\t\t<\/div>\n\t\t\t\t<div class=\"elementor-element elementor-element-0afadaa elementor-widget elementor-widget-text-editor\" data-id=\"0afadaa\" data-element_type=\"widget\" data-e-type=\"widget\" data-widget_type=\"text-editor.default\">\n\t\t\t\t<div class=\"elementor-widget-container\">\n\t\t\t\t\t\t\t\t\t<p data-start=\"104\" data-end=\"476\">Un ambiente di lavoro sano ed etico \u00e8 essenziale per il benessere dei nostri dipendenti. La nostra carta etica promuove il rispetto reciproco, la tolleranza e l&#8217;inclusivit\u00e0. Si oppone fermamente a qualsiasi forma di discriminazione o molestia. Definendo chiaramente queste aspettative, creiamo un contesto in cui ognuno pu\u00f2 crescere con serenit\u00e0 e in totale sicurezza.<\/p>\t\t\t\t\t\t\t\t<\/div>\n\t\t\t\t<\/div>\n\t\t\t\t<div class=\"elementor-element elementor-element-fa0ef56 elementor-widget elementor-widget-heading\" data-id=\"fa0ef56\" data-element_type=\"widget\" data-e-type=\"widget\" data-widget_type=\"heading.default\">\n\t\t\t\t<div class=\"elementor-widget-container\">\n\t\t\t\t\t<h3 class=\"elementor-heading-title elementor-size-default\">Prevenzione dei conflitti di interesse\n\n<\/h3>\t\t\t\t<\/div>\n\t\t\t\t<\/div>\n\t\t\t\t<div class=\"elementor-element elementor-element-8e56cb5 elementor-widget elementor-widget-text-editor\" data-id=\"8e56cb5\" data-element_type=\"widget\" data-e-type=\"widget\" data-widget_type=\"text-editor.default\">\n\t\t\t\t<div class=\"elementor-widget-container\">\n\t\t\t\t\t\t\t\t\t<p data-start=\"104\" data-end=\"529\">La prevenzione dei conflitti di interesse \u00e8 un aspetto cruciale della nostra carta etica. Incoraggiamo tutti i nostri dipendenti a dichiarare ogni situazione che possa potenzialmente entrare in conflitto con gli interessi del gruppo. Questa trasparenza ci permette di mantenere la nostra imparzialit\u00e0. Di conseguenza, possiamo prendere decisioni basate unicamente sull\u2019interesse dell\u2019azienda e delle nostre parti interessate.<\/p>\t\t\t\t\t\t\t\t<\/div>\n\t\t\t\t<\/div>\n\t\t\t\t<div class=\"elementor-element elementor-element-4cafd50 elementor-widget elementor-widget-heading\" data-id=\"4cafd50\" data-element_type=\"widget\" data-e-type=\"widget\" data-widget_type=\"heading.default\">\n\t\t\t\t<div class=\"elementor-widget-container\">\n\t\t\t\t\t<h3 class=\"elementor-heading-title elementor-size-default\">Rispetto delle leggi e delle normative<\/h3>\t\t\t\t<\/div>\n\t\t\t\t<\/div>\n\t\t\t\t<div class=\"elementor-element elementor-element-1c437fb elementor-widget elementor-widget-text-editor\" data-id=\"1c437fb\" data-element_type=\"widget\" data-e-type=\"widget\" data-widget_type=\"text-editor.default\">\n\t\t\t\t<div class=\"elementor-widget-container\">\n\t\t\t\t\t\t\t\t\t<p data-start=\"103\" data-end=\"492\">Il rispetto delle leggi locali e internazionali \u00e8 al centro delle nostre attivit\u00e0. La nostra carta etica stabilisce che tutti i dipendenti devono conformarsi alle normative applicabili e ai regolamenti interni. Questo garantisce che operiamo sempre nel rispetto della legalit\u00e0 e dell\u2019etica. In tal modo, riduciamo i rischi legali e rafforziamo la nostra reputazione di azienda integra.<\/p>\t\t\t\t\t\t\t\t<\/div>\n\t\t\t\t<\/div>\n\t\t\t\t<div class=\"elementor-element elementor-element-b583a56 elementor-widget elementor-widget-heading\" data-id=\"b583a56\" data-element_type=\"widget\" data-e-type=\"widget\" data-widget_type=\"heading.default\">\n\t\t\t\t<div class=\"elementor-widget-container\">\n\t\t\t\t\t<h3 class=\"elementor-heading-title elementor-size-default\">Miglioramento continuo<\/h3>\t\t\t\t<\/div>\n\t\t\t\t<\/div>\n\t\t\t\t<div class=\"elementor-element elementor-element-7806c50 elementor-widget elementor-widget-text-editor\" data-id=\"7806c50\" data-element_type=\"widget\" data-e-type=\"widget\" data-widget_type=\"text-editor.default\">\n\t\t\t\t<div class=\"elementor-widget-container\">\n\t\t\t\t\t\t\t\t\t<p data-start=\"83\" data-end=\"420\">La carta etica non \u00e8 un documento statico; evolve con noi. Ci impegniamo a rivedere e aggiornare regolarmente le nostre pratiche per rispondere alle nuove esigenze legislative e alle aspettative dei nostri stakeholder. Questo approccio proattivo garantisce che rimaniamo all\u2019avanguardia nelle migliori pratiche di etica e governance.<\/p>\t\t\t\t\t\t\t\t<\/div>\n\t\t\t\t<\/div>\n\t\t\t\t\t<\/div>\n\t\t\t\t<\/div>\n\t\t<div class=\"elementor-element elementor-element-57207ee e-flex e-con-boxed e-con e-parent\" data-id=\"57207ee\" data-element_type=\"container\" data-e-type=\"container\">\n\t\t\t\t\t<div class=\"e-con-inner\">\n\t\t\t\t<div class=\"elementor-element elementor-element-60ae64d elementor-blockquote--skin-quotation elementor-widget elementor-widget-blockquote\" data-id=\"60ae64d\" data-element_type=\"widget\" data-e-type=\"widget\" data-widget_type=\"blockquote.default\">\n\t\t\t\t<div class=\"elementor-widget-container\">\n\t\t\t\t\t\t\t<blockquote class=\"elementor-blockquote\">\n\t\t\t<p class=\"elementor-blockquote__content\">\n\t\t\t\tLa nostra carta etica \u00e8 pi\u00f9 di un semplice documento.\n\u00c8 il riflesso del nostro impegno incrollabile verso l\u2019integrit\u00e0 e l\u2019eccellenza.\nGuida le nostre azioni e decisioni.\nAttraverso la sua applicazione, riaffermiamo la nostra promessa di agire sempre in modo responsabile e rispettoso, a beneficio di tutti.\n\n\t\t\t<\/p>\n\t\t\t\t\t<\/blockquote>\n\t\t\t\t\t\t<\/div>\n\t\t\t\t<\/div>\n\t\t\t\t<div class=\"elementor-element elementor-element-3065f03 elementor-widget elementor-widget-button\" data-id=\"3065f03\" data-element_type=\"widget\" data-e-type=\"widget\" data-widget_type=\"button.default\">\n\t\t\t\t<div class=\"elementor-widget-container\">\n\t\t\t\t\t\t\t\t\t<div class=\"elementor-button-wrapper\">\n\t\t\t\t\t<a class=\"elementor-button elementor-button-link elementor-size-sm\" href=\"https:\/\/hydroleduc.com\/it\/wp-content\/uploads\/2025\/02\/CHARTE-ETHIQUE-SIGNEE-FR-1.pdf\" target=\"_blank\">\n\t\t\t\t\t\t<span class=\"elementor-button-content-wrapper\">\n\t\t\t\t\t\t\t\t\t<span class=\"elementor-button-text\">Esplorate la nostra carta etica nel dettaglio e scoprite come incarnamo questi principi nella vita quotidiana.<\/span>\n\t\t\t\t\t<\/span>\n\t\t\t\t\t<\/a>\n\t\t\t\t<\/div>\n\t\t\t\t\t\t\t\t<\/div>\n\t\t\t\t<\/div>\n\t\t\t\t\t<\/div>\n\t\t\t\t<\/div>\n\t\t\t\t<\/div>\n\t\t","protected":false},"excerpt":{"rendered":"<p>Carta etica CARTA ETICA DI HYDRO LEDUC In HYDRO LEDUC, abbiamo redatto la nostra carta etica\u00a0al fine di formalizzare e rafforzare il nostro impegno verso pratiche commerciali integre, responsabili e rispettose dei nostri valori fondamentali. Questa carta non \u00e8 solo un documento normativo. \u00c8 il riflesso della nostra cultura aziendale e del nostro impegno ad [&hellip;]<\/p>\n","protected":false},"author":2,"featured_media":0,"parent":0,"menu_order":0,"comment_status":"closed","ping_status":"closed","template":"","meta":{"footnotes":""},"class_list":["post-52","page","type-page","status-publish","hentry"],"yoast_head":"<!-- This site is optimized with the Yoast SEO plugin v27.4 - https:\/\/yoast.com\/product\/yoast-seo-wordpress\/ -->\n<title>Carta etica - Hydro Leduc<\/title>\n<meta name=\"description\" content=\"Carta etica di Hydro Leduc: impegni in materia di responsabilit\u00e0, integrit\u00e0, rispetto e sviluppo sostenibile al centro della nostra attivit\u00e0\" \/>\n<meta name=\"robots\" content=\"index, follow, max-snippet:-1, max-image-preview:large, max-video-preview:-1\" \/>\n<link rel=\"canonical\" href=\"https:\/\/hydroleduc.com\/it\/carta-etica\/\" \/>\n<meta property=\"og:locale\" content=\"it_IT\" \/>\n<meta property=\"og:type\" content=\"article\" \/>\n<meta property=\"og:title\" content=\"Carta etica - Hydro Leduc\" \/>\n<meta property=\"og:description\" content=\"Carta etica di Hydro Leduc: impegni in materia di responsabilit\u00e0, integrit\u00e0, rispetto e sviluppo sostenibile al centro della nostra attivit\u00e0\" \/>\n<meta property=\"og:url\" content=\"https:\/\/hydroleduc.com\/it\/carta-etica\/\" \/>\n<meta property=\"og:site_name\" content=\"HYDRO LEDUC\" \/>\n<meta property=\"article:modified_time\" content=\"2026-04-14T08:38:56+00:00\" \/>\n<meta name=\"twitter:card\" content=\"summary_large_image\" \/>\n<meta name=\"twitter:label1\" content=\"Tempo di lettura stimato\" \/>\n\t<meta name=\"twitter:data1\" content=\"3 minuti\" \/>\n<script type=\"application\/ld+json\" class=\"yoast-schema-graph\">{\"@context\":\"https:\\\/\\\/schema.org\",\"@graph\":[{\"@type\":\"WebPage\",\"@id\":\"https:\\\/\\\/hydroleduc.com\\\/it\\\/carta-etica\\\/\",\"url\":\"https:\\\/\\\/hydroleduc.com\\\/it\\\/carta-etica\\\/\",\"name\":\"Carta etica - Hydro Leduc\",\"isPartOf\":{\"@id\":\"https:\\\/\\\/hydroleduc.com\\\/it\\\/#website\"},\"datePublished\":\"2025-01-09T15:15:38+00:00\",\"dateModified\":\"2026-04-14T08:38:56+00:00\",\"description\":\"Carta etica di Hydro Leduc: impegni in materia di responsabilit\u00e0, integrit\u00e0, rispetto e sviluppo sostenibile al centro della nostra attivit\u00e0\",\"breadcrumb\":{\"@id\":\"https:\\\/\\\/hydroleduc.com\\\/it\\\/carta-etica\\\/#breadcrumb\"},\"inLanguage\":\"it-IT\",\"potentialAction\":[{\"@type\":\"ReadAction\",\"target\":[\"https:\\\/\\\/hydroleduc.com\\\/it\\\/carta-etica\\\/\"]}]},{\"@type\":\"BreadcrumbList\",\"@id\":\"https:\\\/\\\/hydroleduc.com\\\/it\\\/carta-etica\\\/#breadcrumb\",\"itemListElement\":[{\"@type\":\"ListItem\",\"position\":1,\"name\":\"Home\",\"item\":\"https:\\\/\\\/hydroleduc.com\\\/it\\\/\"},{\"@type\":\"ListItem\",\"position\":2,\"name\":\"Carta etica\"}]},{\"@type\":\"WebSite\",\"@id\":\"https:\\\/\\\/hydroleduc.com\\\/it\\\/#website\",\"url\":\"https:\\\/\\\/hydroleduc.com\\\/it\\\/\",\"name\":\"HYDRO LEDUC\",\"description\":\"Specialista in componenti idraulici\",\"publisher\":{\"@id\":\"https:\\\/\\\/hydroleduc.com\\\/it\\\/#organization\"},\"potentialAction\":[{\"@type\":\"SearchAction\",\"target\":{\"@type\":\"EntryPoint\",\"urlTemplate\":\"https:\\\/\\\/hydroleduc.com\\\/it\\\/?s={search_term_string}\"},\"query-input\":{\"@type\":\"PropertyValueSpecification\",\"valueRequired\":true,\"valueName\":\"search_term_string\"}}],\"inLanguage\":\"it-IT\"},{\"@type\":\"Organization\",\"@id\":\"https:\\\/\\\/hydroleduc.com\\\/it\\\/#organization\",\"name\":\"HYDRO LEDUC\",\"url\":\"https:\\\/\\\/hydroleduc.com\\\/it\\\/\",\"logo\":{\"@type\":\"ImageObject\",\"inLanguage\":\"it-IT\",\"@id\":\"https:\\\/\\\/hydroleduc.com\\\/it\\\/#\\\/schema\\\/logo\\\/image\\\/\",\"url\":\"https:\\\/\\\/hydroleduc.com\\\/it\\\/wp-content\\\/uploads\\\/2025\\\/01\\\/logo-hydroleduc.png\",\"contentUrl\":\"https:\\\/\\\/hydroleduc.com\\\/it\\\/wp-content\\\/uploads\\\/2025\\\/01\\\/logo-hydroleduc.png\",\"width\":366,\"height\":148,\"caption\":\"HYDRO LEDUC\"},\"image\":{\"@id\":\"https:\\\/\\\/hydroleduc.com\\\/it\\\/#\\\/schema\\\/logo\\\/image\\\/\"}}]}<\/script>\n<!-- \/ Yoast SEO plugin. -->","yoast_head_json":{"title":"Carta etica - Hydro Leduc","description":"Carta etica di Hydro Leduc: impegni in materia di responsabilit\u00e0, integrit\u00e0, rispetto e sviluppo sostenibile al centro della nostra attivit\u00e0","robots":{"index":"index","follow":"follow","max-snippet":"max-snippet:-1","max-image-preview":"max-image-preview:large","max-video-preview":"max-video-preview:-1"},"canonical":"https:\/\/hydroleduc.com\/it\/carta-etica\/","og_locale":"it_IT","og_type":"article","og_title":"Carta etica - Hydro Leduc","og_description":"Carta etica di Hydro Leduc: impegni in materia di responsabilit\u00e0, integrit\u00e0, rispetto e sviluppo sostenibile al centro della nostra attivit\u00e0","og_url":"https:\/\/hydroleduc.com\/it\/carta-etica\/","og_site_name":"HYDRO LEDUC","article_modified_time":"2026-04-14T08:38:56+00:00","twitter_card":"summary_large_image","twitter_misc":{"Tempo di lettura stimato":"3 minuti"},"schema":{"@context":"https:\/\/schema.org","@graph":[{"@type":"WebPage","@id":"https:\/\/hydroleduc.com\/it\/carta-etica\/","url":"https:\/\/hydroleduc.com\/it\/carta-etica\/","name":"Carta etica - Hydro Leduc","isPartOf":{"@id":"https:\/\/hydroleduc.com\/it\/#website"},"datePublished":"2025-01-09T15:15:38+00:00","dateModified":"2026-04-14T08:38:56+00:00","description":"Carta etica di Hydro Leduc: impegni in materia di responsabilit\u00e0, integrit\u00e0, rispetto e sviluppo sostenibile al centro della nostra attivit\u00e0","breadcrumb":{"@id":"https:\/\/hydroleduc.com\/it\/carta-etica\/#breadcrumb"},"inLanguage":"it-IT","potentialAction":[{"@type":"ReadAction","target":["https:\/\/hydroleduc.com\/it\/carta-etica\/"]}]},{"@type":"BreadcrumbList","@id":"https:\/\/hydroleduc.com\/it\/carta-etica\/#breadcrumb","itemListElement":[{"@type":"ListItem","position":1,"name":"Home","item":"https:\/\/hydroleduc.com\/it\/"},{"@type":"ListItem","position":2,"name":"Carta etica"}]},{"@type":"WebSite","@id":"https:\/\/hydroleduc.com\/it\/#website","url":"https:\/\/hydroleduc.com\/it\/","name":"HYDRO LEDUC","description":"Specialista in componenti idraulici","publisher":{"@id":"https:\/\/hydroleduc.com\/it\/#organization"},"potentialAction":[{"@type":"SearchAction","target":{"@type":"EntryPoint","urlTemplate":"https:\/\/hydroleduc.com\/it\/?s={search_term_string}"},"query-input":{"@type":"PropertyValueSpecification","valueRequired":true,"valueName":"search_term_string"}}],"inLanguage":"it-IT"},{"@type":"Organization","@id":"https:\/\/hydroleduc.com\/it\/#organization","name":"HYDRO LEDUC","url":"https:\/\/hydroleduc.com\/it\/","logo":{"@type":"ImageObject","inLanguage":"it-IT","@id":"https:\/\/hydroleduc.com\/it\/#\/schema\/logo\/image\/","url":"https:\/\/hydroleduc.com\/it\/wp-content\/uploads\/2025\/01\/logo-hydroleduc.png","contentUrl":"https:\/\/hydroleduc.com\/it\/wp-content\/uploads\/2025\/01\/logo-hydroleduc.png","width":366,"height":148,"caption":"HYDRO LEDUC"},"image":{"@id":"https:\/\/hydroleduc.com\/it\/#\/schema\/logo\/image\/"}}]}},"_links":{"self":[{"href":"https:\/\/hydroleduc.com\/it\/wp-json\/wp\/v2\/pages\/52","targetHints":{"allow":["GET"]}}],"collection":[{"href":"https:\/\/hydroleduc.com\/it\/wp-json\/wp\/v2\/pages"}],"about":[{"href":"https:\/\/hydroleduc.com\/it\/wp-json\/wp\/v2\/types\/page"}],"author":[{"embeddable":true,"href":"https:\/\/hydroleduc.com\/it\/wp-json\/wp\/v2\/users\/2"}],"replies":[{"embeddable":true,"href":"https:\/\/hydroleduc.com\/it\/wp-json\/wp\/v2\/comments?post=52"}],"version-history":[{"count":96,"href":"https:\/\/hydroleduc.com\/it\/wp-json\/wp\/v2\/pages\/52\/revisions"}],"predecessor-version":[{"id":47043,"href":"https:\/\/hydroleduc.com\/it\/wp-json\/wp\/v2\/pages\/52\/revisions\/47043"}],"wp:attachment":[{"href":"https:\/\/hydroleduc.com\/it\/wp-json\/wp\/v2\/media?parent=52"}],"curies":[{"name":"wp","href":"https:\/\/api.w.org\/{rel}","templated":true}]}}