{"id":54,"date":"2025-01-09T16:16:00","date_gmt":"2025-01-09T15:16:00","guid":{"rendered":"https:\/\/hydroleduc.com\/it\/?page_id=54"},"modified":"2026-04-14T10:38:21","modified_gmt":"2026-04-14T08:38:21","slug":"carta-esg","status":"publish","type":"page","link":"https:\/\/hydroleduc.com\/it\/carta-esg\/","title":{"rendered":"Carta ESG"},"content":{"rendered":"\t\t<div data-elementor-type=\"wp-page\" data-elementor-id=\"54\" class=\"elementor elementor-54\" data-elementor-post-type=\"page\">\n\t\t\t\t<div class=\"elementor-element elementor-element-c0f4bf9 header-page e-flex e-con-boxed e-con e-parent\" data-id=\"c0f4bf9\" data-element_type=\"container\" data-e-type=\"container\" data-settings=\"{&quot;background_background&quot;:&quot;classic&quot;}\">\n\t\t\t\t\t<div class=\"e-con-inner\">\n\t\t\t\t<div class=\"elementor-element elementor-element-35d4b606 elementor-widget elementor-widget-breadcrumbs\" data-id=\"35d4b606\" data-element_type=\"widget\" data-e-type=\"widget\" data-widget_type=\"breadcrumbs.default\">\n\t\t\t\t<div class=\"elementor-widget-container\">\n\t\t\t\t\t<p id=\"breadcrumbs\"><span><span><a href=\"https:\/\/hydroleduc.com\/it\/\">Home<\/a><\/span><\/span><\/p>\t\t\t\t<\/div>\n\t\t\t\t<\/div>\n\t\t\t\t<div class=\"elementor-element elementor-element-26e09187 elementor-widget elementor-widget-heading\" data-id=\"26e09187\" data-element_type=\"widget\" data-e-type=\"widget\" data-widget_type=\"heading.default\">\n\t\t\t\t<div class=\"elementor-widget-container\">\n\t\t\t\t\t<h1 class=\"elementor-heading-title elementor-size-default\">Carta ESG<\/h1>\t\t\t\t<\/div>\n\t\t\t\t<\/div>\n\t\t\t\t\t<\/div>\n\t\t\t\t<\/div>\n\t\t<div class=\"elementor-element elementor-element-195d19dc e-flex e-con-boxed e-con e-parent\" data-id=\"195d19dc\" data-element_type=\"container\" data-e-type=\"container\" data-settings=\"{&quot;background_background&quot;:&quot;classic&quot;}\">\n\t\t\t\t\t<div class=\"e-con-inner\">\n\t\t\t\t<div class=\"elementor-element elementor-element-26f7e1d elementor-widget elementor-widget-heading\" data-id=\"26f7e1d\" data-element_type=\"widget\" data-e-type=\"widget\" data-widget_type=\"heading.default\">\n\t\t\t\t<div class=\"elementor-widget-container\">\n\t\t\t\t\t<h2 class=\"elementor-heading-title elementor-size-default\">CARTA ESG DI HYDRO LEDUC<\/h2>\t\t\t\t<\/div>\n\t\t\t\t<\/div>\n\t\t\t\t<div class=\"elementor-element elementor-element-6c2fc841 elementor-widget-divider--view-line elementor-widget elementor-widget-divider\" data-id=\"6c2fc841\" data-element_type=\"widget\" data-e-type=\"widget\" data-widget_type=\"divider.default\">\n\t\t\t\t<div class=\"elementor-widget-container\">\n\t\t\t\t\t\t\t<div class=\"elementor-divider\">\n\t\t\t<span class=\"elementor-divider-separator\">\n\t\t\t\t\t\t<\/span>\n\t\t<\/div>\n\t\t\t\t\t\t<\/div>\n\t\t\t\t<\/div>\n\t\t\t\t\t<\/div>\n\t\t\t\t<\/div>\n\t\t<div class=\"elementor-element elementor-element-4d37d2e e-flex e-con-boxed e-con e-parent\" data-id=\"4d37d2e\" data-element_type=\"container\" data-e-type=\"container\">\n\t\t\t\t\t<div class=\"e-con-inner\">\n\t\t\t\t<div class=\"elementor-element elementor-element-199fdb6 elementor-blockquote--skin-quotation elementor-widget elementor-widget-blockquote\" data-id=\"199fdb6\" data-element_type=\"widget\" data-e-type=\"widget\" data-widget_type=\"blockquote.default\">\n\t\t\t\t<div class=\"elementor-widget-container\">\n\t\t\t\t\t\t\t<blockquote class=\"elementor-blockquote\">\n\t\t\t<p class=\"elementor-blockquote__content\">\n\t\t\t\tLa Carta ESG di Hydro Leduc riflette il nostro profondo impegno a integrare pratiche responsabili e sostenibili in tutte le nostre attivit\u00e0. Da diversi anni, ci sforziamo di creare valore rispettando criteri sociali, ambientali ed economici.\t\t\t<\/p>\n\t\t\t\t\t<\/blockquote>\n\t\t\t\t\t\t<\/div>\n\t\t\t\t<\/div>\n\t\t\t\t<div class=\"elementor-element elementor-element-7c4e8b1 elementor-widget elementor-widget-heading\" data-id=\"7c4e8b1\" data-element_type=\"widget\" data-e-type=\"widget\" data-widget_type=\"heading.default\">\n\t\t\t\t<div class=\"elementor-widget-container\">\n\t\t\t\t\t<h3 class=\"elementor-heading-title elementor-size-default\">I nostri impegni ambientali<\/h3>\t\t\t\t<\/div>\n\t\t\t\t<\/div>\n\t\t\t\t<div class=\"elementor-element elementor-element-d554c96 elementor-widget elementor-widget-heading\" data-id=\"d554c96\" data-element_type=\"widget\" data-e-type=\"widget\" data-widget_type=\"heading.default\">\n\t\t\t\t<div class=\"elementor-widget-container\">\n\t\t\t\t\t<h4 class=\"elementor-heading-title elementor-size-default\">Riduzione dell\u2019impronta di carbonio<\/h4>\t\t\t\t<\/div>\n\t\t\t\t<\/div>\n\t\t\t\t<div class=\"elementor-element elementor-element-9ad9225 elementor-widget elementor-widget-text-editor\" data-id=\"9ad9225\" data-element_type=\"widget\" data-e-type=\"widget\" data-widget_type=\"text-editor.default\">\n\t\t\t\t<div class=\"elementor-widget-container\">\n\t\t\t\t\t\t\t\t\t<p data-start=\"59\" data-end=\"482\">Hydro Leduc si impegna a ridurre le proprie emissioni di CO2 del 20% entro il 2026. Questo obiettivo si raggiunge attraverso l\u2019utilizzo di fonti di energia rinnovabile, l\u2019ottimizzazione energetica dei nostri edifici e lo sviluppo di tecnologie pi\u00f9 rispettose dell\u2019ambiente.<br data-start=\"332\" data-end=\"335\" \/>In collaborazione con enti come EcoVadis e nell\u2019ambito del programma \u00ab D\u00e9carbon\u2019actions \u00bb, valutiamo regolarmente le nostre performance ambientali.<\/p>\t\t\t\t\t\t\t\t<\/div>\n\t\t\t\t<\/div>\n\t\t\t\t<div class=\"elementor-element elementor-element-989982d elementor-widget elementor-widget-heading\" data-id=\"989982d\" data-element_type=\"widget\" data-e-type=\"widget\" data-widget_type=\"heading.default\">\n\t\t\t\t<div class=\"elementor-widget-container\">\n\t\t\t\t\t<h4 class=\"elementor-heading-title elementor-size-default\">Gestione sostenibile delle risorse<\/h4>\t\t\t\t<\/div>\n\t\t\t\t<\/div>\n\t\t\t\t<div class=\"elementor-element elementor-element-882cdbc elementor-widget elementor-widget-text-editor\" data-id=\"882cdbc\" data-element_type=\"widget\" data-e-type=\"widget\" data-widget_type=\"text-editor.default\">\n\t\t\t\t<div class=\"elementor-widget-container\">\n\t\t\t\t\t\t\t\t\t<p data-start=\"76\" data-end=\"275\">La gestione responsabile delle risorse \u00e8 al centro della nostra Carta ESG. Adottiamo pratiche innovative per ridurre il consumo di acqua e di materie prime, minimizzando al contempo i nostri rifiuti.<\/p>\t\t\t\t\t\t\t\t<\/div>\n\t\t\t\t<\/div>\n\t\t\t\t<div class=\"elementor-element elementor-element-23a5e7f elementor-widget elementor-widget-heading\" data-id=\"23a5e7f\" data-element_type=\"widget\" data-e-type=\"widget\" data-widget_type=\"heading.default\">\n\t\t\t\t<div class=\"elementor-widget-container\">\n\t\t\t\t\t<h3 class=\"elementor-heading-title elementor-size-default\">I nostri impegni sociali<\/h3>\t\t\t\t<\/div>\n\t\t\t\t<\/div>\n\t\t\t\t<div class=\"elementor-element elementor-element-f1ee1d0 elementor-widget elementor-widget-heading\" data-id=\"f1ee1d0\" data-element_type=\"widget\" data-e-type=\"widget\" data-widget_type=\"heading.default\">\n\t\t\t\t<div class=\"elementor-widget-container\">\n\t\t\t\t\t<h4 class=\"elementor-heading-title elementor-size-default\">Condizioni di lavoro e benessere<\/h4>\t\t\t\t<\/div>\n\t\t\t\t<\/div>\n\t\t\t\t<div class=\"elementor-element elementor-element-fbac57d elementor-widget elementor-widget-text-editor\" data-id=\"fbac57d\" data-element_type=\"widget\" data-e-type=\"widget\" data-widget_type=\"text-editor.default\">\n\t\t\t\t<div class=\"elementor-widget-container\">\n\t\t\t\t\t\t\t\t\t<p data-start=\"91\" data-end=\"435\">Garantiamo ai nostri dipendenti un ambiente di lavoro sicuro e salubre. Offriamo regolarmente corsi di formazione in materia di salute e sicurezza, e mettiamo a disposizione dispositivi di protezione individuale. Promuoviamo inoltre l\u2019equilibrio tra vita professionale e vita privata, offrendo al contempo opportunit\u00e0 di sviluppo professionale.<\/p>\t\t\t\t\t\t\t\t<\/div>\n\t\t\t\t<\/div>\n\t\t\t\t<div class=\"elementor-element elementor-element-1337086 elementor-widget elementor-widget-heading\" data-id=\"1337086\" data-element_type=\"widget\" data-e-type=\"widget\" data-widget_type=\"heading.default\">\n\t\t\t\t<div class=\"elementor-widget-container\">\n\t\t\t\t\t<h4 class=\"elementor-heading-title elementor-size-default\">Diversit\u00e0 e inclusione<\/h4>\t\t\t\t<\/div>\n\t\t\t\t<\/div>\n\t\t\t\t<div class=\"elementor-element elementor-element-851c6fb elementor-widget elementor-widget-text-editor\" data-id=\"851c6fb\" data-element_type=\"widget\" data-e-type=\"widget\" data-widget_type=\"text-editor.default\">\n\t\t\t\t<div class=\"elementor-widget-container\">\n\t\t\t\t\t\t\t\t\t<p data-start=\"78\" data-end=\"265\">Hydro Leduc promuove le pari opportunit\u00e0, senza discriminazioni di genere, et\u00e0 o origine. Attuiamo iniziative per incoraggiare la diversit\u00e0 e l\u2019inclusione all\u2019interno dei nostri team.<\/p>\t\t\t\t\t\t\t\t<\/div>\n\t\t\t\t<\/div>\n\t\t\t\t<div class=\"elementor-element elementor-element-e5e0123 elementor-widget elementor-widget-heading\" data-id=\"e5e0123\" data-element_type=\"widget\" data-e-type=\"widget\" data-widget_type=\"heading.default\">\n\t\t\t\t<div class=\"elementor-widget-container\">\n\t\t\t\t\t<h3 class=\"elementor-heading-title elementor-size-default\">I nostri impegni economici<\/h3>\t\t\t\t<\/div>\n\t\t\t\t<\/div>\n\t\t\t\t<div class=\"elementor-element elementor-element-1247e25 elementor-widget elementor-widget-heading\" data-id=\"1247e25\" data-element_type=\"widget\" data-e-type=\"widget\" data-widget_type=\"heading.default\">\n\t\t\t\t<div class=\"elementor-widget-container\">\n\t\t\t\t\t<h4 class=\"elementor-heading-title elementor-size-default\">Trasparenza ed etica negli affari<\/h4>\t\t\t\t<\/div>\n\t\t\t\t<\/div>\n\t\t\t\t<div class=\"elementor-element elementor-element-c08b395 elementor-widget elementor-widget-text-editor\" data-id=\"c08b395\" data-element_type=\"widget\" data-e-type=\"widget\" data-widget_type=\"text-editor.default\">\n\t\t\t\t<div class=\"elementor-widget-container\">\n\t\t\t\t\t\t\t\t\t<p data-start=\"104\" data-end=\"337\">Agiamo con integrit\u00e0, nel rispetto delle leggi e nella lotta contro la frode e la corruzione. La nostra Carta ESG include anche principi rigorosi in materia di rispetto dei diritti umani e di protezione dei dati personali (GDPR).<\/p>\t\t\t\t\t\t\t\t<\/div>\n\t\t\t\t<\/div>\n\t\t\t\t<div class=\"elementor-element elementor-element-2346930 elementor-widget elementor-widget-heading\" data-id=\"2346930\" data-element_type=\"widget\" data-e-type=\"widget\" data-widget_type=\"heading.default\">\n\t\t\t\t<div class=\"elementor-widget-container\">\n\t\t\t\t\t<h4 class=\"elementor-heading-title elementor-size-default\">Qualit\u00e0 e innovazione<\/h4>\t\t\t\t<\/div>\n\t\t\t\t<\/div>\n\t\t\t\t<div class=\"elementor-element elementor-element-67a98f8 elementor-widget elementor-widget-text-editor\" data-id=\"67a98f8\" data-element_type=\"widget\" data-e-type=\"widget\" data-widget_type=\"text-editor.default\">\n\t\t\t\t<div class=\"elementor-widget-container\">\n\t\t\t\t\t\t\t\t\t<p data-start=\"76\" data-end=\"382\">L\u2019innovazione \u00e8 il motore della nostra crescita sostenibile. Dagli anni \u201990 abbiamo depositato oltre 200 brevetti volti a migliorare l\u2019efficienza energetica dei nostri prodotti. Nel 2024 abbiamo inoltre fondato EL MOTION, una societ\u00e0 sorella dedicata all\u2019elettrificazione delle nostre soluzioni idrauliche.<\/p>\t\t\t\t\t\t\t\t<\/div>\n\t\t\t\t<\/div>\n\t\t\t\t<div class=\"elementor-element elementor-element-ce3fb9c elementor-widget elementor-widget-heading\" data-id=\"ce3fb9c\" data-element_type=\"widget\" data-e-type=\"widget\" data-widget_type=\"heading.default\">\n\t\t\t\t<div class=\"elementor-widget-container\">\n\t\t\t\t\t<h3 class=\"elementor-heading-title elementor-size-default\">Impegni verso i nostri stakeholder<\/h3>\t\t\t\t<\/div>\n\t\t\t\t<\/div>\n\t\t\t\t<div class=\"elementor-element elementor-element-a13a1b9 elementor-widget elementor-widget-heading\" data-id=\"a13a1b9\" data-element_type=\"widget\" data-e-type=\"widget\" data-widget_type=\"heading.default\">\n\t\t\t\t<div class=\"elementor-widget-container\">\n\t\t\t\t\t<h4 class=\"elementor-heading-title elementor-size-default\">Soddisfazione del cliente e partnership responsabili<\/h4>\t\t\t\t<\/div>\n\t\t\t\t<\/div>\n\t\t\t\t<div class=\"elementor-element elementor-element-7744d3d elementor-widget elementor-widget-text-editor\" data-id=\"7744d3d\" data-element_type=\"widget\" data-e-type=\"widget\" data-widget_type=\"text-editor.default\">\n\t\t\t\t<div class=\"elementor-widget-container\">\n\t\t\t\t\t\t\t\t\t<p data-start=\"66\" data-end=\"344\">La soddisfazione dei nostri clienti \u00e8 fondamentale. Favoriamo una comunicazione trasparente e continua per garantire la loro fedelt\u00e0 a lungo termine. Collaboriamo inoltre con fornitori che condividono i nostri valori ESG, privilegiando filiere corte e approvvigionamenti locali.<\/p>\t\t\t\t\t\t\t\t<\/div>\n\t\t\t\t<\/div>\n\t\t\t\t<div class=\"elementor-element elementor-element-74e75fc elementor-widget elementor-widget-heading\" data-id=\"74e75fc\" data-element_type=\"widget\" data-e-type=\"widget\" data-widget_type=\"heading.default\">\n\t\t\t\t<div class=\"elementor-widget-container\">\n\t\t\t\t\t<h4 class=\"elementor-heading-title elementor-size-default\">Impegno comunitario\n\n<\/h4>\t\t\t\t<\/div>\n\t\t\t\t<\/div>\n\t\t\t\t<div class=\"elementor-element elementor-element-200d7d0 elementor-widget elementor-widget-text-editor\" data-id=\"200d7d0\" data-element_type=\"widget\" data-e-type=\"widget\" data-widget_type=\"text-editor.default\">\n\t\t\t\t<div class=\"elementor-widget-container\">\n\t\t\t\t\t\t\t\t\t<p data-start=\"66\" data-end=\"262\">Hydro Leduc sostiene attivamente le comunit\u00e0 locali attraverso progetti di mecenatismo e volontariato. Organizziamo inoltre workshop per sensibilizzare a pratiche sociali e ambientali sostenibili.<\/p>\t\t\t\t\t\t\t\t<\/div>\n\t\t\t\t<\/div>\n\t\t\t\t<div class=\"elementor-element elementor-element-f3edfcd elementor-widget elementor-widget-heading\" data-id=\"f3edfcd\" data-element_type=\"widget\" data-e-type=\"widget\" data-widget_type=\"heading.default\">\n\t\t\t\t<div class=\"elementor-widget-container\">\n\t\t\t\t\t<h3 class=\"elementor-heading-title elementor-size-default\">Conclusione: una carta RSE al centro della nostra strategia<\/h3>\t\t\t\t<\/div>\n\t\t\t\t<\/div>\n\t\t\t\t<div class=\"elementor-element elementor-element-3b439f7 elementor-widget elementor-widget-text-editor\" data-id=\"3b439f7\" data-element_type=\"widget\" data-e-type=\"widget\" data-widget_type=\"text-editor.default\">\n\t\t\t\t<div class=\"elementor-widget-container\">\n\t\t\t\t\t\t\t\t\t<p data-start=\"78\" data-end=\"390\">La nostra Carta ESG guida tutte le nostre azioni per creare un\u2019azienda pi\u00f9 responsabile, integrando le preoccupazioni ambientali, sociali ed economiche in ogni decisione. Hydro Leduc \u00e8 determinata a proseguire questi sforzi per costruire un futuro sostenibile, in collaborazione con tutti i nostri stakeholder.<\/p>\t\t\t\t\t\t\t\t<\/div>\n\t\t\t\t<\/div>\n\t\t\t\t<div class=\"elementor-element elementor-element-a8e326a elementor-widget elementor-widget-button\" data-id=\"a8e326a\" data-element_type=\"widget\" data-e-type=\"widget\" data-widget_type=\"button.default\">\n\t\t\t\t<div class=\"elementor-widget-container\">\n\t\t\t\t\t\t\t\t\t<div class=\"elementor-button-wrapper\">\n\t\t\t\t\t<a class=\"elementor-button elementor-button-link elementor-size-sm\" href=\"https:\/\/hydroleduc.com\/en\/wp-content\/uploads\/2025\/04\/CHARTE-RSE-SIGNEE-EN.pdf\" target=\"_blank\">\n\t\t\t\t\t\t<span class=\"elementor-button-content-wrapper\">\n\t\t\t\t\t\t\t\t\t<span class=\"elementor-button-text\">Scoprite la nostra carta RSE e come contribuiamo a un futuro pi\u00f9 sostenibile.<\/span>\n\t\t\t\t\t<\/span>\n\t\t\t\t\t<\/a>\n\t\t\t\t<\/div>\n\t\t\t\t\t\t\t\t<\/div>\n\t\t\t\t<\/div>\n\t\t\t\t\t<\/div>\n\t\t\t\t<\/div>\n\t\t\t\t<\/div>\n\t\t","protected":false},"excerpt":{"rendered":"<p>Carta ESG CARTA ESG DI HYDRO LEDUC La Carta ESG di Hydro Leduc riflette il nostro profondo impegno a integrare pratiche responsabili e sostenibili in tutte le nostre attivit\u00e0. Da diversi anni, ci sforziamo di creare valore rispettando criteri sociali, ambientali ed economici. I nostri impegni ambientali Riduzione dell\u2019impronta di carbonio Hydro Leduc si impegna [&hellip;]<\/p>\n","protected":false},"author":2,"featured_media":0,"parent":0,"menu_order":0,"comment_status":"closed","ping_status":"closed","template":"","meta":{"footnotes":""},"class_list":["post-54","page","type-page","status-publish","hentry"],"yoast_head":"<!-- This site is optimized with the Yoast SEO plugin v27.4 - https:\/\/yoast.com\/product\/yoast-seo-wordpress\/ -->\n<title>Carta ESG - Hydro Leduc<\/title>\n<meta name=\"description\" content=\"Scopri la carta RSE di Hydro Leduc: i nostri impegni per uno sviluppo sostenibile, etico, sociale e ambientale responsabile\" \/>\n<meta name=\"robots\" content=\"index, follow, max-snippet:-1, max-image-preview:large, max-video-preview:-1\" \/>\n<link rel=\"canonical\" href=\"https:\/\/hydroleduc.com\/it\/carta-esg\/\" \/>\n<meta property=\"og:locale\" content=\"it_IT\" \/>\n<meta property=\"og:type\" content=\"article\" \/>\n<meta property=\"og:title\" content=\"Carta ESG - Hydro Leduc\" \/>\n<meta property=\"og:description\" content=\"Scopri la carta RSE di Hydro Leduc: i nostri impegni per uno sviluppo sostenibile, etico, sociale e ambientale responsabile\" \/>\n<meta property=\"og:url\" content=\"https:\/\/hydroleduc.com\/it\/carta-esg\/\" \/>\n<meta property=\"og:site_name\" content=\"HYDRO LEDUC\" \/>\n<meta property=\"article:modified_time\" content=\"2026-04-14T08:38:21+00:00\" \/>\n<meta name=\"twitter:card\" content=\"summary_large_image\" \/>\n<meta name=\"twitter:label1\" content=\"Tempo di lettura stimato\" \/>\n\t<meta name=\"twitter:data1\" content=\"3 minuti\" \/>\n<script type=\"application\/ld+json\" class=\"yoast-schema-graph\">{\"@context\":\"https:\\\/\\\/schema.org\",\"@graph\":[{\"@type\":\"WebPage\",\"@id\":\"https:\\\/\\\/hydroleduc.com\\\/it\\\/carta-esg\\\/\",\"url\":\"https:\\\/\\\/hydroleduc.com\\\/it\\\/carta-esg\\\/\",\"name\":\"Carta ESG - Hydro Leduc\",\"isPartOf\":{\"@id\":\"https:\\\/\\\/hydroleduc.com\\\/it\\\/#website\"},\"datePublished\":\"2025-01-09T15:16:00+00:00\",\"dateModified\":\"2026-04-14T08:38:21+00:00\",\"description\":\"Scopri la carta RSE di Hydro Leduc: i nostri impegni per uno sviluppo sostenibile, etico, sociale e ambientale responsabile\",\"breadcrumb\":{\"@id\":\"https:\\\/\\\/hydroleduc.com\\\/it\\\/carta-esg\\\/#breadcrumb\"},\"inLanguage\":\"it-IT\",\"potentialAction\":[{\"@type\":\"ReadAction\",\"target\":[\"https:\\\/\\\/hydroleduc.com\\\/it\\\/carta-esg\\\/\"]}]},{\"@type\":\"BreadcrumbList\",\"@id\":\"https:\\\/\\\/hydroleduc.com\\\/it\\\/carta-esg\\\/#breadcrumb\",\"itemListElement\":[{\"@type\":\"ListItem\",\"position\":1,\"name\":\"Home\",\"item\":\"https:\\\/\\\/hydroleduc.com\\\/it\\\/\"},{\"@type\":\"ListItem\",\"position\":2,\"name\":\"Carta ESG\"}]},{\"@type\":\"WebSite\",\"@id\":\"https:\\\/\\\/hydroleduc.com\\\/it\\\/#website\",\"url\":\"https:\\\/\\\/hydroleduc.com\\\/it\\\/\",\"name\":\"HYDRO LEDUC\",\"description\":\"Specialista in componenti idraulici\",\"publisher\":{\"@id\":\"https:\\\/\\\/hydroleduc.com\\\/it\\\/#organization\"},\"potentialAction\":[{\"@type\":\"SearchAction\",\"target\":{\"@type\":\"EntryPoint\",\"urlTemplate\":\"https:\\\/\\\/hydroleduc.com\\\/it\\\/?s={search_term_string}\"},\"query-input\":{\"@type\":\"PropertyValueSpecification\",\"valueRequired\":true,\"valueName\":\"search_term_string\"}}],\"inLanguage\":\"it-IT\"},{\"@type\":\"Organization\",\"@id\":\"https:\\\/\\\/hydroleduc.com\\\/it\\\/#organization\",\"name\":\"HYDRO LEDUC\",\"url\":\"https:\\\/\\\/hydroleduc.com\\\/it\\\/\",\"logo\":{\"@type\":\"ImageObject\",\"inLanguage\":\"it-IT\",\"@id\":\"https:\\\/\\\/hydroleduc.com\\\/it\\\/#\\\/schema\\\/logo\\\/image\\\/\",\"url\":\"https:\\\/\\\/hydroleduc.com\\\/it\\\/wp-content\\\/uploads\\\/2025\\\/01\\\/logo-hydroleduc.png\",\"contentUrl\":\"https:\\\/\\\/hydroleduc.com\\\/it\\\/wp-content\\\/uploads\\\/2025\\\/01\\\/logo-hydroleduc.png\",\"width\":366,\"height\":148,\"caption\":\"HYDRO LEDUC\"},\"image\":{\"@id\":\"https:\\\/\\\/hydroleduc.com\\\/it\\\/#\\\/schema\\\/logo\\\/image\\\/\"}}]}<\/script>\n<!-- \/ Yoast SEO plugin. -->","yoast_head_json":{"title":"Carta ESG - Hydro Leduc","description":"Scopri la carta RSE di Hydro Leduc: i nostri impegni per uno sviluppo sostenibile, etico, sociale e ambientale responsabile","robots":{"index":"index","follow":"follow","max-snippet":"max-snippet:-1","max-image-preview":"max-image-preview:large","max-video-preview":"max-video-preview:-1"},"canonical":"https:\/\/hydroleduc.com\/it\/carta-esg\/","og_locale":"it_IT","og_type":"article","og_title":"Carta ESG - Hydro Leduc","og_description":"Scopri la carta RSE di Hydro Leduc: i nostri impegni per uno sviluppo sostenibile, etico, sociale e ambientale responsabile","og_url":"https:\/\/hydroleduc.com\/it\/carta-esg\/","og_site_name":"HYDRO LEDUC","article_modified_time":"2026-04-14T08:38:21+00:00","twitter_card":"summary_large_image","twitter_misc":{"Tempo di lettura stimato":"3 minuti"},"schema":{"@context":"https:\/\/schema.org","@graph":[{"@type":"WebPage","@id":"https:\/\/hydroleduc.com\/it\/carta-esg\/","url":"https:\/\/hydroleduc.com\/it\/carta-esg\/","name":"Carta ESG - Hydro Leduc","isPartOf":{"@id":"https:\/\/hydroleduc.com\/it\/#website"},"datePublished":"2025-01-09T15:16:00+00:00","dateModified":"2026-04-14T08:38:21+00:00","description":"Scopri la carta RSE di Hydro Leduc: i nostri impegni per uno sviluppo sostenibile, etico, sociale e ambientale responsabile","breadcrumb":{"@id":"https:\/\/hydroleduc.com\/it\/carta-esg\/#breadcrumb"},"inLanguage":"it-IT","potentialAction":[{"@type":"ReadAction","target":["https:\/\/hydroleduc.com\/it\/carta-esg\/"]}]},{"@type":"BreadcrumbList","@id":"https:\/\/hydroleduc.com\/it\/carta-esg\/#breadcrumb","itemListElement":[{"@type":"ListItem","position":1,"name":"Home","item":"https:\/\/hydroleduc.com\/it\/"},{"@type":"ListItem","position":2,"name":"Carta ESG"}]},{"@type":"WebSite","@id":"https:\/\/hydroleduc.com\/it\/#website","url":"https:\/\/hydroleduc.com\/it\/","name":"HYDRO LEDUC","description":"Specialista in componenti idraulici","publisher":{"@id":"https:\/\/hydroleduc.com\/it\/#organization"},"potentialAction":[{"@type":"SearchAction","target":{"@type":"EntryPoint","urlTemplate":"https:\/\/hydroleduc.com\/it\/?s={search_term_string}"},"query-input":{"@type":"PropertyValueSpecification","valueRequired":true,"valueName":"search_term_string"}}],"inLanguage":"it-IT"},{"@type":"Organization","@id":"https:\/\/hydroleduc.com\/it\/#organization","name":"HYDRO LEDUC","url":"https:\/\/hydroleduc.com\/it\/","logo":{"@type":"ImageObject","inLanguage":"it-IT","@id":"https:\/\/hydroleduc.com\/it\/#\/schema\/logo\/image\/","url":"https:\/\/hydroleduc.com\/it\/wp-content\/uploads\/2025\/01\/logo-hydroleduc.png","contentUrl":"https:\/\/hydroleduc.com\/it\/wp-content\/uploads\/2025\/01\/logo-hydroleduc.png","width":366,"height":148,"caption":"HYDRO LEDUC"},"image":{"@id":"https:\/\/hydroleduc.com\/it\/#\/schema\/logo\/image\/"}}]}},"_links":{"self":[{"href":"https:\/\/hydroleduc.com\/it\/wp-json\/wp\/v2\/pages\/54","targetHints":{"allow":["GET"]}}],"collection":[{"href":"https:\/\/hydroleduc.com\/it\/wp-json\/wp\/v2\/pages"}],"about":[{"href":"https:\/\/hydroleduc.com\/it\/wp-json\/wp\/v2\/types\/page"}],"author":[{"embeddable":true,"href":"https:\/\/hydroleduc.com\/it\/wp-json\/wp\/v2\/users\/2"}],"replies":[{"embeddable":true,"href":"https:\/\/hydroleduc.com\/it\/wp-json\/wp\/v2\/comments?post=54"}],"version-history":[{"count":116,"href":"https:\/\/hydroleduc.com\/it\/wp-json\/wp\/v2\/pages\/54\/revisions"}],"predecessor-version":[{"id":47352,"href":"https:\/\/hydroleduc.com\/it\/wp-json\/wp\/v2\/pages\/54\/revisions\/47352"}],"wp:attachment":[{"href":"https:\/\/hydroleduc.com\/it\/wp-json\/wp\/v2\/media?parent=54"}],"curies":[{"name":"wp","href":"https:\/\/api.w.org\/{rel}","templated":true}]}}