{"id":1105,"date":"2025-01-30T15:00:49","date_gmt":"2025-01-30T14:00:49","guid":{"rendered":"https:\/\/hydroleduc.com\/it\/?post_type=product&#038;p=1105"},"modified":"2026-04-28T11:03:26","modified_gmt":"2026-04-28T09:03:26","slug":"le-nostre-soluzioni-micro-idrauliche","status":"publish","type":"product","link":"https:\/\/hydroleduc.com\/it\/schede\/le-nostre-soluzioni-micro-idrauliche\/","title":{"rendered":"Le nostre soluzioni micro-idrauliche"},"content":{"rendered":"<p><span style=\"color: #254a81;\">Per la progettazione e la fabbricazione dei suoi componenti micro-idraulici destinati ai mercati pi\u00f9 esigenti, HYDRO LEDUC propone un\u2019intera serie di soluzioni complete che permettono di realizzare centraline micro-idrauliche capaci di riunire la pompa, un motore elettrico, il circuito di distribuzione, il serbatoio, un limitatore di pressione e attuatori idraulici. I componenti micro-idraulici HYDRO LEDUC possono fornire una forza di diverse tonnellate in uno spazio ridotto, utilizzando una potenza minima. Per questo sono adatti a condizioni ambientali e di temperatura eccezionali. HYDRO LEDUC presta anche particolare attenzione alla facilit\u00e0 di installazione e messa in opera dei suoi componenti.<\/span><\/p>\n<p><span style=\"color: #254a81;\">La ricerca permanente nel campo della micro-idraulica \u00e8 una delle principali preoccupazioni di HYDRO LEDUC, ed \u00e8 solo cos\u00ec che l\u2019azienda pu\u00f2 portare a termine tutti i suoi progetti di grande portata, nazionali e internazionali, proposti dai principali grandi committenti.<\/span><\/p>\n<h3 data-start=\"1060\" data-end=\"1075\"><span style=\"color: #254a81;\">MICRO-POMPE<\/span><\/h3>\n<p><span style=\"color: #254a81;\"><strong data-start=\"1077\" data-end=\"1101\">Gamma di componenti:<\/strong><\/span><\/p>\n<ul data-start=\"1103\" data-end=\"1241\">\n<li data-start=\"1103\" data-end=\"1154\"><span style=\"color: #254a81;\">micro-pompe a cilindrata fissa da 7 a 1500 mm\u00b3,<\/span><\/li>\n<li data-start=\"1155\" data-end=\"1210\"><span style=\"color: #254a81;\">micro-pompe a cilindrata variabile da 0 a 1500 mm\u00b3,<\/span><\/li>\n<li data-start=\"1211\" data-end=\"1241\"><span style=\"color: #254a81;\">pressione massima: 1000 bar.<\/span><\/li>\n<\/ul>\n<p><span style=\"color: #254a81;\"><strong data-start=\"1243\" data-end=\"1269\">Campi di applicazione:<\/strong><\/span><\/p>\n<ul data-start=\"1271\" data-end=\"1371\">\n<li data-start=\"1271\" data-end=\"1312\"><span style=\"color: #254a81;\">strumenti per la ricerca petrolifera,<\/span><\/li>\n<li data-start=\"1313\" data-end=\"1343\"><span style=\"color: #254a81;\">oceanografia, aeronautica,<\/span><\/li>\n<li data-start=\"1344\" data-end=\"1371\"><span style=\"color: #254a81;\">strumenti portatili, ecc.<\/span><\/li>\n<\/ul>\n<h3 data-start=\"1378\" data-end=\"1394\"><\/h3>\n<h3 data-start=\"1378\" data-end=\"1394\"><span style=\"color: #254a81;\">MICRO-MOTORE<\/span><\/h3>\n<p><span style=\"color: #254a81;\">Il micro-motore MH450DS \u00e8 in grado di funzionare in entrambi i sensi di rotazione (orario e antiorario). Disponibile con cilindrata di 463 mm\u00b3, la sua pressione massima \u00e8 di 330 bar in continuo e 400 bar di picco, il tutto in un ingombro molto ridotto (lunghezza 119 mm).<\/span><\/p>\n<p><span style=\"color: #254a81;\"><strong data-start=\"1669\" data-end=\"1700\">Caratteristiche e vantaggi:<\/strong><\/span><\/p>\n<ul data-start=\"1702\" data-end=\"1896\">\n<li data-start=\"1702\" data-end=\"1794\"><span style=\"color: #254a81;\">Temperatura massima di funzionamento: 150\u00b0C, con punte fino a 175\u00b0C per il 5% del tempo,<\/span><\/li>\n<li data-start=\"1795\" data-end=\"1880\"><span style=\"color: #254a81;\">Tipo di fluido supportato: oli minerali idraulici (consultarci per altri fluidi),<\/span><\/li>\n<li data-start=\"1881\" data-end=\"1896\"><span style=\"color: #254a81;\">Peso: 0,7 kg.<\/span><\/li>\n<\/ul>\n<p><span style=\"color: #254a81;\"><strong data-start=\"1898\" data-end=\"1924\">Campi di applicazione:<\/strong><\/span><\/p>\n<ul data-start=\"1926\" data-end=\"1995\">\n<li data-start=\"1926\" data-end=\"1995\"><span style=\"color: #254a81;\">Sistema di carotaggio per pozzi minerari (campionamenti e analisi).<\/span><\/li>\n<\/ul>\n","protected":false},"excerpt":{"rendered":"<p><a href=\"https:\/\/hydroleduc.com\/it\/wp-content\/uploads\/2023\/10\/Microhydraulique_20160412_FR_NET.pdf\" target=\"_blank\" rel=\"noopener\"><i class=\"fa-solid fa-file\"><\/i> Catalogue micro-hydraulique<\/a><\/p>\n","protected":false},"featured_media":10642,"template":"","meta":[],"product_brand":[],"product_cat":[33,49,31],"product_tag":[],"class_list":{"0":"post-1105","1":"product","2":"type-product","3":"status-publish","4":"has-post-thumbnail","6":"product_cat-aeronautica","7":"product_cat-le-nostre-soluzioni-micro-idrauliche","8":"product_cat-petrolio","10":"first","11":"instock","12":"shipping-taxable","13":"product-type-simple"},"yoast_head":"<!-- This site is optimized with the Yoast SEO plugin v27.4 - https:\/\/yoast.com\/product\/yoast-seo-wordpress\/ -->\n<title>Le nostre soluzioni micro-idrauliche - HYDRO LEDUC<\/title>\n<meta name=\"description\" content=\"Le soluzioni micro-idrauliche di Hydro Leduc permettono di trasformare una bassa energia elettrica o meccanica in una significativa forza idraulica.\" \/>\n<meta name=\"robots\" content=\"index, follow, max-snippet:-1, max-image-preview:large, max-video-preview:-1\" \/>\n<link rel=\"canonical\" href=\"https:\/\/hydroleduc.com\/it\/schede\/le-nostre-soluzioni-micro-idrauliche\/\" \/>\n<meta property=\"og:locale\" content=\"it_IT\" \/>\n<meta property=\"og:type\" content=\"article\" \/>\n<meta property=\"og:title\" content=\"Le nostre soluzioni micro-idrauliche - HYDRO LEDUC\" \/>\n<meta property=\"og:description\" content=\"Le soluzioni micro-idrauliche di Hydro Leduc permettono di trasformare una bassa energia elettrica o meccanica in una significativa forza idraulica.\" \/>\n<meta property=\"og:url\" content=\"https:\/\/hydroleduc.com\/it\/schede\/le-nostre-soluzioni-micro-idrauliche\/\" \/>\n<meta property=\"og:site_name\" content=\"HYDRO LEDUC\" \/>\n<meta property=\"article:modified_time\" content=\"2026-04-28T09:03:26+00:00\" \/>\n<meta property=\"og:image\" content=\"https:\/\/hydroleduc.com\/it\/wp-content\/uploads\/2020\/11\/hydroleduc_microhydraulics.png\" \/>\n\t<meta property=\"og:image:width\" content=\"200\" \/>\n\t<meta property=\"og:image:height\" content=\"200\" \/>\n\t<meta property=\"og:image:type\" content=\"image\/png\" \/>\n<meta name=\"twitter:card\" content=\"summary_large_image\" \/>\n<meta name=\"twitter:label1\" content=\"Tempo di lettura stimato\" \/>\n\t<meta name=\"twitter:data1\" content=\"2 minuti\" \/>\n<script type=\"application\/ld+json\" class=\"yoast-schema-graph\">{\"@context\":\"https:\\\/\\\/schema.org\",\"@graph\":[{\"@type\":\"WebPage\",\"@id\":\"https:\\\/\\\/hydroleduc.com\\\/it\\\/schede\\\/le-nostre-soluzioni-micro-idrauliche\\\/\",\"url\":\"https:\\\/\\\/hydroleduc.com\\\/it\\\/schede\\\/le-nostre-soluzioni-micro-idrauliche\\\/\",\"name\":\"Le nostre soluzioni micro-idrauliche - HYDRO LEDUC\",\"isPartOf\":{\"@id\":\"https:\\\/\\\/hydroleduc.com\\\/it\\\/#website\"},\"primaryImageOfPage\":{\"@id\":\"https:\\\/\\\/hydroleduc.com\\\/it\\\/schede\\\/le-nostre-soluzioni-micro-idrauliche\\\/#primaryimage\"},\"image\":{\"@id\":\"https:\\\/\\\/hydroleduc.com\\\/it\\\/schede\\\/le-nostre-soluzioni-micro-idrauliche\\\/#primaryimage\"},\"thumbnailUrl\":\"https:\\\/\\\/hydroleduc.com\\\/it\\\/wp-content\\\/uploads\\\/2020\\\/11\\\/hydroleduc_microhydraulics.png\",\"datePublished\":\"2025-01-30T14:00:49+00:00\",\"dateModified\":\"2026-04-28T09:03:26+00:00\",\"description\":\"Le soluzioni micro-idrauliche di Hydro Leduc permettono di trasformare una bassa energia elettrica o meccanica in una significativa forza idraulica.\",\"breadcrumb\":{\"@id\":\"https:\\\/\\\/hydroleduc.com\\\/it\\\/schede\\\/le-nostre-soluzioni-micro-idrauliche\\\/#breadcrumb\"},\"inLanguage\":\"it-IT\",\"potentialAction\":[{\"@type\":\"ReadAction\",\"target\":[\"https:\\\/\\\/hydroleduc.com\\\/it\\\/schede\\\/le-nostre-soluzioni-micro-idrauliche\\\/\"]}]},{\"@type\":\"ImageObject\",\"inLanguage\":\"it-IT\",\"@id\":\"https:\\\/\\\/hydroleduc.com\\\/it\\\/schede\\\/le-nostre-soluzioni-micro-idrauliche\\\/#primaryimage\",\"url\":\"https:\\\/\\\/hydroleduc.com\\\/it\\\/wp-content\\\/uploads\\\/2020\\\/11\\\/hydroleduc_microhydraulics.png\",\"contentUrl\":\"https:\\\/\\\/hydroleduc.com\\\/it\\\/wp-content\\\/uploads\\\/2020\\\/11\\\/hydroleduc_microhydraulics.png\",\"width\":200,\"height\":200,\"caption\":\"hydroleduc microhydraulics\"},{\"@type\":\"BreadcrumbList\",\"@id\":\"https:\\\/\\\/hydroleduc.com\\\/it\\\/schede\\\/le-nostre-soluzioni-micro-idrauliche\\\/#breadcrumb\",\"itemListElement\":[{\"@type\":\"ListItem\",\"position\":1,\"name\":\"Home\",\"item\":\"https:\\\/\\\/hydroleduc.com\\\/it\\\/\"},{\"@type\":\"ListItem\",\"position\":2,\"name\":\"Componenti idraulici\",\"item\":\"https:\\\/\\\/hydroleduc.com\\\/it\\\/componenti-idraulici\\\/\"},{\"@type\":\"ListItem\",\"position\":3,\"name\":\"Aeronautica\",\"item\":\"https:\\\/\\\/hydroleduc.com\\\/it\\\/componenti-idraulici\\\/aeronautica\\\/\"},{\"@type\":\"ListItem\",\"position\":4,\"name\":\"Le nostre soluzioni micro-idrauliche\"}]},{\"@type\":\"WebSite\",\"@id\":\"https:\\\/\\\/hydroleduc.com\\\/it\\\/#website\",\"url\":\"https:\\\/\\\/hydroleduc.com\\\/it\\\/\",\"name\":\"HYDRO LEDUC\",\"description\":\"Specialista in componenti idraulici\",\"publisher\":{\"@id\":\"https:\\\/\\\/hydroleduc.com\\\/it\\\/#organization\"},\"potentialAction\":[{\"@type\":\"SearchAction\",\"target\":{\"@type\":\"EntryPoint\",\"urlTemplate\":\"https:\\\/\\\/hydroleduc.com\\\/it\\\/?s={search_term_string}\"},\"query-input\":{\"@type\":\"PropertyValueSpecification\",\"valueRequired\":true,\"valueName\":\"search_term_string\"}}],\"inLanguage\":\"it-IT\"},{\"@type\":\"Organization\",\"@id\":\"https:\\\/\\\/hydroleduc.com\\\/it\\\/#organization\",\"name\":\"HYDRO LEDUC\",\"url\":\"https:\\\/\\\/hydroleduc.com\\\/it\\\/\",\"logo\":{\"@type\":\"ImageObject\",\"inLanguage\":\"it-IT\",\"@id\":\"https:\\\/\\\/hydroleduc.com\\\/it\\\/#\\\/schema\\\/logo\\\/image\\\/\",\"url\":\"https:\\\/\\\/hydroleduc.com\\\/it\\\/wp-content\\\/uploads\\\/2025\\\/01\\\/logo-hydroleduc.png\",\"contentUrl\":\"https:\\\/\\\/hydroleduc.com\\\/it\\\/wp-content\\\/uploads\\\/2025\\\/01\\\/logo-hydroleduc.png\",\"width\":366,\"height\":148,\"caption\":\"HYDRO LEDUC\"},\"image\":{\"@id\":\"https:\\\/\\\/hydroleduc.com\\\/it\\\/#\\\/schema\\\/logo\\\/image\\\/\"}}]}<\/script>\n<!-- \/ Yoast SEO plugin. -->","yoast_head_json":{"title":"Le nostre soluzioni micro-idrauliche - HYDRO LEDUC","description":"Le soluzioni micro-idrauliche di Hydro Leduc permettono di trasformare una bassa energia elettrica o meccanica in una significativa forza idraulica.","robots":{"index":"index","follow":"follow","max-snippet":"max-snippet:-1","max-image-preview":"max-image-preview:large","max-video-preview":"max-video-preview:-1"},"canonical":"https:\/\/hydroleduc.com\/it\/schede\/le-nostre-soluzioni-micro-idrauliche\/","og_locale":"it_IT","og_type":"article","og_title":"Le nostre soluzioni micro-idrauliche - HYDRO LEDUC","og_description":"Le soluzioni micro-idrauliche di Hydro Leduc permettono di trasformare una bassa energia elettrica o meccanica in una significativa forza idraulica.","og_url":"https:\/\/hydroleduc.com\/it\/schede\/le-nostre-soluzioni-micro-idrauliche\/","og_site_name":"HYDRO LEDUC","article_modified_time":"2026-04-28T09:03:26+00:00","og_image":[{"width":200,"height":200,"url":"https:\/\/hydroleduc.com\/it\/wp-content\/uploads\/2020\/11\/hydroleduc_microhydraulics.png","type":"image\/png"}],"twitter_card":"summary_large_image","twitter_misc":{"Tempo di lettura stimato":"2 minuti"},"schema":{"@context":"https:\/\/schema.org","@graph":[{"@type":"WebPage","@id":"https:\/\/hydroleduc.com\/it\/schede\/le-nostre-soluzioni-micro-idrauliche\/","url":"https:\/\/hydroleduc.com\/it\/schede\/le-nostre-soluzioni-micro-idrauliche\/","name":"Le nostre soluzioni micro-idrauliche - HYDRO LEDUC","isPartOf":{"@id":"https:\/\/hydroleduc.com\/it\/#website"},"primaryImageOfPage":{"@id":"https:\/\/hydroleduc.com\/it\/schede\/le-nostre-soluzioni-micro-idrauliche\/#primaryimage"},"image":{"@id":"https:\/\/hydroleduc.com\/it\/schede\/le-nostre-soluzioni-micro-idrauliche\/#primaryimage"},"thumbnailUrl":"https:\/\/hydroleduc.com\/it\/wp-content\/uploads\/2020\/11\/hydroleduc_microhydraulics.png","datePublished":"2025-01-30T14:00:49+00:00","dateModified":"2026-04-28T09:03:26+00:00","description":"Le soluzioni micro-idrauliche di Hydro Leduc permettono di trasformare una bassa energia elettrica o meccanica in una significativa forza idraulica.","breadcrumb":{"@id":"https:\/\/hydroleduc.com\/it\/schede\/le-nostre-soluzioni-micro-idrauliche\/#breadcrumb"},"inLanguage":"it-IT","potentialAction":[{"@type":"ReadAction","target":["https:\/\/hydroleduc.com\/it\/schede\/le-nostre-soluzioni-micro-idrauliche\/"]}]},{"@type":"ImageObject","inLanguage":"it-IT","@id":"https:\/\/hydroleduc.com\/it\/schede\/le-nostre-soluzioni-micro-idrauliche\/#primaryimage","url":"https:\/\/hydroleduc.com\/it\/wp-content\/uploads\/2020\/11\/hydroleduc_microhydraulics.png","contentUrl":"https:\/\/hydroleduc.com\/it\/wp-content\/uploads\/2020\/11\/hydroleduc_microhydraulics.png","width":200,"height":200,"caption":"hydroleduc microhydraulics"},{"@type":"BreadcrumbList","@id":"https:\/\/hydroleduc.com\/it\/schede\/le-nostre-soluzioni-micro-idrauliche\/#breadcrumb","itemListElement":[{"@type":"ListItem","position":1,"name":"Home","item":"https:\/\/hydroleduc.com\/it\/"},{"@type":"ListItem","position":2,"name":"Componenti idraulici","item":"https:\/\/hydroleduc.com\/it\/componenti-idraulici\/"},{"@type":"ListItem","position":3,"name":"Aeronautica","item":"https:\/\/hydroleduc.com\/it\/componenti-idraulici\/aeronautica\/"},{"@type":"ListItem","position":4,"name":"Le nostre soluzioni micro-idrauliche"}]},{"@type":"WebSite","@id":"https:\/\/hydroleduc.com\/it\/#website","url":"https:\/\/hydroleduc.com\/it\/","name":"HYDRO LEDUC","description":"Specialista in componenti idraulici","publisher":{"@id":"https:\/\/hydroleduc.com\/it\/#organization"},"potentialAction":[{"@type":"SearchAction","target":{"@type":"EntryPoint","urlTemplate":"https:\/\/hydroleduc.com\/it\/?s={search_term_string}"},"query-input":{"@type":"PropertyValueSpecification","valueRequired":true,"valueName":"search_term_string"}}],"inLanguage":"it-IT"},{"@type":"Organization","@id":"https:\/\/hydroleduc.com\/it\/#organization","name":"HYDRO LEDUC","url":"https:\/\/hydroleduc.com\/it\/","logo":{"@type":"ImageObject","inLanguage":"it-IT","@id":"https:\/\/hydroleduc.com\/it\/#\/schema\/logo\/image\/","url":"https:\/\/hydroleduc.com\/it\/wp-content\/uploads\/2025\/01\/logo-hydroleduc.png","contentUrl":"https:\/\/hydroleduc.com\/it\/wp-content\/uploads\/2025\/01\/logo-hydroleduc.png","width":366,"height":148,"caption":"HYDRO LEDUC"},"image":{"@id":"https:\/\/hydroleduc.com\/it\/#\/schema\/logo\/image\/"}}]}},"_links":{"self":[{"href":"https:\/\/hydroleduc.com\/it\/wp-json\/wp\/v2\/product\/1105","targetHints":{"allow":["GET"]}}],"collection":[{"href":"https:\/\/hydroleduc.com\/it\/wp-json\/wp\/v2\/product"}],"about":[{"href":"https:\/\/hydroleduc.com\/it\/wp-json\/wp\/v2\/types\/product"}],"wp:featuredmedia":[{"embeddable":true,"href":"https:\/\/hydroleduc.com\/it\/wp-json\/wp\/v2\/media\/10642"}],"wp:attachment":[{"href":"https:\/\/hydroleduc.com\/it\/wp-json\/wp\/v2\/media?parent=1105"}],"wp:term":[{"taxonomy":"product_brand","embeddable":true,"href":"https:\/\/hydroleduc.com\/it\/wp-json\/wp\/v2\/product_brand?post=1105"},{"taxonomy":"product_cat","embeddable":true,"href":"https:\/\/hydroleduc.com\/it\/wp-json\/wp\/v2\/product_cat?post=1105"},{"taxonomy":"product_tag","embeddable":true,"href":"https:\/\/hydroleduc.com\/it\/wp-json\/wp\/v2\/product_tag?post=1105"}],"curies":[{"name":"wp","href":"https:\/\/api.w.org\/{rel}","templated":true}]}}