{"id":1113,"date":"2025-01-30T15:09:27","date_gmt":"2025-01-30T14:09:27","guid":{"rendered":"https:\/\/hydroleduc.com\/it\/?post_type=product&#038;p=1113"},"modified":"2026-04-28T11:01:00","modified_gmt":"2026-04-28T09:01:00","slug":"pompa-serie-pa-pac","status":"publish","type":"product","link":"https:\/\/hydroleduc.com\/it\/schede\/pompa-serie-pa-pac\/","title":{"rendered":"Pompa serie PA-PAC"},"content":{"rendered":"<p data-start=\"145\" data-end=\"179\"><span style=\"color: #254a81;\"><strong data-start=\"149\" data-end=\"177\">Descrizione del prodotto<\/strong><\/span><\/p>\n<p data-start=\"180\" data-end=\"629\"><span style=\"color: #254a81;\">Di concezione unica, le pompe PA-PAC offrono una soluzione robusta e resistente per le esigenze ad alta pressione delle applicazioni su camion: si tratta di pompe a cilindrata fissa.<\/span><br data-start=\"362\" data-end=\"365\" \/><span style=\"color: #254a81;\">Combinando la doppia direzione di rotazione automatica, l\u2019elevata pressione di esercizio (fino a 500 bar di picco) e la relativa insensibilit\u00e0 ai fluidi di bassa qualit\u00e0 o degradati, le pompe PA-PAC rappresentano la soluzione ideale per gli ambienti pi\u00f9 difficili.<\/span><\/p>\n<p data-start=\"636\" data-end=\"671\"><span style=\"color: #254a81;\"><strong data-start=\"640\" data-end=\"670\">Caratteristiche e vantaggi<\/strong>:<\/span><\/p>\n<ul data-start=\"673\" data-end=\"1024\">\n<li data-start=\"673\" data-end=\"713\">\n<p data-start=\"675\" data-end=\"713\"><span style=\"color: #254a81;\">Flangia secondo DIN ISO14 (DIN 5462)<\/span><\/p>\n<\/li>\n<li data-start=\"714\" data-end=\"774\">\n<p data-start=\"716\" data-end=\"774\"><span style=\"color: #254a81;\">Versioni a portata singola da 25 cm\u00b3\/giro a 114 cm\u00b3\/giro<\/span><\/p>\n<\/li>\n<li data-start=\"775\" data-end=\"841\">\n<p data-start=\"777\" data-end=\"841\"><span style=\"color: #254a81;\">Versioni a doppia portata da 2 x 25 cm\u00b3\/giro a 2 x 75 cm\u00b3\/giro<\/span><\/p>\n<\/li>\n<li data-start=\"842\" data-end=\"884\">\n<p data-start=\"844\" data-end=\"884\"><span style=\"color: #254a81;\">Portate asimmetriche: 75 \u2013 40 cm\u00b3\/giro<\/span><\/p>\n<\/li>\n<li data-start=\"885\" data-end=\"941\">\n<p data-start=\"887\" data-end=\"941\"><span style=\"color: #254a81;\">Doppio senso di rotazione, alta pressione di mandata<\/span><\/p>\n<\/li>\n<li data-start=\"942\" data-end=\"984\">\n<p data-start=\"944\" data-end=\"984\"><span style=\"color: #254a81;\">400 bar in continuo e 500 bar di picco<\/span><\/p>\n<\/li>\n<li data-start=\"985\" data-end=\"1024\">\n<p data-start=\"987\" data-end=\"1024\"><span style=\"color: #254a81;\">Progetto semplice e struttura robusta<\/span><\/p>\n<\/li>\n<\/ul>\n<p data-start=\"1031\" data-end=\"1063\"><span style=\"color: #254a81;\"><strong data-start=\"1035\" data-end=\"1062\">Settori di applicazione<\/strong>:<\/span><\/p>\n<ul data-start=\"1065\" data-end=\"1306\">\n<li data-start=\"1065\" data-end=\"1190\">\n<p data-start=\"1067\" data-end=\"1190\"><span style=\"color: #254a81;\">Attrezzature per camion (esempi: gru su camion, gru forestali, bracci meccanici, multibenna, cilindri di stabilizzazione)<\/span><\/p>\n<\/li>\n<li data-start=\"1191\" data-end=\"1261\">\n<p data-start=\"1193\" data-end=\"1261\"><span style=\"color: #254a81;\">Attrezzature invernali (esempi: spargisale, lame da neve, turbine)<\/span><\/p>\n<\/li>\n<li data-start=\"1262\" data-end=\"1287\">\n<p data-start=\"1264\" data-end=\"1287\"><span style=\"color: #254a81;\">Autopompe antincendio<\/span><\/p>\n<\/li>\n<li data-start=\"1288\" data-end=\"1306\">\n<p data-start=\"1290\" data-end=\"1306\"><span style=\"color: #254a81;\">Settore militare<\/span><\/p>\n<\/li>\n<\/ul>\n","protected":false},"excerpt":{"rendered":"<p><a href=\"https:\/\/qrco.de\/TRUCK-PUMPS\">Catalogo pompe per camion XPi\/XAi\/PA-PAC-TXV<\/a><\/p>\n","protected":false},"featured_media":3003,"template":"","meta":[],"product_brand":[],"product_cat":[26,50,46],"product_tag":[],"class_list":{"0":"post-1113","1":"product","2":"type-product","3":"status-publish","4":"has-post-thumbnail","6":"product_cat-equipaggiamenti-per-camion","7":"product_cat-pompe-a-cilindrata-fissa","8":"product_cat-pompe-idrauliche","10":"first","11":"instock","12":"shipping-taxable","13":"product-type-simple"},"yoast_head":"<!-- This site is optimized with the Yoast SEO plugin v27.4 - https:\/\/yoast.com\/product\/yoast-seo-wordpress\/ -->\n<title>Pompa serie PA-PAC - HYDRO LEDUC<\/title>\n<meta name=\"description\" content=\"Le pompe a cilindrata fissa PA-PAC offrono una soluzione robusta e durevole per le esigenze ad alta pressione delle applicazioni per camion.\" \/>\n<meta name=\"robots\" content=\"index, follow, max-snippet:-1, max-image-preview:large, max-video-preview:-1\" \/>\n<link rel=\"canonical\" href=\"https:\/\/hydroleduc.com\/it\/schede\/pompa-serie-pa-pac\/\" \/>\n<meta property=\"og:locale\" content=\"it_IT\" \/>\n<meta property=\"og:type\" content=\"article\" \/>\n<meta property=\"og:title\" content=\"Pompa serie PA-PAC - HYDRO LEDUC\" \/>\n<meta property=\"og:description\" content=\"Le pompe a cilindrata fissa PA-PAC offrono una soluzione robusta e durevole per le esigenze ad alta pressione delle applicazioni per camion.\" \/>\n<meta property=\"og:url\" content=\"https:\/\/hydroleduc.com\/it\/schede\/pompa-serie-pa-pac\/\" \/>\n<meta property=\"og:site_name\" content=\"HYDRO LEDUC\" \/>\n<meta property=\"article:modified_time\" content=\"2026-04-28T09:01:00+00:00\" \/>\n<meta property=\"og:image\" content=\"https:\/\/hydroleduc.com\/it\/wp-content\/uploads\/2019\/02\/hydroleduc_pompe_pa-2-e1603722249207-1.png\" \/>\n\t<meta property=\"og:image:width\" content=\"500\" \/>\n\t<meta property=\"og:image:height\" content=\"369\" \/>\n\t<meta property=\"og:image:type\" content=\"image\/png\" \/>\n<meta name=\"twitter:card\" content=\"summary_large_image\" \/>\n<meta name=\"twitter:label1\" content=\"Tempo di lettura stimato\" \/>\n\t<meta name=\"twitter:data1\" content=\"2 minuti\" \/>\n<script type=\"application\/ld+json\" class=\"yoast-schema-graph\">{\"@context\":\"https:\\\/\\\/schema.org\",\"@graph\":[{\"@type\":\"WebPage\",\"@id\":\"https:\\\/\\\/hydroleduc.com\\\/it\\\/schede\\\/pompa-serie-pa-pac\\\/\",\"url\":\"https:\\\/\\\/hydroleduc.com\\\/it\\\/schede\\\/pompa-serie-pa-pac\\\/\",\"name\":\"Pompa serie PA-PAC - HYDRO LEDUC\",\"isPartOf\":{\"@id\":\"https:\\\/\\\/hydroleduc.com\\\/it\\\/#website\"},\"primaryImageOfPage\":{\"@id\":\"https:\\\/\\\/hydroleduc.com\\\/it\\\/schede\\\/pompa-serie-pa-pac\\\/#primaryimage\"},\"image\":{\"@id\":\"https:\\\/\\\/hydroleduc.com\\\/it\\\/schede\\\/pompa-serie-pa-pac\\\/#primaryimage\"},\"thumbnailUrl\":\"https:\\\/\\\/hydroleduc.com\\\/it\\\/wp-content\\\/uploads\\\/2019\\\/02\\\/hydroleduc_pompe_pa-2-e1603722249207-1.png\",\"datePublished\":\"2025-01-30T14:09:27+00:00\",\"dateModified\":\"2026-04-28T09:01:00+00:00\",\"description\":\"Le pompe a cilindrata fissa PA-PAC offrono una soluzione robusta e durevole per le esigenze ad alta pressione delle applicazioni per camion.\",\"breadcrumb\":{\"@id\":\"https:\\\/\\\/hydroleduc.com\\\/it\\\/schede\\\/pompa-serie-pa-pac\\\/#breadcrumb\"},\"inLanguage\":\"it-IT\",\"potentialAction\":[{\"@type\":\"ReadAction\",\"target\":[\"https:\\\/\\\/hydroleduc.com\\\/it\\\/schede\\\/pompa-serie-pa-pac\\\/\"]}]},{\"@type\":\"ImageObject\",\"inLanguage\":\"it-IT\",\"@id\":\"https:\\\/\\\/hydroleduc.com\\\/it\\\/schede\\\/pompa-serie-pa-pac\\\/#primaryimage\",\"url\":\"https:\\\/\\\/hydroleduc.com\\\/it\\\/wp-content\\\/uploads\\\/2019\\\/02\\\/hydroleduc_pompe_pa-2-e1603722249207-1.png\",\"contentUrl\":\"https:\\\/\\\/hydroleduc.com\\\/it\\\/wp-content\\\/uploads\\\/2019\\\/02\\\/hydroleduc_pompe_pa-2-e1603722249207-1.png\",\"width\":500,\"height\":369,\"caption\":\"hydroleduc pompe pa 2 e1603722249207 1\"},{\"@type\":\"BreadcrumbList\",\"@id\":\"https:\\\/\\\/hydroleduc.com\\\/it\\\/schede\\\/pompa-serie-pa-pac\\\/#breadcrumb\",\"itemListElement\":[{\"@type\":\"ListItem\",\"position\":1,\"name\":\"Home\",\"item\":\"https:\\\/\\\/hydroleduc.com\\\/it\\\/\"},{\"@type\":\"ListItem\",\"position\":2,\"name\":\"Componenti idraulici\",\"item\":\"https:\\\/\\\/hydroleduc.com\\\/it\\\/componenti-idraulici\\\/\"},{\"@type\":\"ListItem\",\"position\":3,\"name\":\"Pompe idrauliche\",\"item\":\"https:\\\/\\\/hydroleduc.com\\\/it\\\/componenti-idraulici\\\/pompe-idrauliche\\\/\"},{\"@type\":\"ListItem\",\"position\":4,\"name\":\"Pompe a cilindrata fissa\",\"item\":\"https:\\\/\\\/hydroleduc.com\\\/it\\\/componenti-idraulici\\\/pompe-idrauliche\\\/pompe-a-cilindrata-fissa\\\/\"},{\"@type\":\"ListItem\",\"position\":5,\"name\":\"Pompa serie PA-PAC\"}]},{\"@type\":\"WebSite\",\"@id\":\"https:\\\/\\\/hydroleduc.com\\\/it\\\/#website\",\"url\":\"https:\\\/\\\/hydroleduc.com\\\/it\\\/\",\"name\":\"HYDRO LEDUC\",\"description\":\"Specialista in componenti idraulici\",\"publisher\":{\"@id\":\"https:\\\/\\\/hydroleduc.com\\\/it\\\/#organization\"},\"potentialAction\":[{\"@type\":\"SearchAction\",\"target\":{\"@type\":\"EntryPoint\",\"urlTemplate\":\"https:\\\/\\\/hydroleduc.com\\\/it\\\/?s={search_term_string}\"},\"query-input\":{\"@type\":\"PropertyValueSpecification\",\"valueRequired\":true,\"valueName\":\"search_term_string\"}}],\"inLanguage\":\"it-IT\"},{\"@type\":\"Organization\",\"@id\":\"https:\\\/\\\/hydroleduc.com\\\/it\\\/#organization\",\"name\":\"HYDRO LEDUC\",\"url\":\"https:\\\/\\\/hydroleduc.com\\\/it\\\/\",\"logo\":{\"@type\":\"ImageObject\",\"inLanguage\":\"it-IT\",\"@id\":\"https:\\\/\\\/hydroleduc.com\\\/it\\\/#\\\/schema\\\/logo\\\/image\\\/\",\"url\":\"https:\\\/\\\/hydroleduc.com\\\/it\\\/wp-content\\\/uploads\\\/2025\\\/01\\\/logo-hydroleduc.png\",\"contentUrl\":\"https:\\\/\\\/hydroleduc.com\\\/it\\\/wp-content\\\/uploads\\\/2025\\\/01\\\/logo-hydroleduc.png\",\"width\":366,\"height\":148,\"caption\":\"HYDRO LEDUC\"},\"image\":{\"@id\":\"https:\\\/\\\/hydroleduc.com\\\/it\\\/#\\\/schema\\\/logo\\\/image\\\/\"}}]}<\/script>\n<!-- \/ Yoast SEO plugin. -->","yoast_head_json":{"title":"Pompa serie PA-PAC - HYDRO LEDUC","description":"Le pompe a cilindrata fissa PA-PAC offrono una soluzione robusta e durevole per le esigenze ad alta pressione delle applicazioni per camion.","robots":{"index":"index","follow":"follow","max-snippet":"max-snippet:-1","max-image-preview":"max-image-preview:large","max-video-preview":"max-video-preview:-1"},"canonical":"https:\/\/hydroleduc.com\/it\/schede\/pompa-serie-pa-pac\/","og_locale":"it_IT","og_type":"article","og_title":"Pompa serie PA-PAC - HYDRO LEDUC","og_description":"Le pompe a cilindrata fissa PA-PAC offrono una soluzione robusta e durevole per le esigenze ad alta pressione delle applicazioni per camion.","og_url":"https:\/\/hydroleduc.com\/it\/schede\/pompa-serie-pa-pac\/","og_site_name":"HYDRO LEDUC","article_modified_time":"2026-04-28T09:01:00+00:00","og_image":[{"width":500,"height":369,"url":"https:\/\/hydroleduc.com\/it\/wp-content\/uploads\/2019\/02\/hydroleduc_pompe_pa-2-e1603722249207-1.png","type":"image\/png"}],"twitter_card":"summary_large_image","twitter_misc":{"Tempo di lettura stimato":"2 minuti"},"schema":{"@context":"https:\/\/schema.org","@graph":[{"@type":"WebPage","@id":"https:\/\/hydroleduc.com\/it\/schede\/pompa-serie-pa-pac\/","url":"https:\/\/hydroleduc.com\/it\/schede\/pompa-serie-pa-pac\/","name":"Pompa serie PA-PAC - HYDRO LEDUC","isPartOf":{"@id":"https:\/\/hydroleduc.com\/it\/#website"},"primaryImageOfPage":{"@id":"https:\/\/hydroleduc.com\/it\/schede\/pompa-serie-pa-pac\/#primaryimage"},"image":{"@id":"https:\/\/hydroleduc.com\/it\/schede\/pompa-serie-pa-pac\/#primaryimage"},"thumbnailUrl":"https:\/\/hydroleduc.com\/it\/wp-content\/uploads\/2019\/02\/hydroleduc_pompe_pa-2-e1603722249207-1.png","datePublished":"2025-01-30T14:09:27+00:00","dateModified":"2026-04-28T09:01:00+00:00","description":"Le pompe a cilindrata fissa PA-PAC offrono una soluzione robusta e durevole per le esigenze ad alta pressione delle applicazioni per camion.","breadcrumb":{"@id":"https:\/\/hydroleduc.com\/it\/schede\/pompa-serie-pa-pac\/#breadcrumb"},"inLanguage":"it-IT","potentialAction":[{"@type":"ReadAction","target":["https:\/\/hydroleduc.com\/it\/schede\/pompa-serie-pa-pac\/"]}]},{"@type":"ImageObject","inLanguage":"it-IT","@id":"https:\/\/hydroleduc.com\/it\/schede\/pompa-serie-pa-pac\/#primaryimage","url":"https:\/\/hydroleduc.com\/it\/wp-content\/uploads\/2019\/02\/hydroleduc_pompe_pa-2-e1603722249207-1.png","contentUrl":"https:\/\/hydroleduc.com\/it\/wp-content\/uploads\/2019\/02\/hydroleduc_pompe_pa-2-e1603722249207-1.png","width":500,"height":369,"caption":"hydroleduc pompe pa 2 e1603722249207 1"},{"@type":"BreadcrumbList","@id":"https:\/\/hydroleduc.com\/it\/schede\/pompa-serie-pa-pac\/#breadcrumb","itemListElement":[{"@type":"ListItem","position":1,"name":"Home","item":"https:\/\/hydroleduc.com\/it\/"},{"@type":"ListItem","position":2,"name":"Componenti idraulici","item":"https:\/\/hydroleduc.com\/it\/componenti-idraulici\/"},{"@type":"ListItem","position":3,"name":"Pompe idrauliche","item":"https:\/\/hydroleduc.com\/it\/componenti-idraulici\/pompe-idrauliche\/"},{"@type":"ListItem","position":4,"name":"Pompe a cilindrata fissa","item":"https:\/\/hydroleduc.com\/it\/componenti-idraulici\/pompe-idrauliche\/pompe-a-cilindrata-fissa\/"},{"@type":"ListItem","position":5,"name":"Pompa serie PA-PAC"}]},{"@type":"WebSite","@id":"https:\/\/hydroleduc.com\/it\/#website","url":"https:\/\/hydroleduc.com\/it\/","name":"HYDRO LEDUC","description":"Specialista in componenti idraulici","publisher":{"@id":"https:\/\/hydroleduc.com\/it\/#organization"},"potentialAction":[{"@type":"SearchAction","target":{"@type":"EntryPoint","urlTemplate":"https:\/\/hydroleduc.com\/it\/?s={search_term_string}"},"query-input":{"@type":"PropertyValueSpecification","valueRequired":true,"valueName":"search_term_string"}}],"inLanguage":"it-IT"},{"@type":"Organization","@id":"https:\/\/hydroleduc.com\/it\/#organization","name":"HYDRO LEDUC","url":"https:\/\/hydroleduc.com\/it\/","logo":{"@type":"ImageObject","inLanguage":"it-IT","@id":"https:\/\/hydroleduc.com\/it\/#\/schema\/logo\/image\/","url":"https:\/\/hydroleduc.com\/it\/wp-content\/uploads\/2025\/01\/logo-hydroleduc.png","contentUrl":"https:\/\/hydroleduc.com\/it\/wp-content\/uploads\/2025\/01\/logo-hydroleduc.png","width":366,"height":148,"caption":"HYDRO LEDUC"},"image":{"@id":"https:\/\/hydroleduc.com\/it\/#\/schema\/logo\/image\/"}}]}},"_links":{"self":[{"href":"https:\/\/hydroleduc.com\/it\/wp-json\/wp\/v2\/product\/1113","targetHints":{"allow":["GET"]}}],"collection":[{"href":"https:\/\/hydroleduc.com\/it\/wp-json\/wp\/v2\/product"}],"about":[{"href":"https:\/\/hydroleduc.com\/it\/wp-json\/wp\/v2\/types\/product"}],"wp:featuredmedia":[{"embeddable":true,"href":"https:\/\/hydroleduc.com\/it\/wp-json\/wp\/v2\/media\/3003"}],"wp:attachment":[{"href":"https:\/\/hydroleduc.com\/it\/wp-json\/wp\/v2\/media?parent=1113"}],"wp:term":[{"taxonomy":"product_brand","embeddable":true,"href":"https:\/\/hydroleduc.com\/it\/wp-json\/wp\/v2\/product_brand?post=1113"},{"taxonomy":"product_cat","embeddable":true,"href":"https:\/\/hydroleduc.com\/it\/wp-json\/wp\/v2\/product_cat?post=1113"},{"taxonomy":"product_tag","embeddable":true,"href":"https:\/\/hydroleduc.com\/it\/wp-json\/wp\/v2\/product_tag?post=1113"}],"curies":[{"name":"wp","href":"https:\/\/api.w.org\/{rel}","templated":true}]}}